{"id":1415,"date":"2019-10-02T13:44:23","date_gmt":"2019-10-02T13:44:23","guid":{"rendered":"https:\/\/likeink.se\/?post_type=product&#038;p=1415"},"modified":"2026-04-15T07:43:05","modified_gmt":"2026-04-15T07:43:05","slug":"greta","status":"publish","type":"product","link":"https:\/\/likeink.com\/sv\/gnuggisar\/greta\/","title":{"rendered":"Greta Thunberg tatueringar"},"content":{"rendered":"","protected":false},"excerpt":{"rendered":"<p>V\u00e5ra f\u00e4rdiga ark med eng\u00e5ngstatueringar \u00e4r cirka 20\u00d715 cm stora och fyllda med designen du ser p\u00e5 bilden.<br \/>\nMilj\u00f6n \u00e4r viktig f\u00f6r oss p\u00e5 Like ink och vi \u00e4lskar Gretas drivkraft, engagemang och hennes h\u00e5rda arbete f\u00f6r en b\u00e4ttre planet. Visa att du ocks\u00e5 g\u00f6r det genom att b\u00e4ra en gnuggistatuering med n\u00e5got av hennes mest k\u00e4nda citat!<\/p>\n<h2>Fake tatueringar med motiv av Greta<\/h2>\n<p>Tillverkaren av det material vi sedan tillverkar dina eng\u00e5ngstatueringar utav anv\u00e4nder milj\u00f6v\u00e4nligt lim, papper och bl\u00e4ck vid framst\u00e4llningen. N\u00e4r vi skickar st\u00f6rre paket s\u00e5 klimatkompenserar vi alltid via v\u00e5rt fraktbolag.\u00a0Hela Like inks verksamhet \u00e4r vegansk vilket inneb\u00e4r att det material vi anv\u00e4nder inte \u00e4r testade p\u00e5 eller framtagna fr\u00e5n djur.<\/p>\n<p>Vi tycker att Greta \u00e4r grym, h\u00e5ller du med?<\/p>\n<p>Antal tatueringar: 9<br \/>\nStorlek tatuering: #fridaysforfuture \u00e4r ca 10 cm l\u00e5ng.<\/p>\n","protected":false},"featured_media":1416,"template":"","meta":[],"product_brand":[],"product_cat":[488,17,495],"product_tag":[],"class_list":{"0":"post-1415","1":"product","2":"type-product","3":"status-publish","4":"has-post-thumbnail","6":"product_cat-djur-natur","7":"product_cat-fardiga-ark","8":"product_cat-samarbeten-med-foretag","10":"first","11":"instock","12":"taxable","13":"shipping-taxable","14":"purchasable","15":"product-type-simple"},"yoast_head":"<!-- This site is optimized with the Yoast SEO Premium plugin v26.2 (Yoast SEO v27.5) - https:\/\/yoast.com\/product\/yoast-seo-premium-wordpress\/ -->\n<title>K\u00f6p fake tattoos | Motiv med Greta Thunberg - Like ink<\/title>\n<meta name=\"description\" content=\"Fake tattoos med motiv av Greta Thunberg som vi tagit fram . Alla k\u00e4nner vi n\u00e5gon som \u00e4lskar gnuggisar och Greta - Like ink\" \/>\n<meta name=\"robots\" content=\"index, follow, max-snippet:-1, max-image-preview:large, max-video-preview:-1\" \/>\n<link rel=\"canonical\" href=\"https:\/\/likeink.com\/sv\/gnuggisar\/greta\/\" \/>\n<meta property=\"og:locale\" content=\"sv_SE\" \/>\n<meta property=\"og:type\" content=\"article\" \/>\n<meta property=\"og:title\" content=\"Greta Thunberg tatueringar\" \/>\n<meta property=\"og:description\" content=\"V\u00e5ra f\u00e4rdiga ark med eng\u00e5ngstatueringar \u00e4r cirka 20\u00d715 cm stora och fyllda med designen du ser p\u00e5 bilden. Milj\u00f6n \u00e4r viktig f\u00f6r oss p\u00e5 Like ink och vi \u00e4lskar Gretas drivkraft, engagemang och hennes h\u00e5rda arbete f\u00f6r en b\u00e4ttre planet. Visa att du ocks\u00e5 g\u00f6r det genom att b\u00e4ra en gnuggistatuering med n\u00e5got av hennes mest k\u00e4nda citat! Fake tatueringar med motiv av Greta Tillverkaren av det material vi sedan tillverkar dina eng\u00e5ngstatueringar utav anv\u00e4nder milj\u00f6v\u00e4nligt lim, papper och bl\u00e4ck vid framst\u00e4llningen. N\u00e4r vi skickar st\u00f6rre paket s\u00e5 klimatkompenserar vi alltid via v\u00e5rt fraktbolag.\u00a0Hela Like inks verksamhet \u00e4r vegansk vilket inneb\u00e4r att det material vi anv\u00e4nder inte \u00e4r testade p\u00e5 eller framtagna fr\u00e5n djur.  Vi tycker att Greta \u00e4r grym, h\u00e5ller du med?  Antal tatueringar: 9 Storlek tatuering: #fridaysforfuture \u00e4r ca 10 cm l\u00e5ng.\" \/>\n<meta property=\"og:url\" content=\"https:\/\/likeink.com\/sv\/gnuggisar\/greta\/\" \/>\n<meta property=\"og:site_name\" content=\"Like ink\" \/>\n<meta property=\"article:publisher\" content=\"https:\/\/www.facebook.com\/LikeInkSe\" \/>\n<meta property=\"article:modified_time\" content=\"2026-04-15T07:43:05+00:00\" \/>\n<meta property=\"og:image\" content=\"https:\/\/likeink.com\/wp-content\/uploads\/2019\/10\/greta2-e1642786181437.png\" \/>\n\t<meta property=\"og:image:width\" content=\"600\" \/>\n\t<meta property=\"og:image:height\" content=\"423\" \/>\n\t<meta property=\"og:image:type\" content=\"image\/png\" \/>\n<meta name=\"twitter:card\" content=\"summary_large_image\" \/>\n<!-- \/ Yoast SEO Premium plugin. -->","yoast_head_json":{"title":"K\u00f6p fake tattoos | Motiv med Greta Thunberg - Like ink","description":"Fake tattoos med motiv av Greta Thunberg som vi tagit fram . Alla k\u00e4nner vi n\u00e5gon som \u00e4lskar gnuggisar och Greta - Like ink","robots":{"index":"index","follow":"follow","max-snippet":"max-snippet:-1","max-image-preview":"max-image-preview:large","max-video-preview":"max-video-preview:-1"},"canonical":"https:\/\/likeink.com\/sv\/gnuggisar\/greta\/","og_locale":"sv_SE","og_type":"article","og_title":"Greta Thunberg tatueringar","og_description":"V\u00e5ra f\u00e4rdiga ark med eng\u00e5ngstatueringar \u00e4r cirka 20\u00d715 cm stora och fyllda med designen du ser p\u00e5 bilden. Milj\u00f6n \u00e4r viktig f\u00f6r oss p\u00e5 Like ink och vi \u00e4lskar Gretas drivkraft, engagemang och hennes h\u00e5rda arbete f\u00f6r en b\u00e4ttre planet. Visa att du ocks\u00e5 g\u00f6r det genom att b\u00e4ra en gnuggistatuering med n\u00e5got av hennes mest k\u00e4nda citat! Fake tatueringar med motiv av Greta Tillverkaren av det material vi sedan tillverkar dina eng\u00e5ngstatueringar utav anv\u00e4nder milj\u00f6v\u00e4nligt lim, papper och bl\u00e4ck vid framst\u00e4llningen. N\u00e4r vi skickar st\u00f6rre paket s\u00e5 klimatkompenserar vi alltid via v\u00e5rt fraktbolag.\u00a0Hela Like inks verksamhet \u00e4r vegansk vilket inneb\u00e4r att det material vi anv\u00e4nder inte \u00e4r testade p\u00e5 eller framtagna fr\u00e5n djur.  Vi tycker att Greta \u00e4r grym, h\u00e5ller du med?  Antal tatueringar: 9 Storlek tatuering: #fridaysforfuture \u00e4r ca 10 cm l\u00e5ng.","og_url":"https:\/\/likeink.com\/sv\/gnuggisar\/greta\/","og_site_name":"Like ink","article_publisher":"https:\/\/www.facebook.com\/LikeInkSe","article_modified_time":"2026-04-15T07:43:05+00:00","og_image":[{"width":600,"height":423,"url":"https:\/\/likeink.com\/wp-content\/uploads\/2019\/10\/greta2-e1642786181437.png","type":"image\/png"}],"twitter_card":"summary_large_image","schema":{"@context":"https:\/\/schema.org","@graph":[{"@type":"WebPage","@id":"https:\/\/likeink.com\/sv\/gnuggisar\/greta\/","url":"https:\/\/likeink.com\/sv\/gnuggisar\/greta\/","name":"K\u00f6p fake tattoos | Motiv med Greta Thunberg - Like ink","isPartOf":{"@id":"https:\/\/likeink.com\/sv\/#website"},"primaryImageOfPage":{"@id":"https:\/\/likeink.com\/sv\/gnuggisar\/greta\/#primaryimage"},"image":{"@id":"https:\/\/likeink.com\/sv\/gnuggisar\/greta\/#primaryimage"},"thumbnailUrl":"https:\/\/likeink.com\/wp-content\/uploads\/2019\/10\/greta2-e1642786181437.png","datePublished":"2019-10-02T13:44:23+00:00","dateModified":"2026-04-15T07:43:05+00:00","description":"Fake tattoos med motiv av Greta Thunberg som vi tagit fram . Alla k\u00e4nner vi n\u00e5gon som \u00e4lskar gnuggisar och Greta - Like ink","breadcrumb":{"@id":"https:\/\/likeink.com\/sv\/gnuggisar\/greta\/#breadcrumb"},"inLanguage":"sv-SE","potentialAction":[{"@type":"ReadAction","target":["https:\/\/likeink.com\/sv\/gnuggisar\/greta\/"]}]},{"@type":"ImageObject","inLanguage":"sv-SE","@id":"https:\/\/likeink.com\/sv\/gnuggisar\/greta\/#primaryimage","url":"https:\/\/likeink.com\/wp-content\/uploads\/2019\/10\/greta2-e1642786181437.png","contentUrl":"https:\/\/likeink.com\/wp-content\/uploads\/2019\/10\/greta2-e1642786181437.png","width":600,"height":423,"caption":"Klassiska Greta Thunberg Citat och bild p\u00e5 Greta som tatuering."},{"@type":"BreadcrumbList","@id":"https:\/\/likeink.com\/sv\/gnuggisar\/greta\/#breadcrumb","itemListElement":[{"@type":"ListItem","position":1,"name":"Hem","item":"https:\/\/likeink.com\/sv\/"},{"@type":"ListItem","position":2,"name":"Webbutik","item":"https:\/\/likeink.com\/sv\/webbutik\/"},{"@type":"ListItem","position":3,"name":"Greta Thunberg tatueringar"}]},{"@type":"WebSite","@id":"https:\/\/likeink.com\/sv\/#website","url":"https:\/\/likeink.com\/sv\/","name":"Like ink","description":"Make your own custom design","potentialAction":[{"@type":"SearchAction","target":{"@type":"EntryPoint","urlTemplate":"https:\/\/likeink.com\/sv\/?s={search_term_string}"},"query-input":{"@type":"PropertyValueSpecification","valueRequired":true,"valueName":"search_term_string"}}],"inLanguage":"sv-SE"}]}},"_links":{"self":[{"href":"https:\/\/likeink.com\/sv\/wp-json\/wp\/v2\/product\/1415","targetHints":{"allow":["GET"]}}],"collection":[{"href":"https:\/\/likeink.com\/sv\/wp-json\/wp\/v2\/product"}],"about":[{"href":"https:\/\/likeink.com\/sv\/wp-json\/wp\/v2\/types\/product"}],"wp:featuredmedia":[{"embeddable":true,"href":"https:\/\/likeink.com\/sv\/wp-json\/wp\/v2\/media\/1416"}],"wp:attachment":[{"href":"https:\/\/likeink.com\/sv\/wp-json\/wp\/v2\/media?parent=1415"}],"wp:term":[{"taxonomy":"product_brand","embeddable":true,"href":"https:\/\/likeink.com\/sv\/wp-json\/wp\/v2\/product_brand?post=1415"},{"taxonomy":"product_cat","embeddable":true,"href":"https:\/\/likeink.com\/sv\/wp-json\/wp\/v2\/product_cat?post=1415"},{"taxonomy":"product_tag","embeddable":true,"href":"https:\/\/likeink.com\/sv\/wp-json\/wp\/v2\/product_tag?post=1415"}],"curies":[{"name":"wp","href":"https:\/\/api.w.org\/{rel}","templated":true}]}}