{"id":14385,"date":"2022-11-04T16:15:54","date_gmt":"2022-11-04T16:15:54","guid":{"rendered":"https:\/\/likeink.se\/produkt\/november-temporary-tattoos-a5\/"},"modified":"2026-04-14T13:46:08","modified_gmt":"2026-04-14T13:46:08","slug":"movember-tatueringar","status":"publish","type":"product","link":"https:\/\/likeink.com\/sv\/gnuggisar\/movember-tatueringar\/","title":{"rendered":"Movember tatueringar Mustasch"},"content":{"rendered":"","protected":false},"excerpt":{"rendered":"<p>Vi p\u00e5 Like ink samarbetar i \u00e5r med Movember och samlar in pengar till r\u00f6relsen som arbetar f\u00f6r manlig h\u00e4lsa!<\/p>\n<p>Like inks ark med gnuggistatueringar \u00e4r 20X14 cm stora och vi trycker och skickar din best\u00e4llning inom 24 timmar.<br \/>\nArket \u00e4r fyllt med motiven ni ser i produktbilden. V\u00e5ra gnuggistatueringar \u00e4r enkla att applicera och tv\u00e4tta bort. En gnuggis h\u00e5ller normalt 2-7 dagar beroende p\u00e5 placering, hudtyp och hur du tar hand om din Movember-tatuering.<\/p>\n<h2>K\u00f6p ett ark med Movember-tatueringar! All vinst g\u00e5r till Movembers v\u00e4lg\u00f6renhetsorganisation.<\/h2>\n<p><strong>Vad \u00e4r Movember och vad g\u00f6r r\u00f6relsen?<\/strong><br \/>\nMovember \u00e4r den ledande v\u00e4lg\u00f6renhetsorganisationen f\u00f6r manlig h\u00e4lsa.<br \/>\nFokus i Movembers arbete ligger p\u00e5 att motverka prostatacancer, testikelcancer, mental oh\u00e4lsa och f\u00f6rhindra sj\u00e4lvmord.<\/p>\n<p>Organisationen Movember finns f\u00f6r att hj\u00e4lpa m\u00e4n att leva ett lyckligare, mer h\u00e4lsosamt och l\u00e4ngre liv och det vill vi p\u00e5 Like ink s\u00e5klart vara med och st\u00f6tta!<\/p>\n<p><strong>Hur sk\u00e4nker Like ink pengar?<\/strong><br \/>\n&#8211; K\u00f6p ett Movember-ark med gnuggisar!<br \/>\n&#8211; Tagga @movember och @likeinkse p\u00e5 Instagram eller TikTok s\u00e5 sk\u00e4nker vi ytterligare 10 kr per inl\u00e4gg<br \/>\n&#8211; I samband med ditt k\u00f6p \u2013 uppmanar vi dig ocks\u00e5 att sk\u00e4nka pengar via l\u00e4nken h\u00e4r: <a href=\"https:\/\/movember.com\/m\/14927304?mc=1\">https:\/\/movember.com\/Likeink<\/a><\/p>\n<p>Sist men inte minst! B\u00e4r dina Movember-tatueringar s\u00e5 att dom syns och l\u00e4gg upp bilder i sociala medier, det v\u00e4cker uppm\u00e4rksamhet och hj\u00e4lper Movember-r\u00f6relsen att spridas.<\/p>\n<p>Best\u00e4ll ett ark med gnuggisar till dig sj\u00e4lv, dina v\u00e4nner, kollegor och anst\u00e4llda!<\/p>\n<p>Ark storlek: A5<br \/>\nAntal tatueringar:60<br \/>\nStorlek p\u00e5 st\u00f6rsta tatuering:90X25 mm<\/p>\n","protected":false},"featured_media":14447,"template":"","meta":[],"product_brand":[],"product_cat":[17,495,270],"product_tag":[],"class_list":{"0":"post-14385","1":"product","2":"type-product","3":"status-publish","4":"has-post-thumbnail","6":"product_cat-fardiga-ark","7":"product_cat-samarbeten-med-foretag","8":"product_cat-valgorenhet","10":"first","11":"instock","12":"taxable","13":"shipping-taxable","14":"purchasable","15":"product-type-simple"},"yoast_head":"<!-- This site is optimized with the Yoast SEO Premium plugin v26.2 (Yoast SEO v27.4) - https:\/\/yoast.com\/product\/yoast-seo-premium-wordpress\/ -->\n<title>Movember tatuering | 30 kr per ark g\u00e5r till Movember - Like Ink<\/title>\n<meta name=\"description\" content=\"Vi p\u00e5 Like Ink \u00e4r glada \u00f6ver att samarbeta med Movember. All vinst som kommer in p\u00e5 v\u00e5ra Movember-tatueringar g\u00e5r oavkortat till Movember-r\u00f6relsen.\" \/>\n<meta name=\"robots\" content=\"index, follow, max-snippet:-1, max-image-preview:large, max-video-preview:-1\" \/>\n<link rel=\"canonical\" href=\"https:\/\/likeink.com\/sv\/gnuggisar\/movember-tatueringar\/\" \/>\n<meta property=\"og:locale\" content=\"sv_SE\" \/>\n<meta property=\"og:type\" content=\"article\" \/>\n<meta property=\"og:title\" content=\"Movember tatueringar Mustasch\" \/>\n<meta property=\"og:description\" content=\"Vi p\u00e5 Like ink samarbetar i \u00e5r med Movember och samlar in pengar till r\u00f6relsen som arbetar f\u00f6r manlig h\u00e4lsa!  Like inks ark med gnuggistatueringar \u00e4r 20X14 cm stora och vi trycker och skickar din best\u00e4llning inom 24 timmar. Arket \u00e4r fyllt med motiven ni ser i produktbilden. V\u00e5ra gnuggistatueringar \u00e4r enkla att applicera och tv\u00e4tta bort. En gnuggis h\u00e5ller normalt 2-7 dagar beroende p\u00e5 placering, hudtyp och hur du tar hand om din Movember-tatuering. K\u00f6p ett ark med Movember-tatueringar! All vinst g\u00e5r till Movembers v\u00e4lg\u00f6renhetsorganisation. Vad \u00e4r Movember och vad g\u00f6r r\u00f6relsen? Movember \u00e4r den ledande v\u00e4lg\u00f6renhetsorganisationen f\u00f6r manlig h\u00e4lsa. Fokus i Movembers arbete ligger p\u00e5 att motverka prostatacancer, testikelcancer, mental oh\u00e4lsa och f\u00f6rhindra sj\u00e4lvmord.  Organisationen Movember finns f\u00f6r att hj\u00e4lpa m\u00e4n att leva ett lyckligare, mer h\u00e4lsosamt och l\u00e4ngre liv och det vill vi p\u00e5 Like ink s\u00e5klart vara med och st\u00f6tta!  Hur sk\u00e4nker Like ink pengar? - K\u00f6p ett Movember-ark med gnuggisar! - Tagga @movember och @likeinkse p\u00e5 Instagram eller TikTok s\u00e5 sk\u00e4nker vi ytterligare 10 kr per inl\u00e4gg - I samband med ditt k\u00f6p \u2013 uppmanar vi dig ocks\u00e5 att sk\u00e4nka pengar via l\u00e4nken h\u00e4r: https:\/\/movember.com\/Likeink  Sist men inte minst! B\u00e4r dina Movember-tatueringar s\u00e5 att dom syns och l\u00e4gg upp bilder i sociala medier, det v\u00e4cker uppm\u00e4rksamhet och hj\u00e4lper Movember-r\u00f6relsen att spridas.  Best\u00e4ll ett ark med gnuggisar till dig sj\u00e4lv, dina v\u00e4nner, kollegor och anst\u00e4llda!  Ark storlek: A5 Antal tatueringar:60 Storlek p\u00e5 st\u00f6rsta tatuering:90X25 mm\" \/>\n<meta property=\"og:url\" content=\"https:\/\/likeink.com\/sv\/gnuggisar\/movember-tatueringar\/\" \/>\n<meta property=\"og:site_name\" content=\"Like ink\" \/>\n<meta property=\"article:publisher\" content=\"https:\/\/www.facebook.com\/LikeInkSe\" \/>\n<meta property=\"article:modified_time\" content=\"2026-04-14T13:46:08+00:00\" \/>\n<meta property=\"og:image\" content=\"https:\/\/likeink.com\/wp-content\/uploads\/2022\/11\/Movember-Tatueringar-Likeink.jpg\" \/>\n\t<meta property=\"og:image:width\" content=\"1418\" \/>\n\t<meta property=\"og:image:height\" content=\"1000\" \/>\n\t<meta property=\"og:image:type\" content=\"image\/jpeg\" \/>\n<meta name=\"twitter:card\" content=\"summary_large_image\" \/>\n<script type=\"application\/ld+json\" class=\"yoast-schema-graph\">{\"@context\":\"https:\\\/\\\/schema.org\",\"@graph\":[{\"@type\":\"WebPage\",\"@id\":\"https:\\\/\\\/likeink.com\\\/sv\\\/gnuggisar\\\/movember-tatueringar\\\/\",\"url\":\"https:\\\/\\\/likeink.com\\\/sv\\\/gnuggisar\\\/movember-tatueringar\\\/\",\"name\":\"Movember tatuering | 30 kr per ark g\u00e5r till Movember - Like Ink\",\"isPartOf\":{\"@id\":\"https:\\\/\\\/likeink.com\\\/sv\\\/#website\"},\"primaryImageOfPage\":{\"@id\":\"https:\\\/\\\/likeink.com\\\/sv\\\/gnuggisar\\\/movember-tatueringar\\\/#primaryimage\"},\"image\":{\"@id\":\"https:\\\/\\\/likeink.com\\\/sv\\\/gnuggisar\\\/movember-tatueringar\\\/#primaryimage\"},\"thumbnailUrl\":\"https:\\\/\\\/likeink.com\\\/wp-content\\\/uploads\\\/2022\\\/11\\\/Movember-Tatueringar-Likeink.jpg\",\"datePublished\":\"2022-11-04T16:15:54+00:00\",\"dateModified\":\"2026-04-14T13:46:08+00:00\",\"description\":\"Vi p\u00e5 Like Ink \u00e4r glada \u00f6ver att samarbeta med Movember. All vinst som kommer in p\u00e5 v\u00e5ra Movember-tatueringar g\u00e5r oavkortat till Movember-r\u00f6relsen.\",\"breadcrumb\":{\"@id\":\"https:\\\/\\\/likeink.com\\\/sv\\\/gnuggisar\\\/movember-tatueringar\\\/#breadcrumb\"},\"inLanguage\":\"sv-SE\",\"potentialAction\":[{\"@type\":\"ReadAction\",\"target\":[\"https:\\\/\\\/likeink.com\\\/sv\\\/gnuggisar\\\/movember-tatueringar\\\/\"]}]},{\"@type\":\"ImageObject\",\"inLanguage\":\"sv-SE\",\"@id\":\"https:\\\/\\\/likeink.com\\\/sv\\\/gnuggisar\\\/movember-tatueringar\\\/#primaryimage\",\"url\":\"https:\\\/\\\/likeink.com\\\/wp-content\\\/uploads\\\/2022\\\/11\\\/Movember-Tatueringar-Likeink.jpg\",\"contentUrl\":\"https:\\\/\\\/likeink.com\\\/wp-content\\\/uploads\\\/2022\\\/11\\\/Movember-Tatueringar-Likeink.jpg\",\"width\":1418,\"height\":1000,\"caption\":\"Movember gnuggis tatueringar like ink\"},{\"@type\":\"BreadcrumbList\",\"@id\":\"https:\\\/\\\/likeink.com\\\/sv\\\/gnuggisar\\\/movember-tatueringar\\\/#breadcrumb\",\"itemListElement\":[{\"@type\":\"ListItem\",\"position\":1,\"name\":\"Hem\",\"item\":\"https:\\\/\\\/likeink.com\\\/sv\\\/\"},{\"@type\":\"ListItem\",\"position\":2,\"name\":\"Webbutik\",\"item\":\"https:\\\/\\\/likeink.com\\\/sv\\\/webbutik\\\/\"},{\"@type\":\"ListItem\",\"position\":3,\"name\":\"Movember tatueringar Mustasch\"}]},{\"@type\":\"WebSite\",\"@id\":\"https:\\\/\\\/likeink.com\\\/sv\\\/#website\",\"url\":\"https:\\\/\\\/likeink.com\\\/sv\\\/\",\"name\":\"Like ink\",\"description\":\"Make your own custom design\",\"potentialAction\":[{\"@type\":\"SearchAction\",\"target\":{\"@type\":\"EntryPoint\",\"urlTemplate\":\"https:\\\/\\\/likeink.com\\\/sv\\\/?s={search_term_string}\"},\"query-input\":{\"@type\":\"PropertyValueSpecification\",\"valueRequired\":true,\"valueName\":\"search_term_string\"}}],\"inLanguage\":\"sv-SE\"}]}<\/script>\n<!-- \/ Yoast SEO Premium plugin. -->","yoast_head_json":{"title":"Movember tatuering | 30 kr per ark g\u00e5r till Movember - Like Ink","description":"Vi p\u00e5 Like Ink \u00e4r glada \u00f6ver att samarbeta med Movember. All vinst som kommer in p\u00e5 v\u00e5ra Movember-tatueringar g\u00e5r oavkortat till Movember-r\u00f6relsen.","robots":{"index":"index","follow":"follow","max-snippet":"max-snippet:-1","max-image-preview":"max-image-preview:large","max-video-preview":"max-video-preview:-1"},"canonical":"https:\/\/likeink.com\/sv\/gnuggisar\/movember-tatueringar\/","og_locale":"sv_SE","og_type":"article","og_title":"Movember tatueringar Mustasch","og_description":"Vi p\u00e5 Like ink samarbetar i \u00e5r med Movember och samlar in pengar till r\u00f6relsen som arbetar f\u00f6r manlig h\u00e4lsa!  Like inks ark med gnuggistatueringar \u00e4r 20X14 cm stora och vi trycker och skickar din best\u00e4llning inom 24 timmar. Arket \u00e4r fyllt med motiven ni ser i produktbilden. V\u00e5ra gnuggistatueringar \u00e4r enkla att applicera och tv\u00e4tta bort. En gnuggis h\u00e5ller normalt 2-7 dagar beroende p\u00e5 placering, hudtyp och hur du tar hand om din Movember-tatuering. K\u00f6p ett ark med Movember-tatueringar! All vinst g\u00e5r till Movembers v\u00e4lg\u00f6renhetsorganisation. Vad \u00e4r Movember och vad g\u00f6r r\u00f6relsen? Movember \u00e4r den ledande v\u00e4lg\u00f6renhetsorganisationen f\u00f6r manlig h\u00e4lsa. Fokus i Movembers arbete ligger p\u00e5 att motverka prostatacancer, testikelcancer, mental oh\u00e4lsa och f\u00f6rhindra sj\u00e4lvmord.  Organisationen Movember finns f\u00f6r att hj\u00e4lpa m\u00e4n att leva ett lyckligare, mer h\u00e4lsosamt och l\u00e4ngre liv och det vill vi p\u00e5 Like ink s\u00e5klart vara med och st\u00f6tta!  Hur sk\u00e4nker Like ink pengar? - K\u00f6p ett Movember-ark med gnuggisar! - Tagga @movember och @likeinkse p\u00e5 Instagram eller TikTok s\u00e5 sk\u00e4nker vi ytterligare 10 kr per inl\u00e4gg - I samband med ditt k\u00f6p \u2013 uppmanar vi dig ocks\u00e5 att sk\u00e4nka pengar via l\u00e4nken h\u00e4r: https:\/\/movember.com\/Likeink  Sist men inte minst! B\u00e4r dina Movember-tatueringar s\u00e5 att dom syns och l\u00e4gg upp bilder i sociala medier, det v\u00e4cker uppm\u00e4rksamhet och hj\u00e4lper Movember-r\u00f6relsen att spridas.  Best\u00e4ll ett ark med gnuggisar till dig sj\u00e4lv, dina v\u00e4nner, kollegor och anst\u00e4llda!  Ark storlek: A5 Antal tatueringar:60 Storlek p\u00e5 st\u00f6rsta tatuering:90X25 mm","og_url":"https:\/\/likeink.com\/sv\/gnuggisar\/movember-tatueringar\/","og_site_name":"Like ink","article_publisher":"https:\/\/www.facebook.com\/LikeInkSe","article_modified_time":"2026-04-14T13:46:08+00:00","og_image":[{"width":1418,"height":1000,"url":"https:\/\/likeink.com\/wp-content\/uploads\/2022\/11\/Movember-Tatueringar-Likeink.jpg","type":"image\/jpeg"}],"twitter_card":"summary_large_image","schema":{"@context":"https:\/\/schema.org","@graph":[{"@type":"WebPage","@id":"https:\/\/likeink.com\/sv\/gnuggisar\/movember-tatueringar\/","url":"https:\/\/likeink.com\/sv\/gnuggisar\/movember-tatueringar\/","name":"Movember tatuering | 30 kr per ark g\u00e5r till Movember - Like Ink","isPartOf":{"@id":"https:\/\/likeink.com\/sv\/#website"},"primaryImageOfPage":{"@id":"https:\/\/likeink.com\/sv\/gnuggisar\/movember-tatueringar\/#primaryimage"},"image":{"@id":"https:\/\/likeink.com\/sv\/gnuggisar\/movember-tatueringar\/#primaryimage"},"thumbnailUrl":"https:\/\/likeink.com\/wp-content\/uploads\/2022\/11\/Movember-Tatueringar-Likeink.jpg","datePublished":"2022-11-04T16:15:54+00:00","dateModified":"2026-04-14T13:46:08+00:00","description":"Vi p\u00e5 Like Ink \u00e4r glada \u00f6ver att samarbeta med Movember. All vinst som kommer in p\u00e5 v\u00e5ra Movember-tatueringar g\u00e5r oavkortat till Movember-r\u00f6relsen.","breadcrumb":{"@id":"https:\/\/likeink.com\/sv\/gnuggisar\/movember-tatueringar\/#breadcrumb"},"inLanguage":"sv-SE","potentialAction":[{"@type":"ReadAction","target":["https:\/\/likeink.com\/sv\/gnuggisar\/movember-tatueringar\/"]}]},{"@type":"ImageObject","inLanguage":"sv-SE","@id":"https:\/\/likeink.com\/sv\/gnuggisar\/movember-tatueringar\/#primaryimage","url":"https:\/\/likeink.com\/wp-content\/uploads\/2022\/11\/Movember-Tatueringar-Likeink.jpg","contentUrl":"https:\/\/likeink.com\/wp-content\/uploads\/2022\/11\/Movember-Tatueringar-Likeink.jpg","width":1418,"height":1000,"caption":"Movember gnuggis tatueringar like ink"},{"@type":"BreadcrumbList","@id":"https:\/\/likeink.com\/sv\/gnuggisar\/movember-tatueringar\/#breadcrumb","itemListElement":[{"@type":"ListItem","position":1,"name":"Hem","item":"https:\/\/likeink.com\/sv\/"},{"@type":"ListItem","position":2,"name":"Webbutik","item":"https:\/\/likeink.com\/sv\/webbutik\/"},{"@type":"ListItem","position":3,"name":"Movember tatueringar Mustasch"}]},{"@type":"WebSite","@id":"https:\/\/likeink.com\/sv\/#website","url":"https:\/\/likeink.com\/sv\/","name":"Like ink","description":"Make your own custom design","potentialAction":[{"@type":"SearchAction","target":{"@type":"EntryPoint","urlTemplate":"https:\/\/likeink.com\/sv\/?s={search_term_string}"},"query-input":{"@type":"PropertyValueSpecification","valueRequired":true,"valueName":"search_term_string"}}],"inLanguage":"sv-SE"}]}},"_links":{"self":[{"href":"https:\/\/likeink.com\/sv\/wp-json\/wp\/v2\/product\/14385","targetHints":{"allow":["GET"]}}],"collection":[{"href":"https:\/\/likeink.com\/sv\/wp-json\/wp\/v2\/product"}],"about":[{"href":"https:\/\/likeink.com\/sv\/wp-json\/wp\/v2\/types\/product"}],"wp:featuredmedia":[{"embeddable":true,"href":"https:\/\/likeink.com\/sv\/wp-json\/wp\/v2\/media\/14447"}],"wp:attachment":[{"href":"https:\/\/likeink.com\/sv\/wp-json\/wp\/v2\/media?parent=14385"}],"wp:term":[{"taxonomy":"product_brand","embeddable":true,"href":"https:\/\/likeink.com\/sv\/wp-json\/wp\/v2\/product_brand?post=14385"},{"taxonomy":"product_cat","embeddable":true,"href":"https:\/\/likeink.com\/sv\/wp-json\/wp\/v2\/product_cat?post=14385"},{"taxonomy":"product_tag","embeddable":true,"href":"https:\/\/likeink.com\/sv\/wp-json\/wp\/v2\/product_tag?post=14385"}],"curies":[{"name":"wp","href":"https:\/\/api.w.org\/{rel}","templated":true}]}}