{"id":14513,"date":"2022-11-11T18:20:36","date_gmt":"2022-11-11T18:20:36","guid":{"rendered":"https:\/\/likeink.se\/produkt\/flash-by-malin-carper-black-and-gray\/"},"modified":"2026-04-14T13:54:59","modified_gmt":"2026-04-14T13:54:59","slug":"flash-malin-carper-black-and-gray","status":"publish","type":"product","link":"https:\/\/likeink.com\/sv\/gnuggisar\/flash-malin-carper-black-and-gray\/","title":{"rendered":"Flash &#8221;Black and Gray&#8221; by Malin Carper"},"content":{"rendered":"","protected":false},"excerpt":{"rendered":"<p>Like inks f\u00e4rdiga ark med gnuggistatueringar \u00e4r cirka 20\u00d714 cm stora och fyllda med designen du ser p\u00e5 bilden. Vi trycker och skickar ditt ark med tatueringar inom 24 timmar efter det att du best\u00e4llt.<\/p>\n<h2>Best\u00e4ll gnuggistatueringar designade av tatueraren Malin Carper.<\/h2>\n<p>Det h\u00e4r arket \u00e4r designat av den talangfulla tatueraren Malin Carper p\u00e5 Bad Mood Tattoo i Helsingboarg. Riktigt kul att erbjuda konst fr\u00e5n Malin som \u00e4r en av dom grymmaste tatueraren vi sett! Best\u00e4ll ett ark gnuggisar f\u00f6r att b\u00e4ra hennes konst f\u00f6r ett par dagar och \u00e4r du sugen p\u00e5 en riktig gadd, kika in p\u00e5 Malins Instagram. <\/p>\n<p><strong>Detta \u00e4r Malin:<\/strong> Jag \u00e4r Malin Carper, ursprungligen fr\u00e5n Arboga men jobbar nu p\u00e5 Bad Mood Tattoo i Helsingborg. Jag jobbar helst i f\u00e4rgrealism med en touch av abstrakt.<br \/>\nJag har varit i tatueringsbranschen sedan 2010 och under alla dessa \u00e5r har jag rest till en massa sp\u00e4nnande platser, g\u00e4stjobbat hos andra tatuerare, tatuerat p\u00e5 tatueringsm\u00e4ssor, tatuerat musiker och jag har tr\u00e4ffat m\u00e5nga goda v\u00e4nner! Jag hade inte kunnat \u00f6nskat mig n\u00e5got b\u00e4ttre! Hoppas ni gillar mina sm\u00e5 flashar, vissa av dom har blivit tatuerade redan. <\/p>\n<p>Ha de` b\u00e4st, <\/p>\n<p>Malin<\/p>\n<p>Storlek ark: A5<br \/>\nStorlek tatueringar: St\u00f6rsta motivet \u00e4r120X65mm och den minsta 37X22mm<\/p>\n<p><strong>Get in touch with Malin:<\/strong><\/p>\n<p><strong>Instagram:<\/strong><\/p>\n<p>@malincarper<\/p>\n<p><strong>Studio:<\/strong><\/p>\n<p>Bad Mood Tattoo<\/p>\n<p><strong>Adress:<\/strong><\/p>\n<p>Nedre L\u00e5ngvinkelsgatan 17, 25220 Helsingborg <\/p>\n<p><strong>Hemsida:<\/strong> <\/p>\n<p>carperink.se<\/p>\n","protected":false},"featured_media":14491,"template":"","meta":[],"product_brand":[],"product_cat":[491,488,17,124],"product_tag":[],"class_list":{"0":"post-14513","1":"product","2":"type-product","3":"status-publish","4":"has-post-thumbnail","6":"product_cat-samarbeten-tatuerare","7":"product_cat-djur-natur","8":"product_cat-fardiga-ark","9":"product_cat-samarbeten-med-tatuerare","11":"first","12":"instock","13":"taxable","14":"shipping-taxable","15":"purchasable","16":"product-type-simple"},"yoast_head":"<!-- This site is optimized with the Yoast SEO Premium plugin v26.2 (Yoast SEO v27.4) - https:\/\/yoast.com\/product\/yoast-seo-premium-wordpress\/ -->\n<title>Flash av tatueraren Malin Carper I Gnuggisar med fri frakt - Like ink<\/title>\n<meta name=\"description\" content=\"Best\u00e4ll ett A5-ark med gnuggisar ritade av tatueraren Malin Carper fr\u00e5n Bad Mood Tattoos i Helsingborg! - Like ink\" \/>\n<meta name=\"robots\" content=\"index, follow, max-snippet:-1, max-image-preview:large, max-video-preview:-1\" \/>\n<link rel=\"canonical\" href=\"https:\/\/likeink.com\/sv\/gnuggisar\/flash-malin-carper-black-and-gray\/\" \/>\n<meta property=\"og:locale\" content=\"sv_SE\" \/>\n<meta property=\"og:type\" content=\"article\" \/>\n<meta property=\"og:title\" content=\"Flash &quot;Black and Gray&quot; by Malin Carper\" \/>\n<meta property=\"og:description\" content=\"Like inks f\u00e4rdiga ark med gnuggistatueringar \u00e4r cirka 20\u00d714 cm stora och fyllda med designen du ser p\u00e5 bilden. Vi trycker och skickar ditt ark med tatueringar inom 24 timmar efter det att du best\u00e4llt.  Best\u00e4ll gnuggistatueringar designade av tatueraren Malin Carper.  Det h\u00e4r arket \u00e4r designat av den talangfulla tatueraren Malin Carper p\u00e5 Bad Mood Tattoo i Helsingboarg. Riktigt kul att erbjuda konst fr\u00e5n Malin som \u00e4r en av dom grymmaste tatueraren vi sett! Best\u00e4ll ett ark gnuggisar f\u00f6r att b\u00e4ra hennes konst f\u00f6r ett par dagar och \u00e4r du sugen p\u00e5 en riktig gadd, kika in p\u00e5 Malins Instagram.   Detta \u00e4r Malin: Jag \u00e4r Malin Carper, ursprungligen fr\u00e5n Arboga men jobbar nu p\u00e5 Bad Mood Tattoo i Helsingborg. Jag jobbar helst i f\u00e4rgrealism med en touch av abstrakt.  Jag har varit i tatueringsbranschen sedan 2010 och under alla dessa \u00e5r har jag rest till en massa sp\u00e4nnande platser, g\u00e4stjobbat hos andra tatuerare, tatuerat p\u00e5 tatueringsm\u00e4ssor, tatuerat musiker och jag har tr\u00e4ffat m\u00e5nga goda v\u00e4nner! Jag hade inte kunnat \u00f6nskat mig n\u00e5got b\u00e4ttre! Hoppas ni gillar mina sm\u00e5 flashar, vissa av dom har blivit tatuerade redan.   Ha de` b\u00e4st,   Malin  Storlek ark: A5 Storlek tatueringar: St\u00f6rsta motivet \u00e4r120X65mm och den minsta 37X22mm   Get in touch with Malin:  Instagram:  @malincarper  Studio:  Bad Mood Tattoo  Adress:  Nedre L\u00e5ngvinkelsgatan 17, 25220 Helsingborg   Hemsida:   carperink.se\" \/>\n<meta property=\"og:url\" content=\"https:\/\/likeink.com\/sv\/gnuggisar\/flash-malin-carper-black-and-gray\/\" \/>\n<meta property=\"og:site_name\" content=\"Like ink\" \/>\n<meta property=\"article:publisher\" content=\"https:\/\/www.facebook.com\/LikeInkSe\" \/>\n<meta property=\"article:modified_time\" content=\"2026-04-14T13:54:59+00:00\" \/>\n<meta property=\"og:image\" content=\"https:\/\/likeink.com\/wp-content\/uploads\/2022\/11\/MalinCarper_BadMoon_BlacknGrayTattoos_Likeink.jpg\" \/>\n\t<meta property=\"og:image:width\" content=\"1500\" \/>\n\t<meta property=\"og:image:height\" content=\"1057\" \/>\n\t<meta property=\"og:image:type\" content=\"image\/jpeg\" \/>\n<meta name=\"twitter:card\" content=\"summary_large_image\" \/>\n<script type=\"application\/ld+json\" class=\"yoast-schema-graph\">{\"@context\":\"https:\\\/\\\/schema.org\",\"@graph\":[{\"@type\":\"WebPage\",\"@id\":\"https:\\\/\\\/likeink.com\\\/sv\\\/gnuggisar\\\/flash-malin-carper-black-and-gray\\\/\",\"url\":\"https:\\\/\\\/likeink.com\\\/sv\\\/gnuggisar\\\/flash-malin-carper-black-and-gray\\\/\",\"name\":\"Flash av tatueraren Malin Carper I Gnuggisar med fri frakt - Like ink\",\"isPartOf\":{\"@id\":\"https:\\\/\\\/likeink.com\\\/sv\\\/#website\"},\"primaryImageOfPage\":{\"@id\":\"https:\\\/\\\/likeink.com\\\/sv\\\/gnuggisar\\\/flash-malin-carper-black-and-gray\\\/#primaryimage\"},\"image\":{\"@id\":\"https:\\\/\\\/likeink.com\\\/sv\\\/gnuggisar\\\/flash-malin-carper-black-and-gray\\\/#primaryimage\"},\"thumbnailUrl\":\"https:\\\/\\\/likeink.com\\\/wp-content\\\/uploads\\\/2022\\\/11\\\/MalinCarper_BadMoon_BlacknGrayTattoos_Likeink.jpg\",\"datePublished\":\"2022-11-11T18:20:36+00:00\",\"dateModified\":\"2026-04-14T13:54:59+00:00\",\"description\":\"Best\u00e4ll ett A5-ark med gnuggisar ritade av tatueraren Malin Carper fr\u00e5n Bad Mood Tattoos i Helsingborg! - Like ink\",\"breadcrumb\":{\"@id\":\"https:\\\/\\\/likeink.com\\\/sv\\\/gnuggisar\\\/flash-malin-carper-black-and-gray\\\/#breadcrumb\"},\"inLanguage\":\"sv-SE\",\"potentialAction\":[{\"@type\":\"ReadAction\",\"target\":[\"https:\\\/\\\/likeink.com\\\/sv\\\/gnuggisar\\\/flash-malin-carper-black-and-gray\\\/\"]}]},{\"@type\":\"ImageObject\",\"inLanguage\":\"sv-SE\",\"@id\":\"https:\\\/\\\/likeink.com\\\/sv\\\/gnuggisar\\\/flash-malin-carper-black-and-gray\\\/#primaryimage\",\"url\":\"https:\\\/\\\/likeink.com\\\/wp-content\\\/uploads\\\/2022\\\/11\\\/MalinCarper_BadMoon_BlacknGrayTattoos_Likeink.jpg\",\"contentUrl\":\"https:\\\/\\\/likeink.com\\\/wp-content\\\/uploads\\\/2022\\\/11\\\/MalinCarper_BadMoon_BlacknGrayTattoos_Likeink.jpg\",\"width\":1500,\"height\":1057,\"caption\":\"Malin Carper Tatueringsdesign gnuggisar likeink\"},{\"@type\":\"BreadcrumbList\",\"@id\":\"https:\\\/\\\/likeink.com\\\/sv\\\/gnuggisar\\\/flash-malin-carper-black-and-gray\\\/#breadcrumb\",\"itemListElement\":[{\"@type\":\"ListItem\",\"position\":1,\"name\":\"Hem\",\"item\":\"https:\\\/\\\/likeink.com\\\/sv\\\/\"},{\"@type\":\"ListItem\",\"position\":2,\"name\":\"Webbutik\",\"item\":\"https:\\\/\\\/likeink.com\\\/sv\\\/webbutik\\\/\"},{\"@type\":\"ListItem\",\"position\":3,\"name\":\"Flash &#8220;Black and Gray&#8221; by Malin Carper\"}]},{\"@type\":\"WebSite\",\"@id\":\"https:\\\/\\\/likeink.com\\\/sv\\\/#website\",\"url\":\"https:\\\/\\\/likeink.com\\\/sv\\\/\",\"name\":\"Like ink\",\"description\":\"Make your own custom design\",\"potentialAction\":[{\"@type\":\"SearchAction\",\"target\":{\"@type\":\"EntryPoint\",\"urlTemplate\":\"https:\\\/\\\/likeink.com\\\/sv\\\/?s={search_term_string}\"},\"query-input\":{\"@type\":\"PropertyValueSpecification\",\"valueRequired\":true,\"valueName\":\"search_term_string\"}}],\"inLanguage\":\"sv-SE\"}]}<\/script>\n<!-- \/ Yoast SEO Premium plugin. -->","yoast_head_json":{"title":"Flash av tatueraren Malin Carper I Gnuggisar med fri frakt - Like ink","description":"Best\u00e4ll ett A5-ark med gnuggisar ritade av tatueraren Malin Carper fr\u00e5n Bad Mood Tattoos i Helsingborg! - Like ink","robots":{"index":"index","follow":"follow","max-snippet":"max-snippet:-1","max-image-preview":"max-image-preview:large","max-video-preview":"max-video-preview:-1"},"canonical":"https:\/\/likeink.com\/sv\/gnuggisar\/flash-malin-carper-black-and-gray\/","og_locale":"sv_SE","og_type":"article","og_title":"Flash \"Black and Gray\" by Malin Carper","og_description":"Like inks f\u00e4rdiga ark med gnuggistatueringar \u00e4r cirka 20\u00d714 cm stora och fyllda med designen du ser p\u00e5 bilden. Vi trycker och skickar ditt ark med tatueringar inom 24 timmar efter det att du best\u00e4llt.  Best\u00e4ll gnuggistatueringar designade av tatueraren Malin Carper.  Det h\u00e4r arket \u00e4r designat av den talangfulla tatueraren Malin Carper p\u00e5 Bad Mood Tattoo i Helsingboarg. Riktigt kul att erbjuda konst fr\u00e5n Malin som \u00e4r en av dom grymmaste tatueraren vi sett! Best\u00e4ll ett ark gnuggisar f\u00f6r att b\u00e4ra hennes konst f\u00f6r ett par dagar och \u00e4r du sugen p\u00e5 en riktig gadd, kika in p\u00e5 Malins Instagram.   Detta \u00e4r Malin: Jag \u00e4r Malin Carper, ursprungligen fr\u00e5n Arboga men jobbar nu p\u00e5 Bad Mood Tattoo i Helsingborg. Jag jobbar helst i f\u00e4rgrealism med en touch av abstrakt.  Jag har varit i tatueringsbranschen sedan 2010 och under alla dessa \u00e5r har jag rest till en massa sp\u00e4nnande platser, g\u00e4stjobbat hos andra tatuerare, tatuerat p\u00e5 tatueringsm\u00e4ssor, tatuerat musiker och jag har tr\u00e4ffat m\u00e5nga goda v\u00e4nner! Jag hade inte kunnat \u00f6nskat mig n\u00e5got b\u00e4ttre! Hoppas ni gillar mina sm\u00e5 flashar, vissa av dom har blivit tatuerade redan.   Ha de` b\u00e4st,   Malin  Storlek ark: A5 Storlek tatueringar: St\u00f6rsta motivet \u00e4r120X65mm och den minsta 37X22mm   Get in touch with Malin:  Instagram:  @malincarper  Studio:  Bad Mood Tattoo  Adress:  Nedre L\u00e5ngvinkelsgatan 17, 25220 Helsingborg   Hemsida:   carperink.se","og_url":"https:\/\/likeink.com\/sv\/gnuggisar\/flash-malin-carper-black-and-gray\/","og_site_name":"Like ink","article_publisher":"https:\/\/www.facebook.com\/LikeInkSe","article_modified_time":"2026-04-14T13:54:59+00:00","og_image":[{"width":1500,"height":1057,"url":"https:\/\/likeink.com\/wp-content\/uploads\/2022\/11\/MalinCarper_BadMoon_BlacknGrayTattoos_Likeink.jpg","type":"image\/jpeg"}],"twitter_card":"summary_large_image","schema":{"@context":"https:\/\/schema.org","@graph":[{"@type":"WebPage","@id":"https:\/\/likeink.com\/sv\/gnuggisar\/flash-malin-carper-black-and-gray\/","url":"https:\/\/likeink.com\/sv\/gnuggisar\/flash-malin-carper-black-and-gray\/","name":"Flash av tatueraren Malin Carper I Gnuggisar med fri frakt - Like ink","isPartOf":{"@id":"https:\/\/likeink.com\/sv\/#website"},"primaryImageOfPage":{"@id":"https:\/\/likeink.com\/sv\/gnuggisar\/flash-malin-carper-black-and-gray\/#primaryimage"},"image":{"@id":"https:\/\/likeink.com\/sv\/gnuggisar\/flash-malin-carper-black-and-gray\/#primaryimage"},"thumbnailUrl":"https:\/\/likeink.com\/wp-content\/uploads\/2022\/11\/MalinCarper_BadMoon_BlacknGrayTattoos_Likeink.jpg","datePublished":"2022-11-11T18:20:36+00:00","dateModified":"2026-04-14T13:54:59+00:00","description":"Best\u00e4ll ett A5-ark med gnuggisar ritade av tatueraren Malin Carper fr\u00e5n Bad Mood Tattoos i Helsingborg! - Like ink","breadcrumb":{"@id":"https:\/\/likeink.com\/sv\/gnuggisar\/flash-malin-carper-black-and-gray\/#breadcrumb"},"inLanguage":"sv-SE","potentialAction":[{"@type":"ReadAction","target":["https:\/\/likeink.com\/sv\/gnuggisar\/flash-malin-carper-black-and-gray\/"]}]},{"@type":"ImageObject","inLanguage":"sv-SE","@id":"https:\/\/likeink.com\/sv\/gnuggisar\/flash-malin-carper-black-and-gray\/#primaryimage","url":"https:\/\/likeink.com\/wp-content\/uploads\/2022\/11\/MalinCarper_BadMoon_BlacknGrayTattoos_Likeink.jpg","contentUrl":"https:\/\/likeink.com\/wp-content\/uploads\/2022\/11\/MalinCarper_BadMoon_BlacknGrayTattoos_Likeink.jpg","width":1500,"height":1057,"caption":"Malin Carper Tatueringsdesign gnuggisar likeink"},{"@type":"BreadcrumbList","@id":"https:\/\/likeink.com\/sv\/gnuggisar\/flash-malin-carper-black-and-gray\/#breadcrumb","itemListElement":[{"@type":"ListItem","position":1,"name":"Hem","item":"https:\/\/likeink.com\/sv\/"},{"@type":"ListItem","position":2,"name":"Webbutik","item":"https:\/\/likeink.com\/sv\/webbutik\/"},{"@type":"ListItem","position":3,"name":"Flash &#8220;Black and Gray&#8221; by Malin Carper"}]},{"@type":"WebSite","@id":"https:\/\/likeink.com\/sv\/#website","url":"https:\/\/likeink.com\/sv\/","name":"Like ink","description":"Make your own custom design","potentialAction":[{"@type":"SearchAction","target":{"@type":"EntryPoint","urlTemplate":"https:\/\/likeink.com\/sv\/?s={search_term_string}"},"query-input":{"@type":"PropertyValueSpecification","valueRequired":true,"valueName":"search_term_string"}}],"inLanguage":"sv-SE"}]}},"_links":{"self":[{"href":"https:\/\/likeink.com\/sv\/wp-json\/wp\/v2\/product\/14513","targetHints":{"allow":["GET"]}}],"collection":[{"href":"https:\/\/likeink.com\/sv\/wp-json\/wp\/v2\/product"}],"about":[{"href":"https:\/\/likeink.com\/sv\/wp-json\/wp\/v2\/types\/product"}],"wp:featuredmedia":[{"embeddable":true,"href":"https:\/\/likeink.com\/sv\/wp-json\/wp\/v2\/media\/14491"}],"wp:attachment":[{"href":"https:\/\/likeink.com\/sv\/wp-json\/wp\/v2\/media?parent=14513"}],"wp:term":[{"taxonomy":"product_brand","embeddable":true,"href":"https:\/\/likeink.com\/sv\/wp-json\/wp\/v2\/product_brand?post=14513"},{"taxonomy":"product_cat","embeddable":true,"href":"https:\/\/likeink.com\/sv\/wp-json\/wp\/v2\/product_cat?post=14513"},{"taxonomy":"product_tag","embeddable":true,"href":"https:\/\/likeink.com\/sv\/wp-json\/wp\/v2\/product_tag?post=14513"}],"curies":[{"name":"wp","href":"https:\/\/api.w.org\/{rel}","templated":true}]}}