{"id":1556,"date":"2019-11-02T09:02:12","date_gmt":"2019-11-02T09:02:12","guid":{"rendered":"https:\/\/likeink.se\/?post_type=product&#038;p=1556"},"modified":"2026-04-15T07:41:04","modified_gmt":"2026-04-15T07:41:04","slug":"skulls-2-0","status":"publish","type":"product","link":"https:\/\/likeink.com\/sv\/gnuggisar\/skulls-2-0\/","title":{"rendered":"D\u00f6skalle-tatueringar"},"content":{"rendered":"","protected":false},"excerpt":{"rendered":"<p>V\u00e5ra f\u00e4rdiga ark med eng\u00e5ngstatueringar \u00e4r cirka 20\u00d715 cm stora och fyllda med d\u00f6skalle-designen du ser p\u00e5 bilden. D\u00f6skallar \u00e4r ett klassiskt tatueringsmotiv och h\u00e4r har vi blandat en rad olika d\u00f6skalle-designs f\u00f6r alla skallar \u00e4r olika precis som v\u00e5r smak. Ett av v\u00e5ra mest popul\u00e4ra f\u00e4rdigdesignade ark.<\/p>\n<h2>Fake tatueringar med motiv av snygga d\u00f6skallar<\/h2>\n<p>Kanske gillar du d\u00f6skallar, kanske vill du kvalitetss\u00e4kra innan du l\u00e4gger en st\u00f6rre best\u00e4llning med din egen design. Vi trycker och skickar vi ditt ark med eng\u00e5ngstatueringar inom 24 timmar efter det att du best\u00e4llt.<\/p>\n<p>Antal motiv: 9 d\u00f6skallar + Like ink logga.<br \/>\nStorlek p\u00e5 st\u00f6rsta tatueringen: 7 cm.<\/p>\n","protected":false},"featured_media":60258,"template":"","meta":[],"product_brand":[],"product_cat":[130,17,490],"product_tag":[],"class_list":{"0":"post-1556","1":"product","2":"type-product","3":"status-publish","4":"has-post-thumbnail","6":"product_cat-dodskalle-tatuering","7":"product_cat-fardiga-ark","8":"product_cat-maskerad-sasong","10":"first","11":"instock","12":"taxable","13":"shipping-taxable","14":"purchasable","15":"product-type-simple"},"yoast_head":"<!-- This site is optimized with the Yoast SEO Premium plugin v26.2 (Yoast SEO v27.4) - https:\/\/yoast.com\/product\/yoast-seo-premium-wordpress\/ -->\n<title>K\u00f6p D\u00f6skalle tatueringar | Motiv skulls 2.0 d\u00f6skalletatueringar - Like ink<\/title>\n<meta name=\"description\" content=\"A5 ark med D\u00f6skalle tatueringar . Fina gnuggistatueringar med d\u00f6skallar i bra kvalitet. Snabb leverans! - Like ink\" \/>\n<meta name=\"robots\" content=\"index, follow, max-snippet:-1, max-image-preview:large, max-video-preview:-1\" \/>\n<link rel=\"canonical\" href=\"https:\/\/likeink.com\/sv\/gnuggisar\/skulls-2-0\/\" \/>\n<meta property=\"og:locale\" content=\"sv_SE\" \/>\n<meta property=\"og:type\" content=\"article\" \/>\n<meta property=\"og:title\" content=\"D\u00f6skalle-tatueringar\" \/>\n<meta property=\"og:description\" content=\"V\u00e5ra f\u00e4rdiga ark med eng\u00e5ngstatueringar \u00e4r cirka 20\u00d715 cm stora och fyllda med d\u00f6skalle-designen du ser p\u00e5 bilden. D\u00f6skallar \u00e4r ett klassiskt tatueringsmotiv och h\u00e4r har vi blandat en rad olika d\u00f6skalle-designs f\u00f6r alla skallar \u00e4r olika precis som v\u00e5r smak. Ett av v\u00e5ra mest popul\u00e4ra f\u00e4rdigdesignade ark. Fake tatueringar med motiv av snygga d\u00f6skallar Kanske gillar du d\u00f6skallar, kanske vill du kvalitetss\u00e4kra innan du l\u00e4gger en st\u00f6rre best\u00e4llning med din egen design. Vi trycker och skickar vi ditt ark med eng\u00e5ngstatueringar inom 24 timmar efter det att du best\u00e4llt.  Antal motiv: 9 d\u00f6skallar + Like ink logga. Storlek p\u00e5 st\u00f6rsta tatueringen: 7 cm.\" \/>\n<meta property=\"og:url\" content=\"https:\/\/likeink.com\/sv\/gnuggisar\/skulls-2-0\/\" \/>\n<meta property=\"og:site_name\" content=\"Like ink\" \/>\n<meta property=\"article:publisher\" content=\"https:\/\/www.facebook.com\/LikeInkSe\" \/>\n<meta property=\"article:modified_time\" content=\"2026-04-15T07:41:04+00:00\" \/>\n<meta property=\"og:image\" content=\"https:\/\/likeink.com\/wp-content\/uploads\/2026\/03\/Doskallar-likeink-temporaratatueringar.jpg\" \/>\n\t<meta property=\"og:image:width\" content=\"2000\" \/>\n\t<meta property=\"og:image:height\" content=\"1409\" \/>\n\t<meta property=\"og:image:type\" content=\"image\/jpeg\" \/>\n<meta name=\"twitter:card\" content=\"summary_large_image\" \/>\n<meta name=\"twitter:label1\" content=\"Ber\u00e4knad l\u00e4stid\" \/>\n\t<meta name=\"twitter:data1\" content=\"1 minut\" \/>\n<script type=\"application\/ld+json\" class=\"yoast-schema-graph\">{\"@context\":\"https:\\\/\\\/schema.org\",\"@graph\":[{\"@type\":\"WebPage\",\"@id\":\"https:\\\/\\\/likeink.com\\\/sv\\\/gnuggisar\\\/skulls-2-0\\\/\",\"url\":\"https:\\\/\\\/likeink.com\\\/sv\\\/gnuggisar\\\/skulls-2-0\\\/\",\"name\":\"K\u00f6p D\u00f6skalle tatueringar | Motiv skulls 2.0 d\u00f6skalletatueringar - Like ink\",\"isPartOf\":{\"@id\":\"https:\\\/\\\/likeink.com\\\/sv\\\/#website\"},\"primaryImageOfPage\":{\"@id\":\"https:\\\/\\\/likeink.com\\\/sv\\\/gnuggisar\\\/skulls-2-0\\\/#primaryimage\"},\"image\":{\"@id\":\"https:\\\/\\\/likeink.com\\\/sv\\\/gnuggisar\\\/skulls-2-0\\\/#primaryimage\"},\"thumbnailUrl\":\"https:\\\/\\\/likeink.com\\\/wp-content\\\/uploads\\\/2026\\\/03\\\/Doskallar-likeink-temporaratatueringar.jpg\",\"datePublished\":\"2019-11-02T09:02:12+00:00\",\"dateModified\":\"2026-04-15T07:41:04+00:00\",\"description\":\"A5 ark med D\u00f6skalle tatueringar . Fina gnuggistatueringar med d\u00f6skallar i bra kvalitet. Snabb leverans! - Like ink\",\"breadcrumb\":{\"@id\":\"https:\\\/\\\/likeink.com\\\/sv\\\/gnuggisar\\\/skulls-2-0\\\/#breadcrumb\"},\"inLanguage\":\"sv-SE\",\"potentialAction\":[{\"@type\":\"ReadAction\",\"target\":[\"https:\\\/\\\/likeink.com\\\/sv\\\/gnuggisar\\\/skulls-2-0\\\/\"]}]},{\"@type\":\"ImageObject\",\"inLanguage\":\"sv-SE\",\"@id\":\"https:\\\/\\\/likeink.com\\\/sv\\\/gnuggisar\\\/skulls-2-0\\\/#primaryimage\",\"url\":\"https:\\\/\\\/likeink.com\\\/wp-content\\\/uploads\\\/2026\\\/03\\\/Doskallar-likeink-temporaratatueringar.jpg\",\"contentUrl\":\"https:\\\/\\\/likeink.com\\\/wp-content\\\/uploads\\\/2026\\\/03\\\/Doskallar-likeink-temporaratatueringar.jpg\",\"width\":2000,\"height\":1409,\"caption\":\"Ett collage med tio olika d\u00f6dskalleillustrationer, bland annat f\u00e4rgglada Day of the Dead-bilder, en d\u00f6dskalle med h\u00f6g hatt och mustasch samt enkla, svarta eller tecknade d\u00f6dskallar p\u00e5 vit bakgrund.\"},{\"@type\":\"BreadcrumbList\",\"@id\":\"https:\\\/\\\/likeink.com\\\/sv\\\/gnuggisar\\\/skulls-2-0\\\/#breadcrumb\",\"itemListElement\":[{\"@type\":\"ListItem\",\"position\":1,\"name\":\"Hem\",\"item\":\"https:\\\/\\\/likeink.com\\\/sv\\\/\"},{\"@type\":\"ListItem\",\"position\":2,\"name\":\"Webbutik\",\"item\":\"https:\\\/\\\/likeink.com\\\/sv\\\/webbutik\\\/\"},{\"@type\":\"ListItem\",\"position\":3,\"name\":\"D\u00f6skalle-tatueringar\"}]},{\"@type\":\"WebSite\",\"@id\":\"https:\\\/\\\/likeink.com\\\/sv\\\/#website\",\"url\":\"https:\\\/\\\/likeink.com\\\/sv\\\/\",\"name\":\"Like ink\",\"description\":\"Make your own custom design\",\"potentialAction\":[{\"@type\":\"SearchAction\",\"target\":{\"@type\":\"EntryPoint\",\"urlTemplate\":\"https:\\\/\\\/likeink.com\\\/sv\\\/?s={search_term_string}\"},\"query-input\":{\"@type\":\"PropertyValueSpecification\",\"valueRequired\":true,\"valueName\":\"search_term_string\"}}],\"inLanguage\":\"sv-SE\"}]}<\/script>\n<!-- \/ Yoast SEO Premium plugin. -->","yoast_head_json":{"title":"K\u00f6p D\u00f6skalle tatueringar | Motiv skulls 2.0 d\u00f6skalletatueringar - Like ink","description":"A5 ark med D\u00f6skalle tatueringar . Fina gnuggistatueringar med d\u00f6skallar i bra kvalitet. Snabb leverans! - Like ink","robots":{"index":"index","follow":"follow","max-snippet":"max-snippet:-1","max-image-preview":"max-image-preview:large","max-video-preview":"max-video-preview:-1"},"canonical":"https:\/\/likeink.com\/sv\/gnuggisar\/skulls-2-0\/","og_locale":"sv_SE","og_type":"article","og_title":"D\u00f6skalle-tatueringar","og_description":"V\u00e5ra f\u00e4rdiga ark med eng\u00e5ngstatueringar \u00e4r cirka 20\u00d715 cm stora och fyllda med d\u00f6skalle-designen du ser p\u00e5 bilden. D\u00f6skallar \u00e4r ett klassiskt tatueringsmotiv och h\u00e4r har vi blandat en rad olika d\u00f6skalle-designs f\u00f6r alla skallar \u00e4r olika precis som v\u00e5r smak. Ett av v\u00e5ra mest popul\u00e4ra f\u00e4rdigdesignade ark. Fake tatueringar med motiv av snygga d\u00f6skallar Kanske gillar du d\u00f6skallar, kanske vill du kvalitetss\u00e4kra innan du l\u00e4gger en st\u00f6rre best\u00e4llning med din egen design. Vi trycker och skickar vi ditt ark med eng\u00e5ngstatueringar inom 24 timmar efter det att du best\u00e4llt.  Antal motiv: 9 d\u00f6skallar + Like ink logga. Storlek p\u00e5 st\u00f6rsta tatueringen: 7 cm.","og_url":"https:\/\/likeink.com\/sv\/gnuggisar\/skulls-2-0\/","og_site_name":"Like ink","article_publisher":"https:\/\/www.facebook.com\/LikeInkSe","article_modified_time":"2026-04-15T07:41:04+00:00","og_image":[{"width":2000,"height":1409,"url":"https:\/\/likeink.com\/wp-content\/uploads\/2026\/03\/Doskallar-likeink-temporaratatueringar.jpg","type":"image\/jpeg"}],"twitter_card":"summary_large_image","twitter_misc":{"Ber\u00e4knad l\u00e4stid":"1 minut"},"schema":{"@context":"https:\/\/schema.org","@graph":[{"@type":"WebPage","@id":"https:\/\/likeink.com\/sv\/gnuggisar\/skulls-2-0\/","url":"https:\/\/likeink.com\/sv\/gnuggisar\/skulls-2-0\/","name":"K\u00f6p D\u00f6skalle tatueringar | Motiv skulls 2.0 d\u00f6skalletatueringar - Like ink","isPartOf":{"@id":"https:\/\/likeink.com\/sv\/#website"},"primaryImageOfPage":{"@id":"https:\/\/likeink.com\/sv\/gnuggisar\/skulls-2-0\/#primaryimage"},"image":{"@id":"https:\/\/likeink.com\/sv\/gnuggisar\/skulls-2-0\/#primaryimage"},"thumbnailUrl":"https:\/\/likeink.com\/wp-content\/uploads\/2026\/03\/Doskallar-likeink-temporaratatueringar.jpg","datePublished":"2019-11-02T09:02:12+00:00","dateModified":"2026-04-15T07:41:04+00:00","description":"A5 ark med D\u00f6skalle tatueringar . Fina gnuggistatueringar med d\u00f6skallar i bra kvalitet. Snabb leverans! - Like ink","breadcrumb":{"@id":"https:\/\/likeink.com\/sv\/gnuggisar\/skulls-2-0\/#breadcrumb"},"inLanguage":"sv-SE","potentialAction":[{"@type":"ReadAction","target":["https:\/\/likeink.com\/sv\/gnuggisar\/skulls-2-0\/"]}]},{"@type":"ImageObject","inLanguage":"sv-SE","@id":"https:\/\/likeink.com\/sv\/gnuggisar\/skulls-2-0\/#primaryimage","url":"https:\/\/likeink.com\/wp-content\/uploads\/2026\/03\/Doskallar-likeink-temporaratatueringar.jpg","contentUrl":"https:\/\/likeink.com\/wp-content\/uploads\/2026\/03\/Doskallar-likeink-temporaratatueringar.jpg","width":2000,"height":1409,"caption":"Ett collage med tio olika d\u00f6dskalleillustrationer, bland annat f\u00e4rgglada Day of the Dead-bilder, en d\u00f6dskalle med h\u00f6g hatt och mustasch samt enkla, svarta eller tecknade d\u00f6dskallar p\u00e5 vit bakgrund."},{"@type":"BreadcrumbList","@id":"https:\/\/likeink.com\/sv\/gnuggisar\/skulls-2-0\/#breadcrumb","itemListElement":[{"@type":"ListItem","position":1,"name":"Hem","item":"https:\/\/likeink.com\/sv\/"},{"@type":"ListItem","position":2,"name":"Webbutik","item":"https:\/\/likeink.com\/sv\/webbutik\/"},{"@type":"ListItem","position":3,"name":"D\u00f6skalle-tatueringar"}]},{"@type":"WebSite","@id":"https:\/\/likeink.com\/sv\/#website","url":"https:\/\/likeink.com\/sv\/","name":"Like ink","description":"Make your own custom design","potentialAction":[{"@type":"SearchAction","target":{"@type":"EntryPoint","urlTemplate":"https:\/\/likeink.com\/sv\/?s={search_term_string}"},"query-input":{"@type":"PropertyValueSpecification","valueRequired":true,"valueName":"search_term_string"}}],"inLanguage":"sv-SE"}]}},"_links":{"self":[{"href":"https:\/\/likeink.com\/sv\/wp-json\/wp\/v2\/product\/1556","targetHints":{"allow":["GET"]}}],"collection":[{"href":"https:\/\/likeink.com\/sv\/wp-json\/wp\/v2\/product"}],"about":[{"href":"https:\/\/likeink.com\/sv\/wp-json\/wp\/v2\/types\/product"}],"wp:featuredmedia":[{"embeddable":true,"href":"https:\/\/likeink.com\/sv\/wp-json\/wp\/v2\/media\/60258"}],"wp:attachment":[{"href":"https:\/\/likeink.com\/sv\/wp-json\/wp\/v2\/media?parent=1556"}],"wp:term":[{"taxonomy":"product_brand","embeddable":true,"href":"https:\/\/likeink.com\/sv\/wp-json\/wp\/v2\/product_brand?post=1556"},{"taxonomy":"product_cat","embeddable":true,"href":"https:\/\/likeink.com\/sv\/wp-json\/wp\/v2\/product_cat?post=1556"},{"taxonomy":"product_tag","embeddable":true,"href":"https:\/\/likeink.com\/sv\/wp-json\/wp\/v2\/product_tag?post=1556"}],"curies":[{"name":"wp","href":"https:\/\/api.w.org\/{rel}","templated":true}]}}