{"id":1579,"date":"2019-11-03T12:08:07","date_gmt":"2019-11-03T12:08:07","guid":{"rendered":"https:\/\/likeink.se\/?post_type=product&#038;p=1579"},"modified":"2026-04-29T07:14:10","modified_gmt":"2026-04-29T07:14:10","slug":"forest-glade","status":"publish","type":"product","link":"https:\/\/likeink.com\/sv\/gnuggisar\/forest-glade\/","title":{"rendered":"Tatueringsark &#8220;Skogsgl\u00e4nta&#8221;"},"content":{"rendered":"","protected":false},"excerpt":{"rendered":"<p>V\u00e5ra f\u00e4rdiga ark med eng\u00e5ngstatueringar \u00e4r cirka 20\u00d715 cm stora och fyllda med designen du ser p\u00e5 bilden. H\u00e4r har vi satt ihop ett ark med l\u00f6v, f\u00e5glar, fj\u00e4ril och blommor. Vi tycker att det \u00e4r superfina motiv som tar dig till den d\u00e4r fina och magiska skogsgl\u00e4ntan man aldrig hittar tillbaka till.<\/p>\n<h2>Gnuggis med skogsmotiv<\/h2>\n<p>Vi trycker och skickar vi ditt tatueringsark med eng\u00e5ngstatueringar inom 24 timmar efter det att du best\u00e4llt.<\/p>\n<p>Antal motiv: 12<br \/>\nSt\u00f6rsta motiv: Ca 10 cm.<\/p>\n","protected":false},"featured_media":1580,"template":"","meta":[],"product_brand":[],"product_cat":[488,17],"product_tag":[],"class_list":{"0":"post-1579","1":"product","2":"type-product","3":"status-publish","4":"has-post-thumbnail","6":"product_cat-djur-natur","7":"product_cat-fardiga-ark","9":"first","10":"instock","11":"taxable","12":"shipping-taxable","13":"purchasable","14":"product-type-simple"},"yoast_head":"<!-- This site is optimized with the Yoast SEO Premium plugin v26.2 (Yoast SEO v27.5) - https:\/\/yoast.com\/product\/yoast-seo-premium-wordpress\/ -->\n<title>Tatueringar med motiv fr\u00e5n skog: K\u00f6p gnuggisar med skogsmotiv- Like ink<\/title>\n<meta name=\"description\" content=\"Tatueringar med motiv fr\u00e5n skog: Best\u00e4ll ett ark med eng\u00e5ngstatueringar med l\u00f6v, blad och grenar. - Like ink\" \/>\n<meta name=\"robots\" content=\"index, follow, max-snippet:-1, max-image-preview:large, max-video-preview:-1\" \/>\n<link rel=\"canonical\" href=\"https:\/\/likeink.com\/sv\/gnuggisar\/forest-glade\/\" \/>\n<meta property=\"og:locale\" content=\"sv_SE\" \/>\n<meta property=\"og:type\" content=\"article\" \/>\n<meta property=\"og:title\" content=\"Tatueringsark &quot;Skogsgl\u00e4nta&quot;\" \/>\n<meta property=\"og:description\" content=\"V\u00e5ra f\u00e4rdiga ark med eng\u00e5ngstatueringar \u00e4r cirka 20\u00d715 cm stora och fyllda med designen du ser p\u00e5 bilden. H\u00e4r har vi satt ihop ett ark med l\u00f6v, f\u00e5glar, fj\u00e4ril och blommor. Vi tycker att det \u00e4r superfina motiv som tar dig till den d\u00e4r fina och magiska skogsgl\u00e4ntan man aldrig hittar tillbaka till. Gnuggis med skogsmotiv Vi trycker och skickar vi ditt tatueringsark med eng\u00e5ngstatueringar inom 24 timmar efter det att du best\u00e4llt.  Antal motiv: 12 St\u00f6rsta motiv: Ca 10 cm.\" \/>\n<meta property=\"og:url\" content=\"https:\/\/likeink.com\/sv\/gnuggisar\/forest-glade\/\" \/>\n<meta property=\"og:site_name\" content=\"Like ink\" \/>\n<meta property=\"article:publisher\" content=\"https:\/\/www.facebook.com\/LikeInkSe\" \/>\n<meta property=\"article:modified_time\" content=\"2026-04-29T07:14:10+00:00\" \/>\n<meta property=\"og:image\" content=\"https:\/\/likeink.com\/wp-content\/uploads\/2019\/11\/Forest-Glade-e1642785804583.jpg\" \/>\n\t<meta property=\"og:image:width\" content=\"400\" \/>\n\t<meta property=\"og:image:height\" content=\"282\" \/>\n\t<meta property=\"og:image:type\" content=\"image\/jpeg\" \/>\n<meta name=\"twitter:card\" content=\"summary_large_image\" \/>\n<meta name=\"twitter:label1\" content=\"Ber\u00e4knad l\u00e4stid\" \/>\n\t<meta name=\"twitter:data1\" content=\"1 minut\" \/>\n<!-- \/ Yoast SEO Premium plugin. -->","yoast_head_json":{"title":"Tatueringar med motiv fr\u00e5n skog: K\u00f6p gnuggisar med skogsmotiv- Like ink","description":"Tatueringar med motiv fr\u00e5n skog: Best\u00e4ll ett ark med eng\u00e5ngstatueringar med l\u00f6v, blad och grenar. - Like ink","robots":{"index":"index","follow":"follow","max-snippet":"max-snippet:-1","max-image-preview":"max-image-preview:large","max-video-preview":"max-video-preview:-1"},"canonical":"https:\/\/likeink.com\/sv\/gnuggisar\/forest-glade\/","og_locale":"sv_SE","og_type":"article","og_title":"Tatueringsark \"Skogsgl\u00e4nta\"","og_description":"V\u00e5ra f\u00e4rdiga ark med eng\u00e5ngstatueringar \u00e4r cirka 20\u00d715 cm stora och fyllda med designen du ser p\u00e5 bilden. H\u00e4r har vi satt ihop ett ark med l\u00f6v, f\u00e5glar, fj\u00e4ril och blommor. Vi tycker att det \u00e4r superfina motiv som tar dig till den d\u00e4r fina och magiska skogsgl\u00e4ntan man aldrig hittar tillbaka till. Gnuggis med skogsmotiv Vi trycker och skickar vi ditt tatueringsark med eng\u00e5ngstatueringar inom 24 timmar efter det att du best\u00e4llt.  Antal motiv: 12 St\u00f6rsta motiv: Ca 10 cm.","og_url":"https:\/\/likeink.com\/sv\/gnuggisar\/forest-glade\/","og_site_name":"Like ink","article_publisher":"https:\/\/www.facebook.com\/LikeInkSe","article_modified_time":"2026-04-29T07:14:10+00:00","og_image":[{"width":400,"height":282,"url":"https:\/\/likeink.com\/wp-content\/uploads\/2019\/11\/Forest-Glade-e1642785804583.jpg","type":"image\/jpeg"}],"twitter_card":"summary_large_image","twitter_misc":{"Ber\u00e4knad l\u00e4stid":"1 minut"},"schema":{"@context":"https:\/\/schema.org","@graph":[{"@type":"WebPage","@id":"https:\/\/likeink.com\/sv\/gnuggisar\/forest-glade\/","url":"https:\/\/likeink.com\/sv\/gnuggisar\/forest-glade\/","name":"Tatueringar med motiv fr\u00e5n skog: K\u00f6p gnuggisar med skogsmotiv- Like ink","isPartOf":{"@id":"https:\/\/likeink.com\/sv\/#website"},"primaryImageOfPage":{"@id":"https:\/\/likeink.com\/sv\/gnuggisar\/forest-glade\/#primaryimage"},"image":{"@id":"https:\/\/likeink.com\/sv\/gnuggisar\/forest-glade\/#primaryimage"},"thumbnailUrl":"https:\/\/likeink.com\/wp-content\/uploads\/2019\/11\/Forest-Glade-e1642785804583.jpg","datePublished":"2019-11-03T12:08:07+00:00","dateModified":"2026-04-29T07:14:10+00:00","description":"Tatueringar med motiv fr\u00e5n skog: Best\u00e4ll ett ark med eng\u00e5ngstatueringar med l\u00f6v, blad och grenar. - Like ink","breadcrumb":{"@id":"https:\/\/likeink.com\/sv\/gnuggisar\/forest-glade\/#breadcrumb"},"inLanguage":"sv-SE","potentialAction":[{"@type":"ReadAction","target":["https:\/\/likeink.com\/sv\/gnuggisar\/forest-glade\/"]}]},{"@type":"ImageObject","inLanguage":"sv-SE","@id":"https:\/\/likeink.com\/sv\/gnuggisar\/forest-glade\/#primaryimage","url":"https:\/\/likeink.com\/wp-content\/uploads\/2019\/11\/Forest-Glade-e1642785804583.jpg","contentUrl":"https:\/\/likeink.com\/wp-content\/uploads\/2019\/11\/Forest-Glade-e1642785804583.jpg","width":400,"height":282,"caption":"Naturmotiv gnuggis tatueringar."},{"@type":"BreadcrumbList","@id":"https:\/\/likeink.com\/sv\/gnuggisar\/forest-glade\/#breadcrumb","itemListElement":[{"@type":"ListItem","position":1,"name":"Hem","item":"https:\/\/likeink.com\/sv\/"},{"@type":"ListItem","position":2,"name":"Webbutik","item":"https:\/\/likeink.com\/sv\/webbutik\/"},{"@type":"ListItem","position":3,"name":"Tatueringsark &#8220;Skogsgl\u00e4nta&#8221;"}]},{"@type":"WebSite","@id":"https:\/\/likeink.com\/sv\/#website","url":"https:\/\/likeink.com\/sv\/","name":"Like ink","description":"Make your own custom design","potentialAction":[{"@type":"SearchAction","target":{"@type":"EntryPoint","urlTemplate":"https:\/\/likeink.com\/sv\/?s={search_term_string}"},"query-input":{"@type":"PropertyValueSpecification","valueRequired":true,"valueName":"search_term_string"}}],"inLanguage":"sv-SE"}]}},"_links":{"self":[{"href":"https:\/\/likeink.com\/sv\/wp-json\/wp\/v2\/product\/1579","targetHints":{"allow":["GET"]}}],"collection":[{"href":"https:\/\/likeink.com\/sv\/wp-json\/wp\/v2\/product"}],"about":[{"href":"https:\/\/likeink.com\/sv\/wp-json\/wp\/v2\/types\/product"}],"wp:featuredmedia":[{"embeddable":true,"href":"https:\/\/likeink.com\/sv\/wp-json\/wp\/v2\/media\/1580"}],"wp:attachment":[{"href":"https:\/\/likeink.com\/sv\/wp-json\/wp\/v2\/media?parent=1579"}],"wp:term":[{"taxonomy":"product_brand","embeddable":true,"href":"https:\/\/likeink.com\/sv\/wp-json\/wp\/v2\/product_brand?post=1579"},{"taxonomy":"product_cat","embeddable":true,"href":"https:\/\/likeink.com\/sv\/wp-json\/wp\/v2\/product_cat?post=1579"},{"taxonomy":"product_tag","embeddable":true,"href":"https:\/\/likeink.com\/sv\/wp-json\/wp\/v2\/product_tag?post=1579"}],"curies":[{"name":"wp","href":"https:\/\/api.w.org\/{rel}","templated":true}]}}