{"id":16625,"date":"2023-04-18T11:43:10","date_gmt":"2023-04-18T11:43:10","guid":{"rendered":"https:\/\/likeink.se\/?post_type=product&#038;p=16625"},"modified":"2026-04-27T13:59:29","modified_gmt":"2026-04-27T13:59:29","slug":"doomed","status":"publish","type":"product","link":"https:\/\/likeink.com\/sv\/gnuggisar\/doomed\/","title":{"rendered":"Flash &#8220;Doomed&#8221; by Matt Machine at Straydogs Tattoo"},"content":{"rendered":"","protected":false},"excerpt":{"rendered":"<p>Like Inks f\u00e4rdiga ark med tempor\u00e4ra tatueringar \u00e4r cirka 20&#215;14 cm stora och fyllda med designen du ser p\u00e5 bilden. Vi trycker och skickar ditt ark med dessa stilrena tatueringar inom 24 timmar efter din best\u00e4llning. Tatueringarna ser bra ut, h\u00e5ller h\u00f6g kvalitet och \u00e4r enkla att applicera och tv\u00e4tta bort. Like Ink f\u00f6ljer all lagstiftning f\u00f6r kosmetiska produkter inom EU, s\u00e5 du kan k\u00e4nna dig trygg n\u00e4r du best\u00e4ller tempor\u00e4ra tatueringar fr\u00e5n oss.<\/p>\n<h2>Best\u00e4ll tempor\u00e4ra tatueringar designade av tatueraren Mattias, \u00e4ven k\u00e4nd som Matt Machine<\/h2>\n<p>Detta ark \u00e4r designat av den grymma tatueraren &#8220;Matt Machine&#8221;, en erfaren och mycket popul\u00e4r tatuerare baserad i Kung\u00e4lv. Riktigt kul att kunna erbjuda motiv fr\u00e5n denna supercoola tatuerare!<\/p>\n<p><strong>Detta \u00e4r Mattias Andersson, \u00e4ven k\u00e4nd som Matt Machine:<\/strong><\/p>\n<p>Jag heter Mattias Andersson, \u00e4ven kallad Matt Machine. Ett smeknamn jag fick p\u00e5 skoj av grabbarna p\u00e5 Sick Boys Tattoo efter att jag tatuerade i \u00f6ver 15 timmar i str\u00e4ck en g\u00e5ng p\u00e5 ett jubileum i min studio. Jag beh\u00f6ll smeknamnet \ud83d\ude0a det passar mig.<\/p>\n<p>Vem \u00e4r jag d\u00e5? Jag \u00e4r snart 41 \u00e5r gammal. Jag \u00e4r gift, har tv\u00e5 barn, en hund och tv\u00e5 katter. K\u00f6r en Volvo kombi och bor i hus. Lever Svenssonlivet med fotbollstr\u00e4ningar och allt som h\u00f6r till. Men jag \u00e4r kanske inte s\u00e5 mycket av en Svensson sj\u00e4lv, men som tur \u00e4r kan man alltid g\u00f6ra sin grej i sitt pojkrum, som i mitt fall \u00e4r tatueringsstudion. D\u00e4r k\u00e4nns det alltid helt r\u00e4tt. D\u00e4r passar alla in och alla \u00e4r v\u00e4lkomna!<\/p>\n<p>Jag har haft en egen studio i cirka 12 \u00e5r nu, d\u00e4r jag endast tatuerar p\u00e5 bokning, ingen drop in. Jag har \u00e4lskat tatueringar sedan jag var 6 \u00e5r gammal och \u00e4r tacksam f\u00f6r alla kunder som forts\u00e4tter komma, b\u00e5de de som bor i kommunen och de som flyger in fr\u00e5n n\u00e4r och fj\u00e4rran f\u00f6r att bli tatuerade av mig. Alla kunder \u00e4r viktiga. Sm\u00e5 namntatueringar likv\u00e4l som stora ryggprojekt. Jag g\u00f6r allt jag k\u00e4nner att jag klarar av! Jag \u00e4r ju trots allt tatuerare. Vill du ha en stor svart prick som t\u00e4cker halva l\u00e5ret s\u00e5 funkar det ocks\u00e5.<\/p>\n<p>Det k\u00e4nns som att jag har tur, men egentligen kommer det man har fr\u00e5n m\u00e5nga \u00e5rs h\u00e5rt arbete. Att bygga upp en stark kundkrets kr\u00e4ver tid och engagemang. Tatueraryrket \u00e4r inte s\u00e5 rock\u2019n\u2019roll som m\u00e5nga tror. Det \u00e4r n\u00e4stan ett jobb dygnet runt. Men friheten v\u00e4ger upp det. Friheten att kunna v\u00e4lja hur och n\u00e4r man jobbar. Och att jag verkligen \u00e4lskar det jag g\u00f6r! Tatueringar \u00e4r helt enkelt det b\u00e4sta \ud83d\ude02\ud83d\udc4d<\/p>\n<p><strong>Kom i kontakt med Mattias:<\/strong><br \/>\nDu hittar mig och alla mina traditionella arbeten p\u00e5 sociala medier<\/p>\n<p><strong>Instagram:<\/strong><\/p>\n<p>@straydogstattoo<\/p>\n<p><strong>Studio:<\/strong><\/p>\n<p>@straydogstattoo<\/p>\n<p><strong>Adress:<\/strong><\/p>\n<p>G\u00f6teborg \/ Kung\u00e4lv<\/p>\n","protected":false},"featured_media":16595,"template":"","meta":[],"product_brand":[],"product_cat":[491],"product_tag":[],"class_list":{"0":"post-16625","1":"product","2":"type-product","3":"status-publish","4":"has-post-thumbnail","6":"product_cat-samarbeten-tatuerare","8":"first","9":"instock","10":"taxable","11":"shipping-taxable","12":"purchasable","13":"product-type-simple"},"yoast_head":"<!-- This site is optimized with the Yoast SEO Premium plugin v26.2 (Yoast SEO v27.5) - https:\/\/yoast.com\/product\/yoast-seo-premium-wordpress\/ -->\n<title>Realistiska fejk tatueringar I Real Fake Tattoo I Gnuggisar - Like ink<\/title>\n<meta name=\"description\" content=\"Realistiska fejk tatueringar - Riktig tatueringkonstn\u00e4r - fejk tatueringar! Flash &quot;Doomed&quot; av Matt Machine! Snabb leverans och bra pris - Like ink\" \/>\n<meta name=\"robots\" content=\"index, follow, max-snippet:-1, max-image-preview:large, max-video-preview:-1\" \/>\n<link rel=\"canonical\" href=\"https:\/\/likeink.com\/sv\/gnuggisar\/doomed\/\" \/>\n<meta property=\"og:locale\" content=\"sv_SE\" \/>\n<meta property=\"og:type\" content=\"article\" \/>\n<meta property=\"og:title\" content=\"Flash &quot;Doomed&quot; by Matt Machine at Straydogs Tattoo\" \/>\n<meta property=\"og:description\" content=\"Like Inks f\u00e4rdiga ark med tempor\u00e4ra tatueringar \u00e4r cirka 20x14 cm stora och fyllda med designen du ser p\u00e5 bilden. Vi trycker och skickar ditt ark med dessa stilrena tatueringar inom 24 timmar efter din best\u00e4llning. Tatueringarna ser bra ut, h\u00e5ller h\u00f6g kvalitet och \u00e4r enkla att applicera och tv\u00e4tta bort. Like Ink f\u00f6ljer all lagstiftning f\u00f6r kosmetiska produkter inom EU, s\u00e5 du kan k\u00e4nna dig trygg n\u00e4r du best\u00e4ller tempor\u00e4ra tatueringar fr\u00e5n oss. Best\u00e4ll tempor\u00e4ra tatueringar designade av tatueraren Mattias, \u00e4ven k\u00e4nd som Matt Machine Detta ark \u00e4r designat av den grymma tatueraren &quot;Matt Machine&quot;, en erfaren och mycket popul\u00e4r tatuerare baserad i Kung\u00e4lv. Riktigt kul att kunna erbjuda motiv fr\u00e5n denna supercoola tatuerare!  Detta \u00e4r Mattias Andersson, \u00e4ven k\u00e4nd som Matt Machine:  Jag heter Mattias Andersson, \u00e4ven kallad Matt Machine. Ett smeknamn jag fick p\u00e5 skoj av grabbarna p\u00e5 Sick Boys Tattoo efter att jag tatuerade i \u00f6ver 15 timmar i str\u00e4ck en g\u00e5ng p\u00e5 ett jubileum i min studio. Jag beh\u00f6ll smeknamnet \ud83d\ude0a det passar mig.  Vem \u00e4r jag d\u00e5? Jag \u00e4r snart 41 \u00e5r gammal. Jag \u00e4r gift, har tv\u00e5 barn, en hund och tv\u00e5 katter. K\u00f6r en Volvo kombi och bor i hus. Lever Svenssonlivet med fotbollstr\u00e4ningar och allt som h\u00f6r till. Men jag \u00e4r kanske inte s\u00e5 mycket av en Svensson sj\u00e4lv, men som tur \u00e4r kan man alltid g\u00f6ra sin grej i sitt pojkrum, som i mitt fall \u00e4r tatueringsstudion. D\u00e4r k\u00e4nns det alltid helt r\u00e4tt. D\u00e4r passar alla in och alla \u00e4r v\u00e4lkomna!  Jag har haft en egen studio i cirka 12 \u00e5r nu, d\u00e4r jag endast tatuerar p\u00e5 bokning, ingen drop in. Jag har \u00e4lskat tatueringar sedan jag var 6 \u00e5r gammal och \u00e4r tacksam f\u00f6r alla kunder som forts\u00e4tter komma, b\u00e5de de som bor i kommunen och de som flyger in fr\u00e5n n\u00e4r och fj\u00e4rran f\u00f6r att bli tatuerade av mig. Alla kunder \u00e4r viktiga. Sm\u00e5 namntatueringar likv\u00e4l som stora ryggprojekt. Jag g\u00f6r allt jag k\u00e4nner att jag klarar av! Jag \u00e4r ju trots allt tatuerare. Vill du ha en stor svart prick som t\u00e4cker halva l\u00e5ret s\u00e5 funkar det ocks\u00e5.  Det k\u00e4nns som att jag har tur, men egentligen kommer det man har fr\u00e5n m\u00e5nga \u00e5rs h\u00e5rt arbete. Att bygga upp en stark kundkrets kr\u00e4ver tid och engagemang. Tatueraryrket \u00e4r inte s\u00e5 rock\u2019n\u2019roll som m\u00e5nga tror. Det \u00e4r n\u00e4stan ett jobb dygnet runt. Men friheten v\u00e4ger upp det. Friheten att kunna v\u00e4lja hur och n\u00e4r man jobbar. Och att jag verkligen \u00e4lskar det jag g\u00f6r! Tatueringar \u00e4r helt enkelt det b\u00e4sta \ud83d\ude02\ud83d\udc4d  Kom i kontakt med Mattias: Du hittar mig och alla mina traditionella arbeten p\u00e5 sociala medier  Instagram:  @straydogstattoo  Studio:  @straydogstattoo  Adress:  G\u00f6teborg \/ Kung\u00e4lv\" \/>\n<meta property=\"og:url\" content=\"https:\/\/likeink.com\/sv\/gnuggisar\/doomed\/\" \/>\n<meta property=\"og:site_name\" content=\"Like ink\" \/>\n<meta property=\"article:publisher\" content=\"https:\/\/www.facebook.com\/LikeInkSe\" \/>\n<meta property=\"article:modified_time\" content=\"2026-04-27T13:59:29+00:00\" \/>\n<meta property=\"og:image\" content=\"https:\/\/likeink.com\/wp-content\/uploads\/2023\/04\/MattMachine-Doomed-Likeink-FakeTattoos.png\" \/>\n\t<meta property=\"og:image:width\" content=\"600\" \/>\n\t<meta property=\"og:image:height\" content=\"422\" \/>\n\t<meta property=\"og:image:type\" content=\"image\/png\" \/>\n<meta name=\"twitter:card\" content=\"summary_large_image\" \/>\n<meta name=\"twitter:label1\" content=\"Ber\u00e4knad l\u00e4stid\" \/>\n\t<meta name=\"twitter:data1\" content=\"1 minut\" \/>\n<!-- \/ Yoast SEO Premium plugin. -->","yoast_head_json":{"title":"Realistiska fejk tatueringar I Real Fake Tattoo I Gnuggisar - Like ink","description":"Realistiska fejk tatueringar - Riktig tatueringkonstn\u00e4r - fejk tatueringar! Flash \"Doomed\" av Matt Machine! Snabb leverans och bra pris - Like ink","robots":{"index":"index","follow":"follow","max-snippet":"max-snippet:-1","max-image-preview":"max-image-preview:large","max-video-preview":"max-video-preview:-1"},"canonical":"https:\/\/likeink.com\/sv\/gnuggisar\/doomed\/","og_locale":"sv_SE","og_type":"article","og_title":"Flash \"Doomed\" by Matt Machine at Straydogs Tattoo","og_description":"Like Inks f\u00e4rdiga ark med tempor\u00e4ra tatueringar \u00e4r cirka 20x14 cm stora och fyllda med designen du ser p\u00e5 bilden. Vi trycker och skickar ditt ark med dessa stilrena tatueringar inom 24 timmar efter din best\u00e4llning. Tatueringarna ser bra ut, h\u00e5ller h\u00f6g kvalitet och \u00e4r enkla att applicera och tv\u00e4tta bort. Like Ink f\u00f6ljer all lagstiftning f\u00f6r kosmetiska produkter inom EU, s\u00e5 du kan k\u00e4nna dig trygg n\u00e4r du best\u00e4ller tempor\u00e4ra tatueringar fr\u00e5n oss. Best\u00e4ll tempor\u00e4ra tatueringar designade av tatueraren Mattias, \u00e4ven k\u00e4nd som Matt Machine Detta ark \u00e4r designat av den grymma tatueraren \"Matt Machine\", en erfaren och mycket popul\u00e4r tatuerare baserad i Kung\u00e4lv. Riktigt kul att kunna erbjuda motiv fr\u00e5n denna supercoola tatuerare!  Detta \u00e4r Mattias Andersson, \u00e4ven k\u00e4nd som Matt Machine:  Jag heter Mattias Andersson, \u00e4ven kallad Matt Machine. Ett smeknamn jag fick p\u00e5 skoj av grabbarna p\u00e5 Sick Boys Tattoo efter att jag tatuerade i \u00f6ver 15 timmar i str\u00e4ck en g\u00e5ng p\u00e5 ett jubileum i min studio. Jag beh\u00f6ll smeknamnet \ud83d\ude0a det passar mig.  Vem \u00e4r jag d\u00e5? Jag \u00e4r snart 41 \u00e5r gammal. Jag \u00e4r gift, har tv\u00e5 barn, en hund och tv\u00e5 katter. K\u00f6r en Volvo kombi och bor i hus. Lever Svenssonlivet med fotbollstr\u00e4ningar och allt som h\u00f6r till. Men jag \u00e4r kanske inte s\u00e5 mycket av en Svensson sj\u00e4lv, men som tur \u00e4r kan man alltid g\u00f6ra sin grej i sitt pojkrum, som i mitt fall \u00e4r tatueringsstudion. D\u00e4r k\u00e4nns det alltid helt r\u00e4tt. D\u00e4r passar alla in och alla \u00e4r v\u00e4lkomna!  Jag har haft en egen studio i cirka 12 \u00e5r nu, d\u00e4r jag endast tatuerar p\u00e5 bokning, ingen drop in. Jag har \u00e4lskat tatueringar sedan jag var 6 \u00e5r gammal och \u00e4r tacksam f\u00f6r alla kunder som forts\u00e4tter komma, b\u00e5de de som bor i kommunen och de som flyger in fr\u00e5n n\u00e4r och fj\u00e4rran f\u00f6r att bli tatuerade av mig. Alla kunder \u00e4r viktiga. Sm\u00e5 namntatueringar likv\u00e4l som stora ryggprojekt. Jag g\u00f6r allt jag k\u00e4nner att jag klarar av! Jag \u00e4r ju trots allt tatuerare. Vill du ha en stor svart prick som t\u00e4cker halva l\u00e5ret s\u00e5 funkar det ocks\u00e5.  Det k\u00e4nns som att jag har tur, men egentligen kommer det man har fr\u00e5n m\u00e5nga \u00e5rs h\u00e5rt arbete. Att bygga upp en stark kundkrets kr\u00e4ver tid och engagemang. Tatueraryrket \u00e4r inte s\u00e5 rock\u2019n\u2019roll som m\u00e5nga tror. Det \u00e4r n\u00e4stan ett jobb dygnet runt. Men friheten v\u00e4ger upp det. Friheten att kunna v\u00e4lja hur och n\u00e4r man jobbar. Och att jag verkligen \u00e4lskar det jag g\u00f6r! Tatueringar \u00e4r helt enkelt det b\u00e4sta \ud83d\ude02\ud83d\udc4d  Kom i kontakt med Mattias: Du hittar mig och alla mina traditionella arbeten p\u00e5 sociala medier  Instagram:  @straydogstattoo  Studio:  @straydogstattoo  Adress:  G\u00f6teborg \/ Kung\u00e4lv","og_url":"https:\/\/likeink.com\/sv\/gnuggisar\/doomed\/","og_site_name":"Like ink","article_publisher":"https:\/\/www.facebook.com\/LikeInkSe","article_modified_time":"2026-04-27T13:59:29+00:00","og_image":[{"width":600,"height":422,"url":"https:\/\/likeink.com\/wp-content\/uploads\/2023\/04\/MattMachine-Doomed-Likeink-FakeTattoos.png","type":"image\/png"}],"twitter_card":"summary_large_image","twitter_misc":{"Ber\u00e4knad l\u00e4stid":"1 minut"},"schema":{"@context":"https:\/\/schema.org","@graph":[{"@type":"WebPage","@id":"https:\/\/likeink.com\/sv\/gnuggisar\/doomed\/","url":"https:\/\/likeink.com\/sv\/gnuggisar\/doomed\/","name":"Realistiska fejk tatueringar I Real Fake Tattoo I Gnuggisar - Like ink","isPartOf":{"@id":"https:\/\/likeink.com\/sv\/#website"},"primaryImageOfPage":{"@id":"https:\/\/likeink.com\/sv\/gnuggisar\/doomed\/#primaryimage"},"image":{"@id":"https:\/\/likeink.com\/sv\/gnuggisar\/doomed\/#primaryimage"},"thumbnailUrl":"https:\/\/likeink.com\/wp-content\/uploads\/2023\/04\/MattMachine-Doomed-Likeink-FakeTattoos.png","datePublished":"2023-04-18T11:43:10+00:00","dateModified":"2026-04-27T13:59:29+00:00","description":"Realistiska fejk tatueringar - Riktig tatueringkonstn\u00e4r - fejk tatueringar! Flash \"Doomed\" av Matt Machine! Snabb leverans och bra pris - Like ink","breadcrumb":{"@id":"https:\/\/likeink.com\/sv\/gnuggisar\/doomed\/#breadcrumb"},"inLanguage":"sv-SE","potentialAction":[{"@type":"ReadAction","target":["https:\/\/likeink.com\/sv\/gnuggisar\/doomed\/"]}]},{"@type":"ImageObject","inLanguage":"sv-SE","@id":"https:\/\/likeink.com\/sv\/gnuggisar\/doomed\/#primaryimage","url":"https:\/\/likeink.com\/wp-content\/uploads\/2023\/04\/MattMachine-Doomed-Likeink-FakeTattoos.png","contentUrl":"https:\/\/likeink.com\/wp-content\/uploads\/2023\/04\/MattMachine-Doomed-Likeink-FakeTattoos.png","width":600,"height":422,"caption":"Matt Machine Flash Tattoos - Fake tattoos"},{"@type":"BreadcrumbList","@id":"https:\/\/likeink.com\/sv\/gnuggisar\/doomed\/#breadcrumb","itemListElement":[{"@type":"ListItem","position":1,"name":"Hem","item":"https:\/\/likeink.com\/sv\/"},{"@type":"ListItem","position":2,"name":"Webbutik","item":"https:\/\/likeink.com\/sv\/webbutik\/"},{"@type":"ListItem","position":3,"name":"Flash &#8220;Doomed&#8221; by Matt Machine at Straydogs Tattoo"}]},{"@type":"WebSite","@id":"https:\/\/likeink.com\/sv\/#website","url":"https:\/\/likeink.com\/sv\/","name":"Like ink","description":"Make your own custom design","potentialAction":[{"@type":"SearchAction","target":{"@type":"EntryPoint","urlTemplate":"https:\/\/likeink.com\/sv\/?s={search_term_string}"},"query-input":{"@type":"PropertyValueSpecification","valueRequired":true,"valueName":"search_term_string"}}],"inLanguage":"sv-SE"}]}},"_links":{"self":[{"href":"https:\/\/likeink.com\/sv\/wp-json\/wp\/v2\/product\/16625","targetHints":{"allow":["GET"]}}],"collection":[{"href":"https:\/\/likeink.com\/sv\/wp-json\/wp\/v2\/product"}],"about":[{"href":"https:\/\/likeink.com\/sv\/wp-json\/wp\/v2\/types\/product"}],"wp:featuredmedia":[{"embeddable":true,"href":"https:\/\/likeink.com\/sv\/wp-json\/wp\/v2\/media\/16595"}],"wp:attachment":[{"href":"https:\/\/likeink.com\/sv\/wp-json\/wp\/v2\/media?parent=16625"}],"wp:term":[{"taxonomy":"product_brand","embeddable":true,"href":"https:\/\/likeink.com\/sv\/wp-json\/wp\/v2\/product_brand?post=16625"},{"taxonomy":"product_cat","embeddable":true,"href":"https:\/\/likeink.com\/sv\/wp-json\/wp\/v2\/product_cat?post=16625"},{"taxonomy":"product_tag","embeddable":true,"href":"https:\/\/likeink.com\/sv\/wp-json\/wp\/v2\/product_tag?post=16625"}],"curies":[{"name":"wp","href":"https:\/\/api.w.org\/{rel}","templated":true}]}}