{"id":16881,"date":"2023-04-18T14:12:57","date_gmt":"2023-04-18T14:12:57","guid":{"rendered":"https:\/\/likeink.se\/?post_type=product&#038;p=16881"},"modified":"2026-04-27T12:34:18","modified_gmt":"2026-04-27T12:34:18","slug":"flash-butterfly-tattoos-by-oliver-brechensbauer","status":"publish","type":"product","link":"https:\/\/likeink.com\/sv\/gnuggisar\/flash-butterfly-tattoos-by-oliver-brechensbauer\/","title":{"rendered":"Flash &#8220;Butterfly&#8221; by Oliver Brechensbauer at Zoi Tattoo"},"content":{"rendered":"","protected":false},"excerpt":{"rendered":"<p>Like Inks f\u00e4rdiga ark med tempor\u00e4ra tatueringar \u00e4r cirka 20&#215;14 cm stora och fyllda med designen du ser p\u00e5 bilden. Vi trycker och skickar ditt ark med dessa stilrena tatueringar inom 24 timmar efter din best\u00e4llning. Tatueringarna ser bra ut, h\u00e5ller h\u00f6g kvalitet och \u00e4r enkla att applicera och tv\u00e4tta bort. Like Ink f\u00f6ljer all lagstiftning f\u00f6r kosmetiska produkter inom EU, s\u00e5 du kan k\u00e4nna dig trygg n\u00e4r du best\u00e4ller tempor\u00e4ra tatueringar fr\u00e5n oss.<\/p>\n<h2>Best\u00e4ll tempor\u00e4ra tatueringar med fj\u00e4rilsmotiv designade av tatueraren Oliver Brechensbauer<\/h2>\n<p>Detta ark \u00e4r designat av tatueraren Oliver Brechensbauer, en v\u00e4nlig och talangfull tatuerare baserad i Malm\u00f6 p\u00e5 tatueringsstudion Zoi Tattoo. Vi \u00e4r v\u00e4ldigt glada \u00f6ver att kunna erbjuda flashark fr\u00e5n denna riktigt coola tatuerare.<\/p>\n<p><strong>Kom i kontakt med Oliver:<\/strong><\/p>\n<p><strong>Instagram:<\/strong><\/p>\n<p>@bbauer_tattooing<\/p>\n<p><strong>Studio:<\/strong><\/p>\n<p>Zoi Tattoo<\/p>\n<p><strong>Adress:<\/strong><\/p>\n<p>Sora Nygatan 42,<\/p>\n<p>Malm\u00f6<\/p>\n","protected":false},"featured_media":16668,"template":"","meta":[],"product_brand":[],"product_cat":[488,17,491],"product_tag":[],"class_list":{"0":"post-16881","1":"product","2":"type-product","3":"status-publish","4":"has-post-thumbnail","6":"product_cat-djur-natur","7":"product_cat-fardiga-ark","8":"product_cat-samarbeten-tatuerare","10":"first","11":"instock","12":"taxable","13":"shipping-taxable","14":"purchasable","15":"product-type-simple"},"yoast_head":"<!-- This site is optimized with the Yoast SEO Premium plugin v26.2 (Yoast SEO v27.5) - https:\/\/yoast.com\/product\/yoast-seo-premium-wordpress\/ -->\n<title>Fj\u00e4ril tillf\u00e4lliga tatueringar I Konstn\u00e4r: Oliver Brechensbauer - Like ink<\/title>\n<meta name=\"description\" content=\"Fj\u00e4ril tillf\u00e4lliga tatueringar flash fr\u00e5n tatueraren Oliver p\u00e5 Zoi Tattoo. Vi trycker h\u00f6gkvalitativa fejk tatueringar! - Like ink\" \/>\n<meta name=\"robots\" content=\"index, follow, max-snippet:-1, max-image-preview:large, max-video-preview:-1\" \/>\n<link rel=\"canonical\" href=\"https:\/\/likeink.com\/sv\/gnuggisar\/flash-butterfly-tattoos-by-oliver-brechensbauer\/\" \/>\n<meta property=\"og:locale\" content=\"sv_SE\" \/>\n<meta property=\"og:type\" content=\"article\" \/>\n<meta property=\"og:title\" content=\"Flash &quot;Butterfly&quot; by Oliver Brechensbauer at Zoi Tattoo\" \/>\n<meta property=\"og:description\" content=\"Like Inks f\u00e4rdiga ark med tempor\u00e4ra tatueringar \u00e4r cirka 20x14 cm stora och fyllda med designen du ser p\u00e5 bilden. Vi trycker och skickar ditt ark med dessa stilrena tatueringar inom 24 timmar efter din best\u00e4llning. Tatueringarna ser bra ut, h\u00e5ller h\u00f6g kvalitet och \u00e4r enkla att applicera och tv\u00e4tta bort. Like Ink f\u00f6ljer all lagstiftning f\u00f6r kosmetiska produkter inom EU, s\u00e5 du kan k\u00e4nna dig trygg n\u00e4r du best\u00e4ller tempor\u00e4ra tatueringar fr\u00e5n oss. Best\u00e4ll tempor\u00e4ra tatueringar med fj\u00e4rilsmotiv designade av tatueraren Oliver Brechensbauer Detta ark \u00e4r designat av tatueraren Oliver Brechensbauer, en v\u00e4nlig och talangfull tatuerare baserad i Malm\u00f6 p\u00e5 tatueringsstudion Zoi Tattoo. Vi \u00e4r v\u00e4ldigt glada \u00f6ver att kunna erbjuda flashark fr\u00e5n denna riktigt coola tatuerare.  Kom i kontakt med Oliver:  Instagram:  @bbauer_tattooing  Studio:  Zoi Tattoo  Adress:  Sora Nygatan 42,  Malm\u00f6\" \/>\n<meta property=\"og:url\" content=\"https:\/\/likeink.com\/sv\/gnuggisar\/flash-butterfly-tattoos-by-oliver-brechensbauer\/\" \/>\n<meta property=\"og:site_name\" content=\"Like ink\" \/>\n<meta property=\"article:publisher\" content=\"https:\/\/www.facebook.com\/LikeInkSe\" \/>\n<meta property=\"article:modified_time\" content=\"2026-04-27T12:34:18+00:00\" \/>\n<meta property=\"og:image\" content=\"https:\/\/likeink.com\/wp-content\/uploads\/2023\/04\/Oliver-Butterfly-FakeTattoos.png\" \/>\n\t<meta property=\"og:image:width\" content=\"1200\" \/>\n\t<meta property=\"og:image:height\" content=\"845\" \/>\n\t<meta property=\"og:image:type\" content=\"image\/png\" \/>\n<meta name=\"twitter:card\" content=\"summary_large_image\" \/>\n<meta name=\"twitter:label1\" content=\"Ber\u00e4knad l\u00e4stid\" \/>\n\t<meta name=\"twitter:data1\" content=\"1 minut\" \/>\n<!-- \/ Yoast SEO Premium plugin. -->","yoast_head_json":{"title":"Fj\u00e4ril tillf\u00e4lliga tatueringar I Konstn\u00e4r: Oliver Brechensbauer - Like ink","description":"Fj\u00e4ril tillf\u00e4lliga tatueringar flash fr\u00e5n tatueraren Oliver p\u00e5 Zoi Tattoo. Vi trycker h\u00f6gkvalitativa fejk tatueringar! - Like ink","robots":{"index":"index","follow":"follow","max-snippet":"max-snippet:-1","max-image-preview":"max-image-preview:large","max-video-preview":"max-video-preview:-1"},"canonical":"https:\/\/likeink.com\/sv\/gnuggisar\/flash-butterfly-tattoos-by-oliver-brechensbauer\/","og_locale":"sv_SE","og_type":"article","og_title":"Flash \"Butterfly\" by Oliver Brechensbauer at Zoi Tattoo","og_description":"Like Inks f\u00e4rdiga ark med tempor\u00e4ra tatueringar \u00e4r cirka 20x14 cm stora och fyllda med designen du ser p\u00e5 bilden. Vi trycker och skickar ditt ark med dessa stilrena tatueringar inom 24 timmar efter din best\u00e4llning. Tatueringarna ser bra ut, h\u00e5ller h\u00f6g kvalitet och \u00e4r enkla att applicera och tv\u00e4tta bort. Like Ink f\u00f6ljer all lagstiftning f\u00f6r kosmetiska produkter inom EU, s\u00e5 du kan k\u00e4nna dig trygg n\u00e4r du best\u00e4ller tempor\u00e4ra tatueringar fr\u00e5n oss. Best\u00e4ll tempor\u00e4ra tatueringar med fj\u00e4rilsmotiv designade av tatueraren Oliver Brechensbauer Detta ark \u00e4r designat av tatueraren Oliver Brechensbauer, en v\u00e4nlig och talangfull tatuerare baserad i Malm\u00f6 p\u00e5 tatueringsstudion Zoi Tattoo. Vi \u00e4r v\u00e4ldigt glada \u00f6ver att kunna erbjuda flashark fr\u00e5n denna riktigt coola tatuerare.  Kom i kontakt med Oliver:  Instagram:  @bbauer_tattooing  Studio:  Zoi Tattoo  Adress:  Sora Nygatan 42,  Malm\u00f6","og_url":"https:\/\/likeink.com\/sv\/gnuggisar\/flash-butterfly-tattoos-by-oliver-brechensbauer\/","og_site_name":"Like ink","article_publisher":"https:\/\/www.facebook.com\/LikeInkSe","article_modified_time":"2026-04-27T12:34:18+00:00","og_image":[{"width":1200,"height":845,"url":"https:\/\/likeink.com\/wp-content\/uploads\/2023\/04\/Oliver-Butterfly-FakeTattoos.png","type":"image\/png"}],"twitter_card":"summary_large_image","twitter_misc":{"Ber\u00e4knad l\u00e4stid":"1 minut"},"schema":{"@context":"https:\/\/schema.org","@graph":[{"@type":"WebPage","@id":"https:\/\/likeink.com\/sv\/gnuggisar\/flash-butterfly-tattoos-by-oliver-brechensbauer\/","url":"https:\/\/likeink.com\/sv\/gnuggisar\/flash-butterfly-tattoos-by-oliver-brechensbauer\/","name":"Fj\u00e4ril tillf\u00e4lliga tatueringar I Konstn\u00e4r: Oliver Brechensbauer - Like ink","isPartOf":{"@id":"https:\/\/likeink.com\/sv\/#website"},"primaryImageOfPage":{"@id":"https:\/\/likeink.com\/sv\/gnuggisar\/flash-butterfly-tattoos-by-oliver-brechensbauer\/#primaryimage"},"image":{"@id":"https:\/\/likeink.com\/sv\/gnuggisar\/flash-butterfly-tattoos-by-oliver-brechensbauer\/#primaryimage"},"thumbnailUrl":"https:\/\/likeink.com\/wp-content\/uploads\/2023\/04\/Oliver-Butterfly-FakeTattoos.png","datePublished":"2023-04-18T14:12:57+00:00","dateModified":"2026-04-27T12:34:18+00:00","description":"Fj\u00e4ril tillf\u00e4lliga tatueringar flash fr\u00e5n tatueraren Oliver p\u00e5 Zoi Tattoo. Vi trycker h\u00f6gkvalitativa fejk tatueringar! - Like ink","breadcrumb":{"@id":"https:\/\/likeink.com\/sv\/gnuggisar\/flash-butterfly-tattoos-by-oliver-brechensbauer\/#breadcrumb"},"inLanguage":"sv-SE","potentialAction":[{"@type":"ReadAction","target":["https:\/\/likeink.com\/sv\/gnuggisar\/flash-butterfly-tattoos-by-oliver-brechensbauer\/"]}]},{"@type":"ImageObject","inLanguage":"sv-SE","@id":"https:\/\/likeink.com\/sv\/gnuggisar\/flash-butterfly-tattoos-by-oliver-brechensbauer\/#primaryimage","url":"https:\/\/likeink.com\/wp-content\/uploads\/2023\/04\/Oliver-Butterfly-FakeTattoos.png","contentUrl":"https:\/\/likeink.com\/wp-content\/uploads\/2023\/04\/Oliver-Butterfly-FakeTattoos.png","width":1200,"height":845,"caption":"Butterfly Tattoos - Zoi Tattoo - Like ink - Artist Oliver"},{"@type":"BreadcrumbList","@id":"https:\/\/likeink.com\/sv\/gnuggisar\/flash-butterfly-tattoos-by-oliver-brechensbauer\/#breadcrumb","itemListElement":[{"@type":"ListItem","position":1,"name":"Hem","item":"https:\/\/likeink.com\/sv\/"},{"@type":"ListItem","position":2,"name":"Webbutik","item":"https:\/\/likeink.com\/sv\/webbutik\/"},{"@type":"ListItem","position":3,"name":"Flash &#8220;Butterfly&#8221; by Oliver Brechensbauer at Zoi Tattoo"}]},{"@type":"WebSite","@id":"https:\/\/likeink.com\/sv\/#website","url":"https:\/\/likeink.com\/sv\/","name":"Like ink","description":"Make your own custom design","potentialAction":[{"@type":"SearchAction","target":{"@type":"EntryPoint","urlTemplate":"https:\/\/likeink.com\/sv\/?s={search_term_string}"},"query-input":{"@type":"PropertyValueSpecification","valueRequired":true,"valueName":"search_term_string"}}],"inLanguage":"sv-SE"}]}},"_links":{"self":[{"href":"https:\/\/likeink.com\/sv\/wp-json\/wp\/v2\/product\/16881","targetHints":{"allow":["GET"]}}],"collection":[{"href":"https:\/\/likeink.com\/sv\/wp-json\/wp\/v2\/product"}],"about":[{"href":"https:\/\/likeink.com\/sv\/wp-json\/wp\/v2\/types\/product"}],"wp:featuredmedia":[{"embeddable":true,"href":"https:\/\/likeink.com\/sv\/wp-json\/wp\/v2\/media\/16668"}],"wp:attachment":[{"href":"https:\/\/likeink.com\/sv\/wp-json\/wp\/v2\/media?parent=16881"}],"wp:term":[{"taxonomy":"product_brand","embeddable":true,"href":"https:\/\/likeink.com\/sv\/wp-json\/wp\/v2\/product_brand?post=16881"},{"taxonomy":"product_cat","embeddable":true,"href":"https:\/\/likeink.com\/sv\/wp-json\/wp\/v2\/product_cat?post=16881"},{"taxonomy":"product_tag","embeddable":true,"href":"https:\/\/likeink.com\/sv\/wp-json\/wp\/v2\/product_tag?post=16881"}],"curies":[{"name":"wp","href":"https:\/\/api.w.org\/{rel}","templated":true}]}}