{"id":16997,"date":"2023-04-19T13:57:56","date_gmt":"2023-04-19T13:57:56","guid":{"rendered":"https:\/\/likeink.se\/?post_type=product&#038;p=16997"},"modified":"2026-04-14T14:28:05","modified_gmt":"2026-04-14T14:28:05","slug":"flash-broken-hearts-by-nicklas-wennerberg","status":"publish","type":"product","link":"https:\/\/likeink.com\/sv\/gnuggisar\/flash-broken-hearts-by-nicklas-wennerberg\/","title":{"rendered":"Flash &#8221;Broken hearts&#8221; by Nicklas Wennerberg at Zoi Tattoo"},"content":{"rendered":"","protected":false},"excerpt":{"rendered":"<p>Like Ink&#8217;s ready-to-use sheets with fake tattoos are approximately 20&#215;14 cm in size and filled with the design you see in the picture. We print and ship your sheet with these stylish tattoos within 24 hours after you have ordered. The tattoos look good, are of high quality, and are easy to apply and wash off. Like Ink complies with all legislation for cosmetic products in the EU, so you can feel safe when ordering fake tattoos from us.<\/p>\n<h2>Order broken heart fake tattoos designed by the tattoo artist, Nicklas Wennerberg<\/h2>\n<p>This sheet is designed by the very talanted tattoo artist Nicklas Wennerberg, an experienced and very good tattoo artist based in Malm\u00f6 at the tattoo studio Zoi Tattoo. We are super happy to to offer some flash sheets from this super cool tattoo artist! No time for pocketwatches.<\/p>\n<p><strong>Get in touch with Nicklas:<\/strong><\/p>\n<p><strong>Instagram:<\/strong><\/p>\n<p>@nick040tattoo<\/p>\n<p><strong>Studio:<\/strong><\/p>\n<p>Zoi Tattoo<\/p>\n<p><strong>Adress:<\/strong><\/p>\n<p>Sora Nygatan 42,<\/p>\n<p>Malm\u00f6<\/p>\n","protected":false},"featured_media":16952,"template":"","meta":[],"product_brand":[],"product_cat":[491,17,494,124],"product_tag":[],"class_list":{"0":"post-16997","1":"product","2":"type-product","3":"status-publish","4":"has-post-thumbnail","6":"product_cat-samarbeten-tatuerare","7":"product_cat-fardiga-ark","8":"product_cat-karlek-romantik","9":"product_cat-samarbeten-med-tatuerare","11":"first","12":"instock","13":"taxable","14":"shipping-taxable","15":"purchasable","16":"product-type-simple"},"yoast_head":"<!-- This site is optimized with the Yoast SEO Premium plugin v26.2 (Yoast SEO v27.4) - https:\/\/yoast.com\/product\/yoast-seo-premium-wordpress\/ -->\n<title>Broken Hearts Tattoo by Nicklas - Like Ink<\/title>\n<meta name=\"description\" content=\"Brutna hj\u00e4rtan tatueringar designade av Nicklas Wennerberg. Superbeg\u00e5vad tatueringskonstn\u00e4r baserad i Malm\u00f6. - Like ink\" \/>\n<meta name=\"robots\" content=\"index, follow, max-snippet:-1, max-image-preview:large, max-video-preview:-1\" \/>\n<link rel=\"canonical\" href=\"https:\/\/likeink.com\/sv\/gnuggisar\/flash-broken-hearts-by-nicklas-wennerberg\/\" \/>\n<meta property=\"og:locale\" content=\"sv_SE\" \/>\n<meta property=\"og:type\" content=\"article\" \/>\n<meta property=\"og:title\" content=\"Flash &quot;Broken hearts&quot; by Nicklas Wennerberg at Zoi Tattoo\" \/>\n<meta property=\"og:description\" content=\"Like Ink&#039;s ready-to-use sheets with fake tattoos are approximately 20x14 cm in size and filled with the design you see in the picture. We print and ship your sheet with these stylish tattoos within 24 hours after you have ordered. The tattoos look good, are of high quality, and are easy to apply and wash off. Like Ink complies with all legislation for cosmetic products in the EU, so you can feel safe when ordering fake tattoos from us. Order broken heart fake tattoos designed by the tattoo artist, Nicklas Wennerberg This sheet is designed by the very talanted tattoo artist Nicklas Wennerberg, an experienced and very good tattoo artist based in Malm\u00f6 at the tattoo studio Zoi Tattoo. We are super happy to to offer some flash sheets from this super cool tattoo artist! No time for pocketwatches.  Get in touch with Nicklas:  Instagram:  @nick040tattoo  Studio:  Zoi Tattoo  Adress:  Sora Nygatan 42,  Malm\u00f6\" \/>\n<meta property=\"og:url\" content=\"https:\/\/likeink.com\/sv\/gnuggisar\/flash-broken-hearts-by-nicklas-wennerberg\/\" \/>\n<meta property=\"og:site_name\" content=\"Like ink\" \/>\n<meta property=\"article:publisher\" content=\"https:\/\/www.facebook.com\/LikeInkSe\" \/>\n<meta property=\"article:modified_time\" content=\"2026-04-14T14:28:05+00:00\" \/>\n<meta property=\"og:image\" content=\"https:\/\/likeink.com\/wp-content\/uploads\/2023\/04\/Nicklas-Wennerberg-BrokenHearts-Faketattoo.jpg\" \/>\n\t<meta property=\"og:image:width\" content=\"1200\" \/>\n\t<meta property=\"og:image:height\" content=\"845\" \/>\n\t<meta property=\"og:image:type\" content=\"image\/jpeg\" \/>\n<meta name=\"twitter:card\" content=\"summary_large_image\" \/>\n<script type=\"application\/ld+json\" class=\"yoast-schema-graph\">{\"@context\":\"https:\\\/\\\/schema.org\",\"@graph\":[{\"@type\":\"WebPage\",\"@id\":\"https:\\\/\\\/likeink.com\\\/sv\\\/gnuggisar\\\/flash-broken-hearts-by-nicklas-wennerberg\\\/\",\"url\":\"https:\\\/\\\/likeink.com\\\/sv\\\/gnuggisar\\\/flash-broken-hearts-by-nicklas-wennerberg\\\/\",\"name\":\"Broken Hearts Tattoo by Nicklas - Like Ink\",\"isPartOf\":{\"@id\":\"https:\\\/\\\/likeink.com\\\/sv\\\/#website\"},\"primaryImageOfPage\":{\"@id\":\"https:\\\/\\\/likeink.com\\\/sv\\\/gnuggisar\\\/flash-broken-hearts-by-nicklas-wennerberg\\\/#primaryimage\"},\"image\":{\"@id\":\"https:\\\/\\\/likeink.com\\\/sv\\\/gnuggisar\\\/flash-broken-hearts-by-nicklas-wennerberg\\\/#primaryimage\"},\"thumbnailUrl\":\"https:\\\/\\\/likeink.com\\\/wp-content\\\/uploads\\\/2023\\\/04\\\/Nicklas-Wennerberg-BrokenHearts-Faketattoo.jpg\",\"datePublished\":\"2023-04-19T13:57:56+00:00\",\"dateModified\":\"2026-04-14T14:28:05+00:00\",\"description\":\"Brutna hj\u00e4rtan tatueringar designade av Nicklas Wennerberg. Superbeg\u00e5vad tatueringskonstn\u00e4r baserad i Malm\u00f6. - Like ink\",\"breadcrumb\":{\"@id\":\"https:\\\/\\\/likeink.com\\\/sv\\\/gnuggisar\\\/flash-broken-hearts-by-nicklas-wennerberg\\\/#breadcrumb\"},\"inLanguage\":\"sv-SE\",\"potentialAction\":[{\"@type\":\"ReadAction\",\"target\":[\"https:\\\/\\\/likeink.com\\\/sv\\\/gnuggisar\\\/flash-broken-hearts-by-nicklas-wennerberg\\\/\"]}]},{\"@type\":\"ImageObject\",\"inLanguage\":\"sv-SE\",\"@id\":\"https:\\\/\\\/likeink.com\\\/sv\\\/gnuggisar\\\/flash-broken-hearts-by-nicklas-wennerberg\\\/#primaryimage\",\"url\":\"https:\\\/\\\/likeink.com\\\/wp-content\\\/uploads\\\/2023\\\/04\\\/Nicklas-Wennerberg-BrokenHearts-Faketattoo.jpg\",\"contentUrl\":\"https:\\\/\\\/likeink.com\\\/wp-content\\\/uploads\\\/2023\\\/04\\\/Nicklas-Wennerberg-BrokenHearts-Faketattoo.jpg\",\"width\":1200,\"height\":845,\"caption\":\"Tatuerings artist Nicklas Wennerberg flashark med brustna hj\u00e4rtan.\"},{\"@type\":\"BreadcrumbList\",\"@id\":\"https:\\\/\\\/likeink.com\\\/sv\\\/gnuggisar\\\/flash-broken-hearts-by-nicklas-wennerberg\\\/#breadcrumb\",\"itemListElement\":[{\"@type\":\"ListItem\",\"position\":1,\"name\":\"Hem\",\"item\":\"https:\\\/\\\/likeink.com\\\/sv\\\/\"},{\"@type\":\"ListItem\",\"position\":2,\"name\":\"Webbutik\",\"item\":\"https:\\\/\\\/likeink.com\\\/sv\\\/webbutik\\\/\"},{\"@type\":\"ListItem\",\"position\":3,\"name\":\"Flash &#8220;Broken hearts&#8221; by Nicklas Wennerberg at Zoi Tattoo\"}]},{\"@type\":\"WebSite\",\"@id\":\"https:\\\/\\\/likeink.com\\\/sv\\\/#website\",\"url\":\"https:\\\/\\\/likeink.com\\\/sv\\\/\",\"name\":\"Like ink\",\"description\":\"Make your own custom design\",\"potentialAction\":[{\"@type\":\"SearchAction\",\"target\":{\"@type\":\"EntryPoint\",\"urlTemplate\":\"https:\\\/\\\/likeink.com\\\/sv\\\/?s={search_term_string}\"},\"query-input\":{\"@type\":\"PropertyValueSpecification\",\"valueRequired\":true,\"valueName\":\"search_term_string\"}}],\"inLanguage\":\"sv-SE\"}]}<\/script>\n<!-- \/ Yoast SEO Premium plugin. -->","yoast_head_json":{"title":"Broken Hearts Tattoo by Nicklas - Like Ink","description":"Brutna hj\u00e4rtan tatueringar designade av Nicklas Wennerberg. Superbeg\u00e5vad tatueringskonstn\u00e4r baserad i Malm\u00f6. - Like ink","robots":{"index":"index","follow":"follow","max-snippet":"max-snippet:-1","max-image-preview":"max-image-preview:large","max-video-preview":"max-video-preview:-1"},"canonical":"https:\/\/likeink.com\/sv\/gnuggisar\/flash-broken-hearts-by-nicklas-wennerberg\/","og_locale":"sv_SE","og_type":"article","og_title":"Flash \"Broken hearts\" by Nicklas Wennerberg at Zoi Tattoo","og_description":"Like Ink's ready-to-use sheets with fake tattoos are approximately 20x14 cm in size and filled with the design you see in the picture. We print and ship your sheet with these stylish tattoos within 24 hours after you have ordered. The tattoos look good, are of high quality, and are easy to apply and wash off. Like Ink complies with all legislation for cosmetic products in the EU, so you can feel safe when ordering fake tattoos from us. Order broken heart fake tattoos designed by the tattoo artist, Nicklas Wennerberg This sheet is designed by the very talanted tattoo artist Nicklas Wennerberg, an experienced and very good tattoo artist based in Malm\u00f6 at the tattoo studio Zoi Tattoo. We are super happy to to offer some flash sheets from this super cool tattoo artist! No time for pocketwatches.  Get in touch with Nicklas:  Instagram:  @nick040tattoo  Studio:  Zoi Tattoo  Adress:  Sora Nygatan 42,  Malm\u00f6","og_url":"https:\/\/likeink.com\/sv\/gnuggisar\/flash-broken-hearts-by-nicklas-wennerberg\/","og_site_name":"Like ink","article_publisher":"https:\/\/www.facebook.com\/LikeInkSe","article_modified_time":"2026-04-14T14:28:05+00:00","og_image":[{"width":1200,"height":845,"url":"https:\/\/likeink.com\/wp-content\/uploads\/2023\/04\/Nicklas-Wennerberg-BrokenHearts-Faketattoo.jpg","type":"image\/jpeg"}],"twitter_card":"summary_large_image","schema":{"@context":"https:\/\/schema.org","@graph":[{"@type":"WebPage","@id":"https:\/\/likeink.com\/sv\/gnuggisar\/flash-broken-hearts-by-nicklas-wennerberg\/","url":"https:\/\/likeink.com\/sv\/gnuggisar\/flash-broken-hearts-by-nicklas-wennerberg\/","name":"Broken Hearts Tattoo by Nicklas - Like Ink","isPartOf":{"@id":"https:\/\/likeink.com\/sv\/#website"},"primaryImageOfPage":{"@id":"https:\/\/likeink.com\/sv\/gnuggisar\/flash-broken-hearts-by-nicklas-wennerberg\/#primaryimage"},"image":{"@id":"https:\/\/likeink.com\/sv\/gnuggisar\/flash-broken-hearts-by-nicklas-wennerberg\/#primaryimage"},"thumbnailUrl":"https:\/\/likeink.com\/wp-content\/uploads\/2023\/04\/Nicklas-Wennerberg-BrokenHearts-Faketattoo.jpg","datePublished":"2023-04-19T13:57:56+00:00","dateModified":"2026-04-14T14:28:05+00:00","description":"Brutna hj\u00e4rtan tatueringar designade av Nicklas Wennerberg. Superbeg\u00e5vad tatueringskonstn\u00e4r baserad i Malm\u00f6. - Like ink","breadcrumb":{"@id":"https:\/\/likeink.com\/sv\/gnuggisar\/flash-broken-hearts-by-nicklas-wennerberg\/#breadcrumb"},"inLanguage":"sv-SE","potentialAction":[{"@type":"ReadAction","target":["https:\/\/likeink.com\/sv\/gnuggisar\/flash-broken-hearts-by-nicklas-wennerberg\/"]}]},{"@type":"ImageObject","inLanguage":"sv-SE","@id":"https:\/\/likeink.com\/sv\/gnuggisar\/flash-broken-hearts-by-nicklas-wennerberg\/#primaryimage","url":"https:\/\/likeink.com\/wp-content\/uploads\/2023\/04\/Nicklas-Wennerberg-BrokenHearts-Faketattoo.jpg","contentUrl":"https:\/\/likeink.com\/wp-content\/uploads\/2023\/04\/Nicklas-Wennerberg-BrokenHearts-Faketattoo.jpg","width":1200,"height":845,"caption":"Tatuerings artist Nicklas Wennerberg flashark med brustna hj\u00e4rtan."},{"@type":"BreadcrumbList","@id":"https:\/\/likeink.com\/sv\/gnuggisar\/flash-broken-hearts-by-nicklas-wennerberg\/#breadcrumb","itemListElement":[{"@type":"ListItem","position":1,"name":"Hem","item":"https:\/\/likeink.com\/sv\/"},{"@type":"ListItem","position":2,"name":"Webbutik","item":"https:\/\/likeink.com\/sv\/webbutik\/"},{"@type":"ListItem","position":3,"name":"Flash &#8220;Broken hearts&#8221; by Nicklas Wennerberg at Zoi Tattoo"}]},{"@type":"WebSite","@id":"https:\/\/likeink.com\/sv\/#website","url":"https:\/\/likeink.com\/sv\/","name":"Like ink","description":"Make your own custom design","potentialAction":[{"@type":"SearchAction","target":{"@type":"EntryPoint","urlTemplate":"https:\/\/likeink.com\/sv\/?s={search_term_string}"},"query-input":{"@type":"PropertyValueSpecification","valueRequired":true,"valueName":"search_term_string"}}],"inLanguage":"sv-SE"}]}},"_links":{"self":[{"href":"https:\/\/likeink.com\/sv\/wp-json\/wp\/v2\/product\/16997","targetHints":{"allow":["GET"]}}],"collection":[{"href":"https:\/\/likeink.com\/sv\/wp-json\/wp\/v2\/product"}],"about":[{"href":"https:\/\/likeink.com\/sv\/wp-json\/wp\/v2\/types\/product"}],"wp:featuredmedia":[{"embeddable":true,"href":"https:\/\/likeink.com\/sv\/wp-json\/wp\/v2\/media\/16952"}],"wp:attachment":[{"href":"https:\/\/likeink.com\/sv\/wp-json\/wp\/v2\/media?parent=16997"}],"wp:term":[{"taxonomy":"product_brand","embeddable":true,"href":"https:\/\/likeink.com\/sv\/wp-json\/wp\/v2\/product_brand?post=16997"},{"taxonomy":"product_cat","embeddable":true,"href":"https:\/\/likeink.com\/sv\/wp-json\/wp\/v2\/product_cat?post=16997"},{"taxonomy":"product_tag","embeddable":true,"href":"https:\/\/likeink.com\/sv\/wp-json\/wp\/v2\/product_tag?post=16997"}],"curies":[{"name":"wp","href":"https:\/\/api.w.org\/{rel}","templated":true}]}}