{"id":170,"date":"2019-02-01T15:00:46","date_gmt":"2019-02-01T15:00:46","guid":{"rendered":"https:\/\/likeink.se\/?post_type=product&#038;p=170"},"modified":"2024-02-14T16:23:27","modified_gmt":"2024-02-14T16:23:27","slug":"eventpaket-medium","status":"publish","type":"product","link":"https:\/\/likeink.com\/sv\/gnuggisar\/eventpaket-medium\/","title":{"rendered":"Eventpaket Medium 120 ark"},"content":{"rendered":"<p class=\"p1\"><span class=\"s1\">Att marknadsf\u00f6ra sitt varum\u00e4rke eller f\u00f6retag med tempor\u00e4ra tatueringar \u00e4r ett roligt och prisv\u00e4rt s\u00e4tt att n\u00e5 ut till sin publik. Det g\u00e4ller b\u00e5de inhouse p\u00e5 firmafester, f\u00f6r teambuildning, kickoffer och gentemot kunder.<\/span><\/p>\n<p class=\"p1\"><span class=\"s1\">Blir det tatueringar \u00f6ver s\u00e5 har ni en perfekt giveaway till kunder, f\u00f6r fotografering och framtida fester.<\/span><\/p>\n<p class=\"p1\"><span class=\"s1\">Like inks gnuggistatueringar h\u00e5ller l\u00e4nge och ser ut som riktiga tatueringar! Nedan listar vi n\u00e5gra tillf\u00e4llen n\u00e4r v\u00e5ra eventpaket passar perfekt!\u00a0<\/span><\/p>\n<p class=\"p2\"><span class=\"s2\"><b>M\u00e4ssor och events:<\/b>\u00a0Att dela ut gnuggisar med er logotyp, en hashtag eller kanske ett budskap p\u00e5 m\u00e4ssor och olika event lockar b\u00e5de publik och f\u00e5r era bes\u00f6kare att komma ih\u00e5g er.<span class=\"Apple-converted-space\">\u00a0\u00a0<\/span>Dessutom brukar folk tycka att det \u00e4r roligt att fota sina gnuggisar och dela i sociala medier.<\/span><\/p>\n<p class=\"p3\"><span class=\"s1\"><b>Br\u00f6llop, svensexa\/m\u00f6hippa:\u00a0<\/b>En gnuggistatuering med brudens alla ex p\u00e5 m\u00f6hippan eller en massa ansiktstatueringar eller dagens schema p\u00e5 den blivande mannen p\u00e5 svensexan blir garanterat en rivstart p\u00e5 festen. Gnuggisar \u00e4r kul! Att dela ut gnuggisar med ett fint foto p\u00e5 brudparet eller ett budskap g\u00f6r garanterat br\u00f6lloppsdagen minnesv\u00e4rd och \u00e4r roligt f\u00f6r b\u00e5de brudpar och g\u00e4ster.<\/span><span class=\"s3\"><b><br \/>\n<\/b><\/span><\/p>\n<p class=\"p2\"><span class=\"s2\"><b>Marknadsf\u00f6ring:<\/b>\u00a0Gnuggisar i marknadsf\u00f6ringssyfte \u00e4r klockrent. Dela ut gnuggisar p\u00e5 m\u00e4ssor och events, skicka med en eng\u00e5ngstatuering med en kunds order eller kanske med fakturan. M\u00e5nga best\u00e4ller ocks\u00e5 gnuggisar av oss inf\u00f6r fotograferingar, filminspelning och reklamkampanjer.<\/span><\/p>\n<p class=\"p2\"><span class=\"s2\"><b>Klubb \/ studentf\u00f6rening:<\/b>\u00a0Anv\u00e4nd eng\u00e5ngstatueringar som entrebiljetter, kanske med olika budskap s\u00e5 f\u00e5r g\u00e4sterna n\u00e5got att prata om och visa upp. Eng\u00e5ngstatueringar tenderar att \u00f6ka gemenskapen p\u00e5 en fest och g\u00f6r den minnesv\u00e4rd.<\/span><\/p>\n<p class=\"p2\"><span class=\"s2\"><b>Politik och kampanjer:<\/b>\u00a0Politiska budskap, logotyper och p\u00e5st\u00e5enden g\u00f6r sig perfekta i form av en gnuggistatuering! Visa vad just ni tycker och st\u00e5r.<\/span><\/p>\n<p class=\"p2\"><span class=\"s2\"><b>Kickoff och firmafester:\u00a0<\/b>Vill ni att chefen ska vara p\u00e5 extra bra hum\u00f6r p\u00e5 festen och att det ska bli maxad team spirit s\u00e5 \u00e4r gnuggisar med f\u00f6retagets logotyp, en m\u00e5lbild eller ledord perfekt! Prova eng\u00e5ngstatueringar p\u00e5 n\u00e4sta fest, det kommer bli succ\u00e9.<\/span><\/p>\n<p class=\"p2\"><span class=\"s2\"><b>Fest och kalas:<\/b>\u00a0Like inks gnuggistatueringar \u00e4r l\u00e4mpliga f\u00f6r barn och \u00e4r allergiv\u00e4nliga. Vill ni skapa kalaset alla minns och pratar om oavsett \u00e5lder s\u00e5 \u00e4r gnuggisar ett m\u00e5ste.<\/span><\/p>\n<p class=\"p2\"><span class=\"s2\"><b>Festivaler:\u00a0<\/b>Oavsett om du jobbar p\u00e5, arrangerar eller bes\u00f6ker en festival s\u00e5 passar en egendesignad gnuggistatueringar perfekt.<b>\u00a0<\/b>Vem \u00e4r du, vilka \u00e4r du med, vilket band gillar du? Svara p\u00e5 det med en tatuering.<\/span><\/p>\n<p class=\"p2\"><span class=\"s2\"><b>Matcher, idrottsarrangemang och konserter<\/b>: T\u00e4nk er en hel hejarklack d\u00e4r alla har sitt favoritlags tatuering p\u00e5 halsen eller armen. Gnuggistatueringar sprider gl\u00e4dje, sammanh\u00e5llning och gemenskap. Att ha lag-tatueringar p\u00e5 en cupp, en t\u00e4vling \u00e4r ocks\u00e5 roligt och kanske s\u00e5 leder det till att alla ger det d\u00e4r lilla extra som ibland beh\u00f6vs.<\/span><\/p>\n<p class=\"p2\"><span class=\"s2\"><b>Merch och releaser:\u00a0<\/b>K\u00f6p gnuggistatueringar f\u00f6r n\u00e5gra kronor styck och s\u00e4lj f\u00f6r n\u00e5gra tior styck, dessutom f\u00e5r du en publik som b\u00e4r det du s\u00e5lt till dem p\u00e5 huden och troligtvis sprider det i sociala medier. Ganska bra ellerhur?<\/span><\/p>\n","protected":false},"excerpt":{"rendered":"<p class=\"p1\"><span class=\"s1\">I det h\u00e4r paketet s\u00e5 trycker vi upp 120 stycken A5 ark med bilden ni laddar upp. Beroende p\u00e5 bildens form v\u00e4ljer vi l\u00e4mpliga storlekar och ger er en bra mix med b\u00e5de stora och sm\u00e5 tatueringar. Det h\u00e4r paketet \u00e4r l\u00e4mpligt f\u00f6r fester och events med upp till 500 personer. Vi levererar helt enkelt 120 ark fyllda med gnuggisar i olika storlekar och allt du beh\u00f6ver g\u00f6ra \u00e4r att ladda upp en enda bild.<\/span><\/p>\n","protected":false},"featured_media":20811,"template":"","meta":[],"product_brand":[],"product_cat":[16],"product_tag":[],"class_list":{"0":"post-170","1":"product","2":"type-product","3":"status-publish","4":"has-post-thumbnail","6":"product_cat-okategoriserad","8":"first","9":"instock","10":"taxable","11":"shipping-taxable","12":"purchasable","13":"product-type-simple"},"yoast_head":"<!-- This site is optimized with the Yoast SEO Premium plugin v26.2 (Yoast SEO v27.4) - https:\/\/yoast.com\/product\/yoast-seo-premium-wordpress\/ -->\n<title>K\u00f6p gnuggisar medium | Egen design | Till fest - Like ink<\/title>\n<meta name=\"description\" content=\"Best\u00e4ll medium egendesignade gnuggisar till br\u00f6llop, fester och events! Tillverkning i Sverige, bra priser och snabb leverans - Like ink\" \/>\n<meta name=\"robots\" content=\"index, follow, max-snippet:-1, max-image-preview:large, max-video-preview:-1\" \/>\n<link rel=\"canonical\" href=\"https:\/\/likeink.com\/sv\/gnuggisar\/eventpaket-medium\/\" \/>\n<meta property=\"og:locale\" content=\"sv_SE\" \/>\n<meta property=\"og:type\" content=\"article\" \/>\n<meta property=\"og:title\" content=\"Eventpaket Medium 120 ark\" \/>\n<meta property=\"og:description\" content=\"I det h\u00e4r paketet s\u00e5 trycker vi upp 120 stycken A5 ark med bilden ni laddar upp. Beroende p\u00e5 bildens form v\u00e4ljer vi l\u00e4mpliga storlekar och ger er en bra mix med b\u00e5de stora och sm\u00e5 tatueringar. Det h\u00e4r paketet \u00e4r l\u00e4mpligt f\u00f6r fester och events med upp till 500 personer. Vi levererar helt enkelt 120 ark fyllda med gnuggisar i olika storlekar och allt du beh\u00f6ver g\u00f6ra \u00e4r att ladda upp en enda bild.\" \/>\n<meta property=\"og:url\" content=\"https:\/\/likeink.com\/sv\/gnuggisar\/eventpaket-medium\/\" \/>\n<meta property=\"og:site_name\" content=\"Like ink\" \/>\n<meta property=\"article:publisher\" content=\"https:\/\/www.facebook.com\/LikeInkSe\" \/>\n<meta property=\"article:modified_time\" content=\"2024-02-14T16:23:27+00:00\" \/>\n<meta property=\"og:image\" content=\"https:\/\/likeink.com\/wp-content\/uploads\/2019\/02\/temporary-tattoos-event-medium.jpg\" \/>\n\t<meta property=\"og:image:width\" content=\"1686\" \/>\n\t<meta property=\"og:image:height\" content=\"1686\" \/>\n\t<meta property=\"og:image:type\" content=\"image\/jpeg\" \/>\n<meta name=\"twitter:card\" content=\"summary_large_image\" \/>\n<meta name=\"twitter:label1\" content=\"Ber\u00e4knad l\u00e4stid\" \/>\n\t<meta name=\"twitter:data1\" content=\"3 minuter\" \/>\n<script type=\"application\/ld+json\" class=\"yoast-schema-graph\">{\"@context\":\"https:\\\/\\\/schema.org\",\"@graph\":[{\"@type\":\"WebPage\",\"@id\":\"https:\\\/\\\/likeink.com\\\/sv\\\/gnuggisar\\\/eventpaket-medium\\\/\",\"url\":\"https:\\\/\\\/likeink.com\\\/sv\\\/gnuggisar\\\/eventpaket-medium\\\/\",\"name\":\"K\u00f6p gnuggisar medium | Egen design | Till fest - Like ink\",\"isPartOf\":{\"@id\":\"https:\\\/\\\/likeink.com\\\/sv\\\/#website\"},\"primaryImageOfPage\":{\"@id\":\"https:\\\/\\\/likeink.com\\\/sv\\\/gnuggisar\\\/eventpaket-medium\\\/#primaryimage\"},\"image\":{\"@id\":\"https:\\\/\\\/likeink.com\\\/sv\\\/gnuggisar\\\/eventpaket-medium\\\/#primaryimage\"},\"thumbnailUrl\":\"https:\\\/\\\/likeink.com\\\/wp-content\\\/uploads\\\/2019\\\/02\\\/temporary-tattoos-event-medium.jpg\",\"datePublished\":\"2019-02-01T15:00:46+00:00\",\"dateModified\":\"2024-02-14T16:23:27+00:00\",\"description\":\"Best\u00e4ll medium egendesignade gnuggisar till br\u00f6llop, fester och events! Tillverkning i Sverige, bra priser och snabb leverans - Like ink\",\"breadcrumb\":{\"@id\":\"https:\\\/\\\/likeink.com\\\/sv\\\/gnuggisar\\\/eventpaket-medium\\\/#breadcrumb\"},\"inLanguage\":\"sv-SE\",\"potentialAction\":[{\"@type\":\"ReadAction\",\"target\":[\"https:\\\/\\\/likeink.com\\\/sv\\\/gnuggisar\\\/eventpaket-medium\\\/\"]}]},{\"@type\":\"ImageObject\",\"inLanguage\":\"sv-SE\",\"@id\":\"https:\\\/\\\/likeink.com\\\/sv\\\/gnuggisar\\\/eventpaket-medium\\\/#primaryimage\",\"url\":\"https:\\\/\\\/likeink.com\\\/wp-content\\\/uploads\\\/2019\\\/02\\\/temporary-tattoos-event-medium.jpg\",\"contentUrl\":\"https:\\\/\\\/likeink.com\\\/wp-content\\\/uploads\\\/2019\\\/02\\\/temporary-tattoos-event-medium.jpg\",\"width\":1686,\"height\":1686,\"caption\":\"Your Image Here Tattoo on wrist\"},{\"@type\":\"BreadcrumbList\",\"@id\":\"https:\\\/\\\/likeink.com\\\/sv\\\/gnuggisar\\\/eventpaket-medium\\\/#breadcrumb\",\"itemListElement\":[{\"@type\":\"ListItem\",\"position\":1,\"name\":\"Hem\",\"item\":\"https:\\\/\\\/likeink.com\\\/sv\\\/\"},{\"@type\":\"ListItem\",\"position\":2,\"name\":\"Webbutik\",\"item\":\"https:\\\/\\\/likeink.com\\\/sv\\\/webbutik\\\/\"},{\"@type\":\"ListItem\",\"position\":3,\"name\":\"Eventpaket Medium 120 ark\"}]},{\"@type\":\"WebSite\",\"@id\":\"https:\\\/\\\/likeink.com\\\/sv\\\/#website\",\"url\":\"https:\\\/\\\/likeink.com\\\/sv\\\/\",\"name\":\"Like ink\",\"description\":\"Make your own custom design\",\"potentialAction\":[{\"@type\":\"SearchAction\",\"target\":{\"@type\":\"EntryPoint\",\"urlTemplate\":\"https:\\\/\\\/likeink.com\\\/sv\\\/?s={search_term_string}\"},\"query-input\":{\"@type\":\"PropertyValueSpecification\",\"valueRequired\":true,\"valueName\":\"search_term_string\"}}],\"inLanguage\":\"sv-SE\"}]}<\/script>\n<!-- \/ Yoast SEO Premium plugin. -->","yoast_head_json":{"title":"K\u00f6p gnuggisar medium | Egen design | Till fest - Like ink","description":"Best\u00e4ll medium egendesignade gnuggisar till br\u00f6llop, fester och events! Tillverkning i Sverige, bra priser och snabb leverans - Like ink","robots":{"index":"index","follow":"follow","max-snippet":"max-snippet:-1","max-image-preview":"max-image-preview:large","max-video-preview":"max-video-preview:-1"},"canonical":"https:\/\/likeink.com\/sv\/gnuggisar\/eventpaket-medium\/","og_locale":"sv_SE","og_type":"article","og_title":"Eventpaket Medium 120 ark","og_description":"I det h\u00e4r paketet s\u00e5 trycker vi upp 120 stycken A5 ark med bilden ni laddar upp. Beroende p\u00e5 bildens form v\u00e4ljer vi l\u00e4mpliga storlekar och ger er en bra mix med b\u00e5de stora och sm\u00e5 tatueringar. Det h\u00e4r paketet \u00e4r l\u00e4mpligt f\u00f6r fester och events med upp till 500 personer. Vi levererar helt enkelt 120 ark fyllda med gnuggisar i olika storlekar och allt du beh\u00f6ver g\u00f6ra \u00e4r att ladda upp en enda bild.","og_url":"https:\/\/likeink.com\/sv\/gnuggisar\/eventpaket-medium\/","og_site_name":"Like ink","article_publisher":"https:\/\/www.facebook.com\/LikeInkSe","article_modified_time":"2024-02-14T16:23:27+00:00","og_image":[{"width":1686,"height":1686,"url":"https:\/\/likeink.com\/wp-content\/uploads\/2019\/02\/temporary-tattoos-event-medium.jpg","type":"image\/jpeg"}],"twitter_card":"summary_large_image","twitter_misc":{"Ber\u00e4knad l\u00e4stid":"3 minuter"},"schema":{"@context":"https:\/\/schema.org","@graph":[{"@type":"WebPage","@id":"https:\/\/likeink.com\/sv\/gnuggisar\/eventpaket-medium\/","url":"https:\/\/likeink.com\/sv\/gnuggisar\/eventpaket-medium\/","name":"K\u00f6p gnuggisar medium | Egen design | Till fest - Like ink","isPartOf":{"@id":"https:\/\/likeink.com\/sv\/#website"},"primaryImageOfPage":{"@id":"https:\/\/likeink.com\/sv\/gnuggisar\/eventpaket-medium\/#primaryimage"},"image":{"@id":"https:\/\/likeink.com\/sv\/gnuggisar\/eventpaket-medium\/#primaryimage"},"thumbnailUrl":"https:\/\/likeink.com\/wp-content\/uploads\/2019\/02\/temporary-tattoos-event-medium.jpg","datePublished":"2019-02-01T15:00:46+00:00","dateModified":"2024-02-14T16:23:27+00:00","description":"Best\u00e4ll medium egendesignade gnuggisar till br\u00f6llop, fester och events! Tillverkning i Sverige, bra priser och snabb leverans - Like ink","breadcrumb":{"@id":"https:\/\/likeink.com\/sv\/gnuggisar\/eventpaket-medium\/#breadcrumb"},"inLanguage":"sv-SE","potentialAction":[{"@type":"ReadAction","target":["https:\/\/likeink.com\/sv\/gnuggisar\/eventpaket-medium\/"]}]},{"@type":"ImageObject","inLanguage":"sv-SE","@id":"https:\/\/likeink.com\/sv\/gnuggisar\/eventpaket-medium\/#primaryimage","url":"https:\/\/likeink.com\/wp-content\/uploads\/2019\/02\/temporary-tattoos-event-medium.jpg","contentUrl":"https:\/\/likeink.com\/wp-content\/uploads\/2019\/02\/temporary-tattoos-event-medium.jpg","width":1686,"height":1686,"caption":"Your Image Here Tattoo on wrist"},{"@type":"BreadcrumbList","@id":"https:\/\/likeink.com\/sv\/gnuggisar\/eventpaket-medium\/#breadcrumb","itemListElement":[{"@type":"ListItem","position":1,"name":"Hem","item":"https:\/\/likeink.com\/sv\/"},{"@type":"ListItem","position":2,"name":"Webbutik","item":"https:\/\/likeink.com\/sv\/webbutik\/"},{"@type":"ListItem","position":3,"name":"Eventpaket Medium 120 ark"}]},{"@type":"WebSite","@id":"https:\/\/likeink.com\/sv\/#website","url":"https:\/\/likeink.com\/sv\/","name":"Like ink","description":"Make your own custom design","potentialAction":[{"@type":"SearchAction","target":{"@type":"EntryPoint","urlTemplate":"https:\/\/likeink.com\/sv\/?s={search_term_string}"},"query-input":{"@type":"PropertyValueSpecification","valueRequired":true,"valueName":"search_term_string"}}],"inLanguage":"sv-SE"}]}},"_links":{"self":[{"href":"https:\/\/likeink.com\/sv\/wp-json\/wp\/v2\/product\/170","targetHints":{"allow":["GET"]}}],"collection":[{"href":"https:\/\/likeink.com\/sv\/wp-json\/wp\/v2\/product"}],"about":[{"href":"https:\/\/likeink.com\/sv\/wp-json\/wp\/v2\/types\/product"}],"wp:featuredmedia":[{"embeddable":true,"href":"https:\/\/likeink.com\/sv\/wp-json\/wp\/v2\/media\/20811"}],"wp:attachment":[{"href":"https:\/\/likeink.com\/sv\/wp-json\/wp\/v2\/media?parent=170"}],"wp:term":[{"taxonomy":"product_brand","embeddable":true,"href":"https:\/\/likeink.com\/sv\/wp-json\/wp\/v2\/product_brand?post=170"},{"taxonomy":"product_cat","embeddable":true,"href":"https:\/\/likeink.com\/sv\/wp-json\/wp\/v2\/product_cat?post=170"},{"taxonomy":"product_tag","embeddable":true,"href":"https:\/\/likeink.com\/sv\/wp-json\/wp\/v2\/product_tag?post=170"}],"curies":[{"name":"wp","href":"https:\/\/api.w.org\/{rel}","templated":true}]}}