{"id":17001,"date":"2023-04-19T15:58:19","date_gmt":"2023-04-19T15:58:19","guid":{"rendered":"https:\/\/likeink.se\/?post_type=product&#038;p=17001"},"modified":"2026-04-27T11:22:40","modified_gmt":"2026-04-27T11:22:40","slug":"flash-sheet-by-zoi-tattoo","status":"publish","type":"product","link":"https:\/\/likeink.com\/sv\/gnuggisar\/flash-sheet-by-zoi-tattoo\/","title":{"rendered":"Flash &#8220;Mix Sheet&#8221; by Zoi Tattoo"},"content":{"rendered":"","protected":false},"excerpt":{"rendered":"<p>Like Inks f\u00e4rdiga ark med tempor\u00e4ra tatueringar \u00e4r cirka 20&#215;14 cm stora och fyllda med designen du ser p\u00e5 bilden. Vi trycker och skickar ditt ark med dessa stilrena tatueringar inom 24 timmar efter din best\u00e4llning. Tatueringarna ser bra ut, h\u00e5ller h\u00f6g kvalitet och \u00e4r enkla att applicera och tv\u00e4tta bort. Like Ink f\u00f6ljer all lagstiftning f\u00f6r kosmetiska produkter inom EU, s\u00e5 du kan k\u00e4nna dig trygg n\u00e4r du best\u00e4ller tempor\u00e4ra tatueringar fr\u00e5n oss.<\/p>\n<p>Hos Like Ink samarbetar vi med flera av Zoi Tattoos tatuerare, och detta ark \u00e4r en mix av unika motiv skapade av fyra olika tatuerare, Kain, Oliver, Dominic och Nicklas.<\/p>\n<p>Zoi Tattoo i Malm\u00f6 \u00e4r en tatueringsstudio med ett eget team p\u00e5 15 erfarna tatuerare. Alla har sin egen unika stil, s\u00e5 oavsett vad du gillar f\u00f6r stil och design finns det en tatuerare hos Zoi som kan hj\u00e4lpa dig att skapa din dr\u00f6mtatuering. Dessutom f\u00e5r Zoi regelbundet bes\u00f6k av k\u00e4nda g\u00e4sttatuerare fr\u00e5n hela v\u00e4rlden.<\/p>\n<h2>Best\u00e4ll tempor\u00e4ra tatueringar designade av n\u00e5gra av tatuerarna p\u00e5 Zoi Tattoo<\/h2>\n<p>Riktiga tatuerare designar tempor\u00e4ra tatueringar f\u00f6r Like Ink<br \/>\nInom kroppskonstens v\u00e4rld f\u00f6r\u00e4ndrar samarbetet mellan riktiga tatuerare och Like Ink branschen genom att skapa h\u00f6gkvalitativa tempor\u00e4ra tatueringar f\u00f6r dig som inte \u00e4r redo f\u00f6r en permanent tatuering.<\/p>\n<p>Samarbetet med dessa skickliga tatuerare g\u00f6r det m\u00f6jligt f\u00f6r Like Ink att erbjuda ett brett utbud av detaljerade och i\u00f6gonfallande motiv som speglar kvaliteten och hantverket hos riktiga tatueringar.<\/p>\n<p><strong>Kom i kontakt med Zoi Tattoo:<\/strong><\/p>\n<p><strong>Instagram:<\/strong><\/p>\n<p>@zoitattoo<\/p>\n<p><strong>Studio:<\/strong><\/p>\n<p>Zoi Tattoo<\/p>\n<p><strong>Web:<\/strong><\/p>\n<p>https:\/\/www.zoitattoo.com<\/p>\n<p><strong>Adress:<\/strong><\/p>\n<p>Sora Nygatan 42,<\/p>\n<p>Malm\u00f6<\/p>\n","protected":false},"featured_media":16980,"template":"","meta":[],"product_brand":[],"product_cat":[17,491],"product_tag":[],"class_list":{"0":"post-17001","1":"product","2":"type-product","3":"status-publish","4":"has-post-thumbnail","6":"product_cat-fardiga-ark","7":"product_cat-samarbeten-tatuerare","9":"first","10":"instock","11":"taxable","12":"shipping-taxable","13":"purchasable","14":"product-type-simple"},"yoast_head":"<!-- This site is optimized with the Yoast SEO Premium plugin v26.2 (Yoast SEO v27.5) - https:\/\/yoast.com\/product\/yoast-seo-premium-wordpress\/ -->\n<title>Flash &quot;Mix Sheet&quot; by Zoi Tattoo - Like ink<\/title>\n<meta name=\"description\" content=\"Best\u00e4ll gnuggistatueringar designade av duktiga tatuerare p\u00e5 Malm\u00f6-studion Zoi Tattoo! K\u00f6p: Flash &quot;Mix Sheet&quot; by Zoi Tattoo - Like ink\" \/>\n<meta name=\"robots\" content=\"index, follow, max-snippet:-1, max-image-preview:large, max-video-preview:-1\" \/>\n<link rel=\"canonical\" href=\"https:\/\/likeink.com\/sv\/gnuggisar\/flash-sheet-by-zoi-tattoo\/\" \/>\n<meta property=\"og:locale\" content=\"sv_SE\" \/>\n<meta property=\"og:type\" content=\"article\" \/>\n<meta property=\"og:title\" content=\"Flash &quot;Mix Sheet&quot; by Zoi Tattoo\" \/>\n<meta property=\"og:description\" content=\"Like Inks f\u00e4rdiga ark med tempor\u00e4ra tatueringar \u00e4r cirka 20x14 cm stora och fyllda med designen du ser p\u00e5 bilden. Vi trycker och skickar ditt ark med dessa stilrena tatueringar inom 24 timmar efter din best\u00e4llning. Tatueringarna ser bra ut, h\u00e5ller h\u00f6g kvalitet och \u00e4r enkla att applicera och tv\u00e4tta bort. Like Ink f\u00f6ljer all lagstiftning f\u00f6r kosmetiska produkter inom EU, s\u00e5 du kan k\u00e4nna dig trygg n\u00e4r du best\u00e4ller tempor\u00e4ra tatueringar fr\u00e5n oss.  Hos Like Ink samarbetar vi med flera av Zoi Tattoos tatuerare, och detta ark \u00e4r en mix av unika motiv skapade av fyra olika tatuerare, Kain, Oliver, Dominic och Nicklas.  Zoi Tattoo i Malm\u00f6 \u00e4r en tatueringsstudio med ett eget team p\u00e5 15 erfarna tatuerare. Alla har sin egen unika stil, s\u00e5 oavsett vad du gillar f\u00f6r stil och design finns det en tatuerare hos Zoi som kan hj\u00e4lpa dig att skapa din dr\u00f6mtatuering. Dessutom f\u00e5r Zoi regelbundet bes\u00f6k av k\u00e4nda g\u00e4sttatuerare fr\u00e5n hela v\u00e4rlden. Best\u00e4ll tempor\u00e4ra tatueringar designade av n\u00e5gra av tatuerarna p\u00e5 Zoi Tattoo Riktiga tatuerare designar tempor\u00e4ra tatueringar f\u00f6r Like Ink Inom kroppskonstens v\u00e4rld f\u00f6r\u00e4ndrar samarbetet mellan riktiga tatuerare och Like Ink branschen genom att skapa h\u00f6gkvalitativa tempor\u00e4ra tatueringar f\u00f6r dig som inte \u00e4r redo f\u00f6r en permanent tatuering.  Samarbetet med dessa skickliga tatuerare g\u00f6r det m\u00f6jligt f\u00f6r Like Ink att erbjuda ett brett utbud av detaljerade och i\u00f6gonfallande motiv som speglar kvaliteten och hantverket hos riktiga tatueringar.  Kom i kontakt med Zoi Tattoo:  Instagram:  @zoitattoo  Studio:  Zoi Tattoo  Web:  https:\/\/www.zoitattoo.com  Adress:  Sora Nygatan 42,  Malm\u00f6\" \/>\n<meta property=\"og:url\" content=\"https:\/\/likeink.com\/sv\/gnuggisar\/flash-sheet-by-zoi-tattoo\/\" \/>\n<meta property=\"og:site_name\" content=\"Like ink\" \/>\n<meta property=\"article:publisher\" content=\"https:\/\/www.facebook.com\/LikeInkSe\" \/>\n<meta property=\"article:modified_time\" content=\"2026-04-27T11:22:40+00:00\" \/>\n<meta property=\"og:image\" content=\"https:\/\/likeink.com\/wp-content\/uploads\/2023\/04\/ZoiTattoo-Mixed-Likeink-faketattoos.jpg\" \/>\n\t<meta property=\"og:image:width\" content=\"2481\" \/>\n\t<meta property=\"og:image:height\" content=\"1749\" \/>\n\t<meta property=\"og:image:type\" content=\"image\/jpeg\" \/>\n<meta name=\"twitter:card\" content=\"summary_large_image\" \/>\n<meta name=\"twitter:label1\" content=\"Ber\u00e4knad l\u00e4stid\" \/>\n\t<meta name=\"twitter:data1\" content=\"1 minut\" \/>\n<!-- \/ Yoast SEO Premium plugin. -->","yoast_head_json":{"title":"Flash \"Mix Sheet\" by Zoi Tattoo - Like ink","description":"Best\u00e4ll gnuggistatueringar designade av duktiga tatuerare p\u00e5 Malm\u00f6-studion Zoi Tattoo! K\u00f6p: Flash \"Mix Sheet\" by Zoi Tattoo - Like ink","robots":{"index":"index","follow":"follow","max-snippet":"max-snippet:-1","max-image-preview":"max-image-preview:large","max-video-preview":"max-video-preview:-1"},"canonical":"https:\/\/likeink.com\/sv\/gnuggisar\/flash-sheet-by-zoi-tattoo\/","og_locale":"sv_SE","og_type":"article","og_title":"Flash \"Mix Sheet\" by Zoi Tattoo","og_description":"Like Inks f\u00e4rdiga ark med tempor\u00e4ra tatueringar \u00e4r cirka 20x14 cm stora och fyllda med designen du ser p\u00e5 bilden. Vi trycker och skickar ditt ark med dessa stilrena tatueringar inom 24 timmar efter din best\u00e4llning. Tatueringarna ser bra ut, h\u00e5ller h\u00f6g kvalitet och \u00e4r enkla att applicera och tv\u00e4tta bort. Like Ink f\u00f6ljer all lagstiftning f\u00f6r kosmetiska produkter inom EU, s\u00e5 du kan k\u00e4nna dig trygg n\u00e4r du best\u00e4ller tempor\u00e4ra tatueringar fr\u00e5n oss.  Hos Like Ink samarbetar vi med flera av Zoi Tattoos tatuerare, och detta ark \u00e4r en mix av unika motiv skapade av fyra olika tatuerare, Kain, Oliver, Dominic och Nicklas.  Zoi Tattoo i Malm\u00f6 \u00e4r en tatueringsstudio med ett eget team p\u00e5 15 erfarna tatuerare. Alla har sin egen unika stil, s\u00e5 oavsett vad du gillar f\u00f6r stil och design finns det en tatuerare hos Zoi som kan hj\u00e4lpa dig att skapa din dr\u00f6mtatuering. Dessutom f\u00e5r Zoi regelbundet bes\u00f6k av k\u00e4nda g\u00e4sttatuerare fr\u00e5n hela v\u00e4rlden. Best\u00e4ll tempor\u00e4ra tatueringar designade av n\u00e5gra av tatuerarna p\u00e5 Zoi Tattoo Riktiga tatuerare designar tempor\u00e4ra tatueringar f\u00f6r Like Ink Inom kroppskonstens v\u00e4rld f\u00f6r\u00e4ndrar samarbetet mellan riktiga tatuerare och Like Ink branschen genom att skapa h\u00f6gkvalitativa tempor\u00e4ra tatueringar f\u00f6r dig som inte \u00e4r redo f\u00f6r en permanent tatuering.  Samarbetet med dessa skickliga tatuerare g\u00f6r det m\u00f6jligt f\u00f6r Like Ink att erbjuda ett brett utbud av detaljerade och i\u00f6gonfallande motiv som speglar kvaliteten och hantverket hos riktiga tatueringar.  Kom i kontakt med Zoi Tattoo:  Instagram:  @zoitattoo  Studio:  Zoi Tattoo  Web:  https:\/\/www.zoitattoo.com  Adress:  Sora Nygatan 42,  Malm\u00f6","og_url":"https:\/\/likeink.com\/sv\/gnuggisar\/flash-sheet-by-zoi-tattoo\/","og_site_name":"Like ink","article_publisher":"https:\/\/www.facebook.com\/LikeInkSe","article_modified_time":"2026-04-27T11:22:40+00:00","og_image":[{"width":2481,"height":1749,"url":"https:\/\/likeink.com\/wp-content\/uploads\/2023\/04\/ZoiTattoo-Mixed-Likeink-faketattoos.jpg","type":"image\/jpeg"}],"twitter_card":"summary_large_image","twitter_misc":{"Ber\u00e4knad l\u00e4stid":"1 minut"},"schema":{"@context":"https:\/\/schema.org","@graph":[{"@type":"WebPage","@id":"https:\/\/likeink.com\/sv\/gnuggisar\/flash-sheet-by-zoi-tattoo\/","url":"https:\/\/likeink.com\/sv\/gnuggisar\/flash-sheet-by-zoi-tattoo\/","name":"Flash \"Mix Sheet\" by Zoi Tattoo - Like ink","isPartOf":{"@id":"https:\/\/likeink.com\/sv\/#website"},"primaryImageOfPage":{"@id":"https:\/\/likeink.com\/sv\/gnuggisar\/flash-sheet-by-zoi-tattoo\/#primaryimage"},"image":{"@id":"https:\/\/likeink.com\/sv\/gnuggisar\/flash-sheet-by-zoi-tattoo\/#primaryimage"},"thumbnailUrl":"https:\/\/likeink.com\/wp-content\/uploads\/2023\/04\/ZoiTattoo-Mixed-Likeink-faketattoos.jpg","datePublished":"2023-04-19T15:58:19+00:00","dateModified":"2026-04-27T11:22:40+00:00","description":"Best\u00e4ll gnuggistatueringar designade av duktiga tatuerare p\u00e5 Malm\u00f6-studion Zoi Tattoo! K\u00f6p: Flash \"Mix Sheet\" by Zoi Tattoo - Like ink","breadcrumb":{"@id":"https:\/\/likeink.com\/sv\/gnuggisar\/flash-sheet-by-zoi-tattoo\/#breadcrumb"},"inLanguage":"sv-SE","potentialAction":[{"@type":"ReadAction","target":["https:\/\/likeink.com\/sv\/gnuggisar\/flash-sheet-by-zoi-tattoo\/"]}]},{"@type":"ImageObject","inLanguage":"sv-SE","@id":"https:\/\/likeink.com\/sv\/gnuggisar\/flash-sheet-by-zoi-tattoo\/#primaryimage","url":"https:\/\/likeink.com\/wp-content\/uploads\/2023\/04\/ZoiTattoo-Mixed-Likeink-faketattoos.jpg","contentUrl":"https:\/\/likeink.com\/wp-content\/uploads\/2023\/04\/ZoiTattoo-Mixed-Likeink-faketattoos.jpg","width":2481,"height":1749,"caption":"Zoi Tattoo - Like ink Collab - Fake Tattoos"},{"@type":"BreadcrumbList","@id":"https:\/\/likeink.com\/sv\/gnuggisar\/flash-sheet-by-zoi-tattoo\/#breadcrumb","itemListElement":[{"@type":"ListItem","position":1,"name":"Hem","item":"https:\/\/likeink.com\/sv\/"},{"@type":"ListItem","position":2,"name":"Webbutik","item":"https:\/\/likeink.com\/sv\/webbutik\/"},{"@type":"ListItem","position":3,"name":"Flash &#8220;Mix Sheet&#8221; by Zoi Tattoo"}]},{"@type":"WebSite","@id":"https:\/\/likeink.com\/sv\/#website","url":"https:\/\/likeink.com\/sv\/","name":"Like ink","description":"Make your own custom design","potentialAction":[{"@type":"SearchAction","target":{"@type":"EntryPoint","urlTemplate":"https:\/\/likeink.com\/sv\/?s={search_term_string}"},"query-input":{"@type":"PropertyValueSpecification","valueRequired":true,"valueName":"search_term_string"}}],"inLanguage":"sv-SE"}]}},"_links":{"self":[{"href":"https:\/\/likeink.com\/sv\/wp-json\/wp\/v2\/product\/17001","targetHints":{"allow":["GET"]}}],"collection":[{"href":"https:\/\/likeink.com\/sv\/wp-json\/wp\/v2\/product"}],"about":[{"href":"https:\/\/likeink.com\/sv\/wp-json\/wp\/v2\/types\/product"}],"wp:featuredmedia":[{"embeddable":true,"href":"https:\/\/likeink.com\/sv\/wp-json\/wp\/v2\/media\/16980"}],"wp:attachment":[{"href":"https:\/\/likeink.com\/sv\/wp-json\/wp\/v2\/media?parent=17001"}],"wp:term":[{"taxonomy":"product_brand","embeddable":true,"href":"https:\/\/likeink.com\/sv\/wp-json\/wp\/v2\/product_brand?post=17001"},{"taxonomy":"product_cat","embeddable":true,"href":"https:\/\/likeink.com\/sv\/wp-json\/wp\/v2\/product_cat?post=17001"},{"taxonomy":"product_tag","embeddable":true,"href":"https:\/\/likeink.com\/sv\/wp-json\/wp\/v2\/product_tag?post=17001"}],"curies":[{"name":"wp","href":"https:\/\/api.w.org\/{rel}","templated":true}]}}