{"id":17255,"date":"2023-04-21T14:03:51","date_gmt":"2023-04-21T14:03:51","guid":{"rendered":"https:\/\/likeink.se\/?post_type=product&#038;p=17255"},"modified":"2026-04-14T13:46:58","modified_gmt":"2026-04-14T13:46:58","slug":"djurens-ratt-save-animals","status":"publish","type":"product","link":"https:\/\/likeink.com\/sv\/gnuggisar\/djurens-ratt-save-animals\/","title":{"rendered":"Djurens R\u00e4tt Save Animals"},"content":{"rendered":"","protected":false},"excerpt":{"rendered":"<p>Tatuera dig tillf\u00e4lligt till f\u00f6rm\u00e5n f\u00f6r djuren med gnuggisar fr\u00e5n oss p\u00e5 Like ink!<br \/>\nLike ink trycker snygga, veganska och allergitestade gnuggistatueringar som numera \u00e4r m\u00e4rkta med Djurens R\u00e4tts I`M VEGAN.<br \/>\nJust nu har vi en kampanj ihop med Djurens r\u00e4tt! 30% av oms\u00e4ttningen p\u00e5 f\u00e4rdigdesignade ark i kategorin Djurens R\u00e4tt i Like inks webbshop g\u00e5r till Djurens R\u00e4tts arbete f\u00f6r att f\u00f6rb\u00e4ttra villkoren f\u00f6r djuren i Sverige som har det s\u00e4mst.<\/p>\n<h2>Best\u00e4ll gnuggistatueringar och st\u00f6tta Djurens R\u00e4tt<\/h2>\n<p>Ett A5 ark kostar 98 kr och rabatt ju fler ark du best\u00e4ller! Shoppa loss nu och kom ih\u00e5g att tagga alla bilder p\u00e5 dessa gnuggisar med @likeinkse p\u00e5 Instagram och Tik tok, vi sk\u00e4nker 10kr extra per tagg och delar sj\u00e4lvklart ocks\u00e5 din bild.<\/p>\n<p>Storlek ark: A5<br \/>\nStorlek tatuering: Djuren \u00e4r 4-5 cm<\/p>\n","protected":false},"featured_media":17035,"template":"","meta":[],"product_brand":[],"product_cat":[488,17,495],"product_tag":[],"class_list":{"0":"post-17255","1":"product","2":"type-product","3":"status-publish","4":"has-post-thumbnail","6":"product_cat-djur-natur","7":"product_cat-fardiga-ark","8":"product_cat-samarbeten-med-foretag","10":"first","11":"instock","12":"taxable","13":"shipping-taxable","14":"purchasable","15":"product-type-simple"},"yoast_head":"<!-- This site is optimized with the Yoast SEO Premium plugin v26.2 (Yoast SEO v27.5) - https:\/\/yoast.com\/product\/yoast-seo-premium-wordpress\/ -->\n<title>Djurens R\u00e4tt &quot;Save Animals&quot; gnuggistatueringar I A5 - Like ink<\/title>\n<meta name=\"description\" content=\"30 % av oms\u00e4ttningen g\u00e5r till Djurens R\u00e4tt! Best\u00e4ll ett ark med snygga, veganska och allergiv\u00e4nliga gnuggisar f\u00f6r 98 kr. - Like ink\" \/>\n<meta name=\"robots\" content=\"index, follow, max-snippet:-1, max-image-preview:large, max-video-preview:-1\" \/>\n<link rel=\"canonical\" href=\"https:\/\/likeink.com\/sv\/gnuggisar\/djurens-ratt-save-animals\/\" \/>\n<meta property=\"og:locale\" content=\"sv_SE\" \/>\n<meta property=\"og:type\" content=\"article\" \/>\n<meta property=\"og:title\" content=\"Djurens R\u00e4tt Save Animals\" \/>\n<meta property=\"og:description\" content=\"Tatuera dig tillf\u00e4lligt till f\u00f6rm\u00e5n f\u00f6r djuren med gnuggisar fr\u00e5n oss p\u00e5 Like ink! Like ink trycker snygga, veganska och allergitestade gnuggistatueringar som numera \u00e4r m\u00e4rkta med Djurens R\u00e4tts I`M VEGAN. Just nu har vi en kampanj ihop med Djurens r\u00e4tt! 30% av oms\u00e4ttningen p\u00e5 f\u00e4rdigdesignade ark i kategorin Djurens R\u00e4tt i Like inks webbshop g\u00e5r till Djurens R\u00e4tts arbete f\u00f6r att f\u00f6rb\u00e4ttra villkoren f\u00f6r djuren i Sverige som har det s\u00e4mst. Best\u00e4ll gnuggistatueringar och st\u00f6tta Djurens R\u00e4tt Ett A5 ark kostar 98 kr och rabatt ju fler ark du best\u00e4ller! Shoppa loss nu och kom ih\u00e5g att tagga alla bilder p\u00e5 dessa gnuggisar med @likeinkse p\u00e5 Instagram och Tik tok, vi sk\u00e4nker 10kr extra per tagg och delar sj\u00e4lvklart ocks\u00e5 din bild.  Storlek ark: A5 Storlek tatuering: Djuren \u00e4r 4-5 cm\" \/>\n<meta property=\"og:url\" content=\"https:\/\/likeink.com\/sv\/gnuggisar\/djurens-ratt-save-animals\/\" \/>\n<meta property=\"og:site_name\" content=\"Like ink\" \/>\n<meta property=\"article:publisher\" content=\"https:\/\/www.facebook.com\/LikeInkSe\" \/>\n<meta property=\"article:modified_time\" content=\"2026-04-14T13:46:58+00:00\" \/>\n<meta property=\"og:image\" content=\"https:\/\/likeink.com\/wp-content\/uploads\/2023\/04\/IMVEGAN-Djurensratt-Tatueringar-Likeink.png\" \/>\n\t<meta property=\"og:image:width\" content=\"1920\" \/>\n\t<meta property=\"og:image:height\" content=\"1354\" \/>\n\t<meta property=\"og:image:type\" content=\"image\/png\" \/>\n<meta name=\"twitter:card\" content=\"summary_large_image\" \/>\n<!-- \/ Yoast SEO Premium plugin. -->","yoast_head_json":{"title":"Djurens R\u00e4tt \"Save Animals\" gnuggistatueringar I A5 - Like ink","description":"30 % av oms\u00e4ttningen g\u00e5r till Djurens R\u00e4tt! Best\u00e4ll ett ark med snygga, veganska och allergiv\u00e4nliga gnuggisar f\u00f6r 98 kr. - Like ink","robots":{"index":"index","follow":"follow","max-snippet":"max-snippet:-1","max-image-preview":"max-image-preview:large","max-video-preview":"max-video-preview:-1"},"canonical":"https:\/\/likeink.com\/sv\/gnuggisar\/djurens-ratt-save-animals\/","og_locale":"sv_SE","og_type":"article","og_title":"Djurens R\u00e4tt Save Animals","og_description":"Tatuera dig tillf\u00e4lligt till f\u00f6rm\u00e5n f\u00f6r djuren med gnuggisar fr\u00e5n oss p\u00e5 Like ink! Like ink trycker snygga, veganska och allergitestade gnuggistatueringar som numera \u00e4r m\u00e4rkta med Djurens R\u00e4tts I`M VEGAN. Just nu har vi en kampanj ihop med Djurens r\u00e4tt! 30% av oms\u00e4ttningen p\u00e5 f\u00e4rdigdesignade ark i kategorin Djurens R\u00e4tt i Like inks webbshop g\u00e5r till Djurens R\u00e4tts arbete f\u00f6r att f\u00f6rb\u00e4ttra villkoren f\u00f6r djuren i Sverige som har det s\u00e4mst. Best\u00e4ll gnuggistatueringar och st\u00f6tta Djurens R\u00e4tt Ett A5 ark kostar 98 kr och rabatt ju fler ark du best\u00e4ller! Shoppa loss nu och kom ih\u00e5g att tagga alla bilder p\u00e5 dessa gnuggisar med @likeinkse p\u00e5 Instagram och Tik tok, vi sk\u00e4nker 10kr extra per tagg och delar sj\u00e4lvklart ocks\u00e5 din bild.  Storlek ark: A5 Storlek tatuering: Djuren \u00e4r 4-5 cm","og_url":"https:\/\/likeink.com\/sv\/gnuggisar\/djurens-ratt-save-animals\/","og_site_name":"Like ink","article_publisher":"https:\/\/www.facebook.com\/LikeInkSe","article_modified_time":"2026-04-14T13:46:58+00:00","og_image":[{"width":1920,"height":1354,"url":"https:\/\/likeink.com\/wp-content\/uploads\/2023\/04\/IMVEGAN-Djurensratt-Tatueringar-Likeink.png","type":"image\/png"}],"twitter_card":"summary_large_image","schema":{"@context":"https:\/\/schema.org","@graph":[{"@type":"WebPage","@id":"https:\/\/likeink.com\/sv\/gnuggisar\/djurens-ratt-save-animals\/","url":"https:\/\/likeink.com\/sv\/gnuggisar\/djurens-ratt-save-animals\/","name":"Djurens R\u00e4tt \"Save Animals\" gnuggistatueringar I A5 - Like ink","isPartOf":{"@id":"https:\/\/likeink.com\/sv\/#website"},"primaryImageOfPage":{"@id":"https:\/\/likeink.com\/sv\/gnuggisar\/djurens-ratt-save-animals\/#primaryimage"},"image":{"@id":"https:\/\/likeink.com\/sv\/gnuggisar\/djurens-ratt-save-animals\/#primaryimage"},"thumbnailUrl":"https:\/\/likeink.com\/wp-content\/uploads\/2023\/04\/IMVEGAN-Djurensratt-Tatueringar-Likeink.png","datePublished":"2023-04-21T14:03:51+00:00","dateModified":"2026-04-14T13:46:58+00:00","description":"30 % av oms\u00e4ttningen g\u00e5r till Djurens R\u00e4tt! Best\u00e4ll ett ark med snygga, veganska och allergiv\u00e4nliga gnuggisar f\u00f6r 98 kr. - Like ink","breadcrumb":{"@id":"https:\/\/likeink.com\/sv\/gnuggisar\/djurens-ratt-save-animals\/#breadcrumb"},"inLanguage":"sv-SE","potentialAction":[{"@type":"ReadAction","target":["https:\/\/likeink.com\/sv\/gnuggisar\/djurens-ratt-save-animals\/"]}]},{"@type":"ImageObject","inLanguage":"sv-SE","@id":"https:\/\/likeink.com\/sv\/gnuggisar\/djurens-ratt-save-animals\/#primaryimage","url":"https:\/\/likeink.com\/wp-content\/uploads\/2023\/04\/IMVEGAN-Djurensratt-Tatueringar-Likeink.png","contentUrl":"https:\/\/likeink.com\/wp-content\/uploads\/2023\/04\/IMVEGAN-Djurensratt-Tatueringar-Likeink.png","width":1920,"height":1354,"caption":"IM VEGAN kosmetiska gnuggistatueringar"},{"@type":"BreadcrumbList","@id":"https:\/\/likeink.com\/sv\/gnuggisar\/djurens-ratt-save-animals\/#breadcrumb","itemListElement":[{"@type":"ListItem","position":1,"name":"Hem","item":"https:\/\/likeink.com\/sv\/"},{"@type":"ListItem","position":2,"name":"Webbutik","item":"https:\/\/likeink.com\/sv\/webbutik\/"},{"@type":"ListItem","position":3,"name":"Djurens R\u00e4tt Save Animals"}]},{"@type":"WebSite","@id":"https:\/\/likeink.com\/sv\/#website","url":"https:\/\/likeink.com\/sv\/","name":"Like ink","description":"Make your own custom design","potentialAction":[{"@type":"SearchAction","target":{"@type":"EntryPoint","urlTemplate":"https:\/\/likeink.com\/sv\/?s={search_term_string}"},"query-input":{"@type":"PropertyValueSpecification","valueRequired":true,"valueName":"search_term_string"}}],"inLanguage":"sv-SE"}]}},"_links":{"self":[{"href":"https:\/\/likeink.com\/sv\/wp-json\/wp\/v2\/product\/17255","targetHints":{"allow":["GET"]}}],"collection":[{"href":"https:\/\/likeink.com\/sv\/wp-json\/wp\/v2\/product"}],"about":[{"href":"https:\/\/likeink.com\/sv\/wp-json\/wp\/v2\/types\/product"}],"wp:featuredmedia":[{"embeddable":true,"href":"https:\/\/likeink.com\/sv\/wp-json\/wp\/v2\/media\/17035"}],"wp:attachment":[{"href":"https:\/\/likeink.com\/sv\/wp-json\/wp\/v2\/media?parent=17255"}],"wp:term":[{"taxonomy":"product_brand","embeddable":true,"href":"https:\/\/likeink.com\/sv\/wp-json\/wp\/v2\/product_brand?post=17255"},{"taxonomy":"product_cat","embeddable":true,"href":"https:\/\/likeink.com\/sv\/wp-json\/wp\/v2\/product_cat?post=17255"},{"taxonomy":"product_tag","embeddable":true,"href":"https:\/\/likeink.com\/sv\/wp-json\/wp\/v2\/product_tag?post=17255"}],"curies":[{"name":"wp","href":"https:\/\/api.w.org\/{rel}","templated":true}]}}