{"id":17654,"date":"2023-05-02T13:06:06","date_gmt":"2023-05-02T13:06:06","guid":{"rendered":"https:\/\/likeink.se\/?post_type=product&#038;p=17654"},"modified":"2026-04-14T14:24:29","modified_gmt":"2026-04-14T14:24:29","slug":"old-school-karlekstatueringar-a5-ark","status":"publish","type":"product","link":"https:\/\/likeink.com\/sv\/gnuggisar\/old-school-karlekstatueringar-a5-ark\/","title":{"rendered":"Old school k\u00e4rlekstatueringar"},"content":{"rendered":"","protected":false},"excerpt":{"rendered":"<p>V\u00e5ra ark med fejktatueringar \u00e4r 20X14 cm stora och det h\u00e4r arket \u00e4r fyllt med hj\u00e4rtan i olika f\u00e4rg och storlek. Vi trycker och skickar din best\u00e4llning inom 24 timmar!<br \/>\nDet h\u00e4r arket \u00e4r fyllt med k\u00e4rlekstatueringar i klassisk stil, hj\u00e4rtan, banderoller ihop med blommor, en svala och s\u00e5klart d\u00f6skallar. Fake tatueringar \u00e4r perfekt till br\u00f6llop, svensexa och m\u00f6hippa.<\/p>\n<h2>Best\u00e4ll ett ark med fint illustrerade och snygga old school k\u00e4rlekstatueringar<\/h2>\n<p><strong>Vad betyder ett hj\u00e4rta som tatuering? <\/strong><br \/>\nEtt hj\u00e4rta som tatuering kan betyda olika saker beroende p\u00e5 vem som b\u00e4r den och varf\u00f6r. F\u00f6r m\u00e5nga representerar hj\u00e4rtat k\u00e4rlek, passion och romantik. Det kan ocks\u00e5 symbolisera k\u00e4rlek till en person, en sak eller en plats. F\u00f6r andra kan ett hj\u00e4rta som tatuering vara en symbol f\u00f6r mod och styrka, eller ett tecken p\u00e5 att de har \u00f6vervunnit n\u00e5gon form av hinder eller hj\u00e4rtesorg. Sammanfattningsvis kan hj\u00e4rtat som tatuering ha olika betydelser f\u00f6r olika m\u00e4nniskor och tolkas p\u00e5 olika s\u00e4tt beroende p\u00e5 dess kontext och anv\u00e4ndning. Vi tycker att ett hj\u00e4rta symboliserar k\u00e4rlek och oldschool stilen g\u00f6r k\u00e4nslan av denna fake tattoo \u00e4kta!<\/p>\n<p>Alla tatueringar fr\u00e5n oss p\u00e5 Like ink tillverkas i Sverige och \u00e4r enkla att applicera och tv\u00e4tta bort. Tatueringarna ser bra ut, \u00e4r veganska och allergiv\u00e4nliga.<\/p>\n<p>Storlek ark: A5<br \/>\nAntal tatueringar: 11<br \/>\nStorlek tatueringar: 4-7 cm<\/p>\n","protected":false},"featured_media":17643,"template":"","meta":[],"product_brand":[],"product_cat":[17,494,133,489],"product_tag":[],"class_list":{"0":"post-17654","1":"product","2":"type-product","3":"status-publish","4":"has-post-thumbnail","6":"product_cat-fardiga-ark","7":"product_cat-karlek-romantik","8":"product_cat-karlek-tatuering-hjarta-tatuering","9":"product_cat-old-school-retro-sv","11":"first","12":"instock","13":"taxable","14":"shipping-taxable","15":"purchasable","16":"product-type-simple"},"yoast_head":"<!-- This site is optimized with the Yoast SEO Premium plugin v26.2 (Yoast SEO v27.4) - https:\/\/yoast.com\/product\/yoast-seo-premium-wordpress\/ -->\n<title>Old school k\u00e4rlekstatueringar A5-ark 98 kr - Like ink<\/title>\n<meta name=\"description\" content=\"Old school k\u00e4rlekstatueringar p\u00e5 A5 ark. Perfekt till svensexa, m\u00f6hippa eller p\u00e5 br\u00f6llop. Gnuggisar \u00e4r k\u00e4rlek! - Like ink\" \/>\n<meta name=\"robots\" content=\"index, follow, max-snippet:-1, max-image-preview:large, max-video-preview:-1\" \/>\n<link rel=\"canonical\" href=\"https:\/\/likeink.com\/sv\/gnuggisar\/old-school-karlekstatueringar-a5-ark\/\" \/>\n<meta property=\"og:locale\" content=\"sv_SE\" \/>\n<meta property=\"og:type\" content=\"article\" \/>\n<meta property=\"og:title\" content=\"Old school k\u00e4rlekstatueringar\" \/>\n<meta property=\"og:description\" content=\"V\u00e5ra ark med fejktatueringar \u00e4r 20X14 cm stora och det h\u00e4r arket \u00e4r fyllt med hj\u00e4rtan i olika f\u00e4rg och storlek. Vi trycker och skickar din best\u00e4llning inom 24 timmar! Det h\u00e4r arket \u00e4r fyllt med k\u00e4rlekstatueringar i klassisk stil, hj\u00e4rtan, banderoller ihop med blommor, en svala och s\u00e5klart d\u00f6skallar. Fake tatueringar \u00e4r perfekt till br\u00f6llop, svensexa och m\u00f6hippa. Best\u00e4ll ett ark med fint illustrerade och snygga old school k\u00e4rlekstatueringar Vad betyder ett hj\u00e4rta som tatuering?  Ett hj\u00e4rta som tatuering kan betyda olika saker beroende p\u00e5 vem som b\u00e4r den och varf\u00f6r. F\u00f6r m\u00e5nga representerar hj\u00e4rtat k\u00e4rlek, passion och romantik. Det kan ocks\u00e5 symbolisera k\u00e4rlek till en person, en sak eller en plats. F\u00f6r andra kan ett hj\u00e4rta som tatuering vara en symbol f\u00f6r mod och styrka, eller ett tecken p\u00e5 att de har \u00f6vervunnit n\u00e5gon form av hinder eller hj\u00e4rtesorg. Sammanfattningsvis kan hj\u00e4rtat som tatuering ha olika betydelser f\u00f6r olika m\u00e4nniskor och tolkas p\u00e5 olika s\u00e4tt beroende p\u00e5 dess kontext och anv\u00e4ndning. Vi tycker att ett hj\u00e4rta symboliserar k\u00e4rlek och oldschool stilen g\u00f6r k\u00e4nslan av denna fake tattoo \u00e4kta!  Alla tatueringar fr\u00e5n oss p\u00e5 Like ink tillverkas i Sverige och \u00e4r enkla att applicera och tv\u00e4tta bort. Tatueringarna ser bra ut, \u00e4r veganska och allergiv\u00e4nliga.  Storlek ark: A5 Antal tatueringar: 11 Storlek tatueringar: 4-7 cm\" \/>\n<meta property=\"og:url\" content=\"https:\/\/likeink.com\/sv\/gnuggisar\/old-school-karlekstatueringar-a5-ark\/\" \/>\n<meta property=\"og:site_name\" content=\"Like ink\" \/>\n<meta property=\"article:publisher\" content=\"https:\/\/www.facebook.com\/LikeInkSe\" \/>\n<meta property=\"article:modified_time\" content=\"2026-04-14T14:24:29+00:00\" \/>\n<meta property=\"og:image\" content=\"https:\/\/likeink.com\/wp-content\/uploads\/2023\/05\/Oldschool-love-tattoos-likeink.jpg\" \/>\n\t<meta property=\"og:image:width\" content=\"1200\" \/>\n\t<meta property=\"og:image:height\" content=\"845\" \/>\n\t<meta property=\"og:image:type\" content=\"image\/jpeg\" \/>\n<meta name=\"twitter:card\" content=\"summary_large_image\" \/>\n<script type=\"application\/ld+json\" class=\"yoast-schema-graph\">{\"@context\":\"https:\\\/\\\/schema.org\",\"@graph\":[{\"@type\":\"WebPage\",\"@id\":\"https:\\\/\\\/likeink.com\\\/sv\\\/gnuggisar\\\/old-school-karlekstatueringar-a5-ark\\\/\",\"url\":\"https:\\\/\\\/likeink.com\\\/sv\\\/gnuggisar\\\/old-school-karlekstatueringar-a5-ark\\\/\",\"name\":\"Old school k\u00e4rlekstatueringar A5-ark 98 kr - Like ink\",\"isPartOf\":{\"@id\":\"https:\\\/\\\/likeink.com\\\/sv\\\/#website\"},\"primaryImageOfPage\":{\"@id\":\"https:\\\/\\\/likeink.com\\\/sv\\\/gnuggisar\\\/old-school-karlekstatueringar-a5-ark\\\/#primaryimage\"},\"image\":{\"@id\":\"https:\\\/\\\/likeink.com\\\/sv\\\/gnuggisar\\\/old-school-karlekstatueringar-a5-ark\\\/#primaryimage\"},\"thumbnailUrl\":\"https:\\\/\\\/likeink.com\\\/wp-content\\\/uploads\\\/2023\\\/05\\\/Oldschool-love-tattoos-likeink.jpg\",\"datePublished\":\"2023-05-02T13:06:06+00:00\",\"dateModified\":\"2026-04-14T14:24:29+00:00\",\"description\":\"Old school k\u00e4rlekstatueringar p\u00e5 A5 ark. Perfekt till svensexa, m\u00f6hippa eller p\u00e5 br\u00f6llop. Gnuggisar \u00e4r k\u00e4rlek! - Like ink\",\"breadcrumb\":{\"@id\":\"https:\\\/\\\/likeink.com\\\/sv\\\/gnuggisar\\\/old-school-karlekstatueringar-a5-ark\\\/#breadcrumb\"},\"inLanguage\":\"sv-SE\",\"potentialAction\":[{\"@type\":\"ReadAction\",\"target\":[\"https:\\\/\\\/likeink.com\\\/sv\\\/gnuggisar\\\/old-school-karlekstatueringar-a5-ark\\\/\"]}]},{\"@type\":\"ImageObject\",\"inLanguage\":\"sv-SE\",\"@id\":\"https:\\\/\\\/likeink.com\\\/sv\\\/gnuggisar\\\/old-school-karlekstatueringar-a5-ark\\\/#primaryimage\",\"url\":\"https:\\\/\\\/likeink.com\\\/wp-content\\\/uploads\\\/2023\\\/05\\\/Oldschool-love-tattoos-likeink.jpg\",\"contentUrl\":\"https:\\\/\\\/likeink.com\\\/wp-content\\\/uploads\\\/2023\\\/05\\\/Oldschool-love-tattoos-likeink.jpg\",\"width\":1200,\"height\":845,\"caption\":\"Gnuggisar med k\u00e4rleksmotiv i Old-School-stil.\"},{\"@type\":\"BreadcrumbList\",\"@id\":\"https:\\\/\\\/likeink.com\\\/sv\\\/gnuggisar\\\/old-school-karlekstatueringar-a5-ark\\\/#breadcrumb\",\"itemListElement\":[{\"@type\":\"ListItem\",\"position\":1,\"name\":\"Hem\",\"item\":\"https:\\\/\\\/likeink.com\\\/sv\\\/\"},{\"@type\":\"ListItem\",\"position\":2,\"name\":\"Webbutik\",\"item\":\"https:\\\/\\\/likeink.com\\\/sv\\\/webbutik\\\/\"},{\"@type\":\"ListItem\",\"position\":3,\"name\":\"Old school k\u00e4rlekstatueringar\"}]},{\"@type\":\"WebSite\",\"@id\":\"https:\\\/\\\/likeink.com\\\/sv\\\/#website\",\"url\":\"https:\\\/\\\/likeink.com\\\/sv\\\/\",\"name\":\"Like ink\",\"description\":\"Make your own custom design\",\"potentialAction\":[{\"@type\":\"SearchAction\",\"target\":{\"@type\":\"EntryPoint\",\"urlTemplate\":\"https:\\\/\\\/likeink.com\\\/sv\\\/?s={search_term_string}\"},\"query-input\":{\"@type\":\"PropertyValueSpecification\",\"valueRequired\":true,\"valueName\":\"search_term_string\"}}],\"inLanguage\":\"sv-SE\"}]}<\/script>\n<!-- \/ Yoast SEO Premium plugin. -->","yoast_head_json":{"title":"Old school k\u00e4rlekstatueringar A5-ark 98 kr - Like ink","description":"Old school k\u00e4rlekstatueringar p\u00e5 A5 ark. Perfekt till svensexa, m\u00f6hippa eller p\u00e5 br\u00f6llop. Gnuggisar \u00e4r k\u00e4rlek! - Like ink","robots":{"index":"index","follow":"follow","max-snippet":"max-snippet:-1","max-image-preview":"max-image-preview:large","max-video-preview":"max-video-preview:-1"},"canonical":"https:\/\/likeink.com\/sv\/gnuggisar\/old-school-karlekstatueringar-a5-ark\/","og_locale":"sv_SE","og_type":"article","og_title":"Old school k\u00e4rlekstatueringar","og_description":"V\u00e5ra ark med fejktatueringar \u00e4r 20X14 cm stora och det h\u00e4r arket \u00e4r fyllt med hj\u00e4rtan i olika f\u00e4rg och storlek. Vi trycker och skickar din best\u00e4llning inom 24 timmar! Det h\u00e4r arket \u00e4r fyllt med k\u00e4rlekstatueringar i klassisk stil, hj\u00e4rtan, banderoller ihop med blommor, en svala och s\u00e5klart d\u00f6skallar. Fake tatueringar \u00e4r perfekt till br\u00f6llop, svensexa och m\u00f6hippa. Best\u00e4ll ett ark med fint illustrerade och snygga old school k\u00e4rlekstatueringar Vad betyder ett hj\u00e4rta som tatuering?  Ett hj\u00e4rta som tatuering kan betyda olika saker beroende p\u00e5 vem som b\u00e4r den och varf\u00f6r. F\u00f6r m\u00e5nga representerar hj\u00e4rtat k\u00e4rlek, passion och romantik. Det kan ocks\u00e5 symbolisera k\u00e4rlek till en person, en sak eller en plats. F\u00f6r andra kan ett hj\u00e4rta som tatuering vara en symbol f\u00f6r mod och styrka, eller ett tecken p\u00e5 att de har \u00f6vervunnit n\u00e5gon form av hinder eller hj\u00e4rtesorg. Sammanfattningsvis kan hj\u00e4rtat som tatuering ha olika betydelser f\u00f6r olika m\u00e4nniskor och tolkas p\u00e5 olika s\u00e4tt beroende p\u00e5 dess kontext och anv\u00e4ndning. Vi tycker att ett hj\u00e4rta symboliserar k\u00e4rlek och oldschool stilen g\u00f6r k\u00e4nslan av denna fake tattoo \u00e4kta!  Alla tatueringar fr\u00e5n oss p\u00e5 Like ink tillverkas i Sverige och \u00e4r enkla att applicera och tv\u00e4tta bort. Tatueringarna ser bra ut, \u00e4r veganska och allergiv\u00e4nliga.  Storlek ark: A5 Antal tatueringar: 11 Storlek tatueringar: 4-7 cm","og_url":"https:\/\/likeink.com\/sv\/gnuggisar\/old-school-karlekstatueringar-a5-ark\/","og_site_name":"Like ink","article_publisher":"https:\/\/www.facebook.com\/LikeInkSe","article_modified_time":"2026-04-14T14:24:29+00:00","og_image":[{"width":1200,"height":845,"url":"https:\/\/likeink.com\/wp-content\/uploads\/2023\/05\/Oldschool-love-tattoos-likeink.jpg","type":"image\/jpeg"}],"twitter_card":"summary_large_image","schema":{"@context":"https:\/\/schema.org","@graph":[{"@type":"WebPage","@id":"https:\/\/likeink.com\/sv\/gnuggisar\/old-school-karlekstatueringar-a5-ark\/","url":"https:\/\/likeink.com\/sv\/gnuggisar\/old-school-karlekstatueringar-a5-ark\/","name":"Old school k\u00e4rlekstatueringar A5-ark 98 kr - Like ink","isPartOf":{"@id":"https:\/\/likeink.com\/sv\/#website"},"primaryImageOfPage":{"@id":"https:\/\/likeink.com\/sv\/gnuggisar\/old-school-karlekstatueringar-a5-ark\/#primaryimage"},"image":{"@id":"https:\/\/likeink.com\/sv\/gnuggisar\/old-school-karlekstatueringar-a5-ark\/#primaryimage"},"thumbnailUrl":"https:\/\/likeink.com\/wp-content\/uploads\/2023\/05\/Oldschool-love-tattoos-likeink.jpg","datePublished":"2023-05-02T13:06:06+00:00","dateModified":"2026-04-14T14:24:29+00:00","description":"Old school k\u00e4rlekstatueringar p\u00e5 A5 ark. Perfekt till svensexa, m\u00f6hippa eller p\u00e5 br\u00f6llop. Gnuggisar \u00e4r k\u00e4rlek! - Like ink","breadcrumb":{"@id":"https:\/\/likeink.com\/sv\/gnuggisar\/old-school-karlekstatueringar-a5-ark\/#breadcrumb"},"inLanguage":"sv-SE","potentialAction":[{"@type":"ReadAction","target":["https:\/\/likeink.com\/sv\/gnuggisar\/old-school-karlekstatueringar-a5-ark\/"]}]},{"@type":"ImageObject","inLanguage":"sv-SE","@id":"https:\/\/likeink.com\/sv\/gnuggisar\/old-school-karlekstatueringar-a5-ark\/#primaryimage","url":"https:\/\/likeink.com\/wp-content\/uploads\/2023\/05\/Oldschool-love-tattoos-likeink.jpg","contentUrl":"https:\/\/likeink.com\/wp-content\/uploads\/2023\/05\/Oldschool-love-tattoos-likeink.jpg","width":1200,"height":845,"caption":"Gnuggisar med k\u00e4rleksmotiv i Old-School-stil."},{"@type":"BreadcrumbList","@id":"https:\/\/likeink.com\/sv\/gnuggisar\/old-school-karlekstatueringar-a5-ark\/#breadcrumb","itemListElement":[{"@type":"ListItem","position":1,"name":"Hem","item":"https:\/\/likeink.com\/sv\/"},{"@type":"ListItem","position":2,"name":"Webbutik","item":"https:\/\/likeink.com\/sv\/webbutik\/"},{"@type":"ListItem","position":3,"name":"Old school k\u00e4rlekstatueringar"}]},{"@type":"WebSite","@id":"https:\/\/likeink.com\/sv\/#website","url":"https:\/\/likeink.com\/sv\/","name":"Like ink","description":"Make your own custom design","potentialAction":[{"@type":"SearchAction","target":{"@type":"EntryPoint","urlTemplate":"https:\/\/likeink.com\/sv\/?s={search_term_string}"},"query-input":{"@type":"PropertyValueSpecification","valueRequired":true,"valueName":"search_term_string"}}],"inLanguage":"sv-SE"}]}},"_links":{"self":[{"href":"https:\/\/likeink.com\/sv\/wp-json\/wp\/v2\/product\/17654","targetHints":{"allow":["GET"]}}],"collection":[{"href":"https:\/\/likeink.com\/sv\/wp-json\/wp\/v2\/product"}],"about":[{"href":"https:\/\/likeink.com\/sv\/wp-json\/wp\/v2\/types\/product"}],"wp:featuredmedia":[{"embeddable":true,"href":"https:\/\/likeink.com\/sv\/wp-json\/wp\/v2\/media\/17643"}],"wp:attachment":[{"href":"https:\/\/likeink.com\/sv\/wp-json\/wp\/v2\/media?parent=17654"}],"wp:term":[{"taxonomy":"product_brand","embeddable":true,"href":"https:\/\/likeink.com\/sv\/wp-json\/wp\/v2\/product_brand?post=17654"},{"taxonomy":"product_cat","embeddable":true,"href":"https:\/\/likeink.com\/sv\/wp-json\/wp\/v2\/product_cat?post=17654"},{"taxonomy":"product_tag","embeddable":true,"href":"https:\/\/likeink.com\/sv\/wp-json\/wp\/v2\/product_tag?post=17654"}],"curies":[{"name":"wp","href":"https:\/\/api.w.org\/{rel}","templated":true}]}}