{"id":17708,"date":"2023-05-02T14:58:29","date_gmt":"2023-05-02T14:58:29","guid":{"rendered":"https:\/\/likeink.se\/?post_type=product&#038;p=17708"},"modified":"2026-04-14T14:22:03","modified_gmt":"2026-04-14T14:22:03","slug":"diamant-tatueringar","status":"publish","type":"product","link":"https:\/\/likeink.com\/sv\/gnuggisar\/diamant-tatueringar\/","title":{"rendered":"Diamant tatueringar"},"content":{"rendered":"","protected":false},"excerpt":{"rendered":"<p>V\u00e5ra ark med fejktatueringar \u00e4r 20X14 cm stora och det h\u00e4r arket \u00e4r fyllt med diamanter i olika f\u00e4rg och storlek. Vi trycker och skickar din best\u00e4llning inom 24 timmar!<br \/>\nDe sm\u00e5 diamanterna \u00e4r t\u00e4nkta att passa perfekt p\u00e5 fingrar, bakom \u00f6rat eller kanske lite diskret p\u00e5 handleden eller f\u00f6r att bygga ihop st\u00f6rre kluster medan de st\u00f6rre som \u00e4r cirka 4 cm syns tydligare.<\/p>\n<h2>Best\u00e4ll ett ark med snygga diamanttatueringar i olika f\u00e4rg och storlek<\/h2>\n<p><strong>Diamant-tatuering betydelse?<\/strong><br \/>\nEn diamant tatueringar kan ha olika betydelser beroende p\u00e5 vem som b\u00e4r dem och varf\u00f6r. F\u00f6r vissa personer kan diamanttatueringar symbolisera styrka, elegans, renhet och of\u00f6rst\u00f6rbarhet p\u00e5 grund av diamantens h\u00e5rdhet och ogenomtr\u00e4nglighet. F\u00f6r andra kan diamanttatueringar representera sk\u00f6nhet, lyx och rikedom, eftersom diamanten har varit en eftertraktad \u00e4delsten genom historien. Det \u00e4r dock sj\u00e4lvklart viktigt att notera att tatueringar alltid har en personlig betydelse f\u00f6r den som b\u00e4r den och kan tolkas p\u00e5 olika s\u00e4tt av olika m\u00e4nniskor.<\/p>\n<p>Alla tatueringar fr\u00e5n oss p\u00e5 Like ink tillverkas i Sverige och \u00e4r enkla att applicera och tv\u00e4tta bort. Tatueringarna ser bra ut, \u00e4r veganska och allergiv\u00e4nliga.<\/p>\n<p>Storlek ark: A5<br \/>\nAntal tatueringar: 50:ish<br \/>\nStorlek tatueringar: 1-4.5 cm<\/p>\n","protected":false},"featured_media":17581,"template":"","meta":[],"product_brand":[],"product_cat":[17,492],"product_tag":[],"class_list":{"0":"post-17708","1":"product","2":"type-product","3":"status-publish","4":"has-post-thumbnail","6":"product_cat-fardiga-ark","7":"product_cat-tribal-symboler-runor","9":"first","10":"instock","11":"taxable","12":"shipping-taxable","13":"purchasable","14":"product-type-simple"},"yoast_head":"<!-- This site is optimized with the Yoast SEO Premium plugin v26.2 (Yoast SEO v27.5) - https:\/\/yoast.com\/product\/yoast-seo-premium-wordpress\/ -->\n<title>Diamant tatueringar A5-ark I Fake tatuering - Like ink<\/title>\n<meta name=\"description\" content=\"Diamant tatueringar! Best\u00e4ll fina diamanttatueringar i varierad storlek och f\u00e4rg. - Like ink\" \/>\n<meta name=\"robots\" content=\"index, follow, max-snippet:-1, max-image-preview:large, max-video-preview:-1\" \/>\n<link rel=\"canonical\" href=\"https:\/\/likeink.com\/sv\/gnuggisar\/diamant-tatueringar\/\" \/>\n<meta property=\"og:locale\" content=\"sv_SE\" \/>\n<meta property=\"og:type\" content=\"article\" \/>\n<meta property=\"og:title\" content=\"Diamant tatueringar\" \/>\n<meta property=\"og:description\" content=\"V\u00e5ra ark med fejktatueringar \u00e4r 20X14 cm stora och det h\u00e4r arket \u00e4r fyllt med diamanter i olika f\u00e4rg och storlek. Vi trycker och skickar din best\u00e4llning inom 24 timmar! De sm\u00e5 diamanterna \u00e4r t\u00e4nkta att passa perfekt p\u00e5 fingrar, bakom \u00f6rat eller kanske lite diskret p\u00e5 handleden eller f\u00f6r att bygga ihop st\u00f6rre kluster medan de st\u00f6rre som \u00e4r cirka 4 cm syns tydligare. Best\u00e4ll ett ark med snygga diamanttatueringar i olika f\u00e4rg och storlek Diamant-tatuering betydelse? En diamant tatueringar kan ha olika betydelser beroende p\u00e5 vem som b\u00e4r dem och varf\u00f6r. F\u00f6r vissa personer kan diamanttatueringar symbolisera styrka, elegans, renhet och of\u00f6rst\u00f6rbarhet p\u00e5 grund av diamantens h\u00e5rdhet och ogenomtr\u00e4nglighet. F\u00f6r andra kan diamanttatueringar representera sk\u00f6nhet, lyx och rikedom, eftersom diamanten har varit en eftertraktad \u00e4delsten genom historien. Det \u00e4r dock sj\u00e4lvklart viktigt att notera att tatueringar alltid har en personlig betydelse f\u00f6r den som b\u00e4r den och kan tolkas p\u00e5 olika s\u00e4tt av olika m\u00e4nniskor.  Alla tatueringar fr\u00e5n oss p\u00e5 Like ink tillverkas i Sverige och \u00e4r enkla att applicera och tv\u00e4tta bort. Tatueringarna ser bra ut, \u00e4r veganska och allergiv\u00e4nliga.  Storlek ark: A5 Antal tatueringar: 50:ish Storlek tatueringar: 1-4.5 cm\" \/>\n<meta property=\"og:url\" content=\"https:\/\/likeink.com\/sv\/gnuggisar\/diamant-tatueringar\/\" \/>\n<meta property=\"og:site_name\" content=\"Like ink\" \/>\n<meta property=\"article:publisher\" content=\"https:\/\/www.facebook.com\/LikeInkSe\" \/>\n<meta property=\"article:modified_time\" content=\"2026-04-14T14:22:03+00:00\" \/>\n<meta property=\"og:image\" content=\"https:\/\/likeink.com\/wp-content\/uploads\/2023\/05\/Diamond-fake-tattoos-Likeink.jpg\" \/>\n\t<meta property=\"og:image:width\" content=\"1200\" \/>\n\t<meta property=\"og:image:height\" content=\"845\" \/>\n\t<meta property=\"og:image:type\" content=\"image\/jpeg\" \/>\n<meta name=\"twitter:card\" content=\"summary_large_image\" \/>\n<!-- \/ Yoast SEO Premium plugin. -->","yoast_head_json":{"title":"Diamant tatueringar A5-ark I Fake tatuering - Like ink","description":"Diamant tatueringar! Best\u00e4ll fina diamanttatueringar i varierad storlek och f\u00e4rg. - Like ink","robots":{"index":"index","follow":"follow","max-snippet":"max-snippet:-1","max-image-preview":"max-image-preview:large","max-video-preview":"max-video-preview:-1"},"canonical":"https:\/\/likeink.com\/sv\/gnuggisar\/diamant-tatueringar\/","og_locale":"sv_SE","og_type":"article","og_title":"Diamant tatueringar","og_description":"V\u00e5ra ark med fejktatueringar \u00e4r 20X14 cm stora och det h\u00e4r arket \u00e4r fyllt med diamanter i olika f\u00e4rg och storlek. Vi trycker och skickar din best\u00e4llning inom 24 timmar! De sm\u00e5 diamanterna \u00e4r t\u00e4nkta att passa perfekt p\u00e5 fingrar, bakom \u00f6rat eller kanske lite diskret p\u00e5 handleden eller f\u00f6r att bygga ihop st\u00f6rre kluster medan de st\u00f6rre som \u00e4r cirka 4 cm syns tydligare. Best\u00e4ll ett ark med snygga diamanttatueringar i olika f\u00e4rg och storlek Diamant-tatuering betydelse? En diamant tatueringar kan ha olika betydelser beroende p\u00e5 vem som b\u00e4r dem och varf\u00f6r. F\u00f6r vissa personer kan diamanttatueringar symbolisera styrka, elegans, renhet och of\u00f6rst\u00f6rbarhet p\u00e5 grund av diamantens h\u00e5rdhet och ogenomtr\u00e4nglighet. F\u00f6r andra kan diamanttatueringar representera sk\u00f6nhet, lyx och rikedom, eftersom diamanten har varit en eftertraktad \u00e4delsten genom historien. Det \u00e4r dock sj\u00e4lvklart viktigt att notera att tatueringar alltid har en personlig betydelse f\u00f6r den som b\u00e4r den och kan tolkas p\u00e5 olika s\u00e4tt av olika m\u00e4nniskor.  Alla tatueringar fr\u00e5n oss p\u00e5 Like ink tillverkas i Sverige och \u00e4r enkla att applicera och tv\u00e4tta bort. Tatueringarna ser bra ut, \u00e4r veganska och allergiv\u00e4nliga.  Storlek ark: A5 Antal tatueringar: 50:ish Storlek tatueringar: 1-4.5 cm","og_url":"https:\/\/likeink.com\/sv\/gnuggisar\/diamant-tatueringar\/","og_site_name":"Like ink","article_publisher":"https:\/\/www.facebook.com\/LikeInkSe","article_modified_time":"2026-04-14T14:22:03+00:00","og_image":[{"width":1200,"height":845,"url":"https:\/\/likeink.com\/wp-content\/uploads\/2023\/05\/Diamond-fake-tattoos-Likeink.jpg","type":"image\/jpeg"}],"twitter_card":"summary_large_image","schema":{"@context":"https:\/\/schema.org","@graph":[{"@type":"WebPage","@id":"https:\/\/likeink.com\/sv\/gnuggisar\/diamant-tatueringar\/","url":"https:\/\/likeink.com\/sv\/gnuggisar\/diamant-tatueringar\/","name":"Diamant tatueringar A5-ark I Fake tatuering - Like ink","isPartOf":{"@id":"https:\/\/likeink.com\/sv\/#website"},"primaryImageOfPage":{"@id":"https:\/\/likeink.com\/sv\/gnuggisar\/diamant-tatueringar\/#primaryimage"},"image":{"@id":"https:\/\/likeink.com\/sv\/gnuggisar\/diamant-tatueringar\/#primaryimage"},"thumbnailUrl":"https:\/\/likeink.com\/wp-content\/uploads\/2023\/05\/Diamond-fake-tattoos-Likeink.jpg","datePublished":"2023-05-02T14:58:29+00:00","dateModified":"2026-04-14T14:22:03+00:00","description":"Diamant tatueringar! Best\u00e4ll fina diamanttatueringar i varierad storlek och f\u00e4rg. - Like ink","breadcrumb":{"@id":"https:\/\/likeink.com\/sv\/gnuggisar\/diamant-tatueringar\/#breadcrumb"},"inLanguage":"sv-SE","potentialAction":[{"@type":"ReadAction","target":["https:\/\/likeink.com\/sv\/gnuggisar\/diamant-tatueringar\/"]}]},{"@type":"ImageObject","inLanguage":"sv-SE","@id":"https:\/\/likeink.com\/sv\/gnuggisar\/diamant-tatueringar\/#primaryimage","url":"https:\/\/likeink.com\/wp-content\/uploads\/2023\/05\/Diamond-fake-tattoos-Likeink.jpg","contentUrl":"https:\/\/likeink.com\/wp-content\/uploads\/2023\/05\/Diamond-fake-tattoos-Likeink.jpg","width":1200,"height":845,"caption":"fake tatuering diamanter"},{"@type":"BreadcrumbList","@id":"https:\/\/likeink.com\/sv\/gnuggisar\/diamant-tatueringar\/#breadcrumb","itemListElement":[{"@type":"ListItem","position":1,"name":"Hem","item":"https:\/\/likeink.com\/sv\/"},{"@type":"ListItem","position":2,"name":"Webbutik","item":"https:\/\/likeink.com\/sv\/webbutik\/"},{"@type":"ListItem","position":3,"name":"Diamant tatueringar"}]},{"@type":"WebSite","@id":"https:\/\/likeink.com\/sv\/#website","url":"https:\/\/likeink.com\/sv\/","name":"Like ink","description":"Make your own custom design","potentialAction":[{"@type":"SearchAction","target":{"@type":"EntryPoint","urlTemplate":"https:\/\/likeink.com\/sv\/?s={search_term_string}"},"query-input":{"@type":"PropertyValueSpecification","valueRequired":true,"valueName":"search_term_string"}}],"inLanguage":"sv-SE"}]}},"_links":{"self":[{"href":"https:\/\/likeink.com\/sv\/wp-json\/wp\/v2\/product\/17708","targetHints":{"allow":["GET"]}}],"collection":[{"href":"https:\/\/likeink.com\/sv\/wp-json\/wp\/v2\/product"}],"about":[{"href":"https:\/\/likeink.com\/sv\/wp-json\/wp\/v2\/types\/product"}],"wp:featuredmedia":[{"embeddable":true,"href":"https:\/\/likeink.com\/sv\/wp-json\/wp\/v2\/media\/17581"}],"wp:attachment":[{"href":"https:\/\/likeink.com\/sv\/wp-json\/wp\/v2\/media?parent=17708"}],"wp:term":[{"taxonomy":"product_brand","embeddable":true,"href":"https:\/\/likeink.com\/sv\/wp-json\/wp\/v2\/product_brand?post=17708"},{"taxonomy":"product_cat","embeddable":true,"href":"https:\/\/likeink.com\/sv\/wp-json\/wp\/v2\/product_cat?post=17708"},{"taxonomy":"product_tag","embeddable":true,"href":"https:\/\/likeink.com\/sv\/wp-json\/wp\/v2\/product_tag?post=17708"}],"curies":[{"name":"wp","href":"https:\/\/api.w.org\/{rel}","templated":true}]}}