{"id":17721,"date":"2023-05-02T15:17:52","date_gmt":"2023-05-02T15:17:52","guid":{"rendered":"https:\/\/likeink.se\/?post_type=product&#038;p=17721"},"modified":"2026-04-14T14:27:16","modified_gmt":"2026-04-14T14:27:16","slug":"old-school-orm-tatuering-a5-ark","status":"publish","type":"product","link":"https:\/\/likeink.com\/sv\/gnuggisar\/old-school-orm-tatuering-a5-ark\/","title":{"rendered":"Old school orm tatuering"},"content":{"rendered":"","protected":false},"excerpt":{"rendered":"<p>V\u00e5ra ark med fejktatueringar \u00e4r 20X14 cm stora och det h\u00e4r arket \u00e4r fyllt med ormar i olika kombinationer i sann old school tatueringsstil. Vi trycker och skickar din best\u00e4llning inom 24 timmar!<br \/>\nH\u00e4r f\u00e5r du tatueringsmotiv av ormar, blommor och d\u00f6skallar i fina matta f\u00e4rger.<\/p>\n<h2>Best\u00e4ll fake tattoos med ormar i oldschool-stil<\/h2>\n<p><strong>Vad betyder en orm som tatuering? <\/strong><br \/>\nOrmar har en l\u00e5ng historia och f\u00f6rekommer i m\u00e5nga kulturer och mytologier runt om i v\u00e4rlden, och d\u00e4rf\u00f6r kan dess symbolik variera.<br \/>\nI vissa kulturer och mytologier ses ormen som en symbol f\u00f6r f\u00f6delse, d\u00f6d och \u00e5terf\u00f6delse, eftersom den f\u00e4ller sin hud och genomg\u00e5r en f\u00f6rnyelseprocess. Ormen kan ocks\u00e5 representera visdom, helande och transformation. I grekisk mytologi var Asklepios, guden f\u00f6r medicin och helande, ofta avbildad med en orm lindad runt hans stav.<br \/>\nI andra kulturer kan ormar symbolisera frestelse och synd, som i ber\u00e4ttelsen om Adam och Eva i Bibeln, d\u00e4r ormen frestar Eva att \u00e4ta den f\u00f6rbjudna frukten.<br \/>\nSom en tatuering kan en orm betyda m\u00e5nga olika saker beroende p\u00e5 b\u00e4raren och dess personliga betydelse. Det kan representera f\u00f6r\u00e4ndring, helande, visdom, kreativitet eller \u00f6vervinna utmaningar och motg\u00e5ngar. Det \u00e4r viktigt att t\u00e4nka p\u00e5 att ormtatueringar kan tolkas olika beroende p\u00e5 deras design och det sammanhang de anv\u00e4nds i.<\/p>\n<p>Alla fake tatueringar fr\u00e5n oss p\u00e5 Like ink tillverkas i Sverige och \u00e4r enkla att applicera och tv\u00e4tta bort. Tatueringarna ser bra ut, \u00e4r veganska och allergiv\u00e4nliga.<\/p>\n<p>Storlek ark: A5<br \/>\nAntal tatueringar: 7<br \/>\nStorlek tatueringar: 3-12 cm + t\u00e5rar 1 cm<\/p>\n","protected":false},"featured_media":17588,"template":"","meta":[],"product_brand":[],"product_cat":[488,17,489,125],"product_tag":[],"class_list":{"0":"post-17721","1":"product","2":"type-product","3":"status-publish","4":"has-post-thumbnail","6":"product_cat-djur-natur","7":"product_cat-fardiga-ark","8":"product_cat-old-school-retro-sv","9":"product_cat-old-school-tatuering","11":"first","12":"instock","13":"taxable","14":"shipping-taxable","15":"purchasable","16":"product-type-simple"},"yoast_head":"<!-- This site is optimized with the Yoast SEO Premium plugin v26.2 (Yoast SEO v27.4) - https:\/\/yoast.com\/product\/yoast-seo-premium-wordpress\/ -->\n<title>Old school orm tatuering A5-ark I Fejktatueringar - Like ink<\/title>\n<meta name=\"description\" content=\"Old school orm tatuering I snygga f\u00e4rger! Orm, d\u00f6skalle och blomma! Fri frakt och snabb leverans! - Like ink\" \/>\n<meta name=\"robots\" content=\"index, follow, max-snippet:-1, max-image-preview:large, max-video-preview:-1\" \/>\n<link rel=\"canonical\" href=\"https:\/\/likeink.com\/sv\/gnuggisar\/old-school-orm-tatuering-a5-ark\/\" \/>\n<meta property=\"og:locale\" content=\"sv_SE\" \/>\n<meta property=\"og:type\" content=\"article\" \/>\n<meta property=\"og:title\" content=\"Old school orm tatuering\" \/>\n<meta property=\"og:description\" content=\"V\u00e5ra ark med fejktatueringar \u00e4r 20X14 cm stora och det h\u00e4r arket \u00e4r fyllt med ormar i olika kombinationer i sann old school tatueringsstil. Vi trycker och skickar din best\u00e4llning inom 24 timmar! H\u00e4r f\u00e5r du tatueringsmotiv av ormar, blommor och d\u00f6skallar i fina matta f\u00e4rger. Best\u00e4ll fake tattoos med ormar i oldschool-stil Vad betyder en orm som tatuering?  Ormar har en l\u00e5ng historia och f\u00f6rekommer i m\u00e5nga kulturer och mytologier runt om i v\u00e4rlden, och d\u00e4rf\u00f6r kan dess symbolik variera. I vissa kulturer och mytologier ses ormen som en symbol f\u00f6r f\u00f6delse, d\u00f6d och \u00e5terf\u00f6delse, eftersom den f\u00e4ller sin hud och genomg\u00e5r en f\u00f6rnyelseprocess. Ormen kan ocks\u00e5 representera visdom, helande och transformation. I grekisk mytologi var Asklepios, guden f\u00f6r medicin och helande, ofta avbildad med en orm lindad runt hans stav. I andra kulturer kan ormar symbolisera frestelse och synd, som i ber\u00e4ttelsen om Adam och Eva i Bibeln, d\u00e4r ormen frestar Eva att \u00e4ta den f\u00f6rbjudna frukten. Som en tatuering kan en orm betyda m\u00e5nga olika saker beroende p\u00e5 b\u00e4raren och dess personliga betydelse. Det kan representera f\u00f6r\u00e4ndring, helande, visdom, kreativitet eller \u00f6vervinna utmaningar och motg\u00e5ngar. Det \u00e4r viktigt att t\u00e4nka p\u00e5 att ormtatueringar kan tolkas olika beroende p\u00e5 deras design och det sammanhang de anv\u00e4nds i.  Alla fake tatueringar fr\u00e5n oss p\u00e5 Like ink tillverkas i Sverige och \u00e4r enkla att applicera och tv\u00e4tta bort. Tatueringarna ser bra ut, \u00e4r veganska och allergiv\u00e4nliga.  Storlek ark: A5 Antal tatueringar: 7 Storlek tatueringar: 3-12 cm + t\u00e5rar 1 cm\" \/>\n<meta property=\"og:url\" content=\"https:\/\/likeink.com\/sv\/gnuggisar\/old-school-orm-tatuering-a5-ark\/\" \/>\n<meta property=\"og:site_name\" content=\"Like ink\" \/>\n<meta property=\"article:publisher\" content=\"https:\/\/www.facebook.com\/LikeInkSe\" \/>\n<meta property=\"article:modified_time\" content=\"2026-04-14T14:27:16+00:00\" \/>\n<meta property=\"og:image\" content=\"https:\/\/likeink.com\/wp-content\/uploads\/2023\/05\/Oldschool-snake-tattoos-Likeink.jpg\" \/>\n\t<meta property=\"og:image:width\" content=\"1200\" \/>\n\t<meta property=\"og:image:height\" content=\"845\" \/>\n\t<meta property=\"og:image:type\" content=\"image\/jpeg\" \/>\n<meta name=\"twitter:card\" content=\"summary_large_image\" \/>\n<script type=\"application\/ld+json\" class=\"yoast-schema-graph\">{\"@context\":\"https:\\\/\\\/schema.org\",\"@graph\":[{\"@type\":\"WebPage\",\"@id\":\"https:\\\/\\\/likeink.com\\\/sv\\\/gnuggisar\\\/old-school-orm-tatuering-a5-ark\\\/\",\"url\":\"https:\\\/\\\/likeink.com\\\/sv\\\/gnuggisar\\\/old-school-orm-tatuering-a5-ark\\\/\",\"name\":\"Old school orm tatuering A5-ark I Fejktatueringar - Like ink\",\"isPartOf\":{\"@id\":\"https:\\\/\\\/likeink.com\\\/sv\\\/#website\"},\"primaryImageOfPage\":{\"@id\":\"https:\\\/\\\/likeink.com\\\/sv\\\/gnuggisar\\\/old-school-orm-tatuering-a5-ark\\\/#primaryimage\"},\"image\":{\"@id\":\"https:\\\/\\\/likeink.com\\\/sv\\\/gnuggisar\\\/old-school-orm-tatuering-a5-ark\\\/#primaryimage\"},\"thumbnailUrl\":\"https:\\\/\\\/likeink.com\\\/wp-content\\\/uploads\\\/2023\\\/05\\\/Oldschool-snake-tattoos-Likeink.jpg\",\"datePublished\":\"2023-05-02T15:17:52+00:00\",\"dateModified\":\"2026-04-14T14:27:16+00:00\",\"description\":\"Old school orm tatuering I snygga f\u00e4rger! Orm, d\u00f6skalle och blomma! Fri frakt och snabb leverans! - Like ink\",\"breadcrumb\":{\"@id\":\"https:\\\/\\\/likeink.com\\\/sv\\\/gnuggisar\\\/old-school-orm-tatuering-a5-ark\\\/#breadcrumb\"},\"inLanguage\":\"sv-SE\",\"potentialAction\":[{\"@type\":\"ReadAction\",\"target\":[\"https:\\\/\\\/likeink.com\\\/sv\\\/gnuggisar\\\/old-school-orm-tatuering-a5-ark\\\/\"]}]},{\"@type\":\"ImageObject\",\"inLanguage\":\"sv-SE\",\"@id\":\"https:\\\/\\\/likeink.com\\\/sv\\\/gnuggisar\\\/old-school-orm-tatuering-a5-ark\\\/#primaryimage\",\"url\":\"https:\\\/\\\/likeink.com\\\/wp-content\\\/uploads\\\/2023\\\/05\\\/Oldschool-snake-tattoos-Likeink.jpg\",\"contentUrl\":\"https:\\\/\\\/likeink.com\\\/wp-content\\\/uploads\\\/2023\\\/05\\\/Oldschool-snake-tattoos-Likeink.jpg\",\"width\":1200,\"height\":845,\"caption\":\"Oldschool snake tattoo sheet\"},{\"@type\":\"BreadcrumbList\",\"@id\":\"https:\\\/\\\/likeink.com\\\/sv\\\/gnuggisar\\\/old-school-orm-tatuering-a5-ark\\\/#breadcrumb\",\"itemListElement\":[{\"@type\":\"ListItem\",\"position\":1,\"name\":\"Hem\",\"item\":\"https:\\\/\\\/likeink.com\\\/sv\\\/\"},{\"@type\":\"ListItem\",\"position\":2,\"name\":\"Webbutik\",\"item\":\"https:\\\/\\\/likeink.com\\\/sv\\\/webbutik\\\/\"},{\"@type\":\"ListItem\",\"position\":3,\"name\":\"Old school orm tatuering\"}]},{\"@type\":\"WebSite\",\"@id\":\"https:\\\/\\\/likeink.com\\\/sv\\\/#website\",\"url\":\"https:\\\/\\\/likeink.com\\\/sv\\\/\",\"name\":\"Like ink\",\"description\":\"Make your own custom design\",\"potentialAction\":[{\"@type\":\"SearchAction\",\"target\":{\"@type\":\"EntryPoint\",\"urlTemplate\":\"https:\\\/\\\/likeink.com\\\/sv\\\/?s={search_term_string}\"},\"query-input\":{\"@type\":\"PropertyValueSpecification\",\"valueRequired\":true,\"valueName\":\"search_term_string\"}}],\"inLanguage\":\"sv-SE\"}]}<\/script>\n<!-- \/ Yoast SEO Premium plugin. -->","yoast_head_json":{"title":"Old school orm tatuering A5-ark I Fejktatueringar - Like ink","description":"Old school orm tatuering I snygga f\u00e4rger! Orm, d\u00f6skalle och blomma! Fri frakt och snabb leverans! - Like ink","robots":{"index":"index","follow":"follow","max-snippet":"max-snippet:-1","max-image-preview":"max-image-preview:large","max-video-preview":"max-video-preview:-1"},"canonical":"https:\/\/likeink.com\/sv\/gnuggisar\/old-school-orm-tatuering-a5-ark\/","og_locale":"sv_SE","og_type":"article","og_title":"Old school orm tatuering","og_description":"V\u00e5ra ark med fejktatueringar \u00e4r 20X14 cm stora och det h\u00e4r arket \u00e4r fyllt med ormar i olika kombinationer i sann old school tatueringsstil. Vi trycker och skickar din best\u00e4llning inom 24 timmar! H\u00e4r f\u00e5r du tatueringsmotiv av ormar, blommor och d\u00f6skallar i fina matta f\u00e4rger. Best\u00e4ll fake tattoos med ormar i oldschool-stil Vad betyder en orm som tatuering?  Ormar har en l\u00e5ng historia och f\u00f6rekommer i m\u00e5nga kulturer och mytologier runt om i v\u00e4rlden, och d\u00e4rf\u00f6r kan dess symbolik variera. I vissa kulturer och mytologier ses ormen som en symbol f\u00f6r f\u00f6delse, d\u00f6d och \u00e5terf\u00f6delse, eftersom den f\u00e4ller sin hud och genomg\u00e5r en f\u00f6rnyelseprocess. Ormen kan ocks\u00e5 representera visdom, helande och transformation. I grekisk mytologi var Asklepios, guden f\u00f6r medicin och helande, ofta avbildad med en orm lindad runt hans stav. I andra kulturer kan ormar symbolisera frestelse och synd, som i ber\u00e4ttelsen om Adam och Eva i Bibeln, d\u00e4r ormen frestar Eva att \u00e4ta den f\u00f6rbjudna frukten. Som en tatuering kan en orm betyda m\u00e5nga olika saker beroende p\u00e5 b\u00e4raren och dess personliga betydelse. Det kan representera f\u00f6r\u00e4ndring, helande, visdom, kreativitet eller \u00f6vervinna utmaningar och motg\u00e5ngar. Det \u00e4r viktigt att t\u00e4nka p\u00e5 att ormtatueringar kan tolkas olika beroende p\u00e5 deras design och det sammanhang de anv\u00e4nds i.  Alla fake tatueringar fr\u00e5n oss p\u00e5 Like ink tillverkas i Sverige och \u00e4r enkla att applicera och tv\u00e4tta bort. Tatueringarna ser bra ut, \u00e4r veganska och allergiv\u00e4nliga.  Storlek ark: A5 Antal tatueringar: 7 Storlek tatueringar: 3-12 cm + t\u00e5rar 1 cm","og_url":"https:\/\/likeink.com\/sv\/gnuggisar\/old-school-orm-tatuering-a5-ark\/","og_site_name":"Like ink","article_publisher":"https:\/\/www.facebook.com\/LikeInkSe","article_modified_time":"2026-04-14T14:27:16+00:00","og_image":[{"width":1200,"height":845,"url":"https:\/\/likeink.com\/wp-content\/uploads\/2023\/05\/Oldschool-snake-tattoos-Likeink.jpg","type":"image\/jpeg"}],"twitter_card":"summary_large_image","schema":{"@context":"https:\/\/schema.org","@graph":[{"@type":"WebPage","@id":"https:\/\/likeink.com\/sv\/gnuggisar\/old-school-orm-tatuering-a5-ark\/","url":"https:\/\/likeink.com\/sv\/gnuggisar\/old-school-orm-tatuering-a5-ark\/","name":"Old school orm tatuering A5-ark I Fejktatueringar - Like ink","isPartOf":{"@id":"https:\/\/likeink.com\/sv\/#website"},"primaryImageOfPage":{"@id":"https:\/\/likeink.com\/sv\/gnuggisar\/old-school-orm-tatuering-a5-ark\/#primaryimage"},"image":{"@id":"https:\/\/likeink.com\/sv\/gnuggisar\/old-school-orm-tatuering-a5-ark\/#primaryimage"},"thumbnailUrl":"https:\/\/likeink.com\/wp-content\/uploads\/2023\/05\/Oldschool-snake-tattoos-Likeink.jpg","datePublished":"2023-05-02T15:17:52+00:00","dateModified":"2026-04-14T14:27:16+00:00","description":"Old school orm tatuering I snygga f\u00e4rger! Orm, d\u00f6skalle och blomma! Fri frakt och snabb leverans! - Like ink","breadcrumb":{"@id":"https:\/\/likeink.com\/sv\/gnuggisar\/old-school-orm-tatuering-a5-ark\/#breadcrumb"},"inLanguage":"sv-SE","potentialAction":[{"@type":"ReadAction","target":["https:\/\/likeink.com\/sv\/gnuggisar\/old-school-orm-tatuering-a5-ark\/"]}]},{"@type":"ImageObject","inLanguage":"sv-SE","@id":"https:\/\/likeink.com\/sv\/gnuggisar\/old-school-orm-tatuering-a5-ark\/#primaryimage","url":"https:\/\/likeink.com\/wp-content\/uploads\/2023\/05\/Oldschool-snake-tattoos-Likeink.jpg","contentUrl":"https:\/\/likeink.com\/wp-content\/uploads\/2023\/05\/Oldschool-snake-tattoos-Likeink.jpg","width":1200,"height":845,"caption":"Oldschool snake tattoo sheet"},{"@type":"BreadcrumbList","@id":"https:\/\/likeink.com\/sv\/gnuggisar\/old-school-orm-tatuering-a5-ark\/#breadcrumb","itemListElement":[{"@type":"ListItem","position":1,"name":"Hem","item":"https:\/\/likeink.com\/sv\/"},{"@type":"ListItem","position":2,"name":"Webbutik","item":"https:\/\/likeink.com\/sv\/webbutik\/"},{"@type":"ListItem","position":3,"name":"Old school orm tatuering"}]},{"@type":"WebSite","@id":"https:\/\/likeink.com\/sv\/#website","url":"https:\/\/likeink.com\/sv\/","name":"Like ink","description":"Make your own custom design","potentialAction":[{"@type":"SearchAction","target":{"@type":"EntryPoint","urlTemplate":"https:\/\/likeink.com\/sv\/?s={search_term_string}"},"query-input":{"@type":"PropertyValueSpecification","valueRequired":true,"valueName":"search_term_string"}}],"inLanguage":"sv-SE"}]}},"_links":{"self":[{"href":"https:\/\/likeink.com\/sv\/wp-json\/wp\/v2\/product\/17721","targetHints":{"allow":["GET"]}}],"collection":[{"href":"https:\/\/likeink.com\/sv\/wp-json\/wp\/v2\/product"}],"about":[{"href":"https:\/\/likeink.com\/sv\/wp-json\/wp\/v2\/types\/product"}],"wp:featuredmedia":[{"embeddable":true,"href":"https:\/\/likeink.com\/sv\/wp-json\/wp\/v2\/media\/17588"}],"wp:attachment":[{"href":"https:\/\/likeink.com\/sv\/wp-json\/wp\/v2\/media?parent=17721"}],"wp:term":[{"taxonomy":"product_brand","embeddable":true,"href":"https:\/\/likeink.com\/sv\/wp-json\/wp\/v2\/product_brand?post=17721"},{"taxonomy":"product_cat","embeddable":true,"href":"https:\/\/likeink.com\/sv\/wp-json\/wp\/v2\/product_cat?post=17721"},{"taxonomy":"product_tag","embeddable":true,"href":"https:\/\/likeink.com\/sv\/wp-json\/wp\/v2\/product_tag?post=17721"}],"curies":[{"name":"wp","href":"https:\/\/api.w.org\/{rel}","templated":true}]}}