{"id":17981,"date":"2023-05-09T11:35:43","date_gmt":"2023-05-09T11:35:43","guid":{"rendered":"https:\/\/likeink.se\/gnuggis\/birthday-dino-tattoos\/"},"modified":"2026-04-14T13:02:55","modified_gmt":"2026-04-14T13:02:55","slug":"fodelsedags-dino-tatueringar","status":"publish","type":"product","link":"https:\/\/likeink.com\/sv\/gnuggisar\/fodelsedags-dino-tatueringar\/","title":{"rendered":"F\u00f6delsedags Dino tatueringar"},"content":{"rendered":"","protected":false},"excerpt":{"rendered":"<p>F\u00f6delsedags-dinosaurie-gnuggisar \u2013 det perfekta tillskottet till alla dino-\u00e4lskares speciella dag, precis som en f\u00f6delsedag ska vara! Dessa livfulla och lekfullt designade gnuggisar kommer att ge liv \u00e5t din dinosaurie-temafest och f\u00e5 alla g\u00e4ster att k\u00e4nna sig som en del av den jurassiska eran.<\/p>\n<p>Varje A5-ark inneh\u00e5ller flera olika unika, h\u00f6gkvalitativa tempor\u00e4ra tatueringar med s\u00f6ta och festsugna dinosaurier. Tatueringarna \u00e4r gjorda av icke-giftiga, hudv\u00e4nliga material s\u00e5 tatueringarna \u00e4r b\u00e5de snygga och s\u00e4kra att anv\u00e4nda f\u00f6r alla \u00e5ldrar.<\/p>\n<h2>Best\u00e4ll gnuggisar med s\u00f6ta dinosaurier till barnkalaset<\/h2>\n<p>Att applicera dessa tempor\u00e4ra tatueringar \u00e4r busenkelt \u2013 tryck dem helt enkelt p\u00e5 ren, torr hud med en fuktig trasa och se hur de \u00f6verf\u00f6rs p\u00e5 bara n\u00e5gra sekunder. N\u00e4r det \u00e4r dags att ta bort dem g\u00f6r man det enkelt med lite tv\u00e5l och vatten eller s\u00e5 n\u00f6ts de bort inom en vecka.<\/p>\n<p>Med v\u00e5ra F\u00f6delsedags-dinosaurie Tempor\u00e4ra Tatueringar kommer du att skapa fina minnen och inspirera varje g\u00e4st p\u00e5 din fest.<\/p>\n<p>Ark storlek: A5<\/p>\n<p>Antal tatueringar: 14<\/p>\n<p>Storlek p\u00e5 tatueringarna: 3,5-4,5 cm<\/p>\n","protected":false},"featured_media":17944,"template":"","meta":[],"product_brand":[],"product_cat":[128,493,488,17],"product_tag":[],"class_list":{"0":"post-17981","1":"product","2":"type-product","3":"status-publish","4":"has-post-thumbnail","6":"product_cat-barn-tatueringar","7":"product_cat-barnkalas","8":"product_cat-djur-natur","9":"product_cat-fardiga-ark","11":"first","12":"instock","13":"taxable","14":"shipping-taxable","15":"purchasable","16":"product-type-simple"},"yoast_head":"<!-- This site is optimized with the Yoast SEO Premium plugin v26.2 (Yoast SEO v27.4) - https:\/\/yoast.com\/product\/yoast-seo-premium-wordpress\/ -->\n<title>F\u00f6delsedags Dino tatueringar I Dino Gnuggisar - Like ink<\/title>\n<meta name=\"description\" content=\"F\u00f6delsedags Dino tatueringar! Perfekta f\u00f6r alla dino-temafester, dessa l\u00e4tta att applicera designen kommer f\u00e5 dina g\u00e4ster att vr\u00e5la av gl\u00e4dje :) - Like ink\" \/>\n<meta name=\"robots\" content=\"index, follow, max-snippet:-1, max-image-preview:large, max-video-preview:-1\" \/>\n<link rel=\"canonical\" href=\"https:\/\/likeink.com\/sv\/gnuggisar\/fodelsedags-dino-tatueringar\/\" \/>\n<meta property=\"og:locale\" content=\"sv_SE\" \/>\n<meta property=\"og:type\" content=\"article\" \/>\n<meta property=\"og:title\" content=\"F\u00f6delsedags Dino tatueringar\" \/>\n<meta property=\"og:description\" content=\"F\u00f6delsedags-dinosaurie-gnuggisar \u2013 det perfekta tillskottet till alla dino-\u00e4lskares speciella dag, precis som en f\u00f6delsedag ska vara! Dessa livfulla och lekfullt designade gnuggisar kommer att ge liv \u00e5t din dinosaurie-temafest och f\u00e5 alla g\u00e4ster att k\u00e4nna sig som en del av den jurassiska eran.  Varje A5-ark inneh\u00e5ller flera olika unika, h\u00f6gkvalitativa tempor\u00e4ra tatueringar med s\u00f6ta och festsugna dinosaurier. Tatueringarna \u00e4r gjorda av icke-giftiga, hudv\u00e4nliga material s\u00e5 tatueringarna \u00e4r b\u00e5de snygga och s\u00e4kra att anv\u00e4nda f\u00f6r alla \u00e5ldrar.  Best\u00e4ll gnuggisar med s\u00f6ta dinosaurier till barnkalaset  Att applicera dessa tempor\u00e4ra tatueringar \u00e4r busenkelt \u2013 tryck dem helt enkelt p\u00e5 ren, torr hud med en fuktig trasa och se hur de \u00f6verf\u00f6rs p\u00e5 bara n\u00e5gra sekunder. N\u00e4r det \u00e4r dags att ta bort dem g\u00f6r man det enkelt med lite tv\u00e5l och vatten eller s\u00e5 n\u00f6ts de bort inom en vecka.  Med v\u00e5ra F\u00f6delsedags-dinosaurie Tempor\u00e4ra Tatueringar kommer du att skapa fina minnen och inspirera varje g\u00e4st p\u00e5 din fest.  Ark storlek: A5  Antal tatueringar: 14  Storlek p\u00e5 tatueringarna: 3,5-4,5 cm\" \/>\n<meta property=\"og:url\" content=\"https:\/\/likeink.com\/sv\/gnuggisar\/fodelsedags-dino-tatueringar\/\" \/>\n<meta property=\"og:site_name\" content=\"Like ink\" \/>\n<meta property=\"article:publisher\" content=\"https:\/\/www.facebook.com\/LikeInkSe\" \/>\n<meta property=\"article:modified_time\" content=\"2026-04-14T13:02:55+00:00\" \/>\n<meta property=\"og:image\" content=\"https:\/\/likeink.com\/wp-content\/uploads\/2023\/05\/Fodelsedag-dinosaurier-likeink-gnuggisar.jpg\" \/>\n\t<meta property=\"og:image:width\" content=\"2481\" \/>\n\t<meta property=\"og:image:height\" content=\"1749\" \/>\n\t<meta property=\"og:image:type\" content=\"image\/jpeg\" \/>\n<meta name=\"twitter:card\" content=\"summary_large_image\" \/>\n<script type=\"application\/ld+json\" class=\"yoast-schema-graph\">{\"@context\":\"https:\\\/\\\/schema.org\",\"@graph\":[{\"@type\":\"WebPage\",\"@id\":\"https:\\\/\\\/likeink.com\\\/sv\\\/gnuggisar\\\/fodelsedags-dino-tatueringar\\\/\",\"url\":\"https:\\\/\\\/likeink.com\\\/sv\\\/gnuggisar\\\/fodelsedags-dino-tatueringar\\\/\",\"name\":\"F\u00f6delsedags Dino tatueringar I Dino Gnuggisar - Like ink\",\"isPartOf\":{\"@id\":\"https:\\\/\\\/likeink.com\\\/sv\\\/#website\"},\"primaryImageOfPage\":{\"@id\":\"https:\\\/\\\/likeink.com\\\/sv\\\/gnuggisar\\\/fodelsedags-dino-tatueringar\\\/#primaryimage\"},\"image\":{\"@id\":\"https:\\\/\\\/likeink.com\\\/sv\\\/gnuggisar\\\/fodelsedags-dino-tatueringar\\\/#primaryimage\"},\"thumbnailUrl\":\"https:\\\/\\\/likeink.com\\\/wp-content\\\/uploads\\\/2023\\\/05\\\/Fodelsedag-dinosaurier-likeink-gnuggisar.jpg\",\"datePublished\":\"2023-05-09T11:35:43+00:00\",\"dateModified\":\"2026-04-14T13:02:55+00:00\",\"description\":\"F\u00f6delsedags Dino tatueringar! Perfekta f\u00f6r alla dino-temafester, dessa l\u00e4tta att applicera designen kommer f\u00e5 dina g\u00e4ster att vr\u00e5la av gl\u00e4dje :) - Like ink\",\"breadcrumb\":{\"@id\":\"https:\\\/\\\/likeink.com\\\/sv\\\/gnuggisar\\\/fodelsedags-dino-tatueringar\\\/#breadcrumb\"},\"inLanguage\":\"sv-SE\",\"potentialAction\":[{\"@type\":\"ReadAction\",\"target\":[\"https:\\\/\\\/likeink.com\\\/sv\\\/gnuggisar\\\/fodelsedags-dino-tatueringar\\\/\"]}]},{\"@type\":\"ImageObject\",\"inLanguage\":\"sv-SE\",\"@id\":\"https:\\\/\\\/likeink.com\\\/sv\\\/gnuggisar\\\/fodelsedags-dino-tatueringar\\\/#primaryimage\",\"url\":\"https:\\\/\\\/likeink.com\\\/wp-content\\\/uploads\\\/2023\\\/05\\\/Fodelsedag-dinosaurier-likeink-gnuggisar.jpg\",\"contentUrl\":\"https:\\\/\\\/likeink.com\\\/wp-content\\\/uploads\\\/2023\\\/05\\\/Fodelsedag-dinosaurier-likeink-gnuggisar.jpg\",\"width\":2481,\"height\":1749,\"caption\":\"Fira ditt kalas med dinosaurier gnuggisar fr\u00e5n Like ink. Bra pris\"},{\"@type\":\"BreadcrumbList\",\"@id\":\"https:\\\/\\\/likeink.com\\\/sv\\\/gnuggisar\\\/fodelsedags-dino-tatueringar\\\/#breadcrumb\",\"itemListElement\":[{\"@type\":\"ListItem\",\"position\":1,\"name\":\"Hem\",\"item\":\"https:\\\/\\\/likeink.com\\\/sv\\\/\"},{\"@type\":\"ListItem\",\"position\":2,\"name\":\"Webbutik\",\"item\":\"https:\\\/\\\/likeink.com\\\/sv\\\/webbutik\\\/\"},{\"@type\":\"ListItem\",\"position\":3,\"name\":\"F\u00f6delsedags Dino tatueringar\"}]},{\"@type\":\"WebSite\",\"@id\":\"https:\\\/\\\/likeink.com\\\/sv\\\/#website\",\"url\":\"https:\\\/\\\/likeink.com\\\/sv\\\/\",\"name\":\"Like ink\",\"description\":\"Make your own custom design\",\"potentialAction\":[{\"@type\":\"SearchAction\",\"target\":{\"@type\":\"EntryPoint\",\"urlTemplate\":\"https:\\\/\\\/likeink.com\\\/sv\\\/?s={search_term_string}\"},\"query-input\":{\"@type\":\"PropertyValueSpecification\",\"valueRequired\":true,\"valueName\":\"search_term_string\"}}],\"inLanguage\":\"sv-SE\"}]}<\/script>\n<!-- \/ Yoast SEO Premium plugin. -->","yoast_head_json":{"title":"F\u00f6delsedags Dino tatueringar I Dino Gnuggisar - Like ink","description":"F\u00f6delsedags Dino tatueringar! Perfekta f\u00f6r alla dino-temafester, dessa l\u00e4tta att applicera designen kommer f\u00e5 dina g\u00e4ster att vr\u00e5la av gl\u00e4dje :) - Like ink","robots":{"index":"index","follow":"follow","max-snippet":"max-snippet:-1","max-image-preview":"max-image-preview:large","max-video-preview":"max-video-preview:-1"},"canonical":"https:\/\/likeink.com\/sv\/gnuggisar\/fodelsedags-dino-tatueringar\/","og_locale":"sv_SE","og_type":"article","og_title":"F\u00f6delsedags Dino tatueringar","og_description":"F\u00f6delsedags-dinosaurie-gnuggisar \u2013 det perfekta tillskottet till alla dino-\u00e4lskares speciella dag, precis som en f\u00f6delsedag ska vara! Dessa livfulla och lekfullt designade gnuggisar kommer att ge liv \u00e5t din dinosaurie-temafest och f\u00e5 alla g\u00e4ster att k\u00e4nna sig som en del av den jurassiska eran.  Varje A5-ark inneh\u00e5ller flera olika unika, h\u00f6gkvalitativa tempor\u00e4ra tatueringar med s\u00f6ta och festsugna dinosaurier. Tatueringarna \u00e4r gjorda av icke-giftiga, hudv\u00e4nliga material s\u00e5 tatueringarna \u00e4r b\u00e5de snygga och s\u00e4kra att anv\u00e4nda f\u00f6r alla \u00e5ldrar.  Best\u00e4ll gnuggisar med s\u00f6ta dinosaurier till barnkalaset  Att applicera dessa tempor\u00e4ra tatueringar \u00e4r busenkelt \u2013 tryck dem helt enkelt p\u00e5 ren, torr hud med en fuktig trasa och se hur de \u00f6verf\u00f6rs p\u00e5 bara n\u00e5gra sekunder. N\u00e4r det \u00e4r dags att ta bort dem g\u00f6r man det enkelt med lite tv\u00e5l och vatten eller s\u00e5 n\u00f6ts de bort inom en vecka.  Med v\u00e5ra F\u00f6delsedags-dinosaurie Tempor\u00e4ra Tatueringar kommer du att skapa fina minnen och inspirera varje g\u00e4st p\u00e5 din fest.  Ark storlek: A5  Antal tatueringar: 14  Storlek p\u00e5 tatueringarna: 3,5-4,5 cm","og_url":"https:\/\/likeink.com\/sv\/gnuggisar\/fodelsedags-dino-tatueringar\/","og_site_name":"Like ink","article_publisher":"https:\/\/www.facebook.com\/LikeInkSe","article_modified_time":"2026-04-14T13:02:55+00:00","og_image":[{"width":2481,"height":1749,"url":"https:\/\/likeink.com\/wp-content\/uploads\/2023\/05\/Fodelsedag-dinosaurier-likeink-gnuggisar.jpg","type":"image\/jpeg"}],"twitter_card":"summary_large_image","schema":{"@context":"https:\/\/schema.org","@graph":[{"@type":"WebPage","@id":"https:\/\/likeink.com\/sv\/gnuggisar\/fodelsedags-dino-tatueringar\/","url":"https:\/\/likeink.com\/sv\/gnuggisar\/fodelsedags-dino-tatueringar\/","name":"F\u00f6delsedags Dino tatueringar I Dino Gnuggisar - Like ink","isPartOf":{"@id":"https:\/\/likeink.com\/sv\/#website"},"primaryImageOfPage":{"@id":"https:\/\/likeink.com\/sv\/gnuggisar\/fodelsedags-dino-tatueringar\/#primaryimage"},"image":{"@id":"https:\/\/likeink.com\/sv\/gnuggisar\/fodelsedags-dino-tatueringar\/#primaryimage"},"thumbnailUrl":"https:\/\/likeink.com\/wp-content\/uploads\/2023\/05\/Fodelsedag-dinosaurier-likeink-gnuggisar.jpg","datePublished":"2023-05-09T11:35:43+00:00","dateModified":"2026-04-14T13:02:55+00:00","description":"F\u00f6delsedags Dino tatueringar! Perfekta f\u00f6r alla dino-temafester, dessa l\u00e4tta att applicera designen kommer f\u00e5 dina g\u00e4ster att vr\u00e5la av gl\u00e4dje :) - Like ink","breadcrumb":{"@id":"https:\/\/likeink.com\/sv\/gnuggisar\/fodelsedags-dino-tatueringar\/#breadcrumb"},"inLanguage":"sv-SE","potentialAction":[{"@type":"ReadAction","target":["https:\/\/likeink.com\/sv\/gnuggisar\/fodelsedags-dino-tatueringar\/"]}]},{"@type":"ImageObject","inLanguage":"sv-SE","@id":"https:\/\/likeink.com\/sv\/gnuggisar\/fodelsedags-dino-tatueringar\/#primaryimage","url":"https:\/\/likeink.com\/wp-content\/uploads\/2023\/05\/Fodelsedag-dinosaurier-likeink-gnuggisar.jpg","contentUrl":"https:\/\/likeink.com\/wp-content\/uploads\/2023\/05\/Fodelsedag-dinosaurier-likeink-gnuggisar.jpg","width":2481,"height":1749,"caption":"Fira ditt kalas med dinosaurier gnuggisar fr\u00e5n Like ink. Bra pris"},{"@type":"BreadcrumbList","@id":"https:\/\/likeink.com\/sv\/gnuggisar\/fodelsedags-dino-tatueringar\/#breadcrumb","itemListElement":[{"@type":"ListItem","position":1,"name":"Hem","item":"https:\/\/likeink.com\/sv\/"},{"@type":"ListItem","position":2,"name":"Webbutik","item":"https:\/\/likeink.com\/sv\/webbutik\/"},{"@type":"ListItem","position":3,"name":"F\u00f6delsedags Dino tatueringar"}]},{"@type":"WebSite","@id":"https:\/\/likeink.com\/sv\/#website","url":"https:\/\/likeink.com\/sv\/","name":"Like ink","description":"Make your own custom design","potentialAction":[{"@type":"SearchAction","target":{"@type":"EntryPoint","urlTemplate":"https:\/\/likeink.com\/sv\/?s={search_term_string}"},"query-input":{"@type":"PropertyValueSpecification","valueRequired":true,"valueName":"search_term_string"}}],"inLanguage":"sv-SE"}]}},"_links":{"self":[{"href":"https:\/\/likeink.com\/sv\/wp-json\/wp\/v2\/product\/17981","targetHints":{"allow":["GET"]}}],"collection":[{"href":"https:\/\/likeink.com\/sv\/wp-json\/wp\/v2\/product"}],"about":[{"href":"https:\/\/likeink.com\/sv\/wp-json\/wp\/v2\/types\/product"}],"wp:featuredmedia":[{"embeddable":true,"href":"https:\/\/likeink.com\/sv\/wp-json\/wp\/v2\/media\/17944"}],"wp:attachment":[{"href":"https:\/\/likeink.com\/sv\/wp-json\/wp\/v2\/media?parent=17981"}],"wp:term":[{"taxonomy":"product_brand","embeddable":true,"href":"https:\/\/likeink.com\/sv\/wp-json\/wp\/v2\/product_brand?post=17981"},{"taxonomy":"product_cat","embeddable":true,"href":"https:\/\/likeink.com\/sv\/wp-json\/wp\/v2\/product_cat?post=17981"},{"taxonomy":"product_tag","embeddable":true,"href":"https:\/\/likeink.com\/sv\/wp-json\/wp\/v2\/product_tag?post=17981"}],"curies":[{"name":"wp","href":"https:\/\/api.w.org\/{rel}","templated":true}]}}