{"id":18063,"date":"2023-05-10T16:24:26","date_gmt":"2023-05-10T16:24:26","guid":{"rendered":"https:\/\/likeink.se\/gnuggis\/rockets-and-space-tattoos\/"},"modified":"2026-04-14T13:02:53","modified_gmt":"2026-04-14T13:02:53","slug":"raketer-och-rymdtatueringar","status":"publish","type":"product","link":"https:\/\/likeink.com\/sv\/gnuggisar\/raketer-och-rymdtatueringar\/","title":{"rendered":"Raketer och rymd-tatueringar"},"content":{"rendered":"","protected":false},"excerpt":{"rendered":"<p>L\u00e5t ditt barns fantasi ta en resa ut i universum med v\u00e5ra fina tatueringar med raket och rymden-tema! Denna fina samling av tempor\u00e4ra tatueringar \u00e4r perfekt att dela ut till g\u00e4ster p\u00e5 barnkalas, fester eller att ge bort till n\u00e5gon som \u00e4r intresserad av rymden. <\/p>\n<p>Varje ark inneh\u00e5ller 21 unikt designade rymdtatueringar, alla med ett sp\u00e4nnande rymdtema. Ditt barn kommer att \u00e4lska att pryda sina armar och ben med bilder av fina rymdraketer, roliga aliens och tefat. V\u00e5ra tatueringar \u00e4r l\u00e4tta att applicera och ta bort, och de \u00e4r s\u00e4kra f\u00f6r barnens hud.<\/p>\n<h2>Best\u00e4ll gnuggistatueringar med raketer och rymdtema<\/h2>\n<p>Storlek ark: A5<br \/>\nAntal tatueringar: 21<br \/>\nStorlek tatueringar: 2-4 cm<\/p>\n","protected":false},"featured_media":18050,"template":"","meta":[],"product_brand":[],"product_cat":[493,17],"product_tag":[],"class_list":{"0":"post-18063","1":"product","2":"type-product","3":"status-publish","4":"has-post-thumbnail","6":"product_cat-barnkalas","7":"product_cat-fardiga-ark","9":"first","10":"instock","11":"taxable","12":"shipping-taxable","13":"purchasable","14":"product-type-simple"},"yoast_head":"<!-- This site is optimized with the Yoast SEO Premium plugin v26.2 (Yoast SEO v27.5) - https:\/\/yoast.com\/product\/yoast-seo-premium-wordpress\/ -->\n<title>Raketer och rymdtatueringar A5 I fejktatueringar f\u00f6r barn - Like ink<\/title>\n<meta name=\"description\" content=\"Raketer och rymd-tatueringar. Rymdskepp, rymd och utomjordingar som fejk tatueringar f\u00f6r barn, enkla att anv\u00e4nda och hudv\u00e4nliga! Snabb frakt! - Like ink\" \/>\n<meta name=\"robots\" content=\"index, follow, max-snippet:-1, max-image-preview:large, max-video-preview:-1\" \/>\n<link rel=\"canonical\" href=\"https:\/\/likeink.com\/sv\/gnuggisar\/raketer-och-rymdtatueringar\/\" \/>\n<meta property=\"og:locale\" content=\"sv_SE\" \/>\n<meta property=\"og:type\" content=\"article\" \/>\n<meta property=\"og:title\" content=\"Raketer och rymd-tatueringar\" \/>\n<meta property=\"og:description\" content=\"L\u00e5t ditt barns fantasi ta en resa ut i universum med v\u00e5ra fina tatueringar med raket och rymden-tema! Denna fina samling av tempor\u00e4ra tatueringar \u00e4r perfekt att dela ut till g\u00e4ster p\u00e5 barnkalas, fester eller att ge bort till n\u00e5gon som \u00e4r intresserad av rymden.   Varje ark inneh\u00e5ller 21 unikt designade rymdtatueringar, alla med ett sp\u00e4nnande rymdtema. Ditt barn kommer att \u00e4lska att pryda sina armar och ben med bilder av fina rymdraketer, roliga aliens och tefat. V\u00e5ra tatueringar \u00e4r l\u00e4tta att applicera och ta bort, och de \u00e4r s\u00e4kra f\u00f6r barnens hud.  Best\u00e4ll gnuggistatueringar med raketer och rymdtema  Storlek ark: A5 Antal tatueringar: 21 Storlek tatueringar: 2-4 cm\" \/>\n<meta property=\"og:url\" content=\"https:\/\/likeink.com\/sv\/gnuggisar\/raketer-och-rymdtatueringar\/\" \/>\n<meta property=\"og:site_name\" content=\"Like ink\" \/>\n<meta property=\"article:publisher\" content=\"https:\/\/www.facebook.com\/LikeInkSe\" \/>\n<meta property=\"article:modified_time\" content=\"2026-04-14T13:02:53+00:00\" \/>\n<meta property=\"og:image\" content=\"https:\/\/likeink.com\/wp-content\/uploads\/2023\/05\/Raketer-och-rymden-gnuggisar-likeink.jpg\" \/>\n\t<meta property=\"og:image:width\" content=\"1600\" \/>\n\t<meta property=\"og:image:height\" content=\"1127\" \/>\n\t<meta property=\"og:image:type\" content=\"image\/jpeg\" \/>\n<meta name=\"twitter:card\" content=\"summary_large_image\" \/>\n<!-- \/ Yoast SEO Premium plugin. -->","yoast_head_json":{"title":"Raketer och rymdtatueringar A5 I fejktatueringar f\u00f6r barn - Like ink","description":"Raketer och rymd-tatueringar. Rymdskepp, rymd och utomjordingar som fejk tatueringar f\u00f6r barn, enkla att anv\u00e4nda och hudv\u00e4nliga! Snabb frakt! - Like ink","robots":{"index":"index","follow":"follow","max-snippet":"max-snippet:-1","max-image-preview":"max-image-preview:large","max-video-preview":"max-video-preview:-1"},"canonical":"https:\/\/likeink.com\/sv\/gnuggisar\/raketer-och-rymdtatueringar\/","og_locale":"sv_SE","og_type":"article","og_title":"Raketer och rymd-tatueringar","og_description":"L\u00e5t ditt barns fantasi ta en resa ut i universum med v\u00e5ra fina tatueringar med raket och rymden-tema! Denna fina samling av tempor\u00e4ra tatueringar \u00e4r perfekt att dela ut till g\u00e4ster p\u00e5 barnkalas, fester eller att ge bort till n\u00e5gon som \u00e4r intresserad av rymden.   Varje ark inneh\u00e5ller 21 unikt designade rymdtatueringar, alla med ett sp\u00e4nnande rymdtema. Ditt barn kommer att \u00e4lska att pryda sina armar och ben med bilder av fina rymdraketer, roliga aliens och tefat. V\u00e5ra tatueringar \u00e4r l\u00e4tta att applicera och ta bort, och de \u00e4r s\u00e4kra f\u00f6r barnens hud.  Best\u00e4ll gnuggistatueringar med raketer och rymdtema  Storlek ark: A5 Antal tatueringar: 21 Storlek tatueringar: 2-4 cm","og_url":"https:\/\/likeink.com\/sv\/gnuggisar\/raketer-och-rymdtatueringar\/","og_site_name":"Like ink","article_publisher":"https:\/\/www.facebook.com\/LikeInkSe","article_modified_time":"2026-04-14T13:02:53+00:00","og_image":[{"width":1600,"height":1127,"url":"https:\/\/likeink.com\/wp-content\/uploads\/2023\/05\/Raketer-och-rymden-gnuggisar-likeink.jpg","type":"image\/jpeg"}],"twitter_card":"summary_large_image","schema":{"@context":"https:\/\/schema.org","@graph":[{"@type":"WebPage","@id":"https:\/\/likeink.com\/sv\/gnuggisar\/raketer-och-rymdtatueringar\/","url":"https:\/\/likeink.com\/sv\/gnuggisar\/raketer-och-rymdtatueringar\/","name":"Raketer och rymdtatueringar A5 I fejktatueringar f\u00f6r barn - Like ink","isPartOf":{"@id":"https:\/\/likeink.com\/sv\/#website"},"primaryImageOfPage":{"@id":"https:\/\/likeink.com\/sv\/gnuggisar\/raketer-och-rymdtatueringar\/#primaryimage"},"image":{"@id":"https:\/\/likeink.com\/sv\/gnuggisar\/raketer-och-rymdtatueringar\/#primaryimage"},"thumbnailUrl":"https:\/\/likeink.com\/wp-content\/uploads\/2023\/05\/Raketer-och-rymden-gnuggisar-likeink.jpg","datePublished":"2023-05-10T16:24:26+00:00","dateModified":"2026-04-14T13:02:53+00:00","description":"Raketer och rymd-tatueringar. Rymdskepp, rymd och utomjordingar som fejk tatueringar f\u00f6r barn, enkla att anv\u00e4nda och hudv\u00e4nliga! Snabb frakt! - Like ink","breadcrumb":{"@id":"https:\/\/likeink.com\/sv\/gnuggisar\/raketer-och-rymdtatueringar\/#breadcrumb"},"inLanguage":"sv-SE","potentialAction":[{"@type":"ReadAction","target":["https:\/\/likeink.com\/sv\/gnuggisar\/raketer-och-rymdtatueringar\/"]}]},{"@type":"ImageObject","inLanguage":"sv-SE","@id":"https:\/\/likeink.com\/sv\/gnuggisar\/raketer-och-rymdtatueringar\/#primaryimage","url":"https:\/\/likeink.com\/wp-content\/uploads\/2023\/05\/Raketer-och-rymden-gnuggisar-likeink.jpg","contentUrl":"https:\/\/likeink.com\/wp-content\/uploads\/2023\/05\/Raketer-och-rymden-gnuggisar-likeink.jpg","width":1600,"height":1127,"caption":"Raketer, rymden tatueringar, kalas, alien like ink gnuggis"},{"@type":"BreadcrumbList","@id":"https:\/\/likeink.com\/sv\/gnuggisar\/raketer-och-rymdtatueringar\/#breadcrumb","itemListElement":[{"@type":"ListItem","position":1,"name":"Hem","item":"https:\/\/likeink.com\/sv\/"},{"@type":"ListItem","position":2,"name":"Webbutik","item":"https:\/\/likeink.com\/sv\/webbutik\/"},{"@type":"ListItem","position":3,"name":"Raketer och rymd-tatueringar"}]},{"@type":"WebSite","@id":"https:\/\/likeink.com\/sv\/#website","url":"https:\/\/likeink.com\/sv\/","name":"Like ink","description":"Make your own custom design","potentialAction":[{"@type":"SearchAction","target":{"@type":"EntryPoint","urlTemplate":"https:\/\/likeink.com\/sv\/?s={search_term_string}"},"query-input":{"@type":"PropertyValueSpecification","valueRequired":true,"valueName":"search_term_string"}}],"inLanguage":"sv-SE"}]}},"_links":{"self":[{"href":"https:\/\/likeink.com\/sv\/wp-json\/wp\/v2\/product\/18063","targetHints":{"allow":["GET"]}}],"collection":[{"href":"https:\/\/likeink.com\/sv\/wp-json\/wp\/v2\/product"}],"about":[{"href":"https:\/\/likeink.com\/sv\/wp-json\/wp\/v2\/types\/product"}],"wp:featuredmedia":[{"embeddable":true,"href":"https:\/\/likeink.com\/sv\/wp-json\/wp\/v2\/media\/18050"}],"wp:attachment":[{"href":"https:\/\/likeink.com\/sv\/wp-json\/wp\/v2\/media?parent=18063"}],"wp:term":[{"taxonomy":"product_brand","embeddable":true,"href":"https:\/\/likeink.com\/sv\/wp-json\/wp\/v2\/product_brand?post=18063"},{"taxonomy":"product_cat","embeddable":true,"href":"https:\/\/likeink.com\/sv\/wp-json\/wp\/v2\/product_cat?post=18063"},{"taxonomy":"product_tag","embeddable":true,"href":"https:\/\/likeink.com\/sv\/wp-json\/wp\/v2\/product_tag?post=18063"}],"curies":[{"name":"wp","href":"https:\/\/api.w.org\/{rel}","templated":true}]}}