{"id":18281,"date":"2023-05-23T15:26:44","date_gmt":"2023-05-23T15:26:44","guid":{"rendered":"https:\/\/likeink.se\/?post_type=product&#038;p=18281"},"modified":"2026-04-14T13:42:55","modified_gmt":"2026-04-14T13:42:55","slug":"viking-tatueringar-valhalla","status":"publish","type":"product","link":"https:\/\/likeink.com\/sv\/gnuggisar\/viking-tatueringar-valhalla\/","title":{"rendered":"Viking tatueringar &#8221;Valhalla&#8221;"},"content":{"rendered":"","protected":false},"excerpt":{"rendered":"<p>Utforska vikingatiden med hj\u00e4lp av kvalitativa fejktatueringar med motiv av vikingar och vikingasymboler! V\u00e5rt A5-ark inneh\u00e5ller en blandning av vikingatatueringar, med en variation av storlekar och designs och vikingasymboler, Tors hammare och en illustrerad viking med en yxa i huvudet blandat med klassiska symboler som anv\u00e4ndes av vikingar. Varje tatuering \u00e4r noggrant utformad f\u00f6r att ge dig en autentisk vikingastil.<\/p>\n<p>V\u00e5ra eng\u00e5ngstatueringar \u00e4r enkla att applicera och h\u00e5ller l\u00e4nge. tatueringarna \u00e4r ocks\u00e5 s\u00e4kra f\u00f6r huden och allergitestade enligt aktuell lagstiftning. Oavsett om du vill visa upp din k\u00e4rlek till vikingakulturen eller bara ha roligt p\u00e5 en fest med vikingatema, \u00e4r dessa tatueringar ett perfekt val.<br \/>\nBest\u00e4ll v\u00e5ra vikingatatueringar idag och ge dig sj\u00e4lv eller n\u00e5gon annan en imponerande vikingainspirerad stil!<\/p>\n<h2>Best\u00e4ll viking tatuering och viking tatueringar av oss p\u00e5 Like ink<\/h2>\n<p>Alla tatueringar tillverkas i Valhalla och vi skickar din order inom 24 timmar<\/p>\n<p>Storlek ark: A5<br \/>\nAntal tatueringar: 13<br \/>\nStorlek st\u00f6rsta tatuering: 7 cm<\/p>\n","protected":false},"featured_media":18249,"template":"","meta":[],"product_brand":[],"product_cat":[17,126,134,492],"product_tag":[],"class_list":{"0":"post-18281","1":"product","2":"type-product","3":"status-publish","4":"has-post-thumbnail","6":"product_cat-fardiga-ark","7":"product_cat-halloween-tatueringar","8":"product_cat-symbol-tatuering","9":"product_cat-tribal-symboler-runor","11":"first","12":"instock","13":"taxable","14":"shipping-taxable","15":"purchasable","16":"product-type-simple"},"yoast_head":"<!-- This site is optimized with the Yoast SEO Premium plugin v26.2 (Yoast SEO v27.4) - https:\/\/yoast.com\/product\/yoast-seo-premium-wordpress\/ -->\n<title>Viking tatueringar I viking-symboler I Gnuggisar - Like ink<\/title>\n<meta name=\"description\" content=\"Viking tatueringar som gnuggisar! Dessa illustrerade vikinga-symboler passar perfekt p\u00e5 maskeraden. Snabb leverans &amp; fri frakt! - Like ink\" \/>\n<meta name=\"robots\" content=\"index, follow, max-snippet:-1, max-image-preview:large, max-video-preview:-1\" \/>\n<link rel=\"canonical\" href=\"https:\/\/likeink.com\/sv\/gnuggisar\/viking-tatueringar-valhalla\/\" \/>\n<meta property=\"og:locale\" content=\"sv_SE\" \/>\n<meta property=\"og:type\" content=\"article\" \/>\n<meta property=\"og:title\" content=\"Viking tatueringar &quot;Valhalla&quot;\" \/>\n<meta property=\"og:description\" content=\"Utforska vikingatiden med hj\u00e4lp av kvalitativa fejktatueringar med motiv av vikingar och vikingasymboler! V\u00e5rt A5-ark inneh\u00e5ller en blandning av vikingatatueringar, med en variation av storlekar och designs och vikingasymboler, Tors hammare och en illustrerad viking med en yxa i huvudet blandat med klassiska symboler som anv\u00e4ndes av vikingar. Varje tatuering \u00e4r noggrant utformad f\u00f6r att ge dig en autentisk vikingastil.  V\u00e5ra eng\u00e5ngstatueringar \u00e4r enkla att applicera och h\u00e5ller l\u00e4nge. tatueringarna \u00e4r ocks\u00e5 s\u00e4kra f\u00f6r huden och allergitestade enligt aktuell lagstiftning. Oavsett om du vill visa upp din k\u00e4rlek till vikingakulturen eller bara ha roligt p\u00e5 en fest med vikingatema, \u00e4r dessa tatueringar ett perfekt val. Best\u00e4ll v\u00e5ra vikingatatueringar idag och ge dig sj\u00e4lv eller n\u00e5gon annan en imponerande vikingainspirerad stil! Best\u00e4ll viking tatuering och viking tatueringar av oss p\u00e5 Like ink Alla tatueringar tillverkas i Valhalla och vi skickar din order inom 24 timmar  Storlek ark: A5 Antal tatueringar: 13 Storlek st\u00f6rsta tatuering: 7 cm\" \/>\n<meta property=\"og:url\" content=\"https:\/\/likeink.com\/sv\/gnuggisar\/viking-tatueringar-valhalla\/\" \/>\n<meta property=\"og:site_name\" content=\"Like ink\" \/>\n<meta property=\"article:publisher\" content=\"https:\/\/www.facebook.com\/LikeInkSe\" \/>\n<meta property=\"article:modified_time\" content=\"2026-04-14T13:42:55+00:00\" \/>\n<meta property=\"og:image\" content=\"https:\/\/likeink.com\/wp-content\/uploads\/2023\/05\/Valhalla-viking-tatueringar-likeink.jpg\" \/>\n\t<meta property=\"og:image:width\" content=\"1200\" \/>\n\t<meta property=\"og:image:height\" content=\"845\" \/>\n\t<meta property=\"og:image:type\" content=\"image\/jpeg\" \/>\n<meta name=\"twitter:card\" content=\"summary_large_image\" \/>\n<script type=\"application\/ld+json\" class=\"yoast-schema-graph\">{\"@context\":\"https:\\\/\\\/schema.org\",\"@graph\":[{\"@type\":\"WebPage\",\"@id\":\"https:\\\/\\\/likeink.com\\\/sv\\\/gnuggisar\\\/viking-tatueringar-valhalla\\\/\",\"url\":\"https:\\\/\\\/likeink.com\\\/sv\\\/gnuggisar\\\/viking-tatueringar-valhalla\\\/\",\"name\":\"Viking tatueringar I viking-symboler I Gnuggisar - Like ink\",\"isPartOf\":{\"@id\":\"https:\\\/\\\/likeink.com\\\/sv\\\/#website\"},\"primaryImageOfPage\":{\"@id\":\"https:\\\/\\\/likeink.com\\\/sv\\\/gnuggisar\\\/viking-tatueringar-valhalla\\\/#primaryimage\"},\"image\":{\"@id\":\"https:\\\/\\\/likeink.com\\\/sv\\\/gnuggisar\\\/viking-tatueringar-valhalla\\\/#primaryimage\"},\"thumbnailUrl\":\"https:\\\/\\\/likeink.com\\\/wp-content\\\/uploads\\\/2023\\\/05\\\/Valhalla-viking-tatueringar-likeink.jpg\",\"datePublished\":\"2023-05-23T15:26:44+00:00\",\"dateModified\":\"2026-04-14T13:42:55+00:00\",\"description\":\"Viking tatueringar som gnuggisar! Dessa illustrerade vikinga-symboler passar perfekt p\u00e5 maskeraden. Snabb leverans & fri frakt! - Like ink\",\"breadcrumb\":{\"@id\":\"https:\\\/\\\/likeink.com\\\/sv\\\/gnuggisar\\\/viking-tatueringar-valhalla\\\/#breadcrumb\"},\"inLanguage\":\"sv-SE\",\"potentialAction\":[{\"@type\":\"ReadAction\",\"target\":[\"https:\\\/\\\/likeink.com\\\/sv\\\/gnuggisar\\\/viking-tatueringar-valhalla\\\/\"]}]},{\"@type\":\"ImageObject\",\"inLanguage\":\"sv-SE\",\"@id\":\"https:\\\/\\\/likeink.com\\\/sv\\\/gnuggisar\\\/viking-tatueringar-valhalla\\\/#primaryimage\",\"url\":\"https:\\\/\\\/likeink.com\\\/wp-content\\\/uploads\\\/2023\\\/05\\\/Valhalla-viking-tatueringar-likeink.jpg\",\"contentUrl\":\"https:\\\/\\\/likeink.com\\\/wp-content\\\/uploads\\\/2023\\\/05\\\/Valhalla-viking-tatueringar-likeink.jpg\",\"width\":1200,\"height\":845,\"caption\":\"Viking symbol tatuering perfekt till maskerad\"},{\"@type\":\"BreadcrumbList\",\"@id\":\"https:\\\/\\\/likeink.com\\\/sv\\\/gnuggisar\\\/viking-tatueringar-valhalla\\\/#breadcrumb\",\"itemListElement\":[{\"@type\":\"ListItem\",\"position\":1,\"name\":\"Hem\",\"item\":\"https:\\\/\\\/likeink.com\\\/sv\\\/\"},{\"@type\":\"ListItem\",\"position\":2,\"name\":\"Webbutik\",\"item\":\"https:\\\/\\\/likeink.com\\\/sv\\\/webbutik\\\/\"},{\"@type\":\"ListItem\",\"position\":3,\"name\":\"Viking tatueringar &#8220;Valhalla&#8221;\"}]},{\"@type\":\"WebSite\",\"@id\":\"https:\\\/\\\/likeink.com\\\/sv\\\/#website\",\"url\":\"https:\\\/\\\/likeink.com\\\/sv\\\/\",\"name\":\"Like ink\",\"description\":\"Make your own custom design\",\"potentialAction\":[{\"@type\":\"SearchAction\",\"target\":{\"@type\":\"EntryPoint\",\"urlTemplate\":\"https:\\\/\\\/likeink.com\\\/sv\\\/?s={search_term_string}\"},\"query-input\":{\"@type\":\"PropertyValueSpecification\",\"valueRequired\":true,\"valueName\":\"search_term_string\"}}],\"inLanguage\":\"sv-SE\"}]}<\/script>\n<!-- \/ Yoast SEO Premium plugin. -->","yoast_head_json":{"title":"Viking tatueringar I viking-symboler I Gnuggisar - Like ink","description":"Viking tatueringar som gnuggisar! Dessa illustrerade vikinga-symboler passar perfekt p\u00e5 maskeraden. Snabb leverans & fri frakt! - Like ink","robots":{"index":"index","follow":"follow","max-snippet":"max-snippet:-1","max-image-preview":"max-image-preview:large","max-video-preview":"max-video-preview:-1"},"canonical":"https:\/\/likeink.com\/sv\/gnuggisar\/viking-tatueringar-valhalla\/","og_locale":"sv_SE","og_type":"article","og_title":"Viking tatueringar \"Valhalla\"","og_description":"Utforska vikingatiden med hj\u00e4lp av kvalitativa fejktatueringar med motiv av vikingar och vikingasymboler! V\u00e5rt A5-ark inneh\u00e5ller en blandning av vikingatatueringar, med en variation av storlekar och designs och vikingasymboler, Tors hammare och en illustrerad viking med en yxa i huvudet blandat med klassiska symboler som anv\u00e4ndes av vikingar. Varje tatuering \u00e4r noggrant utformad f\u00f6r att ge dig en autentisk vikingastil.  V\u00e5ra eng\u00e5ngstatueringar \u00e4r enkla att applicera och h\u00e5ller l\u00e4nge. tatueringarna \u00e4r ocks\u00e5 s\u00e4kra f\u00f6r huden och allergitestade enligt aktuell lagstiftning. Oavsett om du vill visa upp din k\u00e4rlek till vikingakulturen eller bara ha roligt p\u00e5 en fest med vikingatema, \u00e4r dessa tatueringar ett perfekt val. Best\u00e4ll v\u00e5ra vikingatatueringar idag och ge dig sj\u00e4lv eller n\u00e5gon annan en imponerande vikingainspirerad stil! Best\u00e4ll viking tatuering och viking tatueringar av oss p\u00e5 Like ink Alla tatueringar tillverkas i Valhalla och vi skickar din order inom 24 timmar  Storlek ark: A5 Antal tatueringar: 13 Storlek st\u00f6rsta tatuering: 7 cm","og_url":"https:\/\/likeink.com\/sv\/gnuggisar\/viking-tatueringar-valhalla\/","og_site_name":"Like ink","article_publisher":"https:\/\/www.facebook.com\/LikeInkSe","article_modified_time":"2026-04-14T13:42:55+00:00","og_image":[{"width":1200,"height":845,"url":"https:\/\/likeink.com\/wp-content\/uploads\/2023\/05\/Valhalla-viking-tatueringar-likeink.jpg","type":"image\/jpeg"}],"twitter_card":"summary_large_image","schema":{"@context":"https:\/\/schema.org","@graph":[{"@type":"WebPage","@id":"https:\/\/likeink.com\/sv\/gnuggisar\/viking-tatueringar-valhalla\/","url":"https:\/\/likeink.com\/sv\/gnuggisar\/viking-tatueringar-valhalla\/","name":"Viking tatueringar I viking-symboler I Gnuggisar - Like ink","isPartOf":{"@id":"https:\/\/likeink.com\/sv\/#website"},"primaryImageOfPage":{"@id":"https:\/\/likeink.com\/sv\/gnuggisar\/viking-tatueringar-valhalla\/#primaryimage"},"image":{"@id":"https:\/\/likeink.com\/sv\/gnuggisar\/viking-tatueringar-valhalla\/#primaryimage"},"thumbnailUrl":"https:\/\/likeink.com\/wp-content\/uploads\/2023\/05\/Valhalla-viking-tatueringar-likeink.jpg","datePublished":"2023-05-23T15:26:44+00:00","dateModified":"2026-04-14T13:42:55+00:00","description":"Viking tatueringar som gnuggisar! Dessa illustrerade vikinga-symboler passar perfekt p\u00e5 maskeraden. Snabb leverans & fri frakt! - Like ink","breadcrumb":{"@id":"https:\/\/likeink.com\/sv\/gnuggisar\/viking-tatueringar-valhalla\/#breadcrumb"},"inLanguage":"sv-SE","potentialAction":[{"@type":"ReadAction","target":["https:\/\/likeink.com\/sv\/gnuggisar\/viking-tatueringar-valhalla\/"]}]},{"@type":"ImageObject","inLanguage":"sv-SE","@id":"https:\/\/likeink.com\/sv\/gnuggisar\/viking-tatueringar-valhalla\/#primaryimage","url":"https:\/\/likeink.com\/wp-content\/uploads\/2023\/05\/Valhalla-viking-tatueringar-likeink.jpg","contentUrl":"https:\/\/likeink.com\/wp-content\/uploads\/2023\/05\/Valhalla-viking-tatueringar-likeink.jpg","width":1200,"height":845,"caption":"Viking symbol tatuering perfekt till maskerad"},{"@type":"BreadcrumbList","@id":"https:\/\/likeink.com\/sv\/gnuggisar\/viking-tatueringar-valhalla\/#breadcrumb","itemListElement":[{"@type":"ListItem","position":1,"name":"Hem","item":"https:\/\/likeink.com\/sv\/"},{"@type":"ListItem","position":2,"name":"Webbutik","item":"https:\/\/likeink.com\/sv\/webbutik\/"},{"@type":"ListItem","position":3,"name":"Viking tatueringar &#8220;Valhalla&#8221;"}]},{"@type":"WebSite","@id":"https:\/\/likeink.com\/sv\/#website","url":"https:\/\/likeink.com\/sv\/","name":"Like ink","description":"Make your own custom design","potentialAction":[{"@type":"SearchAction","target":{"@type":"EntryPoint","urlTemplate":"https:\/\/likeink.com\/sv\/?s={search_term_string}"},"query-input":{"@type":"PropertyValueSpecification","valueRequired":true,"valueName":"search_term_string"}}],"inLanguage":"sv-SE"}]}},"_links":{"self":[{"href":"https:\/\/likeink.com\/sv\/wp-json\/wp\/v2\/product\/18281","targetHints":{"allow":["GET"]}}],"collection":[{"href":"https:\/\/likeink.com\/sv\/wp-json\/wp\/v2\/product"}],"about":[{"href":"https:\/\/likeink.com\/sv\/wp-json\/wp\/v2\/types\/product"}],"wp:featuredmedia":[{"embeddable":true,"href":"https:\/\/likeink.com\/sv\/wp-json\/wp\/v2\/media\/18249"}],"wp:attachment":[{"href":"https:\/\/likeink.com\/sv\/wp-json\/wp\/v2\/media?parent=18281"}],"wp:term":[{"taxonomy":"product_brand","embeddable":true,"href":"https:\/\/likeink.com\/sv\/wp-json\/wp\/v2\/product_brand?post=18281"},{"taxonomy":"product_cat","embeddable":true,"href":"https:\/\/likeink.com\/sv\/wp-json\/wp\/v2\/product_cat?post=18281"},{"taxonomy":"product_tag","embeddable":true,"href":"https:\/\/likeink.com\/sv\/wp-json\/wp\/v2\/product_tag?post=18281"}],"curies":[{"name":"wp","href":"https:\/\/api.w.org\/{rel}","templated":true}]}}