{"id":18357,"date":"2023-05-25T13:31:18","date_gmt":"2023-05-25T13:31:18","guid":{"rendered":"https:\/\/likeink.se\/?post_type=product&#038;p=18357"},"modified":"2026-04-14T13:42:53","modified_gmt":"2026-04-14T13:42:53","slug":"6-kanda-viking-symboler","status":"publish","type":"product","link":"https:\/\/likeink.com\/sv\/gnuggisar\/6-kanda-viking-symboler\/","title":{"rendered":"6 k\u00e4nda viking symboler"},"content":{"rendered":"","protected":false},"excerpt":{"rendered":"<p>Best\u00e4ll fejktatueringar av 6 v\u00e4lk\u00e4nda vikingasymboler. Kul f\u00f6r vikingafesten eller f\u00f6r att prova en potentiell tatuering.<\/p>\n<p>Nedan beskriver vi dessa sex vikingasymbolers inneb\u00f6rd.<br \/>\n<strong>Valknuten<\/strong>, \u00e4ven k\u00e4nd under olika namn som <strong>Odins knut<\/strong>, Hrungners hj\u00e4rta, den d\u00f6dade krigarens knut och Valas hj\u00e4rta, \u00e4r utan tvekan en av de mest framtr\u00e4dande och mest \u00e4lskade vikingasymbolerna. Den har djup betydelse och \u00e4r en symbol som f\u00f6rknippad med Odin, den m\u00e4ktiga nordiska guden.<br \/>\n<strong>Yggdrasil, Livets tr\u00e4d<\/strong>, har stor betydelse b\u00e5de som en framtr\u00e4dande vikingasymbol och som en viktig del av den nordiska tron. Enligt nordisk mytologi \u00e4r Yggdrasil det majest\u00e4tiska tr\u00e4det som fungerar som en kosmisk f\u00f6rbindelse mellan de nio v\u00e4rldarna, inklusive Asg\u00e5rd, Midg\u00e5rd, Muspelheim, Jotunheim, Vanaheim, Nifelheim, Alfheim, Svartalfheim och Helheim.<br \/>\n<strong>Aegishjalmr<\/strong>, \u00e4ven k\u00e4nt som skr\u00e4ckens och fasans hj\u00e4lm, \u00e4r en annan vikingasymbol som representerar skydd. Det \u00e4r en runstav som bildas genom att kombinera de fornisl\u00e4ndska orden &#8220;aegis&#8221;, vilket betyder sk\u00f6ld, och &#8220;hjalmr&#8221;, vilket betyder hj\u00e4lm.<br \/>\n<strong>Vikingakompass<\/strong>, \u00e4ven k\u00e4nd som runkompassen eller Vegvisir, \u00e4r ofta f\u00f6rknippad med Aegishjalmr p\u00e5 grund av deras likhet. Det \u00e4r en vikingasymbol best\u00e5ende av sammanfl\u00e4tade runstavar och f\u00f6rknippas med v\u00e4gledning.<br \/>\n<strong>Odins trehorn<\/strong>, \u00e4ven k\u00e4nt som horn triskelion, \u00e4r en vikingasymbol som representerar de tre hornen i myten om Odins str\u00e4van efter det magiska mj\u00f6det, Odhroerir\/\u00d3\u00f0rerir, \u00e4ven k\u00e4nt som poesins mj\u00f6d.<br \/>\n<strong>Mj\u00f6lnir<\/strong>, <strong>Thors hammare<\/strong>, har en enorm betydelse och anses vara en av de viktigaste vikingasymbolerna\/nordiska symbolerna. Thors hammare symboliserar styrka och skydd, och dess roll i nordisk mytologi \u00e4r mycket v\u00f6rdad.<\/p>\n<h2>Best\u00e4ll fejktatueringar med sex v\u00e4lk\u00e4nda vikingasymboler<\/h2>\n<p>Alla tatueringar tillverkas av tatuerade vikingar, och vi skickar din best\u00e4llning inom 24 timmar.<\/p>\n<p>Storlek p\u00e5 ark: A5<br \/>\nAntal tatueringar: 6<br \/>\nStorlek p\u00e5 tatuering: 7 cm<\/p>\n","protected":false},"featured_media":18350,"template":"","meta":[],"product_brand":[],"product_cat":[17,492],"product_tag":[],"class_list":{"0":"post-18357","1":"product","2":"type-product","3":"status-publish","4":"has-post-thumbnail","6":"product_cat-fardiga-ark","7":"product_cat-tribal-symboler-runor","9":"first","10":"instock","11":"taxable","12":"shipping-taxable","13":"purchasable","14":"product-type-simple"},"yoast_head":"<!-- This site is optimized with the Yoast SEO Premium plugin v26.2 (Yoast SEO v27.5) - https:\/\/yoast.com\/product\/yoast-seo-premium-wordpress\/ -->\n<title>6 k\u00e4nda viking symboler som gnuggistatueringar - Like ink<\/title>\n<meta name=\"description\" content=\"K\u00f6p ett ark med 6 k\u00e4nda viking symboler som tatueringar! Snabb leverans och fri frakt! Vi trycker kvalitets-faketatueringar - Like ink\" \/>\n<meta name=\"robots\" content=\"index, follow, max-snippet:-1, max-image-preview:large, max-video-preview:-1\" \/>\n<link rel=\"canonical\" href=\"https:\/\/likeink.com\/sv\/gnuggisar\/6-kanda-viking-symboler\/\" \/>\n<meta property=\"og:locale\" content=\"sv_SE\" \/>\n<meta property=\"og:type\" content=\"article\" \/>\n<meta property=\"og:title\" content=\"6 k\u00e4nda viking symboler\" \/>\n<meta property=\"og:description\" content=\"Best\u00e4ll fejktatueringar av 6 v\u00e4lk\u00e4nda vikingasymboler. Kul f\u00f6r vikingafesten eller f\u00f6r att prova en potentiell tatuering.  Nedan beskriver vi dessa sex vikingasymbolers inneb\u00f6rd. Valknuten, \u00e4ven k\u00e4nd under olika namn som Odins knut, Hrungners hj\u00e4rta, den d\u00f6dade krigarens knut och Valas hj\u00e4rta, \u00e4r utan tvekan en av de mest framtr\u00e4dande och mest \u00e4lskade vikingasymbolerna. Den har djup betydelse och \u00e4r en symbol som f\u00f6rknippad med Odin, den m\u00e4ktiga nordiska guden. Yggdrasil, Livets tr\u00e4d, har stor betydelse b\u00e5de som en framtr\u00e4dande vikingasymbol och som en viktig del av den nordiska tron. Enligt nordisk mytologi \u00e4r Yggdrasil det majest\u00e4tiska tr\u00e4det som fungerar som en kosmisk f\u00f6rbindelse mellan de nio v\u00e4rldarna, inklusive Asg\u00e5rd, Midg\u00e5rd, Muspelheim, Jotunheim, Vanaheim, Nifelheim, Alfheim, Svartalfheim och Helheim. Aegishjalmr, \u00e4ven k\u00e4nt som skr\u00e4ckens och fasans hj\u00e4lm, \u00e4r en annan vikingasymbol som representerar skydd. Det \u00e4r en runstav som bildas genom att kombinera de fornisl\u00e4ndska orden &quot;aegis&quot;, vilket betyder sk\u00f6ld, och &quot;hjalmr&quot;, vilket betyder hj\u00e4lm. Vikingakompass, \u00e4ven k\u00e4nd som runkompassen eller Vegvisir, \u00e4r ofta f\u00f6rknippad med Aegishjalmr p\u00e5 grund av deras likhet. Det \u00e4r en vikingasymbol best\u00e5ende av sammanfl\u00e4tade runstavar och f\u00f6rknippas med v\u00e4gledning. Odins trehorn, \u00e4ven k\u00e4nt som horn triskelion, \u00e4r en vikingasymbol som representerar de tre hornen i myten om Odins str\u00e4van efter det magiska mj\u00f6det, Odhroerir\/\u00d3\u00f0rerir, \u00e4ven k\u00e4nt som poesins mj\u00f6d. Mj\u00f6lnir, Thors hammare, har en enorm betydelse och anses vara en av de viktigaste vikingasymbolerna\/nordiska symbolerna. Thors hammare symboliserar styrka och skydd, och dess roll i nordisk mytologi \u00e4r mycket v\u00f6rdad. Best\u00e4ll fejktatueringar med sex v\u00e4lk\u00e4nda vikingasymboler Alla tatueringar tillverkas av tatuerade vikingar, och vi skickar din best\u00e4llning inom 24 timmar.  Storlek p\u00e5 ark: A5 Antal tatueringar: 6 Storlek p\u00e5 tatuering: 7 cm\" \/>\n<meta property=\"og:url\" content=\"https:\/\/likeink.com\/sv\/gnuggisar\/6-kanda-viking-symboler\/\" \/>\n<meta property=\"og:site_name\" content=\"Like ink\" \/>\n<meta property=\"article:publisher\" content=\"https:\/\/www.facebook.com\/LikeInkSe\" \/>\n<meta property=\"article:modified_time\" content=\"2026-04-14T13:42:53+00:00\" \/>\n<meta property=\"og:image\" content=\"https:\/\/likeink.com\/wp-content\/uploads\/2023\/05\/Viking-symboler-faketattoo-likeink.jpg\" \/>\n\t<meta property=\"og:image:width\" content=\"2481\" \/>\n\t<meta property=\"og:image:height\" content=\"1749\" \/>\n\t<meta property=\"og:image:type\" content=\"image\/jpeg\" \/>\n<meta name=\"twitter:card\" content=\"summary_large_image\" \/>\n<!-- \/ Yoast SEO Premium plugin. -->","yoast_head_json":{"title":"6 k\u00e4nda viking symboler som gnuggistatueringar - Like ink","description":"K\u00f6p ett ark med 6 k\u00e4nda viking symboler som tatueringar! Snabb leverans och fri frakt! Vi trycker kvalitets-faketatueringar - Like ink","robots":{"index":"index","follow":"follow","max-snippet":"max-snippet:-1","max-image-preview":"max-image-preview:large","max-video-preview":"max-video-preview:-1"},"canonical":"https:\/\/likeink.com\/sv\/gnuggisar\/6-kanda-viking-symboler\/","og_locale":"sv_SE","og_type":"article","og_title":"6 k\u00e4nda viking symboler","og_description":"Best\u00e4ll fejktatueringar av 6 v\u00e4lk\u00e4nda vikingasymboler. Kul f\u00f6r vikingafesten eller f\u00f6r att prova en potentiell tatuering.  Nedan beskriver vi dessa sex vikingasymbolers inneb\u00f6rd. Valknuten, \u00e4ven k\u00e4nd under olika namn som Odins knut, Hrungners hj\u00e4rta, den d\u00f6dade krigarens knut och Valas hj\u00e4rta, \u00e4r utan tvekan en av de mest framtr\u00e4dande och mest \u00e4lskade vikingasymbolerna. Den har djup betydelse och \u00e4r en symbol som f\u00f6rknippad med Odin, den m\u00e4ktiga nordiska guden. Yggdrasil, Livets tr\u00e4d, har stor betydelse b\u00e5de som en framtr\u00e4dande vikingasymbol och som en viktig del av den nordiska tron. Enligt nordisk mytologi \u00e4r Yggdrasil det majest\u00e4tiska tr\u00e4det som fungerar som en kosmisk f\u00f6rbindelse mellan de nio v\u00e4rldarna, inklusive Asg\u00e5rd, Midg\u00e5rd, Muspelheim, Jotunheim, Vanaheim, Nifelheim, Alfheim, Svartalfheim och Helheim. Aegishjalmr, \u00e4ven k\u00e4nt som skr\u00e4ckens och fasans hj\u00e4lm, \u00e4r en annan vikingasymbol som representerar skydd. Det \u00e4r en runstav som bildas genom att kombinera de fornisl\u00e4ndska orden \"aegis\", vilket betyder sk\u00f6ld, och \"hjalmr\", vilket betyder hj\u00e4lm. Vikingakompass, \u00e4ven k\u00e4nd som runkompassen eller Vegvisir, \u00e4r ofta f\u00f6rknippad med Aegishjalmr p\u00e5 grund av deras likhet. Det \u00e4r en vikingasymbol best\u00e5ende av sammanfl\u00e4tade runstavar och f\u00f6rknippas med v\u00e4gledning. Odins trehorn, \u00e4ven k\u00e4nt som horn triskelion, \u00e4r en vikingasymbol som representerar de tre hornen i myten om Odins str\u00e4van efter det magiska mj\u00f6det, Odhroerir\/\u00d3\u00f0rerir, \u00e4ven k\u00e4nt som poesins mj\u00f6d. Mj\u00f6lnir, Thors hammare, har en enorm betydelse och anses vara en av de viktigaste vikingasymbolerna\/nordiska symbolerna. Thors hammare symboliserar styrka och skydd, och dess roll i nordisk mytologi \u00e4r mycket v\u00f6rdad. Best\u00e4ll fejktatueringar med sex v\u00e4lk\u00e4nda vikingasymboler Alla tatueringar tillverkas av tatuerade vikingar, och vi skickar din best\u00e4llning inom 24 timmar.  Storlek p\u00e5 ark: A5 Antal tatueringar: 6 Storlek p\u00e5 tatuering: 7 cm","og_url":"https:\/\/likeink.com\/sv\/gnuggisar\/6-kanda-viking-symboler\/","og_site_name":"Like ink","article_publisher":"https:\/\/www.facebook.com\/LikeInkSe","article_modified_time":"2026-04-14T13:42:53+00:00","og_image":[{"width":2481,"height":1749,"url":"https:\/\/likeink.com\/wp-content\/uploads\/2023\/05\/Viking-symboler-faketattoo-likeink.jpg","type":"image\/jpeg"}],"twitter_card":"summary_large_image","schema":{"@context":"https:\/\/schema.org","@graph":[{"@type":"WebPage","@id":"https:\/\/likeink.com\/sv\/gnuggisar\/6-kanda-viking-symboler\/","url":"https:\/\/likeink.com\/sv\/gnuggisar\/6-kanda-viking-symboler\/","name":"6 k\u00e4nda viking symboler som gnuggistatueringar - Like ink","isPartOf":{"@id":"https:\/\/likeink.com\/sv\/#website"},"primaryImageOfPage":{"@id":"https:\/\/likeink.com\/sv\/gnuggisar\/6-kanda-viking-symboler\/#primaryimage"},"image":{"@id":"https:\/\/likeink.com\/sv\/gnuggisar\/6-kanda-viking-symboler\/#primaryimage"},"thumbnailUrl":"https:\/\/likeink.com\/wp-content\/uploads\/2023\/05\/Viking-symboler-faketattoo-likeink.jpg","datePublished":"2023-05-25T13:31:18+00:00","dateModified":"2026-04-14T13:42:53+00:00","description":"K\u00f6p ett ark med 6 k\u00e4nda viking symboler som tatueringar! Snabb leverans och fri frakt! Vi trycker kvalitets-faketatueringar - Like ink","breadcrumb":{"@id":"https:\/\/likeink.com\/sv\/gnuggisar\/6-kanda-viking-symboler\/#breadcrumb"},"inLanguage":"sv-SE","potentialAction":[{"@type":"ReadAction","target":["https:\/\/likeink.com\/sv\/gnuggisar\/6-kanda-viking-symboler\/"]}]},{"@type":"ImageObject","inLanguage":"sv-SE","@id":"https:\/\/likeink.com\/sv\/gnuggisar\/6-kanda-viking-symboler\/#primaryimage","url":"https:\/\/likeink.com\/wp-content\/uploads\/2023\/05\/Viking-symboler-faketattoo-likeink.jpg","contentUrl":"https:\/\/likeink.com\/wp-content\/uploads\/2023\/05\/Viking-symboler-faketattoo-likeink.jpg","width":2481,"height":1749,"caption":"K\u00f6p faketatueringar med 6 k\u00e4nda vikingasymboler"},{"@type":"BreadcrumbList","@id":"https:\/\/likeink.com\/sv\/gnuggisar\/6-kanda-viking-symboler\/#breadcrumb","itemListElement":[{"@type":"ListItem","position":1,"name":"Hem","item":"https:\/\/likeink.com\/sv\/"},{"@type":"ListItem","position":2,"name":"Webbutik","item":"https:\/\/likeink.com\/sv\/webbutik\/"},{"@type":"ListItem","position":3,"name":"6 k\u00e4nda viking symboler"}]},{"@type":"WebSite","@id":"https:\/\/likeink.com\/sv\/#website","url":"https:\/\/likeink.com\/sv\/","name":"Like ink","description":"Make your own custom design","potentialAction":[{"@type":"SearchAction","target":{"@type":"EntryPoint","urlTemplate":"https:\/\/likeink.com\/sv\/?s={search_term_string}"},"query-input":{"@type":"PropertyValueSpecification","valueRequired":true,"valueName":"search_term_string"}}],"inLanguage":"sv-SE"}]}},"_links":{"self":[{"href":"https:\/\/likeink.com\/sv\/wp-json\/wp\/v2\/product\/18357","targetHints":{"allow":["GET"]}}],"collection":[{"href":"https:\/\/likeink.com\/sv\/wp-json\/wp\/v2\/product"}],"about":[{"href":"https:\/\/likeink.com\/sv\/wp-json\/wp\/v2\/types\/product"}],"wp:featuredmedia":[{"embeddable":true,"href":"https:\/\/likeink.com\/sv\/wp-json\/wp\/v2\/media\/18350"}],"wp:attachment":[{"href":"https:\/\/likeink.com\/sv\/wp-json\/wp\/v2\/media?parent=18357"}],"wp:term":[{"taxonomy":"product_brand","embeddable":true,"href":"https:\/\/likeink.com\/sv\/wp-json\/wp\/v2\/product_brand?post=18357"},{"taxonomy":"product_cat","embeddable":true,"href":"https:\/\/likeink.com\/sv\/wp-json\/wp\/v2\/product_cat?post=18357"},{"taxonomy":"product_tag","embeddable":true,"href":"https:\/\/likeink.com\/sv\/wp-json\/wp\/v2\/product_tag?post=18357"}],"curies":[{"name":"wp","href":"https:\/\/api.w.org\/{rel}","templated":true}]}}