{"id":19105,"date":"2023-06-30T13:12:25","date_gmt":"2023-06-30T13:12:25","guid":{"rendered":"https:\/\/likeink.se\/?post_type=product&#038;p=19105"},"modified":"2026-04-14T12:56:00","modified_gmt":"2026-04-14T12:56:00","slug":"svensexa-fake-tatueringar","status":"publish","type":"product","link":"https:\/\/likeink.com\/sv\/gnuggisar\/svensexa-fake-tatueringar\/","title":{"rendered":"Svensexa Fake Tatueringar"},"content":{"rendered":"","protected":false},"excerpt":{"rendered":"<p>Tatueringsarket \u201dSvensexa fake tatueringar\u201d \u00e4r framtaget f\u00f6r att just er svensexa ska bli lite extra rolig, skapa roliga minnen och st\u00e4rka gemenskapen i g\u00e4nget!<\/p>\n<h2>Best\u00e4ll roliga och fina tatueringar till svensexan<\/h2>\n<p>V\u00e5ra tempor\u00e4ra tatueringar \u00e4r skonsamma mot huden och l\u00e4tta att applicera och tv\u00e4tta bort. Vi trycker och skickar tatueringarna inom 24 timmar och vill du best\u00e4lla fake tatueringar med egen design till br\u00f6llopet s\u00e5 \u00e4r \u00e4ven det superenkelt via oss p\u00e5 Like ink!<\/p>\n<p><strong>Storlek ark: A5<\/strong><\/p>\n<p><strong>Antal tatueringar: 17<\/strong><\/p>\n<p><strong>Storlek tatueringar: 4.5 cm<\/strong><\/p>\n","protected":false},"featured_media":19084,"template":"","meta":[],"product_brand":[],"product_cat":[17,494],"product_tag":[],"class_list":{"0":"post-19105","1":"product","2":"type-product","3":"status-publish","4":"has-post-thumbnail","6":"product_cat-fardiga-ark","7":"product_cat-karlek-romantik","9":"first","10":"instock","11":"taxable","12":"shipping-taxable","13":"purchasable","14":"product-type-simple"},"yoast_head":"<!-- This site is optimized with the Yoast SEO Premium plugin v26.2 (Yoast SEO v27.5) - https:\/\/yoast.com\/product\/yoast-seo-premium-wordpress\/ -->\n<title>Svensexa Fake Tatueringar I Snabb leverans - Like ink<\/title>\n<meta name=\"description\" content=\"Svensexa Fake Tatueringar! F\u00f6rgyll svensexan och skapa en rolig kv\u00e4ll med fake tattoos fr\u00e5n oss p\u00e5 Like ink! - Like ink\" \/>\n<meta name=\"robots\" content=\"index, follow, max-snippet:-1, max-image-preview:large, max-video-preview:-1\" \/>\n<link rel=\"canonical\" href=\"https:\/\/likeink.com\/sv\/gnuggisar\/svensexa-fake-tatueringar\/\" \/>\n<meta property=\"og:locale\" content=\"sv_SE\" \/>\n<meta property=\"og:type\" content=\"article\" \/>\n<meta property=\"og:title\" content=\"Svensexa Fake Tatueringar\" \/>\n<meta property=\"og:description\" content=\"Tatueringsarket \u201dSvensexa fake tatueringar\u201d \u00e4r framtaget f\u00f6r att just er svensexa ska bli lite extra rolig, skapa roliga minnen och st\u00e4rka gemenskapen i g\u00e4nget! Best\u00e4ll roliga och fina tatueringar till svensexan V\u00e5ra tempor\u00e4ra tatueringar \u00e4r skonsamma mot huden och l\u00e4tta att applicera och tv\u00e4tta bort. Vi trycker och skickar tatueringarna inom 24 timmar och vill du best\u00e4lla fake tatueringar med egen design till br\u00f6llopet s\u00e5 \u00e4r \u00e4ven det superenkelt via oss p\u00e5 Like ink!  Storlek ark: A5  Antal tatueringar: 17  Storlek tatueringar: 4.5 cm\" \/>\n<meta property=\"og:url\" content=\"https:\/\/likeink.com\/sv\/gnuggisar\/svensexa-fake-tatueringar\/\" \/>\n<meta property=\"og:site_name\" content=\"Like ink\" \/>\n<meta property=\"article:publisher\" content=\"https:\/\/www.facebook.com\/LikeInkSe\" \/>\n<meta property=\"article:modified_time\" content=\"2026-04-14T12:56:00+00:00\" \/>\n<meta property=\"og:image\" content=\"https:\/\/likeink.com\/wp-content\/uploads\/2023\/06\/Svensexa2-likeink-tatueringar.jpg\" \/>\n\t<meta property=\"og:image:width\" content=\"1400\" \/>\n\t<meta property=\"og:image:height\" content=\"986\" \/>\n\t<meta property=\"og:image:type\" content=\"image\/jpeg\" \/>\n<meta name=\"twitter:card\" content=\"summary_large_image\" \/>\n<!-- \/ Yoast SEO Premium plugin. -->","yoast_head_json":{"title":"Svensexa Fake Tatueringar I Snabb leverans - Like ink","description":"Svensexa Fake Tatueringar! F\u00f6rgyll svensexan och skapa en rolig kv\u00e4ll med fake tattoos fr\u00e5n oss p\u00e5 Like ink! - Like ink","robots":{"index":"index","follow":"follow","max-snippet":"max-snippet:-1","max-image-preview":"max-image-preview:large","max-video-preview":"max-video-preview:-1"},"canonical":"https:\/\/likeink.com\/sv\/gnuggisar\/svensexa-fake-tatueringar\/","og_locale":"sv_SE","og_type":"article","og_title":"Svensexa Fake Tatueringar","og_description":"Tatueringsarket \u201dSvensexa fake tatueringar\u201d \u00e4r framtaget f\u00f6r att just er svensexa ska bli lite extra rolig, skapa roliga minnen och st\u00e4rka gemenskapen i g\u00e4nget! Best\u00e4ll roliga och fina tatueringar till svensexan V\u00e5ra tempor\u00e4ra tatueringar \u00e4r skonsamma mot huden och l\u00e4tta att applicera och tv\u00e4tta bort. Vi trycker och skickar tatueringarna inom 24 timmar och vill du best\u00e4lla fake tatueringar med egen design till br\u00f6llopet s\u00e5 \u00e4r \u00e4ven det superenkelt via oss p\u00e5 Like ink!  Storlek ark: A5  Antal tatueringar: 17  Storlek tatueringar: 4.5 cm","og_url":"https:\/\/likeink.com\/sv\/gnuggisar\/svensexa-fake-tatueringar\/","og_site_name":"Like ink","article_publisher":"https:\/\/www.facebook.com\/LikeInkSe","article_modified_time":"2026-04-14T12:56:00+00:00","og_image":[{"width":1400,"height":986,"url":"https:\/\/likeink.com\/wp-content\/uploads\/2023\/06\/Svensexa2-likeink-tatueringar.jpg","type":"image\/jpeg"}],"twitter_card":"summary_large_image","schema":{"@context":"https:\/\/schema.org","@graph":[{"@type":"WebPage","@id":"https:\/\/likeink.com\/sv\/gnuggisar\/svensexa-fake-tatueringar\/","url":"https:\/\/likeink.com\/sv\/gnuggisar\/svensexa-fake-tatueringar\/","name":"Svensexa Fake Tatueringar I Snabb leverans - Like ink","isPartOf":{"@id":"https:\/\/likeink.com\/sv\/#website"},"primaryImageOfPage":{"@id":"https:\/\/likeink.com\/sv\/gnuggisar\/svensexa-fake-tatueringar\/#primaryimage"},"image":{"@id":"https:\/\/likeink.com\/sv\/gnuggisar\/svensexa-fake-tatueringar\/#primaryimage"},"thumbnailUrl":"https:\/\/likeink.com\/wp-content\/uploads\/2023\/06\/Svensexa2-likeink-tatueringar.jpg","datePublished":"2023-06-30T13:12:25+00:00","dateModified":"2026-04-14T12:56:00+00:00","description":"Svensexa Fake Tatueringar! F\u00f6rgyll svensexan och skapa en rolig kv\u00e4ll med fake tattoos fr\u00e5n oss p\u00e5 Like ink! - Like ink","breadcrumb":{"@id":"https:\/\/likeink.com\/sv\/gnuggisar\/svensexa-fake-tatueringar\/#breadcrumb"},"inLanguage":"sv-SE","potentialAction":[{"@type":"ReadAction","target":["https:\/\/likeink.com\/sv\/gnuggisar\/svensexa-fake-tatueringar\/"]}]},{"@type":"ImageObject","inLanguage":"sv-SE","@id":"https:\/\/likeink.com\/sv\/gnuggisar\/svensexa-fake-tatueringar\/#primaryimage","url":"https:\/\/likeink.com\/wp-content\/uploads\/2023\/06\/Svensexa2-likeink-tatueringar.jpg","contentUrl":"https:\/\/likeink.com\/wp-content\/uploads\/2023\/06\/Svensexa2-likeink-tatueringar.jpg","width":1400,"height":986,"caption":"K\u00f6p gnuggisar till svensexan"},{"@type":"BreadcrumbList","@id":"https:\/\/likeink.com\/sv\/gnuggisar\/svensexa-fake-tatueringar\/#breadcrumb","itemListElement":[{"@type":"ListItem","position":1,"name":"Hem","item":"https:\/\/likeink.com\/sv\/"},{"@type":"ListItem","position":2,"name":"Webbutik","item":"https:\/\/likeink.com\/sv\/webbutik\/"},{"@type":"ListItem","position":3,"name":"Svensexa Fake Tatueringar"}]},{"@type":"WebSite","@id":"https:\/\/likeink.com\/sv\/#website","url":"https:\/\/likeink.com\/sv\/","name":"Like ink","description":"Make your own custom design","potentialAction":[{"@type":"SearchAction","target":{"@type":"EntryPoint","urlTemplate":"https:\/\/likeink.com\/sv\/?s={search_term_string}"},"query-input":{"@type":"PropertyValueSpecification","valueRequired":true,"valueName":"search_term_string"}}],"inLanguage":"sv-SE"}]}},"_links":{"self":[{"href":"https:\/\/likeink.com\/sv\/wp-json\/wp\/v2\/product\/19105","targetHints":{"allow":["GET"]}}],"collection":[{"href":"https:\/\/likeink.com\/sv\/wp-json\/wp\/v2\/product"}],"about":[{"href":"https:\/\/likeink.com\/sv\/wp-json\/wp\/v2\/types\/product"}],"wp:featuredmedia":[{"embeddable":true,"href":"https:\/\/likeink.com\/sv\/wp-json\/wp\/v2\/media\/19084"}],"wp:attachment":[{"href":"https:\/\/likeink.com\/sv\/wp-json\/wp\/v2\/media?parent=19105"}],"wp:term":[{"taxonomy":"product_brand","embeddable":true,"href":"https:\/\/likeink.com\/sv\/wp-json\/wp\/v2\/product_brand?post=19105"},{"taxonomy":"product_cat","embeddable":true,"href":"https:\/\/likeink.com\/sv\/wp-json\/wp\/v2\/product_cat?post=19105"},{"taxonomy":"product_tag","embeddable":true,"href":"https:\/\/likeink.com\/sv\/wp-json\/wp\/v2\/product_tag?post=19105"}],"curies":[{"name":"wp","href":"https:\/\/api.w.org\/{rel}","templated":true}]}}