{"id":21541,"date":"2023-09-17T07:02:25","date_gmt":"2023-09-17T07:02:25","guid":{"rendered":"https:\/\/likeink.se\/?post_type=product&#038;p=21541"},"modified":"2026-04-14T14:22:59","modified_gmt":"2026-04-14T14:22:59","slug":"barbie-och-ken-tatueringar","status":"publish","type":"product","link":"https:\/\/likeink.com\/sv\/gnuggisar\/barbie-och-ken-tatueringar\/","title":{"rendered":"Barbie och Ken Tatueringar"},"content":{"rendered":"","protected":false},"excerpt":{"rendered":"<p><strong>Barbie och Ken Fake-Tatueringar<\/strong><\/p>\n<p>V\u00e4lkomna in i Barbie och Kens rosa v\u00e4rld med dessa fina fake-tatueringar fr\u00e5n Like ink. F\u00f6rvandla en bra utkl\u00e4dnad och en rolig fest till en magisk kv\u00e4ll med dessa tatueringar, perfekta f\u00f6r att komplettera din Barbie eller Ken utkl\u00e4dnad.<\/p>\n<p>Tatueringsarket inneh\u00e5ller fejktatueringar med k\u00e4nda citat, loggor och ikoner fr\u00e5n Barbie-v\u00e4rlden! Str\u00e4ckkoden kan du f\u00f6rslagsvis ha i nacken d\u00e4r alla \u00e4kta dockor har sin m\u00e4rkning.<\/p>\n<h2>K\u00f6r snygga fake-tatueringar med Barbie och Ken loggor, citat och Barbie-inspirerade motiv.<\/h2>\n<p>Tatueringarna \u00e4r enkla att applicera, h\u00e5llbara, allergiv\u00e4nliga och l\u00e4tta att tv\u00e4tta bort efter en rolig kv\u00e4ll! Vi trycker och skickar dina Barbie och Ken tatueringar inom 24 timmar.<\/p>\n<p><strong>Sheet size: A5<\/strong><\/p>\n<p><strong>Number of tattoos: 16<\/strong><\/p>\n<p><strong>Tattoo size: 2-8 cm<\/strong><\/p>\n","protected":false},"featured_media":21532,"template":"","meta":[],"product_brand":[],"product_cat":[493,17,126,490,138],"product_tag":[],"class_list":{"0":"post-21541","1":"product","2":"type-product","3":"status-publish","4":"has-post-thumbnail","6":"product_cat-barnkalas","7":"product_cat-fardiga-ark","8":"product_cat-halloween-tatueringar","9":"product_cat-maskerad-sasong","10":"product_cat-roliga-tatueringar","12":"first","13":"instock","14":"taxable","15":"shipping-taxable","16":"purchasable","17":"product-type-simple"},"yoast_head":"<!-- This site is optimized with the Yoast SEO Premium plugin v26.2 (Yoast SEO v27.4) - https:\/\/yoast.com\/product\/yoast-seo-premium-wordpress\/ -->\n<title>Barbie och Ken Tatueringar Barbie och Ken Tatueringar A5 - Like ink<\/title>\n<meta name=\"description\" content=\"Barbie och Ken Tatueringar: Barbie och Ken fejktatueringar f\u00f6r utkl\u00e4dnad, maskerad och fest! Best\u00e4ll dina Barbie och Ken tatueringar idag! - Like ink\" \/>\n<meta name=\"robots\" content=\"index, follow, max-snippet:-1, max-image-preview:large, max-video-preview:-1\" \/>\n<link rel=\"canonical\" href=\"https:\/\/likeink.com\/sv\/gnuggisar\/barbie-och-ken-tatueringar\/\" \/>\n<meta property=\"og:locale\" content=\"sv_SE\" \/>\n<meta property=\"og:type\" content=\"article\" \/>\n<meta property=\"og:title\" content=\"Barbie och Ken Tatueringar\" \/>\n<meta property=\"og:description\" content=\"Barbie och Ken Fake-Tatueringar  V\u00e4lkomna in i Barbie och Kens rosa v\u00e4rld med dessa fina fake-tatueringar fr\u00e5n Like ink. F\u00f6rvandla en bra utkl\u00e4dnad och en rolig fest till en magisk kv\u00e4ll med dessa tatueringar, perfekta f\u00f6r att komplettera din Barbie eller Ken utkl\u00e4dnad.  Tatueringsarket inneh\u00e5ller fejktatueringar med k\u00e4nda citat, loggor och ikoner fr\u00e5n Barbie-v\u00e4rlden! Str\u00e4ckkoden kan du f\u00f6rslagsvis ha i nacken d\u00e4r alla \u00e4kta dockor har sin m\u00e4rkning. K\u00f6r snygga fake-tatueringar med Barbie och Ken loggor, citat och Barbie-inspirerade motiv. Tatueringarna \u00e4r enkla att applicera, h\u00e5llbara, allergiv\u00e4nliga och l\u00e4tta att tv\u00e4tta bort efter en rolig kv\u00e4ll! Vi trycker och skickar dina Barbie och Ken tatueringar inom 24 timmar.  Sheet size: A5  Number of tattoos: 16  Tattoo size: 2-8 cm\" \/>\n<meta property=\"og:url\" content=\"https:\/\/likeink.com\/sv\/gnuggisar\/barbie-och-ken-tatueringar\/\" \/>\n<meta property=\"og:site_name\" content=\"Like ink\" \/>\n<meta property=\"article:publisher\" content=\"https:\/\/www.facebook.com\/LikeInkSe\" \/>\n<meta property=\"article:modified_time\" content=\"2026-04-14T14:22:59+00:00\" \/>\n<meta property=\"og:image\" content=\"https:\/\/likeink.com\/wp-content\/uploads\/2023\/09\/Barbie-and-Ken-Tattoos-Likeink.jpg\" \/>\n\t<meta property=\"og:image:width\" content=\"1500\" \/>\n\t<meta property=\"og:image:height\" content=\"1057\" \/>\n\t<meta property=\"og:image:type\" content=\"image\/jpeg\" \/>\n<meta name=\"twitter:card\" content=\"summary_large_image\" \/>\n<script type=\"application\/ld+json\" class=\"yoast-schema-graph\">{\"@context\":\"https:\\\/\\\/schema.org\",\"@graph\":[{\"@type\":\"WebPage\",\"@id\":\"https:\\\/\\\/likeink.com\\\/sv\\\/gnuggisar\\\/barbie-och-ken-tatueringar\\\/\",\"url\":\"https:\\\/\\\/likeink.com\\\/sv\\\/gnuggisar\\\/barbie-och-ken-tatueringar\\\/\",\"name\":\"Barbie och Ken Tatueringar Barbie och Ken Tatueringar A5 - Like ink\",\"isPartOf\":{\"@id\":\"https:\\\/\\\/likeink.com\\\/sv\\\/#website\"},\"primaryImageOfPage\":{\"@id\":\"https:\\\/\\\/likeink.com\\\/sv\\\/gnuggisar\\\/barbie-och-ken-tatueringar\\\/#primaryimage\"},\"image\":{\"@id\":\"https:\\\/\\\/likeink.com\\\/sv\\\/gnuggisar\\\/barbie-och-ken-tatueringar\\\/#primaryimage\"},\"thumbnailUrl\":\"https:\\\/\\\/likeink.com\\\/wp-content\\\/uploads\\\/2023\\\/09\\\/Barbie-and-Ken-Tattoos-Likeink.jpg\",\"datePublished\":\"2023-09-17T07:02:25+00:00\",\"dateModified\":\"2026-04-14T14:22:59+00:00\",\"description\":\"Barbie och Ken Tatueringar: Barbie och Ken fejktatueringar f\u00f6r utkl\u00e4dnad, maskerad och fest! Best\u00e4ll dina Barbie och Ken tatueringar idag! - Like ink\",\"breadcrumb\":{\"@id\":\"https:\\\/\\\/likeink.com\\\/sv\\\/gnuggisar\\\/barbie-och-ken-tatueringar\\\/#breadcrumb\"},\"inLanguage\":\"sv-SE\",\"potentialAction\":[{\"@type\":\"ReadAction\",\"target\":[\"https:\\\/\\\/likeink.com\\\/sv\\\/gnuggisar\\\/barbie-och-ken-tatueringar\\\/\"]}]},{\"@type\":\"ImageObject\",\"inLanguage\":\"sv-SE\",\"@id\":\"https:\\\/\\\/likeink.com\\\/sv\\\/gnuggisar\\\/barbie-och-ken-tatueringar\\\/#primaryimage\",\"url\":\"https:\\\/\\\/likeink.com\\\/wp-content\\\/uploads\\\/2023\\\/09\\\/Barbie-and-Ken-Tattoos-Likeink.jpg\",\"contentUrl\":\"https:\\\/\\\/likeink.com\\\/wp-content\\\/uploads\\\/2023\\\/09\\\/Barbie-and-Ken-Tattoos-Likeink.jpg\",\"width\":1500,\"height\":1057,\"caption\":\"Tatueringar fr\u00e5n filmen Barbie. Ken och barbie tattoos. She`s everything, He`s just Ken.\"},{\"@type\":\"BreadcrumbList\",\"@id\":\"https:\\\/\\\/likeink.com\\\/sv\\\/gnuggisar\\\/barbie-och-ken-tatueringar\\\/#breadcrumb\",\"itemListElement\":[{\"@type\":\"ListItem\",\"position\":1,\"name\":\"Hem\",\"item\":\"https:\\\/\\\/likeink.com\\\/sv\\\/\"},{\"@type\":\"ListItem\",\"position\":2,\"name\":\"Webbutik\",\"item\":\"https:\\\/\\\/likeink.com\\\/sv\\\/webbutik\\\/\"},{\"@type\":\"ListItem\",\"position\":3,\"name\":\"Barbie och Ken Tatueringar\"}]},{\"@type\":\"WebSite\",\"@id\":\"https:\\\/\\\/likeink.com\\\/sv\\\/#website\",\"url\":\"https:\\\/\\\/likeink.com\\\/sv\\\/\",\"name\":\"Like ink\",\"description\":\"Make your own custom design\",\"potentialAction\":[{\"@type\":\"SearchAction\",\"target\":{\"@type\":\"EntryPoint\",\"urlTemplate\":\"https:\\\/\\\/likeink.com\\\/sv\\\/?s={search_term_string}\"},\"query-input\":{\"@type\":\"PropertyValueSpecification\",\"valueRequired\":true,\"valueName\":\"search_term_string\"}}],\"inLanguage\":\"sv-SE\"}]}<\/script>\n<!-- \/ Yoast SEO Premium plugin. -->","yoast_head_json":{"title":"Barbie och Ken Tatueringar Barbie och Ken Tatueringar A5 - Like ink","description":"Barbie och Ken Tatueringar: Barbie och Ken fejktatueringar f\u00f6r utkl\u00e4dnad, maskerad och fest! Best\u00e4ll dina Barbie och Ken tatueringar idag! - Like ink","robots":{"index":"index","follow":"follow","max-snippet":"max-snippet:-1","max-image-preview":"max-image-preview:large","max-video-preview":"max-video-preview:-1"},"canonical":"https:\/\/likeink.com\/sv\/gnuggisar\/barbie-och-ken-tatueringar\/","og_locale":"sv_SE","og_type":"article","og_title":"Barbie och Ken Tatueringar","og_description":"Barbie och Ken Fake-Tatueringar  V\u00e4lkomna in i Barbie och Kens rosa v\u00e4rld med dessa fina fake-tatueringar fr\u00e5n Like ink. F\u00f6rvandla en bra utkl\u00e4dnad och en rolig fest till en magisk kv\u00e4ll med dessa tatueringar, perfekta f\u00f6r att komplettera din Barbie eller Ken utkl\u00e4dnad.  Tatueringsarket inneh\u00e5ller fejktatueringar med k\u00e4nda citat, loggor och ikoner fr\u00e5n Barbie-v\u00e4rlden! Str\u00e4ckkoden kan du f\u00f6rslagsvis ha i nacken d\u00e4r alla \u00e4kta dockor har sin m\u00e4rkning. K\u00f6r snygga fake-tatueringar med Barbie och Ken loggor, citat och Barbie-inspirerade motiv. Tatueringarna \u00e4r enkla att applicera, h\u00e5llbara, allergiv\u00e4nliga och l\u00e4tta att tv\u00e4tta bort efter en rolig kv\u00e4ll! Vi trycker och skickar dina Barbie och Ken tatueringar inom 24 timmar.  Sheet size: A5  Number of tattoos: 16  Tattoo size: 2-8 cm","og_url":"https:\/\/likeink.com\/sv\/gnuggisar\/barbie-och-ken-tatueringar\/","og_site_name":"Like ink","article_publisher":"https:\/\/www.facebook.com\/LikeInkSe","article_modified_time":"2026-04-14T14:22:59+00:00","og_image":[{"width":1500,"height":1057,"url":"https:\/\/likeink.com\/wp-content\/uploads\/2023\/09\/Barbie-and-Ken-Tattoos-Likeink.jpg","type":"image\/jpeg"}],"twitter_card":"summary_large_image","schema":{"@context":"https:\/\/schema.org","@graph":[{"@type":"WebPage","@id":"https:\/\/likeink.com\/sv\/gnuggisar\/barbie-och-ken-tatueringar\/","url":"https:\/\/likeink.com\/sv\/gnuggisar\/barbie-och-ken-tatueringar\/","name":"Barbie och Ken Tatueringar Barbie och Ken Tatueringar A5 - Like ink","isPartOf":{"@id":"https:\/\/likeink.com\/sv\/#website"},"primaryImageOfPage":{"@id":"https:\/\/likeink.com\/sv\/gnuggisar\/barbie-och-ken-tatueringar\/#primaryimage"},"image":{"@id":"https:\/\/likeink.com\/sv\/gnuggisar\/barbie-och-ken-tatueringar\/#primaryimage"},"thumbnailUrl":"https:\/\/likeink.com\/wp-content\/uploads\/2023\/09\/Barbie-and-Ken-Tattoos-Likeink.jpg","datePublished":"2023-09-17T07:02:25+00:00","dateModified":"2026-04-14T14:22:59+00:00","description":"Barbie och Ken Tatueringar: Barbie och Ken fejktatueringar f\u00f6r utkl\u00e4dnad, maskerad och fest! Best\u00e4ll dina Barbie och Ken tatueringar idag! - Like ink","breadcrumb":{"@id":"https:\/\/likeink.com\/sv\/gnuggisar\/barbie-och-ken-tatueringar\/#breadcrumb"},"inLanguage":"sv-SE","potentialAction":[{"@type":"ReadAction","target":["https:\/\/likeink.com\/sv\/gnuggisar\/barbie-och-ken-tatueringar\/"]}]},{"@type":"ImageObject","inLanguage":"sv-SE","@id":"https:\/\/likeink.com\/sv\/gnuggisar\/barbie-och-ken-tatueringar\/#primaryimage","url":"https:\/\/likeink.com\/wp-content\/uploads\/2023\/09\/Barbie-and-Ken-Tattoos-Likeink.jpg","contentUrl":"https:\/\/likeink.com\/wp-content\/uploads\/2023\/09\/Barbie-and-Ken-Tattoos-Likeink.jpg","width":1500,"height":1057,"caption":"Tatueringar fr\u00e5n filmen Barbie. Ken och barbie tattoos. She`s everything, He`s just Ken."},{"@type":"BreadcrumbList","@id":"https:\/\/likeink.com\/sv\/gnuggisar\/barbie-och-ken-tatueringar\/#breadcrumb","itemListElement":[{"@type":"ListItem","position":1,"name":"Hem","item":"https:\/\/likeink.com\/sv\/"},{"@type":"ListItem","position":2,"name":"Webbutik","item":"https:\/\/likeink.com\/sv\/webbutik\/"},{"@type":"ListItem","position":3,"name":"Barbie och Ken Tatueringar"}]},{"@type":"WebSite","@id":"https:\/\/likeink.com\/sv\/#website","url":"https:\/\/likeink.com\/sv\/","name":"Like ink","description":"Make your own custom design","potentialAction":[{"@type":"SearchAction","target":{"@type":"EntryPoint","urlTemplate":"https:\/\/likeink.com\/sv\/?s={search_term_string}"},"query-input":{"@type":"PropertyValueSpecification","valueRequired":true,"valueName":"search_term_string"}}],"inLanguage":"sv-SE"}]}},"_links":{"self":[{"href":"https:\/\/likeink.com\/sv\/wp-json\/wp\/v2\/product\/21541","targetHints":{"allow":["GET"]}}],"collection":[{"href":"https:\/\/likeink.com\/sv\/wp-json\/wp\/v2\/product"}],"about":[{"href":"https:\/\/likeink.com\/sv\/wp-json\/wp\/v2\/types\/product"}],"wp:featuredmedia":[{"embeddable":true,"href":"https:\/\/likeink.com\/sv\/wp-json\/wp\/v2\/media\/21532"}],"wp:attachment":[{"href":"https:\/\/likeink.com\/sv\/wp-json\/wp\/v2\/media?parent=21541"}],"wp:term":[{"taxonomy":"product_brand","embeddable":true,"href":"https:\/\/likeink.com\/sv\/wp-json\/wp\/v2\/product_brand?post=21541"},{"taxonomy":"product_cat","embeddable":true,"href":"https:\/\/likeink.com\/sv\/wp-json\/wp\/v2\/product_cat?post=21541"},{"taxonomy":"product_tag","embeddable":true,"href":"https:\/\/likeink.com\/sv\/wp-json\/wp\/v2\/product_tag?post=21541"}],"curies":[{"name":"wp","href":"https:\/\/api.w.org\/{rel}","templated":true}]}}