{"id":22211,"date":"2023-10-10T13:14:52","date_gmt":"2023-10-10T13:14:52","guid":{"rendered":"https:\/\/likeink.se\/?post_type=product&#038;p=22211"},"modified":"2026-04-14T13:14:07","modified_gmt":"2026-04-14T13:14:07","slug":"blackout-tatuering","status":"publish","type":"product","link":"https:\/\/likeink.com\/sv\/gnuggisar\/blackout-tatuering\/","title":{"rendered":"Blackout tatuering"},"content":{"rendered":"","protected":false},"excerpt":{"rendered":"<p>Dyk ner i den djupaste sv\u00e4rta med Like inks &#8221;Blackout Tatuering:s ark&#8221;. Denna produkt \u00e4r designad f\u00f6r att ge alla m\u00f6jlighet att haka p\u00e5 den samtida tatueringstrenden BlackOut, utan att beh\u00f6va g\u00f6ra ett permanent val. Like inks faketatueringar \u00e4r dermatologiskt testade, vilket garanterar en s\u00e4ker och skonsam upplevelse f\u00f6r din hud. Dessutom \u00e4r v\u00e5ra tatueringar otroligt enkla att applicera, s\u00e5 att du snabbt kan visa upp och \u00e4ven tv\u00e4tta bort upp din nya stil.<\/p>\n<h2>Like inks version av en Blackout tatuering, ett kolsvart ark d\u00e4r hela ytan fungerar som en fake-tatuering. Klipp och klistra ihop olika m\u00f6nster eller t\u00e4ck en st\u00f6rre yta med denna Blackout tatuering.<\/h2>\n<p><strong>Om BlackOut Tatueringar:<\/strong><br \/>\nBlackout \u00e4r en tatueringsstil f\u00f6r n\u00e4r man tatuerar en hel kroppsdel helt svart, det kan vara en svart arm, ett svart ben eller en svart halstatuering. Det \u00e4r vanligt att man ist\u00e4llet f\u00f6r att ta bort en tatuering med laser tatuerar \u00f6ver den gamla tatueringen med enbart svart f\u00e4rg och pl\u00f6tsligt v\u00e4xte en ny snabbt v\u00e4xande tatueringstrend fram.<br \/>\nSj\u00e4lva tatueringen kan vara helt svart eller m\u00f6nstrad.<\/p>\n<p>BlackOut-tatueringar har under senare \u00e5r vuxit fram som en stark konstform och stil inom tatueringsv\u00e4rlden. Detta \u00e4r mer \u00e4n bara en massiv svart markering p\u00e5 huden; det \u00e4r ett dj\u00e4rvt uttalande, en reflektion av ens inre k\u00e4nslor, och en hyllning till kraften i det simpla. M\u00e5nga v\u00e4ljer BlackOut-tatueringar f\u00f6r att t\u00e4cka \u00e4ldre tatueringar och b\u00f6rja p\u00e5 ny kula, medan andra ser det som ett meditativt val, en p\u00e5minnelse om renhet, enighet och gr\u00e4nsl\u00f6shet.<\/p>\n<p>Med Like inks &#8221;BlackOut&#8221; A5-ark kan du n\u00e4rma dig denna kraftfulla konstform p\u00e5 dina egna villkor. Uppt\u00e4ck sk\u00f6nheten i enkelheten och den dj\u00e4rva kontrasten av BlackOut p\u00e5 din hud, utan det permanenta \u00e5tagandet.<\/p>\n<p>Vi tyckte det var lite roligt att ta fram ett helt svart ark, i f\u00f6rsta anblick ser det ju riktigt tr\u00e5kigt ut men det g\u00e5r enkelt att skapa h\u00e4ftiga m\u00f6nster och tribals med hj\u00e4lp av din fantasi och en sax.<\/p>\n<p><strong>Storlek: A5:<\/strong> 196X140mm.<\/p>\n","protected":false},"featured_media":22202,"template":"","meta":[],"product_brand":[],"product_cat":[17,490,139,127,492],"product_tag":[],"class_list":{"0":"post-22211","1":"product","2":"type-product","3":"status-publish","4":"has-post-thumbnail","6":"product_cat-fardiga-ark","7":"product_cat-maskerad-sasong","8":"product_cat-ovriga-tatueringar","9":"product_cat-tribal-tatuering","10":"product_cat-tribal-symboler-runor","12":"first","13":"instock","14":"taxable","15":"shipping-taxable","16":"purchasable","17":"product-type-simple"},"yoast_head":"<!-- This site is optimized with the Yoast SEO Premium plugin v26.2 (Yoast SEO v27.4) - https:\/\/yoast.com\/product\/yoast-seo-premium-wordpress\/ -->\n<title>Blackout tatuering I Svart stor Blackout fake-tatuering - Like ink<\/title>\n<meta name=\"description\" content=\"Blackout tatuering som h\u00e5ller i upp till en vecka. Helt svart A5 ark som \u00e4r enkel att applicera om du vill haka p\u00e5 Blackout-trenden. - Like ink\" \/>\n<meta name=\"robots\" content=\"index, follow, max-snippet:-1, max-image-preview:large, max-video-preview:-1\" \/>\n<link rel=\"canonical\" href=\"https:\/\/likeink.com\/sv\/gnuggisar\/blackout-tatuering\/\" \/>\n<meta property=\"og:locale\" content=\"sv_SE\" \/>\n<meta property=\"og:type\" content=\"article\" \/>\n<meta property=\"og:title\" content=\"Blackout tatuering\" \/>\n<meta property=\"og:description\" content=\"Dyk ner i den djupaste sv\u00e4rta med Like inks &quot;Blackout Tatuering:s ark&quot;. Denna produkt \u00e4r designad f\u00f6r att ge alla m\u00f6jlighet att haka p\u00e5 den samtida tatueringstrenden BlackOut, utan att beh\u00f6va g\u00f6ra ett permanent val. Like inks faketatueringar \u00e4r dermatologiskt testade, vilket garanterar en s\u00e4ker och skonsam upplevelse f\u00f6r din hud. Dessutom \u00e4r v\u00e5ra tatueringar otroligt enkla att applicera, s\u00e5 att du snabbt kan visa upp och \u00e4ven tv\u00e4tta bort upp din nya stil. Like inks version av en Blackout tatuering, ett kolsvart ark d\u00e4r hela ytan fungerar som en fake-tatuering. Klipp och klistra ihop olika m\u00f6nster eller t\u00e4ck en st\u00f6rre yta med denna Blackout tatuering. Om BlackOut Tatueringar: Blackout \u00e4r en tatueringsstil f\u00f6r n\u00e4r man tatuerar en hel kroppsdel helt svart, det kan vara en svart arm, ett svart ben eller en svart halstatuering. Det \u00e4r vanligt att man ist\u00e4llet f\u00f6r att ta bort en tatuering med laser tatuerar \u00f6ver den gamla tatueringen med enbart svart f\u00e4rg och pl\u00f6tsligt v\u00e4xte en ny snabbt v\u00e4xande tatueringstrend fram. Sj\u00e4lva tatueringen kan vara helt svart eller m\u00f6nstrad.  BlackOut-tatueringar har under senare \u00e5r vuxit fram som en stark konstform och stil inom tatueringsv\u00e4rlden. Detta \u00e4r mer \u00e4n bara en massiv svart markering p\u00e5 huden; det \u00e4r ett dj\u00e4rvt uttalande, en reflektion av ens inre k\u00e4nslor, och en hyllning till kraften i det simpla. M\u00e5nga v\u00e4ljer BlackOut-tatueringar f\u00f6r att t\u00e4cka \u00e4ldre tatueringar och b\u00f6rja p\u00e5 ny kula, medan andra ser det som ett meditativt val, en p\u00e5minnelse om renhet, enighet och gr\u00e4nsl\u00f6shet.  Med Like inks &quot;BlackOut&quot; A5-ark kan du n\u00e4rma dig denna kraftfulla konstform p\u00e5 dina egna villkor. Uppt\u00e4ck sk\u00f6nheten i enkelheten och den dj\u00e4rva kontrasten av BlackOut p\u00e5 din hud, utan det permanenta \u00e5tagandet.  Vi tyckte det var lite roligt att ta fram ett helt svart ark, i f\u00f6rsta anblick ser det ju riktigt tr\u00e5kigt ut men det g\u00e5r enkelt att skapa h\u00e4ftiga m\u00f6nster och tribals med hj\u00e4lp av din fantasi och en sax.  Storlek: A5: 196X140mm.\" \/>\n<meta property=\"og:url\" content=\"https:\/\/likeink.com\/sv\/gnuggisar\/blackout-tatuering\/\" \/>\n<meta property=\"og:site_name\" content=\"Like ink\" \/>\n<meta property=\"article:publisher\" content=\"https:\/\/www.facebook.com\/LikeInkSe\" \/>\n<meta property=\"article:modified_time\" content=\"2026-04-14T13:14:07+00:00\" \/>\n<meta property=\"og:image\" content=\"https:\/\/likeink.com\/wp-content\/uploads\/2023\/10\/Blackout-Fake-Tattoo-Likeink.jpg\" \/>\n\t<meta property=\"og:image:width\" content=\"1000\" \/>\n\t<meta property=\"og:image:height\" content=\"704\" \/>\n\t<meta property=\"og:image:type\" content=\"image\/jpeg\" \/>\n<meta name=\"twitter:card\" content=\"summary_large_image\" \/>\n<script type=\"application\/ld+json\" class=\"yoast-schema-graph\">{\"@context\":\"https:\\\/\\\/schema.org\",\"@graph\":[{\"@type\":\"WebPage\",\"@id\":\"https:\\\/\\\/likeink.com\\\/sv\\\/gnuggisar\\\/blackout-tatuering\\\/\",\"url\":\"https:\\\/\\\/likeink.com\\\/sv\\\/gnuggisar\\\/blackout-tatuering\\\/\",\"name\":\"Blackout tatuering I Svart stor Blackout fake-tatuering - Like ink\",\"isPartOf\":{\"@id\":\"https:\\\/\\\/likeink.com\\\/sv\\\/#website\"},\"primaryImageOfPage\":{\"@id\":\"https:\\\/\\\/likeink.com\\\/sv\\\/gnuggisar\\\/blackout-tatuering\\\/#primaryimage\"},\"image\":{\"@id\":\"https:\\\/\\\/likeink.com\\\/sv\\\/gnuggisar\\\/blackout-tatuering\\\/#primaryimage\"},\"thumbnailUrl\":\"https:\\\/\\\/likeink.com\\\/wp-content\\\/uploads\\\/2023\\\/10\\\/Blackout-Fake-Tattoo-Likeink.jpg\",\"datePublished\":\"2023-10-10T13:14:52+00:00\",\"dateModified\":\"2026-04-14T13:14:07+00:00\",\"description\":\"Blackout tatuering som h\u00e5ller i upp till en vecka. Helt svart A5 ark som \u00e4r enkel att applicera om du vill haka p\u00e5 Blackout-trenden. - Like ink\",\"breadcrumb\":{\"@id\":\"https:\\\/\\\/likeink.com\\\/sv\\\/gnuggisar\\\/blackout-tatuering\\\/#breadcrumb\"},\"inLanguage\":\"sv-SE\",\"potentialAction\":[{\"@type\":\"ReadAction\",\"target\":[\"https:\\\/\\\/likeink.com\\\/sv\\\/gnuggisar\\\/blackout-tatuering\\\/\"]}]},{\"@type\":\"ImageObject\",\"inLanguage\":\"sv-SE\",\"@id\":\"https:\\\/\\\/likeink.com\\\/sv\\\/gnuggisar\\\/blackout-tatuering\\\/#primaryimage\",\"url\":\"https:\\\/\\\/likeink.com\\\/wp-content\\\/uploads\\\/2023\\\/10\\\/Blackout-Fake-Tattoo-Likeink.jpg\",\"contentUrl\":\"https:\\\/\\\/likeink.com\\\/wp-content\\\/uploads\\\/2023\\\/10\\\/Blackout-Fake-Tattoo-Likeink.jpg\",\"width\":1000,\"height\":704,\"caption\":\"\\\"BlackOut\\\" \u2013 Ett dj\u00e4rvt och unikt faketatueringark fr\u00e5n Like ink.\"},{\"@type\":\"BreadcrumbList\",\"@id\":\"https:\\\/\\\/likeink.com\\\/sv\\\/gnuggisar\\\/blackout-tatuering\\\/#breadcrumb\",\"itemListElement\":[{\"@type\":\"ListItem\",\"position\":1,\"name\":\"Hem\",\"item\":\"https:\\\/\\\/likeink.com\\\/sv\\\/\"},{\"@type\":\"ListItem\",\"position\":2,\"name\":\"Webbutik\",\"item\":\"https:\\\/\\\/likeink.com\\\/sv\\\/webbutik\\\/\"},{\"@type\":\"ListItem\",\"position\":3,\"name\":\"Blackout tatuering\"}]},{\"@type\":\"WebSite\",\"@id\":\"https:\\\/\\\/likeink.com\\\/sv\\\/#website\",\"url\":\"https:\\\/\\\/likeink.com\\\/sv\\\/\",\"name\":\"Like ink\",\"description\":\"Make your own custom design\",\"potentialAction\":[{\"@type\":\"SearchAction\",\"target\":{\"@type\":\"EntryPoint\",\"urlTemplate\":\"https:\\\/\\\/likeink.com\\\/sv\\\/?s={search_term_string}\"},\"query-input\":{\"@type\":\"PropertyValueSpecification\",\"valueRequired\":true,\"valueName\":\"search_term_string\"}}],\"inLanguage\":\"sv-SE\"}]}<\/script>\n<!-- \/ Yoast SEO Premium plugin. -->","yoast_head_json":{"title":"Blackout tatuering I Svart stor Blackout fake-tatuering - Like ink","description":"Blackout tatuering som h\u00e5ller i upp till en vecka. Helt svart A5 ark som \u00e4r enkel att applicera om du vill haka p\u00e5 Blackout-trenden. - Like ink","robots":{"index":"index","follow":"follow","max-snippet":"max-snippet:-1","max-image-preview":"max-image-preview:large","max-video-preview":"max-video-preview:-1"},"canonical":"https:\/\/likeink.com\/sv\/gnuggisar\/blackout-tatuering\/","og_locale":"sv_SE","og_type":"article","og_title":"Blackout tatuering","og_description":"Dyk ner i den djupaste sv\u00e4rta med Like inks \"Blackout Tatuering:s ark\". Denna produkt \u00e4r designad f\u00f6r att ge alla m\u00f6jlighet att haka p\u00e5 den samtida tatueringstrenden BlackOut, utan att beh\u00f6va g\u00f6ra ett permanent val. Like inks faketatueringar \u00e4r dermatologiskt testade, vilket garanterar en s\u00e4ker och skonsam upplevelse f\u00f6r din hud. Dessutom \u00e4r v\u00e5ra tatueringar otroligt enkla att applicera, s\u00e5 att du snabbt kan visa upp och \u00e4ven tv\u00e4tta bort upp din nya stil. Like inks version av en Blackout tatuering, ett kolsvart ark d\u00e4r hela ytan fungerar som en fake-tatuering. Klipp och klistra ihop olika m\u00f6nster eller t\u00e4ck en st\u00f6rre yta med denna Blackout tatuering. Om BlackOut Tatueringar: Blackout \u00e4r en tatueringsstil f\u00f6r n\u00e4r man tatuerar en hel kroppsdel helt svart, det kan vara en svart arm, ett svart ben eller en svart halstatuering. Det \u00e4r vanligt att man ist\u00e4llet f\u00f6r att ta bort en tatuering med laser tatuerar \u00f6ver den gamla tatueringen med enbart svart f\u00e4rg och pl\u00f6tsligt v\u00e4xte en ny snabbt v\u00e4xande tatueringstrend fram. Sj\u00e4lva tatueringen kan vara helt svart eller m\u00f6nstrad.  BlackOut-tatueringar har under senare \u00e5r vuxit fram som en stark konstform och stil inom tatueringsv\u00e4rlden. Detta \u00e4r mer \u00e4n bara en massiv svart markering p\u00e5 huden; det \u00e4r ett dj\u00e4rvt uttalande, en reflektion av ens inre k\u00e4nslor, och en hyllning till kraften i det simpla. M\u00e5nga v\u00e4ljer BlackOut-tatueringar f\u00f6r att t\u00e4cka \u00e4ldre tatueringar och b\u00f6rja p\u00e5 ny kula, medan andra ser det som ett meditativt val, en p\u00e5minnelse om renhet, enighet och gr\u00e4nsl\u00f6shet.  Med Like inks \"BlackOut\" A5-ark kan du n\u00e4rma dig denna kraftfulla konstform p\u00e5 dina egna villkor. Uppt\u00e4ck sk\u00f6nheten i enkelheten och den dj\u00e4rva kontrasten av BlackOut p\u00e5 din hud, utan det permanenta \u00e5tagandet.  Vi tyckte det var lite roligt att ta fram ett helt svart ark, i f\u00f6rsta anblick ser det ju riktigt tr\u00e5kigt ut men det g\u00e5r enkelt att skapa h\u00e4ftiga m\u00f6nster och tribals med hj\u00e4lp av din fantasi och en sax.  Storlek: A5: 196X140mm.","og_url":"https:\/\/likeink.com\/sv\/gnuggisar\/blackout-tatuering\/","og_site_name":"Like ink","article_publisher":"https:\/\/www.facebook.com\/LikeInkSe","article_modified_time":"2026-04-14T13:14:07+00:00","og_image":[{"width":1000,"height":704,"url":"https:\/\/likeink.com\/wp-content\/uploads\/2023\/10\/Blackout-Fake-Tattoo-Likeink.jpg","type":"image\/jpeg"}],"twitter_card":"summary_large_image","schema":{"@context":"https:\/\/schema.org","@graph":[{"@type":"WebPage","@id":"https:\/\/likeink.com\/sv\/gnuggisar\/blackout-tatuering\/","url":"https:\/\/likeink.com\/sv\/gnuggisar\/blackout-tatuering\/","name":"Blackout tatuering I Svart stor Blackout fake-tatuering - Like ink","isPartOf":{"@id":"https:\/\/likeink.com\/sv\/#website"},"primaryImageOfPage":{"@id":"https:\/\/likeink.com\/sv\/gnuggisar\/blackout-tatuering\/#primaryimage"},"image":{"@id":"https:\/\/likeink.com\/sv\/gnuggisar\/blackout-tatuering\/#primaryimage"},"thumbnailUrl":"https:\/\/likeink.com\/wp-content\/uploads\/2023\/10\/Blackout-Fake-Tattoo-Likeink.jpg","datePublished":"2023-10-10T13:14:52+00:00","dateModified":"2026-04-14T13:14:07+00:00","description":"Blackout tatuering som h\u00e5ller i upp till en vecka. Helt svart A5 ark som \u00e4r enkel att applicera om du vill haka p\u00e5 Blackout-trenden. - Like ink","breadcrumb":{"@id":"https:\/\/likeink.com\/sv\/gnuggisar\/blackout-tatuering\/#breadcrumb"},"inLanguage":"sv-SE","potentialAction":[{"@type":"ReadAction","target":["https:\/\/likeink.com\/sv\/gnuggisar\/blackout-tatuering\/"]}]},{"@type":"ImageObject","inLanguage":"sv-SE","@id":"https:\/\/likeink.com\/sv\/gnuggisar\/blackout-tatuering\/#primaryimage","url":"https:\/\/likeink.com\/wp-content\/uploads\/2023\/10\/Blackout-Fake-Tattoo-Likeink.jpg","contentUrl":"https:\/\/likeink.com\/wp-content\/uploads\/2023\/10\/Blackout-Fake-Tattoo-Likeink.jpg","width":1000,"height":704,"caption":"\"BlackOut\" \u2013 Ett dj\u00e4rvt och unikt faketatueringark fr\u00e5n Like ink."},{"@type":"BreadcrumbList","@id":"https:\/\/likeink.com\/sv\/gnuggisar\/blackout-tatuering\/#breadcrumb","itemListElement":[{"@type":"ListItem","position":1,"name":"Hem","item":"https:\/\/likeink.com\/sv\/"},{"@type":"ListItem","position":2,"name":"Webbutik","item":"https:\/\/likeink.com\/sv\/webbutik\/"},{"@type":"ListItem","position":3,"name":"Blackout tatuering"}]},{"@type":"WebSite","@id":"https:\/\/likeink.com\/sv\/#website","url":"https:\/\/likeink.com\/sv\/","name":"Like ink","description":"Make your own custom design","potentialAction":[{"@type":"SearchAction","target":{"@type":"EntryPoint","urlTemplate":"https:\/\/likeink.com\/sv\/?s={search_term_string}"},"query-input":{"@type":"PropertyValueSpecification","valueRequired":true,"valueName":"search_term_string"}}],"inLanguage":"sv-SE"}]}},"_links":{"self":[{"href":"https:\/\/likeink.com\/sv\/wp-json\/wp\/v2\/product\/22211","targetHints":{"allow":["GET"]}}],"collection":[{"href":"https:\/\/likeink.com\/sv\/wp-json\/wp\/v2\/product"}],"about":[{"href":"https:\/\/likeink.com\/sv\/wp-json\/wp\/v2\/types\/product"}],"wp:featuredmedia":[{"embeddable":true,"href":"https:\/\/likeink.com\/sv\/wp-json\/wp\/v2\/media\/22202"}],"wp:attachment":[{"href":"https:\/\/likeink.com\/sv\/wp-json\/wp\/v2\/media?parent=22211"}],"wp:term":[{"taxonomy":"product_brand","embeddable":true,"href":"https:\/\/likeink.com\/sv\/wp-json\/wp\/v2\/product_brand?post=22211"},{"taxonomy":"product_cat","embeddable":true,"href":"https:\/\/likeink.com\/sv\/wp-json\/wp\/v2\/product_cat?post=22211"},{"taxonomy":"product_tag","embeddable":true,"href":"https:\/\/likeink.com\/sv\/wp-json\/wp\/v2\/product_tag?post=22211"}],"curies":[{"name":"wp","href":"https:\/\/api.w.org\/{rel}","templated":true}]}}