{"id":2229,"date":"2019-11-25T13:17:54","date_gmt":"2019-11-25T13:17:54","guid":{"rendered":"https:\/\/likeink.se\/?post_type=product&#038;p=2229"},"modified":"2026-04-14T14:03:26","modified_gmt":"2026-04-14T14:03:26","slug":"nyarsfest-tatueringar","status":"publish","type":"product","link":"https:\/\/likeink.com\/sv\/gnuggisar\/nyarsfest-tatueringar\/","title":{"rendered":"Ny\u00e5rsfest-tatueringar"},"content":{"rendered":"","protected":false},"excerpt":{"rendered":"<p>Gott nytt \u00e5r alla! H\u00e4r har ni Like inks version av en lyckad ny\u00e5rsfest, ett ark fyllt med ny\u00e5rsfest-tatueringar. Gnuggisar skapar gemenskap och extra festst\u00e4mning p\u00e5 festen och \u00e4r ett &#8220;must have&#8221; just p\u00e5 ny\u00e5r!<\/p>\n<h2>Gnuggistatueringar med motiv av f\u00f6r ny\u00e5rsfest<\/h2>\n<p>Klustret med svarta stj\u00e4rnor \u00e4r perfekt att ha \u00f6ver n\u00e4sa och kinder.<\/p>\n<p>V\u00e5ra f\u00e4rdiga ark med eng\u00e5ngstatueringar \u00e4r cirka 20\u00d715 cm stora och fyllda med designen du ser p\u00e5 bilden. Vi trycker och skickar vi ditt ark med eng\u00e5ngstatueringar inom 24 timmar efter det att du best\u00e4llt.<\/p>\n<p>Antal motiv: 15<br \/>\nStorlek: Alla svarta stj\u00e4rnor \u00e4r 16X4.5 cm.<\/p>\n","protected":false},"featured_media":34066,"template":"","meta":[],"product_brand":[],"product_cat":[17,490],"product_tag":[],"class_list":{"0":"post-2229","1":"product","2":"type-product","3":"status-publish","4":"has-post-thumbnail","6":"product_cat-fardiga-ark","7":"product_cat-maskerad-sasong","9":"first","10":"instock","11":"taxable","12":"shipping-taxable","13":"purchasable","14":"product-type-simple"},"yoast_head":"<!-- This site is optimized with the Yoast SEO Premium plugin v26.2 (Yoast SEO v27.5) - https:\/\/yoast.com\/product\/yoast-seo-premium-wordpress\/ -->\n<title>Ny\u00e5rsfest tatueringar | Snabb leverans A5-ark - Like ink<\/title>\n<meta name=\"description\" content=\"K\u00f6p egndesignade eller f\u00e4rdiga tatueringar till ny\u00e5rsfesten. Festtatueringar \u00e4r kul och du best\u00e4ller enkelt gnuggisar av oss p\u00e5 Like ink. - Like ink\" \/>\n<meta name=\"robots\" content=\"index, follow, max-snippet:-1, max-image-preview:large, max-video-preview:-1\" \/>\n<link rel=\"canonical\" href=\"https:\/\/likeink.com\/sv\/gnuggisar\/nyarsfest-tatueringar\/\" \/>\n<meta property=\"og:locale\" content=\"sv_SE\" \/>\n<meta property=\"og:type\" content=\"article\" \/>\n<meta property=\"og:title\" content=\"Ny\u00e5rsfest-tatueringar\" \/>\n<meta property=\"og:description\" content=\"Gott nytt \u00e5r alla! H\u00e4r har ni Like inks version av en lyckad ny\u00e5rsfest, ett ark fyllt med ny\u00e5rsfest-tatueringar. Gnuggisar skapar gemenskap och extra festst\u00e4mning p\u00e5 festen och \u00e4r ett &quot;must have&quot; just p\u00e5 ny\u00e5r! Gnuggistatueringar med motiv av f\u00f6r ny\u00e5rsfest Klustret med svarta stj\u00e4rnor \u00e4r perfekt att ha \u00f6ver n\u00e4sa och kinder.  V\u00e5ra f\u00e4rdiga ark med eng\u00e5ngstatueringar \u00e4r cirka 20\u00d715 cm stora och fyllda med designen du ser p\u00e5 bilden. Vi trycker och skickar vi ditt ark med eng\u00e5ngstatueringar inom 24 timmar efter det att du best\u00e4llt.  Antal motiv: 15 Storlek: Alla svarta stj\u00e4rnor \u00e4r 16X4.5 cm.\" \/>\n<meta property=\"og:url\" content=\"https:\/\/likeink.com\/sv\/gnuggisar\/nyarsfest-tatueringar\/\" \/>\n<meta property=\"og:site_name\" content=\"Like ink\" \/>\n<meta property=\"article:publisher\" content=\"https:\/\/www.facebook.com\/LikeInkSe\" \/>\n<meta property=\"article:modified_time\" content=\"2026-04-14T14:03:26+00:00\" \/>\n<meta property=\"og:image\" content=\"https:\/\/likeink.com\/wp-content\/uploads\/2024\/11\/2025-nyar-design-likeink-gnuggisar.png\" \/>\n\t<meta property=\"og:image:width\" content=\"1418\" \/>\n\t<meta property=\"og:image:height\" content=\"1000\" \/>\n\t<meta property=\"og:image:type\" content=\"image\/png\" \/>\n<meta name=\"twitter:card\" content=\"summary_large_image\" \/>\n<meta name=\"twitter:label1\" content=\"Ber\u00e4knad l\u00e4stid\" \/>\n\t<meta name=\"twitter:data1\" content=\"1 minut\" \/>\n<!-- \/ Yoast SEO Premium plugin. -->","yoast_head_json":{"title":"Ny\u00e5rsfest tatueringar | Snabb leverans A5-ark - Like ink","description":"K\u00f6p egndesignade eller f\u00e4rdiga tatueringar till ny\u00e5rsfesten. Festtatueringar \u00e4r kul och du best\u00e4ller enkelt gnuggisar av oss p\u00e5 Like ink. - Like ink","robots":{"index":"index","follow":"follow","max-snippet":"max-snippet:-1","max-image-preview":"max-image-preview:large","max-video-preview":"max-video-preview:-1"},"canonical":"https:\/\/likeink.com\/sv\/gnuggisar\/nyarsfest-tatueringar\/","og_locale":"sv_SE","og_type":"article","og_title":"Ny\u00e5rsfest-tatueringar","og_description":"Gott nytt \u00e5r alla! H\u00e4r har ni Like inks version av en lyckad ny\u00e5rsfest, ett ark fyllt med ny\u00e5rsfest-tatueringar. Gnuggisar skapar gemenskap och extra festst\u00e4mning p\u00e5 festen och \u00e4r ett \"must have\" just p\u00e5 ny\u00e5r! Gnuggistatueringar med motiv av f\u00f6r ny\u00e5rsfest Klustret med svarta stj\u00e4rnor \u00e4r perfekt att ha \u00f6ver n\u00e4sa och kinder.  V\u00e5ra f\u00e4rdiga ark med eng\u00e5ngstatueringar \u00e4r cirka 20\u00d715 cm stora och fyllda med designen du ser p\u00e5 bilden. Vi trycker och skickar vi ditt ark med eng\u00e5ngstatueringar inom 24 timmar efter det att du best\u00e4llt.  Antal motiv: 15 Storlek: Alla svarta stj\u00e4rnor \u00e4r 16X4.5 cm.","og_url":"https:\/\/likeink.com\/sv\/gnuggisar\/nyarsfest-tatueringar\/","og_site_name":"Like ink","article_publisher":"https:\/\/www.facebook.com\/LikeInkSe","article_modified_time":"2026-04-14T14:03:26+00:00","og_image":[{"width":1418,"height":1000,"url":"https:\/\/likeink.com\/wp-content\/uploads\/2024\/11\/2025-nyar-design-likeink-gnuggisar.png","type":"image\/png"}],"twitter_card":"summary_large_image","twitter_misc":{"Ber\u00e4knad l\u00e4stid":"1 minut"},"schema":{"@context":"https:\/\/schema.org","@graph":[{"@type":"WebPage","@id":"https:\/\/likeink.com\/sv\/gnuggisar\/nyarsfest-tatueringar\/","url":"https:\/\/likeink.com\/sv\/gnuggisar\/nyarsfest-tatueringar\/","name":"Ny\u00e5rsfest tatueringar | Snabb leverans A5-ark - Like ink","isPartOf":{"@id":"https:\/\/likeink.com\/sv\/#website"},"primaryImageOfPage":{"@id":"https:\/\/likeink.com\/sv\/gnuggisar\/nyarsfest-tatueringar\/#primaryimage"},"image":{"@id":"https:\/\/likeink.com\/sv\/gnuggisar\/nyarsfest-tatueringar\/#primaryimage"},"thumbnailUrl":"https:\/\/likeink.com\/wp-content\/uploads\/2024\/11\/2025-nyar-design-likeink-gnuggisar.png","datePublished":"2019-11-25T13:17:54+00:00","dateModified":"2026-04-14T14:03:26+00:00","description":"K\u00f6p egndesignade eller f\u00e4rdiga tatueringar till ny\u00e5rsfesten. Festtatueringar \u00e4r kul och du best\u00e4ller enkelt gnuggisar av oss p\u00e5 Like ink. - Like ink","breadcrumb":{"@id":"https:\/\/likeink.com\/sv\/gnuggisar\/nyarsfest-tatueringar\/#breadcrumb"},"inLanguage":"sv-SE","potentialAction":[{"@type":"ReadAction","target":["https:\/\/likeink.com\/sv\/gnuggisar\/nyarsfest-tatueringar\/"]}]},{"@type":"ImageObject","inLanguage":"sv-SE","@id":"https:\/\/likeink.com\/sv\/gnuggisar\/nyarsfest-tatueringar\/#primaryimage","url":"https:\/\/likeink.com\/wp-content\/uploads\/2024\/11\/2025-nyar-design-likeink-gnuggisar.png","contentUrl":"https:\/\/likeink.com\/wp-content\/uploads\/2024\/11\/2025-nyar-design-likeink-gnuggisar.png","width":1418,"height":1000,"caption":"New Year Temporary Tattoos"},{"@type":"BreadcrumbList","@id":"https:\/\/likeink.com\/sv\/gnuggisar\/nyarsfest-tatueringar\/#breadcrumb","itemListElement":[{"@type":"ListItem","position":1,"name":"Hem","item":"https:\/\/likeink.com\/sv\/"},{"@type":"ListItem","position":2,"name":"Webbutik","item":"https:\/\/likeink.com\/sv\/webbutik\/"},{"@type":"ListItem","position":3,"name":"Ny\u00e5rsfest-tatueringar"}]},{"@type":"WebSite","@id":"https:\/\/likeink.com\/sv\/#website","url":"https:\/\/likeink.com\/sv\/","name":"Like ink","description":"Make your own custom design","potentialAction":[{"@type":"SearchAction","target":{"@type":"EntryPoint","urlTemplate":"https:\/\/likeink.com\/sv\/?s={search_term_string}"},"query-input":{"@type":"PropertyValueSpecification","valueRequired":true,"valueName":"search_term_string"}}],"inLanguage":"sv-SE"}]}},"_links":{"self":[{"href":"https:\/\/likeink.com\/sv\/wp-json\/wp\/v2\/product\/2229","targetHints":{"allow":["GET"]}}],"collection":[{"href":"https:\/\/likeink.com\/sv\/wp-json\/wp\/v2\/product"}],"about":[{"href":"https:\/\/likeink.com\/sv\/wp-json\/wp\/v2\/types\/product"}],"wp:featuredmedia":[{"embeddable":true,"href":"https:\/\/likeink.com\/sv\/wp-json\/wp\/v2\/media\/34066"}],"wp:attachment":[{"href":"https:\/\/likeink.com\/sv\/wp-json\/wp\/v2\/media?parent=2229"}],"wp:term":[{"taxonomy":"product_brand","embeddable":true,"href":"https:\/\/likeink.com\/sv\/wp-json\/wp\/v2\/product_brand?post=2229"},{"taxonomy":"product_cat","embeddable":true,"href":"https:\/\/likeink.com\/sv\/wp-json\/wp\/v2\/product_cat?post=2229"},{"taxonomy":"product_tag","embeddable":true,"href":"https:\/\/likeink.com\/sv\/wp-json\/wp\/v2\/product_tag?post=2229"}],"curies":[{"name":"wp","href":"https:\/\/api.w.org\/{rel}","templated":true}]}}