{"id":24190,"date":"2024-01-11T20:48:57","date_gmt":"2024-01-11T20:48:57","guid":{"rendered":"https:\/\/likeink.se\/?post_type=product&#038;p=24190"},"modified":"2026-04-15T11:32:19","modified_gmt":"2026-04-15T11:32:19","slug":"vallmo-blomma-tatueringar","status":"publish","type":"product","link":"https:\/\/likeink.com\/sv\/gnuggisar\/vallmo-blomma-tatueringar\/","title":{"rendered":"Flash &#8220;Vallmo blomma tatueringar&#8221; av Malin Carper"},"content":{"rendered":"","protected":false},"excerpt":{"rendered":"<p>Like inks f\u00e4rdiga ark med tempor\u00e4ra tatueringar \u00e4r cirka 20\u00d714 cm stora och fyllda med designen du ser p\u00e5 bilden. Vi trycker och skickar ditt ark med tatueringar inom 24 timmar efter det att du best\u00e4llt.<\/p>\n<h2>Best\u00e4ll faketatueringar i abstrakt akvarell-stil, Vallmo blomma tatueringar och ros designade av tatueraren Malin Carper.<\/h2>\n<p>Det h\u00e4r arket \u00e4r designat av den talangfulla tatueraren Malin Carper p\u00e5 Bad Mood Tattoo i Helsingborg. Superkul att kunna erbjuda tatueringskonst fr\u00e5n Malin som \u00e4r en av dom grymmaste tatueraren vi sett! Best\u00e4ll ett ark gnuggisar f\u00f6r att b\u00e4ra hennes konst f\u00f6r ett par dagar och \u00e4r du sugen p\u00e5 en riktig gadd, kolla in Malins Instagram eller hemsida.<\/p>\n<p><strong>Detta \u00e4r Malin:<\/strong> Jag heter Malin Carper och \u00e4r ursprungligen fr\u00e5n Arboga. Nu jobbar jag p\u00e5 Bad Mood Tattoo i Helsingborg. Jag jobbar helst i f\u00e4rgrealism med en touch av abstrakt.<br \/>\nJag har varit i tatueringsbranschen sedan 2010 och under alla dessa \u00e5r har jag rest mycket till en massa sp\u00e4nnande platser. Jag har g\u00e4stjobbat hos duktiga andra tatuerare, tatuerat p\u00e5 tatueringsm\u00e4ssor, tatuerat musiker och jag har tr\u00e4ffat massor av goda v\u00e4nner! Jag hade inte kunnat \u00f6nskat mig n\u00e5got b\u00e4ttre fr\u00e5n tatueringsyrket! Hoppas ni gillar mina fina flashar av Vallmo och Ros, vissa av dom tatueringarna har jag tatuerat.<\/p>\n<p>Ha de` b\u00e4st,<\/p>\n<p>Malin<\/p>\n<p><strong>Storlek ark:<\/strong> A5<br \/>\n<strong>Storlek tatueringar:<\/strong> 6-13 cm<\/p>\n<p><strong>Kom i kontakt med Malin:<\/strong><\/p>\n<p><strong>Instagram:<\/strong><\/p>\n<p>@malincarper<\/p>\n<p><strong>Studio:<\/strong><\/p>\n<p>Bad Mood Tattoo<\/p>\n<p><strong>Adress:<\/strong><\/p>\n<p>Nedre L\u00e5ngvinkelsgatan 17, 25220 Helsingborg<\/p>\n<p><strong>Hemsida:<\/strong><\/p>\n<p>carperink.se<\/p>\n","protected":false},"featured_media":24135,"template":"","meta":[],"product_brand":[],"product_cat":[488,17,491],"product_tag":[],"class_list":{"0":"post-24190","1":"product","2":"type-product","3":"status-publish","4":"has-post-thumbnail","6":"product_cat-djur-natur","7":"product_cat-fardiga-ark","8":"product_cat-samarbeten-tatuerare","10":"first","11":"instock","12":"taxable","13":"shipping-taxable","14":"purchasable","15":"product-type-simple"},"yoast_head":"<!-- This site is optimized with the Yoast SEO Premium plugin v26.2 (Yoast SEO v27.5) - https:\/\/yoast.com\/product\/yoast-seo-premium-wordpress\/ -->\n<title>Flash &quot;Vallmo blomma tatueringar&quot; av Malin Carper - Like ink<\/title>\n<meta name=\"description\" content=\"Vallmo blomma tatueringar som faketatueringar designade av Carper Ink. F\u00e4rgsprakande design av Vallmo och ros! Snabb leverans och fri frakt - Like ink\" \/>\n<meta name=\"robots\" content=\"index, follow, max-snippet:-1, max-image-preview:large, max-video-preview:-1\" \/>\n<link rel=\"canonical\" href=\"https:\/\/likeink.com\/sv\/gnuggisar\/vallmo-blomma-tatueringar\/\" \/>\n<meta property=\"og:locale\" content=\"sv_SE\" \/>\n<meta property=\"og:type\" content=\"article\" \/>\n<meta property=\"og:title\" content=\"Flash &quot;Vallmo blomma tatueringar&quot; av Malin Carper\" \/>\n<meta property=\"og:description\" content=\"Like inks f\u00e4rdiga ark med tempor\u00e4ra tatueringar \u00e4r cirka 20\u00d714 cm stora och fyllda med designen du ser p\u00e5 bilden. Vi trycker och skickar ditt ark med tatueringar inom 24 timmar efter det att du best\u00e4llt. Best\u00e4ll faketatueringar i abstrakt akvarell-stil, Vallmo blomma tatueringar och ros designade av tatueraren Malin Carper. Det h\u00e4r arket \u00e4r designat av den talangfulla tatueraren Malin Carper p\u00e5 Bad Mood Tattoo i Helsingborg. Superkul att kunna erbjuda tatueringskonst fr\u00e5n Malin som \u00e4r en av dom grymmaste tatueraren vi sett! Best\u00e4ll ett ark gnuggisar f\u00f6r att b\u00e4ra hennes konst f\u00f6r ett par dagar och \u00e4r du sugen p\u00e5 en riktig gadd, kolla in Malins Instagram eller hemsida.  Detta \u00e4r Malin: Jag heter Malin Carper och \u00e4r ursprungligen fr\u00e5n Arboga. Nu jobbar jag p\u00e5 Bad Mood Tattoo i Helsingborg. Jag jobbar helst i f\u00e4rgrealism med en touch av abstrakt. Jag har varit i tatueringsbranschen sedan 2010 och under alla dessa \u00e5r har jag rest mycket till en massa sp\u00e4nnande platser. Jag har g\u00e4stjobbat hos duktiga andra tatuerare, tatuerat p\u00e5 tatueringsm\u00e4ssor, tatuerat musiker och jag har tr\u00e4ffat massor av goda v\u00e4nner! Jag hade inte kunnat \u00f6nskat mig n\u00e5got b\u00e4ttre fr\u00e5n tatueringsyrket! Hoppas ni gillar mina fina flashar av Vallmo och Ros, vissa av dom tatueringarna har jag tatuerat.  Ha de` b\u00e4st,  Malin  Storlek ark: A5 Storlek tatueringar: 6-13 cm  Kom i kontakt med Malin:  Instagram:  @malincarper  Studio:  Bad Mood Tattoo  Adress:  Nedre L\u00e5ngvinkelsgatan 17, 25220 Helsingborg  Hemsida:  carperink.se\" \/>\n<meta property=\"og:url\" content=\"https:\/\/likeink.com\/sv\/gnuggisar\/vallmo-blomma-tatueringar\/\" \/>\n<meta property=\"og:site_name\" content=\"Like ink\" \/>\n<meta property=\"article:publisher\" content=\"https:\/\/www.facebook.com\/LikeInkSe\" \/>\n<meta property=\"article:modified_time\" content=\"2026-04-15T11:32:19+00:00\" \/>\n<meta property=\"og:image\" content=\"https:\/\/likeink.com\/wp-content\/uploads\/2024\/01\/MalinCarper-Poppy-Flower-Tattoos-Likeink.jpg\" \/>\n\t<meta property=\"og:image:width\" content=\"1985\" \/>\n\t<meta property=\"og:image:height\" content=\"1400\" \/>\n\t<meta property=\"og:image:type\" content=\"image\/jpeg\" \/>\n<meta name=\"twitter:card\" content=\"summary_large_image\" \/>\n<meta name=\"twitter:label1\" content=\"Ber\u00e4knad l\u00e4stid\" \/>\n\t<meta name=\"twitter:data1\" content=\"1 minut\" \/>\n<!-- \/ Yoast SEO Premium plugin. -->","yoast_head_json":{"title":"Flash \"Vallmo blomma tatueringar\" av Malin Carper - Like ink","description":"Vallmo blomma tatueringar som faketatueringar designade av Carper Ink. F\u00e4rgsprakande design av Vallmo och ros! Snabb leverans och fri frakt - Like ink","robots":{"index":"index","follow":"follow","max-snippet":"max-snippet:-1","max-image-preview":"max-image-preview:large","max-video-preview":"max-video-preview:-1"},"canonical":"https:\/\/likeink.com\/sv\/gnuggisar\/vallmo-blomma-tatueringar\/","og_locale":"sv_SE","og_type":"article","og_title":"Flash \"Vallmo blomma tatueringar\" av Malin Carper","og_description":"Like inks f\u00e4rdiga ark med tempor\u00e4ra tatueringar \u00e4r cirka 20\u00d714 cm stora och fyllda med designen du ser p\u00e5 bilden. Vi trycker och skickar ditt ark med tatueringar inom 24 timmar efter det att du best\u00e4llt. Best\u00e4ll faketatueringar i abstrakt akvarell-stil, Vallmo blomma tatueringar och ros designade av tatueraren Malin Carper. Det h\u00e4r arket \u00e4r designat av den talangfulla tatueraren Malin Carper p\u00e5 Bad Mood Tattoo i Helsingborg. Superkul att kunna erbjuda tatueringskonst fr\u00e5n Malin som \u00e4r en av dom grymmaste tatueraren vi sett! Best\u00e4ll ett ark gnuggisar f\u00f6r att b\u00e4ra hennes konst f\u00f6r ett par dagar och \u00e4r du sugen p\u00e5 en riktig gadd, kolla in Malins Instagram eller hemsida.  Detta \u00e4r Malin: Jag heter Malin Carper och \u00e4r ursprungligen fr\u00e5n Arboga. Nu jobbar jag p\u00e5 Bad Mood Tattoo i Helsingborg. Jag jobbar helst i f\u00e4rgrealism med en touch av abstrakt. Jag har varit i tatueringsbranschen sedan 2010 och under alla dessa \u00e5r har jag rest mycket till en massa sp\u00e4nnande platser. Jag har g\u00e4stjobbat hos duktiga andra tatuerare, tatuerat p\u00e5 tatueringsm\u00e4ssor, tatuerat musiker och jag har tr\u00e4ffat massor av goda v\u00e4nner! Jag hade inte kunnat \u00f6nskat mig n\u00e5got b\u00e4ttre fr\u00e5n tatueringsyrket! Hoppas ni gillar mina fina flashar av Vallmo och Ros, vissa av dom tatueringarna har jag tatuerat.  Ha de` b\u00e4st,  Malin  Storlek ark: A5 Storlek tatueringar: 6-13 cm  Kom i kontakt med Malin:  Instagram:  @malincarper  Studio:  Bad Mood Tattoo  Adress:  Nedre L\u00e5ngvinkelsgatan 17, 25220 Helsingborg  Hemsida:  carperink.se","og_url":"https:\/\/likeink.com\/sv\/gnuggisar\/vallmo-blomma-tatueringar\/","og_site_name":"Like ink","article_publisher":"https:\/\/www.facebook.com\/LikeInkSe","article_modified_time":"2026-04-15T11:32:19+00:00","og_image":[{"width":1985,"height":1400,"url":"https:\/\/likeink.com\/wp-content\/uploads\/2024\/01\/MalinCarper-Poppy-Flower-Tattoos-Likeink.jpg","type":"image\/jpeg"}],"twitter_card":"summary_large_image","twitter_misc":{"Ber\u00e4knad l\u00e4stid":"1 minut"},"schema":{"@context":"https:\/\/schema.org","@graph":[{"@type":"WebPage","@id":"https:\/\/likeink.com\/sv\/gnuggisar\/vallmo-blomma-tatueringar\/","url":"https:\/\/likeink.com\/sv\/gnuggisar\/vallmo-blomma-tatueringar\/","name":"Flash \"Vallmo blomma tatueringar\" av Malin Carper - Like ink","isPartOf":{"@id":"https:\/\/likeink.com\/sv\/#website"},"primaryImageOfPage":{"@id":"https:\/\/likeink.com\/sv\/gnuggisar\/vallmo-blomma-tatueringar\/#primaryimage"},"image":{"@id":"https:\/\/likeink.com\/sv\/gnuggisar\/vallmo-blomma-tatueringar\/#primaryimage"},"thumbnailUrl":"https:\/\/likeink.com\/wp-content\/uploads\/2024\/01\/MalinCarper-Poppy-Flower-Tattoos-Likeink.jpg","datePublished":"2024-01-11T20:48:57+00:00","dateModified":"2026-04-15T11:32:19+00:00","description":"Vallmo blomma tatueringar som faketatueringar designade av Carper Ink. F\u00e4rgsprakande design av Vallmo och ros! Snabb leverans och fri frakt - Like ink","breadcrumb":{"@id":"https:\/\/likeink.com\/sv\/gnuggisar\/vallmo-blomma-tatueringar\/#breadcrumb"},"inLanguage":"sv-SE","potentialAction":[{"@type":"ReadAction","target":["https:\/\/likeink.com\/sv\/gnuggisar\/vallmo-blomma-tatueringar\/"]}]},{"@type":"ImageObject","inLanguage":"sv-SE","@id":"https:\/\/likeink.com\/sv\/gnuggisar\/vallmo-blomma-tatueringar\/#primaryimage","url":"https:\/\/likeink.com\/wp-content\/uploads\/2024\/01\/MalinCarper-Poppy-Flower-Tattoos-Likeink.jpg","contentUrl":"https:\/\/likeink.com\/wp-content\/uploads\/2024\/01\/MalinCarper-Poppy-Flower-Tattoos-Likeink.jpg","width":1985,"height":1400,"caption":"Vallmoblommor tatueringar, vallmo tatuering som tempor\u00e4r tatuering"},{"@type":"BreadcrumbList","@id":"https:\/\/likeink.com\/sv\/gnuggisar\/vallmo-blomma-tatueringar\/#breadcrumb","itemListElement":[{"@type":"ListItem","position":1,"name":"Hem","item":"https:\/\/likeink.com\/sv\/"},{"@type":"ListItem","position":2,"name":"Webbutik","item":"https:\/\/likeink.com\/sv\/webbutik\/"},{"@type":"ListItem","position":3,"name":"Flash &#8220;Vallmo blomma tatueringar&#8221; av Malin Carper"}]},{"@type":"WebSite","@id":"https:\/\/likeink.com\/sv\/#website","url":"https:\/\/likeink.com\/sv\/","name":"Like ink","description":"Make your own custom design","potentialAction":[{"@type":"SearchAction","target":{"@type":"EntryPoint","urlTemplate":"https:\/\/likeink.com\/sv\/?s={search_term_string}"},"query-input":{"@type":"PropertyValueSpecification","valueRequired":true,"valueName":"search_term_string"}}],"inLanguage":"sv-SE"}]}},"_links":{"self":[{"href":"https:\/\/likeink.com\/sv\/wp-json\/wp\/v2\/product\/24190","targetHints":{"allow":["GET"]}}],"collection":[{"href":"https:\/\/likeink.com\/sv\/wp-json\/wp\/v2\/product"}],"about":[{"href":"https:\/\/likeink.com\/sv\/wp-json\/wp\/v2\/types\/product"}],"wp:featuredmedia":[{"embeddable":true,"href":"https:\/\/likeink.com\/sv\/wp-json\/wp\/v2\/media\/24135"}],"wp:attachment":[{"href":"https:\/\/likeink.com\/sv\/wp-json\/wp\/v2\/media?parent=24190"}],"wp:term":[{"taxonomy":"product_brand","embeddable":true,"href":"https:\/\/likeink.com\/sv\/wp-json\/wp\/v2\/product_brand?post=24190"},{"taxonomy":"product_cat","embeddable":true,"href":"https:\/\/likeink.com\/sv\/wp-json\/wp\/v2\/product_cat?post=24190"},{"taxonomy":"product_tag","embeddable":true,"href":"https:\/\/likeink.com\/sv\/wp-json\/wp\/v2\/product_tag?post=24190"}],"curies":[{"name":"wp","href":"https:\/\/api.w.org\/{rel}","templated":true}]}}