{"id":24227,"date":"2024-01-13T15:06:46","date_gmt":"2024-01-13T15:06:46","guid":{"rendered":"https:\/\/likeink.se\/?post_type=product&#038;p=24227"},"modified":"2026-04-14T13:54:31","modified_gmt":"2026-04-14T13:54:31","slug":"ballerina-tatueringar","status":"publish","type":"product","link":"https:\/\/likeink.com\/sv\/gnuggisar\/ballerina-tatueringar\/","title":{"rendered":"Ballerina Tatueringar av Angie Art"},"content":{"rendered":"","protected":false},"excerpt":{"rendered":"<p>Upplev sk\u00f6nheten i Angie Arts konstn\u00e4rliga v\u00e4rld med v\u00e5rt fina A5-ark fyllt med tolv tempor\u00e4ra tatueringar av ballerinor. Denna kollektion med illustrationer skildrar f\u00e4rgstarka tatueringar av ballerinor, var och en ett unikt konstverk skapat av den beg\u00e5vade Angelina Morsi, Angie Art. Perfekt f\u00f6r dig som vill uttrycka din kreativa sida eller experimentera med ett tillf\u00e4lligt konstverk p\u00e5 huden. L\u00e5t dig inspireras och f\u00f6rvandla din hud till ett r\u00f6rligt galleri med dessa konstn\u00e4rliga faketatueringar fr\u00e5n Like ink.<\/p>\n<h2>Best\u00e4ll gnuggistatueringar i form av \u00e4kta konst. H\u00e4r f\u00e5r du ett ark med tatueringar f\u00f6rest\u00e4llande ballerinor<\/h2>\n<p><strong>Om Angelina:<\/strong> En passionerad konstn\u00e4r i fr\u00e5n Stockholm.<br \/>\nHon har alltid varit kreativ och kommer ifr\u00e5n en kreativ familj d\u00e4r f\u00e4rg och form alltid uppmuntrats.<\/p>\n<p>Med en bakgrund som fris\u00f6r och d\u00e4refter m\u00e5nga \u00e5rs arbete inom finansbranschen hittade Angelina ett fantastiskt s\u00e4tt att koppla av p\u00e5 kv\u00e4llarna &#8211; genom att m\u00e5la.<br \/>\nSnabbt gick det att bygga upp en stor portf\u00f6lj med konst och kort d\u00e4refter hade hon startat ett bolag, sl\u00e4ppt tre kollektioner och b\u00f6rjade s\u00e4lja mer storskaligt under 2022 och 2023.<br \/>\nNu lever hon sin dr\u00f6m med en fot kvar i finansbranschen och den andra i konstv\u00e4rlden.<\/p>\n<p>Idag b\u00e5de m\u00e5lar hon och sl\u00e4pper kollektioner med produkter som brickor, kuddar och underl\u00e4gg som s\u00e4ljs av \u00e5terf\u00f6rs\u00e4ljare runt om i landet och nu \u00e4ntligen finns hennes konst som tatueringar hos oss p\u00e5 Like ink.<\/p>\n<p>Hennes konst \u00e4r abstrakt, f\u00e4rgstark, mycket naket med fokus p\u00e5 kvinnor. Det \u00e4r en tolkning av styrka och passion, och f\u00f6r Angelina \u00e4r det viktigt att f\u00f6rmedla gl\u00e4dje och positivitet i sin konst.<br \/>\nDe flesta k\u00e4nner igen Angelinas konst p\u00e5 de hj\u00e4rtformade l\u00e4pparna som framkommer i fler av hennes m\u00e5lningar.<br \/>\nAngelina h\u00e4mtar ofta sin inspiration fr\u00e5n vardagsmilj\u00f6er och intryck fr\u00e5n de senaste dagarna just d\u00e4r och d\u00e5.<\/p>\n<p><strong>Kontakt: <\/strong><br \/>\nFler projekt och samarbeten planeras de kommande \u00e5ren s\u00e5 h\u00e4ng med p\u00e5 Angelinas resa!<br \/>\n@angieart.se<\/p>\n<p><strong>Storlek ark:<\/strong> A5<br \/>\n<strong>Storlek Tatueringar:<\/strong> 4 cm<\/p>\n","protected":false},"featured_media":24156,"template":"","meta":[],"product_brand":[],"product_cat":[491,17,124],"product_tag":[],"class_list":{"0":"post-24227","1":"product","2":"type-product","3":"status-publish","4":"has-post-thumbnail","6":"product_cat-samarbeten-tatuerare","7":"product_cat-fardiga-ark","8":"product_cat-samarbeten-med-tatuerare","10":"first","11":"instock","12":"taxable","13":"shipping-taxable","14":"purchasable","15":"product-type-simple"},"yoast_head":"<!-- This site is optimized with the Yoast SEO Premium plugin v26.2 (Yoast SEO v27.4) - https:\/\/yoast.com\/product\/yoast-seo-premium-wordpress\/ -->\n<title>Ballerina Tatueringar av Angie Art - Like ink<\/title>\n<meta name=\"description\" content=\"Ballerina Tatueringar fr\u00e5n konstn\u00e4ren Angelina Morsi. Ark med tolv tecknade ballerinor med bakgrund i f\u00e4rg. Tempor\u00e4ra tatueringar - Like ink\" \/>\n<meta name=\"robots\" content=\"index, follow, max-snippet:-1, max-image-preview:large, max-video-preview:-1\" \/>\n<link rel=\"canonical\" href=\"https:\/\/likeink.com\/sv\/gnuggisar\/ballerina-tatueringar\/\" \/>\n<meta property=\"og:locale\" content=\"sv_SE\" \/>\n<meta property=\"og:type\" content=\"article\" \/>\n<meta property=\"og:title\" content=\"Ballerina Tatueringar av Angie Art\" \/>\n<meta property=\"og:description\" content=\"Upplev sk\u00f6nheten i Angie Arts konstn\u00e4rliga v\u00e4rld med v\u00e5rt fina A5-ark fyllt med tolv tempor\u00e4ra tatueringar av ballerinor. Denna kollektion med illustrationer skildrar f\u00e4rgstarka tatueringar av ballerinor, var och en ett unikt konstverk skapat av den beg\u00e5vade Angelina Morsi, Angie Art. Perfekt f\u00f6r dig som vill uttrycka din kreativa sida eller experimentera med ett tillf\u00e4lligt konstverk p\u00e5 huden. L\u00e5t dig inspireras och f\u00f6rvandla din hud till ett r\u00f6rligt galleri med dessa konstn\u00e4rliga faketatueringar fr\u00e5n Like ink. Best\u00e4ll gnuggistatueringar i form av \u00e4kta konst. H\u00e4r f\u00e5r du ett ark med tatueringar f\u00f6rest\u00e4llande ballerinor Om Angelina: En passionerad konstn\u00e4r i fr\u00e5n Stockholm. Hon har alltid varit kreativ och kommer ifr\u00e5n en kreativ familj d\u00e4r f\u00e4rg och form alltid uppmuntrats.  Med en bakgrund som fris\u00f6r och d\u00e4refter m\u00e5nga \u00e5rs arbete inom finansbranschen hittade Angelina ett fantastiskt s\u00e4tt att koppla av p\u00e5 kv\u00e4llarna - genom att m\u00e5la. Snabbt gick det att bygga upp en stor portf\u00f6lj med konst och kort d\u00e4refter hade hon startat ett bolag, sl\u00e4ppt tre kollektioner och b\u00f6rjade s\u00e4lja mer storskaligt under 2022 och 2023. Nu lever hon sin dr\u00f6m med en fot kvar i finansbranschen och den andra i konstv\u00e4rlden.  Idag b\u00e5de m\u00e5lar hon och sl\u00e4pper kollektioner med produkter som brickor, kuddar och underl\u00e4gg som s\u00e4ljs av \u00e5terf\u00f6rs\u00e4ljare runt om i landet och nu \u00e4ntligen finns hennes konst som tatueringar hos oss p\u00e5 Like ink.  Hennes konst \u00e4r abstrakt, f\u00e4rgstark, mycket naket med fokus p\u00e5 kvinnor. Det \u00e4r en tolkning av styrka och passion, och f\u00f6r Angelina \u00e4r det viktigt att f\u00f6rmedla gl\u00e4dje och positivitet i sin konst. De flesta k\u00e4nner igen Angelinas konst p\u00e5 de hj\u00e4rtformade l\u00e4pparna som framkommer i fler av hennes m\u00e5lningar. Angelina h\u00e4mtar ofta sin inspiration fr\u00e5n vardagsmilj\u00f6er och intryck fr\u00e5n de senaste dagarna just d\u00e4r och d\u00e5.  Kontakt:  Fler projekt och samarbeten planeras de kommande \u00e5ren s\u00e5 h\u00e4ng med p\u00e5 Angelinas resa! @angieart.se  Storlek ark: A5 Storlek Tatueringar: 4 cm\" \/>\n<meta property=\"og:url\" content=\"https:\/\/likeink.com\/sv\/gnuggisar\/ballerina-tatueringar\/\" \/>\n<meta property=\"og:site_name\" content=\"Like ink\" \/>\n<meta property=\"article:publisher\" content=\"https:\/\/www.facebook.com\/LikeInkSe\" \/>\n<meta property=\"article:modified_time\" content=\"2026-04-14T13:54:31+00:00\" \/>\n<meta property=\"og:image\" content=\"https:\/\/likeink.com\/wp-content\/uploads\/2024\/01\/AngieArt-Ballerina-Likeink.jpg\" \/>\n\t<meta property=\"og:image:width\" content=\"2481\" \/>\n\t<meta property=\"og:image:height\" content=\"1749\" \/>\n\t<meta property=\"og:image:type\" content=\"image\/jpeg\" \/>\n<meta name=\"twitter:card\" content=\"summary_large_image\" \/>\n<meta name=\"twitter:label1\" content=\"Ber\u00e4knad l\u00e4stid\" \/>\n\t<meta name=\"twitter:data1\" content=\"1 minut\" \/>\n<script type=\"application\/ld+json\" class=\"yoast-schema-graph\">{\"@context\":\"https:\\\/\\\/schema.org\",\"@graph\":[{\"@type\":\"WebPage\",\"@id\":\"https:\\\/\\\/likeink.com\\\/sv\\\/gnuggisar\\\/ballerina-tatueringar\\\/\",\"url\":\"https:\\\/\\\/likeink.com\\\/sv\\\/gnuggisar\\\/ballerina-tatueringar\\\/\",\"name\":\"Ballerina Tatueringar av Angie Art - Like ink\",\"isPartOf\":{\"@id\":\"https:\\\/\\\/likeink.com\\\/sv\\\/#website\"},\"primaryImageOfPage\":{\"@id\":\"https:\\\/\\\/likeink.com\\\/sv\\\/gnuggisar\\\/ballerina-tatueringar\\\/#primaryimage\"},\"image\":{\"@id\":\"https:\\\/\\\/likeink.com\\\/sv\\\/gnuggisar\\\/ballerina-tatueringar\\\/#primaryimage\"},\"thumbnailUrl\":\"https:\\\/\\\/likeink.com\\\/wp-content\\\/uploads\\\/2024\\\/01\\\/AngieArt-Ballerina-Likeink.jpg\",\"datePublished\":\"2024-01-13T15:06:46+00:00\",\"dateModified\":\"2026-04-14T13:54:31+00:00\",\"description\":\"Ballerina Tatueringar fr\u00e5n konstn\u00e4ren Angelina Morsi. Ark med tolv tecknade ballerinor med bakgrund i f\u00e4rg. Tempor\u00e4ra tatueringar - Like ink\",\"breadcrumb\":{\"@id\":\"https:\\\/\\\/likeink.com\\\/sv\\\/gnuggisar\\\/ballerina-tatueringar\\\/#breadcrumb\"},\"inLanguage\":\"sv-SE\",\"potentialAction\":[{\"@type\":\"ReadAction\",\"target\":[\"https:\\\/\\\/likeink.com\\\/sv\\\/gnuggisar\\\/ballerina-tatueringar\\\/\"]}]},{\"@type\":\"ImageObject\",\"inLanguage\":\"sv-SE\",\"@id\":\"https:\\\/\\\/likeink.com\\\/sv\\\/gnuggisar\\\/ballerina-tatueringar\\\/#primaryimage\",\"url\":\"https:\\\/\\\/likeink.com\\\/wp-content\\\/uploads\\\/2024\\\/01\\\/AngieArt-Ballerina-Likeink.jpg\",\"contentUrl\":\"https:\\\/\\\/likeink.com\\\/wp-content\\\/uploads\\\/2024\\\/01\\\/AngieArt-Ballerina-Likeink.jpg\",\"width\":2481,\"height\":1749,\"caption\":\"Samling av ballerinamotiv i fejktatueringar fr\u00e5n Like ink \u2013 Skapade av Angie Art med f\u00e4rgstark bakgrund.\"},{\"@type\":\"BreadcrumbList\",\"@id\":\"https:\\\/\\\/likeink.com\\\/sv\\\/gnuggisar\\\/ballerina-tatueringar\\\/#breadcrumb\",\"itemListElement\":[{\"@type\":\"ListItem\",\"position\":1,\"name\":\"Hem\",\"item\":\"https:\\\/\\\/likeink.com\\\/sv\\\/\"},{\"@type\":\"ListItem\",\"position\":2,\"name\":\"Webbutik\",\"item\":\"https:\\\/\\\/likeink.com\\\/sv\\\/webbutik\\\/\"},{\"@type\":\"ListItem\",\"position\":3,\"name\":\"Ballerina Tatueringar av Angie Art\"}]},{\"@type\":\"WebSite\",\"@id\":\"https:\\\/\\\/likeink.com\\\/sv\\\/#website\",\"url\":\"https:\\\/\\\/likeink.com\\\/sv\\\/\",\"name\":\"Like ink\",\"description\":\"Make your own custom design\",\"potentialAction\":[{\"@type\":\"SearchAction\",\"target\":{\"@type\":\"EntryPoint\",\"urlTemplate\":\"https:\\\/\\\/likeink.com\\\/sv\\\/?s={search_term_string}\"},\"query-input\":{\"@type\":\"PropertyValueSpecification\",\"valueRequired\":true,\"valueName\":\"search_term_string\"}}],\"inLanguage\":\"sv-SE\"}]}<\/script>\n<!-- \/ Yoast SEO Premium plugin. -->","yoast_head_json":{"title":"Ballerina Tatueringar av Angie Art - Like ink","description":"Ballerina Tatueringar fr\u00e5n konstn\u00e4ren Angelina Morsi. Ark med tolv tecknade ballerinor med bakgrund i f\u00e4rg. Tempor\u00e4ra tatueringar - Like ink","robots":{"index":"index","follow":"follow","max-snippet":"max-snippet:-1","max-image-preview":"max-image-preview:large","max-video-preview":"max-video-preview:-1"},"canonical":"https:\/\/likeink.com\/sv\/gnuggisar\/ballerina-tatueringar\/","og_locale":"sv_SE","og_type":"article","og_title":"Ballerina Tatueringar av Angie Art","og_description":"Upplev sk\u00f6nheten i Angie Arts konstn\u00e4rliga v\u00e4rld med v\u00e5rt fina A5-ark fyllt med tolv tempor\u00e4ra tatueringar av ballerinor. Denna kollektion med illustrationer skildrar f\u00e4rgstarka tatueringar av ballerinor, var och en ett unikt konstverk skapat av den beg\u00e5vade Angelina Morsi, Angie Art. Perfekt f\u00f6r dig som vill uttrycka din kreativa sida eller experimentera med ett tillf\u00e4lligt konstverk p\u00e5 huden. L\u00e5t dig inspireras och f\u00f6rvandla din hud till ett r\u00f6rligt galleri med dessa konstn\u00e4rliga faketatueringar fr\u00e5n Like ink. Best\u00e4ll gnuggistatueringar i form av \u00e4kta konst. H\u00e4r f\u00e5r du ett ark med tatueringar f\u00f6rest\u00e4llande ballerinor Om Angelina: En passionerad konstn\u00e4r i fr\u00e5n Stockholm. Hon har alltid varit kreativ och kommer ifr\u00e5n en kreativ familj d\u00e4r f\u00e4rg och form alltid uppmuntrats.  Med en bakgrund som fris\u00f6r och d\u00e4refter m\u00e5nga \u00e5rs arbete inom finansbranschen hittade Angelina ett fantastiskt s\u00e4tt att koppla av p\u00e5 kv\u00e4llarna - genom att m\u00e5la. Snabbt gick det att bygga upp en stor portf\u00f6lj med konst och kort d\u00e4refter hade hon startat ett bolag, sl\u00e4ppt tre kollektioner och b\u00f6rjade s\u00e4lja mer storskaligt under 2022 och 2023. Nu lever hon sin dr\u00f6m med en fot kvar i finansbranschen och den andra i konstv\u00e4rlden.  Idag b\u00e5de m\u00e5lar hon och sl\u00e4pper kollektioner med produkter som brickor, kuddar och underl\u00e4gg som s\u00e4ljs av \u00e5terf\u00f6rs\u00e4ljare runt om i landet och nu \u00e4ntligen finns hennes konst som tatueringar hos oss p\u00e5 Like ink.  Hennes konst \u00e4r abstrakt, f\u00e4rgstark, mycket naket med fokus p\u00e5 kvinnor. Det \u00e4r en tolkning av styrka och passion, och f\u00f6r Angelina \u00e4r det viktigt att f\u00f6rmedla gl\u00e4dje och positivitet i sin konst. De flesta k\u00e4nner igen Angelinas konst p\u00e5 de hj\u00e4rtformade l\u00e4pparna som framkommer i fler av hennes m\u00e5lningar. Angelina h\u00e4mtar ofta sin inspiration fr\u00e5n vardagsmilj\u00f6er och intryck fr\u00e5n de senaste dagarna just d\u00e4r och d\u00e5.  Kontakt:  Fler projekt och samarbeten planeras de kommande \u00e5ren s\u00e5 h\u00e4ng med p\u00e5 Angelinas resa! @angieart.se  Storlek ark: A5 Storlek Tatueringar: 4 cm","og_url":"https:\/\/likeink.com\/sv\/gnuggisar\/ballerina-tatueringar\/","og_site_name":"Like ink","article_publisher":"https:\/\/www.facebook.com\/LikeInkSe","article_modified_time":"2026-04-14T13:54:31+00:00","og_image":[{"width":2481,"height":1749,"url":"https:\/\/likeink.com\/wp-content\/uploads\/2024\/01\/AngieArt-Ballerina-Likeink.jpg","type":"image\/jpeg"}],"twitter_card":"summary_large_image","twitter_misc":{"Ber\u00e4knad l\u00e4stid":"1 minut"},"schema":{"@context":"https:\/\/schema.org","@graph":[{"@type":"WebPage","@id":"https:\/\/likeink.com\/sv\/gnuggisar\/ballerina-tatueringar\/","url":"https:\/\/likeink.com\/sv\/gnuggisar\/ballerina-tatueringar\/","name":"Ballerina Tatueringar av Angie Art - Like ink","isPartOf":{"@id":"https:\/\/likeink.com\/sv\/#website"},"primaryImageOfPage":{"@id":"https:\/\/likeink.com\/sv\/gnuggisar\/ballerina-tatueringar\/#primaryimage"},"image":{"@id":"https:\/\/likeink.com\/sv\/gnuggisar\/ballerina-tatueringar\/#primaryimage"},"thumbnailUrl":"https:\/\/likeink.com\/wp-content\/uploads\/2024\/01\/AngieArt-Ballerina-Likeink.jpg","datePublished":"2024-01-13T15:06:46+00:00","dateModified":"2026-04-14T13:54:31+00:00","description":"Ballerina Tatueringar fr\u00e5n konstn\u00e4ren Angelina Morsi. Ark med tolv tecknade ballerinor med bakgrund i f\u00e4rg. Tempor\u00e4ra tatueringar - Like ink","breadcrumb":{"@id":"https:\/\/likeink.com\/sv\/gnuggisar\/ballerina-tatueringar\/#breadcrumb"},"inLanguage":"sv-SE","potentialAction":[{"@type":"ReadAction","target":["https:\/\/likeink.com\/sv\/gnuggisar\/ballerina-tatueringar\/"]}]},{"@type":"ImageObject","inLanguage":"sv-SE","@id":"https:\/\/likeink.com\/sv\/gnuggisar\/ballerina-tatueringar\/#primaryimage","url":"https:\/\/likeink.com\/wp-content\/uploads\/2024\/01\/AngieArt-Ballerina-Likeink.jpg","contentUrl":"https:\/\/likeink.com\/wp-content\/uploads\/2024\/01\/AngieArt-Ballerina-Likeink.jpg","width":2481,"height":1749,"caption":"Samling av ballerinamotiv i fejktatueringar fr\u00e5n Like ink \u2013 Skapade av Angie Art med f\u00e4rgstark bakgrund."},{"@type":"BreadcrumbList","@id":"https:\/\/likeink.com\/sv\/gnuggisar\/ballerina-tatueringar\/#breadcrumb","itemListElement":[{"@type":"ListItem","position":1,"name":"Hem","item":"https:\/\/likeink.com\/sv\/"},{"@type":"ListItem","position":2,"name":"Webbutik","item":"https:\/\/likeink.com\/sv\/webbutik\/"},{"@type":"ListItem","position":3,"name":"Ballerina Tatueringar av Angie Art"}]},{"@type":"WebSite","@id":"https:\/\/likeink.com\/sv\/#website","url":"https:\/\/likeink.com\/sv\/","name":"Like ink","description":"Make your own custom design","potentialAction":[{"@type":"SearchAction","target":{"@type":"EntryPoint","urlTemplate":"https:\/\/likeink.com\/sv\/?s={search_term_string}"},"query-input":{"@type":"PropertyValueSpecification","valueRequired":true,"valueName":"search_term_string"}}],"inLanguage":"sv-SE"}]}},"_links":{"self":[{"href":"https:\/\/likeink.com\/sv\/wp-json\/wp\/v2\/product\/24227","targetHints":{"allow":["GET"]}}],"collection":[{"href":"https:\/\/likeink.com\/sv\/wp-json\/wp\/v2\/product"}],"about":[{"href":"https:\/\/likeink.com\/sv\/wp-json\/wp\/v2\/types\/product"}],"wp:featuredmedia":[{"embeddable":true,"href":"https:\/\/likeink.com\/sv\/wp-json\/wp\/v2\/media\/24156"}],"wp:attachment":[{"href":"https:\/\/likeink.com\/sv\/wp-json\/wp\/v2\/media?parent=24227"}],"wp:term":[{"taxonomy":"product_brand","embeddable":true,"href":"https:\/\/likeink.com\/sv\/wp-json\/wp\/v2\/product_brand?post=24227"},{"taxonomy":"product_cat","embeddable":true,"href":"https:\/\/likeink.com\/sv\/wp-json\/wp\/v2\/product_cat?post=24227"},{"taxonomy":"product_tag","embeddable":true,"href":"https:\/\/likeink.com\/sv\/wp-json\/wp\/v2\/product_tag?post=24227"}],"curies":[{"name":"wp","href":"https:\/\/api.w.org\/{rel}","templated":true}]}}