{"id":24261,"date":"2024-01-14T17:34:13","date_gmt":"2024-01-14T17:34:13","guid":{"rendered":"https:\/\/likeink.se\/?post_type=product&#038;p=24261"},"modified":"2026-04-15T11:32:46","modified_gmt":"2026-04-15T11:32:46","slug":"official-swedish-ink-gnuggisar","status":"publish","type":"product","link":"https:\/\/likeink.com\/sv\/gnuggisar\/official-swedish-ink-gnuggisar\/","title":{"rendered":"Official Swedish Ink Gnuggisar"},"content":{"rendered":"","protected":false},"excerpt":{"rendered":"<p>Official Swedish Ink Gnuggisar: Like Inks tempor\u00e4ra tatueringar \u00e4r en hyllning till konstn\u00e4rskapet och gemenskapsandan som blomstrar inom tatueringens v\u00e4rld. Vi p\u00e5 Like ink \u00e4r superglada \u00f6ver att se seri\u00f6sa tatuerare och tatuerings-gemenskapen kommer samman i samarbete med oss p\u00e5 Like Ink. Samarbetet med Marcus som driver Official Swedish Ink \u00e4r ett bevis och exempel p\u00e5 att att \u00e4ven tatuerare, tatuerings-samlare och tatueringsn\u00f6rdar \u00e4ven tycker att fake tatueringar \u00e4r ganska kul och ett alternativt s\u00e4tt att f\u00e5 ta del av det roliga med att vara tatuerad utan att beh\u00f6va g\u00f6ra en permanent tatuering.<\/p>\n<h2>Best\u00e4ll fake tatueringar i samarbete med Official Swedish Ink och motiv ritade av tatueraren patrik Sj\u00f6stj\u00e4rna<\/h2>\n<p>Detta ark med tempor\u00e4ra tatueringar inneh\u00e5ller logotypen f\u00f6r Official Swedish Ink tillsammans med originaldesigner skapade av den talangfulla tatueraren Patrik Sj\u00f6stj\u00e4rna. Det \u00e4r en kreativitetsduk, tillg\u00e4nglig f\u00f6r alla som uppskattar konsten av bl\u00e4ck p\u00e5 huden om \u00e4ven bara f\u00f6r n\u00e5gra dagar.<\/p>\n<p>Official Swedish Ink, under ledning av Marcus Andersson, \u00e4r mer \u00e4n bara ett Instagram-konto. Det \u00e4r ett nav f\u00f6r tatuerare, entusiaster, och f\u00f6r alla som \u00e4r tatuerade eller s\u00f6ker efter att bli det. Denna plattform \u00e4r rik p\u00e5 kontinuerliga uppdateringar om tatueringsscenen i Sverige, och erbjuder en str\u00f6m av information om m\u00e4ssor, evenemang och nyheter inom tatueringsv\u00e4rlden. Det \u00e4r en k\u00e4lla till inspiration och en skattkista av tips f\u00f6r att hitta exceptionella tatuerare. S\u00e5 vare sig om du \u00e4r tattoo collector, tatuerare eller bara gillar att titta p\u00e5 tatueringar s\u00e5 \u00e4r det l\u00e4tt v\u00e4rt att kika in och f\u00f6lja @officialswedishink p\u00e5 Instagram.<\/p>\n<p>Tatueringarna p\u00e5 detta ark \u00e4r ritade med den finess som Patrik Sj\u00f6stj\u00e4rna \u00e4r k\u00e4nd f\u00f6r, och han tar med sig sin expertis fr\u00e5n sina studios i Bor\u00e5s och Sk\u00f6vde till en \u00e4nnu bredare publik.<br \/>\nDetta samarbete med Like Ink \u00e4r ett bevis p\u00e5 den delade passionen och dedikationen till hantverket, och g\u00f6r tatueringarnas sk\u00f6nhet tillg\u00e4nglig f\u00f6r alla, vare sig du vill utforska konsten tempor\u00e4rt eller boka en tid f\u00f6r en riktig tattoo.<\/p>\n<p><strong>Kontakt: <\/strong><br \/>\nOfficial Swedish ink: @Officialswedishink<br \/>\nPatrik: @patriktattoos, studio I Sk\u00f6vde och Bor\u00e5s.<\/p>\n<p><strong>Storlek ark:<\/strong> A5<br \/>\n<strong>Storlek tatueringar:<\/strong> 3-10 cm<\/p>\n","protected":false},"featured_media":24253,"template":"","meta":[],"product_brand":[],"product_cat":[491,17,124,492],"product_tag":[],"class_list":{"0":"post-24261","1":"product","2":"type-product","3":"status-publish","4":"has-post-thumbnail","6":"product_cat-samarbeten-tatuerare","7":"product_cat-fardiga-ark","8":"product_cat-samarbeten-med-tatuerare","9":"product_cat-tribal-symboler-runor","11":"first","12":"instock","13":"taxable","14":"shipping-taxable","15":"purchasable","16":"product-type-simple"},"yoast_head":"<!-- This site is optimized with the Yoast SEO Premium plugin v26.2 (Yoast SEO v27.4) - https:\/\/yoast.com\/product\/yoast-seo-premium-wordpress\/ -->\n<title>Official Swedish Ink Gnuggisar - Like ink<\/title>\n<meta name=\"description\" content=\"Official Swedish Ink gnuggisar p\u00e5 ark designade av tatueraren Patrik Sj\u00f6stj\u00e4rna. H\u00e4r snackar vi REAL FAKE TATTOOS - Like ink\" \/>\n<meta name=\"robots\" content=\"index, follow, max-snippet:-1, max-image-preview:large, max-video-preview:-1\" \/>\n<link rel=\"canonical\" href=\"https:\/\/likeink.com\/sv\/gnuggisar\/official-swedish-ink-gnuggisar\/\" \/>\n<meta property=\"og:locale\" content=\"sv_SE\" \/>\n<meta property=\"og:type\" content=\"article\" \/>\n<meta property=\"og:title\" content=\"Official Swedish Ink Gnuggisar\" \/>\n<meta property=\"og:description\" content=\"Official Swedish Ink Gnuggisar: Like Inks tempor\u00e4ra tatueringar \u00e4r en hyllning till konstn\u00e4rskapet och gemenskapsandan som blomstrar inom tatueringens v\u00e4rld. Vi p\u00e5 Like ink \u00e4r superglada \u00f6ver att se seri\u00f6sa tatuerare och tatuerings-gemenskapen kommer samman i samarbete med oss p\u00e5 Like Ink. Samarbetet med Marcus som driver Official Swedish Ink \u00e4r ett bevis och exempel p\u00e5 att att \u00e4ven tatuerare, tatuerings-samlare och tatueringsn\u00f6rdar \u00e4ven tycker att fake tatueringar \u00e4r ganska kul och ett alternativt s\u00e4tt att f\u00e5 ta del av det roliga med att vara tatuerad utan att beh\u00f6va g\u00f6ra en permanent tatuering. Best\u00e4ll fake tatueringar i samarbete med Official Swedish Ink och motiv ritade av tatueraren patrik Sj\u00f6stj\u00e4rna Detta ark med tempor\u00e4ra tatueringar inneh\u00e5ller logotypen f\u00f6r Official Swedish Ink tillsammans med originaldesigner skapade av den talangfulla tatueraren Patrik Sj\u00f6stj\u00e4rna. Det \u00e4r en kreativitetsduk, tillg\u00e4nglig f\u00f6r alla som uppskattar konsten av bl\u00e4ck p\u00e5 huden om \u00e4ven bara f\u00f6r n\u00e5gra dagar.  Official Swedish Ink, under ledning av Marcus Andersson, \u00e4r mer \u00e4n bara ett Instagram-konto. Det \u00e4r ett nav f\u00f6r tatuerare, entusiaster, och f\u00f6r alla som \u00e4r tatuerade eller s\u00f6ker efter att bli det. Denna plattform \u00e4r rik p\u00e5 kontinuerliga uppdateringar om tatueringsscenen i Sverige, och erbjuder en str\u00f6m av information om m\u00e4ssor, evenemang och nyheter inom tatueringsv\u00e4rlden. Det \u00e4r en k\u00e4lla till inspiration och en skattkista av tips f\u00f6r att hitta exceptionella tatuerare. S\u00e5 vare sig om du \u00e4r tattoo collector, tatuerare eller bara gillar att titta p\u00e5 tatueringar s\u00e5 \u00e4r det l\u00e4tt v\u00e4rt att kika in och f\u00f6lja @officialswedishink p\u00e5 Instagram.  Tatueringarna p\u00e5 detta ark \u00e4r ritade med den finess som Patrik Sj\u00f6stj\u00e4rna \u00e4r k\u00e4nd f\u00f6r, och han tar med sig sin expertis fr\u00e5n sina studios i Bor\u00e5s och Sk\u00f6vde till en \u00e4nnu bredare publik. Detta samarbete med Like Ink \u00e4r ett bevis p\u00e5 den delade passionen och dedikationen till hantverket, och g\u00f6r tatueringarnas sk\u00f6nhet tillg\u00e4nglig f\u00f6r alla, vare sig du vill utforska konsten tempor\u00e4rt eller boka en tid f\u00f6r en riktig tattoo.  Kontakt:  Official Swedish ink: @Officialswedishink Patrik: @patriktattoos, studio I Sk\u00f6vde och Bor\u00e5s.  Storlek ark: A5 Storlek tatueringar: 3-10 cm\" \/>\n<meta property=\"og:url\" content=\"https:\/\/likeink.com\/sv\/gnuggisar\/official-swedish-ink-gnuggisar\/\" \/>\n<meta property=\"og:site_name\" content=\"Like ink\" \/>\n<meta property=\"article:publisher\" content=\"https:\/\/www.facebook.com\/LikeInkSe\" \/>\n<meta property=\"article:modified_time\" content=\"2026-04-15T11:32:46+00:00\" \/>\n<meta property=\"og:image\" content=\"https:\/\/likeink.com\/wp-content\/uploads\/2024\/01\/OfficialSwedishInk-Tattoos-Likeink.jpg\" \/>\n\t<meta property=\"og:image:width\" content=\"1702\" \/>\n\t<meta property=\"og:image:height\" content=\"1200\" \/>\n\t<meta property=\"og:image:type\" content=\"image\/jpeg\" \/>\n<meta name=\"twitter:card\" content=\"summary_large_image\" \/>\n<meta name=\"twitter:label1\" content=\"Ber\u00e4knad l\u00e4stid\" \/>\n\t<meta name=\"twitter:data1\" content=\"1 minut\" \/>\n<script type=\"application\/ld+json\" class=\"yoast-schema-graph\">{\"@context\":\"https:\\\/\\\/schema.org\",\"@graph\":[{\"@type\":\"WebPage\",\"@id\":\"https:\\\/\\\/likeink.com\\\/sv\\\/gnuggisar\\\/official-swedish-ink-gnuggisar\\\/\",\"url\":\"https:\\\/\\\/likeink.com\\\/sv\\\/gnuggisar\\\/official-swedish-ink-gnuggisar\\\/\",\"name\":\"Official Swedish Ink Gnuggisar - Like ink\",\"isPartOf\":{\"@id\":\"https:\\\/\\\/likeink.com\\\/sv\\\/#website\"},\"primaryImageOfPage\":{\"@id\":\"https:\\\/\\\/likeink.com\\\/sv\\\/gnuggisar\\\/official-swedish-ink-gnuggisar\\\/#primaryimage\"},\"image\":{\"@id\":\"https:\\\/\\\/likeink.com\\\/sv\\\/gnuggisar\\\/official-swedish-ink-gnuggisar\\\/#primaryimage\"},\"thumbnailUrl\":\"https:\\\/\\\/likeink.com\\\/wp-content\\\/uploads\\\/2024\\\/01\\\/OfficialSwedishInk-Tattoos-Likeink.jpg\",\"datePublished\":\"2024-01-14T17:34:13+00:00\",\"dateModified\":\"2026-04-15T11:32:46+00:00\",\"description\":\"Official Swedish Ink gnuggisar p\u00e5 ark designade av tatueraren Patrik Sj\u00f6stj\u00e4rna. H\u00e4r snackar vi REAL FAKE TATTOOS - Like ink\",\"breadcrumb\":{\"@id\":\"https:\\\/\\\/likeink.com\\\/sv\\\/gnuggisar\\\/official-swedish-ink-gnuggisar\\\/#breadcrumb\"},\"inLanguage\":\"sv-SE\",\"potentialAction\":[{\"@type\":\"ReadAction\",\"target\":[\"https:\\\/\\\/likeink.com\\\/sv\\\/gnuggisar\\\/official-swedish-ink-gnuggisar\\\/\"]}]},{\"@type\":\"ImageObject\",\"inLanguage\":\"sv-SE\",\"@id\":\"https:\\\/\\\/likeink.com\\\/sv\\\/gnuggisar\\\/official-swedish-ink-gnuggisar\\\/#primaryimage\",\"url\":\"https:\\\/\\\/likeink.com\\\/wp-content\\\/uploads\\\/2024\\\/01\\\/OfficialSwedishInk-Tattoos-Likeink.jpg\",\"contentUrl\":\"https:\\\/\\\/likeink.com\\\/wp-content\\\/uploads\\\/2024\\\/01\\\/OfficialSwedishInk-Tattoos-Likeink.jpg\",\"width\":1702,\"height\":1200,\"caption\":\"Samling av eng\u00e5ngstatueringar fr\u00e5n Official Swedish Ink, designade av tatueraren Patrik Sj\u00f6stj\u00e4rna.\"},{\"@type\":\"BreadcrumbList\",\"@id\":\"https:\\\/\\\/likeink.com\\\/sv\\\/gnuggisar\\\/official-swedish-ink-gnuggisar\\\/#breadcrumb\",\"itemListElement\":[{\"@type\":\"ListItem\",\"position\":1,\"name\":\"Hem\",\"item\":\"https:\\\/\\\/likeink.com\\\/sv\\\/\"},{\"@type\":\"ListItem\",\"position\":2,\"name\":\"Webbutik\",\"item\":\"https:\\\/\\\/likeink.com\\\/sv\\\/webbutik\\\/\"},{\"@type\":\"ListItem\",\"position\":3,\"name\":\"Official Swedish Ink Gnuggisar\"}]},{\"@type\":\"WebSite\",\"@id\":\"https:\\\/\\\/likeink.com\\\/sv\\\/#website\",\"url\":\"https:\\\/\\\/likeink.com\\\/sv\\\/\",\"name\":\"Like ink\",\"description\":\"Make your own custom design\",\"potentialAction\":[{\"@type\":\"SearchAction\",\"target\":{\"@type\":\"EntryPoint\",\"urlTemplate\":\"https:\\\/\\\/likeink.com\\\/sv\\\/?s={search_term_string}\"},\"query-input\":{\"@type\":\"PropertyValueSpecification\",\"valueRequired\":true,\"valueName\":\"search_term_string\"}}],\"inLanguage\":\"sv-SE\"}]}<\/script>\n<!-- \/ Yoast SEO Premium plugin. -->","yoast_head_json":{"title":"Official Swedish Ink Gnuggisar - Like ink","description":"Official Swedish Ink gnuggisar p\u00e5 ark designade av tatueraren Patrik Sj\u00f6stj\u00e4rna. H\u00e4r snackar vi REAL FAKE TATTOOS - Like ink","robots":{"index":"index","follow":"follow","max-snippet":"max-snippet:-1","max-image-preview":"max-image-preview:large","max-video-preview":"max-video-preview:-1"},"canonical":"https:\/\/likeink.com\/sv\/gnuggisar\/official-swedish-ink-gnuggisar\/","og_locale":"sv_SE","og_type":"article","og_title":"Official Swedish Ink Gnuggisar","og_description":"Official Swedish Ink Gnuggisar: Like Inks tempor\u00e4ra tatueringar \u00e4r en hyllning till konstn\u00e4rskapet och gemenskapsandan som blomstrar inom tatueringens v\u00e4rld. Vi p\u00e5 Like ink \u00e4r superglada \u00f6ver att se seri\u00f6sa tatuerare och tatuerings-gemenskapen kommer samman i samarbete med oss p\u00e5 Like Ink. Samarbetet med Marcus som driver Official Swedish Ink \u00e4r ett bevis och exempel p\u00e5 att att \u00e4ven tatuerare, tatuerings-samlare och tatueringsn\u00f6rdar \u00e4ven tycker att fake tatueringar \u00e4r ganska kul och ett alternativt s\u00e4tt att f\u00e5 ta del av det roliga med att vara tatuerad utan att beh\u00f6va g\u00f6ra en permanent tatuering. Best\u00e4ll fake tatueringar i samarbete med Official Swedish Ink och motiv ritade av tatueraren patrik Sj\u00f6stj\u00e4rna Detta ark med tempor\u00e4ra tatueringar inneh\u00e5ller logotypen f\u00f6r Official Swedish Ink tillsammans med originaldesigner skapade av den talangfulla tatueraren Patrik Sj\u00f6stj\u00e4rna. Det \u00e4r en kreativitetsduk, tillg\u00e4nglig f\u00f6r alla som uppskattar konsten av bl\u00e4ck p\u00e5 huden om \u00e4ven bara f\u00f6r n\u00e5gra dagar.  Official Swedish Ink, under ledning av Marcus Andersson, \u00e4r mer \u00e4n bara ett Instagram-konto. Det \u00e4r ett nav f\u00f6r tatuerare, entusiaster, och f\u00f6r alla som \u00e4r tatuerade eller s\u00f6ker efter att bli det. Denna plattform \u00e4r rik p\u00e5 kontinuerliga uppdateringar om tatueringsscenen i Sverige, och erbjuder en str\u00f6m av information om m\u00e4ssor, evenemang och nyheter inom tatueringsv\u00e4rlden. Det \u00e4r en k\u00e4lla till inspiration och en skattkista av tips f\u00f6r att hitta exceptionella tatuerare. S\u00e5 vare sig om du \u00e4r tattoo collector, tatuerare eller bara gillar att titta p\u00e5 tatueringar s\u00e5 \u00e4r det l\u00e4tt v\u00e4rt att kika in och f\u00f6lja @officialswedishink p\u00e5 Instagram.  Tatueringarna p\u00e5 detta ark \u00e4r ritade med den finess som Patrik Sj\u00f6stj\u00e4rna \u00e4r k\u00e4nd f\u00f6r, och han tar med sig sin expertis fr\u00e5n sina studios i Bor\u00e5s och Sk\u00f6vde till en \u00e4nnu bredare publik. Detta samarbete med Like Ink \u00e4r ett bevis p\u00e5 den delade passionen och dedikationen till hantverket, och g\u00f6r tatueringarnas sk\u00f6nhet tillg\u00e4nglig f\u00f6r alla, vare sig du vill utforska konsten tempor\u00e4rt eller boka en tid f\u00f6r en riktig tattoo.  Kontakt:  Official Swedish ink: @Officialswedishink Patrik: @patriktattoos, studio I Sk\u00f6vde och Bor\u00e5s.  Storlek ark: A5 Storlek tatueringar: 3-10 cm","og_url":"https:\/\/likeink.com\/sv\/gnuggisar\/official-swedish-ink-gnuggisar\/","og_site_name":"Like ink","article_publisher":"https:\/\/www.facebook.com\/LikeInkSe","article_modified_time":"2026-04-15T11:32:46+00:00","og_image":[{"width":1702,"height":1200,"url":"https:\/\/likeink.com\/wp-content\/uploads\/2024\/01\/OfficialSwedishInk-Tattoos-Likeink.jpg","type":"image\/jpeg"}],"twitter_card":"summary_large_image","twitter_misc":{"Ber\u00e4knad l\u00e4stid":"1 minut"},"schema":{"@context":"https:\/\/schema.org","@graph":[{"@type":"WebPage","@id":"https:\/\/likeink.com\/sv\/gnuggisar\/official-swedish-ink-gnuggisar\/","url":"https:\/\/likeink.com\/sv\/gnuggisar\/official-swedish-ink-gnuggisar\/","name":"Official Swedish Ink Gnuggisar - Like ink","isPartOf":{"@id":"https:\/\/likeink.com\/sv\/#website"},"primaryImageOfPage":{"@id":"https:\/\/likeink.com\/sv\/gnuggisar\/official-swedish-ink-gnuggisar\/#primaryimage"},"image":{"@id":"https:\/\/likeink.com\/sv\/gnuggisar\/official-swedish-ink-gnuggisar\/#primaryimage"},"thumbnailUrl":"https:\/\/likeink.com\/wp-content\/uploads\/2024\/01\/OfficialSwedishInk-Tattoos-Likeink.jpg","datePublished":"2024-01-14T17:34:13+00:00","dateModified":"2026-04-15T11:32:46+00:00","description":"Official Swedish Ink gnuggisar p\u00e5 ark designade av tatueraren Patrik Sj\u00f6stj\u00e4rna. H\u00e4r snackar vi REAL FAKE TATTOOS - Like ink","breadcrumb":{"@id":"https:\/\/likeink.com\/sv\/gnuggisar\/official-swedish-ink-gnuggisar\/#breadcrumb"},"inLanguage":"sv-SE","potentialAction":[{"@type":"ReadAction","target":["https:\/\/likeink.com\/sv\/gnuggisar\/official-swedish-ink-gnuggisar\/"]}]},{"@type":"ImageObject","inLanguage":"sv-SE","@id":"https:\/\/likeink.com\/sv\/gnuggisar\/official-swedish-ink-gnuggisar\/#primaryimage","url":"https:\/\/likeink.com\/wp-content\/uploads\/2024\/01\/OfficialSwedishInk-Tattoos-Likeink.jpg","contentUrl":"https:\/\/likeink.com\/wp-content\/uploads\/2024\/01\/OfficialSwedishInk-Tattoos-Likeink.jpg","width":1702,"height":1200,"caption":"Samling av eng\u00e5ngstatueringar fr\u00e5n Official Swedish Ink, designade av tatueraren Patrik Sj\u00f6stj\u00e4rna."},{"@type":"BreadcrumbList","@id":"https:\/\/likeink.com\/sv\/gnuggisar\/official-swedish-ink-gnuggisar\/#breadcrumb","itemListElement":[{"@type":"ListItem","position":1,"name":"Hem","item":"https:\/\/likeink.com\/sv\/"},{"@type":"ListItem","position":2,"name":"Webbutik","item":"https:\/\/likeink.com\/sv\/webbutik\/"},{"@type":"ListItem","position":3,"name":"Official Swedish Ink Gnuggisar"}]},{"@type":"WebSite","@id":"https:\/\/likeink.com\/sv\/#website","url":"https:\/\/likeink.com\/sv\/","name":"Like ink","description":"Make your own custom design","potentialAction":[{"@type":"SearchAction","target":{"@type":"EntryPoint","urlTemplate":"https:\/\/likeink.com\/sv\/?s={search_term_string}"},"query-input":{"@type":"PropertyValueSpecification","valueRequired":true,"valueName":"search_term_string"}}],"inLanguage":"sv-SE"}]}},"_links":{"self":[{"href":"https:\/\/likeink.com\/sv\/wp-json\/wp\/v2\/product\/24261","targetHints":{"allow":["GET"]}}],"collection":[{"href":"https:\/\/likeink.com\/sv\/wp-json\/wp\/v2\/product"}],"about":[{"href":"https:\/\/likeink.com\/sv\/wp-json\/wp\/v2\/types\/product"}],"wp:featuredmedia":[{"embeddable":true,"href":"https:\/\/likeink.com\/sv\/wp-json\/wp\/v2\/media\/24253"}],"wp:attachment":[{"href":"https:\/\/likeink.com\/sv\/wp-json\/wp\/v2\/media?parent=24261"}],"wp:term":[{"taxonomy":"product_brand","embeddable":true,"href":"https:\/\/likeink.com\/sv\/wp-json\/wp\/v2\/product_brand?post=24261"},{"taxonomy":"product_cat","embeddable":true,"href":"https:\/\/likeink.com\/sv\/wp-json\/wp\/v2\/product_cat?post=24261"},{"taxonomy":"product_tag","embeddable":true,"href":"https:\/\/likeink.com\/sv\/wp-json\/wp\/v2\/product_tag?post=24261"}],"curies":[{"name":"wp","href":"https:\/\/api.w.org\/{rel}","templated":true}]}}