{"id":2430,"date":"2020-01-21T15:37:21","date_gmt":"2020-01-21T15:37:21","guid":{"rendered":"https:\/\/likeink.se\/?post_type=product&#038;p=2430"},"modified":"2026-04-28T13:01:55","modified_gmt":"2026-04-28T13:01:55","slug":"liontattoo-helene-at-studio-black","status":"publish","type":"product","link":"https:\/\/likeink.com\/sv\/gnuggisar\/liontattoo-helene-at-studio-black\/","title":{"rendered":"Flash &#8220;Lion&#8221; by Hel\u00e9ne at Studio Bl\u00e4ck"},"content":{"rendered":"","protected":false},"excerpt":{"rendered":"<p>V\u00e5ra f\u00e4rdiga ark med eng\u00e5ngstatueringar \u00e4r cirka 20\u00d715 cm stora och fyllda med designen du ser p\u00e5 bilden. Vi trycker och skickar ditt ark med eng\u00e5ngstatueringar inom 24 timmar efter det att du best\u00e4llt.<\/p>\n<h2>Tempor\u00e4ra tatueringar Flash &#8220;Lion&#8221; av Hel\u00e9ne<\/h2>\n<p>Det h\u00e4r arket \u00e4r designat av den grymma tatueraren Hel\u00e9ne p\u00e5 Studio Bl\u00e4ck i V\u00e4rmland.<\/p>\n<p><strong>Detta \u00e4r Hel\u00e9ne:<\/strong><span class=\"apple-converted-space\">\u00a0<\/span>Tatuerare fr\u00e5n Sverige, som \u00c4LSKAR tatueringar och att tatuera. Processen att g\u00f6ra mina klienters id\u00e9er till tatueringar \u00e4r det mest inspirerande s\u00e4ttet att skapa konst. S\u00e5 d\u00e4rf\u00f6r tatuerar jag i alla stilar. Fr\u00e5n Old-School med feta linjer till fotorealism. Det som passar min klients vision, personlighet och stil. N\u00e4r det g\u00e4ller sm\u00e5 tatueringar s\u00e5 gillar jag enkla motiv med ett snyggt fl\u00f6de. Klassiska tunna linjer och kanske en liten skv\u00e4tt f\u00e4rg. Det vackra i livet finns i de sm\u00e5 detaljerna. Precis som med tatueringar. Jag hoppas att du gillar dessa ark med motiv. Och tagga g\u00e4rna Like Ink och mig n\u00e4r du postar bilder med dessa gnuggisar p\u00e5 sociala medier. Jag hoppas vi ses hos oss p\u00e5 Studio Bl\u00e4ck i V\u00e4rmlands magiska skogar.<\/p>\n<p><strong>Om ni vill kontakta Hel\u00e9ne:<\/strong><\/p>\n<p><strong>Instagram:<\/strong><span class=\"apple-converted-space\"><b>\u00a0<\/b><\/span><\/p>\n<p>helene_studioblack<\/p>\n<p><strong>Facebook:<\/strong><\/p>\n<p>Facebook.com\/studioblack.forshaga<\/p>\n<p><strong>Studio:<\/strong><\/p>\n<p>Studio Bl\u00e4ck<\/p>\n<p><strong>Adress:<\/strong><\/p>\n<p>Storgatan 33, 667 30 FORSHAGA<\/p>\n<p>Hemsida: studioblack.se<\/p>\n","protected":false},"featured_media":59968,"template":"","meta":[],"product_brand":[],"product_cat":[17,489,491],"product_tag":[],"class_list":{"0":"post-2430","1":"product","2":"type-product","3":"status-publish","4":"has-post-thumbnail","6":"product_cat-fardiga-ark","7":"product_cat-old-school-retro-sv","8":"product_cat-samarbeten-tatuerare","10":"first","11":"instock","12":"taxable","13":"shipping-taxable","14":"purchasable","15":"product-type-simple"},"yoast_head":"<!-- This site is optimized with the Yoast SEO Premium plugin v26.2 (Yoast SEO v27.5) - https:\/\/yoast.com\/product\/yoast-seo-premium-wordpress\/ -->\n<title>Lejon tatuering: K\u00f6p gnuggis | Flash lejon av Studio Bl\u00e4ck - Like ink<\/title>\n<meta name=\"description\" content=\"K\u00f6p eng\u00e5ngstatueringar med design fr\u00e5n tattoo artisten Hel\u00e9ne at studio Bl\u00e4ck. A5 ark 98 kr. Snabba leveranser &amp; Fri frakt - Like ink\" \/>\n<meta name=\"robots\" content=\"index, follow, max-snippet:-1, max-image-preview:large, max-video-preview:-1\" \/>\n<link rel=\"canonical\" href=\"https:\/\/likeink.com\/sv\/gnuggisar\/liontattoo-helene-at-studio-black\/\" \/>\n<meta property=\"og:locale\" content=\"sv_SE\" \/>\n<meta property=\"og:type\" content=\"article\" \/>\n<meta property=\"og:title\" content=\"Flash &quot;Lion&quot; by Hel\u00e9ne at Studio Bl\u00e4ck\" \/>\n<meta property=\"og:description\" content=\"V\u00e5ra f\u00e4rdiga ark med eng\u00e5ngstatueringar \u00e4r cirka 20\u00d715 cm stora och fyllda med designen du ser p\u00e5 bilden. Vi trycker och skickar ditt ark med eng\u00e5ngstatueringar inom 24 timmar efter det att du best\u00e4llt. Tempor\u00e4ra tatueringar Flash &quot;Lion&quot; av Hel\u00e9ne Det h\u00e4r arket \u00e4r designat av den grymma tatueraren Hel\u00e9ne p\u00e5 Studio Bl\u00e4ck i V\u00e4rmland.  Detta \u00e4r Hel\u00e9ne:\u00a0Tatuerare fr\u00e5n Sverige, som \u00c4LSKAR tatueringar och att tatuera. Processen att g\u00f6ra mina klienters id\u00e9er till tatueringar \u00e4r det mest inspirerande s\u00e4ttet att skapa konst. S\u00e5 d\u00e4rf\u00f6r tatuerar jag i alla stilar. Fr\u00e5n Old-School med feta linjer till fotorealism. Det som passar min klients vision, personlighet och stil. N\u00e4r det g\u00e4ller sm\u00e5 tatueringar s\u00e5 gillar jag enkla motiv med ett snyggt fl\u00f6de. Klassiska tunna linjer och kanske en liten skv\u00e4tt f\u00e4rg. Det vackra i livet finns i de sm\u00e5 detaljerna. Precis som med tatueringar. Jag hoppas att du gillar dessa ark med motiv. Och tagga g\u00e4rna Like Ink och mig n\u00e4r du postar bilder med dessa gnuggisar p\u00e5 sociala medier. Jag hoppas vi ses hos oss p\u00e5 Studio Bl\u00e4ck i V\u00e4rmlands magiska skogar.  Om ni vill kontakta Hel\u00e9ne:  Instagram:\u00a0  helene_studioblack  Facebook:  Facebook.com\/studioblack.forshaga  Studio:  Studio Bl\u00e4ck  Adress:  Storgatan 33, 667 30 FORSHAGA  Hemsida: studioblack.se\" \/>\n<meta property=\"og:url\" content=\"https:\/\/likeink.com\/sv\/gnuggisar\/liontattoo-helene-at-studio-black\/\" \/>\n<meta property=\"og:site_name\" content=\"Like ink\" \/>\n<meta property=\"article:publisher\" content=\"https:\/\/www.facebook.com\/LikeInkSe\" \/>\n<meta property=\"article:modified_time\" content=\"2026-04-28T13:01:55+00:00\" \/>\n<meta property=\"og:image\" content=\"https:\/\/likeink.com\/wp-content\/uploads\/2026\/03\/Tattoo-design-tattoo-artist-Likeink-1024x722.png\" \/>\n\t<meta property=\"og:image:width\" content=\"1024\" \/>\n\t<meta property=\"og:image:height\" content=\"722\" \/>\n\t<meta property=\"og:image:type\" content=\"image\/png\" \/>\n<meta name=\"twitter:card\" content=\"summary_large_image\" \/>\n<meta name=\"twitter:label1\" content=\"Ber\u00e4knad l\u00e4stid\" \/>\n\t<meta name=\"twitter:data1\" content=\"1 minut\" \/>\n<!-- \/ Yoast SEO Premium plugin. -->","yoast_head_json":{"title":"Lejon tatuering: K\u00f6p gnuggis | Flash lejon av Studio Bl\u00e4ck - Like ink","description":"K\u00f6p eng\u00e5ngstatueringar med design fr\u00e5n tattoo artisten Hel\u00e9ne at studio Bl\u00e4ck. A5 ark 98 kr. Snabba leveranser & Fri frakt - Like ink","robots":{"index":"index","follow":"follow","max-snippet":"max-snippet:-1","max-image-preview":"max-image-preview:large","max-video-preview":"max-video-preview:-1"},"canonical":"https:\/\/likeink.com\/sv\/gnuggisar\/liontattoo-helene-at-studio-black\/","og_locale":"sv_SE","og_type":"article","og_title":"Flash \"Lion\" by Hel\u00e9ne at Studio Bl\u00e4ck","og_description":"V\u00e5ra f\u00e4rdiga ark med eng\u00e5ngstatueringar \u00e4r cirka 20\u00d715 cm stora och fyllda med designen du ser p\u00e5 bilden. Vi trycker och skickar ditt ark med eng\u00e5ngstatueringar inom 24 timmar efter det att du best\u00e4llt. Tempor\u00e4ra tatueringar Flash \"Lion\" av Hel\u00e9ne Det h\u00e4r arket \u00e4r designat av den grymma tatueraren Hel\u00e9ne p\u00e5 Studio Bl\u00e4ck i V\u00e4rmland.  Detta \u00e4r Hel\u00e9ne:\u00a0Tatuerare fr\u00e5n Sverige, som \u00c4LSKAR tatueringar och att tatuera. Processen att g\u00f6ra mina klienters id\u00e9er till tatueringar \u00e4r det mest inspirerande s\u00e4ttet att skapa konst. S\u00e5 d\u00e4rf\u00f6r tatuerar jag i alla stilar. Fr\u00e5n Old-School med feta linjer till fotorealism. Det som passar min klients vision, personlighet och stil. N\u00e4r det g\u00e4ller sm\u00e5 tatueringar s\u00e5 gillar jag enkla motiv med ett snyggt fl\u00f6de. Klassiska tunna linjer och kanske en liten skv\u00e4tt f\u00e4rg. Det vackra i livet finns i de sm\u00e5 detaljerna. Precis som med tatueringar. Jag hoppas att du gillar dessa ark med motiv. Och tagga g\u00e4rna Like Ink och mig n\u00e4r du postar bilder med dessa gnuggisar p\u00e5 sociala medier. Jag hoppas vi ses hos oss p\u00e5 Studio Bl\u00e4ck i V\u00e4rmlands magiska skogar.  Om ni vill kontakta Hel\u00e9ne:  Instagram:\u00a0  helene_studioblack  Facebook:  Facebook.com\/studioblack.forshaga  Studio:  Studio Bl\u00e4ck  Adress:  Storgatan 33, 667 30 FORSHAGA  Hemsida: studioblack.se","og_url":"https:\/\/likeink.com\/sv\/gnuggisar\/liontattoo-helene-at-studio-black\/","og_site_name":"Like ink","article_publisher":"https:\/\/www.facebook.com\/LikeInkSe","article_modified_time":"2026-04-28T13:01:55+00:00","og_image":[{"width":1024,"height":722,"url":"https:\/\/likeink.com\/wp-content\/uploads\/2026\/03\/Tattoo-design-tattoo-artist-Likeink-1024x722.png","type":"image\/png"}],"twitter_card":"summary_large_image","twitter_misc":{"Ber\u00e4knad l\u00e4stid":"1 minut"},"schema":{"@context":"https:\/\/schema.org","@graph":[{"@type":"WebPage","@id":"https:\/\/likeink.com\/sv\/gnuggisar\/liontattoo-helene-at-studio-black\/","url":"https:\/\/likeink.com\/sv\/gnuggisar\/liontattoo-helene-at-studio-black\/","name":"Lejon tatuering: K\u00f6p gnuggis | Flash lejon av Studio Bl\u00e4ck - Like ink","isPartOf":{"@id":"https:\/\/likeink.com\/sv\/#website"},"primaryImageOfPage":{"@id":"https:\/\/likeink.com\/sv\/gnuggisar\/liontattoo-helene-at-studio-black\/#primaryimage"},"image":{"@id":"https:\/\/likeink.com\/sv\/gnuggisar\/liontattoo-helene-at-studio-black\/#primaryimage"},"thumbnailUrl":"https:\/\/likeink.com\/wp-content\/uploads\/2026\/03\/Tattoo-design-tattoo-artist-Likeink.png","datePublished":"2020-01-21T15:37:21+00:00","dateModified":"2026-04-28T13:01:55+00:00","description":"K\u00f6p eng\u00e5ngstatueringar med design fr\u00e5n tattoo artisten Hel\u00e9ne at studio Bl\u00e4ck. A5 ark 98 kr. Snabba leveranser & Fri frakt - Like ink","breadcrumb":{"@id":"https:\/\/likeink.com\/sv\/gnuggisar\/liontattoo-helene-at-studio-black\/#breadcrumb"},"inLanguage":"sv-SE","potentialAction":[{"@type":"ReadAction","target":["https:\/\/likeink.com\/sv\/gnuggisar\/liontattoo-helene-at-studio-black\/"]}]},{"@type":"ImageObject","inLanguage":"sv-SE","@id":"https:\/\/likeink.com\/sv\/gnuggisar\/liontattoo-helene-at-studio-black\/#primaryimage","url":"https:\/\/likeink.com\/wp-content\/uploads\/2026\/03\/Tattoo-design-tattoo-artist-Likeink.png","contentUrl":"https:\/\/likeink.com\/wp-content\/uploads\/2026\/03\/Tattoo-design-tattoo-artist-Likeink.png","width":2481,"height":1749,"caption":"Ett collage av svartvita tatueringsmotiv, bland annat ett lejon, schackpj\u00e4ser, svalor, ett sv\u00e4rd, en dolk med en f\u00e5gel, olivkvistar, en tall, herr och fru text, ett stiliserat nummer och en br\u00f6dskiva."},{"@type":"BreadcrumbList","@id":"https:\/\/likeink.com\/sv\/gnuggisar\/liontattoo-helene-at-studio-black\/#breadcrumb","itemListElement":[{"@type":"ListItem","position":1,"name":"Hem","item":"https:\/\/likeink.com\/sv\/"},{"@type":"ListItem","position":2,"name":"Webbutik","item":"https:\/\/likeink.com\/sv\/webbutik\/"},{"@type":"ListItem","position":3,"name":"Flash &#8220;Lion&#8221; by Hel\u00e9ne at Studio Bl\u00e4ck"}]},{"@type":"WebSite","@id":"https:\/\/likeink.com\/sv\/#website","url":"https:\/\/likeink.com\/sv\/","name":"Like ink","description":"Make your own custom design","potentialAction":[{"@type":"SearchAction","target":{"@type":"EntryPoint","urlTemplate":"https:\/\/likeink.com\/sv\/?s={search_term_string}"},"query-input":{"@type":"PropertyValueSpecification","valueRequired":true,"valueName":"search_term_string"}}],"inLanguage":"sv-SE"}]}},"_links":{"self":[{"href":"https:\/\/likeink.com\/sv\/wp-json\/wp\/v2\/product\/2430","targetHints":{"allow":["GET"]}}],"collection":[{"href":"https:\/\/likeink.com\/sv\/wp-json\/wp\/v2\/product"}],"about":[{"href":"https:\/\/likeink.com\/sv\/wp-json\/wp\/v2\/types\/product"}],"wp:featuredmedia":[{"embeddable":true,"href":"https:\/\/likeink.com\/sv\/wp-json\/wp\/v2\/media\/59968"}],"wp:attachment":[{"href":"https:\/\/likeink.com\/sv\/wp-json\/wp\/v2\/media?parent=2430"}],"wp:term":[{"taxonomy":"product_brand","embeddable":true,"href":"https:\/\/likeink.com\/sv\/wp-json\/wp\/v2\/product_brand?post=2430"},{"taxonomy":"product_cat","embeddable":true,"href":"https:\/\/likeink.com\/sv\/wp-json\/wp\/v2\/product_cat?post=2430"},{"taxonomy":"product_tag","embeddable":true,"href":"https:\/\/likeink.com\/sv\/wp-json\/wp\/v2\/product_tag?post=2430"}],"curies":[{"name":"wp","href":"https:\/\/api.w.org\/{rel}","templated":true}]}}