{"id":25420,"date":"2024-03-06T12:45:11","date_gmt":"2024-03-06T12:45:11","guid":{"rendered":"https:\/\/likeink.se\/?post_type=product&#038;p=25420"},"modified":"2026-04-14T12:52:14","modified_gmt":"2026-04-14T12:52:14","slug":"tramp-stamp-tatueringar","status":"publish","type":"product","link":"https:\/\/likeink.com\/sv\/gnuggisar\/tramp-stamp-tatueringar\/","title":{"rendered":"Tramp Stamp Tatueringar"},"content":{"rendered":"","protected":false},"excerpt":{"rendered":"<p>Tramp Stamp tatueringar, en g\u00e5ng ikoniska under 90 och 2000-talet, har gjort en storstilad comeback och blivit popul\u00e4ra igen bland alla \u00e5ldrar v\u00e4rlden \u00f6ver.<\/p>\n<h2>Best\u00e4ll Tramp Stamp Tatueringar, vi skickar dina gnuggisar inom 24 timmar.<\/h2>\n<p>Like Ink&#8217;s samling med gnuggistatueringar ger dig ett ark med fem noggrant utvalda design:s som firar denna \u00e5teruppst\u00e5ndna trend. Kollektionen inkluderar:<br \/>\n\u2022 Klassisk Tribal: En tidl\u00f6s design som \u00e5terspeglar styrka och mystik.<br \/>\n\u2022 Mandala Tribal: En f\u00f6rtrollande kombination av mandala och tribal, perfekt f\u00f6r den som s\u00f6ker en tatuering med djupare mening (p\u00e5 svanken s\u00e5klart).<br \/>\n\u2022 Stora Vingar: Imponerande och detaljrika vingar som ger en k\u00e4nsla av frihet och elegans.<br \/>\n\u2022 Mindre Fj\u00e4ril: En delikat och vacker design som l\u00e4gger till en feminin touch.<\/p>\n<p>Like Ink&#8217;s gnuggistatueringar \u00e4r tillverkade av h\u00f6gkvalitativt material som s\u00e4kerst\u00e4ller en l\u00e5ngvarig och realistisk look. Tatueringarna \u00e4r enkla att applicera, vattent\u00e5liga och h\u00e5ller i flera dagar.<\/p>\n<p><strong>Vad \u00e4r en Tramp Stamp Tatuering?<\/strong><br \/>\nEn Tramp Stamp \u00e4r en informell ben\u00e4mning p\u00e5 en tatuering som placeras p\u00e5 den nedre delen av ryggen. Denna typ av tatuering blev s\u00e4rskilt popul\u00e4r under 1990- och tidiga 2000-talen och har nyligen sett en \u00e5terupplivning i popularitet. Tramp Stamps kan inneh\u00e5lla olika design, fr\u00e5n tribala m\u00f6nster till mandalas och symboler, det viktiga h\u00e4r \u00e4r placeringen. En Tramp Stamp placeras i svanken, nedre delen av ryggen. Tatueringarna syntes ofta i skvallertidningar under 2000-talets b\u00f6rjan ofta p\u00e5 bilder ihop med l\u00e5ga jeans eller crop tops p\u00e5 kvinnliga k\u00e4ndisar.<br \/>\nOavsett om du \u00e4r ute efter att prova p\u00e5 en Tramp Stamp innan du g\u00f6r en permanent, eller bara vill variera din stil f\u00f6r en dag, erbjuder Like Ink det perfekta s\u00e4ttet att utforska din kreativitet. F\u00f6rgyll din hud med en klassisk Tramp Stamp Tatuering helt enkelt.<\/p>\n<p><strong>Storlek ark:<\/strong> A5<br \/>\n<strong>Antal tatueringar:<\/strong> 5<br \/>\n<strong>Storlek Tatueringar:<\/strong> 6-19 cm<\/p>\n","protected":false},"featured_media":25399,"template":"","meta":[],"product_brand":[],"product_cat":[17,492],"product_tag":[],"class_list":{"0":"post-25420","1":"product","2":"type-product","3":"status-publish","4":"has-post-thumbnail","6":"product_cat-fardiga-ark","7":"product_cat-tribal-symboler-runor","9":"first","10":"instock","11":"taxable","12":"shipping-taxable","13":"purchasable","14":"product-type-simple"},"yoast_head":"<!-- This site is optimized with the Yoast SEO Premium plugin v26.2 (Yoast SEO v27.5) - https:\/\/yoast.com\/product\/yoast-seo-premium-wordpress\/ -->\n<title>Tramp Stamp Tatueringar - Like ink<\/title>\n<meta name=\"description\" content=\"Tramp Stamp Tatueringar som h\u00e5ller i upp till en vecka. Klassiska tribaler. vingar och mandala motiv som passar perfekt i svanken. - Like ink\" \/>\n<meta name=\"robots\" content=\"index, follow, max-snippet:-1, max-image-preview:large, max-video-preview:-1\" \/>\n<link rel=\"canonical\" href=\"https:\/\/likeink.com\/sv\/gnuggisar\/tramp-stamp-tatueringar\/\" \/>\n<meta property=\"og:locale\" content=\"sv_SE\" \/>\n<meta property=\"og:type\" content=\"article\" \/>\n<meta property=\"og:title\" content=\"Tramp Stamp Tatueringar\" \/>\n<meta property=\"og:description\" content=\"Tramp Stamp tatueringar, en g\u00e5ng ikoniska under 90 och 2000-talet, har gjort en storstilad comeback och blivit popul\u00e4ra igen bland alla \u00e5ldrar v\u00e4rlden \u00f6ver. Best\u00e4ll Tramp Stamp Tatueringar, vi skickar dina gnuggisar inom 24 timmar. Like Ink&#039;s samling med gnuggistatueringar ger dig ett ark med fem noggrant utvalda design:s som firar denna \u00e5teruppst\u00e5ndna trend. Kollektionen inkluderar: \u2022 Klassisk Tribal: En tidl\u00f6s design som \u00e5terspeglar styrka och mystik. \u2022 Mandala Tribal: En f\u00f6rtrollande kombination av mandala och tribal, perfekt f\u00f6r den som s\u00f6ker en tatuering med djupare mening (p\u00e5 svanken s\u00e5klart). \u2022 Stora Vingar: Imponerande och detaljrika vingar som ger en k\u00e4nsla av frihet och elegans. \u2022 Mindre Fj\u00e4ril: En delikat och vacker design som l\u00e4gger till en feminin touch.  Like Ink&#039;s gnuggistatueringar \u00e4r tillverkade av h\u00f6gkvalitativt material som s\u00e4kerst\u00e4ller en l\u00e5ngvarig och realistisk look. Tatueringarna \u00e4r enkla att applicera, vattent\u00e5liga och h\u00e5ller i flera dagar.  Vad \u00e4r en Tramp Stamp Tatuering? En Tramp Stamp \u00e4r en informell ben\u00e4mning p\u00e5 en tatuering som placeras p\u00e5 den nedre delen av ryggen. Denna typ av tatuering blev s\u00e4rskilt popul\u00e4r under 1990- och tidiga 2000-talen och har nyligen sett en \u00e5terupplivning i popularitet. Tramp Stamps kan inneh\u00e5lla olika design, fr\u00e5n tribala m\u00f6nster till mandalas och symboler, det viktiga h\u00e4r \u00e4r placeringen. En Tramp Stamp placeras i svanken, nedre delen av ryggen. Tatueringarna syntes ofta i skvallertidningar under 2000-talets b\u00f6rjan ofta p\u00e5 bilder ihop med l\u00e5ga jeans eller crop tops p\u00e5 kvinnliga k\u00e4ndisar. Oavsett om du \u00e4r ute efter att prova p\u00e5 en Tramp Stamp innan du g\u00f6r en permanent, eller bara vill variera din stil f\u00f6r en dag, erbjuder Like Ink det perfekta s\u00e4ttet att utforska din kreativitet. F\u00f6rgyll din hud med en klassisk Tramp Stamp Tatuering helt enkelt.  Storlek ark: A5 Antal tatueringar: 5 Storlek Tatueringar: 6-19 cm\" \/>\n<meta property=\"og:url\" content=\"https:\/\/likeink.com\/sv\/gnuggisar\/tramp-stamp-tatueringar\/\" \/>\n<meta property=\"og:site_name\" content=\"Like ink\" \/>\n<meta property=\"article:publisher\" content=\"https:\/\/www.facebook.com\/LikeInkSe\" \/>\n<meta property=\"article:modified_time\" content=\"2026-04-14T12:52:14+00:00\" \/>\n<meta property=\"og:image\" content=\"https:\/\/likeink.com\/wp-content\/uploads\/2024\/03\/TrampStampTattoos-Likeink.jpg\" \/>\n\t<meta property=\"og:image:width\" content=\"1985\" \/>\n\t<meta property=\"og:image:height\" content=\"1400\" \/>\n\t<meta property=\"og:image:type\" content=\"image\/jpeg\" \/>\n<meta name=\"twitter:card\" content=\"summary_large_image\" \/>\n<meta name=\"twitter:label1\" content=\"Ber\u00e4knad l\u00e4stid\" \/>\n\t<meta name=\"twitter:data1\" content=\"1 minut\" \/>\n<!-- \/ Yoast SEO Premium plugin. -->","yoast_head_json":{"title":"Tramp Stamp Tatueringar - Like ink","description":"Tramp Stamp Tatueringar som h\u00e5ller i upp till en vecka. Klassiska tribaler. vingar och mandala motiv som passar perfekt i svanken. - Like ink","robots":{"index":"index","follow":"follow","max-snippet":"max-snippet:-1","max-image-preview":"max-image-preview:large","max-video-preview":"max-video-preview:-1"},"canonical":"https:\/\/likeink.com\/sv\/gnuggisar\/tramp-stamp-tatueringar\/","og_locale":"sv_SE","og_type":"article","og_title":"Tramp Stamp Tatueringar","og_description":"Tramp Stamp tatueringar, en g\u00e5ng ikoniska under 90 och 2000-talet, har gjort en storstilad comeback och blivit popul\u00e4ra igen bland alla \u00e5ldrar v\u00e4rlden \u00f6ver. Best\u00e4ll Tramp Stamp Tatueringar, vi skickar dina gnuggisar inom 24 timmar. Like Ink's samling med gnuggistatueringar ger dig ett ark med fem noggrant utvalda design:s som firar denna \u00e5teruppst\u00e5ndna trend. Kollektionen inkluderar: \u2022 Klassisk Tribal: En tidl\u00f6s design som \u00e5terspeglar styrka och mystik. \u2022 Mandala Tribal: En f\u00f6rtrollande kombination av mandala och tribal, perfekt f\u00f6r den som s\u00f6ker en tatuering med djupare mening (p\u00e5 svanken s\u00e5klart). \u2022 Stora Vingar: Imponerande och detaljrika vingar som ger en k\u00e4nsla av frihet och elegans. \u2022 Mindre Fj\u00e4ril: En delikat och vacker design som l\u00e4gger till en feminin touch.  Like Ink's gnuggistatueringar \u00e4r tillverkade av h\u00f6gkvalitativt material som s\u00e4kerst\u00e4ller en l\u00e5ngvarig och realistisk look. Tatueringarna \u00e4r enkla att applicera, vattent\u00e5liga och h\u00e5ller i flera dagar.  Vad \u00e4r en Tramp Stamp Tatuering? En Tramp Stamp \u00e4r en informell ben\u00e4mning p\u00e5 en tatuering som placeras p\u00e5 den nedre delen av ryggen. Denna typ av tatuering blev s\u00e4rskilt popul\u00e4r under 1990- och tidiga 2000-talen och har nyligen sett en \u00e5terupplivning i popularitet. Tramp Stamps kan inneh\u00e5lla olika design, fr\u00e5n tribala m\u00f6nster till mandalas och symboler, det viktiga h\u00e4r \u00e4r placeringen. En Tramp Stamp placeras i svanken, nedre delen av ryggen. Tatueringarna syntes ofta i skvallertidningar under 2000-talets b\u00f6rjan ofta p\u00e5 bilder ihop med l\u00e5ga jeans eller crop tops p\u00e5 kvinnliga k\u00e4ndisar. Oavsett om du \u00e4r ute efter att prova p\u00e5 en Tramp Stamp innan du g\u00f6r en permanent, eller bara vill variera din stil f\u00f6r en dag, erbjuder Like Ink det perfekta s\u00e4ttet att utforska din kreativitet. F\u00f6rgyll din hud med en klassisk Tramp Stamp Tatuering helt enkelt.  Storlek ark: A5 Antal tatueringar: 5 Storlek Tatueringar: 6-19 cm","og_url":"https:\/\/likeink.com\/sv\/gnuggisar\/tramp-stamp-tatueringar\/","og_site_name":"Like ink","article_publisher":"https:\/\/www.facebook.com\/LikeInkSe","article_modified_time":"2026-04-14T12:52:14+00:00","og_image":[{"width":1985,"height":1400,"url":"https:\/\/likeink.com\/wp-content\/uploads\/2024\/03\/TrampStampTattoos-Likeink.jpg","type":"image\/jpeg"}],"twitter_card":"summary_large_image","twitter_misc":{"Ber\u00e4knad l\u00e4stid":"1 minut"},"schema":{"@context":"https:\/\/schema.org","@graph":[{"@type":"WebPage","@id":"https:\/\/likeink.com\/sv\/gnuggisar\/tramp-stamp-tatueringar\/","url":"https:\/\/likeink.com\/sv\/gnuggisar\/tramp-stamp-tatueringar\/","name":"Tramp Stamp Tatueringar - Like ink","isPartOf":{"@id":"https:\/\/likeink.com\/sv\/#website"},"primaryImageOfPage":{"@id":"https:\/\/likeink.com\/sv\/gnuggisar\/tramp-stamp-tatueringar\/#primaryimage"},"image":{"@id":"https:\/\/likeink.com\/sv\/gnuggisar\/tramp-stamp-tatueringar\/#primaryimage"},"thumbnailUrl":"https:\/\/likeink.com\/wp-content\/uploads\/2024\/03\/TrampStampTattoos-Likeink.jpg","datePublished":"2024-03-06T12:45:11+00:00","dateModified":"2026-04-14T12:52:14+00:00","description":"Tramp Stamp Tatueringar som h\u00e5ller i upp till en vecka. Klassiska tribaler. vingar och mandala motiv som passar perfekt i svanken. - Like ink","breadcrumb":{"@id":"https:\/\/likeink.com\/sv\/gnuggisar\/tramp-stamp-tatueringar\/#breadcrumb"},"inLanguage":"sv-SE","potentialAction":[{"@type":"ReadAction","target":["https:\/\/likeink.com\/sv\/gnuggisar\/tramp-stamp-tatueringar\/"]}]},{"@type":"ImageObject","inLanguage":"sv-SE","@id":"https:\/\/likeink.com\/sv\/gnuggisar\/tramp-stamp-tatueringar\/#primaryimage","url":"https:\/\/likeink.com\/wp-content\/uploads\/2024\/03\/TrampStampTattoos-Likeink.jpg","contentUrl":"https:\/\/likeink.com\/wp-content\/uploads\/2024\/03\/TrampStampTattoos-Likeink.jpg","width":1985,"height":1400,"caption":"Svarta Gnuggistatueringar f\u00f6r L\u00e4ndryggen: En Variation av Motiv inklusive Tribal, Vingar, Fj\u00e4ril, och Tribal Mandala"},{"@type":"BreadcrumbList","@id":"https:\/\/likeink.com\/sv\/gnuggisar\/tramp-stamp-tatueringar\/#breadcrumb","itemListElement":[{"@type":"ListItem","position":1,"name":"Hem","item":"https:\/\/likeink.com\/sv\/"},{"@type":"ListItem","position":2,"name":"Webbutik","item":"https:\/\/likeink.com\/sv\/webbutik\/"},{"@type":"ListItem","position":3,"name":"Tramp Stamp Tatueringar"}]},{"@type":"WebSite","@id":"https:\/\/likeink.com\/sv\/#website","url":"https:\/\/likeink.com\/sv\/","name":"Like ink","description":"Make your own custom design","potentialAction":[{"@type":"SearchAction","target":{"@type":"EntryPoint","urlTemplate":"https:\/\/likeink.com\/sv\/?s={search_term_string}"},"query-input":{"@type":"PropertyValueSpecification","valueRequired":true,"valueName":"search_term_string"}}],"inLanguage":"sv-SE"}]}},"_links":{"self":[{"href":"https:\/\/likeink.com\/sv\/wp-json\/wp\/v2\/product\/25420","targetHints":{"allow":["GET"]}}],"collection":[{"href":"https:\/\/likeink.com\/sv\/wp-json\/wp\/v2\/product"}],"about":[{"href":"https:\/\/likeink.com\/sv\/wp-json\/wp\/v2\/types\/product"}],"wp:featuredmedia":[{"embeddable":true,"href":"https:\/\/likeink.com\/sv\/wp-json\/wp\/v2\/media\/25399"}],"wp:attachment":[{"href":"https:\/\/likeink.com\/sv\/wp-json\/wp\/v2\/media?parent=25420"}],"wp:term":[{"taxonomy":"product_brand","embeddable":true,"href":"https:\/\/likeink.com\/sv\/wp-json\/wp\/v2\/product_brand?post=25420"},{"taxonomy":"product_cat","embeddable":true,"href":"https:\/\/likeink.com\/sv\/wp-json\/wp\/v2\/product_cat?post=25420"},{"taxonomy":"product_tag","embeddable":true,"href":"https:\/\/likeink.com\/sv\/wp-json\/wp\/v2\/product_tag?post=25420"}],"curies":[{"name":"wp","href":"https:\/\/api.w.org\/{rel}","templated":true}]}}