{"id":25478,"date":"2024-03-08T15:19:18","date_gmt":"2024-03-08T15:19:18","guid":{"rendered":"https:\/\/likeink.se\/?post_type=product&#038;p=25478"},"modified":"2026-04-14T12:34:07","modified_gmt":"2026-04-14T12:34:07","slug":"dahlia-tatueringar","status":"publish","type":"product","link":"https:\/\/likeink.com\/sv\/gnuggisar\/dahlia-tatueringar\/","title":{"rendered":"Dahlia tatueringar"},"content":{"rendered":"","protected":false},"excerpt":{"rendered":"<p>Dahlia tatueringar, tempor\u00e4ra tatueringar som \u00e4r enkla att applicera och h\u00e5ller bra. Dahlia som tatuering symboliserar en rad djupa betydelser och k\u00e4nslor. Dahlia blommor \u00e4r k\u00e4nda f\u00f6r sin sk\u00f6nhet och sitt unika utseende.<\/p>\n<h2>K\u00f6p Dahlia tatueringar i bra kvalitet och f\u00e5 snabb leverans.<\/h2>\n<p>H\u00e4r \u00e4r n\u00e5gra av de vanligaste betydelserna associerade med dahlia-tatueringar:<br \/>\n1. Styrka och Motst\u00e5ndskraft: Dahlia v\u00e4xer och blomstrar trots utmanande f\u00f6rh\u00e5llanden, vilket g\u00f6r dem till en symbol f\u00f6r att kunna \u00f6vervinna motg\u00e5ngar och visa styrka i sv\u00e5ra tider.<br \/>\n2. Unikhet och Individualitet: Med sina m\u00e5nga varianter och f\u00e4rgkombinationer representerar dahlia unikhet och uppmuntrar till att omfamna ens egen individualitet.<br \/>\n3. F\u00f6r\u00e4ndring och Transformation: Dahliaens blomningss\u00e4song signalerar \u00f6verg\u00e5ngen fr\u00e5n sommar till h\u00f6st, vilket g\u00f6r dem till en symbol f\u00f6r f\u00f6r\u00e4ndring och personlig tillv\u00e4xt.<br \/>\n4. Engagemang och Evig K\u00e4rlek: I viktoriansk tid anv\u00e4ndes dahlior f\u00f6r att uttrycka ett evigt band och ett \u00e5tagande gentemot n\u00e5gon, vilket g\u00f6r dem till en symbol f\u00f6r l\u00e5ngvarig k\u00e4rlek och engagemang.<br \/>\n5. Elegans och Inre Styrka: Dahlian \u00e4r ocks\u00e5 en representation av sofistikation och elegans, tillsammans med en inre styrka som kommer fr\u00e5n sj\u00e4lvk\u00e4nsla och f\u00f6rm\u00e5gan att st\u00e5 ut fr\u00e5n m\u00e4ngden.<br \/>\nEn dahlia-tatuering kan allts\u00e5 b\u00e4ra flera lager av betydelse, beroende p\u00e5 b\u00e4rarens personliga erfarenheter och de specifika attribut hos blomman de k\u00e4nner sig mest dragna till.<\/p>\n<p><strong>Sheet size:<\/strong> A5<br \/>\n<strong>Number of tattoos:<\/strong> 6<br \/>\n<strong>Size of Tattoos:<\/strong> 6 cm<\/p>\n","protected":false},"featured_media":25471,"template":"","meta":[],"product_brand":[],"product_cat":[488,129,17],"product_tag":[],"class_list":{"0":"post-25478","1":"product","2":"type-product","3":"status-publish","4":"has-post-thumbnail","6":"product_cat-djur-natur","7":"product_cat-djur-natur-tatueringar-blommor-tatuering","8":"product_cat-fardiga-ark","10":"first","11":"instock","12":"taxable","13":"shipping-taxable","14":"purchasable","15":"product-type-simple"},"yoast_head":"<!-- This site is optimized with the Yoast SEO Premium plugin v26.2 (Yoast SEO v27.4) - https:\/\/yoast.com\/product\/yoast-seo-premium-wordpress\/ -->\n<title>Dahlia tatueringar - Like ink<\/title>\n<meta name=\"description\" content=\"Sex tempor\u00e4ra Dahlia tatueringar i vackra f\u00e4rger. H\u00e5llbara och fina Dhalia tatueringar som skickas inom 24 timmar. - Like ink\" \/>\n<meta name=\"robots\" content=\"index, follow, max-snippet:-1, max-image-preview:large, max-video-preview:-1\" \/>\n<link rel=\"canonical\" href=\"https:\/\/likeink.com\/sv\/gnuggisar\/dahlia-tatueringar\/\" \/>\n<meta property=\"og:locale\" content=\"sv_SE\" \/>\n<meta property=\"og:type\" content=\"article\" \/>\n<meta property=\"og:title\" content=\"Dahlia tatueringar\" \/>\n<meta property=\"og:description\" content=\"Dahlia tatueringar, tempor\u00e4ra tatueringar som \u00e4r enkla att applicera och h\u00e5ller bra. Dahlia som tatuering symboliserar en rad djupa betydelser och k\u00e4nslor. Dahlia blommor \u00e4r k\u00e4nda f\u00f6r sin sk\u00f6nhet och sitt unika utseende. K\u00f6p Dahlia tatueringar i bra kvalitet och f\u00e5 snabb leverans. H\u00e4r \u00e4r n\u00e5gra av de vanligaste betydelserna associerade med dahlia-tatueringar: 1. Styrka och Motst\u00e5ndskraft: Dahlia v\u00e4xer och blomstrar trots utmanande f\u00f6rh\u00e5llanden, vilket g\u00f6r dem till en symbol f\u00f6r att kunna \u00f6vervinna motg\u00e5ngar och visa styrka i sv\u00e5ra tider. 2. Unikhet och Individualitet: Med sina m\u00e5nga varianter och f\u00e4rgkombinationer representerar dahlia unikhet och uppmuntrar till att omfamna ens egen individualitet. 3. F\u00f6r\u00e4ndring och Transformation: Dahliaens blomningss\u00e4song signalerar \u00f6verg\u00e5ngen fr\u00e5n sommar till h\u00f6st, vilket g\u00f6r dem till en symbol f\u00f6r f\u00f6r\u00e4ndring och personlig tillv\u00e4xt. 4. Engagemang och Evig K\u00e4rlek: I viktoriansk tid anv\u00e4ndes dahlior f\u00f6r att uttrycka ett evigt band och ett \u00e5tagande gentemot n\u00e5gon, vilket g\u00f6r dem till en symbol f\u00f6r l\u00e5ngvarig k\u00e4rlek och engagemang. 5. Elegans och Inre Styrka: Dahlian \u00e4r ocks\u00e5 en representation av sofistikation och elegans, tillsammans med en inre styrka som kommer fr\u00e5n sj\u00e4lvk\u00e4nsla och f\u00f6rm\u00e5gan att st\u00e5 ut fr\u00e5n m\u00e4ngden. En dahlia-tatuering kan allts\u00e5 b\u00e4ra flera lager av betydelse, beroende p\u00e5 b\u00e4rarens personliga erfarenheter och de specifika attribut hos blomman de k\u00e4nner sig mest dragna till.  Sheet size: A5 Number of tattoos: 6 Size of Tattoos: 6 cm\" \/>\n<meta property=\"og:url\" content=\"https:\/\/likeink.com\/sv\/gnuggisar\/dahlia-tatueringar\/\" \/>\n<meta property=\"og:site_name\" content=\"Like ink\" \/>\n<meta property=\"article:publisher\" content=\"https:\/\/www.facebook.com\/LikeInkSe\" \/>\n<meta property=\"article:modified_time\" content=\"2026-04-14T12:34:07+00:00\" \/>\n<meta property=\"og:image\" content=\"https:\/\/likeink.com\/wp-content\/uploads\/2024\/03\/Dahlia-tatueringar-Likeink-1.jpg\" \/>\n\t<meta property=\"og:image:width\" content=\"1985\" \/>\n\t<meta property=\"og:image:height\" content=\"1400\" \/>\n\t<meta property=\"og:image:type\" content=\"image\/jpeg\" \/>\n<meta name=\"twitter:card\" content=\"summary_large_image\" \/>\n<meta name=\"twitter:label1\" content=\"Ber\u00e4knad l\u00e4stid\" \/>\n\t<meta name=\"twitter:data1\" content=\"1 minut\" \/>\n<script type=\"application\/ld+json\" class=\"yoast-schema-graph\">{\"@context\":\"https:\\\/\\\/schema.org\",\"@graph\":[{\"@type\":\"WebPage\",\"@id\":\"https:\\\/\\\/likeink.com\\\/sv\\\/gnuggisar\\\/dahlia-tatueringar\\\/\",\"url\":\"https:\\\/\\\/likeink.com\\\/sv\\\/gnuggisar\\\/dahlia-tatueringar\\\/\",\"name\":\"Dahlia tatueringar - Like ink\",\"isPartOf\":{\"@id\":\"https:\\\/\\\/likeink.com\\\/sv\\\/#website\"},\"primaryImageOfPage\":{\"@id\":\"https:\\\/\\\/likeink.com\\\/sv\\\/gnuggisar\\\/dahlia-tatueringar\\\/#primaryimage\"},\"image\":{\"@id\":\"https:\\\/\\\/likeink.com\\\/sv\\\/gnuggisar\\\/dahlia-tatueringar\\\/#primaryimage\"},\"thumbnailUrl\":\"https:\\\/\\\/likeink.com\\\/wp-content\\\/uploads\\\/2024\\\/03\\\/Dahlia-tatueringar-Likeink-1.jpg\",\"datePublished\":\"2024-03-08T15:19:18+00:00\",\"dateModified\":\"2026-04-14T12:34:07+00:00\",\"description\":\"Sex tempor\u00e4ra Dahlia tatueringar i vackra f\u00e4rger. H\u00e5llbara och fina Dhalia tatueringar som skickas inom 24 timmar. - Like ink\",\"breadcrumb\":{\"@id\":\"https:\\\/\\\/likeink.com\\\/sv\\\/gnuggisar\\\/dahlia-tatueringar\\\/#breadcrumb\"},\"inLanguage\":\"sv-SE\",\"potentialAction\":[{\"@type\":\"ReadAction\",\"target\":[\"https:\\\/\\\/likeink.com\\\/sv\\\/gnuggisar\\\/dahlia-tatueringar\\\/\"]}]},{\"@type\":\"ImageObject\",\"inLanguage\":\"sv-SE\",\"@id\":\"https:\\\/\\\/likeink.com\\\/sv\\\/gnuggisar\\\/dahlia-tatueringar\\\/#primaryimage\",\"url\":\"https:\\\/\\\/likeink.com\\\/wp-content\\\/uploads\\\/2024\\\/03\\\/Dahlia-tatueringar-Likeink-1.jpg\",\"contentUrl\":\"https:\\\/\\\/likeink.com\\\/wp-content\\\/uploads\\\/2024\\\/03\\\/Dahlia-tatueringar-Likeink-1.jpg\",\"width\":1985,\"height\":1400,\"caption\":\"Dahla tatueringar\"},{\"@type\":\"BreadcrumbList\",\"@id\":\"https:\\\/\\\/likeink.com\\\/sv\\\/gnuggisar\\\/dahlia-tatueringar\\\/#breadcrumb\",\"itemListElement\":[{\"@type\":\"ListItem\",\"position\":1,\"name\":\"Hem\",\"item\":\"https:\\\/\\\/likeink.com\\\/sv\\\/\"},{\"@type\":\"ListItem\",\"position\":2,\"name\":\"Webbutik\",\"item\":\"https:\\\/\\\/likeink.com\\\/sv\\\/webbutik\\\/\"},{\"@type\":\"ListItem\",\"position\":3,\"name\":\"Dahlia tatueringar\"}]},{\"@type\":\"WebSite\",\"@id\":\"https:\\\/\\\/likeink.com\\\/sv\\\/#website\",\"url\":\"https:\\\/\\\/likeink.com\\\/sv\\\/\",\"name\":\"Like ink\",\"description\":\"Make your own custom design\",\"potentialAction\":[{\"@type\":\"SearchAction\",\"target\":{\"@type\":\"EntryPoint\",\"urlTemplate\":\"https:\\\/\\\/likeink.com\\\/sv\\\/?s={search_term_string}\"},\"query-input\":{\"@type\":\"PropertyValueSpecification\",\"valueRequired\":true,\"valueName\":\"search_term_string\"}}],\"inLanguage\":\"sv-SE\"}]}<\/script>\n<!-- \/ Yoast SEO Premium plugin. -->","yoast_head_json":{"title":"Dahlia tatueringar - Like ink","description":"Sex tempor\u00e4ra Dahlia tatueringar i vackra f\u00e4rger. H\u00e5llbara och fina Dhalia tatueringar som skickas inom 24 timmar. - Like ink","robots":{"index":"index","follow":"follow","max-snippet":"max-snippet:-1","max-image-preview":"max-image-preview:large","max-video-preview":"max-video-preview:-1"},"canonical":"https:\/\/likeink.com\/sv\/gnuggisar\/dahlia-tatueringar\/","og_locale":"sv_SE","og_type":"article","og_title":"Dahlia tatueringar","og_description":"Dahlia tatueringar, tempor\u00e4ra tatueringar som \u00e4r enkla att applicera och h\u00e5ller bra. Dahlia som tatuering symboliserar en rad djupa betydelser och k\u00e4nslor. Dahlia blommor \u00e4r k\u00e4nda f\u00f6r sin sk\u00f6nhet och sitt unika utseende. K\u00f6p Dahlia tatueringar i bra kvalitet och f\u00e5 snabb leverans. H\u00e4r \u00e4r n\u00e5gra av de vanligaste betydelserna associerade med dahlia-tatueringar: 1. Styrka och Motst\u00e5ndskraft: Dahlia v\u00e4xer och blomstrar trots utmanande f\u00f6rh\u00e5llanden, vilket g\u00f6r dem till en symbol f\u00f6r att kunna \u00f6vervinna motg\u00e5ngar och visa styrka i sv\u00e5ra tider. 2. Unikhet och Individualitet: Med sina m\u00e5nga varianter och f\u00e4rgkombinationer representerar dahlia unikhet och uppmuntrar till att omfamna ens egen individualitet. 3. F\u00f6r\u00e4ndring och Transformation: Dahliaens blomningss\u00e4song signalerar \u00f6verg\u00e5ngen fr\u00e5n sommar till h\u00f6st, vilket g\u00f6r dem till en symbol f\u00f6r f\u00f6r\u00e4ndring och personlig tillv\u00e4xt. 4. Engagemang och Evig K\u00e4rlek: I viktoriansk tid anv\u00e4ndes dahlior f\u00f6r att uttrycka ett evigt band och ett \u00e5tagande gentemot n\u00e5gon, vilket g\u00f6r dem till en symbol f\u00f6r l\u00e5ngvarig k\u00e4rlek och engagemang. 5. Elegans och Inre Styrka: Dahlian \u00e4r ocks\u00e5 en representation av sofistikation och elegans, tillsammans med en inre styrka som kommer fr\u00e5n sj\u00e4lvk\u00e4nsla och f\u00f6rm\u00e5gan att st\u00e5 ut fr\u00e5n m\u00e4ngden. En dahlia-tatuering kan allts\u00e5 b\u00e4ra flera lager av betydelse, beroende p\u00e5 b\u00e4rarens personliga erfarenheter och de specifika attribut hos blomman de k\u00e4nner sig mest dragna till.  Sheet size: A5 Number of tattoos: 6 Size of Tattoos: 6 cm","og_url":"https:\/\/likeink.com\/sv\/gnuggisar\/dahlia-tatueringar\/","og_site_name":"Like ink","article_publisher":"https:\/\/www.facebook.com\/LikeInkSe","article_modified_time":"2026-04-14T12:34:07+00:00","og_image":[{"width":1985,"height":1400,"url":"https:\/\/likeink.com\/wp-content\/uploads\/2024\/03\/Dahlia-tatueringar-Likeink-1.jpg","type":"image\/jpeg"}],"twitter_card":"summary_large_image","twitter_misc":{"Ber\u00e4knad l\u00e4stid":"1 minut"},"schema":{"@context":"https:\/\/schema.org","@graph":[{"@type":"WebPage","@id":"https:\/\/likeink.com\/sv\/gnuggisar\/dahlia-tatueringar\/","url":"https:\/\/likeink.com\/sv\/gnuggisar\/dahlia-tatueringar\/","name":"Dahlia tatueringar - Like ink","isPartOf":{"@id":"https:\/\/likeink.com\/sv\/#website"},"primaryImageOfPage":{"@id":"https:\/\/likeink.com\/sv\/gnuggisar\/dahlia-tatueringar\/#primaryimage"},"image":{"@id":"https:\/\/likeink.com\/sv\/gnuggisar\/dahlia-tatueringar\/#primaryimage"},"thumbnailUrl":"https:\/\/likeink.com\/wp-content\/uploads\/2024\/03\/Dahlia-tatueringar-Likeink-1.jpg","datePublished":"2024-03-08T15:19:18+00:00","dateModified":"2026-04-14T12:34:07+00:00","description":"Sex tempor\u00e4ra Dahlia tatueringar i vackra f\u00e4rger. H\u00e5llbara och fina Dhalia tatueringar som skickas inom 24 timmar. - Like ink","breadcrumb":{"@id":"https:\/\/likeink.com\/sv\/gnuggisar\/dahlia-tatueringar\/#breadcrumb"},"inLanguage":"sv-SE","potentialAction":[{"@type":"ReadAction","target":["https:\/\/likeink.com\/sv\/gnuggisar\/dahlia-tatueringar\/"]}]},{"@type":"ImageObject","inLanguage":"sv-SE","@id":"https:\/\/likeink.com\/sv\/gnuggisar\/dahlia-tatueringar\/#primaryimage","url":"https:\/\/likeink.com\/wp-content\/uploads\/2024\/03\/Dahlia-tatueringar-Likeink-1.jpg","contentUrl":"https:\/\/likeink.com\/wp-content\/uploads\/2024\/03\/Dahlia-tatueringar-Likeink-1.jpg","width":1985,"height":1400,"caption":"Dahla tatueringar"},{"@type":"BreadcrumbList","@id":"https:\/\/likeink.com\/sv\/gnuggisar\/dahlia-tatueringar\/#breadcrumb","itemListElement":[{"@type":"ListItem","position":1,"name":"Hem","item":"https:\/\/likeink.com\/sv\/"},{"@type":"ListItem","position":2,"name":"Webbutik","item":"https:\/\/likeink.com\/sv\/webbutik\/"},{"@type":"ListItem","position":3,"name":"Dahlia tatueringar"}]},{"@type":"WebSite","@id":"https:\/\/likeink.com\/sv\/#website","url":"https:\/\/likeink.com\/sv\/","name":"Like ink","description":"Make your own custom design","potentialAction":[{"@type":"SearchAction","target":{"@type":"EntryPoint","urlTemplate":"https:\/\/likeink.com\/sv\/?s={search_term_string}"},"query-input":{"@type":"PropertyValueSpecification","valueRequired":true,"valueName":"search_term_string"}}],"inLanguage":"sv-SE"}]}},"_links":{"self":[{"href":"https:\/\/likeink.com\/sv\/wp-json\/wp\/v2\/product\/25478","targetHints":{"allow":["GET"]}}],"collection":[{"href":"https:\/\/likeink.com\/sv\/wp-json\/wp\/v2\/product"}],"about":[{"href":"https:\/\/likeink.com\/sv\/wp-json\/wp\/v2\/types\/product"}],"wp:featuredmedia":[{"embeddable":true,"href":"https:\/\/likeink.com\/sv\/wp-json\/wp\/v2\/media\/25471"}],"wp:attachment":[{"href":"https:\/\/likeink.com\/sv\/wp-json\/wp\/v2\/media?parent=25478"}],"wp:term":[{"taxonomy":"product_brand","embeddable":true,"href":"https:\/\/likeink.com\/sv\/wp-json\/wp\/v2\/product_brand?post=25478"},{"taxonomy":"product_cat","embeddable":true,"href":"https:\/\/likeink.com\/sv\/wp-json\/wp\/v2\/product_cat?post=25478"},{"taxonomy":"product_tag","embeddable":true,"href":"https:\/\/likeink.com\/sv\/wp-json\/wp\/v2\/product_tag?post=25478"}],"curies":[{"name":"wp","href":"https:\/\/api.w.org\/{rel}","templated":true}]}}