{"id":26345,"date":"2024-04-17T19:41:13","date_gmt":"2024-04-17T19:41:13","guid":{"rendered":"https:\/\/likeink.se\/?post_type=product&#038;p=26345"},"modified":"2026-04-14T14:03:23","modified_gmt":"2026-04-14T14:03:23","slug":"sverige-flagga-tatueringar","status":"publish","type":"product","link":"https:\/\/likeink.com\/sv\/gnuggisar\/sverige-flagga-tatueringar\/","title":{"rendered":"Sverige flagga tatueringar"},"content":{"rendered":"<p>Sverige flagga tatueringar p\u00e5 ark i blandade storlekar.<\/p>\n","protected":false},"excerpt":{"rendered":"<p>Sverige flagga tatueringar p\u00e5 ark i blandade storlekar. En tatuering med Sveriges flagga passar perfekt p\u00e5 studenten, p\u00e5 landskamper, under OS, VM och EM, nationaldagen och andra tillf\u00e4llen n\u00e4r du vill smycka kropp och ansikte med en bl\u00e5gul tatuering.<\/p>\n<h2>K\u00f6p Sverigeflaggor som tempor\u00e4ra tatueringar.<\/h2>\n<p>Sj\u00e4lva motivet \u00e4r framtaget av oss p\u00e5 Like ink, i \u00e4kta tatueringsstil med tydliga kantlinjer och en fin gul och bl\u00e5 f\u00e4rg.<\/p>\n<p>Like inks tatueringar passar b\u00e5de vuxna och barn. V\u00e5ra tempor\u00e4ra tatueringar \u00e4r enkla att applicera, tv\u00e4tta bort och \u00e4r skonsamma mot huden. Vi trycker i eget tryckeri som ligger i Malm\u00f6 och skickar din order inom ett dygn.<\/p>\n<p><strong>Storlek ark:<\/strong> A5<br \/>\n<strong>Antal Sverige flaggor tatueringar:<\/strong> 15<br \/>\n<strong>Storlek tatueringar:<\/strong> 60, 45, 35 och 30 mm<\/p>\n","protected":false},"featured_media":26338,"template":"","meta":[],"product_brand":[],"product_cat":[17,137,490],"product_tag":[],"class_list":{"0":"post-26345","1":"product","2":"type-product","3":"status-publish","4":"has-post-thumbnail","6":"product_cat-fardiga-ark","7":"product_cat-hogtider-tatuering","8":"product_cat-maskerad-sasong","10":"first","11":"instock","12":"taxable","13":"shipping-taxable","14":"purchasable","15":"product-type-simple"},"yoast_head":"<!-- This site is optimized with the Yoast SEO Premium plugin v26.2 (Yoast SEO v27.4) - https:\/\/yoast.com\/product\/yoast-seo-premium-wordpress\/ -->\n<title>Sverige flagga tatueringar - Like ink<\/title>\n<meta name=\"description\" content=\"Sverige flagga tatueringar perfekt p\u00e5 landskamper, vid studentfirande, sveriges nationaldag och andra tillf\u00e4llen n\u00e4r du vill visa upp Sveriges flagga.\" \/>\n<meta name=\"robots\" content=\"index, follow, max-snippet:-1, max-image-preview:large, max-video-preview:-1\" \/>\n<link rel=\"canonical\" href=\"https:\/\/likeink.com\/sv\/gnuggisar\/sverige-flagga-tatueringar\/\" \/>\n<meta property=\"og:locale\" content=\"sv_SE\" \/>\n<meta property=\"og:type\" content=\"article\" \/>\n<meta property=\"og:title\" content=\"Sverige flagga tatueringar\" \/>\n<meta property=\"og:description\" content=\"Sverige flagga tatueringar p\u00e5 ark i blandade storlekar. En tatuering med Sveriges flagga passar perfekt p\u00e5 studenten, p\u00e5 landskamper, under OS, VM och EM, nationaldagen och andra tillf\u00e4llen n\u00e4r du vill smycka kropp och ansikte med en bl\u00e5gul tatuering. K\u00f6p Sverigeflaggor som tempor\u00e4ra tatueringar. Sj\u00e4lva motivet \u00e4r framtaget av oss p\u00e5 Like ink, i \u00e4kta tatueringsstil med tydliga kantlinjer och en fin gul och bl\u00e5 f\u00e4rg.  Like inks tatueringar passar b\u00e5de vuxna och barn. V\u00e5ra tempor\u00e4ra tatueringar \u00e4r enkla att applicera, tv\u00e4tta bort och \u00e4r skonsamma mot huden. Vi trycker i eget tryckeri som ligger i Malm\u00f6 och skickar din order inom ett dygn.  Storlek ark: A5 Antal Sverige flaggor tatueringar: 15 Storlek tatueringar: 60, 45, 35 och 30 mm\" \/>\n<meta property=\"og:url\" content=\"https:\/\/likeink.com\/sv\/gnuggisar\/sverige-flagga-tatueringar\/\" \/>\n<meta property=\"og:site_name\" content=\"Like ink\" \/>\n<meta property=\"article:publisher\" content=\"https:\/\/www.facebook.com\/LikeInkSe\" \/>\n<meta property=\"article:modified_time\" content=\"2026-04-14T14:03:23+00:00\" \/>\n<meta property=\"og:image\" content=\"https:\/\/likeink.com\/wp-content\/uploads\/2024\/04\/Sverigeflaggor-temporaratatueringar-likeink.jpg\" \/>\n\t<meta property=\"og:image:width\" content=\"1600\" \/>\n\t<meta property=\"og:image:height\" content=\"1127\" \/>\n\t<meta property=\"og:image:type\" content=\"image\/jpeg\" \/>\n<meta name=\"twitter:card\" content=\"summary_large_image\" \/>\n<meta name=\"twitter:label1\" content=\"Ber\u00e4knad l\u00e4stid\" \/>\n\t<meta name=\"twitter:data1\" content=\"1 minut\" \/>\n<script type=\"application\/ld+json\" class=\"yoast-schema-graph\">{\"@context\":\"https:\\\/\\\/schema.org\",\"@graph\":[{\"@type\":\"WebPage\",\"@id\":\"https:\\\/\\\/likeink.com\\\/sv\\\/gnuggisar\\\/sverige-flagga-tatueringar\\\/\",\"url\":\"https:\\\/\\\/likeink.com\\\/sv\\\/gnuggisar\\\/sverige-flagga-tatueringar\\\/\",\"name\":\"Sverige flagga tatueringar - Like ink\",\"isPartOf\":{\"@id\":\"https:\\\/\\\/likeink.com\\\/sv\\\/#website\"},\"primaryImageOfPage\":{\"@id\":\"https:\\\/\\\/likeink.com\\\/sv\\\/gnuggisar\\\/sverige-flagga-tatueringar\\\/#primaryimage\"},\"image\":{\"@id\":\"https:\\\/\\\/likeink.com\\\/sv\\\/gnuggisar\\\/sverige-flagga-tatueringar\\\/#primaryimage\"},\"thumbnailUrl\":\"https:\\\/\\\/likeink.com\\\/wp-content\\\/uploads\\\/2024\\\/04\\\/Sverigeflaggor-temporaratatueringar-likeink.jpg\",\"datePublished\":\"2024-04-17T19:41:13+00:00\",\"dateModified\":\"2026-04-14T14:03:23+00:00\",\"description\":\"Sverige flagga tatueringar perfekt p\u00e5 landskamper, vid studentfirande, sveriges nationaldag och andra tillf\u00e4llen n\u00e4r du vill visa upp Sveriges flagga.\",\"breadcrumb\":{\"@id\":\"https:\\\/\\\/likeink.com\\\/sv\\\/gnuggisar\\\/sverige-flagga-tatueringar\\\/#breadcrumb\"},\"inLanguage\":\"sv-SE\",\"potentialAction\":[{\"@type\":\"ReadAction\",\"target\":[\"https:\\\/\\\/likeink.com\\\/sv\\\/gnuggisar\\\/sverige-flagga-tatueringar\\\/\"]}]},{\"@type\":\"ImageObject\",\"inLanguage\":\"sv-SE\",\"@id\":\"https:\\\/\\\/likeink.com\\\/sv\\\/gnuggisar\\\/sverige-flagga-tatueringar\\\/#primaryimage\",\"url\":\"https:\\\/\\\/likeink.com\\\/wp-content\\\/uploads\\\/2024\\\/04\\\/Sverigeflaggor-temporaratatueringar-likeink.jpg\",\"contentUrl\":\"https:\\\/\\\/likeink.com\\\/wp-content\\\/uploads\\\/2024\\\/04\\\/Sverigeflaggor-temporaratatueringar-likeink.jpg\",\"width\":1600,\"height\":1127,\"caption\":\"Sverigeflaggor p\u00e5 ark som tempor\u00e4ra tatueringar\"},{\"@type\":\"BreadcrumbList\",\"@id\":\"https:\\\/\\\/likeink.com\\\/sv\\\/gnuggisar\\\/sverige-flagga-tatueringar\\\/#breadcrumb\",\"itemListElement\":[{\"@type\":\"ListItem\",\"position\":1,\"name\":\"Hem\",\"item\":\"https:\\\/\\\/likeink.com\\\/sv\\\/\"},{\"@type\":\"ListItem\",\"position\":2,\"name\":\"Webbutik\",\"item\":\"https:\\\/\\\/likeink.com\\\/sv\\\/webbutik\\\/\"},{\"@type\":\"ListItem\",\"position\":3,\"name\":\"Sverige flagga tatueringar\"}]},{\"@type\":\"WebSite\",\"@id\":\"https:\\\/\\\/likeink.com\\\/sv\\\/#website\",\"url\":\"https:\\\/\\\/likeink.com\\\/sv\\\/\",\"name\":\"Like ink\",\"description\":\"Make your own custom design\",\"potentialAction\":[{\"@type\":\"SearchAction\",\"target\":{\"@type\":\"EntryPoint\",\"urlTemplate\":\"https:\\\/\\\/likeink.com\\\/sv\\\/?s={search_term_string}\"},\"query-input\":{\"@type\":\"PropertyValueSpecification\",\"valueRequired\":true,\"valueName\":\"search_term_string\"}}],\"inLanguage\":\"sv-SE\"}]}<\/script>\n<!-- \/ Yoast SEO Premium plugin. -->","yoast_head_json":{"title":"Sverige flagga tatueringar - Like ink","description":"Sverige flagga tatueringar perfekt p\u00e5 landskamper, vid studentfirande, sveriges nationaldag och andra tillf\u00e4llen n\u00e4r du vill visa upp Sveriges flagga.","robots":{"index":"index","follow":"follow","max-snippet":"max-snippet:-1","max-image-preview":"max-image-preview:large","max-video-preview":"max-video-preview:-1"},"canonical":"https:\/\/likeink.com\/sv\/gnuggisar\/sverige-flagga-tatueringar\/","og_locale":"sv_SE","og_type":"article","og_title":"Sverige flagga tatueringar","og_description":"Sverige flagga tatueringar p\u00e5 ark i blandade storlekar. En tatuering med Sveriges flagga passar perfekt p\u00e5 studenten, p\u00e5 landskamper, under OS, VM och EM, nationaldagen och andra tillf\u00e4llen n\u00e4r du vill smycka kropp och ansikte med en bl\u00e5gul tatuering. K\u00f6p Sverigeflaggor som tempor\u00e4ra tatueringar. Sj\u00e4lva motivet \u00e4r framtaget av oss p\u00e5 Like ink, i \u00e4kta tatueringsstil med tydliga kantlinjer och en fin gul och bl\u00e5 f\u00e4rg.  Like inks tatueringar passar b\u00e5de vuxna och barn. V\u00e5ra tempor\u00e4ra tatueringar \u00e4r enkla att applicera, tv\u00e4tta bort och \u00e4r skonsamma mot huden. Vi trycker i eget tryckeri som ligger i Malm\u00f6 och skickar din order inom ett dygn.  Storlek ark: A5 Antal Sverige flaggor tatueringar: 15 Storlek tatueringar: 60, 45, 35 och 30 mm","og_url":"https:\/\/likeink.com\/sv\/gnuggisar\/sverige-flagga-tatueringar\/","og_site_name":"Like ink","article_publisher":"https:\/\/www.facebook.com\/LikeInkSe","article_modified_time":"2026-04-14T14:03:23+00:00","og_image":[{"width":1600,"height":1127,"url":"https:\/\/likeink.com\/wp-content\/uploads\/2024\/04\/Sverigeflaggor-temporaratatueringar-likeink.jpg","type":"image\/jpeg"}],"twitter_card":"summary_large_image","twitter_misc":{"Ber\u00e4knad l\u00e4stid":"1 minut"},"schema":{"@context":"https:\/\/schema.org","@graph":[{"@type":"WebPage","@id":"https:\/\/likeink.com\/sv\/gnuggisar\/sverige-flagga-tatueringar\/","url":"https:\/\/likeink.com\/sv\/gnuggisar\/sverige-flagga-tatueringar\/","name":"Sverige flagga tatueringar - Like ink","isPartOf":{"@id":"https:\/\/likeink.com\/sv\/#website"},"primaryImageOfPage":{"@id":"https:\/\/likeink.com\/sv\/gnuggisar\/sverige-flagga-tatueringar\/#primaryimage"},"image":{"@id":"https:\/\/likeink.com\/sv\/gnuggisar\/sverige-flagga-tatueringar\/#primaryimage"},"thumbnailUrl":"https:\/\/likeink.com\/wp-content\/uploads\/2024\/04\/Sverigeflaggor-temporaratatueringar-likeink.jpg","datePublished":"2024-04-17T19:41:13+00:00","dateModified":"2026-04-14T14:03:23+00:00","description":"Sverige flagga tatueringar perfekt p\u00e5 landskamper, vid studentfirande, sveriges nationaldag och andra tillf\u00e4llen n\u00e4r du vill visa upp Sveriges flagga.","breadcrumb":{"@id":"https:\/\/likeink.com\/sv\/gnuggisar\/sverige-flagga-tatueringar\/#breadcrumb"},"inLanguage":"sv-SE","potentialAction":[{"@type":"ReadAction","target":["https:\/\/likeink.com\/sv\/gnuggisar\/sverige-flagga-tatueringar\/"]}]},{"@type":"ImageObject","inLanguage":"sv-SE","@id":"https:\/\/likeink.com\/sv\/gnuggisar\/sverige-flagga-tatueringar\/#primaryimage","url":"https:\/\/likeink.com\/wp-content\/uploads\/2024\/04\/Sverigeflaggor-temporaratatueringar-likeink.jpg","contentUrl":"https:\/\/likeink.com\/wp-content\/uploads\/2024\/04\/Sverigeflaggor-temporaratatueringar-likeink.jpg","width":1600,"height":1127,"caption":"Sverigeflaggor p\u00e5 ark som tempor\u00e4ra tatueringar"},{"@type":"BreadcrumbList","@id":"https:\/\/likeink.com\/sv\/gnuggisar\/sverige-flagga-tatueringar\/#breadcrumb","itemListElement":[{"@type":"ListItem","position":1,"name":"Hem","item":"https:\/\/likeink.com\/sv\/"},{"@type":"ListItem","position":2,"name":"Webbutik","item":"https:\/\/likeink.com\/sv\/webbutik\/"},{"@type":"ListItem","position":3,"name":"Sverige flagga tatueringar"}]},{"@type":"WebSite","@id":"https:\/\/likeink.com\/sv\/#website","url":"https:\/\/likeink.com\/sv\/","name":"Like ink","description":"Make your own custom design","potentialAction":[{"@type":"SearchAction","target":{"@type":"EntryPoint","urlTemplate":"https:\/\/likeink.com\/sv\/?s={search_term_string}"},"query-input":{"@type":"PropertyValueSpecification","valueRequired":true,"valueName":"search_term_string"}}],"inLanguage":"sv-SE"}]}},"_links":{"self":[{"href":"https:\/\/likeink.com\/sv\/wp-json\/wp\/v2\/product\/26345","targetHints":{"allow":["GET"]}}],"collection":[{"href":"https:\/\/likeink.com\/sv\/wp-json\/wp\/v2\/product"}],"about":[{"href":"https:\/\/likeink.com\/sv\/wp-json\/wp\/v2\/types\/product"}],"wp:featuredmedia":[{"embeddable":true,"href":"https:\/\/likeink.com\/sv\/wp-json\/wp\/v2\/media\/26338"}],"wp:attachment":[{"href":"https:\/\/likeink.com\/sv\/wp-json\/wp\/v2\/media?parent=26345"}],"wp:term":[{"taxonomy":"product_brand","embeddable":true,"href":"https:\/\/likeink.com\/sv\/wp-json\/wp\/v2\/product_brand?post=26345"},{"taxonomy":"product_cat","embeddable":true,"href":"https:\/\/likeink.com\/sv\/wp-json\/wp\/v2\/product_cat?post=26345"},{"taxonomy":"product_tag","embeddable":true,"href":"https:\/\/likeink.com\/sv\/wp-json\/wp\/v2\/product_tag?post=26345"}],"curies":[{"name":"wp","href":"https:\/\/api.w.org\/{rel}","templated":true}]}}