{"id":26763,"date":"2024-04-29T14:43:15","date_gmt":"2024-04-29T14:43:15","guid":{"rendered":"https:\/\/likeink.se\/?post_type=product&#038;p=26763"},"modified":"2026-04-14T13:36:48","modified_gmt":"2026-04-14T13:36:48","slug":"tailor-swift-tatueringar","status":"publish","type":"product","link":"https:\/\/likeink.com\/sv\/gnuggisar\/tailor-swift-tatueringar\/","title":{"rendered":"Tailor Swift Tatueringar"},"content":{"rendered":"","protected":false},"excerpt":{"rendered":"<p>Tailor Swift Tatueringar: \u00c4r du redo att visa din Swiftie-anda p\u00e5 n\u00e4sta konsert eller Tailor Swift-sammankomst? Dessa tatueringar \u00e4r inte bara ett roligt s\u00e4tt att uttrycka din k\u00e4rlek till Taylor, utan ocks\u00e5 ett perfekt tillbeh\u00f6r f\u00f6r att lysa upp konserter och fantr\u00e4ffar.<\/p>\n<h2>K\u00f6p Tailor Swift Tempor\u00e4ra tatiueringar i bra kvalitet och f\u00e5 snabb leverans.<\/h2>\n<p>V\u00e5ra motiv \u00e4r noggrant utformade av en \u00e4kta Swiftie och en trogen Like ink-kund, vilket garanterar att varje tatuering speglar Taylor Swifts ikoniska stil och era. Fr\u00e5n nostalgiska referenser till Taylors album som &#8217;13&#8217; och &#8217;1989&#8217; till symboler som representerar Taylor, finns det n\u00e5got f\u00f6r varje fan. Motivet &#8217;13&#8217;, \u00e4r designat f\u00f6r att placeras p\u00e5 handen, vilket g\u00f6r det till en diskret men markant hyllning till din favoritartist.<\/p>\n<p>V\u00e5ra tatueringar \u00e4r enkla att applicera och h\u00e5ller sig snygga under hela din konsertupplevelse eller vardagliga \u00e4ventyr. Tatueringarna \u00e4r s\u00e4kra, icke-allergiframkallande och l\u00e4tta att ta bort, vilket g\u00f6r dem till ett bekymmersfritt s\u00e4tt att tillf\u00f6ra lite extra Swift-flair till din stil.<\/p>\n<p><strong>Storlek ark:<\/strong> A5<br \/>\n<strong>Antal Tatueringar:<\/strong> 19<br \/>\n<strong>Storlek 13 Tatuering:<\/strong> 45mm<\/p>\n","protected":false},"featured_media":26649,"template":"","meta":[],"product_brand":[],"product_cat":[17,126,490,139],"product_tag":[],"class_list":{"0":"post-26763","1":"product","2":"type-product","3":"status-publish","4":"has-post-thumbnail","6":"product_cat-fardiga-ark","7":"product_cat-halloween-tatueringar","8":"product_cat-maskerad-sasong","9":"product_cat-ovriga-tatueringar","11":"first","12":"instock","13":"taxable","14":"shipping-taxable","15":"purchasable","16":"product-type-simple"},"yoast_head":"<!-- This site is optimized with the Yoast SEO Premium plugin v26.2 (Yoast SEO v27.4) - https:\/\/yoast.com\/product\/yoast-seo-premium-wordpress\/ -->\n<title>Tailor Swift Tatueringar - Like ink<\/title>\n<meta name=\"description\" content=\"Tailor Swift Tatueringar p\u00e5 A5 ark. Ett m\u00e5ste p\u00e5 Tailors konserter f\u00f6r dig som Swiftie! Snabb leverans och bra kvalitet - Like ink\" \/>\n<meta name=\"robots\" content=\"index, follow, max-snippet:-1, max-image-preview:large, max-video-preview:-1\" \/>\n<link rel=\"canonical\" href=\"https:\/\/likeink.com\/sv\/gnuggisar\/tailor-swift-tatueringar\/\" \/>\n<meta property=\"og:locale\" content=\"sv_SE\" \/>\n<meta property=\"og:type\" content=\"article\" \/>\n<meta property=\"og:title\" content=\"Tailor Swift Tatueringar\" \/>\n<meta property=\"og:description\" content=\"Tailor Swift Tatueringar: \u00c4r du redo att visa din Swiftie-anda p\u00e5 n\u00e4sta konsert eller Tailor Swift-sammankomst? Dessa tatueringar \u00e4r inte bara ett roligt s\u00e4tt att uttrycka din k\u00e4rlek till Taylor, utan ocks\u00e5 ett perfekt tillbeh\u00f6r f\u00f6r att lysa upp konserter och fantr\u00e4ffar. K\u00f6p Tailor Swift Tempor\u00e4ra tatiueringar i bra kvalitet och f\u00e5 snabb leverans. V\u00e5ra motiv \u00e4r noggrant utformade av en \u00e4kta Swiftie och en trogen Like ink-kund, vilket garanterar att varje tatuering speglar Taylor Swifts ikoniska stil och era. Fr\u00e5n nostalgiska referenser till Taylors album som &#039;13&#039; och &#039;1989&#039; till symboler som representerar Taylor, finns det n\u00e5got f\u00f6r varje fan. Motivet &#039;13&#039;, \u00e4r designat f\u00f6r att placeras p\u00e5 handen, vilket g\u00f6r det till en diskret men markant hyllning till din favoritartist.  V\u00e5ra tatueringar \u00e4r enkla att applicera och h\u00e5ller sig snygga under hela din konsertupplevelse eller vardagliga \u00e4ventyr. Tatueringarna \u00e4r s\u00e4kra, icke-allergiframkallande och l\u00e4tta att ta bort, vilket g\u00f6r dem till ett bekymmersfritt s\u00e4tt att tillf\u00f6ra lite extra Swift-flair till din stil.  Storlek ark: A5 Antal Tatueringar: 19 Storlek 13 Tatuering: 45mm\" \/>\n<meta property=\"og:url\" content=\"https:\/\/likeink.com\/sv\/gnuggisar\/tailor-swift-tatueringar\/\" \/>\n<meta property=\"og:site_name\" content=\"Like ink\" \/>\n<meta property=\"article:publisher\" content=\"https:\/\/www.facebook.com\/LikeInkSe\" \/>\n<meta property=\"article:modified_time\" content=\"2026-04-14T13:36:48+00:00\" \/>\n<meta property=\"og:image\" content=\"https:\/\/likeink.com\/wp-content\/uploads\/2024\/04\/Tailor-Swift-TemporaryTattoos-Likeink.jpg\" \/>\n\t<meta property=\"og:image:width\" content=\"1844\" \/>\n\t<meta property=\"og:image:height\" content=\"1300\" \/>\n\t<meta property=\"og:image:type\" content=\"image\/jpeg\" \/>\n<meta name=\"twitter:card\" content=\"summary_large_image\" \/>\n<meta name=\"twitter:label1\" content=\"Ber\u00e4knad l\u00e4stid\" \/>\n\t<meta name=\"twitter:data1\" content=\"1 minut\" \/>\n<script type=\"application\/ld+json\" class=\"yoast-schema-graph\">{\"@context\":\"https:\\\/\\\/schema.org\",\"@graph\":[{\"@type\":\"WebPage\",\"@id\":\"https:\\\/\\\/likeink.com\\\/sv\\\/gnuggisar\\\/tailor-swift-tatueringar\\\/\",\"url\":\"https:\\\/\\\/likeink.com\\\/sv\\\/gnuggisar\\\/tailor-swift-tatueringar\\\/\",\"name\":\"Tailor Swift Tatueringar - Like ink\",\"isPartOf\":{\"@id\":\"https:\\\/\\\/likeink.com\\\/sv\\\/#website\"},\"primaryImageOfPage\":{\"@id\":\"https:\\\/\\\/likeink.com\\\/sv\\\/gnuggisar\\\/tailor-swift-tatueringar\\\/#primaryimage\"},\"image\":{\"@id\":\"https:\\\/\\\/likeink.com\\\/sv\\\/gnuggisar\\\/tailor-swift-tatueringar\\\/#primaryimage\"},\"thumbnailUrl\":\"https:\\\/\\\/likeink.com\\\/wp-content\\\/uploads\\\/2024\\\/04\\\/Tailor-Swift-TemporaryTattoos-Likeink.jpg\",\"datePublished\":\"2024-04-29T14:43:15+00:00\",\"dateModified\":\"2026-04-14T13:36:48+00:00\",\"description\":\"Tailor Swift Tatueringar p\u00e5 A5 ark. Ett m\u00e5ste p\u00e5 Tailors konserter f\u00f6r dig som Swiftie! Snabb leverans och bra kvalitet - Like ink\",\"breadcrumb\":{\"@id\":\"https:\\\/\\\/likeink.com\\\/sv\\\/gnuggisar\\\/tailor-swift-tatueringar\\\/#breadcrumb\"},\"inLanguage\":\"sv-SE\",\"potentialAction\":[{\"@type\":\"ReadAction\",\"target\":[\"https:\\\/\\\/likeink.com\\\/sv\\\/gnuggisar\\\/tailor-swift-tatueringar\\\/\"]}]},{\"@type\":\"ImageObject\",\"inLanguage\":\"sv-SE\",\"@id\":\"https:\\\/\\\/likeink.com\\\/sv\\\/gnuggisar\\\/tailor-swift-tatueringar\\\/#primaryimage\",\"url\":\"https:\\\/\\\/likeink.com\\\/wp-content\\\/uploads\\\/2024\\\/04\\\/Tailor-Swift-TemporaryTattoos-Likeink.jpg\",\"contentUrl\":\"https:\\\/\\\/likeink.com\\\/wp-content\\\/uploads\\\/2024\\\/04\\\/Tailor-Swift-TemporaryTattoos-Likeink.jpg\",\"width\":1844,\"height\":1300,\"caption\":\"Tailor Swift Tatueringar\"},{\"@type\":\"BreadcrumbList\",\"@id\":\"https:\\\/\\\/likeink.com\\\/sv\\\/gnuggisar\\\/tailor-swift-tatueringar\\\/#breadcrumb\",\"itemListElement\":[{\"@type\":\"ListItem\",\"position\":1,\"name\":\"Hem\",\"item\":\"https:\\\/\\\/likeink.com\\\/sv\\\/\"},{\"@type\":\"ListItem\",\"position\":2,\"name\":\"Webbutik\",\"item\":\"https:\\\/\\\/likeink.com\\\/sv\\\/webbutik\\\/\"},{\"@type\":\"ListItem\",\"position\":3,\"name\":\"Tailor Swift Tatueringar\"}]},{\"@type\":\"WebSite\",\"@id\":\"https:\\\/\\\/likeink.com\\\/sv\\\/#website\",\"url\":\"https:\\\/\\\/likeink.com\\\/sv\\\/\",\"name\":\"Like ink\",\"description\":\"Make your own custom design\",\"potentialAction\":[{\"@type\":\"SearchAction\",\"target\":{\"@type\":\"EntryPoint\",\"urlTemplate\":\"https:\\\/\\\/likeink.com\\\/sv\\\/?s={search_term_string}\"},\"query-input\":{\"@type\":\"PropertyValueSpecification\",\"valueRequired\":true,\"valueName\":\"search_term_string\"}}],\"inLanguage\":\"sv-SE\"}]}<\/script>\n<!-- \/ Yoast SEO Premium plugin. -->","yoast_head_json":{"title":"Tailor Swift Tatueringar - Like ink","description":"Tailor Swift Tatueringar p\u00e5 A5 ark. Ett m\u00e5ste p\u00e5 Tailors konserter f\u00f6r dig som Swiftie! Snabb leverans och bra kvalitet - Like ink","robots":{"index":"index","follow":"follow","max-snippet":"max-snippet:-1","max-image-preview":"max-image-preview:large","max-video-preview":"max-video-preview:-1"},"canonical":"https:\/\/likeink.com\/sv\/gnuggisar\/tailor-swift-tatueringar\/","og_locale":"sv_SE","og_type":"article","og_title":"Tailor Swift Tatueringar","og_description":"Tailor Swift Tatueringar: \u00c4r du redo att visa din Swiftie-anda p\u00e5 n\u00e4sta konsert eller Tailor Swift-sammankomst? Dessa tatueringar \u00e4r inte bara ett roligt s\u00e4tt att uttrycka din k\u00e4rlek till Taylor, utan ocks\u00e5 ett perfekt tillbeh\u00f6r f\u00f6r att lysa upp konserter och fantr\u00e4ffar. K\u00f6p Tailor Swift Tempor\u00e4ra tatiueringar i bra kvalitet och f\u00e5 snabb leverans. V\u00e5ra motiv \u00e4r noggrant utformade av en \u00e4kta Swiftie och en trogen Like ink-kund, vilket garanterar att varje tatuering speglar Taylor Swifts ikoniska stil och era. Fr\u00e5n nostalgiska referenser till Taylors album som '13' och '1989' till symboler som representerar Taylor, finns det n\u00e5got f\u00f6r varje fan. Motivet '13', \u00e4r designat f\u00f6r att placeras p\u00e5 handen, vilket g\u00f6r det till en diskret men markant hyllning till din favoritartist.  V\u00e5ra tatueringar \u00e4r enkla att applicera och h\u00e5ller sig snygga under hela din konsertupplevelse eller vardagliga \u00e4ventyr. Tatueringarna \u00e4r s\u00e4kra, icke-allergiframkallande och l\u00e4tta att ta bort, vilket g\u00f6r dem till ett bekymmersfritt s\u00e4tt att tillf\u00f6ra lite extra Swift-flair till din stil.  Storlek ark: A5 Antal Tatueringar: 19 Storlek 13 Tatuering: 45mm","og_url":"https:\/\/likeink.com\/sv\/gnuggisar\/tailor-swift-tatueringar\/","og_site_name":"Like ink","article_publisher":"https:\/\/www.facebook.com\/LikeInkSe","article_modified_time":"2026-04-14T13:36:48+00:00","og_image":[{"width":1844,"height":1300,"url":"https:\/\/likeink.com\/wp-content\/uploads\/2024\/04\/Tailor-Swift-TemporaryTattoos-Likeink.jpg","type":"image\/jpeg"}],"twitter_card":"summary_large_image","twitter_misc":{"Ber\u00e4knad l\u00e4stid":"1 minut"},"schema":{"@context":"https:\/\/schema.org","@graph":[{"@type":"WebPage","@id":"https:\/\/likeink.com\/sv\/gnuggisar\/tailor-swift-tatueringar\/","url":"https:\/\/likeink.com\/sv\/gnuggisar\/tailor-swift-tatueringar\/","name":"Tailor Swift Tatueringar - Like ink","isPartOf":{"@id":"https:\/\/likeink.com\/sv\/#website"},"primaryImageOfPage":{"@id":"https:\/\/likeink.com\/sv\/gnuggisar\/tailor-swift-tatueringar\/#primaryimage"},"image":{"@id":"https:\/\/likeink.com\/sv\/gnuggisar\/tailor-swift-tatueringar\/#primaryimage"},"thumbnailUrl":"https:\/\/likeink.com\/wp-content\/uploads\/2024\/04\/Tailor-Swift-TemporaryTattoos-Likeink.jpg","datePublished":"2024-04-29T14:43:15+00:00","dateModified":"2026-04-14T13:36:48+00:00","description":"Tailor Swift Tatueringar p\u00e5 A5 ark. Ett m\u00e5ste p\u00e5 Tailors konserter f\u00f6r dig som Swiftie! Snabb leverans och bra kvalitet - Like ink","breadcrumb":{"@id":"https:\/\/likeink.com\/sv\/gnuggisar\/tailor-swift-tatueringar\/#breadcrumb"},"inLanguage":"sv-SE","potentialAction":[{"@type":"ReadAction","target":["https:\/\/likeink.com\/sv\/gnuggisar\/tailor-swift-tatueringar\/"]}]},{"@type":"ImageObject","inLanguage":"sv-SE","@id":"https:\/\/likeink.com\/sv\/gnuggisar\/tailor-swift-tatueringar\/#primaryimage","url":"https:\/\/likeink.com\/wp-content\/uploads\/2024\/04\/Tailor-Swift-TemporaryTattoos-Likeink.jpg","contentUrl":"https:\/\/likeink.com\/wp-content\/uploads\/2024\/04\/Tailor-Swift-TemporaryTattoos-Likeink.jpg","width":1844,"height":1300,"caption":"Tailor Swift Tatueringar"},{"@type":"BreadcrumbList","@id":"https:\/\/likeink.com\/sv\/gnuggisar\/tailor-swift-tatueringar\/#breadcrumb","itemListElement":[{"@type":"ListItem","position":1,"name":"Hem","item":"https:\/\/likeink.com\/sv\/"},{"@type":"ListItem","position":2,"name":"Webbutik","item":"https:\/\/likeink.com\/sv\/webbutik\/"},{"@type":"ListItem","position":3,"name":"Tailor Swift Tatueringar"}]},{"@type":"WebSite","@id":"https:\/\/likeink.com\/sv\/#website","url":"https:\/\/likeink.com\/sv\/","name":"Like ink","description":"Make your own custom design","potentialAction":[{"@type":"SearchAction","target":{"@type":"EntryPoint","urlTemplate":"https:\/\/likeink.com\/sv\/?s={search_term_string}"},"query-input":{"@type":"PropertyValueSpecification","valueRequired":true,"valueName":"search_term_string"}}],"inLanguage":"sv-SE"}]}},"_links":{"self":[{"href":"https:\/\/likeink.com\/sv\/wp-json\/wp\/v2\/product\/26763","targetHints":{"allow":["GET"]}}],"collection":[{"href":"https:\/\/likeink.com\/sv\/wp-json\/wp\/v2\/product"}],"about":[{"href":"https:\/\/likeink.com\/sv\/wp-json\/wp\/v2\/types\/product"}],"wp:featuredmedia":[{"embeddable":true,"href":"https:\/\/likeink.com\/sv\/wp-json\/wp\/v2\/media\/26649"}],"wp:attachment":[{"href":"https:\/\/likeink.com\/sv\/wp-json\/wp\/v2\/media?parent=26763"}],"wp:term":[{"taxonomy":"product_brand","embeddable":true,"href":"https:\/\/likeink.com\/sv\/wp-json\/wp\/v2\/product_brand?post=26763"},{"taxonomy":"product_cat","embeddable":true,"href":"https:\/\/likeink.com\/sv\/wp-json\/wp\/v2\/product_cat?post=26763"},{"taxonomy":"product_tag","embeddable":true,"href":"https:\/\/likeink.com\/sv\/wp-json\/wp\/v2\/product_tag?post=26763"}],"curies":[{"name":"wp","href":"https:\/\/api.w.org\/{rel}","templated":true}]}}