{"id":26812,"date":"2024-05-01T07:20:55","date_gmt":"2024-05-01T07:20:55","guid":{"rendered":"https:\/\/likeink.se\/?post_type=product&#038;p=26812"},"modified":"2026-04-14T14:03:22","modified_gmt":"2026-04-14T14:03:22","slug":"europeiska-flaggan-tatuering","status":"publish","type":"product","link":"https:\/\/likeink.com\/sv\/gnuggisar\/europeiska-flaggan-tatuering\/","title":{"rendered":"Europeiska flaggan Tatuering"},"content":{"rendered":"","protected":false},"excerpt":{"rendered":"<p>Europeiska flaggan Tatuering p\u00e5 A5 ark. EU flaggan symboliserar Europeiska unionen och Europas enande och identitet. <\/p>\n<h2>Best\u00e4ll den europeiska flaggan som tempor\u00e4r tatuering.<\/h2>\n<p>V\u00e5ra tatueringar \u00e4r enkla att applicera och tv\u00e4tta bort. Tatueringarna \u00e4r allergiv\u00e4nliga, veganska och uppfyller sj\u00e4lvklart all lagstiftning f\u00f6r kosmetiska produkter i Europa.<\/p>\n<p><strong>Storlek ark:<\/strong> A5<br \/>\n<strong>Antal Tatueringar:<\/strong> 24<br \/>\n<strong>Storlek 13 Tatuering:<\/strong> 25-60mm<\/p>\n","protected":false},"featured_media":26356,"template":"","meta":[],"product_brand":[],"product_cat":[17,490],"product_tag":[],"class_list":{"0":"post-26812","1":"product","2":"type-product","3":"status-publish","4":"has-post-thumbnail","6":"product_cat-fardiga-ark","7":"product_cat-maskerad-sasong","9":"first","10":"instock","11":"taxable","12":"shipping-taxable","13":"purchasable","14":"product-type-simple"},"yoast_head":"<!-- This site is optimized with the Yoast SEO Premium plugin v26.2 (Yoast SEO v27.5) - https:\/\/yoast.com\/product\/yoast-seo-premium-wordpress\/ -->\n<title>Europeiska flaggan Tatuering - Like ink<\/title>\n<meta name=\"description\" content=\"Europeiska flaggan Tatuering. Ark fyllt med EU-flaggan i blandade storlekar. Snabb leverans och kvalitativa tem\u00f6por\u00e4ra tatueringar - Like ink\" \/>\n<meta name=\"robots\" content=\"index, follow, max-snippet:-1, max-image-preview:large, max-video-preview:-1\" \/>\n<link rel=\"canonical\" href=\"https:\/\/likeink.com\/sv\/gnuggisar\/europeiska-flaggan-tatuering\/\" \/>\n<meta property=\"og:locale\" content=\"sv_SE\" \/>\n<meta property=\"og:type\" content=\"article\" \/>\n<meta property=\"og:title\" content=\"Europeiska flaggan Tatuering\" \/>\n<meta property=\"og:description\" content=\"Europeiska flaggan Tatuering p\u00e5 A5 ark. EU flaggan symboliserar Europeiska unionen och Europas enande och identitet.  Best\u00e4ll den europeiska flaggan som tempor\u00e4r tatuering. V\u00e5ra tatueringar \u00e4r enkla att applicera och tv\u00e4tta bort. Tatueringarna \u00e4r allergiv\u00e4nliga, veganska och uppfyller sj\u00e4lvklart all lagstiftning f\u00f6r kosmetiska produkter i Europa.  Storlek ark: A5 Antal Tatueringar: 24 Storlek 13 Tatuering: 25-60mm\" \/>\n<meta property=\"og:url\" content=\"https:\/\/likeink.com\/sv\/gnuggisar\/europeiska-flaggan-tatuering\/\" \/>\n<meta property=\"og:site_name\" content=\"Like ink\" \/>\n<meta property=\"article:publisher\" content=\"https:\/\/www.facebook.com\/LikeInkSe\" \/>\n<meta property=\"article:modified_time\" content=\"2026-04-14T14:03:22+00:00\" \/>\n<meta property=\"og:image\" content=\"https:\/\/likeink.com\/wp-content\/uploads\/2024\/04\/EUFlaggan-Tatuering-Likeink.jpg\" \/>\n\t<meta property=\"og:image:width\" content=\"1600\" \/>\n\t<meta property=\"og:image:height\" content=\"1127\" \/>\n\t<meta property=\"og:image:type\" content=\"image\/jpeg\" \/>\n<meta name=\"twitter:card\" content=\"summary_large_image\" \/>\n<meta name=\"twitter:label1\" content=\"Ber\u00e4knad l\u00e4stid\" \/>\n\t<meta name=\"twitter:data1\" content=\"1 minut\" \/>\n<!-- \/ Yoast SEO Premium plugin. -->","yoast_head_json":{"title":"Europeiska flaggan Tatuering - Like ink","description":"Europeiska flaggan Tatuering. Ark fyllt med EU-flaggan i blandade storlekar. Snabb leverans och kvalitativa tem\u00f6por\u00e4ra tatueringar - Like ink","robots":{"index":"index","follow":"follow","max-snippet":"max-snippet:-1","max-image-preview":"max-image-preview:large","max-video-preview":"max-video-preview:-1"},"canonical":"https:\/\/likeink.com\/sv\/gnuggisar\/europeiska-flaggan-tatuering\/","og_locale":"sv_SE","og_type":"article","og_title":"Europeiska flaggan Tatuering","og_description":"Europeiska flaggan Tatuering p\u00e5 A5 ark. EU flaggan symboliserar Europeiska unionen och Europas enande och identitet.  Best\u00e4ll den europeiska flaggan som tempor\u00e4r tatuering. V\u00e5ra tatueringar \u00e4r enkla att applicera och tv\u00e4tta bort. Tatueringarna \u00e4r allergiv\u00e4nliga, veganska och uppfyller sj\u00e4lvklart all lagstiftning f\u00f6r kosmetiska produkter i Europa.  Storlek ark: A5 Antal Tatueringar: 24 Storlek 13 Tatuering: 25-60mm","og_url":"https:\/\/likeink.com\/sv\/gnuggisar\/europeiska-flaggan-tatuering\/","og_site_name":"Like ink","article_publisher":"https:\/\/www.facebook.com\/LikeInkSe","article_modified_time":"2026-04-14T14:03:22+00:00","og_image":[{"width":1600,"height":1127,"url":"https:\/\/likeink.com\/wp-content\/uploads\/2024\/04\/EUFlaggan-Tatuering-Likeink.jpg","type":"image\/jpeg"}],"twitter_card":"summary_large_image","twitter_misc":{"Ber\u00e4knad l\u00e4stid":"1 minut"},"schema":{"@context":"https:\/\/schema.org","@graph":[{"@type":"WebPage","@id":"https:\/\/likeink.com\/sv\/gnuggisar\/europeiska-flaggan-tatuering\/","url":"https:\/\/likeink.com\/sv\/gnuggisar\/europeiska-flaggan-tatuering\/","name":"Europeiska flaggan Tatuering - Like ink","isPartOf":{"@id":"https:\/\/likeink.com\/sv\/#website"},"primaryImageOfPage":{"@id":"https:\/\/likeink.com\/sv\/gnuggisar\/europeiska-flaggan-tatuering\/#primaryimage"},"image":{"@id":"https:\/\/likeink.com\/sv\/gnuggisar\/europeiska-flaggan-tatuering\/#primaryimage"},"thumbnailUrl":"https:\/\/likeink.com\/wp-content\/uploads\/2024\/04\/EUFlaggan-Tatuering-Likeink.jpg","datePublished":"2024-05-01T07:20:55+00:00","dateModified":"2026-04-14T14:03:22+00:00","description":"Europeiska flaggan Tatuering. Ark fyllt med EU-flaggan i blandade storlekar. Snabb leverans och kvalitativa tem\u00f6por\u00e4ra tatueringar - Like ink","breadcrumb":{"@id":"https:\/\/likeink.com\/sv\/gnuggisar\/europeiska-flaggan-tatuering\/#breadcrumb"},"inLanguage":"sv-SE","potentialAction":[{"@type":"ReadAction","target":["https:\/\/likeink.com\/sv\/gnuggisar\/europeiska-flaggan-tatuering\/"]}]},{"@type":"ImageObject","inLanguage":"sv-SE","@id":"https:\/\/likeink.com\/sv\/gnuggisar\/europeiska-flaggan-tatuering\/#primaryimage","url":"https:\/\/likeink.com\/wp-content\/uploads\/2024\/04\/EUFlaggan-Tatuering-Likeink.jpg","contentUrl":"https:\/\/likeink.com\/wp-content\/uploads\/2024\/04\/EUFlaggan-Tatuering-Likeink.jpg","width":1600,"height":1127,"caption":"EU flaggor som tatueringar"},{"@type":"BreadcrumbList","@id":"https:\/\/likeink.com\/sv\/gnuggisar\/europeiska-flaggan-tatuering\/#breadcrumb","itemListElement":[{"@type":"ListItem","position":1,"name":"Hem","item":"https:\/\/likeink.com\/sv\/"},{"@type":"ListItem","position":2,"name":"Webbutik","item":"https:\/\/likeink.com\/sv\/webbutik\/"},{"@type":"ListItem","position":3,"name":"Europeiska flaggan Tatuering"}]},{"@type":"WebSite","@id":"https:\/\/likeink.com\/sv\/#website","url":"https:\/\/likeink.com\/sv\/","name":"Like ink","description":"Make your own custom design","potentialAction":[{"@type":"SearchAction","target":{"@type":"EntryPoint","urlTemplate":"https:\/\/likeink.com\/sv\/?s={search_term_string}"},"query-input":{"@type":"PropertyValueSpecification","valueRequired":true,"valueName":"search_term_string"}}],"inLanguage":"sv-SE"}]}},"_links":{"self":[{"href":"https:\/\/likeink.com\/sv\/wp-json\/wp\/v2\/product\/26812","targetHints":{"allow":["GET"]}}],"collection":[{"href":"https:\/\/likeink.com\/sv\/wp-json\/wp\/v2\/product"}],"about":[{"href":"https:\/\/likeink.com\/sv\/wp-json\/wp\/v2\/types\/product"}],"wp:featuredmedia":[{"embeddable":true,"href":"https:\/\/likeink.com\/sv\/wp-json\/wp\/v2\/media\/26356"}],"wp:attachment":[{"href":"https:\/\/likeink.com\/sv\/wp-json\/wp\/v2\/media?parent=26812"}],"wp:term":[{"taxonomy":"product_brand","embeddable":true,"href":"https:\/\/likeink.com\/sv\/wp-json\/wp\/v2\/product_brand?post=26812"},{"taxonomy":"product_cat","embeddable":true,"href":"https:\/\/likeink.com\/sv\/wp-json\/wp\/v2\/product_cat?post=26812"},{"taxonomy":"product_tag","embeddable":true,"href":"https:\/\/likeink.com\/sv\/wp-json\/wp\/v2\/product_tag?post=26812"}],"curies":[{"name":"wp","href":"https:\/\/api.w.org\/{rel}","templated":true}]}}