{"id":27026,"date":"2024-05-05T17:16:37","date_gmt":"2024-05-05T17:16:37","guid":{"rendered":"https:\/\/likeink.se\/?post_type=product&#038;p=27026"},"modified":"2026-04-14T14:03:19","modified_gmt":"2026-04-14T14:03:19","slug":"heja-sverige-flaggor","status":"publish","type":"product","link":"https:\/\/likeink.com\/sv\/gnuggisar\/heja-sverige-flaggor\/","title":{"rendered":"Heja Sverige Flaggor"},"content":{"rendered":"","protected":false},"excerpt":{"rendered":"<p>Heja Sverige Flaggor \u00e4r ett ark med tatueringar som inkluderar f\u00e4rgerna p\u00e5 Sveriges flagga. Dessa presenteras genom olika motiv s\u00e5som en fj\u00e4ril, en tjej med pilotglas\u00f6gon och bandana, samt hj\u00e4rtan och olika variationer av den svenska flaggan. Tatueringarna med Sveriges flagga kommer i olika storlekar. En tatuering med den svenska flaggan \u00e4r perfekt f\u00f6r att b\u00e4ra p\u00e5 studentfiranden, landskamper, under OS, VM och EM, nationaldagen och andra tillf\u00e4llen d\u00e5 du vill pryda din kropp eller ansikte med en bl\u00e5gul cool tatuering.<\/p>\n<h2>K\u00f6p tempor\u00e4ra tatueringar med Sverigeflaggor.<\/h2>\n<p>Motiven passar som tatuering med tydliga konturer och vackra gula och bl\u00e5 nyanser.<\/p>\n<p>Like Inks tatueringar \u00e4r l\u00e4mpliga f\u00f6r b\u00e5de vuxna och barn. V\u00e5ra tempor\u00e4ra tatueringar \u00e4r enkla att applicera, enkla att tv\u00e4tta bort och skonsamma mot huden. Vi trycker dem i v\u00e5rt eget tryckeri i Malm\u00f6 och skickar din best\u00e4llning inom ett dygn.<\/p>\n<p><strong>Arkstorlek:<\/strong> A5<br \/>\n<strong>Antal tatueringar med Sveriges flagga:<\/strong> 13<br \/>\n<strong>Tatueringars storlek:<\/strong> 65 &#8211; 30 mm&#8221;<\/p>\n","protected":false},"featured_media":27020,"template":"","meta":[],"product_brand":[],"product_cat":[17,137,490],"product_tag":[],"class_list":{"0":"post-27026","1":"product","2":"type-product","3":"status-publish","4":"has-post-thumbnail","6":"product_cat-fardiga-ark","7":"product_cat-hogtider-tatuering","8":"product_cat-maskerad-sasong","10":"first","11":"instock","12":"taxable","13":"shipping-taxable","14":"purchasable","15":"product-type-simple"},"yoast_head":"<!-- This site is optimized with the Yoast SEO Premium plugin v26.2 (Yoast SEO v27.4) - https:\/\/yoast.com\/product\/yoast-seo-premium-wordpress\/ -->\n<title>Heja Sverige Flaggor - Like ink<\/title>\n<meta name=\"description\" content=\"Heja Sverige Flaggor i form av gnuggisar, tempor\u00e4ra tatueringar! Roliga varianter med sveriges f\u00e4rger som passar som tatuertingar! - Like ink\" \/>\n<meta name=\"robots\" content=\"index, follow, max-snippet:-1, max-image-preview:large, max-video-preview:-1\" \/>\n<link rel=\"canonical\" href=\"https:\/\/likeink.com\/sv\/gnuggisar\/heja-sverige-flaggor\/\" \/>\n<meta property=\"og:locale\" content=\"sv_SE\" \/>\n<meta property=\"og:type\" content=\"article\" \/>\n<meta property=\"og:title\" content=\"Heja Sverige Flaggor\" \/>\n<meta property=\"og:description\" content=\"Heja Sverige Flaggor \u00e4r ett ark med tatueringar som inkluderar f\u00e4rgerna p\u00e5 Sveriges flagga. Dessa presenteras genom olika motiv s\u00e5som en fj\u00e4ril, en tjej med pilotglas\u00f6gon och bandana, samt hj\u00e4rtan och olika variationer av den svenska flaggan. Tatueringarna med Sveriges flagga kommer i olika storlekar. En tatuering med den svenska flaggan \u00e4r perfekt f\u00f6r att b\u00e4ra p\u00e5 studentfiranden, landskamper, under OS, VM och EM, nationaldagen och andra tillf\u00e4llen d\u00e5 du vill pryda din kropp eller ansikte med en bl\u00e5gul cool tatuering.  K\u00f6p tempor\u00e4ra tatueringar med Sverigeflaggor.  Motiven passar som tatuering med tydliga konturer och vackra gula och bl\u00e5 nyanser.  Like Inks tatueringar \u00e4r l\u00e4mpliga f\u00f6r b\u00e5de vuxna och barn. V\u00e5ra tempor\u00e4ra tatueringar \u00e4r enkla att applicera, enkla att tv\u00e4tta bort och skonsamma mot huden. Vi trycker dem i v\u00e5rt eget tryckeri i Malm\u00f6 och skickar din best\u00e4llning inom ett dygn.  Arkstorlek: A5 Antal tatueringar med Sveriges flagga: 13 Tatueringars storlek: 65 - 30 mm&quot;\" \/>\n<meta property=\"og:url\" content=\"https:\/\/likeink.com\/sv\/gnuggisar\/heja-sverige-flaggor\/\" \/>\n<meta property=\"og:site_name\" content=\"Like ink\" \/>\n<meta property=\"article:publisher\" content=\"https:\/\/www.facebook.com\/LikeInkSe\" \/>\n<meta property=\"article:modified_time\" content=\"2026-04-14T14:03:19+00:00\" \/>\n<meta property=\"og:image\" content=\"https:\/\/likeink.com\/wp-content\/uploads\/2024\/05\/Heja-Sverige-Flaggor-Likeink.jpg\" \/>\n\t<meta property=\"og:image:width\" content=\"1400\" \/>\n\t<meta property=\"og:image:height\" content=\"986\" \/>\n\t<meta property=\"og:image:type\" content=\"image\/jpeg\" \/>\n<meta name=\"twitter:card\" content=\"summary_large_image\" \/>\n<meta name=\"twitter:label1\" content=\"Ber\u00e4knad l\u00e4stid\" \/>\n\t<meta name=\"twitter:data1\" content=\"1 minut\" \/>\n<script type=\"application\/ld+json\" class=\"yoast-schema-graph\">{\"@context\":\"https:\\\/\\\/schema.org\",\"@graph\":[{\"@type\":\"WebPage\",\"@id\":\"https:\\\/\\\/likeink.com\\\/sv\\\/gnuggisar\\\/heja-sverige-flaggor\\\/\",\"url\":\"https:\\\/\\\/likeink.com\\\/sv\\\/gnuggisar\\\/heja-sverige-flaggor\\\/\",\"name\":\"Heja Sverige Flaggor - Like ink\",\"isPartOf\":{\"@id\":\"https:\\\/\\\/likeink.com\\\/sv\\\/#website\"},\"primaryImageOfPage\":{\"@id\":\"https:\\\/\\\/likeink.com\\\/sv\\\/gnuggisar\\\/heja-sverige-flaggor\\\/#primaryimage\"},\"image\":{\"@id\":\"https:\\\/\\\/likeink.com\\\/sv\\\/gnuggisar\\\/heja-sverige-flaggor\\\/#primaryimage\"},\"thumbnailUrl\":\"https:\\\/\\\/likeink.com\\\/wp-content\\\/uploads\\\/2024\\\/05\\\/Heja-Sverige-Flaggor-Likeink.jpg\",\"datePublished\":\"2024-05-05T17:16:37+00:00\",\"dateModified\":\"2026-04-14T14:03:19+00:00\",\"description\":\"Heja Sverige Flaggor i form av gnuggisar, tempor\u00e4ra tatueringar! Roliga varianter med sveriges f\u00e4rger som passar som tatuertingar! - Like ink\",\"breadcrumb\":{\"@id\":\"https:\\\/\\\/likeink.com\\\/sv\\\/gnuggisar\\\/heja-sverige-flaggor\\\/#breadcrumb\"},\"inLanguage\":\"sv-SE\",\"potentialAction\":[{\"@type\":\"ReadAction\",\"target\":[\"https:\\\/\\\/likeink.com\\\/sv\\\/gnuggisar\\\/heja-sverige-flaggor\\\/\"]}]},{\"@type\":\"ImageObject\",\"inLanguage\":\"sv-SE\",\"@id\":\"https:\\\/\\\/likeink.com\\\/sv\\\/gnuggisar\\\/heja-sverige-flaggor\\\/#primaryimage\",\"url\":\"https:\\\/\\\/likeink.com\\\/wp-content\\\/uploads\\\/2024\\\/05\\\/Heja-Sverige-Flaggor-Likeink.jpg\",\"contentUrl\":\"https:\\\/\\\/likeink.com\\\/wp-content\\\/uploads\\\/2024\\\/05\\\/Heja-Sverige-Flaggor-Likeink.jpg\",\"width\":1400,\"height\":986,\"caption\":\"Sverige flaggor gnuggistatueringar\"},{\"@type\":\"BreadcrumbList\",\"@id\":\"https:\\\/\\\/likeink.com\\\/sv\\\/gnuggisar\\\/heja-sverige-flaggor\\\/#breadcrumb\",\"itemListElement\":[{\"@type\":\"ListItem\",\"position\":1,\"name\":\"Hem\",\"item\":\"https:\\\/\\\/likeink.com\\\/sv\\\/\"},{\"@type\":\"ListItem\",\"position\":2,\"name\":\"Webbutik\",\"item\":\"https:\\\/\\\/likeink.com\\\/sv\\\/webbutik\\\/\"},{\"@type\":\"ListItem\",\"position\":3,\"name\":\"Heja Sverige Flaggor\"}]},{\"@type\":\"WebSite\",\"@id\":\"https:\\\/\\\/likeink.com\\\/sv\\\/#website\",\"url\":\"https:\\\/\\\/likeink.com\\\/sv\\\/\",\"name\":\"Like ink\",\"description\":\"Make your own custom design\",\"potentialAction\":[{\"@type\":\"SearchAction\",\"target\":{\"@type\":\"EntryPoint\",\"urlTemplate\":\"https:\\\/\\\/likeink.com\\\/sv\\\/?s={search_term_string}\"},\"query-input\":{\"@type\":\"PropertyValueSpecification\",\"valueRequired\":true,\"valueName\":\"search_term_string\"}}],\"inLanguage\":\"sv-SE\"}]}<\/script>\n<!-- \/ Yoast SEO Premium plugin. -->","yoast_head_json":{"title":"Heja Sverige Flaggor - Like ink","description":"Heja Sverige Flaggor i form av gnuggisar, tempor\u00e4ra tatueringar! Roliga varianter med sveriges f\u00e4rger som passar som tatuertingar! - Like ink","robots":{"index":"index","follow":"follow","max-snippet":"max-snippet:-1","max-image-preview":"max-image-preview:large","max-video-preview":"max-video-preview:-1"},"canonical":"https:\/\/likeink.com\/sv\/gnuggisar\/heja-sverige-flaggor\/","og_locale":"sv_SE","og_type":"article","og_title":"Heja Sverige Flaggor","og_description":"Heja Sverige Flaggor \u00e4r ett ark med tatueringar som inkluderar f\u00e4rgerna p\u00e5 Sveriges flagga. Dessa presenteras genom olika motiv s\u00e5som en fj\u00e4ril, en tjej med pilotglas\u00f6gon och bandana, samt hj\u00e4rtan och olika variationer av den svenska flaggan. Tatueringarna med Sveriges flagga kommer i olika storlekar. En tatuering med den svenska flaggan \u00e4r perfekt f\u00f6r att b\u00e4ra p\u00e5 studentfiranden, landskamper, under OS, VM och EM, nationaldagen och andra tillf\u00e4llen d\u00e5 du vill pryda din kropp eller ansikte med en bl\u00e5gul cool tatuering.  K\u00f6p tempor\u00e4ra tatueringar med Sverigeflaggor.  Motiven passar som tatuering med tydliga konturer och vackra gula och bl\u00e5 nyanser.  Like Inks tatueringar \u00e4r l\u00e4mpliga f\u00f6r b\u00e5de vuxna och barn. V\u00e5ra tempor\u00e4ra tatueringar \u00e4r enkla att applicera, enkla att tv\u00e4tta bort och skonsamma mot huden. Vi trycker dem i v\u00e5rt eget tryckeri i Malm\u00f6 och skickar din best\u00e4llning inom ett dygn.  Arkstorlek: A5 Antal tatueringar med Sveriges flagga: 13 Tatueringars storlek: 65 - 30 mm\"","og_url":"https:\/\/likeink.com\/sv\/gnuggisar\/heja-sverige-flaggor\/","og_site_name":"Like ink","article_publisher":"https:\/\/www.facebook.com\/LikeInkSe","article_modified_time":"2026-04-14T14:03:19+00:00","og_image":[{"width":1400,"height":986,"url":"https:\/\/likeink.com\/wp-content\/uploads\/2024\/05\/Heja-Sverige-Flaggor-Likeink.jpg","type":"image\/jpeg"}],"twitter_card":"summary_large_image","twitter_misc":{"Ber\u00e4knad l\u00e4stid":"1 minut"},"schema":{"@context":"https:\/\/schema.org","@graph":[{"@type":"WebPage","@id":"https:\/\/likeink.com\/sv\/gnuggisar\/heja-sverige-flaggor\/","url":"https:\/\/likeink.com\/sv\/gnuggisar\/heja-sverige-flaggor\/","name":"Heja Sverige Flaggor - Like ink","isPartOf":{"@id":"https:\/\/likeink.com\/sv\/#website"},"primaryImageOfPage":{"@id":"https:\/\/likeink.com\/sv\/gnuggisar\/heja-sverige-flaggor\/#primaryimage"},"image":{"@id":"https:\/\/likeink.com\/sv\/gnuggisar\/heja-sverige-flaggor\/#primaryimage"},"thumbnailUrl":"https:\/\/likeink.com\/wp-content\/uploads\/2024\/05\/Heja-Sverige-Flaggor-Likeink.jpg","datePublished":"2024-05-05T17:16:37+00:00","dateModified":"2026-04-14T14:03:19+00:00","description":"Heja Sverige Flaggor i form av gnuggisar, tempor\u00e4ra tatueringar! Roliga varianter med sveriges f\u00e4rger som passar som tatuertingar! - Like ink","breadcrumb":{"@id":"https:\/\/likeink.com\/sv\/gnuggisar\/heja-sverige-flaggor\/#breadcrumb"},"inLanguage":"sv-SE","potentialAction":[{"@type":"ReadAction","target":["https:\/\/likeink.com\/sv\/gnuggisar\/heja-sverige-flaggor\/"]}]},{"@type":"ImageObject","inLanguage":"sv-SE","@id":"https:\/\/likeink.com\/sv\/gnuggisar\/heja-sverige-flaggor\/#primaryimage","url":"https:\/\/likeink.com\/wp-content\/uploads\/2024\/05\/Heja-Sverige-Flaggor-Likeink.jpg","contentUrl":"https:\/\/likeink.com\/wp-content\/uploads\/2024\/05\/Heja-Sverige-Flaggor-Likeink.jpg","width":1400,"height":986,"caption":"Sverige flaggor gnuggistatueringar"},{"@type":"BreadcrumbList","@id":"https:\/\/likeink.com\/sv\/gnuggisar\/heja-sverige-flaggor\/#breadcrumb","itemListElement":[{"@type":"ListItem","position":1,"name":"Hem","item":"https:\/\/likeink.com\/sv\/"},{"@type":"ListItem","position":2,"name":"Webbutik","item":"https:\/\/likeink.com\/sv\/webbutik\/"},{"@type":"ListItem","position":3,"name":"Heja Sverige Flaggor"}]},{"@type":"WebSite","@id":"https:\/\/likeink.com\/sv\/#website","url":"https:\/\/likeink.com\/sv\/","name":"Like ink","description":"Make your own custom design","potentialAction":[{"@type":"SearchAction","target":{"@type":"EntryPoint","urlTemplate":"https:\/\/likeink.com\/sv\/?s={search_term_string}"},"query-input":{"@type":"PropertyValueSpecification","valueRequired":true,"valueName":"search_term_string"}}],"inLanguage":"sv-SE"}]}},"_links":{"self":[{"href":"https:\/\/likeink.com\/sv\/wp-json\/wp\/v2\/product\/27026","targetHints":{"allow":["GET"]}}],"collection":[{"href":"https:\/\/likeink.com\/sv\/wp-json\/wp\/v2\/product"}],"about":[{"href":"https:\/\/likeink.com\/sv\/wp-json\/wp\/v2\/types\/product"}],"wp:featuredmedia":[{"embeddable":true,"href":"https:\/\/likeink.com\/sv\/wp-json\/wp\/v2\/media\/27020"}],"wp:attachment":[{"href":"https:\/\/likeink.com\/sv\/wp-json\/wp\/v2\/media?parent=27026"}],"wp:term":[{"taxonomy":"product_brand","embeddable":true,"href":"https:\/\/likeink.com\/sv\/wp-json\/wp\/v2\/product_brand?post=27026"},{"taxonomy":"product_cat","embeddable":true,"href":"https:\/\/likeink.com\/sv\/wp-json\/wp\/v2\/product_cat?post=27026"},{"taxonomy":"product_tag","embeddable":true,"href":"https:\/\/likeink.com\/sv\/wp-json\/wp\/v2\/product_tag?post=27026"}],"curies":[{"name":"wp","href":"https:\/\/api.w.org\/{rel}","templated":true}]}}