{"id":28265,"date":"2024-06-02T10:40:09","date_gmt":"2024-06-02T10:40:09","guid":{"rendered":"https:\/\/likeink.se\/?post_type=product&#038;p=28265"},"modified":"2026-04-15T11:50:40","modified_gmt":"2026-04-15T11:50:40","slug":"glitter-tatuering-fjaril","status":"publish","type":"product","link":"https:\/\/likeink.com\/sv\/gnuggisar\/glitter-tatuering-fjaril\/","title":{"rendered":"Glitter tatuering Fj\u00e4ril"},"content":{"rendered":"","protected":false},"excerpt":{"rendered":"<p>Glitter tatuering Fj\u00e4ril A6: F\u00f6rvandla varje dag till en glittrande upplevelse med v\u00e5ra glittertatueringar! Dessa tempor\u00e4ra tatueringar \u00e4r skonsamma mot huden och enkla att applicera, vilket g\u00f6r dem perfekta f\u00f6r b\u00e5de barn och vuxna. Varje tatuering pryds av vackra fj\u00e4rilar och eleganta f\u00e5glar med gnistrande glitter, vilket ger en cool touch till vilken tillst\u00e4llning som helst.<\/p>\n<h2>K\u00f6p tempor\u00e4ra glitter tatueringar med glittriga fj\u00e4rilar.<\/h2>\n<p>Perfekta f\u00f6r kalas, festivaler eller bara som en rolig grej, dessa glittertatueringar \u00e4r en s\u00e4ker hit som sprider gl\u00e4dje och glans.<\/p>\n<p><strong>Arkstorlek:<\/strong> A6<br \/>\n<strong>Antal tatueringar med glitter:<\/strong> 6<br \/>\n<strong>Tatueringars storlek:<\/strong> 30-120mm<\/p>\n","protected":false},"featured_media":27996,"template":"","meta":[],"product_brand":[],"product_cat":[493,488,129,17],"product_tag":[],"class_list":{"0":"post-28265","1":"product","2":"type-product","3":"status-publish","4":"has-post-thumbnail","6":"product_cat-barnkalas","7":"product_cat-djur-natur","8":"product_cat-djur-natur-tatueringar-blommor-tatuering","9":"product_cat-fardiga-ark","11":"first","12":"outofstock","13":"taxable","14":"shipping-taxable","15":"purchasable","16":"product-type-simple"},"yoast_head":"<!-- This site is optimized with the Yoast SEO Premium plugin v26.2 (Yoast SEO v27.4) - https:\/\/yoast.com\/product\/yoast-seo-premium-wordpress\/ -->\n<title>Glitter tatuering Fj\u00e4ril - Like ink<\/title>\n<meta name=\"description\" content=\"Glitter tatuering Fj\u00e4ril och f\u00e5glar. Gnistrande gnuggistatueringar med motiv som glittrar. H\u00e5llbara glitter tatueringar. - Like ink\" \/>\n<meta name=\"robots\" content=\"index, follow, max-snippet:-1, max-image-preview:large, max-video-preview:-1\" \/>\n<link rel=\"canonical\" href=\"https:\/\/likeink.com\/sv\/gnuggisar\/glitter-tatuering-fjaril\/\" \/>\n<meta property=\"og:locale\" content=\"sv_SE\" \/>\n<meta property=\"og:type\" content=\"article\" \/>\n<meta property=\"og:title\" content=\"Glitter tatuering Fj\u00e4ril\" \/>\n<meta property=\"og:description\" content=\"Glitter tatuering Fj\u00e4ril A6: F\u00f6rvandla varje dag till en glittrande upplevelse med v\u00e5ra glittertatueringar! Dessa tempor\u00e4ra tatueringar \u00e4r skonsamma mot huden och enkla att applicera, vilket g\u00f6r dem perfekta f\u00f6r b\u00e5de barn och vuxna. Varje tatuering pryds av vackra fj\u00e4rilar och eleganta f\u00e5glar med gnistrande glitter, vilket ger en cool touch till vilken tillst\u00e4llning som helst. K\u00f6p tempor\u00e4ra glitter tatueringar med glittriga fj\u00e4rilar. Perfekta f\u00f6r kalas, festivaler eller bara som en rolig grej, dessa glittertatueringar \u00e4r en s\u00e4ker hit som sprider gl\u00e4dje och glans.  Arkstorlek: A6 Antal tatueringar med glitter: 6 Tatueringars storlek: 30-120mm\" \/>\n<meta property=\"og:url\" content=\"https:\/\/likeink.com\/sv\/gnuggisar\/glitter-tatuering-fjaril\/\" \/>\n<meta property=\"og:site_name\" content=\"Like ink\" \/>\n<meta property=\"article:publisher\" content=\"https:\/\/www.facebook.com\/LikeInkSe\" \/>\n<meta property=\"article:modified_time\" content=\"2026-04-15T11:50:40+00:00\" \/>\n<meta property=\"og:image\" content=\"https:\/\/likeink.com\/wp-content\/uploads\/2024\/05\/Glitter-Tattoos-HS-015.png\" \/>\n\t<meta property=\"og:image:width\" content=\"1423\" \/>\n\t<meta property=\"og:image:height\" content=\"1070\" \/>\n\t<meta property=\"og:image:type\" content=\"image\/png\" \/>\n<meta name=\"twitter:card\" content=\"summary_large_image\" \/>\n<meta name=\"twitter:label1\" content=\"Ber\u00e4knad l\u00e4stid\" \/>\n\t<meta name=\"twitter:data1\" content=\"1 minut\" \/>\n<script type=\"application\/ld+json\" class=\"yoast-schema-graph\">{\"@context\":\"https:\\\/\\\/schema.org\",\"@graph\":[{\"@type\":\"WebPage\",\"@id\":\"https:\\\/\\\/likeink.com\\\/sv\\\/gnuggisar\\\/glitter-tatuering-fjaril\\\/\",\"url\":\"https:\\\/\\\/likeink.com\\\/sv\\\/gnuggisar\\\/glitter-tatuering-fjaril\\\/\",\"name\":\"Glitter tatuering Fj\u00e4ril - Like ink\",\"isPartOf\":{\"@id\":\"https:\\\/\\\/likeink.com\\\/sv\\\/#website\"},\"primaryImageOfPage\":{\"@id\":\"https:\\\/\\\/likeink.com\\\/sv\\\/gnuggisar\\\/glitter-tatuering-fjaril\\\/#primaryimage\"},\"image\":{\"@id\":\"https:\\\/\\\/likeink.com\\\/sv\\\/gnuggisar\\\/glitter-tatuering-fjaril\\\/#primaryimage\"},\"thumbnailUrl\":\"https:\\\/\\\/likeink.com\\\/wp-content\\\/uploads\\\/2024\\\/05\\\/Glitter-Tattoos-HS-015.png\",\"datePublished\":\"2024-06-02T10:40:09+00:00\",\"dateModified\":\"2026-04-15T11:50:40+00:00\",\"description\":\"Glitter tatuering Fj\u00e4ril och f\u00e5glar. Gnistrande gnuggistatueringar med motiv som glittrar. H\u00e5llbara glitter tatueringar. - Like ink\",\"breadcrumb\":{\"@id\":\"https:\\\/\\\/likeink.com\\\/sv\\\/gnuggisar\\\/glitter-tatuering-fjaril\\\/#breadcrumb\"},\"inLanguage\":\"sv-SE\",\"potentialAction\":[{\"@type\":\"ReadAction\",\"target\":[\"https:\\\/\\\/likeink.com\\\/sv\\\/gnuggisar\\\/glitter-tatuering-fjaril\\\/\"]}]},{\"@type\":\"ImageObject\",\"inLanguage\":\"sv-SE\",\"@id\":\"https:\\\/\\\/likeink.com\\\/sv\\\/gnuggisar\\\/glitter-tatuering-fjaril\\\/#primaryimage\",\"url\":\"https:\\\/\\\/likeink.com\\\/wp-content\\\/uploads\\\/2024\\\/05\\\/Glitter-Tattoos-HS-015.png\",\"contentUrl\":\"https:\\\/\\\/likeink.com\\\/wp-content\\\/uploads\\\/2024\\\/05\\\/Glitter-Tattoos-HS-015.png\",\"width\":1423,\"height\":1070,\"caption\":\"Vackra tempor\u00e4ra tatueringar med glitter.\"},{\"@type\":\"BreadcrumbList\",\"@id\":\"https:\\\/\\\/likeink.com\\\/sv\\\/gnuggisar\\\/glitter-tatuering-fjaril\\\/#breadcrumb\",\"itemListElement\":[{\"@type\":\"ListItem\",\"position\":1,\"name\":\"Hem\",\"item\":\"https:\\\/\\\/likeink.com\\\/sv\\\/\"},{\"@type\":\"ListItem\",\"position\":2,\"name\":\"Webbutik\",\"item\":\"https:\\\/\\\/likeink.com\\\/sv\\\/webbutik\\\/\"},{\"@type\":\"ListItem\",\"position\":3,\"name\":\"Glitter tatuering Fj\u00e4ril\"}]},{\"@type\":\"WebSite\",\"@id\":\"https:\\\/\\\/likeink.com\\\/sv\\\/#website\",\"url\":\"https:\\\/\\\/likeink.com\\\/sv\\\/\",\"name\":\"Like ink\",\"description\":\"Make your own custom design\",\"potentialAction\":[{\"@type\":\"SearchAction\",\"target\":{\"@type\":\"EntryPoint\",\"urlTemplate\":\"https:\\\/\\\/likeink.com\\\/sv\\\/?s={search_term_string}\"},\"query-input\":{\"@type\":\"PropertyValueSpecification\",\"valueRequired\":true,\"valueName\":\"search_term_string\"}}],\"inLanguage\":\"sv-SE\"}]}<\/script>\n<!-- \/ Yoast SEO Premium plugin. -->","yoast_head_json":{"title":"Glitter tatuering Fj\u00e4ril - Like ink","description":"Glitter tatuering Fj\u00e4ril och f\u00e5glar. Gnistrande gnuggistatueringar med motiv som glittrar. H\u00e5llbara glitter tatueringar. - Like ink","robots":{"index":"index","follow":"follow","max-snippet":"max-snippet:-1","max-image-preview":"max-image-preview:large","max-video-preview":"max-video-preview:-1"},"canonical":"https:\/\/likeink.com\/sv\/gnuggisar\/glitter-tatuering-fjaril\/","og_locale":"sv_SE","og_type":"article","og_title":"Glitter tatuering Fj\u00e4ril","og_description":"Glitter tatuering Fj\u00e4ril A6: F\u00f6rvandla varje dag till en glittrande upplevelse med v\u00e5ra glittertatueringar! Dessa tempor\u00e4ra tatueringar \u00e4r skonsamma mot huden och enkla att applicera, vilket g\u00f6r dem perfekta f\u00f6r b\u00e5de barn och vuxna. Varje tatuering pryds av vackra fj\u00e4rilar och eleganta f\u00e5glar med gnistrande glitter, vilket ger en cool touch till vilken tillst\u00e4llning som helst. K\u00f6p tempor\u00e4ra glitter tatueringar med glittriga fj\u00e4rilar. Perfekta f\u00f6r kalas, festivaler eller bara som en rolig grej, dessa glittertatueringar \u00e4r en s\u00e4ker hit som sprider gl\u00e4dje och glans.  Arkstorlek: A6 Antal tatueringar med glitter: 6 Tatueringars storlek: 30-120mm","og_url":"https:\/\/likeink.com\/sv\/gnuggisar\/glitter-tatuering-fjaril\/","og_site_name":"Like ink","article_publisher":"https:\/\/www.facebook.com\/LikeInkSe","article_modified_time":"2026-04-15T11:50:40+00:00","og_image":[{"width":1423,"height":1070,"url":"https:\/\/likeink.com\/wp-content\/uploads\/2024\/05\/Glitter-Tattoos-HS-015.png","type":"image\/png"}],"twitter_card":"summary_large_image","twitter_misc":{"Ber\u00e4knad l\u00e4stid":"1 minut"},"schema":{"@context":"https:\/\/schema.org","@graph":[{"@type":"WebPage","@id":"https:\/\/likeink.com\/sv\/gnuggisar\/glitter-tatuering-fjaril\/","url":"https:\/\/likeink.com\/sv\/gnuggisar\/glitter-tatuering-fjaril\/","name":"Glitter tatuering Fj\u00e4ril - Like ink","isPartOf":{"@id":"https:\/\/likeink.com\/sv\/#website"},"primaryImageOfPage":{"@id":"https:\/\/likeink.com\/sv\/gnuggisar\/glitter-tatuering-fjaril\/#primaryimage"},"image":{"@id":"https:\/\/likeink.com\/sv\/gnuggisar\/glitter-tatuering-fjaril\/#primaryimage"},"thumbnailUrl":"https:\/\/likeink.com\/wp-content\/uploads\/2024\/05\/Glitter-Tattoos-HS-015.png","datePublished":"2024-06-02T10:40:09+00:00","dateModified":"2026-04-15T11:50:40+00:00","description":"Glitter tatuering Fj\u00e4ril och f\u00e5glar. Gnistrande gnuggistatueringar med motiv som glittrar. H\u00e5llbara glitter tatueringar. - Like ink","breadcrumb":{"@id":"https:\/\/likeink.com\/sv\/gnuggisar\/glitter-tatuering-fjaril\/#breadcrumb"},"inLanguage":"sv-SE","potentialAction":[{"@type":"ReadAction","target":["https:\/\/likeink.com\/sv\/gnuggisar\/glitter-tatuering-fjaril\/"]}]},{"@type":"ImageObject","inLanguage":"sv-SE","@id":"https:\/\/likeink.com\/sv\/gnuggisar\/glitter-tatuering-fjaril\/#primaryimage","url":"https:\/\/likeink.com\/wp-content\/uploads\/2024\/05\/Glitter-Tattoos-HS-015.png","contentUrl":"https:\/\/likeink.com\/wp-content\/uploads\/2024\/05\/Glitter-Tattoos-HS-015.png","width":1423,"height":1070,"caption":"Vackra tempor\u00e4ra tatueringar med glitter."},{"@type":"BreadcrumbList","@id":"https:\/\/likeink.com\/sv\/gnuggisar\/glitter-tatuering-fjaril\/#breadcrumb","itemListElement":[{"@type":"ListItem","position":1,"name":"Hem","item":"https:\/\/likeink.com\/sv\/"},{"@type":"ListItem","position":2,"name":"Webbutik","item":"https:\/\/likeink.com\/sv\/webbutik\/"},{"@type":"ListItem","position":3,"name":"Glitter tatuering Fj\u00e4ril"}]},{"@type":"WebSite","@id":"https:\/\/likeink.com\/sv\/#website","url":"https:\/\/likeink.com\/sv\/","name":"Like ink","description":"Make your own custom design","potentialAction":[{"@type":"SearchAction","target":{"@type":"EntryPoint","urlTemplate":"https:\/\/likeink.com\/sv\/?s={search_term_string}"},"query-input":{"@type":"PropertyValueSpecification","valueRequired":true,"valueName":"search_term_string"}}],"inLanguage":"sv-SE"}]}},"_links":{"self":[{"href":"https:\/\/likeink.com\/sv\/wp-json\/wp\/v2\/product\/28265","targetHints":{"allow":["GET"]}}],"collection":[{"href":"https:\/\/likeink.com\/sv\/wp-json\/wp\/v2\/product"}],"about":[{"href":"https:\/\/likeink.com\/sv\/wp-json\/wp\/v2\/types\/product"}],"wp:featuredmedia":[{"embeddable":true,"href":"https:\/\/likeink.com\/sv\/wp-json\/wp\/v2\/media\/27996"}],"wp:attachment":[{"href":"https:\/\/likeink.com\/sv\/wp-json\/wp\/v2\/media?parent=28265"}],"wp:term":[{"taxonomy":"product_brand","embeddable":true,"href":"https:\/\/likeink.com\/sv\/wp-json\/wp\/v2\/product_brand?post=28265"},{"taxonomy":"product_cat","embeddable":true,"href":"https:\/\/likeink.com\/sv\/wp-json\/wp\/v2\/product_cat?post=28265"},{"taxonomy":"product_tag","embeddable":true,"href":"https:\/\/likeink.com\/sv\/wp-json\/wp\/v2\/product_tag?post=28265"}],"curies":[{"name":"wp","href":"https:\/\/api.w.org\/{rel}","templated":true}]}}