{"id":28313,"date":"2024-06-03T13:40:10","date_gmt":"2024-06-03T13:40:10","guid":{"rendered":"https:\/\/likeink.se\/?post_type=product&#038;p=28313"},"modified":"2026-04-14T13:42:51","modified_gmt":"2026-04-14T13:42:51","slug":"vita-temporara-tatueringar-dromfangare","status":"publish","type":"product","link":"https:\/\/likeink.com\/sv\/gnuggisar\/vita-temporara-tatueringar-dromfangare\/","title":{"rendered":"Vita Tempor\u00e4ra Tatueringar &#8220;Dr\u00f6mf\u00e5ngare&#8221;"},"content":{"rendered":"","protected":false},"excerpt":{"rendered":"<p>Vita Tempor\u00e4ra Tatueringar &#8220;Dr\u00f6mf\u00e5ngare&#8221;. Vita tatueringar sticker ut och ger drar \u00f6gonen till sig. Riktigt coolt om vi f\u00e5r s\u00e4ga det sj\u00e4lva. Tatueringarna appliceras med vatten och \u00e4r enkla att tv\u00e4tta bort. Samtliga tatueringar fr\u00e5n Like ink \u00e4r allergiv\u00e4nliga och i bra kvalitet!<\/p>\n<h2>K\u00f6p vita tempor\u00e4ra tatueringar med motiv av dr\u00f6mf\u00e5ngare.<\/h2>\n<p><strong>Arkstorlek:<\/strong> A5<br \/>\n<strong>Antal vita tatueringar:<\/strong> 10<br \/>\n<strong>Tatueringars storlek:<\/strong> 30-190mm<\/p>\n","protected":false},"featured_media":28052,"template":"","meta":[],"product_brand":[],"product_cat":[17,492],"product_tag":[],"class_list":{"0":"post-28313","1":"product","2":"type-product","3":"status-publish","4":"has-post-thumbnail","6":"product_cat-fardiga-ark","7":"product_cat-tribal-symboler-runor","9":"first","10":"instock","11":"taxable","12":"shipping-taxable","13":"purchasable","14":"product-type-simple"},"yoast_head":"<!-- This site is optimized with the Yoast SEO Premium plugin v27.5 (Yoast SEO v27.6) - https:\/\/yoast.com\/product\/yoast-seo-premium-wordpress\/ -->\n<title>Vita Tempor\u00e4ra Tatueringar &quot;Dr\u00f6mf\u00e5ngare&quot; - Like ink<\/title>\n<meta name=\"description\" content=\"Vita Tempor\u00e4ra Tatueringar med bland annat en Dr\u00f6mf\u00e5ngare. Vita tateringar sticker ut och ger ett unikt utseende oavsett hudf\u00e4rg. - Like ink\" \/>\n<meta name=\"robots\" content=\"index, follow, max-snippet:-1, max-image-preview:large, max-video-preview:-1\" \/>\n<link rel=\"canonical\" href=\"https:\/\/likeink.com\/sv\/gnuggisar\/vita-temporara-tatueringar-dromfangare\/\" \/>\n<meta property=\"og:locale\" content=\"sv_SE\" \/>\n<meta property=\"og:type\" content=\"article\" \/>\n<meta property=\"og:title\" content=\"Vita Tempor\u00e4ra Tatueringar &quot;Dr\u00f6mf\u00e5ngare&quot;\" \/>\n<meta property=\"og:description\" content=\"Vita Tempor\u00e4ra Tatueringar &quot;Dr\u00f6mf\u00e5ngare&quot;. Vita tatueringar sticker ut och ger drar \u00f6gonen till sig. Riktigt coolt om vi f\u00e5r s\u00e4ga det sj\u00e4lva. Tatueringarna appliceras med vatten och \u00e4r enkla att tv\u00e4tta bort. Samtliga tatueringar fr\u00e5n Like ink \u00e4r allergiv\u00e4nliga och i bra kvalitet! K\u00f6p vita tempor\u00e4ra tatueringar med motiv av dr\u00f6mf\u00e5ngare. Arkstorlek: A5 Antal vita tatueringar: 10 Tatueringars storlek: 30-190mm\" \/>\n<meta property=\"og:url\" content=\"https:\/\/likeink.com\/sv\/gnuggisar\/vita-temporara-tatueringar-dromfangare\/\" \/>\n<meta property=\"og:site_name\" content=\"Like ink\" \/>\n<meta property=\"article:publisher\" content=\"https:\/\/www.facebook.com\/LikeInkSe\" \/>\n<meta property=\"article:modified_time\" content=\"2026-04-14T13:42:51+00:00\" \/>\n<meta property=\"og:image\" content=\"https:\/\/likeink.com\/wp-content\/uploads\/2024\/05\/Tattoo-white-YHB-white-003.jpg\" \/>\n\t<meta property=\"og:image:width\" content=\"1556\" \/>\n\t<meta property=\"og:image:height\" content=\"1090\" \/>\n\t<meta property=\"og:image:type\" content=\"image\/jpeg\" \/>\n<meta name=\"twitter:card\" content=\"summary_large_image\" \/>\n<meta name=\"twitter:label1\" content=\"Ber\u00e4knad l\u00e4stid\" \/>\n\t<meta name=\"twitter:data1\" content=\"1 minut\" \/>\n<!-- \/ Yoast SEO Premium plugin. -->","yoast_head_json":{"title":"Vita Tempor\u00e4ra Tatueringar \"Dr\u00f6mf\u00e5ngare\" - Like ink","description":"Vita Tempor\u00e4ra Tatueringar med bland annat en Dr\u00f6mf\u00e5ngare. Vita tateringar sticker ut och ger ett unikt utseende oavsett hudf\u00e4rg. - Like ink","robots":{"index":"index","follow":"follow","max-snippet":"max-snippet:-1","max-image-preview":"max-image-preview:large","max-video-preview":"max-video-preview:-1"},"canonical":"https:\/\/likeink.com\/sv\/gnuggisar\/vita-temporara-tatueringar-dromfangare\/","og_locale":"sv_SE","og_type":"article","og_title":"Vita Tempor\u00e4ra Tatueringar \"Dr\u00f6mf\u00e5ngare\"","og_description":"Vita Tempor\u00e4ra Tatueringar \"Dr\u00f6mf\u00e5ngare\". Vita tatueringar sticker ut och ger drar \u00f6gonen till sig. Riktigt coolt om vi f\u00e5r s\u00e4ga det sj\u00e4lva. Tatueringarna appliceras med vatten och \u00e4r enkla att tv\u00e4tta bort. Samtliga tatueringar fr\u00e5n Like ink \u00e4r allergiv\u00e4nliga och i bra kvalitet! K\u00f6p vita tempor\u00e4ra tatueringar med motiv av dr\u00f6mf\u00e5ngare. Arkstorlek: A5 Antal vita tatueringar: 10 Tatueringars storlek: 30-190mm","og_url":"https:\/\/likeink.com\/sv\/gnuggisar\/vita-temporara-tatueringar-dromfangare\/","og_site_name":"Like ink","article_publisher":"https:\/\/www.facebook.com\/LikeInkSe","article_modified_time":"2026-04-14T13:42:51+00:00","og_image":[{"width":1556,"height":1090,"url":"https:\/\/likeink.com\/wp-content\/uploads\/2024\/05\/Tattoo-white-YHB-white-003.jpg","type":"image\/jpeg"}],"twitter_card":"summary_large_image","twitter_misc":{"Ber\u00e4knad l\u00e4stid":"1 minut"},"schema":{"@context":"https:\/\/schema.org","@graph":[{"@type":"WebPage","@id":"https:\/\/likeink.com\/sv\/gnuggisar\/vita-temporara-tatueringar-dromfangare\/","url":"https:\/\/likeink.com\/sv\/gnuggisar\/vita-temporara-tatueringar-dromfangare\/","name":"Vita Tempor\u00e4ra Tatueringar \"Dr\u00f6mf\u00e5ngare\" - Like ink","isPartOf":{"@id":"https:\/\/likeink.com\/sv\/#website"},"primaryImageOfPage":{"@id":"https:\/\/likeink.com\/sv\/gnuggisar\/vita-temporara-tatueringar-dromfangare\/#primaryimage"},"image":{"@id":"https:\/\/likeink.com\/sv\/gnuggisar\/vita-temporara-tatueringar-dromfangare\/#primaryimage"},"thumbnailUrl":"https:\/\/likeink.com\/wp-content\/uploads\/2024\/05\/Tattoo-white-YHB-white-003.jpg","datePublished":"2024-06-03T13:40:10+00:00","dateModified":"2026-04-14T13:42:51+00:00","description":"Vita Tempor\u00e4ra Tatueringar med bland annat en Dr\u00f6mf\u00e5ngare. Vita tateringar sticker ut och ger ett unikt utseende oavsett hudf\u00e4rg. - Like ink","breadcrumb":{"@id":"https:\/\/likeink.com\/sv\/gnuggisar\/vita-temporara-tatueringar-dromfangare\/#breadcrumb"},"inLanguage":"sv-SE","potentialAction":[{"@type":"ReadAction","target":["https:\/\/likeink.com\/sv\/gnuggisar\/vita-temporara-tatueringar-dromfangare\/"]}]},{"@type":"ImageObject","inLanguage":"sv-SE","@id":"https:\/\/likeink.com\/sv\/gnuggisar\/vita-temporara-tatueringar-dromfangare\/#primaryimage","url":"https:\/\/likeink.com\/wp-content\/uploads\/2024\/05\/Tattoo-white-YHB-white-003.jpg","contentUrl":"https:\/\/likeink.com\/wp-content\/uploads\/2024\/05\/Tattoo-white-YHB-white-003.jpg","width":1556,"height":1090,"caption":"Vita gnuggistatueringar"},{"@type":"BreadcrumbList","@id":"https:\/\/likeink.com\/sv\/gnuggisar\/vita-temporara-tatueringar-dromfangare\/#breadcrumb","itemListElement":[{"@type":"ListItem","position":1,"name":"Hem","item":"https:\/\/likeink.com\/sv\/"},{"@type":"ListItem","position":2,"name":"Webbutik","item":"https:\/\/likeink.com\/sv\/webbutik\/"},{"@type":"ListItem","position":3,"name":"Vita Tempor\u00e4ra Tatueringar &#8220;Dr\u00f6mf\u00e5ngare&#8221;"}]},{"@type":"WebSite","@id":"https:\/\/likeink.com\/sv\/#website","url":"https:\/\/likeink.com\/sv\/","name":"Like ink","description":"Make your own custom design","potentialAction":[{"@type":"SearchAction","target":{"@type":"EntryPoint","urlTemplate":"https:\/\/likeink.com\/sv\/?s={search_term_string}"},"query-input":{"@type":"PropertyValueSpecification","valueRequired":true,"valueName":"search_term_string"}}],"inLanguage":"sv-SE"}]}},"_links":{"self":[{"href":"https:\/\/likeink.com\/sv\/wp-json\/wp\/v2\/product\/28313","targetHints":{"allow":["GET"]}}],"collection":[{"href":"https:\/\/likeink.com\/sv\/wp-json\/wp\/v2\/product"}],"about":[{"href":"https:\/\/likeink.com\/sv\/wp-json\/wp\/v2\/types\/product"}],"wp:featuredmedia":[{"embeddable":true,"href":"https:\/\/likeink.com\/sv\/wp-json\/wp\/v2\/media\/28052"}],"wp:attachment":[{"href":"https:\/\/likeink.com\/sv\/wp-json\/wp\/v2\/media?parent=28313"}],"wp:term":[{"taxonomy":"product_brand","embeddable":true,"href":"https:\/\/likeink.com\/sv\/wp-json\/wp\/v2\/product_brand?post=28313"},{"taxonomy":"product_cat","embeddable":true,"href":"https:\/\/likeink.com\/sv\/wp-json\/wp\/v2\/product_cat?post=28313"},{"taxonomy":"product_tag","embeddable":true,"href":"https:\/\/likeink.com\/sv\/wp-json\/wp\/v2\/product_tag?post=28313"}],"curies":[{"name":"wp","href":"https:\/\/api.w.org\/{rel}","templated":true}]}}