{"id":28478,"date":"2024-06-05T16:52:39","date_gmt":"2024-06-05T16:52:39","guid":{"rendered":"https:\/\/likeink.se\/?post_type=product&#038;p=28478"},"modified":"2026-04-14T13:42:50","modified_gmt":"2026-04-14T13:42:50","slug":"vita-tatueringar","status":"publish","type":"product","link":"https:\/\/likeink.com\/sv\/gnuggisar\/vita-tatueringar\/","title":{"rendered":"Vita tatueringar Love"},"content":{"rendered":"","protected":false},"excerpt":{"rendered":"<p>Uppt\u00e4ck v\u00e5ra vita tatueringar med motiv av diamant, pilar, yoga hand, fj\u00e4drar och detaljerade m\u00f6nster. Dessa tatueringar \u00e4r gjorda med krispigt vit f\u00e4rg som verkligen sticker ut och ger ett unikt utseende. V\u00e5ra tatueringar \u00e4r allergiv\u00e4nliga och av h\u00f6g kvalitet, vilket g\u00f6r dem s\u00e4kra att b\u00e4ra. Enkla att applicera med vatten och l\u00e4tta att tv\u00e4tta bort. Perfekta f\u00f6r att ge din stil en distinkt och elegant touch!<\/p>\n<h2>best\u00e4ll vita tatueringar med motiv inspirerade av yoga.<\/h2>\n<p><strong>Arkstorlek:<\/strong> A6<br \/>\n<strong>Antal vita tatueringar:<\/strong> 6<br \/>\n<strong>Tatueringars storlek:<\/strong> 20-190mm<\/p>\n","protected":false},"featured_media":28066,"template":"","meta":[],"product_brand":[],"product_cat":[17,134,492,136],"product_tag":[],"class_list":{"0":"post-28478","1":"product","2":"type-product","3":"status-publish","4":"has-post-thumbnail","6":"product_cat-fardiga-ark","7":"product_cat-symbol-tatuering","8":"product_cat-tribal-symboler-runor","9":"product_cat-yoga-tatuering","11":"first","12":"instock","13":"taxable","14":"shipping-taxable","15":"purchasable","16":"product-type-simple"},"yoast_head":"<!-- This site is optimized with the Yoast SEO Premium plugin v26.2 (Yoast SEO v27.4) - https:\/\/yoast.com\/product\/yoast-seo-premium-wordpress\/ -->\n<title>Vita tatueringar Love - Like ink<\/title>\n<meta name=\"description\" content=\"Vita tatueringar med yoga-inspirerade motiv, pilar, diamant och fj\u00e4drar. Unik samling vita taterungar som \u00e4r skonsamma mot hud och milj\u00f6. - Like ink\" \/>\n<meta name=\"robots\" content=\"index, follow, max-snippet:-1, max-image-preview:large, max-video-preview:-1\" \/>\n<link rel=\"canonical\" href=\"https:\/\/likeink.com\/sv\/gnuggisar\/vita-tatueringar\/\" \/>\n<meta property=\"og:locale\" content=\"sv_SE\" \/>\n<meta property=\"og:type\" content=\"article\" \/>\n<meta property=\"og:title\" content=\"Vita tatueringar Love\" \/>\n<meta property=\"og:description\" content=\"Uppt\u00e4ck v\u00e5ra vita tatueringar med motiv av diamant, pilar, yoga hand, fj\u00e4drar och detaljerade m\u00f6nster. Dessa tatueringar \u00e4r gjorda med krispigt vit f\u00e4rg som verkligen sticker ut och ger ett unikt utseende. V\u00e5ra tatueringar \u00e4r allergiv\u00e4nliga och av h\u00f6g kvalitet, vilket g\u00f6r dem s\u00e4kra att b\u00e4ra. Enkla att applicera med vatten och l\u00e4tta att tv\u00e4tta bort. Perfekta f\u00f6r att ge din stil en distinkt och elegant touch!  best\u00e4ll vita tatueringar med motiv inspirerade av yoga.  Arkstorlek: A6 Antal vita tatueringar: 6 Tatueringars storlek: 20-190mm\" \/>\n<meta property=\"og:url\" content=\"https:\/\/likeink.com\/sv\/gnuggisar\/vita-tatueringar\/\" \/>\n<meta property=\"og:site_name\" content=\"Like ink\" \/>\n<meta property=\"article:publisher\" content=\"https:\/\/www.facebook.com\/LikeInkSe\" \/>\n<meta property=\"article:modified_time\" content=\"2026-04-14T13:42:50+00:00\" \/>\n<meta property=\"og:image\" content=\"https:\/\/likeink.com\/wp-content\/uploads\/2024\/05\/White-temporaryTattoo-YHB-white-023.png\" \/>\n\t<meta property=\"og:image:width\" content=\"1533\" \/>\n\t<meta property=\"og:image:height\" content=\"1070\" \/>\n\t<meta property=\"og:image:type\" content=\"image\/png\" \/>\n<meta name=\"twitter:card\" content=\"summary_large_image\" \/>\n<meta name=\"twitter:label1\" content=\"Ber\u00e4knad l\u00e4stid\" \/>\n\t<meta name=\"twitter:data1\" content=\"1 minut\" \/>\n<script type=\"application\/ld+json\" class=\"yoast-schema-graph\">{\"@context\":\"https:\\\/\\\/schema.org\",\"@graph\":[{\"@type\":\"WebPage\",\"@id\":\"https:\\\/\\\/likeink.com\\\/sv\\\/gnuggisar\\\/vita-tatueringar\\\/\",\"url\":\"https:\\\/\\\/likeink.com\\\/sv\\\/gnuggisar\\\/vita-tatueringar\\\/\",\"name\":\"Vita tatueringar Love - Like ink\",\"isPartOf\":{\"@id\":\"https:\\\/\\\/likeink.com\\\/sv\\\/#website\"},\"primaryImageOfPage\":{\"@id\":\"https:\\\/\\\/likeink.com\\\/sv\\\/gnuggisar\\\/vita-tatueringar\\\/#primaryimage\"},\"image\":{\"@id\":\"https:\\\/\\\/likeink.com\\\/sv\\\/gnuggisar\\\/vita-tatueringar\\\/#primaryimage\"},\"thumbnailUrl\":\"https:\\\/\\\/likeink.com\\\/wp-content\\\/uploads\\\/2024\\\/05\\\/White-temporaryTattoo-YHB-white-023.png\",\"datePublished\":\"2024-06-05T16:52:39+00:00\",\"dateModified\":\"2026-04-14T13:42:50+00:00\",\"description\":\"Vita tatueringar med yoga-inspirerade motiv, pilar, diamant och fj\u00e4drar. Unik samling vita taterungar som \u00e4r skonsamma mot hud och milj\u00f6. - Like ink\",\"breadcrumb\":{\"@id\":\"https:\\\/\\\/likeink.com\\\/sv\\\/gnuggisar\\\/vita-tatueringar\\\/#breadcrumb\"},\"inLanguage\":\"sv-SE\",\"potentialAction\":[{\"@type\":\"ReadAction\",\"target\":[\"https:\\\/\\\/likeink.com\\\/sv\\\/gnuggisar\\\/vita-tatueringar\\\/\"]}]},{\"@type\":\"ImageObject\",\"inLanguage\":\"sv-SE\",\"@id\":\"https:\\\/\\\/likeink.com\\\/sv\\\/gnuggisar\\\/vita-tatueringar\\\/#primaryimage\",\"url\":\"https:\\\/\\\/likeink.com\\\/wp-content\\\/uploads\\\/2024\\\/05\\\/White-temporaryTattoo-YHB-white-023.png\",\"contentUrl\":\"https:\\\/\\\/likeink.com\\\/wp-content\\\/uploads\\\/2024\\\/05\\\/White-temporaryTattoo-YHB-white-023.png\",\"width\":1533,\"height\":1070,\"caption\":\"Vita temporara tatueringar\"},{\"@type\":\"BreadcrumbList\",\"@id\":\"https:\\\/\\\/likeink.com\\\/sv\\\/gnuggisar\\\/vita-tatueringar\\\/#breadcrumb\",\"itemListElement\":[{\"@type\":\"ListItem\",\"position\":1,\"name\":\"Hem\",\"item\":\"https:\\\/\\\/likeink.com\\\/sv\\\/\"},{\"@type\":\"ListItem\",\"position\":2,\"name\":\"Webbutik\",\"item\":\"https:\\\/\\\/likeink.com\\\/sv\\\/webbutik\\\/\"},{\"@type\":\"ListItem\",\"position\":3,\"name\":\"Vita tatueringar Love\"}]},{\"@type\":\"WebSite\",\"@id\":\"https:\\\/\\\/likeink.com\\\/sv\\\/#website\",\"url\":\"https:\\\/\\\/likeink.com\\\/sv\\\/\",\"name\":\"Like ink\",\"description\":\"Make your own custom design\",\"potentialAction\":[{\"@type\":\"SearchAction\",\"target\":{\"@type\":\"EntryPoint\",\"urlTemplate\":\"https:\\\/\\\/likeink.com\\\/sv\\\/?s={search_term_string}\"},\"query-input\":{\"@type\":\"PropertyValueSpecification\",\"valueRequired\":true,\"valueName\":\"search_term_string\"}}],\"inLanguage\":\"sv-SE\"}]}<\/script>\n<!-- \/ Yoast SEO Premium plugin. -->","yoast_head_json":{"title":"Vita tatueringar Love - Like ink","description":"Vita tatueringar med yoga-inspirerade motiv, pilar, diamant och fj\u00e4drar. Unik samling vita taterungar som \u00e4r skonsamma mot hud och milj\u00f6. - Like ink","robots":{"index":"index","follow":"follow","max-snippet":"max-snippet:-1","max-image-preview":"max-image-preview:large","max-video-preview":"max-video-preview:-1"},"canonical":"https:\/\/likeink.com\/sv\/gnuggisar\/vita-tatueringar\/","og_locale":"sv_SE","og_type":"article","og_title":"Vita tatueringar Love","og_description":"Uppt\u00e4ck v\u00e5ra vita tatueringar med motiv av diamant, pilar, yoga hand, fj\u00e4drar och detaljerade m\u00f6nster. Dessa tatueringar \u00e4r gjorda med krispigt vit f\u00e4rg som verkligen sticker ut och ger ett unikt utseende. V\u00e5ra tatueringar \u00e4r allergiv\u00e4nliga och av h\u00f6g kvalitet, vilket g\u00f6r dem s\u00e4kra att b\u00e4ra. Enkla att applicera med vatten och l\u00e4tta att tv\u00e4tta bort. Perfekta f\u00f6r att ge din stil en distinkt och elegant touch!  best\u00e4ll vita tatueringar med motiv inspirerade av yoga.  Arkstorlek: A6 Antal vita tatueringar: 6 Tatueringars storlek: 20-190mm","og_url":"https:\/\/likeink.com\/sv\/gnuggisar\/vita-tatueringar\/","og_site_name":"Like ink","article_publisher":"https:\/\/www.facebook.com\/LikeInkSe","article_modified_time":"2026-04-14T13:42:50+00:00","og_image":[{"width":1533,"height":1070,"url":"https:\/\/likeink.com\/wp-content\/uploads\/2024\/05\/White-temporaryTattoo-YHB-white-023.png","type":"image\/png"}],"twitter_card":"summary_large_image","twitter_misc":{"Ber\u00e4knad l\u00e4stid":"1 minut"},"schema":{"@context":"https:\/\/schema.org","@graph":[{"@type":"WebPage","@id":"https:\/\/likeink.com\/sv\/gnuggisar\/vita-tatueringar\/","url":"https:\/\/likeink.com\/sv\/gnuggisar\/vita-tatueringar\/","name":"Vita tatueringar Love - Like ink","isPartOf":{"@id":"https:\/\/likeink.com\/sv\/#website"},"primaryImageOfPage":{"@id":"https:\/\/likeink.com\/sv\/gnuggisar\/vita-tatueringar\/#primaryimage"},"image":{"@id":"https:\/\/likeink.com\/sv\/gnuggisar\/vita-tatueringar\/#primaryimage"},"thumbnailUrl":"https:\/\/likeink.com\/wp-content\/uploads\/2024\/05\/White-temporaryTattoo-YHB-white-023.png","datePublished":"2024-06-05T16:52:39+00:00","dateModified":"2026-04-14T13:42:50+00:00","description":"Vita tatueringar med yoga-inspirerade motiv, pilar, diamant och fj\u00e4drar. Unik samling vita taterungar som \u00e4r skonsamma mot hud och milj\u00f6. - Like ink","breadcrumb":{"@id":"https:\/\/likeink.com\/sv\/gnuggisar\/vita-tatueringar\/#breadcrumb"},"inLanguage":"sv-SE","potentialAction":[{"@type":"ReadAction","target":["https:\/\/likeink.com\/sv\/gnuggisar\/vita-tatueringar\/"]}]},{"@type":"ImageObject","inLanguage":"sv-SE","@id":"https:\/\/likeink.com\/sv\/gnuggisar\/vita-tatueringar\/#primaryimage","url":"https:\/\/likeink.com\/wp-content\/uploads\/2024\/05\/White-temporaryTattoo-YHB-white-023.png","contentUrl":"https:\/\/likeink.com\/wp-content\/uploads\/2024\/05\/White-temporaryTattoo-YHB-white-023.png","width":1533,"height":1070,"caption":"Vita temporara tatueringar"},{"@type":"BreadcrumbList","@id":"https:\/\/likeink.com\/sv\/gnuggisar\/vita-tatueringar\/#breadcrumb","itemListElement":[{"@type":"ListItem","position":1,"name":"Hem","item":"https:\/\/likeink.com\/sv\/"},{"@type":"ListItem","position":2,"name":"Webbutik","item":"https:\/\/likeink.com\/sv\/webbutik\/"},{"@type":"ListItem","position":3,"name":"Vita tatueringar Love"}]},{"@type":"WebSite","@id":"https:\/\/likeink.com\/sv\/#website","url":"https:\/\/likeink.com\/sv\/","name":"Like ink","description":"Make your own custom design","potentialAction":[{"@type":"SearchAction","target":{"@type":"EntryPoint","urlTemplate":"https:\/\/likeink.com\/sv\/?s={search_term_string}"},"query-input":{"@type":"PropertyValueSpecification","valueRequired":true,"valueName":"search_term_string"}}],"inLanguage":"sv-SE"}]}},"_links":{"self":[{"href":"https:\/\/likeink.com\/sv\/wp-json\/wp\/v2\/product\/28478","targetHints":{"allow":["GET"]}}],"collection":[{"href":"https:\/\/likeink.com\/sv\/wp-json\/wp\/v2\/product"}],"about":[{"href":"https:\/\/likeink.com\/sv\/wp-json\/wp\/v2\/types\/product"}],"wp:featuredmedia":[{"embeddable":true,"href":"https:\/\/likeink.com\/sv\/wp-json\/wp\/v2\/media\/28066"}],"wp:attachment":[{"href":"https:\/\/likeink.com\/sv\/wp-json\/wp\/v2\/media?parent=28478"}],"wp:term":[{"taxonomy":"product_brand","embeddable":true,"href":"https:\/\/likeink.com\/sv\/wp-json\/wp\/v2\/product_brand?post=28478"},{"taxonomy":"product_cat","embeddable":true,"href":"https:\/\/likeink.com\/sv\/wp-json\/wp\/v2\/product_cat?post=28478"},{"taxonomy":"product_tag","embeddable":true,"href":"https:\/\/likeink.com\/sv\/wp-json\/wp\/v2\/product_tag?post=28478"}],"curies":[{"name":"wp","href":"https:\/\/api.w.org\/{rel}","templated":true}]}}