{"id":28796,"date":"2024-06-08T12:37:20","date_gmt":"2024-06-08T12:37:20","guid":{"rendered":"https:\/\/likeink.se\/?post_type=product&#038;p=28796"},"modified":"2026-04-14T13:14:04","modified_gmt":"2026-04-14T13:14:04","slug":"guld-foil-temporara-tatueringar","status":"publish","type":"product","link":"https:\/\/likeink.com\/sv\/gnuggisar\/guld-foil-temporara-tatueringar\/","title":{"rendered":"Guld Foil Tempor\u00e4ra Tatueringar"},"content":{"rendered":"","protected":false},"excerpt":{"rendered":"<p>Uppt\u00e4ck Like inks exklusiva Guld Foil Tempor\u00e4ra Tatueringar i svart, silver- och guld, \u00e4ven k\u00e4nda som tempor\u00e4ra tatueringar och metallic tattoos. Dessa h\u00f6gkvalitativa tatueringar ger en lyxig och gl\u00e4nsande finish som garanterat drar blickarna till sig. Snygga motiv av armband, kedjor, fj\u00e4drar, ananas och blad-tatueringar.<\/p>\n<h2>K\u00f6p kvalitativa Guld Foil Tatueringar fr\u00e5n Like ink.<\/h2>\n<p>V\u00e5ra tatueringar \u00e4r allergiv\u00e4nliga och s\u00e4kra f\u00f6r alla hudtyper. De \u00e4r enkla att applicera med vatten och h\u00e5ller i flera dagar, vilket g\u00f6r dem perfekta f\u00f6r fester, festivaler, stranddagar eller bara som en rolig accessoar till din vardagsstil.<\/p>\n<p>V\u00e5ra guld och silver foil-tatueringar h\u00e5ller h\u00f6g kvalitet, \u00e4r allergiv\u00e4nliga, l\u00e4tta att applicera och h\u00e5ller i flera dagar.<\/p>\n<p>Ge din stil en glittrande uppgradering med v\u00e5ra tempor\u00e4ra metallik tattoos!<\/p>\n<p><strong>Arkstorlek:<\/strong> A6<br \/>\n<strong>St\u00f6rsta tatuering Rosett:<\/strong> 1-20 cm<\/p>\n","protected":false},"featured_media":28017,"template":"","meta":[],"product_brand":[],"product_cat":[17,490],"product_tag":[],"class_list":{"0":"post-28796","1":"product","2":"type-product","3":"status-publish","4":"has-post-thumbnail","6":"product_cat-fardiga-ark","7":"product_cat-maskerad-sasong","9":"first","10":"instock","11":"taxable","12":"shipping-taxable","13":"purchasable","14":"product-type-simple"},"yoast_head":"<!-- This site is optimized with the Yoast SEO Premium plugin v26.2 (Yoast SEO v27.5) - https:\/\/yoast.com\/product\/yoast-seo-premium-wordpress\/ -->\n<title>Guld Foil Tempor\u00e4ra Tatueringar - Like ink<\/title>\n<meta name=\"description\" content=\"Guld Foil Tempor\u00e4ra Tatueringar i guld, silver och svart p\u00e5 A6 ark. Best\u00e4ll snygga tatueringar i guld och silver idag- Like ink\" \/>\n<meta name=\"robots\" content=\"index, follow, max-snippet:-1, max-image-preview:large, max-video-preview:-1\" \/>\n<link rel=\"canonical\" href=\"https:\/\/likeink.com\/sv\/gnuggisar\/guld-foil-temporara-tatueringar\/\" \/>\n<meta property=\"og:locale\" content=\"sv_SE\" \/>\n<meta property=\"og:type\" content=\"article\" \/>\n<meta property=\"og:title\" content=\"Guld Foil Tempor\u00e4ra Tatueringar\" \/>\n<meta property=\"og:description\" content=\"Uppt\u00e4ck Like inks exklusiva Guld Foil Tempor\u00e4ra Tatueringar i svart, silver- och guld, \u00e4ven k\u00e4nda som tempor\u00e4ra tatueringar och metallic tattoos. Dessa h\u00f6gkvalitativa tatueringar ger en lyxig och gl\u00e4nsande finish som garanterat drar blickarna till sig. Snygga motiv av armband, kedjor, fj\u00e4drar, ananas och blad-tatueringar. K\u00f6p kvalitativa Guld Foil Tatueringar fr\u00e5n Like ink. V\u00e5ra tatueringar \u00e4r allergiv\u00e4nliga och s\u00e4kra f\u00f6r alla hudtyper. De \u00e4r enkla att applicera med vatten och h\u00e5ller i flera dagar, vilket g\u00f6r dem perfekta f\u00f6r fester, festivaler, stranddagar eller bara som en rolig accessoar till din vardagsstil.  V\u00e5ra guld och silver foil-tatueringar h\u00e5ller h\u00f6g kvalitet, \u00e4r allergiv\u00e4nliga, l\u00e4tta att applicera och h\u00e5ller i flera dagar.  Ge din stil en glittrande uppgradering med v\u00e5ra tempor\u00e4ra metallik tattoos!  Arkstorlek: A6 St\u00f6rsta tatuering Rosett: 1-20 cm\" \/>\n<meta property=\"og:url\" content=\"https:\/\/likeink.com\/sv\/gnuggisar\/guld-foil-temporara-tatueringar\/\" \/>\n<meta property=\"og:site_name\" content=\"Like ink\" \/>\n<meta property=\"article:publisher\" content=\"https:\/\/www.facebook.com\/LikeInkSe\" \/>\n<meta property=\"article:modified_time\" content=\"2026-04-14T13:14:04+00:00\" \/>\n<meta property=\"og:image\" content=\"https:\/\/likeink.com\/wp-content\/uploads\/2024\/05\/GoldTattoo-MT-008.jpg\" \/>\n\t<meta property=\"og:image:width\" content=\"726\" \/>\n\t<meta property=\"og:image:height\" content=\"353\" \/>\n\t<meta property=\"og:image:type\" content=\"image\/jpeg\" \/>\n<meta name=\"twitter:card\" content=\"summary_large_image\" \/>\n<meta name=\"twitter:label1\" content=\"Ber\u00e4knad l\u00e4stid\" \/>\n\t<meta name=\"twitter:data1\" content=\"1 minut\" \/>\n<!-- \/ Yoast SEO Premium plugin. -->","yoast_head_json":{"title":"Guld Foil Tempor\u00e4ra Tatueringar - Like ink","description":"Guld Foil Tempor\u00e4ra Tatueringar i guld, silver och svart p\u00e5 A6 ark. Best\u00e4ll snygga tatueringar i guld och silver idag- Like ink","robots":{"index":"index","follow":"follow","max-snippet":"max-snippet:-1","max-image-preview":"max-image-preview:large","max-video-preview":"max-video-preview:-1"},"canonical":"https:\/\/likeink.com\/sv\/gnuggisar\/guld-foil-temporara-tatueringar\/","og_locale":"sv_SE","og_type":"article","og_title":"Guld Foil Tempor\u00e4ra Tatueringar","og_description":"Uppt\u00e4ck Like inks exklusiva Guld Foil Tempor\u00e4ra Tatueringar i svart, silver- och guld, \u00e4ven k\u00e4nda som tempor\u00e4ra tatueringar och metallic tattoos. Dessa h\u00f6gkvalitativa tatueringar ger en lyxig och gl\u00e4nsande finish som garanterat drar blickarna till sig. Snygga motiv av armband, kedjor, fj\u00e4drar, ananas och blad-tatueringar. K\u00f6p kvalitativa Guld Foil Tatueringar fr\u00e5n Like ink. V\u00e5ra tatueringar \u00e4r allergiv\u00e4nliga och s\u00e4kra f\u00f6r alla hudtyper. De \u00e4r enkla att applicera med vatten och h\u00e5ller i flera dagar, vilket g\u00f6r dem perfekta f\u00f6r fester, festivaler, stranddagar eller bara som en rolig accessoar till din vardagsstil.  V\u00e5ra guld och silver foil-tatueringar h\u00e5ller h\u00f6g kvalitet, \u00e4r allergiv\u00e4nliga, l\u00e4tta att applicera och h\u00e5ller i flera dagar.  Ge din stil en glittrande uppgradering med v\u00e5ra tempor\u00e4ra metallik tattoos!  Arkstorlek: A6 St\u00f6rsta tatuering Rosett: 1-20 cm","og_url":"https:\/\/likeink.com\/sv\/gnuggisar\/guld-foil-temporara-tatueringar\/","og_site_name":"Like ink","article_publisher":"https:\/\/www.facebook.com\/LikeInkSe","article_modified_time":"2026-04-14T13:14:04+00:00","og_image":[{"width":726,"height":353,"url":"https:\/\/likeink.com\/wp-content\/uploads\/2024\/05\/GoldTattoo-MT-008.jpg","type":"image\/jpeg"}],"twitter_card":"summary_large_image","twitter_misc":{"Ber\u00e4knad l\u00e4stid":"1 minut"},"schema":{"@context":"https:\/\/schema.org","@graph":[{"@type":"WebPage","@id":"https:\/\/likeink.com\/sv\/gnuggisar\/guld-foil-temporara-tatueringar\/","url":"https:\/\/likeink.com\/sv\/gnuggisar\/guld-foil-temporara-tatueringar\/","name":"Guld Foil Tempor\u00e4ra Tatueringar - Like ink","isPartOf":{"@id":"https:\/\/likeink.com\/sv\/#website"},"primaryImageOfPage":{"@id":"https:\/\/likeink.com\/sv\/gnuggisar\/guld-foil-temporara-tatueringar\/#primaryimage"},"image":{"@id":"https:\/\/likeink.com\/sv\/gnuggisar\/guld-foil-temporara-tatueringar\/#primaryimage"},"thumbnailUrl":"https:\/\/likeink.com\/wp-content\/uploads\/2024\/05\/GoldTattoo-MT-008.jpg","datePublished":"2024-06-08T12:37:20+00:00","dateModified":"2026-04-14T13:14:04+00:00","description":"Guld Foil Tempor\u00e4ra Tatueringar i guld, silver och svart p\u00e5 A6 ark. Best\u00e4ll snygga tatueringar i guld och silver idag- Like ink","breadcrumb":{"@id":"https:\/\/likeink.com\/sv\/gnuggisar\/guld-foil-temporara-tatueringar\/#breadcrumb"},"inLanguage":"sv-SE","potentialAction":[{"@type":"ReadAction","target":["https:\/\/likeink.com\/sv\/gnuggisar\/guld-foil-temporara-tatueringar\/"]}]},{"@type":"ImageObject","inLanguage":"sv-SE","@id":"https:\/\/likeink.com\/sv\/gnuggisar\/guld-foil-temporara-tatueringar\/#primaryimage","url":"https:\/\/likeink.com\/wp-content\/uploads\/2024\/05\/GoldTattoo-MT-008.jpg","contentUrl":"https:\/\/likeink.com\/wp-content\/uploads\/2024\/05\/GoldTattoo-MT-008.jpg","width":726,"height":353,"caption":"Faketatueringar i guld och silver f\u00e4rg."},{"@type":"BreadcrumbList","@id":"https:\/\/likeink.com\/sv\/gnuggisar\/guld-foil-temporara-tatueringar\/#breadcrumb","itemListElement":[{"@type":"ListItem","position":1,"name":"Hem","item":"https:\/\/likeink.com\/sv\/"},{"@type":"ListItem","position":2,"name":"Webbutik","item":"https:\/\/likeink.com\/sv\/webbutik\/"},{"@type":"ListItem","position":3,"name":"Guld Foil Tempor\u00e4ra Tatueringar"}]},{"@type":"WebSite","@id":"https:\/\/likeink.com\/sv\/#website","url":"https:\/\/likeink.com\/sv\/","name":"Like ink","description":"Make your own custom design","potentialAction":[{"@type":"SearchAction","target":{"@type":"EntryPoint","urlTemplate":"https:\/\/likeink.com\/sv\/?s={search_term_string}"},"query-input":{"@type":"PropertyValueSpecification","valueRequired":true,"valueName":"search_term_string"}}],"inLanguage":"sv-SE"}]}},"_links":{"self":[{"href":"https:\/\/likeink.com\/sv\/wp-json\/wp\/v2\/product\/28796","targetHints":{"allow":["GET"]}}],"collection":[{"href":"https:\/\/likeink.com\/sv\/wp-json\/wp\/v2\/product"}],"about":[{"href":"https:\/\/likeink.com\/sv\/wp-json\/wp\/v2\/types\/product"}],"wp:featuredmedia":[{"embeddable":true,"href":"https:\/\/likeink.com\/sv\/wp-json\/wp\/v2\/media\/28017"}],"wp:attachment":[{"href":"https:\/\/likeink.com\/sv\/wp-json\/wp\/v2\/media?parent=28796"}],"wp:term":[{"taxonomy":"product_brand","embeddable":true,"href":"https:\/\/likeink.com\/sv\/wp-json\/wp\/v2\/product_brand?post=28796"},{"taxonomy":"product_cat","embeddable":true,"href":"https:\/\/likeink.com\/sv\/wp-json\/wp\/v2\/product_cat?post=28796"},{"taxonomy":"product_tag","embeddable":true,"href":"https:\/\/likeink.com\/sv\/wp-json\/wp\/v2\/product_tag?post=28796"}],"curies":[{"name":"wp","href":"https:\/\/api.w.org\/{rel}","templated":true}]}}