{"id":32424,"date":"2024-09-23T16:18:55","date_gmt":"2024-09-23T16:18:55","guid":{"rendered":"https:\/\/likeink.se\/?post_type=product&#038;p=32424"},"modified":"2026-04-15T11:35:35","modified_gmt":"2026-04-15T11:35:35","slug":"mel-c-tatueringar-a5","status":"publish","type":"product","link":"https:\/\/likeink.com\/sv\/gnuggisar\/mel-c-tatueringar-a5\/","title":{"rendered":"Mel C Tatueringar"},"content":{"rendered":"","protected":false},"excerpt":{"rendered":"<p>Melanie C, \u00e4ven k\u00e4nd som Sporty Spice fr\u00e5n Spice Girls, har flera tatueringar som speglar hennes personlighet och livsresa. Bland hennes mest k\u00e4nda tatueringar finns ett kors p\u00e5 armen, ett tribal-inspirerat armband, och kinesiska tecken p\u00e5 kroppen.<\/p>\n<h2>K\u00f6p tatueringar inspirerade av Spice Girls stj\u00e4rnan Mel C`s riktiga tatueringar.<\/h2>\n<p>V\u00e5ra tatueringar \u00e4r allergiv\u00e4nliga och s\u00e4kra f\u00f6r alla hudtyper. De \u00e4r enkla att applicera med vatten och h\u00e5ller i flera dagar, vilket g\u00f6r dem perfekta f\u00f6r fester, festivaler och maskerader.<\/p>\n<p><strong>Arkstorlek:<\/strong> A5<br \/>\n<strong>Storlek armband:<\/strong> 19 cm<\/p>\n","protected":false},"featured_media":32413,"template":"","meta":[],"product_brand":[],"product_cat":[17,126,490,138,492],"product_tag":[],"class_list":{"0":"post-32424","1":"product","2":"type-product","3":"status-publish","4":"has-post-thumbnail","6":"product_cat-fardiga-ark","7":"product_cat-halloween-tatueringar","8":"product_cat-maskerad-sasong","9":"product_cat-roliga-tatueringar","10":"product_cat-tribal-symboler-runor","12":"first","13":"instock","14":"taxable","15":"shipping-taxable","16":"purchasable","17":"product-type-simple"},"yoast_head":"<!-- This site is optimized with the Yoast SEO Premium plugin v26.2 (Yoast SEO v27.4) - https:\/\/yoast.com\/product\/yoast-seo-premium-wordpress\/ -->\n<title>Mel C Tatueringar - Like ink<\/title>\n<meta name=\"description\" content=\"Mel C Tatueringar i bra kvalitet, perfekt f\u00f6r att kl\u00e4 ut sig till Spice girls stj\u00e4rnan Melanie C. Snabb leverans - Like ink\" \/>\n<meta name=\"robots\" content=\"index, follow, max-snippet:-1, max-image-preview:large, max-video-preview:-1\" \/>\n<link rel=\"canonical\" href=\"https:\/\/likeink.com\/sv\/gnuggisar\/mel-c-tatueringar-a5\/\" \/>\n<meta property=\"og:locale\" content=\"sv_SE\" \/>\n<meta property=\"og:type\" content=\"article\" \/>\n<meta property=\"og:title\" content=\"Mel C Tatueringar\" \/>\n<meta property=\"og:description\" content=\"Melanie C, \u00e4ven k\u00e4nd som Sporty Spice fr\u00e5n Spice Girls, har flera tatueringar som speglar hennes personlighet och livsresa. Bland hennes mest k\u00e4nda tatueringar finns ett kors p\u00e5 armen, ett tribal-inspirerat armband, och kinesiska tecken p\u00e5 kroppen. K\u00f6p tatueringar inspirerade av Spice Girls stj\u00e4rnan Mel C`s riktiga tatueringar. V\u00e5ra tatueringar \u00e4r allergiv\u00e4nliga och s\u00e4kra f\u00f6r alla hudtyper. De \u00e4r enkla att applicera med vatten och h\u00e5ller i flera dagar, vilket g\u00f6r dem perfekta f\u00f6r fester, festivaler och maskerader.  Arkstorlek: A5 Storlek armband: 19 cm\" \/>\n<meta property=\"og:url\" content=\"https:\/\/likeink.com\/sv\/gnuggisar\/mel-c-tatueringar-a5\/\" \/>\n<meta property=\"og:site_name\" content=\"Like ink\" \/>\n<meta property=\"article:publisher\" content=\"https:\/\/www.facebook.com\/LikeInkSe\" \/>\n<meta property=\"article:modified_time\" content=\"2026-04-15T11:35:35+00:00\" \/>\n<meta property=\"og:image\" content=\"https:\/\/likeink.com\/wp-content\/uploads\/2024\/09\/MelC-fakeTattoos-Likeink.jpg\" \/>\n\t<meta property=\"og:image:width\" content=\"1400\" \/>\n\t<meta property=\"og:image:height\" content=\"986\" \/>\n\t<meta property=\"og:image:type\" content=\"image\/jpeg\" \/>\n<meta name=\"twitter:card\" content=\"summary_large_image\" \/>\n<meta name=\"twitter:label1\" content=\"Ber\u00e4knad l\u00e4stid\" \/>\n\t<meta name=\"twitter:data1\" content=\"1 minut\" \/>\n<script type=\"application\/ld+json\" class=\"yoast-schema-graph\">{\"@context\":\"https:\\\/\\\/schema.org\",\"@graph\":[{\"@type\":\"WebPage\",\"@id\":\"https:\\\/\\\/likeink.com\\\/sv\\\/gnuggisar\\\/mel-c-tatueringar-a5\\\/\",\"url\":\"https:\\\/\\\/likeink.com\\\/sv\\\/gnuggisar\\\/mel-c-tatueringar-a5\\\/\",\"name\":\"Mel C Tatueringar - Like ink\",\"isPartOf\":{\"@id\":\"https:\\\/\\\/likeink.com\\\/sv\\\/#website\"},\"primaryImageOfPage\":{\"@id\":\"https:\\\/\\\/likeink.com\\\/sv\\\/gnuggisar\\\/mel-c-tatueringar-a5\\\/#primaryimage\"},\"image\":{\"@id\":\"https:\\\/\\\/likeink.com\\\/sv\\\/gnuggisar\\\/mel-c-tatueringar-a5\\\/#primaryimage\"},\"thumbnailUrl\":\"https:\\\/\\\/likeink.com\\\/wp-content\\\/uploads\\\/2024\\\/09\\\/MelC-fakeTattoos-Likeink.jpg\",\"datePublished\":\"2024-09-23T16:18:55+00:00\",\"dateModified\":\"2026-04-15T11:35:35+00:00\",\"description\":\"Mel C Tatueringar i bra kvalitet, perfekt f\u00f6r att kl\u00e4 ut sig till Spice girls stj\u00e4rnan Melanie C. Snabb leverans - Like ink\",\"breadcrumb\":{\"@id\":\"https:\\\/\\\/likeink.com\\\/sv\\\/gnuggisar\\\/mel-c-tatueringar-a5\\\/#breadcrumb\"},\"inLanguage\":\"sv-SE\",\"potentialAction\":[{\"@type\":\"ReadAction\",\"target\":[\"https:\\\/\\\/likeink.com\\\/sv\\\/gnuggisar\\\/mel-c-tatueringar-a5\\\/\"]}]},{\"@type\":\"ImageObject\",\"inLanguage\":\"sv-SE\",\"@id\":\"https:\\\/\\\/likeink.com\\\/sv\\\/gnuggisar\\\/mel-c-tatueringar-a5\\\/#primaryimage\",\"url\":\"https:\\\/\\\/likeink.com\\\/wp-content\\\/uploads\\\/2024\\\/09\\\/MelC-fakeTattoos-Likeink.jpg\",\"contentUrl\":\"https:\\\/\\\/likeink.com\\\/wp-content\\\/uploads\\\/2024\\\/09\\\/MelC-fakeTattoos-Likeink.jpg\",\"width\":1400,\"height\":986,\"caption\":\"Mel C Temporary Tattoo Set\"},{\"@type\":\"BreadcrumbList\",\"@id\":\"https:\\\/\\\/likeink.com\\\/sv\\\/gnuggisar\\\/mel-c-tatueringar-a5\\\/#breadcrumb\",\"itemListElement\":[{\"@type\":\"ListItem\",\"position\":1,\"name\":\"Hem\",\"item\":\"https:\\\/\\\/likeink.com\\\/sv\\\/\"},{\"@type\":\"ListItem\",\"position\":2,\"name\":\"Webbutik\",\"item\":\"https:\\\/\\\/likeink.com\\\/sv\\\/webbutik\\\/\"},{\"@type\":\"ListItem\",\"position\":3,\"name\":\"Mel C Tatueringar\"}]},{\"@type\":\"WebSite\",\"@id\":\"https:\\\/\\\/likeink.com\\\/sv\\\/#website\",\"url\":\"https:\\\/\\\/likeink.com\\\/sv\\\/\",\"name\":\"Like ink\",\"description\":\"Make your own custom design\",\"potentialAction\":[{\"@type\":\"SearchAction\",\"target\":{\"@type\":\"EntryPoint\",\"urlTemplate\":\"https:\\\/\\\/likeink.com\\\/sv\\\/?s={search_term_string}\"},\"query-input\":{\"@type\":\"PropertyValueSpecification\",\"valueRequired\":true,\"valueName\":\"search_term_string\"}}],\"inLanguage\":\"sv-SE\"}]}<\/script>\n<!-- \/ Yoast SEO Premium plugin. -->","yoast_head_json":{"title":"Mel C Tatueringar - Like ink","description":"Mel C Tatueringar i bra kvalitet, perfekt f\u00f6r att kl\u00e4 ut sig till Spice girls stj\u00e4rnan Melanie C. Snabb leverans - Like ink","robots":{"index":"index","follow":"follow","max-snippet":"max-snippet:-1","max-image-preview":"max-image-preview:large","max-video-preview":"max-video-preview:-1"},"canonical":"https:\/\/likeink.com\/sv\/gnuggisar\/mel-c-tatueringar-a5\/","og_locale":"sv_SE","og_type":"article","og_title":"Mel C Tatueringar","og_description":"Melanie C, \u00e4ven k\u00e4nd som Sporty Spice fr\u00e5n Spice Girls, har flera tatueringar som speglar hennes personlighet och livsresa. Bland hennes mest k\u00e4nda tatueringar finns ett kors p\u00e5 armen, ett tribal-inspirerat armband, och kinesiska tecken p\u00e5 kroppen. K\u00f6p tatueringar inspirerade av Spice Girls stj\u00e4rnan Mel C`s riktiga tatueringar. V\u00e5ra tatueringar \u00e4r allergiv\u00e4nliga och s\u00e4kra f\u00f6r alla hudtyper. De \u00e4r enkla att applicera med vatten och h\u00e5ller i flera dagar, vilket g\u00f6r dem perfekta f\u00f6r fester, festivaler och maskerader.  Arkstorlek: A5 Storlek armband: 19 cm","og_url":"https:\/\/likeink.com\/sv\/gnuggisar\/mel-c-tatueringar-a5\/","og_site_name":"Like ink","article_publisher":"https:\/\/www.facebook.com\/LikeInkSe","article_modified_time":"2026-04-15T11:35:35+00:00","og_image":[{"width":1400,"height":986,"url":"https:\/\/likeink.com\/wp-content\/uploads\/2024\/09\/MelC-fakeTattoos-Likeink.jpg","type":"image\/jpeg"}],"twitter_card":"summary_large_image","twitter_misc":{"Ber\u00e4knad l\u00e4stid":"1 minut"},"schema":{"@context":"https:\/\/schema.org","@graph":[{"@type":"WebPage","@id":"https:\/\/likeink.com\/sv\/gnuggisar\/mel-c-tatueringar-a5\/","url":"https:\/\/likeink.com\/sv\/gnuggisar\/mel-c-tatueringar-a5\/","name":"Mel C Tatueringar - Like ink","isPartOf":{"@id":"https:\/\/likeink.com\/sv\/#website"},"primaryImageOfPage":{"@id":"https:\/\/likeink.com\/sv\/gnuggisar\/mel-c-tatueringar-a5\/#primaryimage"},"image":{"@id":"https:\/\/likeink.com\/sv\/gnuggisar\/mel-c-tatueringar-a5\/#primaryimage"},"thumbnailUrl":"https:\/\/likeink.com\/wp-content\/uploads\/2024\/09\/MelC-fakeTattoos-Likeink.jpg","datePublished":"2024-09-23T16:18:55+00:00","dateModified":"2026-04-15T11:35:35+00:00","description":"Mel C Tatueringar i bra kvalitet, perfekt f\u00f6r att kl\u00e4 ut sig till Spice girls stj\u00e4rnan Melanie C. Snabb leverans - Like ink","breadcrumb":{"@id":"https:\/\/likeink.com\/sv\/gnuggisar\/mel-c-tatueringar-a5\/#breadcrumb"},"inLanguage":"sv-SE","potentialAction":[{"@type":"ReadAction","target":["https:\/\/likeink.com\/sv\/gnuggisar\/mel-c-tatueringar-a5\/"]}]},{"@type":"ImageObject","inLanguage":"sv-SE","@id":"https:\/\/likeink.com\/sv\/gnuggisar\/mel-c-tatueringar-a5\/#primaryimage","url":"https:\/\/likeink.com\/wp-content\/uploads\/2024\/09\/MelC-fakeTattoos-Likeink.jpg","contentUrl":"https:\/\/likeink.com\/wp-content\/uploads\/2024\/09\/MelC-fakeTattoos-Likeink.jpg","width":1400,"height":986,"caption":"Mel C Temporary Tattoo Set"},{"@type":"BreadcrumbList","@id":"https:\/\/likeink.com\/sv\/gnuggisar\/mel-c-tatueringar-a5\/#breadcrumb","itemListElement":[{"@type":"ListItem","position":1,"name":"Hem","item":"https:\/\/likeink.com\/sv\/"},{"@type":"ListItem","position":2,"name":"Webbutik","item":"https:\/\/likeink.com\/sv\/webbutik\/"},{"@type":"ListItem","position":3,"name":"Mel C Tatueringar"}]},{"@type":"WebSite","@id":"https:\/\/likeink.com\/sv\/#website","url":"https:\/\/likeink.com\/sv\/","name":"Like ink","description":"Make your own custom design","potentialAction":[{"@type":"SearchAction","target":{"@type":"EntryPoint","urlTemplate":"https:\/\/likeink.com\/sv\/?s={search_term_string}"},"query-input":{"@type":"PropertyValueSpecification","valueRequired":true,"valueName":"search_term_string"}}],"inLanguage":"sv-SE"}]}},"_links":{"self":[{"href":"https:\/\/likeink.com\/sv\/wp-json\/wp\/v2\/product\/32424","targetHints":{"allow":["GET"]}}],"collection":[{"href":"https:\/\/likeink.com\/sv\/wp-json\/wp\/v2\/product"}],"about":[{"href":"https:\/\/likeink.com\/sv\/wp-json\/wp\/v2\/types\/product"}],"wp:featuredmedia":[{"embeddable":true,"href":"https:\/\/likeink.com\/sv\/wp-json\/wp\/v2\/media\/32413"}],"wp:attachment":[{"href":"https:\/\/likeink.com\/sv\/wp-json\/wp\/v2\/media?parent=32424"}],"wp:term":[{"taxonomy":"product_brand","embeddable":true,"href":"https:\/\/likeink.com\/sv\/wp-json\/wp\/v2\/product_brand?post=32424"},{"taxonomy":"product_cat","embeddable":true,"href":"https:\/\/likeink.com\/sv\/wp-json\/wp\/v2\/product_cat?post=32424"},{"taxonomy":"product_tag","embeddable":true,"href":"https:\/\/likeink.com\/sv\/wp-json\/wp\/v2\/product_tag?post=32424"}],"curies":[{"name":"wp","href":"https:\/\/api.w.org\/{rel}","templated":true}]}}