{"id":32583,"date":"2024-09-26T13:42:30","date_gmt":"2024-09-26T13:42:30","guid":{"rendered":"https:\/\/likeink.se\/?post_type=product&#038;p=32583"},"modified":"2026-04-14T13:36:43","modified_gmt":"2026-04-14T13:36:43","slug":"yarn-stitches-tatueringar-a5","status":"publish","type":"product","link":"https:\/\/likeink.com\/sv\/gnuggisar\/yarn-stitches-tatueringar-a5\/","title":{"rendered":"Yarn Stitches tatueringar"},"content":{"rendered":"","protected":false},"excerpt":{"rendered":"<p>Tempor\u00e4ra tatueringar med realistiska stygn f\u00f6r applicering p\u00e5 kropp och ansikte. Dessa gnuggisar ger en l\u00e4skig effekt f\u00f6r en rad utkl\u00e4dnader och tillst\u00e4llningar.<\/p>\n<p>Arket inneh\u00e5ller 12 st olika realistiska motiv med sydda s\u00f6mmar och passar utm\u00e4rkt som komplement till en l\u00e4skig halloween-outfit. Tillverkade med h\u00f6gkvalitativ, giftfritt bl\u00e4ck och material och tatueringarna s\u00e4kra och enkla att applicera.<\/p>\n<h2>K\u00f6p tempor\u00e4ra tatueringar med l\u00e4skiga garnstygn att applicera p\u00e5 ansikte eller andra kroppsdelar<\/h2>\n<p>V\u00e5ra tatueringar \u00e4r allergiv\u00e4nliga och s\u00e4kra f\u00f6r alla hudtyper. De \u00e4r enkla att applicera med vatten och h\u00e5ller i flera dagar, vilket g\u00f6r dem perfekta f\u00f6r fester, festivaler och maskerader.<\/p>\n<p>&nbsp;<\/p>\n<p><strong>Arkstorlek:<\/strong>\u00a0A5<\/p>\n<p><strong>Storlek tatueringar:<\/strong> L\u00e4ngd ca 9 cm.<\/p>\n","protected":false},"featured_media":32575,"template":"","meta":[],"product_brand":[],"product_cat":[17,126,490],"product_tag":[],"class_list":{"0":"post-32583","1":"product","2":"type-product","3":"status-publish","4":"has-post-thumbnail","6":"product_cat-fardiga-ark","7":"product_cat-halloween-tatueringar","8":"product_cat-maskerad-sasong","10":"first","11":"instock","12":"taxable","13":"shipping-taxable","14":"purchasable","15":"product-type-simple"},"yoast_head":"<!-- This site is optimized with the Yoast SEO Premium plugin v26.2 (Yoast SEO v27.4) - https:\/\/yoast.com\/product\/yoast-seo-premium-wordpress\/ -->\n<title>Yarn Stitches tatueringar - Like ink<\/title>\n<meta name=\"description\" content=\"Yarn Stitches tatueringar. Tempor\u00e4ra tatueringar f\u00f6r maskerad och halloweenutkl\u00e4dnad. Bra kvalitet och snabb leverans! - Like ink\" \/>\n<meta name=\"robots\" content=\"index, follow, max-snippet:-1, max-image-preview:large, max-video-preview:-1\" \/>\n<link rel=\"canonical\" href=\"https:\/\/likeink.com\/sv\/gnuggisar\/yarn-stitches-tatueringar-a5\/\" \/>\n<meta property=\"og:locale\" content=\"sv_SE\" \/>\n<meta property=\"og:type\" content=\"article\" \/>\n<meta property=\"og:title\" content=\"Yarn Stitches tatueringar\" \/>\n<meta property=\"og:description\" content=\"Tempor\u00e4ra tatueringar med realistiska stygn f\u00f6r applicering p\u00e5 kropp och ansikte. Dessa gnuggisar ger en l\u00e4skig effekt f\u00f6r en rad utkl\u00e4dnader och tillst\u00e4llningar.  Arket inneh\u00e5ller 12 st olika realistiska motiv med sydda s\u00f6mmar och passar utm\u00e4rkt som komplement till en l\u00e4skig halloween-outfit. Tillverkade med h\u00f6gkvalitativ, giftfritt bl\u00e4ck och material och tatueringarna s\u00e4kra och enkla att applicera. K\u00f6p tempor\u00e4ra tatueringar med l\u00e4skiga garnstygn att applicera p\u00e5 ansikte eller andra kroppsdelar V\u00e5ra tatueringar \u00e4r allergiv\u00e4nliga och s\u00e4kra f\u00f6r alla hudtyper. De \u00e4r enkla att applicera med vatten och h\u00e5ller i flera dagar, vilket g\u00f6r dem perfekta f\u00f6r fester, festivaler och maskerader.  &nbsp;  Arkstorlek:\u00a0A5  Storlek tatueringar: L\u00e4ngd ca 9 cm.\" \/>\n<meta property=\"og:url\" content=\"https:\/\/likeink.com\/sv\/gnuggisar\/yarn-stitches-tatueringar-a5\/\" \/>\n<meta property=\"og:site_name\" content=\"Like ink\" \/>\n<meta property=\"article:publisher\" content=\"https:\/\/www.facebook.com\/LikeInkSe\" \/>\n<meta property=\"article:modified_time\" content=\"2026-04-14T13:36:43+00:00\" \/>\n<meta property=\"og:image\" content=\"https:\/\/likeink.com\/wp-content\/uploads\/2024\/09\/1007_yarn_stitches_likeink_web.png\" \/>\n\t<meta property=\"og:image:width\" content=\"2480\" \/>\n\t<meta property=\"og:image:height\" content=\"1748\" \/>\n\t<meta property=\"og:image:type\" content=\"image\/png\" \/>\n<meta name=\"twitter:card\" content=\"summary_large_image\" \/>\n<meta name=\"twitter:label1\" content=\"Ber\u00e4knad l\u00e4stid\" \/>\n\t<meta name=\"twitter:data1\" content=\"1 minut\" \/>\n<script type=\"application\/ld+json\" class=\"yoast-schema-graph\">{\"@context\":\"https:\\\/\\\/schema.org\",\"@graph\":[{\"@type\":\"WebPage\",\"@id\":\"https:\\\/\\\/likeink.com\\\/sv\\\/gnuggisar\\\/yarn-stitches-tatueringar-a5\\\/\",\"url\":\"https:\\\/\\\/likeink.com\\\/sv\\\/gnuggisar\\\/yarn-stitches-tatueringar-a5\\\/\",\"name\":\"Yarn Stitches tatueringar - Like ink\",\"isPartOf\":{\"@id\":\"https:\\\/\\\/likeink.com\\\/sv\\\/#website\"},\"primaryImageOfPage\":{\"@id\":\"https:\\\/\\\/likeink.com\\\/sv\\\/gnuggisar\\\/yarn-stitches-tatueringar-a5\\\/#primaryimage\"},\"image\":{\"@id\":\"https:\\\/\\\/likeink.com\\\/sv\\\/gnuggisar\\\/yarn-stitches-tatueringar-a5\\\/#primaryimage\"},\"thumbnailUrl\":\"https:\\\/\\\/likeink.com\\\/wp-content\\\/uploads\\\/2024\\\/09\\\/1007_yarn_stitches_likeink_web.png\",\"datePublished\":\"2024-09-26T13:42:30+00:00\",\"dateModified\":\"2026-04-14T13:36:43+00:00\",\"description\":\"Yarn Stitches tatueringar. Tempor\u00e4ra tatueringar f\u00f6r maskerad och halloweenutkl\u00e4dnad. Bra kvalitet och snabb leverans! - Like ink\",\"breadcrumb\":{\"@id\":\"https:\\\/\\\/likeink.com\\\/sv\\\/gnuggisar\\\/yarn-stitches-tatueringar-a5\\\/#breadcrumb\"},\"inLanguage\":\"sv-SE\",\"potentialAction\":[{\"@type\":\"ReadAction\",\"target\":[\"https:\\\/\\\/likeink.com\\\/sv\\\/gnuggisar\\\/yarn-stitches-tatueringar-a5\\\/\"]}]},{\"@type\":\"ImageObject\",\"inLanguage\":\"sv-SE\",\"@id\":\"https:\\\/\\\/likeink.com\\\/sv\\\/gnuggisar\\\/yarn-stitches-tatueringar-a5\\\/#primaryimage\",\"url\":\"https:\\\/\\\/likeink.com\\\/wp-content\\\/uploads\\\/2024\\\/09\\\/1007_yarn_stitches_likeink_web.png\",\"contentUrl\":\"https:\\\/\\\/likeink.com\\\/wp-content\\\/uploads\\\/2024\\\/09\\\/1007_yarn_stitches_likeink_web.png\",\"width\":2480,\"height\":1748,\"caption\":\"Ark med tempor\u00e4ra tatueringar med svarta stygn i olika stilar.\"},{\"@type\":\"BreadcrumbList\",\"@id\":\"https:\\\/\\\/likeink.com\\\/sv\\\/gnuggisar\\\/yarn-stitches-tatueringar-a5\\\/#breadcrumb\",\"itemListElement\":[{\"@type\":\"ListItem\",\"position\":1,\"name\":\"Hem\",\"item\":\"https:\\\/\\\/likeink.com\\\/sv\\\/\"},{\"@type\":\"ListItem\",\"position\":2,\"name\":\"Webbutik\",\"item\":\"https:\\\/\\\/likeink.com\\\/sv\\\/webbutik\\\/\"},{\"@type\":\"ListItem\",\"position\":3,\"name\":\"Yarn Stitches tatueringar\"}]},{\"@type\":\"WebSite\",\"@id\":\"https:\\\/\\\/likeink.com\\\/sv\\\/#website\",\"url\":\"https:\\\/\\\/likeink.com\\\/sv\\\/\",\"name\":\"Like ink\",\"description\":\"Make your own custom design\",\"potentialAction\":[{\"@type\":\"SearchAction\",\"target\":{\"@type\":\"EntryPoint\",\"urlTemplate\":\"https:\\\/\\\/likeink.com\\\/sv\\\/?s={search_term_string}\"},\"query-input\":{\"@type\":\"PropertyValueSpecification\",\"valueRequired\":true,\"valueName\":\"search_term_string\"}}],\"inLanguage\":\"sv-SE\"}]}<\/script>\n<!-- \/ Yoast SEO Premium plugin. -->","yoast_head_json":{"title":"Yarn Stitches tatueringar - Like ink","description":"Yarn Stitches tatueringar. Tempor\u00e4ra tatueringar f\u00f6r maskerad och halloweenutkl\u00e4dnad. Bra kvalitet och snabb leverans! - Like ink","robots":{"index":"index","follow":"follow","max-snippet":"max-snippet:-1","max-image-preview":"max-image-preview:large","max-video-preview":"max-video-preview:-1"},"canonical":"https:\/\/likeink.com\/sv\/gnuggisar\/yarn-stitches-tatueringar-a5\/","og_locale":"sv_SE","og_type":"article","og_title":"Yarn Stitches tatueringar","og_description":"Tempor\u00e4ra tatueringar med realistiska stygn f\u00f6r applicering p\u00e5 kropp och ansikte. Dessa gnuggisar ger en l\u00e4skig effekt f\u00f6r en rad utkl\u00e4dnader och tillst\u00e4llningar.  Arket inneh\u00e5ller 12 st olika realistiska motiv med sydda s\u00f6mmar och passar utm\u00e4rkt som komplement till en l\u00e4skig halloween-outfit. Tillverkade med h\u00f6gkvalitativ, giftfritt bl\u00e4ck och material och tatueringarna s\u00e4kra och enkla att applicera. K\u00f6p tempor\u00e4ra tatueringar med l\u00e4skiga garnstygn att applicera p\u00e5 ansikte eller andra kroppsdelar V\u00e5ra tatueringar \u00e4r allergiv\u00e4nliga och s\u00e4kra f\u00f6r alla hudtyper. De \u00e4r enkla att applicera med vatten och h\u00e5ller i flera dagar, vilket g\u00f6r dem perfekta f\u00f6r fester, festivaler och maskerader.  &nbsp;  Arkstorlek:\u00a0A5  Storlek tatueringar: L\u00e4ngd ca 9 cm.","og_url":"https:\/\/likeink.com\/sv\/gnuggisar\/yarn-stitches-tatueringar-a5\/","og_site_name":"Like ink","article_publisher":"https:\/\/www.facebook.com\/LikeInkSe","article_modified_time":"2026-04-14T13:36:43+00:00","og_image":[{"width":2480,"height":1748,"url":"https:\/\/likeink.com\/wp-content\/uploads\/2024\/09\/1007_yarn_stitches_likeink_web.png","type":"image\/png"}],"twitter_card":"summary_large_image","twitter_misc":{"Ber\u00e4knad l\u00e4stid":"1 minut"},"schema":{"@context":"https:\/\/schema.org","@graph":[{"@type":"WebPage","@id":"https:\/\/likeink.com\/sv\/gnuggisar\/yarn-stitches-tatueringar-a5\/","url":"https:\/\/likeink.com\/sv\/gnuggisar\/yarn-stitches-tatueringar-a5\/","name":"Yarn Stitches tatueringar - Like ink","isPartOf":{"@id":"https:\/\/likeink.com\/sv\/#website"},"primaryImageOfPage":{"@id":"https:\/\/likeink.com\/sv\/gnuggisar\/yarn-stitches-tatueringar-a5\/#primaryimage"},"image":{"@id":"https:\/\/likeink.com\/sv\/gnuggisar\/yarn-stitches-tatueringar-a5\/#primaryimage"},"thumbnailUrl":"https:\/\/likeink.com\/wp-content\/uploads\/2024\/09\/1007_yarn_stitches_likeink_web.png","datePublished":"2024-09-26T13:42:30+00:00","dateModified":"2026-04-14T13:36:43+00:00","description":"Yarn Stitches tatueringar. Tempor\u00e4ra tatueringar f\u00f6r maskerad och halloweenutkl\u00e4dnad. Bra kvalitet och snabb leverans! - Like ink","breadcrumb":{"@id":"https:\/\/likeink.com\/sv\/gnuggisar\/yarn-stitches-tatueringar-a5\/#breadcrumb"},"inLanguage":"sv-SE","potentialAction":[{"@type":"ReadAction","target":["https:\/\/likeink.com\/sv\/gnuggisar\/yarn-stitches-tatueringar-a5\/"]}]},{"@type":"ImageObject","inLanguage":"sv-SE","@id":"https:\/\/likeink.com\/sv\/gnuggisar\/yarn-stitches-tatueringar-a5\/#primaryimage","url":"https:\/\/likeink.com\/wp-content\/uploads\/2024\/09\/1007_yarn_stitches_likeink_web.png","contentUrl":"https:\/\/likeink.com\/wp-content\/uploads\/2024\/09\/1007_yarn_stitches_likeink_web.png","width":2480,"height":1748,"caption":"Ark med tempor\u00e4ra tatueringar med svarta stygn i olika stilar."},{"@type":"BreadcrumbList","@id":"https:\/\/likeink.com\/sv\/gnuggisar\/yarn-stitches-tatueringar-a5\/#breadcrumb","itemListElement":[{"@type":"ListItem","position":1,"name":"Hem","item":"https:\/\/likeink.com\/sv\/"},{"@type":"ListItem","position":2,"name":"Webbutik","item":"https:\/\/likeink.com\/sv\/webbutik\/"},{"@type":"ListItem","position":3,"name":"Yarn Stitches tatueringar"}]},{"@type":"WebSite","@id":"https:\/\/likeink.com\/sv\/#website","url":"https:\/\/likeink.com\/sv\/","name":"Like ink","description":"Make your own custom design","potentialAction":[{"@type":"SearchAction","target":{"@type":"EntryPoint","urlTemplate":"https:\/\/likeink.com\/sv\/?s={search_term_string}"},"query-input":{"@type":"PropertyValueSpecification","valueRequired":true,"valueName":"search_term_string"}}],"inLanguage":"sv-SE"}]}},"_links":{"self":[{"href":"https:\/\/likeink.com\/sv\/wp-json\/wp\/v2\/product\/32583","targetHints":{"allow":["GET"]}}],"collection":[{"href":"https:\/\/likeink.com\/sv\/wp-json\/wp\/v2\/product"}],"about":[{"href":"https:\/\/likeink.com\/sv\/wp-json\/wp\/v2\/types\/product"}],"wp:featuredmedia":[{"embeddable":true,"href":"https:\/\/likeink.com\/sv\/wp-json\/wp\/v2\/media\/32575"}],"wp:attachment":[{"href":"https:\/\/likeink.com\/sv\/wp-json\/wp\/v2\/media?parent=32583"}],"wp:term":[{"taxonomy":"product_brand","embeddable":true,"href":"https:\/\/likeink.com\/sv\/wp-json\/wp\/v2\/product_brand?post=32583"},{"taxonomy":"product_cat","embeddable":true,"href":"https:\/\/likeink.com\/sv\/wp-json\/wp\/v2\/product_cat?post=32583"},{"taxonomy":"product_tag","embeddable":true,"href":"https:\/\/likeink.com\/sv\/wp-json\/wp\/v2\/product_tag?post=32583"}],"curies":[{"name":"wp","href":"https:\/\/api.w.org\/{rel}","templated":true}]}}