{"id":32694,"date":"2024-09-27T12:52:03","date_gmt":"2024-09-27T12:52:03","guid":{"rendered":"https:\/\/likeink.se\/?post_type=product&#038;p=32694"},"modified":"2026-04-15T11:48:07","modified_gmt":"2026-04-15T11:48:07","slug":"prison-tattoos-a5","status":"publish","type":"product","link":"https:\/\/likeink.com\/sv\/gnuggisar\/prison-tattoos-a5\/","title":{"rendered":"Prison Tattoos"},"content":{"rendered":"","protected":false},"excerpt":{"rendered":"<p>Gnuggisar med med f\u00e4ngelseinspirerade motiv. Arket inneh\u00e5ller en detaljerad d\u00f6dskalle med korsade benknotor, en stor ros med blad, en spindel p\u00e5 ett spindeln\u00e4t och taggtr\u00e5dsdetaljer. Knogtatueringar med orden &#8221;LOVE &#8211; HATE&#8221; och &#8221;WILD &#8211; FREE.&#8221; En flaska med &#8221;XXX&#8221; och utspridda stj\u00e4rnformer som skapar en tuff och rebellisk estetik. Perfekt f\u00f6r den som s\u00f6ker dj\u00e4rva \u00a0tatueringsdesigner, s\u00e4rskilt med inspiration fr\u00e5n knogtatueringar.<\/p>\n<p>Tillverkade med h\u00f6gkvalitativt, giftfritt bl\u00e4ck och material \u00e4r tatueringarna s\u00e4kra och enkla att applicera.<\/p>\n<h2>K\u00f6p f\u00e4ngelseinspirerade fejktatueringar att applicera p\u00e5 ansiktet eller andra kroppsdelar<\/h2>\n<p>V\u00e5ra tatueringar \u00e4r allergiv\u00e4nliga och s\u00e4kra f\u00f6r alla hudtyper. De \u00e4r l\u00e4tta att applicera med vatten och h\u00e5ller i flera dagar, vilket g\u00f6r dem perfekta f\u00f6r fester, festivaler och maskerad.<\/p>\n<p><strong>Arkstorlek:<\/strong> A5<br \/>\n<strong>Storlek p\u00e5 tatueringarna:<\/strong> ca 2-20 cm breda<\/p>\n","protected":false},"featured_media":32685,"template":"","meta":[],"product_brand":[],"product_cat":[130,17,126,490,489],"product_tag":[],"class_list":{"0":"post-32694","1":"product","2":"type-product","3":"status-publish","4":"has-post-thumbnail","6":"product_cat-dodskalle-tatuering","7":"product_cat-fardiga-ark","8":"product_cat-halloween-tatueringar","9":"product_cat-maskerad-sasong","10":"product_cat-old-school-retro-sv","12":"first","13":"instock","14":"taxable","15":"shipping-taxable","16":"purchasable","17":"product-type-simple"},"yoast_head":"<!-- This site is optimized with the Yoast SEO Premium plugin v26.2 (Yoast SEO v27.4) - https:\/\/yoast.com\/product\/yoast-seo-premium-wordpress\/ -->\n<title>Prison Tattoos - Like ink<\/title>\n<meta name=\"description\" content=\"Prison tattoo med f\u00e4ngelseinspirerade motiv, inklusive en d\u00f6dskalle, taggtr\u00e5d, spindel och knogtext. - Bra kvalitet och snabb leverans!\" \/>\n<meta name=\"robots\" content=\"index, follow, max-snippet:-1, max-image-preview:large, max-video-preview:-1\" \/>\n<link rel=\"canonical\" href=\"https:\/\/likeink.com\/sv\/gnuggisar\/prison-tattoos-a5\/\" \/>\n<meta property=\"og:locale\" content=\"sv_SE\" \/>\n<meta property=\"og:type\" content=\"article\" \/>\n<meta property=\"og:title\" content=\"Prison Tattoos\" \/>\n<meta property=\"og:description\" content=\"Gnuggisar med med f\u00e4ngelseinspirerade motiv. Arket inneh\u00e5ller en detaljerad d\u00f6dskalle med korsade benknotor, en stor ros med blad, en spindel p\u00e5 ett spindeln\u00e4t och taggtr\u00e5dsdetaljer. Knogtatueringar med orden &quot;LOVE - HATE&quot; och &quot;WILD - FREE.&quot; En flaska med &quot;XXX&quot; och utspridda stj\u00e4rnformer som skapar en tuff och rebellisk estetik. Perfekt f\u00f6r den som s\u00f6ker dj\u00e4rva \u00a0tatueringsdesigner, s\u00e4rskilt med inspiration fr\u00e5n knogtatueringar.  Tillverkade med h\u00f6gkvalitativt, giftfritt bl\u00e4ck och material \u00e4r tatueringarna s\u00e4kra och enkla att applicera. K\u00f6p f\u00e4ngelseinspirerade fejktatueringar att applicera p\u00e5 ansiktet eller andra kroppsdelar V\u00e5ra tatueringar \u00e4r allergiv\u00e4nliga och s\u00e4kra f\u00f6r alla hudtyper. De \u00e4r l\u00e4tta att applicera med vatten och h\u00e5ller i flera dagar, vilket g\u00f6r dem perfekta f\u00f6r fester, festivaler och maskerad.  Arkstorlek: A5 Storlek p\u00e5 tatueringarna: ca 2-20 cm breda\" \/>\n<meta property=\"og:url\" content=\"https:\/\/likeink.com\/sv\/gnuggisar\/prison-tattoos-a5\/\" \/>\n<meta property=\"og:site_name\" content=\"Like ink\" \/>\n<meta property=\"article:publisher\" content=\"https:\/\/www.facebook.com\/LikeInkSe\" \/>\n<meta property=\"article:modified_time\" content=\"2026-04-15T11:48:07+00:00\" \/>\n<meta property=\"og:image\" content=\"https:\/\/likeink.com\/wp-content\/uploads\/2024\/09\/1009_prison_tattoos_likeink_web.png\" \/>\n\t<meta property=\"og:image:width\" content=\"1400\" \/>\n\t<meta property=\"og:image:height\" content=\"987\" \/>\n\t<meta property=\"og:image:type\" content=\"image\/png\" \/>\n<meta name=\"twitter:card\" content=\"summary_large_image\" \/>\n<meta name=\"twitter:label1\" content=\"Ber\u00e4knad l\u00e4stid\" \/>\n\t<meta name=\"twitter:data1\" content=\"1 minut\" \/>\n<script type=\"application\/ld+json\" class=\"yoast-schema-graph\">{\"@context\":\"https:\\\/\\\/schema.org\",\"@graph\":[{\"@type\":\"WebPage\",\"@id\":\"https:\\\/\\\/likeink.com\\\/sv\\\/gnuggisar\\\/prison-tattoos-a5\\\/\",\"url\":\"https:\\\/\\\/likeink.com\\\/sv\\\/gnuggisar\\\/prison-tattoos-a5\\\/\",\"name\":\"Prison Tattoos - Like ink\",\"isPartOf\":{\"@id\":\"https:\\\/\\\/likeink.com\\\/sv\\\/#website\"},\"primaryImageOfPage\":{\"@id\":\"https:\\\/\\\/likeink.com\\\/sv\\\/gnuggisar\\\/prison-tattoos-a5\\\/#primaryimage\"},\"image\":{\"@id\":\"https:\\\/\\\/likeink.com\\\/sv\\\/gnuggisar\\\/prison-tattoos-a5\\\/#primaryimage\"},\"thumbnailUrl\":\"https:\\\/\\\/likeink.com\\\/wp-content\\\/uploads\\\/2024\\\/09\\\/1009_prison_tattoos_likeink_web.png\",\"datePublished\":\"2024-09-27T12:52:03+00:00\",\"dateModified\":\"2026-04-15T11:48:07+00:00\",\"description\":\"Prison tattoo med f\u00e4ngelseinspirerade motiv, inklusive en d\u00f6dskalle, taggtr\u00e5d, spindel och knogtext. - Bra kvalitet och snabb leverans!\",\"breadcrumb\":{\"@id\":\"https:\\\/\\\/likeink.com\\\/sv\\\/gnuggisar\\\/prison-tattoos-a5\\\/#breadcrumb\"},\"inLanguage\":\"sv-SE\",\"potentialAction\":[{\"@type\":\"ReadAction\",\"target\":[\"https:\\\/\\\/likeink.com\\\/sv\\\/gnuggisar\\\/prison-tattoos-a5\\\/\"]}]},{\"@type\":\"ImageObject\",\"inLanguage\":\"sv-SE\",\"@id\":\"https:\\\/\\\/likeink.com\\\/sv\\\/gnuggisar\\\/prison-tattoos-a5\\\/#primaryimage\",\"url\":\"https:\\\/\\\/likeink.com\\\/wp-content\\\/uploads\\\/2024\\\/09\\\/1009_prison_tattoos_likeink_web.png\",\"contentUrl\":\"https:\\\/\\\/likeink.com\\\/wp-content\\\/uploads\\\/2024\\\/09\\\/1009_prison_tattoos_likeink_web.png\",\"width\":1400,\"height\":987,\"caption\":\"F\u00e4ngelseinspirerade tatueringar med en d\u00f6dskalle, en ros, en spindel p\u00e5 ett spindeln\u00e4t, taggtr\u00e5d, en flaska och knogtatueringstext med orden \\\"LOVE,\\\" \\\"HATE,\\\" \\\"WILD,\\\" och \\\"FREE.\\\"\"},{\"@type\":\"BreadcrumbList\",\"@id\":\"https:\\\/\\\/likeink.com\\\/sv\\\/gnuggisar\\\/prison-tattoos-a5\\\/#breadcrumb\",\"itemListElement\":[{\"@type\":\"ListItem\",\"position\":1,\"name\":\"Hem\",\"item\":\"https:\\\/\\\/likeink.com\\\/sv\\\/\"},{\"@type\":\"ListItem\",\"position\":2,\"name\":\"Webbutik\",\"item\":\"https:\\\/\\\/likeink.com\\\/sv\\\/webbutik\\\/\"},{\"@type\":\"ListItem\",\"position\":3,\"name\":\"Prison Tattoos\"}]},{\"@type\":\"WebSite\",\"@id\":\"https:\\\/\\\/likeink.com\\\/sv\\\/#website\",\"url\":\"https:\\\/\\\/likeink.com\\\/sv\\\/\",\"name\":\"Like ink\",\"description\":\"Make your own custom design\",\"potentialAction\":[{\"@type\":\"SearchAction\",\"target\":{\"@type\":\"EntryPoint\",\"urlTemplate\":\"https:\\\/\\\/likeink.com\\\/sv\\\/?s={search_term_string}\"},\"query-input\":{\"@type\":\"PropertyValueSpecification\",\"valueRequired\":true,\"valueName\":\"search_term_string\"}}],\"inLanguage\":\"sv-SE\"}]}<\/script>\n<!-- \/ Yoast SEO Premium plugin. -->","yoast_head_json":{"title":"Prison Tattoos - Like ink","description":"Prison tattoo med f\u00e4ngelseinspirerade motiv, inklusive en d\u00f6dskalle, taggtr\u00e5d, spindel och knogtext. - Bra kvalitet och snabb leverans!","robots":{"index":"index","follow":"follow","max-snippet":"max-snippet:-1","max-image-preview":"max-image-preview:large","max-video-preview":"max-video-preview:-1"},"canonical":"https:\/\/likeink.com\/sv\/gnuggisar\/prison-tattoos-a5\/","og_locale":"sv_SE","og_type":"article","og_title":"Prison Tattoos","og_description":"Gnuggisar med med f\u00e4ngelseinspirerade motiv. Arket inneh\u00e5ller en detaljerad d\u00f6dskalle med korsade benknotor, en stor ros med blad, en spindel p\u00e5 ett spindeln\u00e4t och taggtr\u00e5dsdetaljer. Knogtatueringar med orden \"LOVE - HATE\" och \"WILD - FREE.\" En flaska med \"XXX\" och utspridda stj\u00e4rnformer som skapar en tuff och rebellisk estetik. Perfekt f\u00f6r den som s\u00f6ker dj\u00e4rva \u00a0tatueringsdesigner, s\u00e4rskilt med inspiration fr\u00e5n knogtatueringar.  Tillverkade med h\u00f6gkvalitativt, giftfritt bl\u00e4ck och material \u00e4r tatueringarna s\u00e4kra och enkla att applicera. K\u00f6p f\u00e4ngelseinspirerade fejktatueringar att applicera p\u00e5 ansiktet eller andra kroppsdelar V\u00e5ra tatueringar \u00e4r allergiv\u00e4nliga och s\u00e4kra f\u00f6r alla hudtyper. De \u00e4r l\u00e4tta att applicera med vatten och h\u00e5ller i flera dagar, vilket g\u00f6r dem perfekta f\u00f6r fester, festivaler och maskerad.  Arkstorlek: A5 Storlek p\u00e5 tatueringarna: ca 2-20 cm breda","og_url":"https:\/\/likeink.com\/sv\/gnuggisar\/prison-tattoos-a5\/","og_site_name":"Like ink","article_publisher":"https:\/\/www.facebook.com\/LikeInkSe","article_modified_time":"2026-04-15T11:48:07+00:00","og_image":[{"width":1400,"height":987,"url":"https:\/\/likeink.com\/wp-content\/uploads\/2024\/09\/1009_prison_tattoos_likeink_web.png","type":"image\/png"}],"twitter_card":"summary_large_image","twitter_misc":{"Ber\u00e4knad l\u00e4stid":"1 minut"},"schema":{"@context":"https:\/\/schema.org","@graph":[{"@type":"WebPage","@id":"https:\/\/likeink.com\/sv\/gnuggisar\/prison-tattoos-a5\/","url":"https:\/\/likeink.com\/sv\/gnuggisar\/prison-tattoos-a5\/","name":"Prison Tattoos - Like ink","isPartOf":{"@id":"https:\/\/likeink.com\/sv\/#website"},"primaryImageOfPage":{"@id":"https:\/\/likeink.com\/sv\/gnuggisar\/prison-tattoos-a5\/#primaryimage"},"image":{"@id":"https:\/\/likeink.com\/sv\/gnuggisar\/prison-tattoos-a5\/#primaryimage"},"thumbnailUrl":"https:\/\/likeink.com\/wp-content\/uploads\/2024\/09\/1009_prison_tattoos_likeink_web.png","datePublished":"2024-09-27T12:52:03+00:00","dateModified":"2026-04-15T11:48:07+00:00","description":"Prison tattoo med f\u00e4ngelseinspirerade motiv, inklusive en d\u00f6dskalle, taggtr\u00e5d, spindel och knogtext. - Bra kvalitet och snabb leverans!","breadcrumb":{"@id":"https:\/\/likeink.com\/sv\/gnuggisar\/prison-tattoos-a5\/#breadcrumb"},"inLanguage":"sv-SE","potentialAction":[{"@type":"ReadAction","target":["https:\/\/likeink.com\/sv\/gnuggisar\/prison-tattoos-a5\/"]}]},{"@type":"ImageObject","inLanguage":"sv-SE","@id":"https:\/\/likeink.com\/sv\/gnuggisar\/prison-tattoos-a5\/#primaryimage","url":"https:\/\/likeink.com\/wp-content\/uploads\/2024\/09\/1009_prison_tattoos_likeink_web.png","contentUrl":"https:\/\/likeink.com\/wp-content\/uploads\/2024\/09\/1009_prison_tattoos_likeink_web.png","width":1400,"height":987,"caption":"F\u00e4ngelseinspirerade tatueringar med en d\u00f6dskalle, en ros, en spindel p\u00e5 ett spindeln\u00e4t, taggtr\u00e5d, en flaska och knogtatueringstext med orden \"LOVE,\" \"HATE,\" \"WILD,\" och \"FREE.\""},{"@type":"BreadcrumbList","@id":"https:\/\/likeink.com\/sv\/gnuggisar\/prison-tattoos-a5\/#breadcrumb","itemListElement":[{"@type":"ListItem","position":1,"name":"Hem","item":"https:\/\/likeink.com\/sv\/"},{"@type":"ListItem","position":2,"name":"Webbutik","item":"https:\/\/likeink.com\/sv\/webbutik\/"},{"@type":"ListItem","position":3,"name":"Prison Tattoos"}]},{"@type":"WebSite","@id":"https:\/\/likeink.com\/sv\/#website","url":"https:\/\/likeink.com\/sv\/","name":"Like ink","description":"Make your own custom design","potentialAction":[{"@type":"SearchAction","target":{"@type":"EntryPoint","urlTemplate":"https:\/\/likeink.com\/sv\/?s={search_term_string}"},"query-input":{"@type":"PropertyValueSpecification","valueRequired":true,"valueName":"search_term_string"}}],"inLanguage":"sv-SE"}]}},"_links":{"self":[{"href":"https:\/\/likeink.com\/sv\/wp-json\/wp\/v2\/product\/32694","targetHints":{"allow":["GET"]}}],"collection":[{"href":"https:\/\/likeink.com\/sv\/wp-json\/wp\/v2\/product"}],"about":[{"href":"https:\/\/likeink.com\/sv\/wp-json\/wp\/v2\/types\/product"}],"wp:featuredmedia":[{"embeddable":true,"href":"https:\/\/likeink.com\/sv\/wp-json\/wp\/v2\/media\/32685"}],"wp:attachment":[{"href":"https:\/\/likeink.com\/sv\/wp-json\/wp\/v2\/media?parent=32694"}],"wp:term":[{"taxonomy":"product_brand","embeddable":true,"href":"https:\/\/likeink.com\/sv\/wp-json\/wp\/v2\/product_brand?post=32694"},{"taxonomy":"product_cat","embeddable":true,"href":"https:\/\/likeink.com\/sv\/wp-json\/wp\/v2\/product_cat?post=32694"},{"taxonomy":"product_tag","embeddable":true,"href":"https:\/\/likeink.com\/sv\/wp-json\/wp\/v2\/product_tag?post=32694"}],"curies":[{"name":"wp","href":"https:\/\/api.w.org\/{rel}","templated":true}]}}