{"id":32710,"date":"2024-09-27T13:52:31","date_gmt":"2024-09-27T13:52:31","guid":{"rendered":"https:\/\/likeink.se\/?post_type=product&#038;p=32710"},"modified":"2026-04-15T11:46:15","modified_gmt":"2026-04-15T11:46:15","slug":"olivia-rodrigo-sour-tattoos-a5","status":"publish","type":"product","link":"https:\/\/likeink.com\/sv\/gnuggisar\/olivia-rodrigo-sour-tattoos-a5\/","title":{"rendered":"Olivia Rodrigo SOUR Tattoos"},"content":{"rendered":"","protected":false},"excerpt":{"rendered":"<p>Detta ark med gnuggisar har livfulla och roliga designs inspirerade av Olivia Rodrigos album &#8220;Sour&#8221;. Tatueringarna best\u00e5r av stora och sm\u00e5 fj\u00e4rilar i lila och rosa, smiley-ansikten med olika uttryck, hj\u00e4rtan, stj\u00e4rnor och runda stenar i olika f\u00e4rger. Ordet &#8220;SOUR&#8221; st\u00e5r i svart, omgivet av en lekfull mix av glada former \u2013 perfekt f\u00f6r fans eller n\u00e5gon som vill l\u00e4gga till en kreativ och lite dr\u00f6mmig touch till sin stil.<\/p>\n<p>Tillverkade med h\u00f6gkvalitativt, giftfritt bl\u00e4ck och material \u00e4r tatueringarna s\u00e4kra och enkla att applicera.<\/p>\n<h2>K\u00f6p Olivia Rodrigo SOUR tattoos att applicera p\u00e5 ansiktet eller andra kroppsdelar<\/h2>\n<p>V\u00e5ra tatueringar \u00e4r allergiv\u00e4nliga och s\u00e4kra f\u00f6r alla hudtyper. De \u00e4r l\u00e4tta att applicera med vatten och h\u00e5ller i flera dagar, vilket g\u00f6r dem perfekta f\u00f6r fester, festivaler och maskerad.<\/p>\n<p><strong>Arkstorlek:<\/strong> A5<br \/>\n<strong>Storlek p\u00e5 tatueringarna:<\/strong> ca 0,5-3 cm breda<\/p>\n","protected":false},"featured_media":32703,"template":"","meta":[],"product_brand":[],"product_cat":[493,17,494,490],"product_tag":[],"class_list":{"0":"post-32710","1":"product","2":"type-product","3":"status-publish","4":"has-post-thumbnail","6":"product_cat-barnkalas","7":"product_cat-fardiga-ark","8":"product_cat-karlek-romantik","9":"product_cat-maskerad-sasong","11":"first","12":"instock","13":"taxable","14":"shipping-taxable","15":"purchasable","16":"product-type-simple"},"yoast_head":"<!-- This site is optimized with the Yoast SEO Premium plugin v26.2 (Yoast SEO v27.5) - https:\/\/yoast.com\/product\/yoast-seo-premium-wordpress\/ -->\n<title>Olivia Rodrigo SOUR Tattoos - Like ink<\/title>\n<meta name=\"description\" content=\"F\u00e4rgglada gnuggisar med fj\u00e4rilar, smiley-ansikten, hj\u00e4rtan och stj\u00e4rnor, inspirerade av Olivia Rodrigos album &quot;Sour&quot; klisterm\u00e4rken. - Bra kvalitet och snabb leverans!\" \/>\n<meta name=\"robots\" content=\"index, follow, max-snippet:-1, max-image-preview:large, max-video-preview:-1\" \/>\n<link rel=\"canonical\" href=\"https:\/\/likeink.com\/sv\/gnuggisar\/olivia-rodrigo-sour-tattoos-a5\/\" \/>\n<meta property=\"og:locale\" content=\"sv_SE\" \/>\n<meta property=\"og:type\" content=\"article\" \/>\n<meta property=\"og:title\" content=\"Olivia Rodrigo SOUR Tattoos\" \/>\n<meta property=\"og:description\" content=\"Detta ark med gnuggisar har livfulla och roliga designs inspirerade av Olivia Rodrigos album &quot;Sour&quot;. Tatueringarna best\u00e5r av stora och sm\u00e5 fj\u00e4rilar i lila och rosa, smiley-ansikten med olika uttryck, hj\u00e4rtan, stj\u00e4rnor och runda stenar i olika f\u00e4rger. Ordet &quot;SOUR&quot; st\u00e5r i svart, omgivet av en lekfull mix av glada former \u2013 perfekt f\u00f6r fans eller n\u00e5gon som vill l\u00e4gga till en kreativ och lite dr\u00f6mmig touch till sin stil.  Tillverkade med h\u00f6gkvalitativt, giftfritt bl\u00e4ck och material \u00e4r tatueringarna s\u00e4kra och enkla att applicera. K\u00f6p Olivia Rodrigo SOUR tattoos att applicera p\u00e5 ansiktet eller andra kroppsdelar V\u00e5ra tatueringar \u00e4r allergiv\u00e4nliga och s\u00e4kra f\u00f6r alla hudtyper. De \u00e4r l\u00e4tta att applicera med vatten och h\u00e5ller i flera dagar, vilket g\u00f6r dem perfekta f\u00f6r fester, festivaler och maskerad.  Arkstorlek: A5 Storlek p\u00e5 tatueringarna: ca 0,5-3 cm breda\" \/>\n<meta property=\"og:url\" content=\"https:\/\/likeink.com\/sv\/gnuggisar\/olivia-rodrigo-sour-tattoos-a5\/\" \/>\n<meta property=\"og:site_name\" content=\"Like ink\" \/>\n<meta property=\"article:publisher\" content=\"https:\/\/www.facebook.com\/LikeInkSe\" \/>\n<meta property=\"article:modified_time\" content=\"2026-04-15T11:46:15+00:00\" \/>\n<meta property=\"og:image\" content=\"https:\/\/likeink.com\/wp-content\/uploads\/2024\/09\/1001-Sour_likeink_web.png\" \/>\n\t<meta property=\"og:image:width\" content=\"1400\" \/>\n\t<meta property=\"og:image:height\" content=\"987\" \/>\n\t<meta property=\"og:image:type\" content=\"image\/png\" \/>\n<meta name=\"twitter:card\" content=\"summary_large_image\" \/>\n<meta name=\"twitter:label1\" content=\"Ber\u00e4knad l\u00e4stid\" \/>\n\t<meta name=\"twitter:data1\" content=\"1 minut\" \/>\n<!-- \/ Yoast SEO Premium plugin. -->","yoast_head_json":{"title":"Olivia Rodrigo SOUR Tattoos - Like ink","description":"F\u00e4rgglada gnuggisar med fj\u00e4rilar, smiley-ansikten, hj\u00e4rtan och stj\u00e4rnor, inspirerade av Olivia Rodrigos album \"Sour\" klisterm\u00e4rken. - Bra kvalitet och snabb leverans!","robots":{"index":"index","follow":"follow","max-snippet":"max-snippet:-1","max-image-preview":"max-image-preview:large","max-video-preview":"max-video-preview:-1"},"canonical":"https:\/\/likeink.com\/sv\/gnuggisar\/olivia-rodrigo-sour-tattoos-a5\/","og_locale":"sv_SE","og_type":"article","og_title":"Olivia Rodrigo SOUR Tattoos","og_description":"Detta ark med gnuggisar har livfulla och roliga designs inspirerade av Olivia Rodrigos album \"Sour\". Tatueringarna best\u00e5r av stora och sm\u00e5 fj\u00e4rilar i lila och rosa, smiley-ansikten med olika uttryck, hj\u00e4rtan, stj\u00e4rnor och runda stenar i olika f\u00e4rger. Ordet \"SOUR\" st\u00e5r i svart, omgivet av en lekfull mix av glada former \u2013 perfekt f\u00f6r fans eller n\u00e5gon som vill l\u00e4gga till en kreativ och lite dr\u00f6mmig touch till sin stil.  Tillverkade med h\u00f6gkvalitativt, giftfritt bl\u00e4ck och material \u00e4r tatueringarna s\u00e4kra och enkla att applicera. K\u00f6p Olivia Rodrigo SOUR tattoos att applicera p\u00e5 ansiktet eller andra kroppsdelar V\u00e5ra tatueringar \u00e4r allergiv\u00e4nliga och s\u00e4kra f\u00f6r alla hudtyper. De \u00e4r l\u00e4tta att applicera med vatten och h\u00e5ller i flera dagar, vilket g\u00f6r dem perfekta f\u00f6r fester, festivaler och maskerad.  Arkstorlek: A5 Storlek p\u00e5 tatueringarna: ca 0,5-3 cm breda","og_url":"https:\/\/likeink.com\/sv\/gnuggisar\/olivia-rodrigo-sour-tattoos-a5\/","og_site_name":"Like ink","article_publisher":"https:\/\/www.facebook.com\/LikeInkSe","article_modified_time":"2026-04-15T11:46:15+00:00","og_image":[{"width":1400,"height":987,"url":"https:\/\/likeink.com\/wp-content\/uploads\/2024\/09\/1001-Sour_likeink_web.png","type":"image\/png"}],"twitter_card":"summary_large_image","twitter_misc":{"Ber\u00e4knad l\u00e4stid":"1 minut"},"schema":{"@context":"https:\/\/schema.org","@graph":[{"@type":"WebPage","@id":"https:\/\/likeink.com\/sv\/gnuggisar\/olivia-rodrigo-sour-tattoos-a5\/","url":"https:\/\/likeink.com\/sv\/gnuggisar\/olivia-rodrigo-sour-tattoos-a5\/","name":"Olivia Rodrigo SOUR Tattoos - Like ink","isPartOf":{"@id":"https:\/\/likeink.com\/sv\/#website"},"primaryImageOfPage":{"@id":"https:\/\/likeink.com\/sv\/gnuggisar\/olivia-rodrigo-sour-tattoos-a5\/#primaryimage"},"image":{"@id":"https:\/\/likeink.com\/sv\/gnuggisar\/olivia-rodrigo-sour-tattoos-a5\/#primaryimage"},"thumbnailUrl":"https:\/\/likeink.com\/wp-content\/uploads\/2024\/09\/1001-Sour_likeink_web.png","datePublished":"2024-09-27T13:52:31+00:00","dateModified":"2026-04-15T11:46:15+00:00","description":"F\u00e4rgglada gnuggisar med fj\u00e4rilar, smiley-ansikten, hj\u00e4rtan och stj\u00e4rnor, inspirerade av Olivia Rodrigos album \"Sour\" klisterm\u00e4rken. - Bra kvalitet och snabb leverans!","breadcrumb":{"@id":"https:\/\/likeink.com\/sv\/gnuggisar\/olivia-rodrigo-sour-tattoos-a5\/#breadcrumb"},"inLanguage":"sv-SE","potentialAction":[{"@type":"ReadAction","target":["https:\/\/likeink.com\/sv\/gnuggisar\/olivia-rodrigo-sour-tattoos-a5\/"]}]},{"@type":"ImageObject","inLanguage":"sv-SE","@id":"https:\/\/likeink.com\/sv\/gnuggisar\/olivia-rodrigo-sour-tattoos-a5\/#primaryimage","url":"https:\/\/likeink.com\/wp-content\/uploads\/2024\/09\/1001-Sour_likeink_web.png","contentUrl":"https:\/\/likeink.com\/wp-content\/uploads\/2024\/09\/1001-Sour_likeink_web.png","width":1400,"height":987,"caption":"jusa och lekfulla \"Sour\"-gnuggisar med fj\u00e4rilar, smiley-ansikten och f\u00e4rgglada former, inspirerade av Olivia Rodrigos"},{"@type":"BreadcrumbList","@id":"https:\/\/likeink.com\/sv\/gnuggisar\/olivia-rodrigo-sour-tattoos-a5\/#breadcrumb","itemListElement":[{"@type":"ListItem","position":1,"name":"Hem","item":"https:\/\/likeink.com\/sv\/"},{"@type":"ListItem","position":2,"name":"Webbutik","item":"https:\/\/likeink.com\/sv\/webbutik\/"},{"@type":"ListItem","position":3,"name":"Olivia Rodrigo SOUR Tattoos"}]},{"@type":"WebSite","@id":"https:\/\/likeink.com\/sv\/#website","url":"https:\/\/likeink.com\/sv\/","name":"Like ink","description":"Make your own custom design","potentialAction":[{"@type":"SearchAction","target":{"@type":"EntryPoint","urlTemplate":"https:\/\/likeink.com\/sv\/?s={search_term_string}"},"query-input":{"@type":"PropertyValueSpecification","valueRequired":true,"valueName":"search_term_string"}}],"inLanguage":"sv-SE"}]}},"_links":{"self":[{"href":"https:\/\/likeink.com\/sv\/wp-json\/wp\/v2\/product\/32710","targetHints":{"allow":["GET"]}}],"collection":[{"href":"https:\/\/likeink.com\/sv\/wp-json\/wp\/v2\/product"}],"about":[{"href":"https:\/\/likeink.com\/sv\/wp-json\/wp\/v2\/types\/product"}],"wp:featuredmedia":[{"embeddable":true,"href":"https:\/\/likeink.com\/sv\/wp-json\/wp\/v2\/media\/32703"}],"wp:attachment":[{"href":"https:\/\/likeink.com\/sv\/wp-json\/wp\/v2\/media?parent=32710"}],"wp:term":[{"taxonomy":"product_brand","embeddable":true,"href":"https:\/\/likeink.com\/sv\/wp-json\/wp\/v2\/product_brand?post=32710"},{"taxonomy":"product_cat","embeddable":true,"href":"https:\/\/likeink.com\/sv\/wp-json\/wp\/v2\/product_cat?post=32710"},{"taxonomy":"product_tag","embeddable":true,"href":"https:\/\/likeink.com\/sv\/wp-json\/wp\/v2\/product_tag?post=32710"}],"curies":[{"name":"wp","href":"https:\/\/api.w.org\/{rel}","templated":true}]}}