{"id":34587,"date":"2024-12-10T13:01:11","date_gmt":"2024-12-10T13:01:11","guid":{"rendered":"https:\/\/likeink.se\/?post_type=product&#038;p=34587"},"modified":"2026-04-14T14:03:17","modified_gmt":"2026-04-14T14:03:17","slug":"like-inks-nyarskollektion-a4","status":"publish","type":"product","link":"https:\/\/likeink.com\/sv\/gnuggisar\/like-inks-nyarskollektion-a4\/","title":{"rendered":"Like inks Ny\u00e5rskollektion A4"},"content":{"rendered":"","protected":false},"excerpt":{"rendered":"<p>Fira in det nya \u00e5ret med Like Inks Ny\u00e5rskollektion! \u2728<\/p>\n<h2>Best\u00e4ll Like inks ny\u00e5rstatueringar och maxa st\u00e4mningen p\u00e5 ny\u00e5rsfesten<\/h2>\n<p>Ge festen en rolig twist med v\u00e5ra tempor\u00e4ra tatueringar \u2013 ett helt A4 fyllt med roliga, snygga, festliga motiv som andas ny\u00e5rsfest \u2013 h\u00e4r finns allt du beh\u00f6ver f\u00f6r att h\u00f6ja st\u00e4mningen och f\u00e5 dina g\u00e4ster att skratta och plocka fram sin allra mest kreativa och b\u00e4sta sida. Tatueringarna \u00e4r l\u00e4tta att applicera, roligt att b\u00e4ra och enkelt att ta bort n\u00e4r festen \u00e4r \u00f6ver. Perfekt f\u00f6r ny\u00e5rsfesten!<\/p>\n<p><strong>Ark storlek:<\/strong> A4<br \/>\n<strong>Storlek p\u00e5 tatueringarna:<\/strong> 30-50 mm<\/p>\n","protected":false},"featured_media":34580,"template":"","meta":[],"product_brand":[],"product_cat":[17,490],"product_tag":[],"class_list":{"0":"post-34587","1":"product","2":"type-product","3":"status-publish","4":"has-post-thumbnail","6":"product_cat-fardiga-ark","7":"product_cat-maskerad-sasong","9":"first","10":"instock","11":"taxable","12":"shipping-taxable","13":"purchasable","14":"product-type-simple"},"yoast_head":"<!-- This site is optimized with the Yoast SEO Premium plugin v26.2 (Yoast SEO v27.5) - https:\/\/yoast.com\/product\/yoast-seo-premium-wordpress\/ -->\n<title>Like inks Ny\u00e5rskollektion A4 - Like ink<\/title>\n<meta name=\"description\" content=\"Like inks Ny\u00e5rskollektion A4 - Tempor\u00e4ra Ny\u00e5rstatueringar som h\u00f6jer st\u00e4mningen p\u00e5 festen och f\u00e5r g\u00e4sterna att trivas. - Like ink\" \/>\n<meta name=\"robots\" content=\"index, follow, max-snippet:-1, max-image-preview:large, max-video-preview:-1\" \/>\n<link rel=\"canonical\" href=\"https:\/\/likeink.com\/sv\/gnuggisar\/like-inks-nyarskollektion-a4\/\" \/>\n<meta property=\"og:locale\" content=\"sv_SE\" \/>\n<meta property=\"og:type\" content=\"article\" \/>\n<meta property=\"og:title\" content=\"Like inks Ny\u00e5rskollektion A4\" \/>\n<meta property=\"og:description\" content=\"Fira in det nya \u00e5ret med Like Inks Ny\u00e5rskollektion! \u2728  Best\u00e4ll Like inks ny\u00e5rstatueringar och maxa st\u00e4mningen p\u00e5 ny\u00e5rsfesten  Ge festen en rolig twist med v\u00e5ra tempor\u00e4ra tatueringar \u2013 ett helt A4 fyllt med roliga, snygga, festliga motiv som andas ny\u00e5rsfest \u2013 h\u00e4r finns allt du beh\u00f6ver f\u00f6r att h\u00f6ja st\u00e4mningen och f\u00e5 dina g\u00e4ster att skratta och plocka fram sin allra mest kreativa och b\u00e4sta sida. Tatueringarna \u00e4r l\u00e4tta att applicera, roligt att b\u00e4ra och enkelt att ta bort n\u00e4r festen \u00e4r \u00f6ver. Perfekt f\u00f6r ny\u00e5rsfesten!  Ark storlek: A4 Storlek p\u00e5 tatueringarna: 30-50 mm\" \/>\n<meta property=\"og:url\" content=\"https:\/\/likeink.com\/sv\/gnuggisar\/like-inks-nyarskollektion-a4\/\" \/>\n<meta property=\"og:site_name\" content=\"Like ink\" \/>\n<meta property=\"article:publisher\" content=\"https:\/\/www.facebook.com\/LikeInkSe\" \/>\n<meta property=\"article:modified_time\" content=\"2026-04-14T14:03:17+00:00\" \/>\n<meta property=\"og:image\" content=\"https:\/\/likeink.com\/wp-content\/uploads\/2024\/12\/LikeinkNewYearCollection.png\" \/>\n\t<meta property=\"og:image:width\" content=\"1500\" \/>\n\t<meta property=\"og:image:height\" content=\"1060\" \/>\n\t<meta property=\"og:image:type\" content=\"image\/png\" \/>\n<meta name=\"twitter:card\" content=\"summary_large_image\" \/>\n<meta name=\"twitter:label1\" content=\"Ber\u00e4knad l\u00e4stid\" \/>\n\t<meta name=\"twitter:data1\" content=\"1 minut\" \/>\n<!-- \/ Yoast SEO Premium plugin. -->","yoast_head_json":{"title":"Like inks Ny\u00e5rskollektion A4 - Like ink","description":"Like inks Ny\u00e5rskollektion A4 - Tempor\u00e4ra Ny\u00e5rstatueringar som h\u00f6jer st\u00e4mningen p\u00e5 festen och f\u00e5r g\u00e4sterna att trivas. - Like ink","robots":{"index":"index","follow":"follow","max-snippet":"max-snippet:-1","max-image-preview":"max-image-preview:large","max-video-preview":"max-video-preview:-1"},"canonical":"https:\/\/likeink.com\/sv\/gnuggisar\/like-inks-nyarskollektion-a4\/","og_locale":"sv_SE","og_type":"article","og_title":"Like inks Ny\u00e5rskollektion A4","og_description":"Fira in det nya \u00e5ret med Like Inks Ny\u00e5rskollektion! \u2728  Best\u00e4ll Like inks ny\u00e5rstatueringar och maxa st\u00e4mningen p\u00e5 ny\u00e5rsfesten  Ge festen en rolig twist med v\u00e5ra tempor\u00e4ra tatueringar \u2013 ett helt A4 fyllt med roliga, snygga, festliga motiv som andas ny\u00e5rsfest \u2013 h\u00e4r finns allt du beh\u00f6ver f\u00f6r att h\u00f6ja st\u00e4mningen och f\u00e5 dina g\u00e4ster att skratta och plocka fram sin allra mest kreativa och b\u00e4sta sida. Tatueringarna \u00e4r l\u00e4tta att applicera, roligt att b\u00e4ra och enkelt att ta bort n\u00e4r festen \u00e4r \u00f6ver. Perfekt f\u00f6r ny\u00e5rsfesten!  Ark storlek: A4 Storlek p\u00e5 tatueringarna: 30-50 mm","og_url":"https:\/\/likeink.com\/sv\/gnuggisar\/like-inks-nyarskollektion-a4\/","og_site_name":"Like ink","article_publisher":"https:\/\/www.facebook.com\/LikeInkSe","article_modified_time":"2026-04-14T14:03:17+00:00","og_image":[{"width":1500,"height":1060,"url":"https:\/\/likeink.com\/wp-content\/uploads\/2024\/12\/LikeinkNewYearCollection.png","type":"image\/png"}],"twitter_card":"summary_large_image","twitter_misc":{"Ber\u00e4knad l\u00e4stid":"1 minut"},"schema":{"@context":"https:\/\/schema.org","@graph":[{"@type":"WebPage","@id":"https:\/\/likeink.com\/sv\/gnuggisar\/like-inks-nyarskollektion-a4\/","url":"https:\/\/likeink.com\/sv\/gnuggisar\/like-inks-nyarskollektion-a4\/","name":"Like inks Ny\u00e5rskollektion A4 - Like ink","isPartOf":{"@id":"https:\/\/likeink.com\/sv\/#website"},"primaryImageOfPage":{"@id":"https:\/\/likeink.com\/sv\/gnuggisar\/like-inks-nyarskollektion-a4\/#primaryimage"},"image":{"@id":"https:\/\/likeink.com\/sv\/gnuggisar\/like-inks-nyarskollektion-a4\/#primaryimage"},"thumbnailUrl":"https:\/\/likeink.com\/wp-content\/uploads\/2024\/12\/LikeinkNewYearCollection.png","datePublished":"2024-12-10T13:01:11+00:00","dateModified":"2026-04-14T14:03:17+00:00","description":"Like inks Ny\u00e5rskollektion A4 - Tempor\u00e4ra Ny\u00e5rstatueringar som h\u00f6jer st\u00e4mningen p\u00e5 festen och f\u00e5r g\u00e4sterna att trivas. - Like ink","breadcrumb":{"@id":"https:\/\/likeink.com\/sv\/gnuggisar\/like-inks-nyarskollektion-a4\/#breadcrumb"},"inLanguage":"sv-SE","potentialAction":[{"@type":"ReadAction","target":["https:\/\/likeink.com\/sv\/gnuggisar\/like-inks-nyarskollektion-a4\/"]}]},{"@type":"ImageObject","inLanguage":"sv-SE","@id":"https:\/\/likeink.com\/sv\/gnuggisar\/like-inks-nyarskollektion-a4\/#primaryimage","url":"https:\/\/likeink.com\/wp-content\/uploads\/2024\/12\/LikeinkNewYearCollection.png","contentUrl":"https:\/\/likeink.com\/wp-content\/uploads\/2024\/12\/LikeinkNewYearCollection.png","width":1500,"height":1060,"caption":"\"Tempor\u00e4ra tatueringar med ny\u00e5rstema med livfulla illustrationer och slogans som 'Hello 2025', 'Let 2025 Begin' och festliga motiv som champagneglas, partyhattar och roliga figurer.\""},{"@type":"BreadcrumbList","@id":"https:\/\/likeink.com\/sv\/gnuggisar\/like-inks-nyarskollektion-a4\/#breadcrumb","itemListElement":[{"@type":"ListItem","position":1,"name":"Hem","item":"https:\/\/likeink.com\/sv\/"},{"@type":"ListItem","position":2,"name":"Webbutik","item":"https:\/\/likeink.com\/sv\/webbutik\/"},{"@type":"ListItem","position":3,"name":"Like inks Ny\u00e5rskollektion A4"}]},{"@type":"WebSite","@id":"https:\/\/likeink.com\/sv\/#website","url":"https:\/\/likeink.com\/sv\/","name":"Like ink","description":"Make your own custom design","potentialAction":[{"@type":"SearchAction","target":{"@type":"EntryPoint","urlTemplate":"https:\/\/likeink.com\/sv\/?s={search_term_string}"},"query-input":{"@type":"PropertyValueSpecification","valueRequired":true,"valueName":"search_term_string"}}],"inLanguage":"sv-SE"}]}},"_links":{"self":[{"href":"https:\/\/likeink.com\/sv\/wp-json\/wp\/v2\/product\/34587","targetHints":{"allow":["GET"]}}],"collection":[{"href":"https:\/\/likeink.com\/sv\/wp-json\/wp\/v2\/product"}],"about":[{"href":"https:\/\/likeink.com\/sv\/wp-json\/wp\/v2\/types\/product"}],"wp:featuredmedia":[{"embeddable":true,"href":"https:\/\/likeink.com\/sv\/wp-json\/wp\/v2\/media\/34580"}],"wp:attachment":[{"href":"https:\/\/likeink.com\/sv\/wp-json\/wp\/v2\/media?parent=34587"}],"wp:term":[{"taxonomy":"product_brand","embeddable":true,"href":"https:\/\/likeink.com\/sv\/wp-json\/wp\/v2\/product_brand?post=34587"},{"taxonomy":"product_cat","embeddable":true,"href":"https:\/\/likeink.com\/sv\/wp-json\/wp\/v2\/product_cat?post=34587"},{"taxonomy":"product_tag","embeddable":true,"href":"https:\/\/likeink.com\/sv\/wp-json\/wp\/v2\/product_tag?post=34587"}],"curies":[{"name":"wp","href":"https:\/\/api.w.org\/{rel}","templated":true}]}}