{"id":35085,"date":"2025-01-24T12:57:43","date_gmt":"2025-01-24T12:57:43","guid":{"rendered":"https:\/\/likeink.se\/?post_type=product&#038;p=35085"},"modified":"2026-04-14T13:42:47","modified_gmt":"2026-04-14T13:42:47","slug":"kristna-symboler-a5","status":"publish","type":"product","link":"https:\/\/likeink.com\/sv\/gnuggisar\/kristna-symboler-a5\/","title":{"rendered":"Kristna Symboler"},"content":{"rendered":"","protected":false},"excerpt":{"rendered":"<p>Uppt\u00e4ck en unik kollektion av tempor\u00e4ra tatueringar med kristna symboler som passar perfekt f\u00f6r dig som vill uttrycka din tro eller smycka huden med meningsfulla motiv. Like inks A5-ark inneh\u00e5ller 17 detaljerade tatueringar med ikoniska kristna symboler som:<\/p>\n<h2>Best\u00e4ll tempor\u00e4ra tatueringar med kristna symboler<\/h2>\n<p>Duva \u2013 symbol f\u00f6r Helige Ande och fred.<br \/>\nFisk (Ichthys) \u2013 en klassisk symbol f\u00f6r kristendomen.<br \/>\nD\u00f6skalle \u2013 som p\u00e5minnelse om d\u00f6den och Jesu seger \u00f6ver synden.<br \/>\nAlfa och Omega \u2013 symboler f\u00f6r b\u00f6rjan och slutet, en hyllning till Gud.<br \/>\nTimglas \u2013 som reflektion \u00f6ver livets f\u00f6rg\u00e4nglighet.<br \/>\nKors \u2013 det starkaste tecknet p\u00e5 Jesu uppoffring och k\u00e4rlek.<br \/>\nF\u00e5gel Fenix \u2013 en symbol f\u00f6r \u00e5teruppst\u00e5ndelse, evigt liv och hopp, d\u00e5 den stiger ur askan efter d\u00f6den.<\/p>\n<p>V\u00e5ra tempor\u00e4ra tatueringar \u00e4r enkla att applicera och skonsamma f\u00f6r huden. Perfekta f\u00f6r kristna sammankomster, konfirmationer, event eller bara f\u00f6r att uttrycka din tro p\u00e5 ett stilfullt s\u00e4tt.<\/p>\n<p>Best\u00e4ll dina tempor\u00e4ra kristna tatueringar idag och b\u00e4r med dig symbolerna som inspirerar!<\/p>\n<p><strong>Arkstorlek:<\/strong> A5<br \/>\n<strong>Antal Tatueringar:<\/strong> 17<br \/>\n<strong>Storlek p\u00e5 tatueringarna:<\/strong> ca 2\u20138 cm<\/p>\n","protected":false},"featured_media":35055,"template":"","meta":[],"product_brand":[],"product_cat":[17,134,492],"product_tag":[],"class_list":{"0":"post-35085","1":"product","2":"type-product","3":"status-publish","4":"has-post-thumbnail","6":"product_cat-fardiga-ark","7":"product_cat-symbol-tatuering","8":"product_cat-tribal-symboler-runor","10":"first","11":"instock","12":"taxable","13":"shipping-taxable","14":"purchasable","15":"product-type-simple"},"yoast_head":"<!-- This site is optimized with the Yoast SEO Premium plugin v26.2 (Yoast SEO v27.4) - https:\/\/yoast.com\/product\/yoast-seo-premium-wordpress\/ -->\n<title>Kristna Symboler - Like ink<\/title>\n<meta name=\"description\" content=\"Kristna symboler i form av tempor\u00e4ra tatueringar. Stilren design som passar som tatuering och klassiska snygga kristna symboler. - Like ink\" \/>\n<meta name=\"robots\" content=\"index, follow, max-snippet:-1, max-image-preview:large, max-video-preview:-1\" \/>\n<link rel=\"canonical\" href=\"https:\/\/likeink.com\/sv\/gnuggisar\/kristna-symboler-a5\/\" \/>\n<meta property=\"og:locale\" content=\"sv_SE\" \/>\n<meta property=\"og:type\" content=\"article\" \/>\n<meta property=\"og:title\" content=\"Kristna Symboler\" \/>\n<meta property=\"og:description\" content=\"Uppt\u00e4ck en unik kollektion av tempor\u00e4ra tatueringar med kristna symboler som passar perfekt f\u00f6r dig som vill uttrycka din tro eller smycka huden med meningsfulla motiv. Like inks A5-ark inneh\u00e5ller 17 detaljerade tatueringar med ikoniska kristna symboler som: Best\u00e4ll tempor\u00e4ra tatueringar med kristna symboler Duva \u2013 symbol f\u00f6r Helige Ande och fred. Fisk (Ichthys) \u2013 en klassisk symbol f\u00f6r kristendomen. D\u00f6skalle \u2013 som p\u00e5minnelse om d\u00f6den och Jesu seger \u00f6ver synden. Alfa och Omega \u2013 symboler f\u00f6r b\u00f6rjan och slutet, en hyllning till Gud. Timglas \u2013 som reflektion \u00f6ver livets f\u00f6rg\u00e4nglighet. Kors \u2013 det starkaste tecknet p\u00e5 Jesu uppoffring och k\u00e4rlek. F\u00e5gel Fenix \u2013 en symbol f\u00f6r \u00e5teruppst\u00e5ndelse, evigt liv och hopp, d\u00e5 den stiger ur askan efter d\u00f6den.  V\u00e5ra tempor\u00e4ra tatueringar \u00e4r enkla att applicera och skonsamma f\u00f6r huden. Perfekta f\u00f6r kristna sammankomster, konfirmationer, event eller bara f\u00f6r att uttrycka din tro p\u00e5 ett stilfullt s\u00e4tt.  Best\u00e4ll dina tempor\u00e4ra kristna tatueringar idag och b\u00e4r med dig symbolerna som inspirerar!  Arkstorlek: A5 Antal Tatueringar: 17 Storlek p\u00e5 tatueringarna: ca 2\u20138 cm\" \/>\n<meta property=\"og:url\" content=\"https:\/\/likeink.com\/sv\/gnuggisar\/kristna-symboler-a5\/\" \/>\n<meta property=\"og:site_name\" content=\"Like ink\" \/>\n<meta property=\"article:publisher\" content=\"https:\/\/www.facebook.com\/LikeInkSe\" \/>\n<meta property=\"article:modified_time\" content=\"2026-04-14T13:42:47+00:00\" \/>\n<meta property=\"og:image\" content=\"https:\/\/likeink.com\/wp-content\/uploads\/2025\/01\/Kristna-Symboler-Tatuering-Likeink.jpg\" \/>\n\t<meta property=\"og:image:width\" content=\"1400\" \/>\n\t<meta property=\"og:image:height\" content=\"986\" \/>\n\t<meta property=\"og:image:type\" content=\"image\/jpeg\" \/>\n<meta name=\"twitter:card\" content=\"summary_large_image\" \/>\n<meta name=\"twitter:label1\" content=\"Ber\u00e4knad l\u00e4stid\" \/>\n\t<meta name=\"twitter:data1\" content=\"1 minut\" \/>\n<script type=\"application\/ld+json\" class=\"yoast-schema-graph\">{\"@context\":\"https:\\\/\\\/schema.org\",\"@graph\":[{\"@type\":\"WebPage\",\"@id\":\"https:\\\/\\\/likeink.com\\\/sv\\\/gnuggisar\\\/kristna-symboler-a5\\\/\",\"url\":\"https:\\\/\\\/likeink.com\\\/sv\\\/gnuggisar\\\/kristna-symboler-a5\\\/\",\"name\":\"Kristna Symboler - Like ink\",\"isPartOf\":{\"@id\":\"https:\\\/\\\/likeink.com\\\/sv\\\/#website\"},\"primaryImageOfPage\":{\"@id\":\"https:\\\/\\\/likeink.com\\\/sv\\\/gnuggisar\\\/kristna-symboler-a5\\\/#primaryimage\"},\"image\":{\"@id\":\"https:\\\/\\\/likeink.com\\\/sv\\\/gnuggisar\\\/kristna-symboler-a5\\\/#primaryimage\"},\"thumbnailUrl\":\"https:\\\/\\\/likeink.com\\\/wp-content\\\/uploads\\\/2025\\\/01\\\/Kristna-Symboler-Tatuering-Likeink.jpg\",\"datePublished\":\"2025-01-24T12:57:43+00:00\",\"dateModified\":\"2026-04-14T13:42:47+00:00\",\"description\":\"Kristna symboler i form av tempor\u00e4ra tatueringar. Stilren design som passar som tatuering och klassiska snygga kristna symboler. - Like ink\",\"breadcrumb\":{\"@id\":\"https:\\\/\\\/likeink.com\\\/sv\\\/gnuggisar\\\/kristna-symboler-a5\\\/#breadcrumb\"},\"inLanguage\":\"sv-SE\",\"potentialAction\":[{\"@type\":\"ReadAction\",\"target\":[\"https:\\\/\\\/likeink.com\\\/sv\\\/gnuggisar\\\/kristna-symboler-a5\\\/\"]}]},{\"@type\":\"ImageObject\",\"inLanguage\":\"sv-SE\",\"@id\":\"https:\\\/\\\/likeink.com\\\/sv\\\/gnuggisar\\\/kristna-symboler-a5\\\/#primaryimage\",\"url\":\"https:\\\/\\\/likeink.com\\\/wp-content\\\/uploads\\\/2025\\\/01\\\/Kristna-Symboler-Tatuering-Likeink.jpg\",\"contentUrl\":\"https:\\\/\\\/likeink.com\\\/wp-content\\\/uploads\\\/2025\\\/01\\\/Kristna-Symboler-Tatuering-Likeink.jpg\",\"width\":1400,\"height\":986,\"caption\":\"Tempor\u00e4ra tatueringar med kristna symboler.\"},{\"@type\":\"BreadcrumbList\",\"@id\":\"https:\\\/\\\/likeink.com\\\/sv\\\/gnuggisar\\\/kristna-symboler-a5\\\/#breadcrumb\",\"itemListElement\":[{\"@type\":\"ListItem\",\"position\":1,\"name\":\"Hem\",\"item\":\"https:\\\/\\\/likeink.com\\\/sv\\\/\"},{\"@type\":\"ListItem\",\"position\":2,\"name\":\"Webbutik\",\"item\":\"https:\\\/\\\/likeink.com\\\/sv\\\/webbutik\\\/\"},{\"@type\":\"ListItem\",\"position\":3,\"name\":\"Kristna Symboler\"}]},{\"@type\":\"WebSite\",\"@id\":\"https:\\\/\\\/likeink.com\\\/sv\\\/#website\",\"url\":\"https:\\\/\\\/likeink.com\\\/sv\\\/\",\"name\":\"Like ink\",\"description\":\"Make your own custom design\",\"potentialAction\":[{\"@type\":\"SearchAction\",\"target\":{\"@type\":\"EntryPoint\",\"urlTemplate\":\"https:\\\/\\\/likeink.com\\\/sv\\\/?s={search_term_string}\"},\"query-input\":{\"@type\":\"PropertyValueSpecification\",\"valueRequired\":true,\"valueName\":\"search_term_string\"}}],\"inLanguage\":\"sv-SE\"}]}<\/script>\n<!-- \/ Yoast SEO Premium plugin. -->","yoast_head_json":{"title":"Kristna Symboler - Like ink","description":"Kristna symboler i form av tempor\u00e4ra tatueringar. Stilren design som passar som tatuering och klassiska snygga kristna symboler. - Like ink","robots":{"index":"index","follow":"follow","max-snippet":"max-snippet:-1","max-image-preview":"max-image-preview:large","max-video-preview":"max-video-preview:-1"},"canonical":"https:\/\/likeink.com\/sv\/gnuggisar\/kristna-symboler-a5\/","og_locale":"sv_SE","og_type":"article","og_title":"Kristna Symboler","og_description":"Uppt\u00e4ck en unik kollektion av tempor\u00e4ra tatueringar med kristna symboler som passar perfekt f\u00f6r dig som vill uttrycka din tro eller smycka huden med meningsfulla motiv. Like inks A5-ark inneh\u00e5ller 17 detaljerade tatueringar med ikoniska kristna symboler som: Best\u00e4ll tempor\u00e4ra tatueringar med kristna symboler Duva \u2013 symbol f\u00f6r Helige Ande och fred. Fisk (Ichthys) \u2013 en klassisk symbol f\u00f6r kristendomen. D\u00f6skalle \u2013 som p\u00e5minnelse om d\u00f6den och Jesu seger \u00f6ver synden. Alfa och Omega \u2013 symboler f\u00f6r b\u00f6rjan och slutet, en hyllning till Gud. Timglas \u2013 som reflektion \u00f6ver livets f\u00f6rg\u00e4nglighet. Kors \u2013 det starkaste tecknet p\u00e5 Jesu uppoffring och k\u00e4rlek. F\u00e5gel Fenix \u2013 en symbol f\u00f6r \u00e5teruppst\u00e5ndelse, evigt liv och hopp, d\u00e5 den stiger ur askan efter d\u00f6den.  V\u00e5ra tempor\u00e4ra tatueringar \u00e4r enkla att applicera och skonsamma f\u00f6r huden. Perfekta f\u00f6r kristna sammankomster, konfirmationer, event eller bara f\u00f6r att uttrycka din tro p\u00e5 ett stilfullt s\u00e4tt.  Best\u00e4ll dina tempor\u00e4ra kristna tatueringar idag och b\u00e4r med dig symbolerna som inspirerar!  Arkstorlek: A5 Antal Tatueringar: 17 Storlek p\u00e5 tatueringarna: ca 2\u20138 cm","og_url":"https:\/\/likeink.com\/sv\/gnuggisar\/kristna-symboler-a5\/","og_site_name":"Like ink","article_publisher":"https:\/\/www.facebook.com\/LikeInkSe","article_modified_time":"2026-04-14T13:42:47+00:00","og_image":[{"width":1400,"height":986,"url":"https:\/\/likeink.com\/wp-content\/uploads\/2025\/01\/Kristna-Symboler-Tatuering-Likeink.jpg","type":"image\/jpeg"}],"twitter_card":"summary_large_image","twitter_misc":{"Ber\u00e4knad l\u00e4stid":"1 minut"},"schema":{"@context":"https:\/\/schema.org","@graph":[{"@type":"WebPage","@id":"https:\/\/likeink.com\/sv\/gnuggisar\/kristna-symboler-a5\/","url":"https:\/\/likeink.com\/sv\/gnuggisar\/kristna-symboler-a5\/","name":"Kristna Symboler - Like ink","isPartOf":{"@id":"https:\/\/likeink.com\/sv\/#website"},"primaryImageOfPage":{"@id":"https:\/\/likeink.com\/sv\/gnuggisar\/kristna-symboler-a5\/#primaryimage"},"image":{"@id":"https:\/\/likeink.com\/sv\/gnuggisar\/kristna-symboler-a5\/#primaryimage"},"thumbnailUrl":"https:\/\/likeink.com\/wp-content\/uploads\/2025\/01\/Kristna-Symboler-Tatuering-Likeink.jpg","datePublished":"2025-01-24T12:57:43+00:00","dateModified":"2026-04-14T13:42:47+00:00","description":"Kristna symboler i form av tempor\u00e4ra tatueringar. Stilren design som passar som tatuering och klassiska snygga kristna symboler. - Like ink","breadcrumb":{"@id":"https:\/\/likeink.com\/sv\/gnuggisar\/kristna-symboler-a5\/#breadcrumb"},"inLanguage":"sv-SE","potentialAction":[{"@type":"ReadAction","target":["https:\/\/likeink.com\/sv\/gnuggisar\/kristna-symboler-a5\/"]}]},{"@type":"ImageObject","inLanguage":"sv-SE","@id":"https:\/\/likeink.com\/sv\/gnuggisar\/kristna-symboler-a5\/#primaryimage","url":"https:\/\/likeink.com\/wp-content\/uploads\/2025\/01\/Kristna-Symboler-Tatuering-Likeink.jpg","contentUrl":"https:\/\/likeink.com\/wp-content\/uploads\/2025\/01\/Kristna-Symboler-Tatuering-Likeink.jpg","width":1400,"height":986,"caption":"Tempor\u00e4ra tatueringar med kristna symboler."},{"@type":"BreadcrumbList","@id":"https:\/\/likeink.com\/sv\/gnuggisar\/kristna-symboler-a5\/#breadcrumb","itemListElement":[{"@type":"ListItem","position":1,"name":"Hem","item":"https:\/\/likeink.com\/sv\/"},{"@type":"ListItem","position":2,"name":"Webbutik","item":"https:\/\/likeink.com\/sv\/webbutik\/"},{"@type":"ListItem","position":3,"name":"Kristna Symboler"}]},{"@type":"WebSite","@id":"https:\/\/likeink.com\/sv\/#website","url":"https:\/\/likeink.com\/sv\/","name":"Like ink","description":"Make your own custom design","potentialAction":[{"@type":"SearchAction","target":{"@type":"EntryPoint","urlTemplate":"https:\/\/likeink.com\/sv\/?s={search_term_string}"},"query-input":{"@type":"PropertyValueSpecification","valueRequired":true,"valueName":"search_term_string"}}],"inLanguage":"sv-SE"}]}},"_links":{"self":[{"href":"https:\/\/likeink.com\/sv\/wp-json\/wp\/v2\/product\/35085","targetHints":{"allow":["GET"]}}],"collection":[{"href":"https:\/\/likeink.com\/sv\/wp-json\/wp\/v2\/product"}],"about":[{"href":"https:\/\/likeink.com\/sv\/wp-json\/wp\/v2\/types\/product"}],"wp:featuredmedia":[{"embeddable":true,"href":"https:\/\/likeink.com\/sv\/wp-json\/wp\/v2\/media\/35055"}],"wp:attachment":[{"href":"https:\/\/likeink.com\/sv\/wp-json\/wp\/v2\/media?parent=35085"}],"wp:term":[{"taxonomy":"product_brand","embeddable":true,"href":"https:\/\/likeink.com\/sv\/wp-json\/wp\/v2\/product_brand?post=35085"},{"taxonomy":"product_cat","embeddable":true,"href":"https:\/\/likeink.com\/sv\/wp-json\/wp\/v2\/product_cat?post=35085"},{"taxonomy":"product_tag","embeddable":true,"href":"https:\/\/likeink.com\/sv\/wp-json\/wp\/v2\/product_tag?post=35085"}],"curies":[{"name":"wp","href":"https:\/\/api.w.org\/{rel}","templated":true}]}}