{"id":35356,"date":"2025-02-11T12:44:39","date_gmt":"2025-02-11T12:44:39","guid":{"rendered":"https:\/\/likeink.se\/?post_type=product&#038;p=35356"},"modified":"2026-04-14T13:13:58","modified_gmt":"2026-04-14T13:13:58","slug":"silvertatuering-ark","status":"publish","type":"product","link":"https:\/\/likeink.com\/sv\/gnuggisar\/silvertatuering-ark\/","title":{"rendered":"Silvertatuering ark A4"},"content":{"rendered":"","protected":false},"excerpt":{"rendered":"<p>Silvertatuering &#8211; Sl\u00e4pp loss din kreativitet med v\u00e5rt A4-ark i glittrande silver. Hela ytan fungerar som en tempor\u00e4r tatuering! Klipp eller sk\u00e4r ut dina egna m\u00f6nster och skapa unika designer som garanterat drar blickarna till sig. Perfekt f\u00f6r fester, festivaler eller n\u00e4r du bara vill gl\u00e4nsa lite extra.<\/p>\n<h2>Skapa egna tempor\u00e4ra tatueringar i silver genom att klippa ut valfria m\u00f6nster<\/h2>\n<p>Hudv\u00e4nliga och l\u00e4tta att anv\u00e4nda \u2013 applicera snabbt med vatten och tv\u00e4tta bort n\u00e4r du vill byta stil. Skapa allt fr\u00e5n sm\u00e5 detaljer till stora motiv, helt anpassat efter din egen fantasi.<\/p>\n<p><strong>Storlek:<\/strong> A4<\/p>\n","protected":false},"featured_media":35330,"template":"","meta":[],"product_brand":[],"product_cat":[17,490,139],"product_tag":[],"class_list":{"0":"post-35356","1":"product","2":"type-product","3":"status-publish","4":"has-post-thumbnail","6":"product_cat-fardiga-ark","7":"product_cat-maskerad-sasong","8":"product_cat-ovriga-tatueringar","10":"first","11":"instock","12":"taxable","13":"shipping-taxable","14":"purchasable","15":"product-type-simple"},"yoast_head":"<!-- This site is optimized with the Yoast SEO Premium plugin v26.2 (Yoast SEO v27.4) - https:\/\/yoast.com\/product\/yoast-seo-premium-wordpress\/ -->\n<title>Silvertatuering \u2013 Skapa Unika Tempor\u00e4ra Tatueringar i Silver - Like ink<\/title>\n<meta name=\"description\" content=\"Designa dina egna silvertatueringar med v\u00e5rt A4-ark i silver. Hudv\u00e4nliga tatueringar, enkla att applicera och tv\u00e4tta bort. - Like ink\" \/>\n<meta name=\"robots\" content=\"index, follow, max-snippet:-1, max-image-preview:large, max-video-preview:-1\" \/>\n<link rel=\"canonical\" href=\"https:\/\/likeink.com\/sv\/gnuggisar\/silvertatuering-ark\/\" \/>\n<meta property=\"og:locale\" content=\"sv_SE\" \/>\n<meta property=\"og:type\" content=\"article\" \/>\n<meta property=\"og:title\" content=\"Silvertatuering ark A4\" \/>\n<meta property=\"og:description\" content=\"Silvertatuering - Sl\u00e4pp loss din kreativitet med v\u00e5rt A4-ark i glittrande silver. Hela ytan fungerar som en tempor\u00e4r tatuering! Klipp eller sk\u00e4r ut dina egna m\u00f6nster och skapa unika designer som garanterat drar blickarna till sig. Perfekt f\u00f6r fester, festivaler eller n\u00e4r du bara vill gl\u00e4nsa lite extra.  Skapa egna tempor\u00e4ra tatueringar i silver genom att klippa ut valfria m\u00f6nster  Hudv\u00e4nliga och l\u00e4tta att anv\u00e4nda \u2013 applicera snabbt med vatten och tv\u00e4tta bort n\u00e4r du vill byta stil. Skapa allt fr\u00e5n sm\u00e5 detaljer till stora motiv, helt anpassat efter din egen fantasi.  Storlek: A4\" \/>\n<meta property=\"og:url\" content=\"https:\/\/likeink.com\/sv\/gnuggisar\/silvertatuering-ark\/\" \/>\n<meta property=\"og:site_name\" content=\"Like ink\" \/>\n<meta property=\"article:publisher\" content=\"https:\/\/www.facebook.com\/LikeInkSe\" \/>\n<meta property=\"article:modified_time\" content=\"2026-04-14T13:13:58+00:00\" \/>\n<meta property=\"og:image\" content=\"https:\/\/likeink.com\/wp-content\/uploads\/2025\/02\/SilverTemporaryTattooPaper-Likeink.jpg\" \/>\n\t<meta property=\"og:image:width\" content=\"2481\" \/>\n\t<meta property=\"og:image:height\" content=\"1749\" \/>\n\t<meta property=\"og:image:type\" content=\"image\/jpeg\" \/>\n<meta name=\"twitter:card\" content=\"summary_large_image\" \/>\n<meta name=\"twitter:label1\" content=\"Ber\u00e4knad l\u00e4stid\" \/>\n\t<meta name=\"twitter:data1\" content=\"1 minut\" \/>\n<script type=\"application\/ld+json\" class=\"yoast-schema-graph\">{\"@context\":\"https:\\\/\\\/schema.org\",\"@graph\":[{\"@type\":\"WebPage\",\"@id\":\"https:\\\/\\\/likeink.com\\\/sv\\\/gnuggisar\\\/silvertatuering-ark\\\/\",\"url\":\"https:\\\/\\\/likeink.com\\\/sv\\\/gnuggisar\\\/silvertatuering-ark\\\/\",\"name\":\"Silvertatuering \u2013 Skapa Unika Tempor\u00e4ra Tatueringar i Silver - Like ink\",\"isPartOf\":{\"@id\":\"https:\\\/\\\/likeink.com\\\/sv\\\/#website\"},\"primaryImageOfPage\":{\"@id\":\"https:\\\/\\\/likeink.com\\\/sv\\\/gnuggisar\\\/silvertatuering-ark\\\/#primaryimage\"},\"image\":{\"@id\":\"https:\\\/\\\/likeink.com\\\/sv\\\/gnuggisar\\\/silvertatuering-ark\\\/#primaryimage\"},\"thumbnailUrl\":\"https:\\\/\\\/likeink.com\\\/wp-content\\\/uploads\\\/2025\\\/02\\\/SilverTemporaryTattooPaper-Likeink.jpg\",\"datePublished\":\"2025-02-11T12:44:39+00:00\",\"dateModified\":\"2026-04-14T13:13:58+00:00\",\"description\":\"Designa dina egna silvertatueringar med v\u00e5rt A4-ark i silver. Hudv\u00e4nliga tatueringar, enkla att applicera och tv\u00e4tta bort. - Like ink\",\"breadcrumb\":{\"@id\":\"https:\\\/\\\/likeink.com\\\/sv\\\/gnuggisar\\\/silvertatuering-ark\\\/#breadcrumb\"},\"inLanguage\":\"sv-SE\",\"potentialAction\":[{\"@type\":\"ReadAction\",\"target\":[\"https:\\\/\\\/likeink.com\\\/sv\\\/gnuggisar\\\/silvertatuering-ark\\\/\"]}]},{\"@type\":\"ImageObject\",\"inLanguage\":\"sv-SE\",\"@id\":\"https:\\\/\\\/likeink.com\\\/sv\\\/gnuggisar\\\/silvertatuering-ark\\\/#primaryimage\",\"url\":\"https:\\\/\\\/likeink.com\\\/wp-content\\\/uploads\\\/2025\\\/02\\\/SilverTemporaryTattooPaper-Likeink.jpg\",\"contentUrl\":\"https:\\\/\\\/likeink.com\\\/wp-content\\\/uploads\\\/2025\\\/02\\\/SilverTemporaryTattooPaper-Likeink.jpg\",\"width\":2481,\"height\":1749,\"caption\":\"Silver Fake Tattoo Paper\"},{\"@type\":\"BreadcrumbList\",\"@id\":\"https:\\\/\\\/likeink.com\\\/sv\\\/gnuggisar\\\/silvertatuering-ark\\\/#breadcrumb\",\"itemListElement\":[{\"@type\":\"ListItem\",\"position\":1,\"name\":\"Hem\",\"item\":\"https:\\\/\\\/likeink.com\\\/sv\\\/\"},{\"@type\":\"ListItem\",\"position\":2,\"name\":\"Webbutik\",\"item\":\"https:\\\/\\\/likeink.com\\\/sv\\\/webbutik\\\/\"},{\"@type\":\"ListItem\",\"position\":3,\"name\":\"Silvertatuering ark A4\"}]},{\"@type\":\"WebSite\",\"@id\":\"https:\\\/\\\/likeink.com\\\/sv\\\/#website\",\"url\":\"https:\\\/\\\/likeink.com\\\/sv\\\/\",\"name\":\"Like ink\",\"description\":\"Make your own custom design\",\"potentialAction\":[{\"@type\":\"SearchAction\",\"target\":{\"@type\":\"EntryPoint\",\"urlTemplate\":\"https:\\\/\\\/likeink.com\\\/sv\\\/?s={search_term_string}\"},\"query-input\":{\"@type\":\"PropertyValueSpecification\",\"valueRequired\":true,\"valueName\":\"search_term_string\"}}],\"inLanguage\":\"sv-SE\"}]}<\/script>\n<!-- \/ Yoast SEO Premium plugin. -->","yoast_head_json":{"title":"Silvertatuering \u2013 Skapa Unika Tempor\u00e4ra Tatueringar i Silver - Like ink","description":"Designa dina egna silvertatueringar med v\u00e5rt A4-ark i silver. Hudv\u00e4nliga tatueringar, enkla att applicera och tv\u00e4tta bort. - Like ink","robots":{"index":"index","follow":"follow","max-snippet":"max-snippet:-1","max-image-preview":"max-image-preview:large","max-video-preview":"max-video-preview:-1"},"canonical":"https:\/\/likeink.com\/sv\/gnuggisar\/silvertatuering-ark\/","og_locale":"sv_SE","og_type":"article","og_title":"Silvertatuering ark A4","og_description":"Silvertatuering - Sl\u00e4pp loss din kreativitet med v\u00e5rt A4-ark i glittrande silver. Hela ytan fungerar som en tempor\u00e4r tatuering! Klipp eller sk\u00e4r ut dina egna m\u00f6nster och skapa unika designer som garanterat drar blickarna till sig. Perfekt f\u00f6r fester, festivaler eller n\u00e4r du bara vill gl\u00e4nsa lite extra.  Skapa egna tempor\u00e4ra tatueringar i silver genom att klippa ut valfria m\u00f6nster  Hudv\u00e4nliga och l\u00e4tta att anv\u00e4nda \u2013 applicera snabbt med vatten och tv\u00e4tta bort n\u00e4r du vill byta stil. Skapa allt fr\u00e5n sm\u00e5 detaljer till stora motiv, helt anpassat efter din egen fantasi.  Storlek: A4","og_url":"https:\/\/likeink.com\/sv\/gnuggisar\/silvertatuering-ark\/","og_site_name":"Like ink","article_publisher":"https:\/\/www.facebook.com\/LikeInkSe","article_modified_time":"2026-04-14T13:13:58+00:00","og_image":[{"width":2481,"height":1749,"url":"https:\/\/likeink.com\/wp-content\/uploads\/2025\/02\/SilverTemporaryTattooPaper-Likeink.jpg","type":"image\/jpeg"}],"twitter_card":"summary_large_image","twitter_misc":{"Ber\u00e4knad l\u00e4stid":"1 minut"},"schema":{"@context":"https:\/\/schema.org","@graph":[{"@type":"WebPage","@id":"https:\/\/likeink.com\/sv\/gnuggisar\/silvertatuering-ark\/","url":"https:\/\/likeink.com\/sv\/gnuggisar\/silvertatuering-ark\/","name":"Silvertatuering \u2013 Skapa Unika Tempor\u00e4ra Tatueringar i Silver - Like ink","isPartOf":{"@id":"https:\/\/likeink.com\/sv\/#website"},"primaryImageOfPage":{"@id":"https:\/\/likeink.com\/sv\/gnuggisar\/silvertatuering-ark\/#primaryimage"},"image":{"@id":"https:\/\/likeink.com\/sv\/gnuggisar\/silvertatuering-ark\/#primaryimage"},"thumbnailUrl":"https:\/\/likeink.com\/wp-content\/uploads\/2025\/02\/SilverTemporaryTattooPaper-Likeink.jpg","datePublished":"2025-02-11T12:44:39+00:00","dateModified":"2026-04-14T13:13:58+00:00","description":"Designa dina egna silvertatueringar med v\u00e5rt A4-ark i silver. Hudv\u00e4nliga tatueringar, enkla att applicera och tv\u00e4tta bort. - Like ink","breadcrumb":{"@id":"https:\/\/likeink.com\/sv\/gnuggisar\/silvertatuering-ark\/#breadcrumb"},"inLanguage":"sv-SE","potentialAction":[{"@type":"ReadAction","target":["https:\/\/likeink.com\/sv\/gnuggisar\/silvertatuering-ark\/"]}]},{"@type":"ImageObject","inLanguage":"sv-SE","@id":"https:\/\/likeink.com\/sv\/gnuggisar\/silvertatuering-ark\/#primaryimage","url":"https:\/\/likeink.com\/wp-content\/uploads\/2025\/02\/SilverTemporaryTattooPaper-Likeink.jpg","contentUrl":"https:\/\/likeink.com\/wp-content\/uploads\/2025\/02\/SilverTemporaryTattooPaper-Likeink.jpg","width":2481,"height":1749,"caption":"Silver Fake Tattoo Paper"},{"@type":"BreadcrumbList","@id":"https:\/\/likeink.com\/sv\/gnuggisar\/silvertatuering-ark\/#breadcrumb","itemListElement":[{"@type":"ListItem","position":1,"name":"Hem","item":"https:\/\/likeink.com\/sv\/"},{"@type":"ListItem","position":2,"name":"Webbutik","item":"https:\/\/likeink.com\/sv\/webbutik\/"},{"@type":"ListItem","position":3,"name":"Silvertatuering ark A4"}]},{"@type":"WebSite","@id":"https:\/\/likeink.com\/sv\/#website","url":"https:\/\/likeink.com\/sv\/","name":"Like ink","description":"Make your own custom design","potentialAction":[{"@type":"SearchAction","target":{"@type":"EntryPoint","urlTemplate":"https:\/\/likeink.com\/sv\/?s={search_term_string}"},"query-input":{"@type":"PropertyValueSpecification","valueRequired":true,"valueName":"search_term_string"}}],"inLanguage":"sv-SE"}]}},"_links":{"self":[{"href":"https:\/\/likeink.com\/sv\/wp-json\/wp\/v2\/product\/35356","targetHints":{"allow":["GET"]}}],"collection":[{"href":"https:\/\/likeink.com\/sv\/wp-json\/wp\/v2\/product"}],"about":[{"href":"https:\/\/likeink.com\/sv\/wp-json\/wp\/v2\/types\/product"}],"wp:featuredmedia":[{"embeddable":true,"href":"https:\/\/likeink.com\/sv\/wp-json\/wp\/v2\/media\/35330"}],"wp:attachment":[{"href":"https:\/\/likeink.com\/sv\/wp-json\/wp\/v2\/media?parent=35356"}],"wp:term":[{"taxonomy":"product_brand","embeddable":true,"href":"https:\/\/likeink.com\/sv\/wp-json\/wp\/v2\/product_brand?post=35356"},{"taxonomy":"product_cat","embeddable":true,"href":"https:\/\/likeink.com\/sv\/wp-json\/wp\/v2\/product_cat?post=35356"},{"taxonomy":"product_tag","embeddable":true,"href":"https:\/\/likeink.com\/sv\/wp-json\/wp\/v2\/product_tag?post=35356"}],"curies":[{"name":"wp","href":"https:\/\/api.w.org\/{rel}","templated":true}]}}