{"id":35508,"date":"2025-02-18T15:23:32","date_gmt":"2025-02-18T15:23:32","guid":{"rendered":"https:\/\/likeink.se\/?post_type=product&#038;p=35508"},"modified":"2026-04-15T11:39:18","modified_gmt":"2026-04-15T11:39:18","slug":"blandband-hardrock","status":"publish","type":"product","link":"https:\/\/likeink.com\/sv\/gnuggisar\/blandband-hardrock\/","title":{"rendered":"Blandband &#038; H\u00e5rdrock \u201dThe Ironic Company\u201d"},"content":{"rendered":"","protected":false},"excerpt":{"rendered":"<p>Blandband &amp; H\u00e5rdrock \u2013 Tempor\u00e4ra Tatueringar med en Ironisk Tvist!<br \/>\nMinns du tiden n\u00e4r k\u00e4rleksf\u00f6rklaringar kom p\u00e5 kassettband och n\u00e4r h\u00e5rdrocken var som b\u00e4st? N\u00e4r en penna var livr\u00e4ddaren f\u00f6r trassliga band och jeansjackan pryddes av b\u00e5de nitar och Iron Maiden-patchar? D\u00e5 \u00e4r detta A5-ark med tempor\u00e4ra gnuggis-tatueringar n\u00e5got f\u00f6r dig!<\/p>\n<h2>Best\u00e4ll ett ark med blandband och h\u00e5rdrocks-tatueringar<\/h2>\n<p>Fyllt med nostalgiska motiv som hyllar b\u00e5de h\u00e5rdrockens glansdagar och det of\u00f6rgl\u00f6mliga blandbandet \u2013 men med en sk\u00f6n ironisk tvist. Perfekt f\u00f6r festivaler, rockkonserter eller en kv\u00e4ll med polarna n\u00e4r du vill visa din k\u00e4rlek till musiken med en gnutta humor.<\/p>\n<p>Klistret sitter d\u00e4r det ska, men l\u00f6ser sig l\u00e4tt n\u00e4r du \u00e4r redo f\u00f6r n\u00e4sta riff. Sj\u00e4lvklart \u00e4r tatueringarna allergiv\u00e4nliga!<\/p>\n<p>Best\u00e4ll ett ark med rockiga gnuggis-tatueringar!<br \/>\nDetta ark \u00e4r en del av v\u00e5rt samarbete med The Ironic Company, som alltid levererar en sk\u00f6n mix av humor och nostalgi. Precis som v\u00e5ra tempor\u00e4ra tatueringar sprider deras ironi b\u00e5de skratt och sj\u00e4lvdistans \u2013 perfekt f\u00f6r alla som \u00e4lskar att leva rock\u2019n\u2019roll men inte tar sig sj\u00e4lva p\u00e5 f\u00f6r stort allvar.<\/p>\n<p><strong>Om The Ironic Company<\/strong><br \/>\nThe Ironic Company st\u00e5r f\u00f6r medm\u00e4nsklighet, demokrati och sunt f\u00f6rnuft \u2013 men framf\u00f6r allt f\u00f6r humor. Med deras lekfulla ironi och igenk\u00e4nningshumor p\u00e5minner de oss om att v\u00e4rlden blir lite roligare med ett leende p\u00e5 l\u00e4pparna. Tatueringarna i detta samarbete \u00e4r en hyllning till musiken, nostalgin och det tidl\u00f6sa blandbandet \u2013 med en humoristisk twist.<\/p>\n<p>S\u00e5 b\u00e4r dessa gnuggisar med stolthet, och l\u00e5t din inre rockstj\u00e4rna lysa!<\/p>\n<p>\ud83d\udccf <strong>Storlek ark:<\/strong> A5<br \/>\n\ud83c\udfb8 A<strong>ntal tatueringar:<\/strong> 12<br \/>\n\ud83d\udc80 <strong>Storlek tatueringar:<\/strong> 25-65 mm<\/p>\n","protected":false},"featured_media":35471,"template":"","meta":[],"product_brand":[],"product_cat":[17,495],"product_tag":[],"class_list":{"0":"post-35508","1":"product","2":"type-product","3":"status-publish","4":"has-post-thumbnail","6":"product_cat-fardiga-ark","7":"product_cat-samarbeten-med-foretag","9":"first","10":"instock","11":"taxable","12":"shipping-taxable","13":"purchasable","14":"product-type-simple"},"yoast_head":"<!-- This site is optimized with the Yoast SEO Premium plugin v26.2 (Yoast SEO v27.5) - https:\/\/yoast.com\/product\/yoast-seo-premium-wordpress\/ -->\n<title>Blandband &amp; H\u00e5rdrock \u201dThe Ironic Company\u201d - Like ink<\/title>\n<meta name=\"description\" content=\"Blandband &amp; H\u00e5rdrock tatuerringar perfekta f\u00f6r f\u00f6rfesten p\u00e5 en festival, en konsert eller maskerad. Tempor\u00e4ra tatueringar f\u00f6r rockers! - Like ink\" \/>\n<meta name=\"robots\" content=\"index, follow, max-snippet:-1, max-image-preview:large, max-video-preview:-1\" \/>\n<link rel=\"canonical\" href=\"https:\/\/likeink.com\/sv\/gnuggisar\/blandband-hardrock\/\" \/>\n<meta property=\"og:locale\" content=\"sv_SE\" \/>\n<meta property=\"og:type\" content=\"article\" \/>\n<meta property=\"og:title\" content=\"Blandband &amp; H\u00e5rdrock \u201dThe Ironic Company\u201d\" \/>\n<meta property=\"og:description\" content=\"Blandband &amp; H\u00e5rdrock \u2013 Tempor\u00e4ra Tatueringar med en Ironisk Tvist! Minns du tiden n\u00e4r k\u00e4rleksf\u00f6rklaringar kom p\u00e5 kassettband och n\u00e4r h\u00e5rdrocken var som b\u00e4st? N\u00e4r en penna var livr\u00e4ddaren f\u00f6r trassliga band och jeansjackan pryddes av b\u00e5de nitar och Iron Maiden-patchar? D\u00e5 \u00e4r detta A5-ark med tempor\u00e4ra gnuggis-tatueringar n\u00e5got f\u00f6r dig! Best\u00e4ll ett ark med blandband och h\u00e5rdrocks-tatueringar Fyllt med nostalgiska motiv som hyllar b\u00e5de h\u00e5rdrockens glansdagar och det of\u00f6rgl\u00f6mliga blandbandet \u2013 men med en sk\u00f6n ironisk tvist. Perfekt f\u00f6r festivaler, rockkonserter eller en kv\u00e4ll med polarna n\u00e4r du vill visa din k\u00e4rlek till musiken med en gnutta humor.  Klistret sitter d\u00e4r det ska, men l\u00f6ser sig l\u00e4tt n\u00e4r du \u00e4r redo f\u00f6r n\u00e4sta riff. Sj\u00e4lvklart \u00e4r tatueringarna allergiv\u00e4nliga!  Best\u00e4ll ett ark med rockiga gnuggis-tatueringar! Detta ark \u00e4r en del av v\u00e5rt samarbete med The Ironic Company, som alltid levererar en sk\u00f6n mix av humor och nostalgi. Precis som v\u00e5ra tempor\u00e4ra tatueringar sprider deras ironi b\u00e5de skratt och sj\u00e4lvdistans \u2013 perfekt f\u00f6r alla som \u00e4lskar att leva rock\u2019n\u2019roll men inte tar sig sj\u00e4lva p\u00e5 f\u00f6r stort allvar.  Om The Ironic Company The Ironic Company st\u00e5r f\u00f6r medm\u00e4nsklighet, demokrati och sunt f\u00f6rnuft \u2013 men framf\u00f6r allt f\u00f6r humor. Med deras lekfulla ironi och igenk\u00e4nningshumor p\u00e5minner de oss om att v\u00e4rlden blir lite roligare med ett leende p\u00e5 l\u00e4pparna. Tatueringarna i detta samarbete \u00e4r en hyllning till musiken, nostalgin och det tidl\u00f6sa blandbandet \u2013 med en humoristisk twist.  S\u00e5 b\u00e4r dessa gnuggisar med stolthet, och l\u00e5t din inre rockstj\u00e4rna lysa!  \ud83d\udccf Storlek ark: A5 \ud83c\udfb8 Antal tatueringar: 12 \ud83d\udc80 Storlek tatueringar: 25-65 mm\" \/>\n<meta property=\"og:url\" content=\"https:\/\/likeink.com\/sv\/gnuggisar\/blandband-hardrock\/\" \/>\n<meta property=\"og:site_name\" content=\"Like ink\" \/>\n<meta property=\"article:publisher\" content=\"https:\/\/www.facebook.com\/LikeInkSe\" \/>\n<meta property=\"article:modified_time\" content=\"2026-04-15T11:39:18+00:00\" \/>\n<meta property=\"og:image\" content=\"https:\/\/likeink.com\/wp-content\/uploads\/2025\/02\/Blandband-Rock-Tattoos-Likeink.jpg\" \/>\n\t<meta property=\"og:image:width\" content=\"1400\" \/>\n\t<meta property=\"og:image:height\" content=\"986\" \/>\n\t<meta property=\"og:image:type\" content=\"image\/jpeg\" \/>\n<meta name=\"twitter:card\" content=\"summary_large_image\" \/>\n<meta name=\"twitter:label1\" content=\"Ber\u00e4knad l\u00e4stid\" \/>\n\t<meta name=\"twitter:data1\" content=\"1 minut\" \/>\n<!-- \/ Yoast SEO Premium plugin. -->","yoast_head_json":{"title":"Blandband & H\u00e5rdrock \u201dThe Ironic Company\u201d - Like ink","description":"Blandband & H\u00e5rdrock tatuerringar perfekta f\u00f6r f\u00f6rfesten p\u00e5 en festival, en konsert eller maskerad. Tempor\u00e4ra tatueringar f\u00f6r rockers! - Like ink","robots":{"index":"index","follow":"follow","max-snippet":"max-snippet:-1","max-image-preview":"max-image-preview:large","max-video-preview":"max-video-preview:-1"},"canonical":"https:\/\/likeink.com\/sv\/gnuggisar\/blandband-hardrock\/","og_locale":"sv_SE","og_type":"article","og_title":"Blandband & H\u00e5rdrock \u201dThe Ironic Company\u201d","og_description":"Blandband &amp; H\u00e5rdrock \u2013 Tempor\u00e4ra Tatueringar med en Ironisk Tvist! Minns du tiden n\u00e4r k\u00e4rleksf\u00f6rklaringar kom p\u00e5 kassettband och n\u00e4r h\u00e5rdrocken var som b\u00e4st? N\u00e4r en penna var livr\u00e4ddaren f\u00f6r trassliga band och jeansjackan pryddes av b\u00e5de nitar och Iron Maiden-patchar? D\u00e5 \u00e4r detta A5-ark med tempor\u00e4ra gnuggis-tatueringar n\u00e5got f\u00f6r dig! Best\u00e4ll ett ark med blandband och h\u00e5rdrocks-tatueringar Fyllt med nostalgiska motiv som hyllar b\u00e5de h\u00e5rdrockens glansdagar och det of\u00f6rgl\u00f6mliga blandbandet \u2013 men med en sk\u00f6n ironisk tvist. Perfekt f\u00f6r festivaler, rockkonserter eller en kv\u00e4ll med polarna n\u00e4r du vill visa din k\u00e4rlek till musiken med en gnutta humor.  Klistret sitter d\u00e4r det ska, men l\u00f6ser sig l\u00e4tt n\u00e4r du \u00e4r redo f\u00f6r n\u00e4sta riff. Sj\u00e4lvklart \u00e4r tatueringarna allergiv\u00e4nliga!  Best\u00e4ll ett ark med rockiga gnuggis-tatueringar! Detta ark \u00e4r en del av v\u00e5rt samarbete med The Ironic Company, som alltid levererar en sk\u00f6n mix av humor och nostalgi. Precis som v\u00e5ra tempor\u00e4ra tatueringar sprider deras ironi b\u00e5de skratt och sj\u00e4lvdistans \u2013 perfekt f\u00f6r alla som \u00e4lskar att leva rock\u2019n\u2019roll men inte tar sig sj\u00e4lva p\u00e5 f\u00f6r stort allvar.  Om The Ironic Company The Ironic Company st\u00e5r f\u00f6r medm\u00e4nsklighet, demokrati och sunt f\u00f6rnuft \u2013 men framf\u00f6r allt f\u00f6r humor. Med deras lekfulla ironi och igenk\u00e4nningshumor p\u00e5minner de oss om att v\u00e4rlden blir lite roligare med ett leende p\u00e5 l\u00e4pparna. Tatueringarna i detta samarbete \u00e4r en hyllning till musiken, nostalgin och det tidl\u00f6sa blandbandet \u2013 med en humoristisk twist.  S\u00e5 b\u00e4r dessa gnuggisar med stolthet, och l\u00e5t din inre rockstj\u00e4rna lysa!  \ud83d\udccf Storlek ark: A5 \ud83c\udfb8 Antal tatueringar: 12 \ud83d\udc80 Storlek tatueringar: 25-65 mm","og_url":"https:\/\/likeink.com\/sv\/gnuggisar\/blandband-hardrock\/","og_site_name":"Like ink","article_publisher":"https:\/\/www.facebook.com\/LikeInkSe","article_modified_time":"2026-04-15T11:39:18+00:00","og_image":[{"width":1400,"height":986,"url":"https:\/\/likeink.com\/wp-content\/uploads\/2025\/02\/Blandband-Rock-Tattoos-Likeink.jpg","type":"image\/jpeg"}],"twitter_card":"summary_large_image","twitter_misc":{"Ber\u00e4knad l\u00e4stid":"1 minut"},"schema":{"@context":"https:\/\/schema.org","@graph":[{"@type":"WebPage","@id":"https:\/\/likeink.com\/sv\/gnuggisar\/blandband-hardrock\/","url":"https:\/\/likeink.com\/sv\/gnuggisar\/blandband-hardrock\/","name":"Blandband & H\u00e5rdrock \u201dThe Ironic Company\u201d - Like ink","isPartOf":{"@id":"https:\/\/likeink.com\/sv\/#website"},"primaryImageOfPage":{"@id":"https:\/\/likeink.com\/sv\/gnuggisar\/blandband-hardrock\/#primaryimage"},"image":{"@id":"https:\/\/likeink.com\/sv\/gnuggisar\/blandband-hardrock\/#primaryimage"},"thumbnailUrl":"https:\/\/likeink.com\/wp-content\/uploads\/2025\/02\/Blandband-Rock-Tattoos-Likeink.jpg","datePublished":"2025-02-18T15:23:32+00:00","dateModified":"2026-04-15T11:39:18+00:00","description":"Blandband & H\u00e5rdrock tatuerringar perfekta f\u00f6r f\u00f6rfesten p\u00e5 en festival, en konsert eller maskerad. Tempor\u00e4ra tatueringar f\u00f6r rockers! - Like ink","breadcrumb":{"@id":"https:\/\/likeink.com\/sv\/gnuggisar\/blandband-hardrock\/#breadcrumb"},"inLanguage":"sv-SE","potentialAction":[{"@type":"ReadAction","target":["https:\/\/likeink.com\/sv\/gnuggisar\/blandband-hardrock\/"]}]},{"@type":"ImageObject","inLanguage":"sv-SE","@id":"https:\/\/likeink.com\/sv\/gnuggisar\/blandband-hardrock\/#primaryimage","url":"https:\/\/likeink.com\/wp-content\/uploads\/2025\/02\/Blandband-Rock-Tattoos-Likeink.jpg","contentUrl":"https:\/\/likeink.com\/wp-content\/uploads\/2025\/02\/Blandband-Rock-Tattoos-Likeink.jpg","width":1400,"height":986,"caption":"En samling rockinspirerade tillf\u00e4lliga tatueringar med kassettband, elgitarrer, handsymboler och texter som \"Hard Rock\" och \"BLANDBAND\". Designen kombinerar retro och modern stil med dj\u00e4rv grafik och livfulla detaljer."},{"@type":"BreadcrumbList","@id":"https:\/\/likeink.com\/sv\/gnuggisar\/blandband-hardrock\/#breadcrumb","itemListElement":[{"@type":"ListItem","position":1,"name":"Hem","item":"https:\/\/likeink.com\/sv\/"},{"@type":"ListItem","position":2,"name":"Webbutik","item":"https:\/\/likeink.com\/sv\/webbutik\/"},{"@type":"ListItem","position":3,"name":"Blandband &#038; H\u00e5rdrock \u201dThe Ironic Company\u201d"}]},{"@type":"WebSite","@id":"https:\/\/likeink.com\/sv\/#website","url":"https:\/\/likeink.com\/sv\/","name":"Like ink","description":"Make your own custom design","potentialAction":[{"@type":"SearchAction","target":{"@type":"EntryPoint","urlTemplate":"https:\/\/likeink.com\/sv\/?s={search_term_string}"},"query-input":{"@type":"PropertyValueSpecification","valueRequired":true,"valueName":"search_term_string"}}],"inLanguage":"sv-SE"}]}},"_links":{"self":[{"href":"https:\/\/likeink.com\/sv\/wp-json\/wp\/v2\/product\/35508","targetHints":{"allow":["GET"]}}],"collection":[{"href":"https:\/\/likeink.com\/sv\/wp-json\/wp\/v2\/product"}],"about":[{"href":"https:\/\/likeink.com\/sv\/wp-json\/wp\/v2\/types\/product"}],"wp:featuredmedia":[{"embeddable":true,"href":"https:\/\/likeink.com\/sv\/wp-json\/wp\/v2\/media\/35471"}],"wp:attachment":[{"href":"https:\/\/likeink.com\/sv\/wp-json\/wp\/v2\/media?parent=35508"}],"wp:term":[{"taxonomy":"product_brand","embeddable":true,"href":"https:\/\/likeink.com\/sv\/wp-json\/wp\/v2\/product_brand?post=35508"},{"taxonomy":"product_cat","embeddable":true,"href":"https:\/\/likeink.com\/sv\/wp-json\/wp\/v2\/product_cat?post=35508"},{"taxonomy":"product_tag","embeddable":true,"href":"https:\/\/likeink.com\/sv\/wp-json\/wp\/v2\/product_tag?post=35508"}],"curies":[{"name":"wp","href":"https:\/\/api.w.org\/{rel}","templated":true}]}}