{"id":35819,"date":"2025-03-10T13:30:22","date_gmt":"2025-03-10T13:30:22","guid":{"rendered":"https:\/\/likeink.se\/?post_type=product&#038;p=35819"},"modified":"2026-04-27T11:19:51","modified_gmt":"2026-04-27T11:19:51","slug":"flash-mix-sheet-by-kristoffer-don-cash","status":"publish","type":"product","link":"https:\/\/likeink.com\/sv\/gnuggisar\/flash-mix-sheet-by-kristoffer-don-cash\/","title":{"rendered":"Flash \u201dMix Sheet\u201d by Kristoffer Don Cash"},"content":{"rendered":"","protected":false},"excerpt":{"rendered":"<p>Uppt\u00e4ck unika tempor\u00e4ra tatueringar skapade av tatueraren Kristoffer Don Cash. Varje motiv \u00e4r handritat och inspirerat av hans distinkta stil med grafiska detaljer och en touch av realism. Tatueringarna \u00e4r veganska, allergiv\u00e4nliga och enkla att applicera med vatten. De sitter i flera dagar men \u00e4r lika enkla att tv\u00e4tta bort n\u00e4r du vill byta motiv.<\/p>\n<h2>Best\u00e4ll tatueringar ritade av tatueraren Kristoffer Don Cash<\/h2>\n<p><strong>Om Kristoffer Segerstr\u00f6m:<\/strong><br \/>\nJag arbetar till 93,6 % med svart bl\u00e4ck och f\u00f6redrar grafiska motiv med en touch av realism.<\/p>\n<p>Precis som m\u00e5nga andra i branschen har jag en bakgrund inom graffiti, men efter ett tag k\u00e4nde jag att det var dags att g\u00e5 vidare och b\u00f6rjade ist\u00e4llet studera konst. Under studierna fick jag upp \u00f6gonen f\u00f6r tatueringar, och en sen natt p\u00e5 en studio best\u00e4mde jag mig f\u00f6r att tatuera mig sj\u00e4lv p\u00e5 l\u00e5ret, och d\u00e4r och d\u00e5 var jag fast.<\/p>\n<p>Nu har jag arbetat som tatuerare i cirka tio \u00e5r och \u00e4lskar varje del av det. Jag har g\u00e4stat tatueringsstudios \u00f6ver hela v\u00e4rlden och planerar att forts\u00e4tta s\u00e5 l\u00e4nge ryggen h\u00e5ller.<\/p>\n<p><strong>Namn:<\/strong> Kristoffer Don Cash<br \/>\n<strong>Instagram:<\/strong> @k.doncash<br \/>\n<strong>Studio:<\/strong> Kopparhjerta Falun \/ Stockholm<br \/>\n<strong>Studio instagram:<\/strong> @kopparhjerta<\/p>\n<p><strong>Storlek ark:<\/strong> A5<br \/>\n<strong>Antal tatueringar:<\/strong> 22<br \/>\n<strong>Storlek tatueringar:<\/strong> 25-85 mm<\/p>\n","protected":false},"featured_media":35811,"template":"","meta":[],"product_brand":[],"product_cat":[17,491],"product_tag":[],"class_list":{"0":"post-35819","1":"product","2":"type-product","3":"status-publish","4":"has-post-thumbnail","6":"product_cat-fardiga-ark","7":"product_cat-samarbeten-tatuerare","9":"first","10":"instock","11":"taxable","12":"shipping-taxable","13":"purchasable","14":"product-type-simple"},"yoast_head":"<!-- This site is optimized with the Yoast SEO Premium plugin v26.2 (Yoast SEO v27.5) - https:\/\/yoast.com\/product\/yoast-seo-premium-wordpress\/ -->\n<title>Best\u00e4ll tempor\u00e4ra tatueringar av tatueraren Kristoffer Don Cash - Like ink<\/title>\n<meta name=\"description\" content=\"Uppt\u00e4ck tempor\u00e4ra tatueringar designade av tatueraren Kristoffer Don Cash. Veganska, allergiv\u00e4nliga och enkla att applicera och tv\u00e4tta bort.\" \/>\n<meta name=\"robots\" content=\"index, follow, max-snippet:-1, max-image-preview:large, max-video-preview:-1\" \/>\n<link rel=\"canonical\" href=\"https:\/\/likeink.com\/sv\/gnuggisar\/flash-mix-sheet-by-kristoffer-don-cash\/\" \/>\n<meta property=\"og:locale\" content=\"sv_SE\" \/>\n<meta property=\"og:type\" content=\"article\" \/>\n<meta property=\"og:title\" content=\"Flash \u201dMix Sheet\u201d by Kristoffer Don Cash\" \/>\n<meta property=\"og:description\" content=\"Uppt\u00e4ck unika tempor\u00e4ra tatueringar skapade av tatueraren Kristoffer Don Cash. Varje motiv \u00e4r handritat och inspirerat av hans distinkta stil med grafiska detaljer och en touch av realism. Tatueringarna \u00e4r veganska, allergiv\u00e4nliga och enkla att applicera med vatten. De sitter i flera dagar men \u00e4r lika enkla att tv\u00e4tta bort n\u00e4r du vill byta motiv. Best\u00e4ll tatueringar ritade av tatueraren Kristoffer Don Cash Om Kristoffer Segerstr\u00f6m: Jag arbetar till 93,6 % med svart bl\u00e4ck och f\u00f6redrar grafiska motiv med en touch av realism.  Precis som m\u00e5nga andra i branschen har jag en bakgrund inom graffiti, men efter ett tag k\u00e4nde jag att det var dags att g\u00e5 vidare och b\u00f6rjade ist\u00e4llet studera konst. Under studierna fick jag upp \u00f6gonen f\u00f6r tatueringar, och en sen natt p\u00e5 en studio best\u00e4mde jag mig f\u00f6r att tatuera mig sj\u00e4lv p\u00e5 l\u00e5ret, och d\u00e4r och d\u00e5 var jag fast.  Nu har jag arbetat som tatuerare i cirka tio \u00e5r och \u00e4lskar varje del av det. Jag har g\u00e4stat tatueringsstudios \u00f6ver hela v\u00e4rlden och planerar att forts\u00e4tta s\u00e5 l\u00e4nge ryggen h\u00e5ller.  Namn: Kristoffer Don Cash Instagram: @k.doncash Studio: Kopparhjerta Falun \/ Stockholm Studio instagram: @kopparhjerta  Storlek ark: A5 Antal tatueringar: 22 Storlek tatueringar: 25-85 mm\" \/>\n<meta property=\"og:url\" content=\"https:\/\/likeink.com\/sv\/gnuggisar\/flash-mix-sheet-by-kristoffer-don-cash\/\" \/>\n<meta property=\"og:site_name\" content=\"Like ink\" \/>\n<meta property=\"article:publisher\" content=\"https:\/\/www.facebook.com\/LikeInkSe\" \/>\n<meta property=\"article:modified_time\" content=\"2026-04-27T11:19:51+00:00\" \/>\n<meta property=\"og:image\" content=\"https:\/\/likeink.com\/wp-content\/uploads\/2025\/03\/Kopparhjerta-Tatuering-Likeink.jpg\" \/>\n\t<meta property=\"og:image:width\" content=\"1600\" \/>\n\t<meta property=\"og:image:height\" content=\"1127\" \/>\n\t<meta property=\"og:image:type\" content=\"image\/jpeg\" \/>\n<meta name=\"twitter:card\" content=\"summary_large_image\" \/>\n<meta name=\"twitter:label1\" content=\"Ber\u00e4knad l\u00e4stid\" \/>\n\t<meta name=\"twitter:data1\" content=\"1 minut\" \/>\n<!-- \/ Yoast SEO Premium plugin. -->","yoast_head_json":{"title":"Best\u00e4ll tempor\u00e4ra tatueringar av tatueraren Kristoffer Don Cash - Like ink","description":"Uppt\u00e4ck tempor\u00e4ra tatueringar designade av tatueraren Kristoffer Don Cash. Veganska, allergiv\u00e4nliga och enkla att applicera och tv\u00e4tta bort.","robots":{"index":"index","follow":"follow","max-snippet":"max-snippet:-1","max-image-preview":"max-image-preview:large","max-video-preview":"max-video-preview:-1"},"canonical":"https:\/\/likeink.com\/sv\/gnuggisar\/flash-mix-sheet-by-kristoffer-don-cash\/","og_locale":"sv_SE","og_type":"article","og_title":"Flash \u201dMix Sheet\u201d by Kristoffer Don Cash","og_description":"Uppt\u00e4ck unika tempor\u00e4ra tatueringar skapade av tatueraren Kristoffer Don Cash. Varje motiv \u00e4r handritat och inspirerat av hans distinkta stil med grafiska detaljer och en touch av realism. Tatueringarna \u00e4r veganska, allergiv\u00e4nliga och enkla att applicera med vatten. De sitter i flera dagar men \u00e4r lika enkla att tv\u00e4tta bort n\u00e4r du vill byta motiv. Best\u00e4ll tatueringar ritade av tatueraren Kristoffer Don Cash Om Kristoffer Segerstr\u00f6m: Jag arbetar till 93,6 % med svart bl\u00e4ck och f\u00f6redrar grafiska motiv med en touch av realism.  Precis som m\u00e5nga andra i branschen har jag en bakgrund inom graffiti, men efter ett tag k\u00e4nde jag att det var dags att g\u00e5 vidare och b\u00f6rjade ist\u00e4llet studera konst. Under studierna fick jag upp \u00f6gonen f\u00f6r tatueringar, och en sen natt p\u00e5 en studio best\u00e4mde jag mig f\u00f6r att tatuera mig sj\u00e4lv p\u00e5 l\u00e5ret, och d\u00e4r och d\u00e5 var jag fast.  Nu har jag arbetat som tatuerare i cirka tio \u00e5r och \u00e4lskar varje del av det. Jag har g\u00e4stat tatueringsstudios \u00f6ver hela v\u00e4rlden och planerar att forts\u00e4tta s\u00e5 l\u00e4nge ryggen h\u00e5ller.  Namn: Kristoffer Don Cash Instagram: @k.doncash Studio: Kopparhjerta Falun \/ Stockholm Studio instagram: @kopparhjerta  Storlek ark: A5 Antal tatueringar: 22 Storlek tatueringar: 25-85 mm","og_url":"https:\/\/likeink.com\/sv\/gnuggisar\/flash-mix-sheet-by-kristoffer-don-cash\/","og_site_name":"Like ink","article_publisher":"https:\/\/www.facebook.com\/LikeInkSe","article_modified_time":"2026-04-27T11:19:51+00:00","og_image":[{"width":1600,"height":1127,"url":"https:\/\/likeink.com\/wp-content\/uploads\/2025\/03\/Kopparhjerta-Tatuering-Likeink.jpg","type":"image\/jpeg"}],"twitter_card":"summary_large_image","twitter_misc":{"Ber\u00e4knad l\u00e4stid":"1 minut"},"schema":{"@context":"https:\/\/schema.org","@graph":[{"@type":"WebPage","@id":"https:\/\/likeink.com\/sv\/gnuggisar\/flash-mix-sheet-by-kristoffer-don-cash\/","url":"https:\/\/likeink.com\/sv\/gnuggisar\/flash-mix-sheet-by-kristoffer-don-cash\/","name":"Best\u00e4ll tempor\u00e4ra tatueringar av tatueraren Kristoffer Don Cash - Like ink","isPartOf":{"@id":"https:\/\/likeink.com\/sv\/#website"},"primaryImageOfPage":{"@id":"https:\/\/likeink.com\/sv\/gnuggisar\/flash-mix-sheet-by-kristoffer-don-cash\/#primaryimage"},"image":{"@id":"https:\/\/likeink.com\/sv\/gnuggisar\/flash-mix-sheet-by-kristoffer-don-cash\/#primaryimage"},"thumbnailUrl":"https:\/\/likeink.com\/wp-content\/uploads\/2025\/03\/Kopparhjerta-Tatuering-Likeink.jpg","datePublished":"2025-03-10T13:30:22+00:00","dateModified":"2026-04-27T11:19:51+00:00","description":"Uppt\u00e4ck tempor\u00e4ra tatueringar designade av tatueraren Kristoffer Don Cash. Veganska, allergiv\u00e4nliga och enkla att applicera och tv\u00e4tta bort.","breadcrumb":{"@id":"https:\/\/likeink.com\/sv\/gnuggisar\/flash-mix-sheet-by-kristoffer-don-cash\/#breadcrumb"},"inLanguage":"sv-SE","potentialAction":[{"@type":"ReadAction","target":["https:\/\/likeink.com\/sv\/gnuggisar\/flash-mix-sheet-by-kristoffer-don-cash\/"]}]},{"@type":"ImageObject","inLanguage":"sv-SE","@id":"https:\/\/likeink.com\/sv\/gnuggisar\/flash-mix-sheet-by-kristoffer-don-cash\/#primaryimage","url":"https:\/\/likeink.com\/wp-content\/uploads\/2025\/03\/Kopparhjerta-Tatuering-Likeink.jpg","contentUrl":"https:\/\/likeink.com\/wp-content\/uploads\/2025\/03\/Kopparhjerta-Tatuering-Likeink.jpg","width":1600,"height":1127,"caption":"En samling svartvita tempor\u00e4ra tatueringar med en blandning av vintage, gotiska och moderna element. Inneh\u00e5ller blommotiv, abstrakta symboler och handskrivna ord."},{"@type":"BreadcrumbList","@id":"https:\/\/likeink.com\/sv\/gnuggisar\/flash-mix-sheet-by-kristoffer-don-cash\/#breadcrumb","itemListElement":[{"@type":"ListItem","position":1,"name":"Hem","item":"https:\/\/likeink.com\/sv\/"},{"@type":"ListItem","position":2,"name":"Webbutik","item":"https:\/\/likeink.com\/sv\/webbutik\/"},{"@type":"ListItem","position":3,"name":"Flash \u201dMix Sheet\u201d by Kristoffer Don Cash"}]},{"@type":"WebSite","@id":"https:\/\/likeink.com\/sv\/#website","url":"https:\/\/likeink.com\/sv\/","name":"Like ink","description":"Make your own custom design","potentialAction":[{"@type":"SearchAction","target":{"@type":"EntryPoint","urlTemplate":"https:\/\/likeink.com\/sv\/?s={search_term_string}"},"query-input":{"@type":"PropertyValueSpecification","valueRequired":true,"valueName":"search_term_string"}}],"inLanguage":"sv-SE"}]}},"_links":{"self":[{"href":"https:\/\/likeink.com\/sv\/wp-json\/wp\/v2\/product\/35819","targetHints":{"allow":["GET"]}}],"collection":[{"href":"https:\/\/likeink.com\/sv\/wp-json\/wp\/v2\/product"}],"about":[{"href":"https:\/\/likeink.com\/sv\/wp-json\/wp\/v2\/types\/product"}],"wp:featuredmedia":[{"embeddable":true,"href":"https:\/\/likeink.com\/sv\/wp-json\/wp\/v2\/media\/35811"}],"wp:attachment":[{"href":"https:\/\/likeink.com\/sv\/wp-json\/wp\/v2\/media?parent=35819"}],"wp:term":[{"taxonomy":"product_brand","embeddable":true,"href":"https:\/\/likeink.com\/sv\/wp-json\/wp\/v2\/product_brand?post=35819"},{"taxonomy":"product_cat","embeddable":true,"href":"https:\/\/likeink.com\/sv\/wp-json\/wp\/v2\/product_cat?post=35819"},{"taxonomy":"product_tag","embeddable":true,"href":"https:\/\/likeink.com\/sv\/wp-json\/wp\/v2\/product_tag?post=35819"}],"curies":[{"name":"wp","href":"https:\/\/api.w.org\/{rel}","templated":true}]}}