{"id":36133,"date":"2025-03-25T13:33:52","date_gmt":"2025-03-25T13:33:52","guid":{"rendered":"https:\/\/likeink.se\/?post_type=product&#038;p=36133"},"modified":"2026-04-15T11:40:28","modified_gmt":"2026-04-15T11:40:28","slug":"ironiska-citat-tatueringar-the-ironic-company-a5","status":"publish","type":"product","link":"https:\/\/likeink.com\/sv\/gnuggisar\/ironiska-citat-tatueringar-the-ironic-company-a5\/","title":{"rendered":"Ironiska citat tatueringar \u201dThe Ironic Company\u201d"},"content":{"rendered":"","protected":false},"excerpt":{"rendered":"<p>Ett A5-ark fyllt med tempor\u00e4ra tatueringar med ironiska citat, designade av det skarpa g\u00e4nget bakom The Ironic Company. Perfekt f\u00f6r fester, festivaler eller bara f\u00f6r att s\u00e4tta tonen p\u00e5 vardagen med lite sarkasm.<\/p>\n<h2>K\u00f6p roliga citat tatueringar som \u00e4r enkla att applicera och tv\u00e4tta bort<\/h2>\n<p>\u2714 Snabb leverans<br \/>\n\u2714 Allergiv\u00e4nliga och skonsamma mot huden<br \/>\n\u2714 Enkla att applicera \u2013 l\u00e4gg p\u00e5, fukta, klart!<br \/>\n\u2714 L\u00e4tta att tv\u00e4tta bort<\/p>\n<p>Visa v\u00e4rlden din humor \u2013 utan att binda dig f\u00f6r livet!<\/p>\n<p><strong>Storlek ark:<\/strong> A5<br \/>\n<strong>ntal tatueringar:<\/strong> 12<br \/>\n<strong>Storlek tatueringar:<\/strong> 30-65 mm<\/p>\n","protected":false},"featured_media":36022,"template":"","meta":[],"product_brand":[],"product_cat":[17,138,495],"product_tag":[],"class_list":{"0":"post-36133","1":"product","2":"type-product","3":"status-publish","4":"has-post-thumbnail","6":"product_cat-fardiga-ark","7":"product_cat-roliga-tatueringar","8":"product_cat-samarbeten-med-foretag","10":"first","11":"instock","12":"taxable","13":"shipping-taxable","14":"purchasable","15":"product-type-simple"},"yoast_head":"<!-- This site is optimized with the Yoast SEO Premium plugin v26.2 (Yoast SEO v27.4) - https:\/\/yoast.com\/product\/yoast-seo-premium-wordpress\/ -->\n<title>Ironiska citat tatueringar - Like ink<\/title>\n<meta name=\"description\" content=\"Ironiska citat tatueringar designade av &quot;The Ironic Company&quot;. Snabb leverans, allergiv\u00e4nliga tatueringar och snabb leverans! - Like ink\" \/>\n<meta name=\"robots\" content=\"index, follow, max-snippet:-1, max-image-preview:large, max-video-preview:-1\" \/>\n<link rel=\"canonical\" href=\"https:\/\/likeink.com\/sv\/gnuggisar\/ironiska-citat-tatueringar-the-ironic-company-a5\/\" \/>\n<meta property=\"og:locale\" content=\"sv_SE\" \/>\n<meta property=\"og:type\" content=\"article\" \/>\n<meta property=\"og:title\" content=\"Ironiska citat tatueringar \u201dThe Ironic Company\u201d\" \/>\n<meta property=\"og:description\" content=\"Ett A5-ark fyllt med tempor\u00e4ra tatueringar med ironiska citat, designade av det skarpa g\u00e4nget bakom The Ironic Company. Perfekt f\u00f6r fester, festivaler eller bara f\u00f6r att s\u00e4tta tonen p\u00e5 vardagen med lite sarkasm.  K\u00f6p roliga citat tatueringar som \u00e4r enkla att applicera och tv\u00e4tta bort  \u2714 Snabb leverans \u2714 Allergiv\u00e4nliga och skonsamma mot huden \u2714 Enkla att applicera \u2013 l\u00e4gg p\u00e5, fukta, klart! \u2714 L\u00e4tta att tv\u00e4tta bort  Visa v\u00e4rlden din humor \u2013 utan att binda dig f\u00f6r livet!  Storlek ark: A5 ntal tatueringar: 12 Storlek tatueringar: 30-65 mm\" \/>\n<meta property=\"og:url\" content=\"https:\/\/likeink.com\/sv\/gnuggisar\/ironiska-citat-tatueringar-the-ironic-company-a5\/\" \/>\n<meta property=\"og:site_name\" content=\"Like ink\" \/>\n<meta property=\"article:publisher\" content=\"https:\/\/www.facebook.com\/LikeInkSe\" \/>\n<meta property=\"article:modified_time\" content=\"2026-04-15T11:40:28+00:00\" \/>\n<meta property=\"og:image\" content=\"https:\/\/likeink.com\/wp-content\/uploads\/2025\/03\/StayWeirdTattoos-Likeink-1.jpg\" \/>\n\t<meta property=\"og:image:width\" content=\"1400\" \/>\n\t<meta property=\"og:image:height\" content=\"986\" \/>\n\t<meta property=\"og:image:type\" content=\"image\/jpeg\" \/>\n<meta name=\"twitter:card\" content=\"summary_large_image\" \/>\n<meta name=\"twitter:label1\" content=\"Ber\u00e4knad l\u00e4stid\" \/>\n\t<meta name=\"twitter:data1\" content=\"1 minut\" \/>\n<script type=\"application\/ld+json\" class=\"yoast-schema-graph\">{\"@context\":\"https:\\\/\\\/schema.org\",\"@graph\":[{\"@type\":\"WebPage\",\"@id\":\"https:\\\/\\\/likeink.com\\\/sv\\\/gnuggisar\\\/ironiska-citat-tatueringar-the-ironic-company-a5\\\/\",\"url\":\"https:\\\/\\\/likeink.com\\\/sv\\\/gnuggisar\\\/ironiska-citat-tatueringar-the-ironic-company-a5\\\/\",\"name\":\"Ironiska citat tatueringar - Like ink\",\"isPartOf\":{\"@id\":\"https:\\\/\\\/likeink.com\\\/sv\\\/#website\"},\"primaryImageOfPage\":{\"@id\":\"https:\\\/\\\/likeink.com\\\/sv\\\/gnuggisar\\\/ironiska-citat-tatueringar-the-ironic-company-a5\\\/#primaryimage\"},\"image\":{\"@id\":\"https:\\\/\\\/likeink.com\\\/sv\\\/gnuggisar\\\/ironiska-citat-tatueringar-the-ironic-company-a5\\\/#primaryimage\"},\"thumbnailUrl\":\"https:\\\/\\\/likeink.com\\\/wp-content\\\/uploads\\\/2025\\\/03\\\/StayWeirdTattoos-Likeink-1.jpg\",\"datePublished\":\"2025-03-25T13:33:52+00:00\",\"dateModified\":\"2026-04-15T11:40:28+00:00\",\"description\":\"Ironiska citat tatueringar designade av \\\"The Ironic Company\\\". Snabb leverans, allergiv\u00e4nliga tatueringar och snabb leverans! - Like ink\",\"breadcrumb\":{\"@id\":\"https:\\\/\\\/likeink.com\\\/sv\\\/gnuggisar\\\/ironiska-citat-tatueringar-the-ironic-company-a5\\\/#breadcrumb\"},\"inLanguage\":\"sv-SE\",\"potentialAction\":[{\"@type\":\"ReadAction\",\"target\":[\"https:\\\/\\\/likeink.com\\\/sv\\\/gnuggisar\\\/ironiska-citat-tatueringar-the-ironic-company-a5\\\/\"]}]},{\"@type\":\"ImageObject\",\"inLanguage\":\"sv-SE\",\"@id\":\"https:\\\/\\\/likeink.com\\\/sv\\\/gnuggisar\\\/ironiska-citat-tatueringar-the-ironic-company-a5\\\/#primaryimage\",\"url\":\"https:\\\/\\\/likeink.com\\\/wp-content\\\/uploads\\\/2025\\\/03\\\/StayWeirdTattoos-Likeink-1.jpg\",\"contentUrl\":\"https:\\\/\\\/likeink.com\\\/wp-content\\\/uploads\\\/2025\\\/03\\\/StayWeirdTattoos-Likeink-1.jpg\",\"width\":1400,\"height\":986,\"caption\":\"Tempor\u00e4ra tatueringar med roliga och originella citat, kaffeteman och positiva affirmationer.\"},{\"@type\":\"BreadcrumbList\",\"@id\":\"https:\\\/\\\/likeink.com\\\/sv\\\/gnuggisar\\\/ironiska-citat-tatueringar-the-ironic-company-a5\\\/#breadcrumb\",\"itemListElement\":[{\"@type\":\"ListItem\",\"position\":1,\"name\":\"Hem\",\"item\":\"https:\\\/\\\/likeink.com\\\/sv\\\/\"},{\"@type\":\"ListItem\",\"position\":2,\"name\":\"Webbutik\",\"item\":\"https:\\\/\\\/likeink.com\\\/sv\\\/webbutik\\\/\"},{\"@type\":\"ListItem\",\"position\":3,\"name\":\"Ironiska citat tatueringar \u201dThe Ironic Company\u201d\"}]},{\"@type\":\"WebSite\",\"@id\":\"https:\\\/\\\/likeink.com\\\/sv\\\/#website\",\"url\":\"https:\\\/\\\/likeink.com\\\/sv\\\/\",\"name\":\"Like ink\",\"description\":\"Make your own custom design\",\"potentialAction\":[{\"@type\":\"SearchAction\",\"target\":{\"@type\":\"EntryPoint\",\"urlTemplate\":\"https:\\\/\\\/likeink.com\\\/sv\\\/?s={search_term_string}\"},\"query-input\":{\"@type\":\"PropertyValueSpecification\",\"valueRequired\":true,\"valueName\":\"search_term_string\"}}],\"inLanguage\":\"sv-SE\"}]}<\/script>\n<!-- \/ Yoast SEO Premium plugin. -->","yoast_head_json":{"title":"Ironiska citat tatueringar - Like ink","description":"Ironiska citat tatueringar designade av \"The Ironic Company\". Snabb leverans, allergiv\u00e4nliga tatueringar och snabb leverans! - Like ink","robots":{"index":"index","follow":"follow","max-snippet":"max-snippet:-1","max-image-preview":"max-image-preview:large","max-video-preview":"max-video-preview:-1"},"canonical":"https:\/\/likeink.com\/sv\/gnuggisar\/ironiska-citat-tatueringar-the-ironic-company-a5\/","og_locale":"sv_SE","og_type":"article","og_title":"Ironiska citat tatueringar \u201dThe Ironic Company\u201d","og_description":"Ett A5-ark fyllt med tempor\u00e4ra tatueringar med ironiska citat, designade av det skarpa g\u00e4nget bakom The Ironic Company. Perfekt f\u00f6r fester, festivaler eller bara f\u00f6r att s\u00e4tta tonen p\u00e5 vardagen med lite sarkasm.  K\u00f6p roliga citat tatueringar som \u00e4r enkla att applicera och tv\u00e4tta bort  \u2714 Snabb leverans \u2714 Allergiv\u00e4nliga och skonsamma mot huden \u2714 Enkla att applicera \u2013 l\u00e4gg p\u00e5, fukta, klart! \u2714 L\u00e4tta att tv\u00e4tta bort  Visa v\u00e4rlden din humor \u2013 utan att binda dig f\u00f6r livet!  Storlek ark: A5 ntal tatueringar: 12 Storlek tatueringar: 30-65 mm","og_url":"https:\/\/likeink.com\/sv\/gnuggisar\/ironiska-citat-tatueringar-the-ironic-company-a5\/","og_site_name":"Like ink","article_publisher":"https:\/\/www.facebook.com\/LikeInkSe","article_modified_time":"2026-04-15T11:40:28+00:00","og_image":[{"width":1400,"height":986,"url":"https:\/\/likeink.com\/wp-content\/uploads\/2025\/03\/StayWeirdTattoos-Likeink-1.jpg","type":"image\/jpeg"}],"twitter_card":"summary_large_image","twitter_misc":{"Ber\u00e4knad l\u00e4stid":"1 minut"},"schema":{"@context":"https:\/\/schema.org","@graph":[{"@type":"WebPage","@id":"https:\/\/likeink.com\/sv\/gnuggisar\/ironiska-citat-tatueringar-the-ironic-company-a5\/","url":"https:\/\/likeink.com\/sv\/gnuggisar\/ironiska-citat-tatueringar-the-ironic-company-a5\/","name":"Ironiska citat tatueringar - Like ink","isPartOf":{"@id":"https:\/\/likeink.com\/sv\/#website"},"primaryImageOfPage":{"@id":"https:\/\/likeink.com\/sv\/gnuggisar\/ironiska-citat-tatueringar-the-ironic-company-a5\/#primaryimage"},"image":{"@id":"https:\/\/likeink.com\/sv\/gnuggisar\/ironiska-citat-tatueringar-the-ironic-company-a5\/#primaryimage"},"thumbnailUrl":"https:\/\/likeink.com\/wp-content\/uploads\/2025\/03\/StayWeirdTattoos-Likeink-1.jpg","datePublished":"2025-03-25T13:33:52+00:00","dateModified":"2026-04-15T11:40:28+00:00","description":"Ironiska citat tatueringar designade av \"The Ironic Company\". Snabb leverans, allergiv\u00e4nliga tatueringar och snabb leverans! - Like ink","breadcrumb":{"@id":"https:\/\/likeink.com\/sv\/gnuggisar\/ironiska-citat-tatueringar-the-ironic-company-a5\/#breadcrumb"},"inLanguage":"sv-SE","potentialAction":[{"@type":"ReadAction","target":["https:\/\/likeink.com\/sv\/gnuggisar\/ironiska-citat-tatueringar-the-ironic-company-a5\/"]}]},{"@type":"ImageObject","inLanguage":"sv-SE","@id":"https:\/\/likeink.com\/sv\/gnuggisar\/ironiska-citat-tatueringar-the-ironic-company-a5\/#primaryimage","url":"https:\/\/likeink.com\/wp-content\/uploads\/2025\/03\/StayWeirdTattoos-Likeink-1.jpg","contentUrl":"https:\/\/likeink.com\/wp-content\/uploads\/2025\/03\/StayWeirdTattoos-Likeink-1.jpg","width":1400,"height":986,"caption":"Tempor\u00e4ra tatueringar med roliga och originella citat, kaffeteman och positiva affirmationer."},{"@type":"BreadcrumbList","@id":"https:\/\/likeink.com\/sv\/gnuggisar\/ironiska-citat-tatueringar-the-ironic-company-a5\/#breadcrumb","itemListElement":[{"@type":"ListItem","position":1,"name":"Hem","item":"https:\/\/likeink.com\/sv\/"},{"@type":"ListItem","position":2,"name":"Webbutik","item":"https:\/\/likeink.com\/sv\/webbutik\/"},{"@type":"ListItem","position":3,"name":"Ironiska citat tatueringar \u201dThe Ironic Company\u201d"}]},{"@type":"WebSite","@id":"https:\/\/likeink.com\/sv\/#website","url":"https:\/\/likeink.com\/sv\/","name":"Like ink","description":"Make your own custom design","potentialAction":[{"@type":"SearchAction","target":{"@type":"EntryPoint","urlTemplate":"https:\/\/likeink.com\/sv\/?s={search_term_string}"},"query-input":{"@type":"PropertyValueSpecification","valueRequired":true,"valueName":"search_term_string"}}],"inLanguage":"sv-SE"}]}},"_links":{"self":[{"href":"https:\/\/likeink.com\/sv\/wp-json\/wp\/v2\/product\/36133","targetHints":{"allow":["GET"]}}],"collection":[{"href":"https:\/\/likeink.com\/sv\/wp-json\/wp\/v2\/product"}],"about":[{"href":"https:\/\/likeink.com\/sv\/wp-json\/wp\/v2\/types\/product"}],"wp:featuredmedia":[{"embeddable":true,"href":"https:\/\/likeink.com\/sv\/wp-json\/wp\/v2\/media\/36022"}],"wp:attachment":[{"href":"https:\/\/likeink.com\/sv\/wp-json\/wp\/v2\/media?parent=36133"}],"wp:term":[{"taxonomy":"product_brand","embeddable":true,"href":"https:\/\/likeink.com\/sv\/wp-json\/wp\/v2\/product_brand?post=36133"},{"taxonomy":"product_cat","embeddable":true,"href":"https:\/\/likeink.com\/sv\/wp-json\/wp\/v2\/product_cat?post=36133"},{"taxonomy":"product_tag","embeddable":true,"href":"https:\/\/likeink.com\/sv\/wp-json\/wp\/v2\/product_tag?post=36133"}],"curies":[{"name":"wp","href":"https:\/\/api.w.org\/{rel}","templated":true}]}}