{"id":4259,"date":"2020-11-26T14:12:27","date_gmt":"2020-11-26T14:12:27","guid":{"rendered":"https:\/\/likeink.se\/?post_type=product&#038;p=4259"},"modified":"2026-04-14T13:03:04","modified_gmt":"2026-04-14T13:03:04","slug":"barntatueringar-barnkalas","status":"publish","type":"product","link":"https:\/\/likeink.com\/sv\/gnuggisar\/barntatueringar-barnkalas\/","title":{"rendered":"Barnkalas gnuggisar"},"content":{"rendered":"","protected":false},"excerpt":{"rendered":"<p>V\u00e5ra f\u00e4rdiga ark med tillf\u00e4lliga tatueringar \u00e4r cirka 20\u00d715 cm stora och fyllda med designen du ser p\u00e5 bilden.<br \/>\nSka man fira kalas s\u00e5 \u00e4r gnuggisar n\u00e4stan ett m\u00e5ste, framf\u00f6rallt p\u00e5 ett barnkalas. Barn \u00e4lskar gnuggisar och g\u00f6r kalaset lite roligare.<\/p>\n<h2>Fake tatueringar med motiv f\u00f6r barnkalas<\/h2>\n<p>Tatueringsmotiven \u00e4r framtagna f\u00f6r barnkalas och varje tutering \u00e4r ca 3X4 cm bred. Dela ut tatueringar till barnen, lotta ut eller anv\u00e4nd i fiskdammen. Gnuggistatueringarna \u00e4r l\u00e4tta att applicera och sitter i 1-14 dagar. Givetvis \u00e4r v\u00e5ra gnuggiar allergiv\u00e4nliga och veganska.<\/p>\n<p>Antal motiv: 28 tatueringar<\/p>\n","protected":false},"featured_media":59904,"template":"","meta":[],"product_brand":[],"product_cat":[493,17],"product_tag":[65],"class_list":{"0":"post-4259","1":"product","2":"type-product","3":"status-publish","4":"has-post-thumbnail","6":"product_cat-barnkalas","7":"product_cat-fardiga-ark","8":"product_tag-barnkalas","10":"first","11":"instock","12":"taxable","13":"shipping-taxable","14":"purchasable","15":"product-type-simple"},"yoast_head":"<!-- This site is optimized with the Yoast SEO Premium plugin v26.2 (Yoast SEO v27.5) - https:\/\/yoast.com\/product\/yoast-seo-premium-wordpress\/ -->\n<title>K\u00f6p gnuggisar | barnkalas A5 ark | Fri frakt - Like ink<\/title>\n<meta name=\"description\" content=\"Gnuggisar med motiv perfekt f\u00f6r barnkalas som vi tagit fram . Gnuggisar \u00e4r kul p\u00e5 barnkalas och ett A5 ark kostar bara 98 kr - Like ink\" \/>\n<meta name=\"robots\" content=\"index, follow, max-snippet:-1, max-image-preview:large, max-video-preview:-1\" \/>\n<link rel=\"canonical\" href=\"https:\/\/likeink.com\/sv\/gnuggisar\/barntatueringar-barnkalas\/\" \/>\n<meta property=\"og:locale\" content=\"sv_SE\" \/>\n<meta property=\"og:type\" content=\"article\" \/>\n<meta property=\"og:title\" content=\"Barnkalas gnuggisar\" \/>\n<meta property=\"og:description\" content=\"V\u00e5ra f\u00e4rdiga ark med tillf\u00e4lliga tatueringar \u00e4r cirka 20\u00d715 cm stora och fyllda med designen du ser p\u00e5 bilden. Ska man fira kalas s\u00e5 \u00e4r gnuggisar n\u00e4stan ett m\u00e5ste, framf\u00f6rallt p\u00e5 ett barnkalas. Barn \u00e4lskar gnuggisar och g\u00f6r kalaset lite roligare. Fake tatueringar med motiv f\u00f6r barnkalas Tatueringsmotiven \u00e4r framtagna f\u00f6r barnkalas och varje tutering \u00e4r ca 3X4 cm bred. Dela ut tatueringar till barnen, lotta ut eller anv\u00e4nd i fiskdammen. Gnuggistatueringarna \u00e4r l\u00e4tta att applicera och sitter i 1-14 dagar. Givetvis \u00e4r v\u00e5ra gnuggiar allergiv\u00e4nliga och veganska.  Antal motiv: 28 tatueringar\" \/>\n<meta property=\"og:url\" content=\"https:\/\/likeink.com\/sv\/gnuggisar\/barntatueringar-barnkalas\/\" \/>\n<meta property=\"og:site_name\" content=\"Like ink\" \/>\n<meta property=\"article:publisher\" content=\"https:\/\/www.facebook.com\/LikeInkSe\" \/>\n<meta property=\"article:modified_time\" content=\"2026-04-14T13:03:04+00:00\" \/>\n<meta property=\"og:image\" content=\"https:\/\/likeink.com\/wp-content\/uploads\/2026\/03\/Birthday-party-temporarytattoos-likeink-1-1024x722.png\" \/>\n\t<meta property=\"og:image:width\" content=\"1024\" \/>\n\t<meta property=\"og:image:height\" content=\"722\" \/>\n\t<meta property=\"og:image:type\" content=\"image\/png\" \/>\n<meta name=\"twitter:card\" content=\"summary_large_image\" \/>\n<meta name=\"twitter:label1\" content=\"Ber\u00e4knad l\u00e4stid\" \/>\n\t<meta name=\"twitter:data1\" content=\"1 minut\" \/>\n<!-- \/ Yoast SEO Premium plugin. -->","yoast_head_json":{"title":"K\u00f6p gnuggisar | barnkalas A5 ark | Fri frakt - Like ink","description":"Gnuggisar med motiv perfekt f\u00f6r barnkalas som vi tagit fram . Gnuggisar \u00e4r kul p\u00e5 barnkalas och ett A5 ark kostar bara 98 kr - Like ink","robots":{"index":"index","follow":"follow","max-snippet":"max-snippet:-1","max-image-preview":"max-image-preview:large","max-video-preview":"max-video-preview:-1"},"canonical":"https:\/\/likeink.com\/sv\/gnuggisar\/barntatueringar-barnkalas\/","og_locale":"sv_SE","og_type":"article","og_title":"Barnkalas gnuggisar","og_description":"V\u00e5ra f\u00e4rdiga ark med tillf\u00e4lliga tatueringar \u00e4r cirka 20\u00d715 cm stora och fyllda med designen du ser p\u00e5 bilden. Ska man fira kalas s\u00e5 \u00e4r gnuggisar n\u00e4stan ett m\u00e5ste, framf\u00f6rallt p\u00e5 ett barnkalas. Barn \u00e4lskar gnuggisar och g\u00f6r kalaset lite roligare. Fake tatueringar med motiv f\u00f6r barnkalas Tatueringsmotiven \u00e4r framtagna f\u00f6r barnkalas och varje tutering \u00e4r ca 3X4 cm bred. Dela ut tatueringar till barnen, lotta ut eller anv\u00e4nd i fiskdammen. Gnuggistatueringarna \u00e4r l\u00e4tta att applicera och sitter i 1-14 dagar. Givetvis \u00e4r v\u00e5ra gnuggiar allergiv\u00e4nliga och veganska.  Antal motiv: 28 tatueringar","og_url":"https:\/\/likeink.com\/sv\/gnuggisar\/barntatueringar-barnkalas\/","og_site_name":"Like ink","article_publisher":"https:\/\/www.facebook.com\/LikeInkSe","article_modified_time":"2026-04-14T13:03:04+00:00","og_image":[{"width":1024,"height":722,"url":"https:\/\/likeink.com\/wp-content\/uploads\/2026\/03\/Birthday-party-temporarytattoos-likeink-1-1024x722.png","type":"image\/png"}],"twitter_card":"summary_large_image","twitter_misc":{"Ber\u00e4knad l\u00e4stid":"1 minut"},"schema":{"@context":"https:\/\/schema.org","@graph":[{"@type":"WebPage","@id":"https:\/\/likeink.com\/sv\/gnuggisar\/barntatueringar-barnkalas\/","url":"https:\/\/likeink.com\/sv\/gnuggisar\/barntatueringar-barnkalas\/","name":"K\u00f6p gnuggisar | barnkalas A5 ark | Fri frakt - Like ink","isPartOf":{"@id":"https:\/\/likeink.com\/sv\/#website"},"primaryImageOfPage":{"@id":"https:\/\/likeink.com\/sv\/gnuggisar\/barntatueringar-barnkalas\/#primaryimage"},"image":{"@id":"https:\/\/likeink.com\/sv\/gnuggisar\/barntatueringar-barnkalas\/#primaryimage"},"thumbnailUrl":"https:\/\/likeink.com\/wp-content\/uploads\/2026\/03\/Birthday-party-temporarytattoos-likeink-1.png","datePublished":"2020-11-26T14:12:27+00:00","dateModified":"2026-04-14T13:03:04+00:00","description":"Gnuggisar med motiv perfekt f\u00f6r barnkalas som vi tagit fram . Gnuggisar \u00e4r kul p\u00e5 barnkalas och ett A5 ark kostar bara 98 kr - Like ink","breadcrumb":{"@id":"https:\/\/likeink.com\/sv\/gnuggisar\/barntatueringar-barnkalas\/#breadcrumb"},"inLanguage":"sv-SE","potentialAction":[{"@type":"ReadAction","target":["https:\/\/likeink.com\/sv\/gnuggisar\/barntatueringar-barnkalas\/"]}]},{"@type":"ImageObject","inLanguage":"sv-SE","@id":"https:\/\/likeink.com\/sv\/gnuggisar\/barntatueringar-barnkalas\/#primaryimage","url":"https:\/\/likeink.com\/wp-content\/uploads\/2026\/03\/Birthday-party-temporarytattoos-likeink-1.png","contentUrl":"https:\/\/likeink.com\/wp-content\/uploads\/2026\/03\/Birthday-party-temporarytattoos-likeink-1.png","width":2481,"height":1749,"caption":"F\u00e4rgglad tecknad f\u00f6delsedagsscen med en t\u00e5rta, ballonger, presenter, glass, partyhattar, konfetti, en banderoll med texten Happy Birthday, lekfulla djur, en robot, en mask, klubbor, stj\u00e4rnor och festliga dekorationer."},{"@type":"BreadcrumbList","@id":"https:\/\/likeink.com\/sv\/gnuggisar\/barntatueringar-barnkalas\/#breadcrumb","itemListElement":[{"@type":"ListItem","position":1,"name":"Hem","item":"https:\/\/likeink.com\/sv\/"},{"@type":"ListItem","position":2,"name":"Webbutik","item":"https:\/\/likeink.com\/sv\/webbutik\/"},{"@type":"ListItem","position":3,"name":"Barnkalas gnuggisar"}]},{"@type":"WebSite","@id":"https:\/\/likeink.com\/sv\/#website","url":"https:\/\/likeink.com\/sv\/","name":"Like ink","description":"Make your own custom design","potentialAction":[{"@type":"SearchAction","target":{"@type":"EntryPoint","urlTemplate":"https:\/\/likeink.com\/sv\/?s={search_term_string}"},"query-input":{"@type":"PropertyValueSpecification","valueRequired":true,"valueName":"search_term_string"}}],"inLanguage":"sv-SE"}]}},"_links":{"self":[{"href":"https:\/\/likeink.com\/sv\/wp-json\/wp\/v2\/product\/4259","targetHints":{"allow":["GET"]}}],"collection":[{"href":"https:\/\/likeink.com\/sv\/wp-json\/wp\/v2\/product"}],"about":[{"href":"https:\/\/likeink.com\/sv\/wp-json\/wp\/v2\/types\/product"}],"wp:featuredmedia":[{"embeddable":true,"href":"https:\/\/likeink.com\/sv\/wp-json\/wp\/v2\/media\/59904"}],"wp:attachment":[{"href":"https:\/\/likeink.com\/sv\/wp-json\/wp\/v2\/media?parent=4259"}],"wp:term":[{"taxonomy":"product_brand","embeddable":true,"href":"https:\/\/likeink.com\/sv\/wp-json\/wp\/v2\/product_brand?post=4259"},{"taxonomy":"product_cat","embeddable":true,"href":"https:\/\/likeink.com\/sv\/wp-json\/wp\/v2\/product_cat?post=4259"},{"taxonomy":"product_tag","embeddable":true,"href":"https:\/\/likeink.com\/sv\/wp-json\/wp\/v2\/product_tag?post=4259"}],"curies":[{"name":"wp","href":"https:\/\/api.w.org\/{rel}","templated":true}]}}