{"id":4350,"date":"2020-12-07T15:35:39","date_gmt":"2020-12-07T15:35:39","guid":{"rendered":"https:\/\/likeink.se\/?post_type=product&#038;p=4350"},"modified":"2026-04-14T13:55:16","modified_gmt":"2026-04-14T13:55:16","slug":"flash-expressions-by-wimans-tattoo","status":"publish","type":"product","link":"https:\/\/likeink.com\/sv\/gnuggisar\/flash-expressions-by-wimans-tattoo\/","title":{"rendered":"Flash &#8221;Expressions&#8221; by Wimans Tattoo"},"content":{"rendered":"","protected":false},"excerpt":{"rendered":"<p>V\u00e5ra f\u00e4rdiga ark med dessa snygga eng\u00e5ngstatueringar \u00e4r cirka 20\u00d715 cm stora och fyllda med designen du ser p\u00e5 bilden. Vi trycker och skickar ditt ark med eng\u00e5ngstatueringar inom 24 timmar efter det att du best\u00e4llt.<br \/>\nDet h\u00e4r arket \u00e4r designat av den grymma tatueraren Jacob Wiman p\u00e5 Wimans Tattoo i Karlshamn. Riktigt kul att erbjuda konst fr\u00e5n Jake som dessutom har gaddat mig p\u00e5 riktigt.<\/p>\n<h2>Eng\u00e5ngstatueringar Flash 5 av @blackmagicjake<\/h2>\n<p><strong>This is Jake:<\/strong> I\u2019m a second generation tattooer that\u2019s been running a business since 2010. But I\u2019ve grown up in and around a tattoo shop. I\u2019ve recently just moved from Malm\u00f6 where I\u2019ve worked for the past five years. I\u2019m coming home to my home town, Karlshamn to start a new tattoo shop!<br \/>\nThroughout the years I\u2019ve travelled the world to attend conventions and to do guest spots. I\u2019ve won a few tattoo competitions, seen some beautiful places, had a little too much wine on occasions, shared some delicious food but most importantly had a lot of fun meeting all the beautiful people of the industry.<br \/>\nI hope you enjoy my artwork! They\u2019re a selection of all sketches that have become tattoos that I\u2019ve made on people through the years!<\/p>\n<p>Love<br \/>\nJacob Wiman<\/p>\n<p><strong>Get in touch with Jake:<\/strong><\/p>\n<p><strong>Instagram: <\/strong><\/p>\n<p>@blackmagicjake<\/p>\n<p><strong>Studio:<\/strong><\/p>\n<p>Wimans Tattoo<\/p>\n<p><strong>Adress:<\/strong><\/p>\n<p>Norra Fogdelyckegatan 33, 374 38 Karlshamn<\/p>\n<p><strong>Hemsida:<\/strong> https:\/\/wimanstattoo.com<\/p>\n","protected":false},"featured_media":60147,"template":"","meta":[],"product_brand":[],"product_cat":[491,17,124],"product_tag":[79],"class_list":{"0":"post-4350","1":"product","2":"type-product","3":"status-publish","4":"has-post-thumbnail","6":"product_cat-samarbeten-tatuerare","7":"product_cat-fardiga-ark","8":"product_cat-samarbeten-med-tatuerare","9":"product_tag-blackmagicjake","11":"first","12":"instock","13":"taxable","14":"shipping-taxable","15":"purchasable","16":"product-type-simple"},"yoast_head":"<!-- This site is optimized with the Yoast SEO Premium plugin v26.2 (Yoast SEO v27.4) - https:\/\/yoast.com\/product\/yoast-seo-premium-wordpress\/ -->\n<title>K\u00f6p snygga faketatueringar | Ser realistiska ut - Like ink<\/title>\n<meta name=\"description\" content=\"K\u00f6p snygga faketatueringar med design fr\u00e5n tatueraren Black magic Jake. A5 ark med tatueringar 98 kr. Fri frakt - Like ink\" \/>\n<meta name=\"robots\" content=\"index, follow, max-snippet:-1, max-image-preview:large, max-video-preview:-1\" \/>\n<link rel=\"canonical\" href=\"https:\/\/likeink.com\/sv\/gnuggisar\/flash-expressions-by-wimans-tattoo\/\" \/>\n<meta property=\"og:locale\" content=\"sv_SE\" \/>\n<meta property=\"og:type\" content=\"article\" \/>\n<meta property=\"og:title\" content=\"Flash &quot;Expressions&quot; by Wimans Tattoo\" \/>\n<meta property=\"og:description\" content=\"V\u00e5ra f\u00e4rdiga ark med dessa snygga eng\u00e5ngstatueringar \u00e4r cirka 20\u00d715 cm stora och fyllda med designen du ser p\u00e5 bilden. Vi trycker och skickar ditt ark med eng\u00e5ngstatueringar inom 24 timmar efter det att du best\u00e4llt. Det h\u00e4r arket \u00e4r designat av den grymma tatueraren Jacob Wiman p\u00e5 Wimans Tattoo i Karlshamn. Riktigt kul att erbjuda konst fr\u00e5n Jake som dessutom har gaddat mig p\u00e5 riktigt. Eng\u00e5ngstatueringar Flash 5 av @blackmagicjake This is Jake: I\u2019m a second generation tattooer that\u2019s been running a business since 2010. But I\u2019ve grown up in and around a tattoo shop. I\u2019ve recently just moved from Malm\u00f6 where I\u2019ve worked for the past five years. I\u2019m coming home to my home town, Karlshamn to start a new tattoo shop! Throughout the years I\u2019ve travelled the world to attend conventions and to do guest spots. I\u2019ve won a few tattoo competitions, seen some beautiful places, had a little too much wine on occasions, shared some delicious food but most importantly had a lot of fun meeting all the beautiful people of the industry. I hope you enjoy my artwork! They\u2019re a selection of all sketches that have become tattoos that I\u2019ve made on people through the years!  Love Jacob Wiman  Get in touch with Jake:  Instagram:   @blackmagicjake  Studio:  Wimans Tattoo  Adress:  Norra Fogdelyckegatan 33, 374 38 Karlshamn  Hemsida: https:\/\/wimanstattoo.com\" \/>\n<meta property=\"og:url\" content=\"https:\/\/likeink.com\/sv\/gnuggisar\/flash-expressions-by-wimans-tattoo\/\" \/>\n<meta property=\"og:site_name\" content=\"Like ink\" \/>\n<meta property=\"article:publisher\" content=\"https:\/\/www.facebook.com\/LikeInkSe\" \/>\n<meta property=\"article:modified_time\" content=\"2026-04-14T13:55:16+00:00\" \/>\n<meta property=\"og:image\" content=\"https:\/\/likeink.com\/wp-content\/uploads\/2026\/03\/WimanTattoo-Flash-unicorn-Likeink.jpg\" \/>\n\t<meta property=\"og:image:width\" content=\"2481\" \/>\n\t<meta property=\"og:image:height\" content=\"1749\" \/>\n\t<meta property=\"og:image:type\" content=\"image\/jpeg\" \/>\n<meta name=\"twitter:card\" content=\"summary_large_image\" \/>\n<meta name=\"twitter:label1\" content=\"Ber\u00e4knad l\u00e4stid\" \/>\n\t<meta name=\"twitter:data1\" content=\"1 minut\" \/>\n<script type=\"application\/ld+json\" class=\"yoast-schema-graph\">{\"@context\":\"https:\\\/\\\/schema.org\",\"@graph\":[{\"@type\":\"WebPage\",\"@id\":\"https:\\\/\\\/likeink.com\\\/sv\\\/gnuggisar\\\/flash-expressions-by-wimans-tattoo\\\/\",\"url\":\"https:\\\/\\\/likeink.com\\\/sv\\\/gnuggisar\\\/flash-expressions-by-wimans-tattoo\\\/\",\"name\":\"K\u00f6p snygga faketatueringar | Ser realistiska ut - Like ink\",\"isPartOf\":{\"@id\":\"https:\\\/\\\/likeink.com\\\/sv\\\/#website\"},\"primaryImageOfPage\":{\"@id\":\"https:\\\/\\\/likeink.com\\\/sv\\\/gnuggisar\\\/flash-expressions-by-wimans-tattoo\\\/#primaryimage\"},\"image\":{\"@id\":\"https:\\\/\\\/likeink.com\\\/sv\\\/gnuggisar\\\/flash-expressions-by-wimans-tattoo\\\/#primaryimage\"},\"thumbnailUrl\":\"https:\\\/\\\/likeink.com\\\/wp-content\\\/uploads\\\/2026\\\/03\\\/WimanTattoo-Flash-unicorn-Likeink.jpg\",\"datePublished\":\"2020-12-07T15:35:39+00:00\",\"dateModified\":\"2026-04-14T13:55:16+00:00\",\"description\":\"K\u00f6p snygga faketatueringar med design fr\u00e5n tatueraren Black magic Jake. A5 ark med tatueringar 98 kr. Fri frakt - Like ink\",\"breadcrumb\":{\"@id\":\"https:\\\/\\\/likeink.com\\\/sv\\\/gnuggisar\\\/flash-expressions-by-wimans-tattoo\\\/#breadcrumb\"},\"inLanguage\":\"sv-SE\",\"potentialAction\":[{\"@type\":\"ReadAction\",\"target\":[\"https:\\\/\\\/likeink.com\\\/sv\\\/gnuggisar\\\/flash-expressions-by-wimans-tattoo\\\/\"]}]},{\"@type\":\"ImageObject\",\"inLanguage\":\"sv-SE\",\"@id\":\"https:\\\/\\\/likeink.com\\\/sv\\\/gnuggisar\\\/flash-expressions-by-wimans-tattoo\\\/#primaryimage\",\"url\":\"https:\\\/\\\/likeink.com\\\/wp-content\\\/uploads\\\/2026\\\/03\\\/WimanTattoo-Flash-unicorn-Likeink.jpg\",\"contentUrl\":\"https:\\\/\\\/likeink.com\\\/wp-content\\\/uploads\\\/2026\\\/03\\\/WimanTattoo-Flash-unicorn-Likeink.jpg\",\"width\":2481,\"height\":1749,\"caption\":\"Sju f\u00e4rgglada illustrerade masker och huvuden: en svart enh\u00f6rning, lila rymdhj\u00e4lm med gr\u00f6n r\u00f6k, r\u00f6dhornad demon, rytande gr\u00f6n dinosaurie, rund apa med hj\u00e4lm, orange demonmask och en r\u00f6d bl\u00e4ckfisk.\"},{\"@type\":\"BreadcrumbList\",\"@id\":\"https:\\\/\\\/likeink.com\\\/sv\\\/gnuggisar\\\/flash-expressions-by-wimans-tattoo\\\/#breadcrumb\",\"itemListElement\":[{\"@type\":\"ListItem\",\"position\":1,\"name\":\"Hem\",\"item\":\"https:\\\/\\\/likeink.com\\\/sv\\\/\"},{\"@type\":\"ListItem\",\"position\":2,\"name\":\"Webbutik\",\"item\":\"https:\\\/\\\/likeink.com\\\/sv\\\/webbutik\\\/\"},{\"@type\":\"ListItem\",\"position\":3,\"name\":\"Flash &#8220;Expressions&#8221; by Wimans Tattoo\"}]},{\"@type\":\"WebSite\",\"@id\":\"https:\\\/\\\/likeink.com\\\/sv\\\/#website\",\"url\":\"https:\\\/\\\/likeink.com\\\/sv\\\/\",\"name\":\"Like ink\",\"description\":\"Make your own custom design\",\"potentialAction\":[{\"@type\":\"SearchAction\",\"target\":{\"@type\":\"EntryPoint\",\"urlTemplate\":\"https:\\\/\\\/likeink.com\\\/sv\\\/?s={search_term_string}\"},\"query-input\":{\"@type\":\"PropertyValueSpecification\",\"valueRequired\":true,\"valueName\":\"search_term_string\"}}],\"inLanguage\":\"sv-SE\"}]}<\/script>\n<!-- \/ Yoast SEO Premium plugin. -->","yoast_head_json":{"title":"K\u00f6p snygga faketatueringar | Ser realistiska ut - Like ink","description":"K\u00f6p snygga faketatueringar med design fr\u00e5n tatueraren Black magic Jake. A5 ark med tatueringar 98 kr. Fri frakt - Like ink","robots":{"index":"index","follow":"follow","max-snippet":"max-snippet:-1","max-image-preview":"max-image-preview:large","max-video-preview":"max-video-preview:-1"},"canonical":"https:\/\/likeink.com\/sv\/gnuggisar\/flash-expressions-by-wimans-tattoo\/","og_locale":"sv_SE","og_type":"article","og_title":"Flash \"Expressions\" by Wimans Tattoo","og_description":"V\u00e5ra f\u00e4rdiga ark med dessa snygga eng\u00e5ngstatueringar \u00e4r cirka 20\u00d715 cm stora och fyllda med designen du ser p\u00e5 bilden. Vi trycker och skickar ditt ark med eng\u00e5ngstatueringar inom 24 timmar efter det att du best\u00e4llt. Det h\u00e4r arket \u00e4r designat av den grymma tatueraren Jacob Wiman p\u00e5 Wimans Tattoo i Karlshamn. Riktigt kul att erbjuda konst fr\u00e5n Jake som dessutom har gaddat mig p\u00e5 riktigt. Eng\u00e5ngstatueringar Flash 5 av @blackmagicjake This is Jake: I\u2019m a second generation tattooer that\u2019s been running a business since 2010. But I\u2019ve grown up in and around a tattoo shop. I\u2019ve recently just moved from Malm\u00f6 where I\u2019ve worked for the past five years. I\u2019m coming home to my home town, Karlshamn to start a new tattoo shop! Throughout the years I\u2019ve travelled the world to attend conventions and to do guest spots. I\u2019ve won a few tattoo competitions, seen some beautiful places, had a little too much wine on occasions, shared some delicious food but most importantly had a lot of fun meeting all the beautiful people of the industry. I hope you enjoy my artwork! They\u2019re a selection of all sketches that have become tattoos that I\u2019ve made on people through the years!  Love Jacob Wiman  Get in touch with Jake:  Instagram:   @blackmagicjake  Studio:  Wimans Tattoo  Adress:  Norra Fogdelyckegatan 33, 374 38 Karlshamn  Hemsida: https:\/\/wimanstattoo.com","og_url":"https:\/\/likeink.com\/sv\/gnuggisar\/flash-expressions-by-wimans-tattoo\/","og_site_name":"Like ink","article_publisher":"https:\/\/www.facebook.com\/LikeInkSe","article_modified_time":"2026-04-14T13:55:16+00:00","og_image":[{"width":2481,"height":1749,"url":"https:\/\/likeink.com\/wp-content\/uploads\/2026\/03\/WimanTattoo-Flash-unicorn-Likeink.jpg","type":"image\/jpeg"}],"twitter_card":"summary_large_image","twitter_misc":{"Ber\u00e4knad l\u00e4stid":"1 minut"},"schema":{"@context":"https:\/\/schema.org","@graph":[{"@type":"WebPage","@id":"https:\/\/likeink.com\/sv\/gnuggisar\/flash-expressions-by-wimans-tattoo\/","url":"https:\/\/likeink.com\/sv\/gnuggisar\/flash-expressions-by-wimans-tattoo\/","name":"K\u00f6p snygga faketatueringar | Ser realistiska ut - Like ink","isPartOf":{"@id":"https:\/\/likeink.com\/sv\/#website"},"primaryImageOfPage":{"@id":"https:\/\/likeink.com\/sv\/gnuggisar\/flash-expressions-by-wimans-tattoo\/#primaryimage"},"image":{"@id":"https:\/\/likeink.com\/sv\/gnuggisar\/flash-expressions-by-wimans-tattoo\/#primaryimage"},"thumbnailUrl":"https:\/\/likeink.com\/wp-content\/uploads\/2026\/03\/WimanTattoo-Flash-unicorn-Likeink.jpg","datePublished":"2020-12-07T15:35:39+00:00","dateModified":"2026-04-14T13:55:16+00:00","description":"K\u00f6p snygga faketatueringar med design fr\u00e5n tatueraren Black magic Jake. A5 ark med tatueringar 98 kr. Fri frakt - Like ink","breadcrumb":{"@id":"https:\/\/likeink.com\/sv\/gnuggisar\/flash-expressions-by-wimans-tattoo\/#breadcrumb"},"inLanguage":"sv-SE","potentialAction":[{"@type":"ReadAction","target":["https:\/\/likeink.com\/sv\/gnuggisar\/flash-expressions-by-wimans-tattoo\/"]}]},{"@type":"ImageObject","inLanguage":"sv-SE","@id":"https:\/\/likeink.com\/sv\/gnuggisar\/flash-expressions-by-wimans-tattoo\/#primaryimage","url":"https:\/\/likeink.com\/wp-content\/uploads\/2026\/03\/WimanTattoo-Flash-unicorn-Likeink.jpg","contentUrl":"https:\/\/likeink.com\/wp-content\/uploads\/2026\/03\/WimanTattoo-Flash-unicorn-Likeink.jpg","width":2481,"height":1749,"caption":"Sju f\u00e4rgglada illustrerade masker och huvuden: en svart enh\u00f6rning, lila rymdhj\u00e4lm med gr\u00f6n r\u00f6k, r\u00f6dhornad demon, rytande gr\u00f6n dinosaurie, rund apa med hj\u00e4lm, orange demonmask och en r\u00f6d bl\u00e4ckfisk."},{"@type":"BreadcrumbList","@id":"https:\/\/likeink.com\/sv\/gnuggisar\/flash-expressions-by-wimans-tattoo\/#breadcrumb","itemListElement":[{"@type":"ListItem","position":1,"name":"Hem","item":"https:\/\/likeink.com\/sv\/"},{"@type":"ListItem","position":2,"name":"Webbutik","item":"https:\/\/likeink.com\/sv\/webbutik\/"},{"@type":"ListItem","position":3,"name":"Flash &#8220;Expressions&#8221; by Wimans Tattoo"}]},{"@type":"WebSite","@id":"https:\/\/likeink.com\/sv\/#website","url":"https:\/\/likeink.com\/sv\/","name":"Like ink","description":"Make your own custom design","potentialAction":[{"@type":"SearchAction","target":{"@type":"EntryPoint","urlTemplate":"https:\/\/likeink.com\/sv\/?s={search_term_string}"},"query-input":{"@type":"PropertyValueSpecification","valueRequired":true,"valueName":"search_term_string"}}],"inLanguage":"sv-SE"}]}},"_links":{"self":[{"href":"https:\/\/likeink.com\/sv\/wp-json\/wp\/v2\/product\/4350","targetHints":{"allow":["GET"]}}],"collection":[{"href":"https:\/\/likeink.com\/sv\/wp-json\/wp\/v2\/product"}],"about":[{"href":"https:\/\/likeink.com\/sv\/wp-json\/wp\/v2\/types\/product"}],"wp:featuredmedia":[{"embeddable":true,"href":"https:\/\/likeink.com\/sv\/wp-json\/wp\/v2\/media\/60147"}],"wp:attachment":[{"href":"https:\/\/likeink.com\/sv\/wp-json\/wp\/v2\/media?parent=4350"}],"wp:term":[{"taxonomy":"product_brand","embeddable":true,"href":"https:\/\/likeink.com\/sv\/wp-json\/wp\/v2\/product_brand?post=4350"},{"taxonomy":"product_cat","embeddable":true,"href":"https:\/\/likeink.com\/sv\/wp-json\/wp\/v2\/product_cat?post=4350"},{"taxonomy":"product_tag","embeddable":true,"href":"https:\/\/likeink.com\/sv\/wp-json\/wp\/v2\/product_tag?post=4350"}],"curies":[{"name":"wp","href":"https:\/\/api.w.org\/{rel}","templated":true}]}}