{"id":4406,"date":"2020-12-07T21:58:15","date_gmt":"2020-12-07T21:58:15","guid":{"rendered":"https:\/\/likeink.se\/?post_type=product&#038;p=4406"},"modified":"2026-04-28T11:06:12","modified_gmt":"2026-04-28T11:06:12","slug":"flash-2-by-blackmagicjake-at-snyggatatueringar","status":"publish","type":"product","link":"https:\/\/likeink.com\/sv\/gnuggisar\/flash-2-by-blackmagicjake-at-snyggatatueringar\/","title":{"rendered":"Flash &#8220;Spooky Tattoos&#8221; by Wimans Tattoo"},"content":{"rendered":"","protected":false},"excerpt":{"rendered":"<p>V\u00e5ra f\u00e4rdiga ark med eng\u00e5ngstatueringar \u00e4r cirka 20\u00d715 cm stora och fyllda med designen du ser p\u00e5 bilden. Vi trycker och skickar ditt ark med eng\u00e5ngstatueringar inom 24 timmar efter det att du best\u00e4llt.<\/p>\n<h2>Temor\u00e4ra tatueringar Flash &#8220;Spooky Tattoos&#8221; av @blackmagicjake<\/h2>\n<p>Det h\u00e4r arket \u00e4r designat av den grymma tatueraren Jacob Wiman p\u00e5 Wimans Tattoo i Karlshamn. Riktigt kul att erbjuda konst fr\u00e5n Jake som dessutom har gaddat mig p\u00e5 riktigt. Funderar du p\u00e5 att tatuera dig s\u00e5 \u00e4r det en god ide att b\u00f6rja testa dig fram med gnuggisar s\u00e5 att din f\u00f6rsta tatuering blir perfekt.<\/p>\n<p><strong>This is Jake:<\/strong> I\u2019m a second generation tattooer that\u2019s been running a business since 2010. But I\u2019ve grown up in and around a tattoo shop. I\u2019ve recently just moved from Malm\u00f6 where I\u2019ve worked for the past five years. I\u2019m coming home to my home town, Karlshamn to start a new tattoo shop!<br \/>\nThroughout the years I\u2019ve travelled the world to attend conventions and to do guest spots. I\u2019ve won a few tattoo competitions, seen some beautiful places, had a little too much wine on occasions, shared some delicious food but most importantly had a lot of fun meeting all the beautiful people of the industry.<br \/>\nI hope you enjoy my artwork! They\u2019re a selection of all sketches that have become tattoos that I\u2019ve made on people through the years!<\/p>\n<p>Love<br \/>\nJacob Wiman<\/p>\n<p><strong>Get in touch with Jake:<\/strong><\/p>\n<p><strong>Instagram: <\/strong><\/p>\n<p>@blackmagicjake<\/p>\n<p><strong>Studio:<\/strong><\/p>\n<p>Wimans Tattoo<\/p>\n<p><strong>Adress:<\/strong><\/p>\n<p>Norra Fogdelyckegatan 33, 374 38 Karlshamn<\/p>\n<p><strong>Hemsida:<\/strong> www.wimanstattoo.com<\/p>\n","protected":false},"featured_media":60167,"template":"","meta":[],"product_brand":[],"product_cat":[491],"product_tag":[],"class_list":{"0":"post-4406","1":"product","2":"type-product","3":"status-publish","4":"has-post-thumbnail","6":"product_cat-samarbeten-tatuerare","8":"first","9":"instock","10":"taxable","11":"shipping-taxable","12":"purchasable","13":"product-type-simple"},"yoast_head":"<!-- This site is optimized with the Yoast SEO Premium plugin v26.2 (Yoast SEO v27.5) - https:\/\/yoast.com\/product\/yoast-seo-premium-wordpress\/ -->\n<title>K\u00f6p Fake tattoos | Design av Wimans Tattoo - Like ink<\/title>\n<meta name=\"description\" content=\"K\u00f6p Fake tattoos med design fr\u00e5n tatueraren p\u00e5 Wimans Tattoo. Perfekt f\u00f6rsta tatuering - Snabba leveranser &amp; Fri frakt - Like ink\" \/>\n<meta name=\"robots\" content=\"index, follow, max-snippet:-1, max-image-preview:large, max-video-preview:-1\" \/>\n<link rel=\"canonical\" href=\"https:\/\/likeink.com\/sv\/gnuggisar\/flash-2-by-blackmagicjake-at-snyggatatueringar\/\" \/>\n<meta property=\"og:locale\" content=\"sv_SE\" \/>\n<meta property=\"og:type\" content=\"article\" \/>\n<meta property=\"og:title\" content=\"Flash &quot;Spooky Tattoos&quot; by Wimans Tattoo\" \/>\n<meta property=\"og:description\" content=\"V\u00e5ra f\u00e4rdiga ark med eng\u00e5ngstatueringar \u00e4r cirka 20\u00d715 cm stora och fyllda med designen du ser p\u00e5 bilden. Vi trycker och skickar ditt ark med eng\u00e5ngstatueringar inom 24 timmar efter det att du best\u00e4llt. Temor\u00e4ra tatueringar Flash &quot;Spooky Tattoos&quot; av @blackmagicjake Det h\u00e4r arket \u00e4r designat av den grymma tatueraren Jacob Wiman p\u00e5 Wimans Tattoo i Karlshamn. Riktigt kul att erbjuda konst fr\u00e5n Jake som dessutom har gaddat mig p\u00e5 riktigt. Funderar du p\u00e5 att tatuera dig s\u00e5 \u00e4r det en god ide att b\u00f6rja testa dig fram med gnuggisar s\u00e5 att din f\u00f6rsta tatuering blir perfekt.  This is Jake: I\u2019m a second generation tattooer that\u2019s been running a business since 2010. But I\u2019ve grown up in and around a tattoo shop. I\u2019ve recently just moved from Malm\u00f6 where I\u2019ve worked for the past five years. I\u2019m coming home to my home town, Karlshamn to start a new tattoo shop! Throughout the years I\u2019ve travelled the world to attend conventions and to do guest spots. I\u2019ve won a few tattoo competitions, seen some beautiful places, had a little too much wine on occasions, shared some delicious food but most importantly had a lot of fun meeting all the beautiful people of the industry. I hope you enjoy my artwork! They\u2019re a selection of all sketches that have become tattoos that I\u2019ve made on people through the years!  Love Jacob Wiman  Get in touch with Jake:  Instagram:   @blackmagicjake  Studio:  Wimans Tattoo  Adress:  Norra Fogdelyckegatan 33, 374 38 Karlshamn  Hemsida: www.wimanstattoo.com\" \/>\n<meta property=\"og:url\" content=\"https:\/\/likeink.com\/sv\/gnuggisar\/flash-2-by-blackmagicjake-at-snyggatatueringar\/\" \/>\n<meta property=\"og:site_name\" content=\"Like ink\" \/>\n<meta property=\"article:publisher\" content=\"https:\/\/www.facebook.com\/LikeInkSe\" \/>\n<meta property=\"article:modified_time\" content=\"2026-04-28T11:06:12+00:00\" \/>\n<meta property=\"og:image\" content=\"https:\/\/likeink.com\/wp-content\/uploads\/2026\/03\/Wiman-Tattoo-Karlshamn-pentagram-flash-likeink.jpg\" \/>\n\t<meta property=\"og:image:width\" content=\"2481\" \/>\n\t<meta property=\"og:image:height\" content=\"1749\" \/>\n\t<meta property=\"og:image:type\" content=\"image\/jpeg\" \/>\n<meta name=\"twitter:card\" content=\"summary_large_image\" \/>\n<meta name=\"twitter:label1\" content=\"Ber\u00e4knad l\u00e4stid\" \/>\n\t<meta name=\"twitter:data1\" content=\"1 minut\" \/>\n<!-- \/ Yoast SEO Premium plugin. -->","yoast_head_json":{"title":"K\u00f6p Fake tattoos | Design av Wimans Tattoo - Like ink","description":"K\u00f6p Fake tattoos med design fr\u00e5n tatueraren p\u00e5 Wimans Tattoo. Perfekt f\u00f6rsta tatuering - Snabba leveranser & Fri frakt - Like ink","robots":{"index":"index","follow":"follow","max-snippet":"max-snippet:-1","max-image-preview":"max-image-preview:large","max-video-preview":"max-video-preview:-1"},"canonical":"https:\/\/likeink.com\/sv\/gnuggisar\/flash-2-by-blackmagicjake-at-snyggatatueringar\/","og_locale":"sv_SE","og_type":"article","og_title":"Flash \"Spooky Tattoos\" by Wimans Tattoo","og_description":"V\u00e5ra f\u00e4rdiga ark med eng\u00e5ngstatueringar \u00e4r cirka 20\u00d715 cm stora och fyllda med designen du ser p\u00e5 bilden. Vi trycker och skickar ditt ark med eng\u00e5ngstatueringar inom 24 timmar efter det att du best\u00e4llt. Temor\u00e4ra tatueringar Flash \"Spooky Tattoos\" av @blackmagicjake Det h\u00e4r arket \u00e4r designat av den grymma tatueraren Jacob Wiman p\u00e5 Wimans Tattoo i Karlshamn. Riktigt kul att erbjuda konst fr\u00e5n Jake som dessutom har gaddat mig p\u00e5 riktigt. Funderar du p\u00e5 att tatuera dig s\u00e5 \u00e4r det en god ide att b\u00f6rja testa dig fram med gnuggisar s\u00e5 att din f\u00f6rsta tatuering blir perfekt.  This is Jake: I\u2019m a second generation tattooer that\u2019s been running a business since 2010. But I\u2019ve grown up in and around a tattoo shop. I\u2019ve recently just moved from Malm\u00f6 where I\u2019ve worked for the past five years. I\u2019m coming home to my home town, Karlshamn to start a new tattoo shop! Throughout the years I\u2019ve travelled the world to attend conventions and to do guest spots. I\u2019ve won a few tattoo competitions, seen some beautiful places, had a little too much wine on occasions, shared some delicious food but most importantly had a lot of fun meeting all the beautiful people of the industry. I hope you enjoy my artwork! They\u2019re a selection of all sketches that have become tattoos that I\u2019ve made on people through the years!  Love Jacob Wiman  Get in touch with Jake:  Instagram:   @blackmagicjake  Studio:  Wimans Tattoo  Adress:  Norra Fogdelyckegatan 33, 374 38 Karlshamn  Hemsida: www.wimanstattoo.com","og_url":"https:\/\/likeink.com\/sv\/gnuggisar\/flash-2-by-blackmagicjake-at-snyggatatueringar\/","og_site_name":"Like ink","article_publisher":"https:\/\/www.facebook.com\/LikeInkSe","article_modified_time":"2026-04-28T11:06:12+00:00","og_image":[{"width":2481,"height":1749,"url":"https:\/\/likeink.com\/wp-content\/uploads\/2026\/03\/Wiman-Tattoo-Karlshamn-pentagram-flash-likeink.jpg","type":"image\/jpeg"}],"twitter_card":"summary_large_image","twitter_misc":{"Ber\u00e4knad l\u00e4stid":"1 minut"},"schema":{"@context":"https:\/\/schema.org","@graph":[{"@type":"WebPage","@id":"https:\/\/likeink.com\/sv\/gnuggisar\/flash-2-by-blackmagicjake-at-snyggatatueringar\/","url":"https:\/\/likeink.com\/sv\/gnuggisar\/flash-2-by-blackmagicjake-at-snyggatatueringar\/","name":"K\u00f6p Fake tattoos | Design av Wimans Tattoo - Like ink","isPartOf":{"@id":"https:\/\/likeink.com\/sv\/#website"},"primaryImageOfPage":{"@id":"https:\/\/likeink.com\/sv\/gnuggisar\/flash-2-by-blackmagicjake-at-snyggatatueringar\/#primaryimage"},"image":{"@id":"https:\/\/likeink.com\/sv\/gnuggisar\/flash-2-by-blackmagicjake-at-snyggatatueringar\/#primaryimage"},"thumbnailUrl":"https:\/\/likeink.com\/wp-content\/uploads\/2026\/03\/Wiman-Tattoo-Karlshamn-pentagram-flash-likeink.jpg","datePublished":"2020-12-07T21:58:15+00:00","dateModified":"2026-04-28T11:06:12+00:00","description":"K\u00f6p Fake tattoos med design fr\u00e5n tatueraren p\u00e5 Wimans Tattoo. Perfekt f\u00f6rsta tatuering - Snabba leveranser & Fri frakt - Like ink","breadcrumb":{"@id":"https:\/\/likeink.com\/sv\/gnuggisar\/flash-2-by-blackmagicjake-at-snyggatatueringar\/#breadcrumb"},"inLanguage":"sv-SE","potentialAction":[{"@type":"ReadAction","target":["https:\/\/likeink.com\/sv\/gnuggisar\/flash-2-by-blackmagicjake-at-snyggatatueringar\/"]}]},{"@type":"ImageObject","inLanguage":"sv-SE","@id":"https:\/\/likeink.com\/sv\/gnuggisar\/flash-2-by-blackmagicjake-at-snyggatatueringar\/#primaryimage","url":"https:\/\/likeink.com\/wp-content\/uploads\/2026\/03\/Wiman-Tattoo-Karlshamn-pentagram-flash-likeink.jpg","contentUrl":"https:\/\/likeink.com\/wp-content\/uploads\/2026\/03\/Wiman-Tattoo-Karlshamn-pentagram-flash-likeink.jpg","width":2481,"height":1749,"caption":"En samling med sex surrealistiska illustrationer i tatueringsstil, bl.a. djurskallar, stiliserade hund- och katthuvuden, en lykta, pilar med fj\u00e4drar, en sprucken m\u00e4nniskoskalle och en behornad varelse med ljus och sm\u00e4lt vax."},{"@type":"BreadcrumbList","@id":"https:\/\/likeink.com\/sv\/gnuggisar\/flash-2-by-blackmagicjake-at-snyggatatueringar\/#breadcrumb","itemListElement":[{"@type":"ListItem","position":1,"name":"Hem","item":"https:\/\/likeink.com\/sv\/"},{"@type":"ListItem","position":2,"name":"Webbutik","item":"https:\/\/likeink.com\/sv\/webbutik\/"},{"@type":"ListItem","position":3,"name":"Flash &#8220;Spooky Tattoos&#8221; by Wimans Tattoo"}]},{"@type":"WebSite","@id":"https:\/\/likeink.com\/sv\/#website","url":"https:\/\/likeink.com\/sv\/","name":"Like ink","description":"Make your own custom design","potentialAction":[{"@type":"SearchAction","target":{"@type":"EntryPoint","urlTemplate":"https:\/\/likeink.com\/sv\/?s={search_term_string}"},"query-input":{"@type":"PropertyValueSpecification","valueRequired":true,"valueName":"search_term_string"}}],"inLanguage":"sv-SE"}]}},"_links":{"self":[{"href":"https:\/\/likeink.com\/sv\/wp-json\/wp\/v2\/product\/4406","targetHints":{"allow":["GET"]}}],"collection":[{"href":"https:\/\/likeink.com\/sv\/wp-json\/wp\/v2\/product"}],"about":[{"href":"https:\/\/likeink.com\/sv\/wp-json\/wp\/v2\/types\/product"}],"wp:featuredmedia":[{"embeddable":true,"href":"https:\/\/likeink.com\/sv\/wp-json\/wp\/v2\/media\/60167"}],"wp:attachment":[{"href":"https:\/\/likeink.com\/sv\/wp-json\/wp\/v2\/media?parent=4406"}],"wp:term":[{"taxonomy":"product_brand","embeddable":true,"href":"https:\/\/likeink.com\/sv\/wp-json\/wp\/v2\/product_brand?post=4406"},{"taxonomy":"product_cat","embeddable":true,"href":"https:\/\/likeink.com\/sv\/wp-json\/wp\/v2\/product_cat?post=4406"},{"taxonomy":"product_tag","embeddable":true,"href":"https:\/\/likeink.com\/sv\/wp-json\/wp\/v2\/product_tag?post=4406"}],"curies":[{"name":"wp","href":"https:\/\/api.w.org\/{rel}","templated":true}]}}