{"id":45647,"date":"2025-06-24T05:53:58","date_gmt":"2025-06-24T05:53:55","guid":{"rendered":"http:\/\/webmasterVirre"},"modified":"2026-04-14T13:42:46","modified_gmt":"2026-04-14T13:42:46","slug":"tattoosheet-2","status":"publish","type":"product","link":"https:\/\/likeink.com\/sv\/gnuggisar\/tattoosheet-2\/","title":{"rendered":"Like ink Tattoo sheet"},"content":{"rendered":"","protected":false},"excerpt":{"rendered":"<p>V\u00e5ra f\u00e4rdiga ark med eng\u00e5ngstatueringar \u00e4r cirka 20&#215;15 cm stora och fyllda med blandade grymma motiv som ett klassiskt ankare, gr\u00f6na svalor, liten diamant och mitt i allt en telefon. Var kreativ och ha s\u00e5 kul med detta tatueringsark. Det \u00e4r lite mindre tatueringar som kan placeras i kluster eller placeras p\u00e5 v\u00e4l valda st\u00e4llen, en diamant bakom \u00f6rat kanske eller en pil p\u00e5 fingret?<\/p>\n<h2>Eng\u00e5ngstatueringar med olika motiv<\/h2>\n<p>Kanske gillar du vad du ser, kanske vill du kvalitetss\u00e4kra innan du l\u00e4gger en st\u00f6rre best\u00e4llning med din egen design. Oavsett s\u00e5 trycker och skickar vi ditt ark med eng\u00e5ngstatueringar inom 24 timmar efter det att du best\u00e4llt.<\/p>\n<p><strong>Antal motiv:<\/strong> 14<br \/>\n<strong>Storlek p\u00e5 st\u00f6rsta motivet:<\/strong> 5.5 cm.<\/p>\n","protected":false},"featured_media":52488,"template":"","meta":[],"product_brand":[],"product_cat":[17,489,492],"product_tag":[],"class_list":{"0":"post-45647","1":"product","2":"type-product","3":"status-publish","4":"has-post-thumbnail","6":"product_cat-fardiga-ark","7":"product_cat-old-school-retro-sv","8":"product_cat-tribal-symboler-runor","10":"first","11":"instock","12":"taxable","13":"shipping-taxable","14":"purchasable","15":"product-type-simple"},"yoast_head":"<!-- This site is optimized with the Yoast SEO Premium plugin v26.2 (Yoast SEO v27.5) - https:\/\/yoast.com\/product\/yoast-seo-premium-wordpress\/ -->\n<title>K\u00f6p fake tattoos online I Ark med blandade motiv - Like ink<\/title>\n<meta name=\"description\" content=\"K\u00f6p Fake tattoos online med blandade motiv i oldschool-anda . Perfekt f\u00f6r dig som \u00e4lskar gnuggisar eller oldschool tattoos - Like ink\" \/>\n<meta name=\"robots\" content=\"index, follow, max-snippet:-1, max-image-preview:large, max-video-preview:-1\" \/>\n<link rel=\"canonical\" href=\"https:\/\/likeink.com\/sv\/gnuggisar\/tattoosheet-2\/\" \/>\n<meta property=\"og:locale\" content=\"sv_SE\" \/>\n<meta property=\"og:type\" content=\"article\" \/>\n<meta property=\"og:title\" content=\"Like ink Tattoo sheet\" \/>\n<meta property=\"og:description\" content=\"V\u00e5ra f\u00e4rdiga ark med eng\u00e5ngstatueringar \u00e4r cirka 20x15 cm stora och fyllda med blandade grymma motiv som ett klassiskt ankare, gr\u00f6na svalor, liten diamant och mitt i allt en telefon. Var kreativ och ha s\u00e5 kul med detta tatueringsark. Det \u00e4r lite mindre tatueringar som kan placeras i kluster eller placeras p\u00e5 v\u00e4l valda st\u00e4llen, en diamant bakom \u00f6rat kanske eller en pil p\u00e5 fingret? Eng\u00e5ngstatueringar med olika motiv Kanske gillar du vad du ser, kanske vill du kvalitetss\u00e4kra innan du l\u00e4gger en st\u00f6rre best\u00e4llning med din egen design. Oavsett s\u00e5 trycker och skickar vi ditt ark med eng\u00e5ngstatueringar inom 24 timmar efter det att du best\u00e4llt.  Antal motiv: 14 Storlek p\u00e5 st\u00f6rsta motivet: 5.5 cm.\" \/>\n<meta property=\"og:url\" content=\"https:\/\/likeink.com\/sv\/gnuggisar\/tattoosheet-2\/\" \/>\n<meta property=\"og:site_name\" content=\"Like ink\" \/>\n<meta property=\"article:publisher\" content=\"https:\/\/www.facebook.com\/LikeInkSe\" \/>\n<meta property=\"article:modified_time\" content=\"2026-04-14T13:42:46+00:00\" \/>\n<meta property=\"og:image\" content=\"https:\/\/likeink.com\/wp-content\/uploads\/2025\/10\/Likeink-TattooSheet-Oldschool-Stars-FakeTattoos-1.jpg\" \/>\n\t<meta property=\"og:image:width\" content=\"1985\" \/>\n\t<meta property=\"og:image:height\" content=\"1400\" \/>\n\t<meta property=\"og:image:type\" content=\"image\/jpeg\" \/>\n<meta name=\"twitter:card\" content=\"summary_large_image\" \/>\n<!-- \/ Yoast SEO Premium plugin. -->","yoast_head_json":{"title":"K\u00f6p fake tattoos online I Ark med blandade motiv - Like ink","description":"K\u00f6p Fake tattoos online med blandade motiv i oldschool-anda . Perfekt f\u00f6r dig som \u00e4lskar gnuggisar eller oldschool tattoos - Like ink","robots":{"index":"index","follow":"follow","max-snippet":"max-snippet:-1","max-image-preview":"max-image-preview:large","max-video-preview":"max-video-preview:-1"},"canonical":"https:\/\/likeink.com\/sv\/gnuggisar\/tattoosheet-2\/","og_locale":"sv_SE","og_type":"article","og_title":"Like ink Tattoo sheet","og_description":"V\u00e5ra f\u00e4rdiga ark med eng\u00e5ngstatueringar \u00e4r cirka 20x15 cm stora och fyllda med blandade grymma motiv som ett klassiskt ankare, gr\u00f6na svalor, liten diamant och mitt i allt en telefon. Var kreativ och ha s\u00e5 kul med detta tatueringsark. Det \u00e4r lite mindre tatueringar som kan placeras i kluster eller placeras p\u00e5 v\u00e4l valda st\u00e4llen, en diamant bakom \u00f6rat kanske eller en pil p\u00e5 fingret? Eng\u00e5ngstatueringar med olika motiv Kanske gillar du vad du ser, kanske vill du kvalitetss\u00e4kra innan du l\u00e4gger en st\u00f6rre best\u00e4llning med din egen design. Oavsett s\u00e5 trycker och skickar vi ditt ark med eng\u00e5ngstatueringar inom 24 timmar efter det att du best\u00e4llt.  Antal motiv: 14 Storlek p\u00e5 st\u00f6rsta motivet: 5.5 cm.","og_url":"https:\/\/likeink.com\/sv\/gnuggisar\/tattoosheet-2\/","og_site_name":"Like ink","article_publisher":"https:\/\/www.facebook.com\/LikeInkSe","article_modified_time":"2026-04-14T13:42:46+00:00","og_image":[{"width":1985,"height":1400,"url":"https:\/\/likeink.com\/wp-content\/uploads\/2025\/10\/Likeink-TattooSheet-Oldschool-Stars-FakeTattoos-1.jpg","type":"image\/jpeg"}],"twitter_card":"summary_large_image","schema":{"@context":"https:\/\/schema.org","@graph":[{"@type":"WebPage","@id":"https:\/\/likeink.com\/sv\/gnuggisar\/tattoosheet-2\/","url":"https:\/\/likeink.com\/sv\/gnuggisar\/tattoosheet-2\/","name":"K\u00f6p fake tattoos online I Ark med blandade motiv - Like ink","isPartOf":{"@id":"https:\/\/likeink.com\/sv\/#website"},"primaryImageOfPage":{"@id":"https:\/\/likeink.com\/sv\/gnuggisar\/tattoosheet-2\/#primaryimage"},"image":{"@id":"https:\/\/likeink.com\/sv\/gnuggisar\/tattoosheet-2\/#primaryimage"},"thumbnailUrl":"https:\/\/likeink.com\/wp-content\/uploads\/2025\/10\/Likeink-TattooSheet-Oldschool-Stars-FakeTattoos-1.jpg","datePublished":"2025-06-24T05:53:55+00:00","dateModified":"2026-04-14T13:42:46+00:00","description":"K\u00f6p Fake tattoos online med blandade motiv i oldschool-anda . Perfekt f\u00f6r dig som \u00e4lskar gnuggisar eller oldschool tattoos - Like ink","breadcrumb":{"@id":"https:\/\/likeink.com\/sv\/gnuggisar\/tattoosheet-2\/#breadcrumb"},"inLanguage":"sv-SE","potentialAction":[{"@type":"ReadAction","target":["https:\/\/likeink.com\/sv\/gnuggisar\/tattoosheet-2\/"]}]},{"@type":"ImageObject","inLanguage":"sv-SE","@id":"https:\/\/likeink.com\/sv\/gnuggisar\/tattoosheet-2\/#primaryimage","url":"https:\/\/likeink.com\/wp-content\/uploads\/2025\/10\/Likeink-TattooSheet-Oldschool-Stars-FakeTattoos-1.jpg","contentUrl":"https:\/\/likeink.com\/wp-content\/uploads\/2025\/10\/Likeink-TattooSheet-Oldschool-Stars-FakeTattoos-1.jpg","width":1985,"height":1400,"caption":"Vintage-tatueringsmotiv med hj\u00e4rtan och sv\u00e4rd, k\u00e4rlekssvalor, d\u00f6dskallar, ankare samt symboler som diamant, ros och telefon."},{"@type":"BreadcrumbList","@id":"https:\/\/likeink.com\/sv\/gnuggisar\/tattoosheet-2\/#breadcrumb","itemListElement":[{"@type":"ListItem","position":1,"name":"Hem","item":"https:\/\/likeink.com\/sv\/"},{"@type":"ListItem","position":2,"name":"Webbutik","item":"https:\/\/likeink.com\/sv\/webbutik\/"},{"@type":"ListItem","position":3,"name":"Like ink Tattoo sheet"}]},{"@type":"WebSite","@id":"https:\/\/likeink.com\/sv\/#website","url":"https:\/\/likeink.com\/sv\/","name":"Like ink","description":"Make your own custom design","potentialAction":[{"@type":"SearchAction","target":{"@type":"EntryPoint","urlTemplate":"https:\/\/likeink.com\/sv\/?s={search_term_string}"},"query-input":{"@type":"PropertyValueSpecification","valueRequired":true,"valueName":"search_term_string"}}],"inLanguage":"sv-SE"}]}},"_links":{"self":[{"href":"https:\/\/likeink.com\/sv\/wp-json\/wp\/v2\/product\/45647","targetHints":{"allow":["GET"]}}],"collection":[{"href":"https:\/\/likeink.com\/sv\/wp-json\/wp\/v2\/product"}],"about":[{"href":"https:\/\/likeink.com\/sv\/wp-json\/wp\/v2\/types\/product"}],"wp:featuredmedia":[{"embeddable":true,"href":"https:\/\/likeink.com\/sv\/wp-json\/wp\/v2\/media\/52488"}],"wp:attachment":[{"href":"https:\/\/likeink.com\/sv\/wp-json\/wp\/v2\/media?parent=45647"}],"wp:term":[{"taxonomy":"product_brand","embeddable":true,"href":"https:\/\/likeink.com\/sv\/wp-json\/wp\/v2\/product_brand?post=45647"},{"taxonomy":"product_cat","embeddable":true,"href":"https:\/\/likeink.com\/sv\/wp-json\/wp\/v2\/product_cat?post=45647"},{"taxonomy":"product_tag","embeddable":true,"href":"https:\/\/likeink.com\/sv\/wp-json\/wp\/v2\/product_tag?post=45647"}],"curies":[{"name":"wp","href":"https:\/\/api.w.org\/{rel}","templated":true}]}}